{"id":10883,"date":"2021-08-12T14:32:28","date_gmt":"2021-08-12T14:32:28","guid":{"rendered":"https:\/\/cliniccenter.co.uk\/?page_id=10883"},"modified":"2024-04-04T12:43:35","modified_gmt":"2024-04-04T12:43:35","slug":"uber-uns","status":"publish","type":"page","link":"https:\/\/cliniccenter.co.uk\/de\/uber-uns\/","title":{"rendered":"\u00dcber Uns"},"content":{"rendered":"\n<p>Clinic Center, registriert in Gro\u00dfbritannien, bietet Haartransplantationen, plastische Chirurgie und kosmetische Zahnmedizin an, die von international anerkannten und talentierten \u00c4rzten modern, genau und effizient durchgef\u00fchrt werden. Wir kombinieren modernste Technologie und fortschrittliche chirurgische Methoden zu erschwinglichen Preisen in der T\u00fcrkei. Alle vom Clinic Center angebotenen Behandlungen werden in Vertragsgesundheitseinrichtungen mit einem Gesundheitstourismus-Genehmigungszertifikat durchgef\u00fchrt. \u00dcber Tausende von Patienten aus Gro\u00dfbritannien, Irland, Deutschland, Italien, den Vereinigten Staaten von Amerika, Kanada, Australien, Neuseeland, dem Nahen Osten, Afrika und vielen anderen L\u00e4ndern wurden von Fachleuten mit Unterst\u00fctzung von Clinic Center behandelt.<\/p>\n\n\n\n<div class=\"wp-block-columns is-layout-flex wp-container-core-columns-is-layout-2 wp-block-columns-is-layout-flex\">\n<div class=\"wp-block-column is-layout-flow wp-block-column-is-layout-flow\" style=\"flex-basis:66.66%\">\n<div class=\"wp-block-columns is-layout-flex wp-container-core-columns-is-layout-1 wp-block-columns-is-layout-flex\">\n<div class=\"wp-block-column is-layout-flow wp-block-column-is-layout-flow\">\n<p>Das Clinic Center Team umfasst renommierte und bestens ausgebildete Chirurgen und Spezialisten. Unsere \u00dcberzeugung ist es, qualitativ hochwertige Dienstleistungen mit erschwinglichen Preisen durch qualifizierte medizinische Teams in fortschrittlichen Krankenh\u00e4usern mit Spitzentechnologien bereitzustellen, die f\u00fcr alle Patienten beste Ergebnisse garantieren. Alle Behandlungen werden in international anerkannten Krankenh\u00e4usern durchgef\u00fchrt. Die gesamte Ausstattung; Die \u00c4rzte, Hausmeister, das Personal und der allgemeine Zustand des Krankenhauses sowie alle Prozesse werden von internationalen medizinischen Gremien und dem t\u00fcrkischen Gesundheitsministerium regelm\u00e4\u00dfig \u00fcberpr\u00fcft und genehmigt.<\/p>\n\n\n\n<p>Als Preistr\u00e4ger des Best Costumer Service, das von WhatClinic.com verliehen wurde, arbeitet das Clinic Center Patientenservice rund um die Uhr, um Behandlungen mit h\u00f6chster Qualit\u00e4t anbieten zu k\u00f6nnen. Da es sich um ein in Gro\u00dfbritannien ans\u00e4ssiges Unternehmen handelt, ist ein Teil unseres Teams bereit, Sie durch pers\u00f6nliche Beratungen in unserem Londoner B\u00fcro zu unterst\u00fctzen. Mit Beginn der Beratung wird Ihre Reise von unserem professionellen Team beobachtet und unterst\u00fctzt. Jedes Mitglied unseres Teams investiert Zeit in pers\u00f6nliche Beziehungen und trifft auf durchdachte Entscheidungen mit unseren Patienten.&nbsp;<\/p>\n\n\n\n<p>Nach den Behandlungen in der T\u00fcrkei bleiben wir mit den Patienten in Kontakt und unterst\u00fctzen sie bei der Nachsorge aus der T\u00fcrkei. Das Clinic Center Team gibt sein Bestes, damit die Patienten den besten Service erhalten und sich wie zu Hause f\u00fchlen, w\u00e4hrend sie ihnen dabei helfen, das ultimative Aussehen zu erzielen.<\/p>\n<\/div>\n<\/div>\n<\/div>\n\n\n\n<div class=\"wp-block-column is-layout-flow wp-block-column-is-layout-flow\" style=\"flex-basis:33.33%\">\n<figure class=\"wp-block-image alignright size-full is-resized is-style-default\"><img decoding=\"async\" width=\"350\" height=\"411\" src=\"https:\/\/cliniccenter.co.uk\/wp-content\/uploads\/2023\/11\/clinic-center-image-1.webp\" alt=\"\" class=\"wp-image-47757 skip-lazy\" srcset=\"https:\/\/cliniccenter.co.uk\/wp-content\/uploads\/2023\/11\/clinic-center-image-1.webp 350w, https:\/\/cliniccenter.co.uk\/wp-content\/uploads\/2023\/11\/clinic-center-image-1-255x300.webp 255w\" sizes=\"(max-width: 350px) 100vw, 350px\" \/><\/figure>\n<\/div>\n<\/div>\n\n\n\n<p>Clinic Center ist eine Einrichtung der Ada Saglik Seyahat Saglik Turizmi und Danismanligi Ltd. Sti.<\/p>\n\n\n\n<div class=\"wp-block-columns is-layout-flex wp-container-core-columns-is-layout-3 wp-block-columns-is-layout-flex\">\n<div class=\"wp-block-column is-layout-flow wp-block-column-is-layout-flow\" style=\"flex-basis:25%\"><\/div>\n\n\n\n<div class=\"wp-block-column is-layout-flow wp-block-column-is-layout-flow\" style=\"flex-basis:50%\"><figure class=\"wp-block-embed is-type-video is-provider-youtube wp-block-embed-youtube wp-embed-aspect-16-9 wp-has-aspect-ratio\">\n<div class=\"wp-block-embed__wrapper\">\n<div class=\"ast-oembed-container \" style=\"height: 100%;\"><iframe title=\"Interview with CEO of Clinic Center I Dr. Alex George Visits Clinic Center I  Clinic Center Turkey\" width=\"500\" height=\"281\" src=\"https:\/\/www.youtube.com\/embed\/JX0EVNd37QM?feature=oembed\" frameborder=\"0\" allow=\"accelerometer; autoplay; clipboard-write; encrypted-media; gyroscope; picture-in-picture; web-share\" referrerpolicy=\"strict-origin-when-cross-origin\" allowfullscreen><\/iframe><\/div>\n<\/div>\n<\/figure>\n<\/div>\n\n\n\n<div class=\"wp-block-column is-layout-flow wp-block-column-is-layout-flow\" style=\"flex-basis:25%\"><\/div>\n<\/div>\n","protected":false},"excerpt":{"rendered":"<p>Clinic Center, registriert in Gro\u00dfbritannien, bietet Haartransplantationen, plastische Chirurgie und kosmetische Zahnmedizin an, die von international anerkannten und talentierten \u00c4rzten modern, genau und effizient durchgef\u00fchrt werden. Wir kombinieren modernste Technologie und fortschrittliche chirurgische Methoden zu erschwinglichen Preisen in der T\u00fcrkei. Alle vom Clinic Center angebotenen Behandlungen werden in Vertragsgesundheitseinrichtungen mit einem Gesundheitstourismus-Genehmigungszertifikat durchgef\u00fchrt. \u00dcber Tausende [&hellip;]<\/p>\n","protected":false},"author":2,"featured_media":0,"parent":0,"menu_order":0,"comment_status":"closed","ping_status":"closed","template":"","meta":{"_uag_custom_page_level_css":"","_lmt_disableupdate":"no","_lmt_disable":"","site-sidebar-layout":"default","site-content-layout":"default","ast-site-content-layout":"default","site-content-style":"default","site-sidebar-style":"default","ast-global-header-display":"","ast-banner-title-visibility":"","ast-main-header-display":"","ast-hfb-above-header-display":"","ast-hfb-below-header-display":"","ast-hfb-mobile-header-display":"","site-post-title":"","ast-breadcrumbs-content":"","ast-featured-img":"","footer-sml-layout":"","theme-transparent-header-meta":"default","adv-header-id-meta":"","stick-header-meta":"","header-above-stick-meta":"","header-main-stick-meta":"","header-below-stick-meta":"","astra-migrate-meta-layouts":"set","ast-page-background-enabled":"default","ast-page-background-meta":{"desktop":{"background-color":"","background-image":"","background-repeat":"repeat","background-position":"center center","background-size":"auto","background-attachment":"scroll","background-type":"","background-media":"","overlay-type":"","overlay-color":"","overlay-opacity":"","overlay-gradient":""},"tablet":{"background-color":"","background-image":"","background-repeat":"repeat","background-position":"center center","background-size":"auto","background-attachment":"scroll","background-type":"","background-media":"","overlay-type":"","overlay-color":"","overlay-opacity":"","overlay-gradient":""},"mobile":{"background-color":"","background-image":"","background-repeat":"repeat","background-position":"center center","background-size":"auto","background-attachment":"scroll","background-type":"","background-media":"","overlay-type":"","overlay-color":"","overlay-opacity":"","overlay-gradient":""}},"ast-content-background-meta":{"desktop":{"background-color":"var(--ast-global-color-5)","background-image":"","background-repeat":"repeat","background-position":"center center","background-size":"auto","background-attachment":"scroll","background-type":"","background-media":"","overlay-type":"","overlay-color":"","overlay-opacity":"","overlay-gradient":""},"tablet":{"background-color":"var(--ast-global-color-5)","background-image":"","background-repeat":"repeat","background-position":"center center","background-size":"auto","background-attachment":"scroll","background-type":"","background-media":"","overlay-type":"","overlay-color":"","overlay-opacity":"","overlay-gradient":""},"mobile":{"background-color":"var(--ast-global-color-5)","background-image":"","background-repeat":"repeat","background-position":"center center","background-size":"auto","background-attachment":"scroll","background-type":"","background-media":"","overlay-type":"","overlay-color":"","overlay-opacity":"","overlay-gradient":""}},"footnotes":""},"class_list":["post-10883","page","type-page","status-publish","hentry"],"yoast_head":"<!-- This site is optimized with the Yoast SEO plugin v25.3.1 - https:\/\/yoast.com\/wordpress\/plugins\/seo\/ -->\n<title>\u00dcber Uns | Beste Haarstransplantationsklinik in der Turkei<\/title>\n<meta name=\"description\" content=\"Clinic Center bietet erfolgreiche plastische und aesthetische Chirurgie, Haartransplantation und Zahnbehandlungen mit sehr erfolgreichen Endergebnissen und Alles inklusive Pakettangebote mit erschwinglichen Preisen.Dank der Leistungsqualitaet, vef\u00fcgt Clinic Center \u00fcber zahlreiche Auszeichnungen bez\u00fcglich der sehr hohen Pazientenzufriedenheit.\" \/>\n<meta name=\"robots\" content=\"index, follow, max-snippet:-1, max-image-preview:large, max-video-preview:-1\" \/>\n<link rel=\"canonical\" href=\"https:\/\/cliniccenter.co.uk\/de\/uber-uns\/\" \/>\n<meta property=\"og:locale\" content=\"de_DE\" \/>\n<meta property=\"og:type\" content=\"article\" \/>\n<meta property=\"og:title\" content=\"\u00dcber Uns | Beste Haarstransplantationsklinik in der Turkei\" \/>\n<meta property=\"og:description\" content=\"Clinic Center bietet erfolgreiche plastische und aesthetische Chirurgie, Haartransplantation und Zahnbehandlungen mit sehr erfolgreichen Endergebnissen und Alles inklusive Pakettangebote mit erschwinglichen Preisen.Dank der Leistungsqualitaet, vef\u00fcgt Clinic Center \u00fcber zahlreiche Auszeichnungen bez\u00fcglich der sehr hohen Pazientenzufriedenheit.\" \/>\n<meta property=\"og:url\" content=\"https:\/\/cliniccenter.co.uk\/de\/uber-uns\/\" \/>\n<meta property=\"article:publisher\" content=\"https:\/\/www.facebook.com\/cliniccenter.co.uk\/\" \/>\n<meta property=\"article:modified_time\" content=\"2024-04-04T12:43:35+00:00\" \/>\n<meta property=\"og:image\" content=\"https:\/\/cliniccenter.co.uk\/wp-content\/uploads\/2023\/11\/clinic-center-image-1.webp\" \/>\n<meta name=\"twitter:card\" content=\"summary_large_image\" \/>\n<meta name=\"twitter:site\" content=\"@cliniccenteruk\" \/>\n<meta name=\"twitter:label1\" content=\"Gesch\u00e4tzte Lesezeit\" \/>\n\t<meta name=\"twitter:data1\" content=\"2\u00a0Minuten\" \/>\n<!-- \/ Yoast SEO plugin. -->","yoast_head_json":{"title":"\u00dcber Uns | Beste Haarstransplantationsklinik in der Turkei","description":"Clinic Center bietet erfolgreiche plastische und aesthetische Chirurgie, Haartransplantation und Zahnbehandlungen mit sehr erfolgreichen Endergebnissen und Alles inklusive Pakettangebote mit erschwinglichen Preisen.Dank der Leistungsqualitaet, vef\u00fcgt Clinic Center \u00fcber zahlreiche Auszeichnungen bez\u00fcglich der sehr hohen Pazientenzufriedenheit.","robots":{"index":"index","follow":"follow","max-snippet":"max-snippet:-1","max-image-preview":"max-image-preview:large","max-video-preview":"max-video-preview:-1"},"canonical":"https:\/\/cliniccenter.co.uk\/de\/uber-uns\/","og_locale":"de_DE","og_type":"article","og_title":"\u00dcber Uns | Beste Haarstransplantationsklinik in der Turkei","og_description":"Clinic Center bietet erfolgreiche plastische und aesthetische Chirurgie, Haartransplantation und Zahnbehandlungen mit sehr erfolgreichen Endergebnissen und Alles inklusive Pakettangebote mit erschwinglichen Preisen.Dank der Leistungsqualitaet, vef\u00fcgt Clinic Center \u00fcber zahlreiche Auszeichnungen bez\u00fcglich der sehr hohen Pazientenzufriedenheit.","og_url":"https:\/\/cliniccenter.co.uk\/de\/uber-uns\/","article_publisher":"https:\/\/www.facebook.com\/cliniccenter.co.uk\/","article_modified_time":"2024-04-04T12:43:35+00:00","og_image":[{"url":"https:\/\/cliniccenter.co.uk\/wp-content\/uploads\/2023\/11\/clinic-center-image-1.webp","type":"","width":"","height":""}],"twitter_card":"summary_large_image","twitter_site":"@cliniccenteruk","twitter_misc":{"Gesch\u00e4tzte Lesezeit":"2\u00a0Minuten"},"schema":{"@context":"https:\/\/schema.org","@graph":[{"@type":"WebPage","@id":"https:\/\/cliniccenter.co.uk\/de\/uber-uns\/","url":"https:\/\/cliniccenter.co.uk\/de\/uber-uns\/","name":"\u00dcber Uns | Beste Haarstransplantationsklinik in der Turkei","isPartOf":{"@id":"https:\/\/cliniccenter.co.uk\/ro\/#website"},"primaryImageOfPage":{"@id":"https:\/\/cliniccenter.co.uk\/de\/uber-uns\/#primaryimage"},"image":{"@id":"https:\/\/cliniccenter.co.uk\/de\/uber-uns\/#primaryimage"},"thumbnailUrl":"https:\/\/cliniccenter.co.uk\/wp-content\/uploads\/2023\/11\/clinic-center-image-1.webp","datePublished":"2021-08-12T14:32:28+00:00","dateModified":"2024-04-04T12:43:35+00:00","description":"Clinic Center bietet erfolgreiche plastische und aesthetische Chirurgie, Haartransplantation und Zahnbehandlungen mit sehr erfolgreichen Endergebnissen und Alles inklusive Pakettangebote mit erschwinglichen Preisen.Dank der Leistungsqualitaet, vef\u00fcgt Clinic Center \u00fcber zahlreiche Auszeichnungen bez\u00fcglich der sehr hohen Pazientenzufriedenheit.","breadcrumb":{"@id":"https:\/\/cliniccenter.co.uk\/de\/uber-uns\/#breadcrumb"},"inLanguage":"de","potentialAction":[{"@type":"ReadAction","target":["https:\/\/cliniccenter.co.uk\/de\/uber-uns\/"]}]},{"@type":"ImageObject","inLanguage":"de","@id":"https:\/\/cliniccenter.co.uk\/de\/uber-uns\/#primaryimage","url":"https:\/\/cliniccenter.co.uk\/wp-content\/uploads\/2023\/11\/clinic-center-image-1.webp","contentUrl":"https:\/\/cliniccenter.co.uk\/wp-content\/uploads\/2023\/11\/clinic-center-image-1.webp"},{"@type":"BreadcrumbList","@id":"https:\/\/cliniccenter.co.uk\/de\/uber-uns\/#breadcrumb","itemListElement":[{"@type":"ListItem","position":1,"name":"Home","item":"https:\/\/cliniccenter.co.uk\/de\/"},{"@type":"ListItem","position":2,"name":"\u00dcber Uns"}]},{"@type":"WebSite","@id":"https:\/\/cliniccenter.co.uk\/ro\/#website","url":"https:\/\/cliniccenter.co.uk\/ro\/","name":"","description":"","potentialAction":[{"@type":"SearchAction","target":{"@type":"EntryPoint","urlTemplate":"https:\/\/cliniccenter.co.uk\/ro\/?s={search_term_string}"},"query-input":{"@type":"PropertyValueSpecification","valueRequired":true,"valueName":"search_term_string"}}],"inLanguage":"de"}]}},"uagb_featured_image_src":{"full":false,"thumbnail":false,"medium":false,"medium_large":false,"large":false,"1536x1536":false,"2048x2048":false},"uagb_author_info":{"display_name":"Sertac Ceki","author_link":"https:\/\/cliniccenter.co.uk\/de\/blog\/author\/sertaccliniccenter-co-uk\/"},"uagb_comment_info":0,"uagb_excerpt":"Clinic Center, registriert in Gro\u00dfbritannien, bietet Haartransplantationen, plastische Chirurgie und kosmetische Zahnmedizin an, die von international anerkannten und talentierten \u00c4rzten modern, genau und effizient durchgef\u00fchrt werden. Wir kombinieren modernste Technologie und fortschrittliche chirurgische Methoden zu erschwinglichen Preisen in der T\u00fcrkei. Alle vom Clinic Center angebotenen Behandlungen werden in Vertragsgesundheitseinrichtungen mit einem Gesundheitstourismus-Genehmigungszertifikat durchgef\u00fchrt. \u00dcber Tausende&hellip;","_links":{"self":[{"href":"https:\/\/cliniccenter.co.uk\/de\/wp-json\/wp\/v2\/pages\/10883"}],"collection":[{"href":"https:\/\/cliniccenter.co.uk\/de\/wp-json\/wp\/v2\/pages"}],"about":[{"href":"https:\/\/cliniccenter.co.uk\/de\/wp-json\/wp\/v2\/types\/page"}],"author":[{"embeddable":true,"href":"https:\/\/cliniccenter.co.uk\/de\/wp-json\/wp\/v2\/users\/2"}],"replies":[{"embeddable":true,"href":"https:\/\/cliniccenter.co.uk\/de\/wp-json\/wp\/v2\/comments?post=10883"}],"version-history":[{"count":12,"href":"https:\/\/cliniccenter.co.uk\/de\/wp-json\/wp\/v2\/pages\/10883\/revisions"}],"predecessor-version":[{"id":51205,"href":"https:\/\/cliniccenter.co.uk\/de\/wp-json\/wp\/v2\/pages\/10883\/revisions\/51205"}],"wp:attachment":[{"href":"https:\/\/cliniccenter.co.uk\/de\/wp-json\/wp\/v2\/media?parent=10883"}],"curies":[{"name":"wp","href":"https:\/\/api.w.org\/{rel}","templated":true}]}}