{"id":18807,"date":"2015-07-20T12:09:29","date_gmt":"2015-07-20T12:09:29","guid":{"rendered":"https:\/\/cliniccenter.co.uk\/contact-us\/"},"modified":"2025-12-17T07:49:24","modified_gmt":"2025-12-17T07:49:24","slug":"kontaktieren-sie-uns","status":"publish","type":"page","link":"https:\/\/cliniccenter.co.uk\/de\/kontaktieren-sie-uns\/","title":{"rendered":"Kontaktieren Sie uns"},"content":{"rendered":"\n<div class=\"wp-block-columns is-layout-flex wp-container-core-columns-is-layout-1 wp-block-columns-is-layout-flex\">\n<div class=\"wp-block-column is-layout-flow wp-block-column-is-layout-flow\">\n<h2 class=\"wp-block-heading\">Kontakt Form<\/h2>\n\n\n\n<p>Bitte senden Sie uns Ihre Kontaktdaten mit Ihren aktuellen Bildern, damit unser \u00c4rzteteam Ihre Bilder bewerten kann. Anschlie\u00dfend werden wir Ihnen innerhalb eines Werktages einen individuellen Behandlungsplan anbieten. Alternativ k\u00f6nnen Sie uns auch telefonisch unter +44 20 39969247 erreichen.<\/p>\n\n\n\n<p>Bitte laden Sie Ihre Bilder oder Testergebnisse \u00fcber Ihre Behandlung hoch<\/p>\n\n\n\n<p>Ausw\u00e4hlen \u2013 nicht ausgew\u00e4hlt<\/p>\n\n\n\n<div class=\"wpcf7 no-js\" id=\"wpcf7-f18809-o1\" lang=\"en-US\" dir=\"ltr\" data-wpcf7-id=\"18809\">\n<div class=\"screen-reader-response\"><p role=\"status\" aria-live=\"polite\" aria-atomic=\"true\"><\/p> <ul><\/ul><\/div>\n<form action=\"\/de\/wp-json\/wp\/v2\/pages\/18807#wpcf7-f18809-o1\" method=\"post\" class=\"wpcf7-form init\" aria-label=\"Contact form\" enctype=\"multipart\/form-data\" novalidate=\"novalidate\" data-status=\"init\">\n<div style=\"display: none;\">\n<input type=\"hidden\" name=\"_wpcf7\" value=\"18809\" \/>\n<input type=\"hidden\" name=\"_wpcf7_version\" value=\"6.0.6\" \/>\n<input type=\"hidden\" name=\"_wpcf7_locale\" value=\"en_US\" \/>\n<input type=\"hidden\" name=\"_wpcf7_unit_tag\" value=\"wpcf7-f18809-o1\" \/>\n<input type=\"hidden\" name=\"_wpcf7_container_post\" value=\"0\" \/>\n<input type=\"hidden\" name=\"_wpcf7_posted_data_hash\" value=\"\" \/>\n<\/div>\n<p>Name<br \/>\n<span class=\"wpcf7-form-control-wrap\" data-name=\"Name\"><input size=\"40\" maxlength=\"400\" class=\"wpcf7-form-control wpcf7-text wpcf7-validates-as-required\" aria-required=\"true\" aria-invalid=\"false\" value=\"\" type=\"text\" name=\"Name\" \/><\/span>\n<\/p>\n<p>Email<br \/>\n<span class=\"wpcf7-form-control-wrap\" data-name=\"Email\"><input size=\"40\" maxlength=\"400\" class=\"wpcf7-form-control wpcf7-email wpcf7-validates-as-required wpcf7-text wpcf7-validates-as-email\" aria-required=\"true\" aria-invalid=\"false\" value=\"\" type=\"email\" name=\"Email\" \/><\/span>\n<\/p>\n<p>Land<br \/>\n<span class=\"wpcf7-form-control-wrap\" data-name=\"Country\"><input size=\"40\" maxlength=\"400\" class=\"wpcf7-form-control wpcf7-text wpcf7-validates-as-required\" aria-required=\"true\" aria-invalid=\"false\" value=\"\" type=\"text\" name=\"Country\" \/><\/span>\n<\/p>\n<p>Wo haben Sie uns gefunden?<br \/>\n<span class=\"wpcf7-form-control-wrap\" data-name=\"Where\"><input size=\"40\" maxlength=\"400\" class=\"wpcf7-form-control wpcf7-text\" aria-invalid=\"false\" value=\"\" type=\"text\" name=\"Where\" \/><\/span>\n<\/p>\n<p>Behandlung\n<\/p>\n<p><span class=\"wpcf7-form-control-wrap\" data-name=\"Treatment\"><select class=\"wpcf7-form-control wpcf7-select wpcf7-validates-as-required\" aria-required=\"true\" aria-invalid=\"false\" multiple=\"multiple\" name=\"Treatment[]\"><option value=\"Haartransplantation\">Haartransplantation<\/option><option value=\"Brustvergr\u00f6\u00dferung\">Brustvergr\u00f6\u00dferung<\/option><option value=\"Bruststraffung\">Bruststraffung<\/option><option value=\"Brustverkleinerung\">Brustverkleinerung<\/option><option value=\"Fettabsaugung\">Fettabsaugung<\/option><option value=\"Bauchstraffung\">Bauchstraffung<\/option><option value=\"Nasenkorrektur\">Nasenkorrektur<\/option><option value=\"Gesichtsstraffung\">Gesichtsstraffung<\/option><option value=\"Augenlidkorrektur\">Augenlidkorrektur<\/option><option value=\"Po-Vergr\u00f6\u00dferung\">Po-Vergr\u00f6\u00dferung<\/option><option value=\"Zahnkronen\">Zahnkronen<\/option><option value=\"Zahnverblendungen\">Zahnverblendungen<\/option><option value=\"Zahnimplantate\">Zahnimplantate<\/option><option value=\"Andere\">Andere<\/option><\/select><\/span>\n<\/p>\n<p>Telefonnummer<br \/>\n<span class=\"wpcf7-form-control-wrap\" data-name=\"PhoneNumber\"><input size=\"40\" maxlength=\"400\" class=\"wpcf7-form-control wpcf7-tel wpcf7-text wpcf7-validates-as-tel\" aria-invalid=\"false\" value=\"Einschlie\u00dflich L\u00e4ndercode\" type=\"tel\" name=\"PhoneNumber\" \/><\/span>\n<\/p>\n<p>Bitte laden Sie Ihre Bilder oder Testergebnisse \u00fcber Ihre Behandlung hoch<br \/>\n<span class=\"wpcf7-form-control-wrap\" data-name=\"Attachments\"><input size=\"40\" class=\"wpcf7-form-control wpcf7-file\" accept=\"audio\/*,video\/*,image\/*\" aria-invalid=\"false\" type=\"file\" name=\"Attachments\" \/><\/span><br \/>\n<span class=\"wpcf7-form-control-wrap\" data-name=\"Attachments2\"><input size=\"40\" class=\"wpcf7-form-control wpcf7-file\" accept=\"audio\/*,video\/*,image\/*\" aria-invalid=\"false\" type=\"file\" name=\"Attachments2\" \/><\/span><br \/>\n<span class=\"wpcf7-form-control-wrap\" data-name=\"Attachments3\"><input size=\"40\" class=\"wpcf7-form-control wpcf7-file\" accept=\"audio\/*,video\/*,image\/*\" aria-invalid=\"false\" type=\"file\" name=\"Attachments3\" \/><\/span>\n<\/p>\n<p>Nachricht\n<\/p>\n<p><span class=\"wpcf7-form-control-wrap\" data-name=\"Message\"><textarea cols=\"40\" rows=\"4\" maxlength=\"2000\" class=\"wpcf7-form-control wpcf7-textarea\" aria-invalid=\"false\" name=\"Message\"><\/textarea><\/span>\n<\/p>\n<p><span class=\"wpcf7-form-control-wrap\" data-name=\"approve-check\"><span class=\"wpcf7-form-control wpcf7-checkbox\"><span class=\"wpcf7-list-item first last\"><input type=\"checkbox\" name=\"approve-check[]\" value=\"I\u2019d like to receive email updates and newsletters.\" \/><span class=\"wpcf7-list-item-label\">I\u2019d like to receive email updates and newsletters.<\/span><\/span><\/span><\/span>\n<\/p>\n<p><div class=\"cf7-cf-turnstile\" style=\"margin-top: 0px; margin-bottom: -15px;\"> <div id=\"cf-turnstile-cf7-422766579\" class=\"cf-turnstile\" data-sitekey=\"0x4AAAAAAAMc9haAStrzwgEc\" data-theme=\"light\" data-language=\"auto\" data-size=\"normal\" data-retry=\"auto\" data-retry-interval=\"1000\" data-refresh-expired=\"auto\" data-action=\"contact-form-7\" data-appearance=\"always\"><\/div> <script>document.addEventListener(\"DOMContentLoaded\", function() { setTimeout(function(){ var e=document.getElementById(\"cf-turnstile-cf7-422766579\"); e&&!e.innerHTML.trim()&&(turnstile.remove(\"#cf-turnstile-cf7-422766579\"), turnstile.render(\"#cf-turnstile-cf7-422766579\", {sitekey:\"0x4AAAAAAAMc9haAStrzwgEc\"})); }, 100); });<\/script> <br class=\"cf-turnstile-br cf-turnstile-br-cf7-422766579\"> <style>#cf-turnstile-cf7-422766579 { margin-left: -15px; }<\/style> <script>document.addEventListener(\"DOMContentLoaded\",function(){document.querySelectorAll('.wpcf7-form').forEach(function(e){e.addEventListener('submit',function(){if(document.getElementById('cf-turnstile-cf7-422766579')){setTimeout(function(){turnstile.reset('#cf-turnstile-cf7-422766579');},1000)}})})});<\/script> <\/div><br\/><input class=\"wpcf7-form-control wpcf7-submit has-spinner\" type=\"submit\" value=\"Senden\" \/>\n<\/p><p style=\"display: none !important;\" class=\"akismet-fields-container\" data-prefix=\"_wpcf7_ak_\"><label>&#916;<textarea name=\"_wpcf7_ak_hp_textarea\" cols=\"45\" rows=\"8\" maxlength=\"100\"><\/textarea><\/label><input type=\"hidden\" id=\"ak_js_1\" name=\"_wpcf7_ak_js\" value=\"143\"\/><script>document.getElementById( \"ak_js_1\" ).setAttribute( \"value\", ( new Date() ).getTime() );<\/script><\/p><div class=\"wpcf7-response-output\" aria-hidden=\"true\"><\/div>\n<\/form>\n<\/div>\n\n<\/div>\n\n\n\n<div class=\"wp-block-column is-layout-flow wp-block-column-is-layout-flow\">\n<h2 class=\"wp-block-heading\">Unser B\u00fcro in Izmir<\/h2>\n\n\n\n<p><strong><strong>Adresse&nbsp;<\/strong>:&nbsp;<\/strong>Cumhuriyet Bulvar\u0131 Muzaffer Bey \u0130\u015f Han\u0131 No:88 Kat:6 Daire:601 Konak\/\u0130ZM\u0130R<\/p>\n\n\n\n<iframe src=\"https:\/\/www.google.com\/maps\/embed?pb=!1m18!1m12!1m3!1d3125.6999505131635!2d27.130425815735425!3d38.42529847964628!2m3!1f0!2f0!3f0!3m2!1i1024!2i768!4f13.1!3m3!1m2!1s0x14bbd8fb88a817bf%3A0x8ce044ffc1cf90bc!2zTXV6YWZmZXIgQmV5IMSwxZ8gSGFuxLE!5e0!3m2!1str!2str!4v1517817430250\" width=\"100%\" height=\"350\" frameborder=\"0\" style=\"border:0\" allowfullscreen=\"\"><\/iframe>\n<\/div>\n<\/div>\n","protected":false},"excerpt":{"rendered":"<p>Kontakt Form Bitte senden Sie uns Ihre Kontaktdaten mit Ihren aktuellen Bildern, damit unser \u00c4rzteteam Ihre Bilder bewerten kann. Anschlie\u00dfend werden wir Ihnen innerhalb eines Werktages einen individuellen Behandlungsplan anbieten. Alternativ k\u00f6nnen Sie uns auch telefonisch unter +44 20 39969247 erreichen. Bitte laden Sie Ihre Bilder oder Testergebnisse \u00fcber Ihre Behandlung hoch Ausw\u00e4hlen \u2013 nicht [&hellip;]<\/p>\n","protected":false},"author":1,"featured_media":0,"parent":0,"menu_order":0,"comment_status":"closed","ping_status":"open","template":"","meta":{"_uag_custom_page_level_css":"","_lmt_disableupdate":"no","_lmt_disable":"","site-sidebar-layout":"default","site-content-layout":"default","ast-site-content-layout":"default","site-content-style":"default","site-sidebar-style":"default","ast-global-header-display":"","ast-banner-title-visibility":"","ast-main-header-display":"","ast-hfb-above-header-display":"","ast-hfb-below-header-display":"","ast-hfb-mobile-header-display":"","site-post-title":"","ast-breadcrumbs-content":"","ast-featured-img":"disabled","footer-sml-layout":"","theme-transparent-header-meta":"default","adv-header-id-meta":"","stick-header-meta":"","header-above-stick-meta":"","header-main-stick-meta":"","header-below-stick-meta":"","astra-migrate-meta-layouts":"set","ast-page-background-enabled":"default","ast-page-background-meta":{"desktop":{"background-color":"","background-image":"","background-repeat":"repeat","background-position":"center center","background-size":"auto","background-attachment":"scroll","background-type":"","background-media":"","overlay-type":"","overlay-color":"","overlay-opacity":"","overlay-gradient":""},"tablet":{"background-color":"","background-image":"","background-repeat":"repeat","background-position":"center center","background-size":"auto","background-attachment":"scroll","background-type":"","background-media":"","overlay-type":"","overlay-color":"","overlay-opacity":"","overlay-gradient":""},"mobile":{"background-color":"","background-image":"","background-repeat":"repeat","background-position":"center center","background-size":"auto","background-attachment":"scroll","background-type":"","background-media":"","overlay-type":"","overlay-color":"","overlay-opacity":"","overlay-gradient":""}},"ast-content-background-meta":{"desktop":{"background-color":"var(--ast-global-color-5)","background-image":"","background-repeat":"repeat","background-position":"center center","background-size":"auto","background-attachment":"scroll","background-type":"","background-media":"","overlay-type":"","overlay-color":"","overlay-opacity":"","overlay-gradient":""},"tablet":{"background-color":"var(--ast-global-color-5)","background-image":"","background-repeat":"repeat","background-position":"center center","background-size":"auto","background-attachment":"scroll","background-type":"","background-media":"","overlay-type":"","overlay-color":"","overlay-opacity":"","overlay-gradient":""},"mobile":{"background-color":"var(--ast-global-color-5)","background-image":"","background-repeat":"repeat","background-position":"center center","background-size":"auto","background-attachment":"scroll","background-type":"","background-media":"","overlay-type":"","overlay-color":"","overlay-opacity":"","overlay-gradient":""}},"footnotes":""},"class_list":["post-18807","page","type-page","status-publish","hentry"],"yoast_head":"<!-- This site is optimized with the Yoast SEO plugin v25.3.1 - https:\/\/yoast.com\/wordpress\/plugins\/seo\/ -->\n<title>Kontaktieren Sie uns | Haartransplantationsklinik | Haartransplantation<\/title>\n<meta name=\"description\" content=\"Kontaktieren Sie uns und wir informieren Sie \u00fcber Ihren pers\u00f6nlichen Behandlungsplan f\u00fcr Ihren Haartransplantation, plastischen Chirurgie und Zahnbehandlungen von besten Qualit\u00e4t in der Turkei\" \/>\n<meta name=\"robots\" content=\"index, follow, max-snippet:-1, max-image-preview:large, max-video-preview:-1\" \/>\n<link rel=\"canonical\" href=\"https:\/\/cliniccenter.co.uk\/de\/kontaktieren-sie-uns\/\" \/>\n<meta property=\"og:locale\" content=\"de_DE\" \/>\n<meta property=\"og:type\" content=\"article\" \/>\n<meta property=\"og:title\" content=\"Kontaktieren Sie uns | Haartransplantationsklinik | Haartransplantation\" \/>\n<meta property=\"og:description\" content=\"Kontaktieren Sie uns und wir informieren Sie \u00fcber Ihren pers\u00f6nlichen Behandlungsplan f\u00fcr Ihren Haartransplantation, plastischen Chirurgie und Zahnbehandlungen von besten Qualit\u00e4t in der Turkei\" \/>\n<meta property=\"og:url\" content=\"https:\/\/cliniccenter.co.uk\/de\/kontaktieren-sie-uns\/\" \/>\n<meta property=\"article:publisher\" content=\"https:\/\/www.facebook.com\/cliniccenter.co.uk\/\" \/>\n<meta property=\"article:modified_time\" content=\"2025-12-17T07:49:24+00:00\" \/>\n<meta name=\"twitter:card\" content=\"summary_large_image\" \/>\n<meta name=\"twitter:site\" content=\"@cliniccenteruk\" \/>\n<meta name=\"twitter:label1\" content=\"Gesch\u00e4tzte Lesezeit\" \/>\n\t<meta name=\"twitter:data1\" content=\"1\u00a0Minute\" \/>\n<!-- \/ Yoast SEO plugin. -->","yoast_head_json":{"title":"Kontaktieren Sie uns | Haartransplantationsklinik | Haartransplantation","description":"Kontaktieren Sie uns und wir informieren Sie \u00fcber Ihren pers\u00f6nlichen Behandlungsplan f\u00fcr Ihren Haartransplantation, plastischen Chirurgie und Zahnbehandlungen von besten Qualit\u00e4t in der Turkei","robots":{"index":"index","follow":"follow","max-snippet":"max-snippet:-1","max-image-preview":"max-image-preview:large","max-video-preview":"max-video-preview:-1"},"canonical":"https:\/\/cliniccenter.co.uk\/de\/kontaktieren-sie-uns\/","og_locale":"de_DE","og_type":"article","og_title":"Kontaktieren Sie uns | Haartransplantationsklinik | Haartransplantation","og_description":"Kontaktieren Sie uns und wir informieren Sie \u00fcber Ihren pers\u00f6nlichen Behandlungsplan f\u00fcr Ihren Haartransplantation, plastischen Chirurgie und Zahnbehandlungen von besten Qualit\u00e4t in der Turkei","og_url":"https:\/\/cliniccenter.co.uk\/de\/kontaktieren-sie-uns\/","article_publisher":"https:\/\/www.facebook.com\/cliniccenter.co.uk\/","article_modified_time":"2025-12-17T07:49:24+00:00","twitter_card":"summary_large_image","twitter_site":"@cliniccenteruk","twitter_misc":{"Gesch\u00e4tzte Lesezeit":"1\u00a0Minute"},"schema":{"@context":"https:\/\/schema.org","@graph":[{"@type":"WebPage","@id":"https:\/\/cliniccenter.co.uk\/de\/kontaktieren-sie-uns\/","url":"https:\/\/cliniccenter.co.uk\/de\/kontaktieren-sie-uns\/","name":"Kontaktieren Sie uns | Haartransplantationsklinik | Haartransplantation","isPartOf":{"@id":"https:\/\/cliniccenter.co.uk\/ro\/#website"},"datePublished":"2015-07-20T12:09:29+00:00","dateModified":"2025-12-17T07:49:24+00:00","description":"Kontaktieren Sie uns und wir informieren Sie \u00fcber Ihren pers\u00f6nlichen Behandlungsplan f\u00fcr Ihren Haartransplantation, plastischen Chirurgie und Zahnbehandlungen von besten Qualit\u00e4t in der Turkei","breadcrumb":{"@id":"https:\/\/cliniccenter.co.uk\/de\/kontaktieren-sie-uns\/#breadcrumb"},"inLanguage":"de","potentialAction":[{"@type":"ReadAction","target":["https:\/\/cliniccenter.co.uk\/de\/kontaktieren-sie-uns\/"]}]},{"@type":"BreadcrumbList","@id":"https:\/\/cliniccenter.co.uk\/de\/kontaktieren-sie-uns\/#breadcrumb","itemListElement":[{"@type":"ListItem","position":1,"name":"Home","item":"https:\/\/cliniccenter.co.uk\/de\/"},{"@type":"ListItem","position":2,"name":"Kontaktieren Sie uns"}]},{"@type":"WebSite","@id":"https:\/\/cliniccenter.co.uk\/ro\/#website","url":"https:\/\/cliniccenter.co.uk\/ro\/","name":"","description":"","potentialAction":[{"@type":"SearchAction","target":{"@type":"EntryPoint","urlTemplate":"https:\/\/cliniccenter.co.uk\/ro\/?s={search_term_string}"},"query-input":{"@type":"PropertyValueSpecification","valueRequired":true,"valueName":"search_term_string"}}],"inLanguage":"de"}]}},"uagb_featured_image_src":{"full":false,"thumbnail":false,"medium":false,"medium_large":false,"large":false,"1536x1536":false,"2048x2048":false},"uagb_author_info":{"display_name":"cliniccenter","author_link":"https:\/\/cliniccenter.co.uk\/de\/blog\/author\/cliniccenter\/"},"uagb_comment_info":0,"uagb_excerpt":"Kontakt Form Bitte senden Sie uns Ihre Kontaktdaten mit Ihren aktuellen Bildern, damit unser \u00c4rzteteam Ihre Bilder bewerten kann. Anschlie\u00dfend werden wir Ihnen innerhalb eines Werktages einen individuellen Behandlungsplan anbieten. Alternativ k\u00f6nnen Sie uns auch telefonisch unter +44 20 39969247 erreichen. Bitte laden Sie Ihre Bilder oder Testergebnisse \u00fcber Ihre Behandlung hoch Ausw\u00e4hlen \u2013 nicht&hellip;","_links":{"self":[{"href":"https:\/\/cliniccenter.co.uk\/de\/wp-json\/wp\/v2\/pages\/18807"}],"collection":[{"href":"https:\/\/cliniccenter.co.uk\/de\/wp-json\/wp\/v2\/pages"}],"about":[{"href":"https:\/\/cliniccenter.co.uk\/de\/wp-json\/wp\/v2\/types\/page"}],"author":[{"embeddable":true,"href":"https:\/\/cliniccenter.co.uk\/de\/wp-json\/wp\/v2\/users\/1"}],"replies":[{"embeddable":true,"href":"https:\/\/cliniccenter.co.uk\/de\/wp-json\/wp\/v2\/comments?post=18807"}],"version-history":[{"count":5,"href":"https:\/\/cliniccenter.co.uk\/de\/wp-json\/wp\/v2\/pages\/18807\/revisions"}],"predecessor-version":[{"id":79371,"href":"https:\/\/cliniccenter.co.uk\/de\/wp-json\/wp\/v2\/pages\/18807\/revisions\/79371"}],"wp:attachment":[{"href":"https:\/\/cliniccenter.co.uk\/de\/wp-json\/wp\/v2\/media?parent=18807"}],"curies":[{"name":"wp","href":"https:\/\/api.w.org\/{rel}","templated":true}]}}