{"id":18814,"date":"2018-01-12T12:58:03","date_gmt":"2018-01-12T12:58:03","guid":{"rendered":"https:\/\/cliniccenter.co.uk\/gallery\/"},"modified":"2023-12-13T14:01:43","modified_gmt":"2023-12-13T14:01:43","slug":"galerie","status":"publish","type":"page","link":"https:\/\/cliniccenter.co.uk\/de\/galerie\/","title":{"rendered":"Galerie"},"content":{"rendered":"\n<div class=\"wp-block-columns is-layout-flex wp-container-core-columns-is-layout-1 wp-block-columns-is-layout-flex\">\n<div class=\"wp-block-column is-layout-flow wp-block-column-is-layout-flow\">\n<h3 class=\"wp-block-heading\"><a href=\"https:\/\/cliniccenter.co.uk\/de\/haartransplantation-vorher-nachher-galerie\/\">Haartransplantation Vorher-Nachher-Galerie<\/a><\/h3>\n\n\n\n<figure class=\"wp-block-image size-full skip-lazy\"><img decoding=\"async\" width=\"800\" height=\"433\" src=\"https:\/\/cliniccenter.co.uk\/wp-content\/uploads\/2023\/11\/hair-transplant-picture-1-1.webp\" alt=\"\" class=\"wp-image-47784  skip-lazy\" srcset=\"https:\/\/cliniccenter.co.uk\/wp-content\/uploads\/2023\/11\/hair-transplant-picture-1-1.webp 800w, https:\/\/cliniccenter.co.uk\/wp-content\/uploads\/2023\/11\/hair-transplant-picture-1-1-300x162.webp 300w, https:\/\/cliniccenter.co.uk\/wp-content\/uploads\/2023\/11\/hair-transplant-picture-1-1-768x416.webp 768w\" sizes=\"(max-width: 800px) 100vw, 800px\" \/><\/figure>\n\n\n\n<p><a href=\"https:\/\/cliniccenter.co.uk\/de\/haartransplantation-in-turkey\/\">Haartransplantation in der T\u00fcrkei<\/a><\/p>\n\n\n\n<p><a href=\"https:\/\/cliniccenter.co.uk\/de\/barttransplantation-in-der-turkei\/\">Barttransplantation in der T\u00fcrkei<\/a><\/p>\n<\/div>\n\n\n\n<div class=\"wp-block-column is-layout-flow wp-block-column-is-layout-flow\">\n<h3 class=\"wp-block-heading\"><a href=\"https:\/\/cliniccenter.co.uk\/de\/brustoperationen-vorher-nachher-galerie\/\">Brustoperationen Vorher-Nachher-Galerie<\/a><\/h3>\n\n\n\n<figure class=\"wp-block-image size-large skip-lazy\"><img decoding=\"async\" width=\"1024\" height=\"577\" src=\"https:\/\/cliniccenter.co.uk\/wp-content\/uploads\/2023\/11\/breast-implants-1-1536x865-1-1024x577.webp\" alt=\"\" class=\"wp-image-47790\" srcset=\"https:\/\/cliniccenter.co.uk\/wp-content\/uploads\/2023\/11\/breast-implants-1-1536x865-1-1024x577.webp 1024w, https:\/\/cliniccenter.co.uk\/wp-content\/uploads\/2023\/11\/breast-implants-1-1536x865-1-300x169.webp 300w, https:\/\/cliniccenter.co.uk\/wp-content\/uploads\/2023\/11\/breast-implants-1-1536x865-1-768x433.webp 768w, https:\/\/cliniccenter.co.uk\/wp-content\/uploads\/2023\/11\/breast-implants-1-1536x865-1.webp 1536w\" sizes=\"(max-width: 1024px) 100vw, 1024px\" \/><\/figure>\n\n\n\n<p><a href=\"https:\/\/cliniccenter.co.uk\/de\/brustvergroberung-in-der-turkei\/\">Brustvergr\u00f6\u00dferung in der T\u00fcrkei<\/a><br><br><a href=\"https:\/\/cliniccenter.co.uk\/de\/bruststraffung-in-der-turkei\/\">Bruststraffung in der T\u00fcrkei<\/a><br><br><a href=\"https:\/\/cliniccenter.co.uk\/de\/brustverkleinerung-in-der-turkei\/\">Brustverkleinerung in der T\u00fcrkei<\/a><\/p>\n<\/div>\n\n\n\n<div class=\"wp-block-column is-layout-flow wp-block-column-is-layout-flow\">\n<h3 class=\"wp-block-heading\"><a href=\"https:\/\/cliniccenter.co.uk\/de\/fettabsaugung-bauchstraffung-vorher-nachher-galerie\/\">Fettabsaugung &amp; Bauchstraffung Vorher-Nachher-Galerie<\/a><\/h3>\n\n\n\n<figure class=\"wp-block-image size-full\"><img decoding=\"async\" width=\"1024\" height=\"640\" src=\"https:\/\/cliniccenter.co.uk\/wp-content\/uploads\/2023\/11\/liposuction-1-4.webp\" alt=\"\" class=\"wp-image-48280\" srcset=\"https:\/\/cliniccenter.co.uk\/wp-content\/uploads\/2023\/11\/liposuction-1-4.webp 1024w, https:\/\/cliniccenter.co.uk\/wp-content\/uploads\/2023\/11\/liposuction-1-4-300x188.webp 300w, https:\/\/cliniccenter.co.uk\/wp-content\/uploads\/2023\/11\/liposuction-1-4-768x480.webp 768w\" sizes=\"(max-width: 1024px) 100vw, 1024px\" \/><\/figure>\n\n\n\n<p><a href=\"https:\/\/cliniccenter.co.uk\/de\/fettabsaugung-in-der-turkei\/\">Fettabsaugung in der T\u00fcrkei<\/a><br><br><a href=\"https:\/\/cliniccenter.co.uk\/de\/bauchstraffung-in-der-turkei\/\">Bauchstraffung in der T\u00fcrkei<\/a><br><br><a href=\"https:\/\/cliniccenter.co.uk\/de\/gynakomastie-mannerbrustbehandlung-in-der-turkei\/\">Gyn\u00e4komastie in der T\u00fcrkei<\/a><\/p>\n<\/div>\n\n\n\n<div class=\"wp-block-column is-layout-flow wp-block-column-is-layout-flow\">\n<h3 class=\"wp-block-heading\"><a href=\"https:\/\/cliniccenter.co.uk\/de\/nasenkorrektur-vorher-nachher-galerie\/\">Nasenkorrektur Vorher-Nachher-Galerie<\/a><\/h3>\n\n\n\n<figure class=\"wp-block-image size-full\"><img decoding=\"async\" width=\"900\" height=\"467\" src=\"https:\/\/cliniccenter.co.uk\/wp-content\/uploads\/2023\/11\/nose-surgery-1.webp\" alt=\"\" class=\"wp-image-48285\" srcset=\"https:\/\/cliniccenter.co.uk\/wp-content\/uploads\/2023\/11\/nose-surgery-1.webp 900w, https:\/\/cliniccenter.co.uk\/wp-content\/uploads\/2023\/11\/nose-surgery-1-300x156.webp 300w, https:\/\/cliniccenter.co.uk\/wp-content\/uploads\/2023\/11\/nose-surgery-1-768x399.webp 768w\" sizes=\"(max-width: 900px) 100vw, 900px\" \/><figcaption class=\"wp-element-caption\"><a href=\"https:\/\/cliniccenter.co.uk\/de\/nasenoperation-in-der-turkei\/\">Nasenoperation in der T\u00fcrkei<\/a><\/figcaption><\/figure>\n<\/div>\n<\/div>\n\n\n\n<div class=\"wp-block-columns is-layout-flex wp-container-core-columns-is-layout-2 wp-block-columns-is-layout-flex\">\n<div class=\"wp-block-column is-layout-flow wp-block-column-is-layout-flow\">\n<h3 class=\"wp-block-heading\"><a href=\"https:\/\/cliniccenter.co.uk\/de\/po-vergroberung-vorher-nachher-galerie\/\">Po-Vergr\u00f6\u00dferung Vorher-Nachher-Galerie<\/a><\/h3>\n\n\n\n<figure class=\"wp-block-image size-full\"><img decoding=\"async\" width=\"1024\" height=\"640\" src=\"https:\/\/cliniccenter.co.uk\/wp-content\/uploads\/2023\/11\/bbl-1.webp\" alt=\"\" class=\"wp-image-48291\" srcset=\"https:\/\/cliniccenter.co.uk\/wp-content\/uploads\/2023\/11\/bbl-1.webp 1024w, https:\/\/cliniccenter.co.uk\/wp-content\/uploads\/2023\/11\/bbl-1-300x188.webp 300w, https:\/\/cliniccenter.co.uk\/wp-content\/uploads\/2023\/11\/bbl-1-768x480.webp 768w\" sizes=\"(max-width: 1024px) 100vw, 1024px\" \/><\/figure>\n\n\n\n<p><a href=\"https:\/\/cliniccenter.co.uk\/de\/po-vergroberung-mit-eigenfett-in-der-turkei\/\">Po Vergr\u00f6\u00dferung mit Eigenfett in der Turkei<\/a><\/p>\n<\/div>\n\n\n\n<div class=\"wp-block-column is-layout-flow wp-block-column-is-layout-flow\">\n<h3 class=\"wp-block-heading\"><a href=\"https:\/\/cliniccenter.co.uk\/de\/gesichtsstraffung-vorher-nachher-galerie\/\">Gesichtsstraffung Vorher-Nachher-Galerie<\/a><\/h3>\n\n\n\n<figure class=\"wp-block-image size-full\"><img decoding=\"async\" width=\"1024\" height=\"640\" src=\"https:\/\/cliniccenter.co.uk\/wp-content\/uploads\/2023\/11\/facelift-1.webp\" alt=\"\" class=\"wp-image-48290\" srcset=\"https:\/\/cliniccenter.co.uk\/wp-content\/uploads\/2023\/11\/facelift-1.webp 1024w, https:\/\/cliniccenter.co.uk\/wp-content\/uploads\/2023\/11\/facelift-1-300x188.webp 300w, https:\/\/cliniccenter.co.uk\/wp-content\/uploads\/2023\/11\/facelift-1-768x480.webp 768w\" sizes=\"(max-width: 1024px) 100vw, 1024px\" \/><\/figure>\n\n\n\n<p><a href=\"https:\/\/cliniccenter.co.uk\/de\/gesichtsstraffung-in-der-turkei\/\">Gesichtsstraffung in der T\u00fcrkei<\/a><\/p>\n<\/div>\n\n\n\n<div class=\"wp-block-column is-layout-flow wp-block-column-is-layout-flow\">\n<h3 class=\"wp-block-heading\"><a href=\"https:\/\/cliniccenter.co.uk\/de\/zahnmedizinische-behandlungen-vorher-nachher-galerie\/\">Zahnmedizinische Behandlungen Vorher-Nachher-Galerie<\/a><\/h3>\n\n\n\n<figure class=\"wp-block-image size-full\"><img decoding=\"async\" width=\"600\" height=\"369\" src=\"https:\/\/cliniccenter.co.uk\/wp-content\/uploads\/2023\/11\/dis_kucuk-1-1.webp\" alt=\"\" class=\"wp-image-48300\" srcset=\"https:\/\/cliniccenter.co.uk\/wp-content\/uploads\/2023\/11\/dis_kucuk-1-1.webp 600w, https:\/\/cliniccenter.co.uk\/wp-content\/uploads\/2023\/11\/dis_kucuk-1-1-300x185.webp 300w\" sizes=\"(max-width: 600px) 100vw, 600px\" \/><\/figure>\n\n\n\n<p><a href=\"https:\/\/cliniccenter.co.uk\/de\/zahnimplantate-in-der-turkei\/\">Zahnimplantate in der T\u00fcrkei<\/a><\/p>\n\n\n\n<p><a href=\"https:\/\/cliniccenter.co.uk\/de\/porzellan-veneers-in-der-turkei\/\">Porzellan Veneers in der T\u00fcrkei<\/a><\/p>\n\n\n\n<p><a href=\"https:\/\/cliniccenter.co.uk\/de\/zahnkronen-in-der-turkei\/\">Zahnkronen in der T\u00fcrkei<\/a><\/p>\n<\/div>\n\n\n\n<div class=\"wp-block-column is-layout-flow wp-block-column-is-layout-flow\">\n<h3 class=\"wp-block-heading\"><a href=\"https:\/\/cliniccenter.co.uk\/de\/videos\/\">Clinic Center Patientenbewertungsvideos<\/a><\/h3>\n\n\n\n<figure class=\"wp-block-image size-full\"><img decoding=\"async\" width=\"1024\" height=\"576\" src=\"https:\/\/cliniccenter.co.uk\/wp-content\/uploads\/2023\/11\/Clinic-Center-Patient-Review-Videos-1.webp\" alt=\"\" class=\"wp-image-48305\" srcset=\"https:\/\/cliniccenter.co.uk\/wp-content\/uploads\/2023\/11\/Clinic-Center-Patient-Review-Videos-1.webp 1024w, https:\/\/cliniccenter.co.uk\/wp-content\/uploads\/2023\/11\/Clinic-Center-Patient-Review-Videos-1-300x169.webp 300w, https:\/\/cliniccenter.co.uk\/wp-content\/uploads\/2023\/11\/Clinic-Center-Patient-Review-Videos-1-768x432.webp 768w\" sizes=\"(max-width: 1024px) 100vw, 1024px\" \/><\/figure>\n\n\n\n<p><a href=\"https:\/\/cliniccenter.co.uk\/de\/videos\/\">&gt;&gt;Klicken Sie hier, um Videos anzusehen<\/a><\/p>\n<\/div>\n<\/div>\n\n\n\n<div class=\"wp-block-columns is-layout-flex wp-container-core-columns-is-layout-5 wp-block-columns-is-layout-flex\">\n<div class=\"wp-block-column is-layout-flow wp-block-column-is-layout-flow\">\n<div class=\"wp-block-columns is-layout-flex wp-container-core-columns-is-layout-3 wp-block-columns-is-layout-flex\">\n<div class=\"wp-block-column is-layout-flow wp-block-column-is-layout-flow\">\n<h3 class=\"wp-block-heading\"><a href=\"https:\/\/cliniccenter.co.uk\/de\/magenoperationen-vorher-nachher-galerie\/\">Magenoperation<br>Vorher-Nachher<br>Galerie<\/a><\/h3>\n\n\n\n<figure class=\"wp-block-image size-full\"><img decoding=\"async\" width=\"1024\" height=\"640\" src=\"https:\/\/cliniccenter.co.uk\/wp-content\/uploads\/2023\/11\/gastric-treatments-galery-1.webp\" alt=\"\" class=\"wp-image-48310\" srcset=\"https:\/\/cliniccenter.co.uk\/wp-content\/uploads\/2023\/11\/gastric-treatments-galery-1.webp 1024w, https:\/\/cliniccenter.co.uk\/wp-content\/uploads\/2023\/11\/gastric-treatments-galery-1-300x188.webp 300w, https:\/\/cliniccenter.co.uk\/wp-content\/uploads\/2023\/11\/gastric-treatments-galery-1-768x480.webp 768w\" sizes=\"(max-width: 1024px) 100vw, 1024px\" \/><\/figure>\n\n\n\n<p><a href=\"https:\/\/cliniccenter.co.uk\/de\/magenschlauch-in-der-turkei\/\">Magenschlauch<\/a><\/p>\n\n\n\n<p><a href=\"https:\/\/cliniccenter.co.uk\/de\/magen-bypass-in-der-tuerkei\/\">Magenbypass<\/a><\/p>\n\n\n\n<p><a href=\"https:\/\/cliniccenter.co.uk\/de\/magenballonoperation-in-der-turkei\/\">Magenballoon<\/a><\/p>\n<\/div>\n\n\n\n<div class=\"wp-block-column is-layout-flow wp-block-column-is-layout-flow\"><\/div>\n<\/div>\n<\/div>\n\n\n\n<div class=\"wp-block-column is-layout-flow wp-block-column-is-layout-flow\">\n<div class=\"wp-block-columns is-layout-flex wp-container-core-columns-is-layout-4 wp-block-columns-is-layout-flex\">\n<div class=\"wp-block-column is-layout-flow wp-block-column-is-layout-flow\"><\/div>\n\n\n\n<div class=\"wp-block-column is-layout-flow wp-block-column-is-layout-flow\"><\/div>\n<\/div>\n<\/div>\n<\/div>\n","protected":false},"excerpt":{"rendered":"<p>Haartransplantation Vorher-Nachher-Galerie Haartransplantation in der T\u00fcrkei Barttransplantation in der T\u00fcrkei Brustoperationen Vorher-Nachher-Galerie Brustvergr\u00f6\u00dferung in der T\u00fcrkei Bruststraffung in der T\u00fcrkei Brustverkleinerung in der T\u00fcrkei Fettabsaugung &amp; Bauchstraffung Vorher-Nachher-Galerie Fettabsaugung in der T\u00fcrkei Bauchstraffung in der T\u00fcrkei Gyn\u00e4komastie in der T\u00fcrkei Nasenkorrektur Vorher-Nachher-Galerie Po-Vergr\u00f6\u00dferung Vorher-Nachher-Galerie Po Vergr\u00f6\u00dferung mit Eigenfett in der Turkei Gesichtsstraffung Vorher-Nachher-Galerie Gesichtsstraffung in [&hellip;]<\/p>\n","protected":false},"author":2,"featured_media":0,"parent":0,"menu_order":0,"comment_status":"closed","ping_status":"closed","template":"","meta":{"_uag_custom_page_level_css":"","_lmt_disableupdate":"no","_lmt_disable":"","site-sidebar-layout":"default","site-content-layout":"default","ast-site-content-layout":"default","site-content-style":"default","site-sidebar-style":"default","ast-global-header-display":"","ast-banner-title-visibility":"","ast-main-header-display":"","ast-hfb-above-header-display":"","ast-hfb-below-header-display":"","ast-hfb-mobile-header-display":"","site-post-title":"","ast-breadcrumbs-content":"","ast-featured-img":"","footer-sml-layout":"","theme-transparent-header-meta":"default","adv-header-id-meta":"","stick-header-meta":"","header-above-stick-meta":"","header-main-stick-meta":"","header-below-stick-meta":"","astra-migrate-meta-layouts":"set","ast-page-background-enabled":"default","ast-page-background-meta":{"desktop":{"background-color":"","background-image":"","background-repeat":"repeat","background-position":"center center","background-size":"auto","background-attachment":"scroll","background-type":"","background-media":"","overlay-type":"","overlay-color":"","overlay-opacity":"","overlay-gradient":""},"tablet":{"background-color":"","background-image":"","background-repeat":"repeat","background-position":"center center","background-size":"auto","background-attachment":"scroll","background-type":"","background-media":"","overlay-type":"","overlay-color":"","overlay-opacity":"","overlay-gradient":""},"mobile":{"background-color":"","background-image":"","background-repeat":"repeat","background-position":"center center","background-size":"auto","background-attachment":"scroll","background-type":"","background-media":"","overlay-type":"","overlay-color":"","overlay-opacity":"","overlay-gradient":""}},"ast-content-background-meta":{"desktop":{"background-color":"var(--ast-global-color-5)","background-image":"","background-repeat":"repeat","background-position":"center center","background-size":"auto","background-attachment":"scroll","background-type":"","background-media":"","overlay-type":"","overlay-color":"","overlay-opacity":"","overlay-gradient":""},"tablet":{"background-color":"var(--ast-global-color-5)","background-image":"","background-repeat":"repeat","background-position":"center center","background-size":"auto","background-attachment":"scroll","background-type":"","background-media":"","overlay-type":"","overlay-color":"","overlay-opacity":"","overlay-gradient":""},"mobile":{"background-color":"var(--ast-global-color-5)","background-image":"","background-repeat":"repeat","background-position":"center center","background-size":"auto","background-attachment":"scroll","background-type":"","background-media":"","overlay-type":"","overlay-color":"","overlay-opacity":"","overlay-gradient":""}},"footnotes":""},"class_list":["post-18814","page","type-page","status-publish","hentry"],"yoast_head":"<!-- This site is optimized with the Yoast SEO plugin v25.3.1 - https:\/\/yoast.com\/wordpress\/plugins\/seo\/ -->\n<title>Galerie | Clinic Center<\/title>\n<meta name=\"description\" content=\"Check out the treatment reviews, before after photos and perfect results!\" \/>\n<meta name=\"robots\" content=\"index, follow, max-snippet:-1, max-image-preview:large, max-video-preview:-1\" \/>\n<link rel=\"canonical\" href=\"https:\/\/cliniccenter.co.uk\/de\/galerie\/\" \/>\n<meta property=\"og:locale\" content=\"de_DE\" \/>\n<meta property=\"og:type\" content=\"article\" \/>\n<meta property=\"og:title\" content=\"Galerie | Clinic Center\" \/>\n<meta property=\"og:description\" content=\"Check out the treatment reviews, before after photos and perfect results!\" \/>\n<meta property=\"og:url\" content=\"https:\/\/cliniccenter.co.uk\/de\/galerie\/\" \/>\n<meta property=\"article:publisher\" content=\"https:\/\/www.facebook.com\/cliniccenter.co.uk\/\" \/>\n<meta property=\"article:modified_time\" content=\"2023-12-13T14:01:43+00:00\" \/>\n<meta property=\"og:image\" content=\"https:\/\/cliniccenter.co.uk\/wp-content\/uploads\/2023\/11\/hair-transplant-picture-1-1.webp\" \/>\n<meta name=\"twitter:card\" content=\"summary_large_image\" \/>\n<meta name=\"twitter:site\" content=\"@cliniccenteruk\" \/>\n<meta name=\"twitter:label1\" content=\"Gesch\u00e4tzte Lesezeit\" \/>\n\t<meta name=\"twitter:data1\" content=\"3\u00a0Minuten\" \/>\n<!-- \/ Yoast SEO plugin. -->","yoast_head_json":{"title":"Galerie | Clinic Center","description":"Check out the treatment reviews, before after photos and perfect results!","robots":{"index":"index","follow":"follow","max-snippet":"max-snippet:-1","max-image-preview":"max-image-preview:large","max-video-preview":"max-video-preview:-1"},"canonical":"https:\/\/cliniccenter.co.uk\/de\/galerie\/","og_locale":"de_DE","og_type":"article","og_title":"Galerie | Clinic Center","og_description":"Check out the treatment reviews, before after photos and perfect results!","og_url":"https:\/\/cliniccenter.co.uk\/de\/galerie\/","article_publisher":"https:\/\/www.facebook.com\/cliniccenter.co.uk\/","article_modified_time":"2023-12-13T14:01:43+00:00","og_image":[{"url":"https:\/\/cliniccenter.co.uk\/wp-content\/uploads\/2023\/11\/hair-transplant-picture-1-1.webp","type":"","width":"","height":""}],"twitter_card":"summary_large_image","twitter_site":"@cliniccenteruk","twitter_misc":{"Gesch\u00e4tzte Lesezeit":"3\u00a0Minuten"},"schema":{"@context":"https:\/\/schema.org","@graph":[{"@type":"WebPage","@id":"https:\/\/cliniccenter.co.uk\/de\/galerie\/","url":"https:\/\/cliniccenter.co.uk\/de\/galerie\/","name":"Galerie | Clinic Center","isPartOf":{"@id":"https:\/\/cliniccenter.co.uk\/ro\/#website"},"primaryImageOfPage":{"@id":"https:\/\/cliniccenter.co.uk\/de\/galerie\/#primaryimage"},"image":{"@id":"https:\/\/cliniccenter.co.uk\/de\/galerie\/#primaryimage"},"thumbnailUrl":"https:\/\/cliniccenter.co.uk\/wp-content\/uploads\/2023\/11\/hair-transplant-picture-1-1.webp","datePublished":"2018-01-12T12:58:03+00:00","dateModified":"2023-12-13T14:01:43+00:00","description":"Check out the treatment reviews, before after photos and perfect results!","breadcrumb":{"@id":"https:\/\/cliniccenter.co.uk\/de\/galerie\/#breadcrumb"},"inLanguage":"de","potentialAction":[{"@type":"ReadAction","target":["https:\/\/cliniccenter.co.uk\/de\/galerie\/"]}]},{"@type":"ImageObject","inLanguage":"de","@id":"https:\/\/cliniccenter.co.uk\/de\/galerie\/#primaryimage","url":"https:\/\/cliniccenter.co.uk\/wp-content\/uploads\/2023\/11\/hair-transplant-picture-1-1.webp","contentUrl":"https:\/\/cliniccenter.co.uk\/wp-content\/uploads\/2023\/11\/hair-transplant-picture-1-1.webp"},{"@type":"BreadcrumbList","@id":"https:\/\/cliniccenter.co.uk\/de\/galerie\/#breadcrumb","itemListElement":[{"@type":"ListItem","position":1,"name":"Home","item":"https:\/\/cliniccenter.co.uk\/de\/"},{"@type":"ListItem","position":2,"name":"Galerie"}]},{"@type":"WebSite","@id":"https:\/\/cliniccenter.co.uk\/ro\/#website","url":"https:\/\/cliniccenter.co.uk\/ro\/","name":"","description":"","potentialAction":[{"@type":"SearchAction","target":{"@type":"EntryPoint","urlTemplate":"https:\/\/cliniccenter.co.uk\/ro\/?s={search_term_string}"},"query-input":{"@type":"PropertyValueSpecification","valueRequired":true,"valueName":"search_term_string"}}],"inLanguage":"de"}]}},"uagb_featured_image_src":{"full":false,"thumbnail":false,"medium":false,"medium_large":false,"large":false,"1536x1536":false,"2048x2048":false},"uagb_author_info":{"display_name":"Sertac Ceki","author_link":"https:\/\/cliniccenter.co.uk\/de\/blog\/author\/sertaccliniccenter-co-uk\/"},"uagb_comment_info":0,"uagb_excerpt":"Haartransplantation Vorher-Nachher-Galerie Haartransplantation in der T\u00fcrkei Barttransplantation in der T\u00fcrkei Brustoperationen Vorher-Nachher-Galerie Brustvergr\u00f6\u00dferung in der T\u00fcrkei Bruststraffung in der T\u00fcrkei Brustverkleinerung in der T\u00fcrkei Fettabsaugung &amp; Bauchstraffung Vorher-Nachher-Galerie Fettabsaugung in der T\u00fcrkei Bauchstraffung in der T\u00fcrkei Gyn\u00e4komastie in der T\u00fcrkei Nasenkorrektur Vorher-Nachher-Galerie Po-Vergr\u00f6\u00dferung Vorher-Nachher-Galerie Po Vergr\u00f6\u00dferung mit Eigenfett in der Turkei Gesichtsstraffung Vorher-Nachher-Galerie Gesichtsstraffung in&hellip;","_links":{"self":[{"href":"https:\/\/cliniccenter.co.uk\/de\/wp-json\/wp\/v2\/pages\/18814"}],"collection":[{"href":"https:\/\/cliniccenter.co.uk\/de\/wp-json\/wp\/v2\/pages"}],"about":[{"href":"https:\/\/cliniccenter.co.uk\/de\/wp-json\/wp\/v2\/types\/page"}],"author":[{"embeddable":true,"href":"https:\/\/cliniccenter.co.uk\/de\/wp-json\/wp\/v2\/users\/2"}],"replies":[{"embeddable":true,"href":"https:\/\/cliniccenter.co.uk\/de\/wp-json\/wp\/v2\/comments?post=18814"}],"version-history":[{"count":12,"href":"https:\/\/cliniccenter.co.uk\/de\/wp-json\/wp\/v2\/pages\/18814\/revisions"}],"predecessor-version":[{"id":49695,"href":"https:\/\/cliniccenter.co.uk\/de\/wp-json\/wp\/v2\/pages\/18814\/revisions\/49695"}],"wp:attachment":[{"href":"https:\/\/cliniccenter.co.uk\/de\/wp-json\/wp\/v2\/media?parent=18814"}],"curies":[{"name":"wp","href":"https:\/\/api.w.org\/{rel}","templated":true}]}}