{"id":18839,"date":"2016-02-22T05:30:57","date_gmt":"2016-02-22T05:30:57","guid":{"rendered":"https:\/\/cliniccenter.co.uk\/facelift-before-after-gallery\/"},"modified":"2023-12-13T13:19:50","modified_gmt":"2023-12-13T13:19:50","slug":"gesichtsstraffung-vorher-nachher-galerie","status":"publish","type":"page","link":"https:\/\/cliniccenter.co.uk\/de\/gesichtsstraffung-vorher-nachher-galerie\/","title":{"rendered":"Vorher- und Nachher Galerie Gesichtsstraffung"},"content":{"rendered":"<p class=\"p1\"><b>Sie<\/b>\u00a0k\u00f6nnen der verflie\u00dfenden Zeit widerstehen und Probleme wie Falten und erschlaffter Haut mit einer Gesichtsstraffung in der T\u00fcrkei, mit Clinic Center l\u00f6sen.<\/p>\n<p class=\"p1\">Hier k\u00f6nnen Sie einige Vorher-Nachher-Bilder von der Gesichtsstraffung unserer Patienten ansehen. Als eine der vertrauensw\u00fcrdigsten Kliniken des Medizintourismus sch\u00e4tzen wir die Privatsph\u00e4re unserer Patienten und bewahren einige ihrer Fotos in unseren Unterlagen auf. Wenn Sie mehr Vorher-Nachher-Bilder sehen m\u00f6chten,\u00a0<a href=\"https:\/\/cliniccenter.co.uk\/de\/kontaktieren-sie-uns\/\"><span class=\"s1\">kontaktieren<\/span><\/a>\u00a0Sie uns hier oder senden Sie uns eine E-Mail an\u00a0<a href=\"mailto:info@clinicenter.co.uk\"><span class=\"s1\">info@clinicenter.co.uk<\/span><\/a><\/p>\n<p class=\"p1\">Haftungsausschluss: Die nachstehenden Fotos zeigen nur typische Ergebnisse einer Gesichtsstraffung. Nicht jeder, der sich einer Gesichtsstraffung unterzieht, wird dieselben Ergebnisse erreichen.<\/p>\n\n\n<div class=\"wp-block-columns is-layout-flex wp-container-core-columns-is-layout-1 wp-block-columns-is-layout-flex\">\n<div class=\"wp-block-column is-layout-flow wp-block-column-is-layout-flow\">\n<figure class=\"wp-block-gallery has-nested-images columns-default is-cropped wp-block-gallery-1 is-layout-flex wp-block-gallery-is-layout-flex\">\n<figure class=\"wp-block-image size-large\"><img decoding=\"async\" width=\"436\" height=\"196\" src=\"https:\/\/cliniccenter.co.uk\/wp-content\/uploads\/2020\/04\/Facelift-2-1.jpg\" alt=\"Facelift\" class=\"wp-image-4378  skip-lazy\" srcset=\"https:\/\/cliniccenter.co.uk\/wp-content\/uploads\/2020\/04\/Facelift-2-1.jpg 436w, https:\/\/cliniccenter.co.uk\/wp-content\/uploads\/2020\/04\/Facelift-2-1-300x135.jpg 300w\" sizes=\"(max-width: 436px) 100vw, 436px\" \/><\/figure>\n\n\n\n<figure class=\"wp-block-image size-large\"><img decoding=\"async\" width=\"436\" height=\"196\" src=\"https:\/\/cliniccenter.co.uk\/wp-content\/uploads\/2020\/04\/FACELIFT-98.jpg\" alt=\"Facelift\" class=\"wp-image-5238\" srcset=\"https:\/\/cliniccenter.co.uk\/wp-content\/uploads\/2020\/04\/FACELIFT-98.jpg 436w, https:\/\/cliniccenter.co.uk\/wp-content\/uploads\/2020\/04\/FACELIFT-98-300x135.jpg 300w\" sizes=\"(max-width: 436px) 100vw, 436px\" \/><\/figure>\n\n\n\n<figure class=\"wp-block-image size-large\"><img decoding=\"async\" width=\"436\" height=\"196\" src=\"https:\/\/cliniccenter.co.uk\/wp-content\/uploads\/2020\/04\/FACELIFT-99.jpg\" alt=\"Facelift\" class=\"wp-image-5237\" srcset=\"https:\/\/cliniccenter.co.uk\/wp-content\/uploads\/2020\/04\/FACELIFT-99.jpg 436w, https:\/\/cliniccenter.co.uk\/wp-content\/uploads\/2020\/04\/FACELIFT-99-300x135.jpg 300w\" sizes=\"(max-width: 436px) 100vw, 436px\" \/><\/figure>\n\n\n\n<figure class=\"wp-block-image size-large\"><img decoding=\"async\" width=\"436\" height=\"196\" src=\"https:\/\/cliniccenter.co.uk\/wp-content\/uploads\/2020\/04\/Facelift-1-1.jpg\" alt=\"Facelift\" class=\"wp-image-4381\" srcset=\"https:\/\/cliniccenter.co.uk\/wp-content\/uploads\/2020\/04\/Facelift-1-1.jpg 436w, https:\/\/cliniccenter.co.uk\/wp-content\/uploads\/2020\/04\/Facelift-1-1-300x135.jpg 300w\" sizes=\"(max-width: 436px) 100vw, 436px\" \/><\/figure>\n\n\n\n<figure class=\"wp-block-image size-large\"><img decoding=\"async\" width=\"436\" height=\"196\" src=\"https:\/\/cliniccenter.co.uk\/wp-content\/uploads\/2020\/04\/Facelift-1-2.jpg\" alt=\"Facelift\" class=\"wp-image-4380\" srcset=\"https:\/\/cliniccenter.co.uk\/wp-content\/uploads\/2020\/04\/Facelift-1-2.jpg 436w, https:\/\/cliniccenter.co.uk\/wp-content\/uploads\/2020\/04\/Facelift-1-2-300x135.jpg 300w\" sizes=\"(max-width: 436px) 100vw, 436px\" \/><\/figure>\n\n\n\n<figure class=\"wp-block-image size-large\"><img decoding=\"async\" width=\"436\" height=\"196\" src=\"https:\/\/cliniccenter.co.uk\/wp-content\/uploads\/2020\/04\/Facelift-1-3.jpg\" alt=\"Facelift\" class=\"wp-image-4379\" srcset=\"https:\/\/cliniccenter.co.uk\/wp-content\/uploads\/2020\/04\/Facelift-1-3.jpg 436w, https:\/\/cliniccenter.co.uk\/wp-content\/uploads\/2020\/04\/Facelift-1-3-300x135.jpg 300w\" sizes=\"(max-width: 436px) 100vw, 436px\" \/><\/figure>\n\n\n\n<figure class=\"wp-block-image size-large\"><img decoding=\"async\" width=\"436\" height=\"196\" src=\"https:\/\/cliniccenter.co.uk\/wp-content\/uploads\/2020\/04\/Facelift-2-2.jpg\" alt=\"Facelift\" class=\"wp-image-4377\" srcset=\"https:\/\/cliniccenter.co.uk\/wp-content\/uploads\/2020\/04\/Facelift-2-2.jpg 436w, https:\/\/cliniccenter.co.uk\/wp-content\/uploads\/2020\/04\/Facelift-2-2-300x135.jpg 300w\" sizes=\"(max-width: 436px) 100vw, 436px\" \/><\/figure>\n\n\n\n<figure class=\"wp-block-image size-large\"><img decoding=\"async\" width=\"436\" height=\"196\" src=\"https:\/\/cliniccenter.co.uk\/wp-content\/uploads\/2020\/04\/Facelift-3-1.jpg\" alt=\"Facelift\" class=\"wp-image-4375\" srcset=\"https:\/\/cliniccenter.co.uk\/wp-content\/uploads\/2020\/04\/Facelift-3-1.jpg 436w, https:\/\/cliniccenter.co.uk\/wp-content\/uploads\/2020\/04\/Facelift-3-1-300x135.jpg 300w\" sizes=\"(max-width: 436px) 100vw, 436px\" \/><\/figure>\n\n\n\n<figure class=\"wp-block-image size-large\"><img decoding=\"async\" width=\"436\" height=\"196\" src=\"https:\/\/cliniccenter.co.uk\/wp-content\/uploads\/2020\/04\/Facelift-3-2.jpg\" alt=\"Facelift\" class=\"wp-image-4374\" srcset=\"https:\/\/cliniccenter.co.uk\/wp-content\/uploads\/2020\/04\/Facelift-3-2.jpg 436w, https:\/\/cliniccenter.co.uk\/wp-content\/uploads\/2020\/04\/Facelift-3-2-300x135.jpg 300w\" sizes=\"(max-width: 436px) 100vw, 436px\" \/><\/figure>\n\n\n\n<figure class=\"wp-block-image size-large\"><img decoding=\"async\" width=\"436\" height=\"196\" src=\"https:\/\/cliniccenter.co.uk\/wp-content\/uploads\/2020\/04\/Facelift-3-3.jpg\" alt=\"Facelift\" class=\"wp-image-4373\" srcset=\"https:\/\/cliniccenter.co.uk\/wp-content\/uploads\/2020\/04\/Facelift-3-3.jpg 436w, https:\/\/cliniccenter.co.uk\/wp-content\/uploads\/2020\/04\/Facelift-3-3-300x135.jpg 300w\" sizes=\"(max-width: 436px) 100vw, 436px\" \/><\/figure>\n\n\n\n<figure class=\"wp-block-image size-large\"><img decoding=\"async\" width=\"436\" height=\"196\" src=\"https:\/\/cliniccenter.co.uk\/wp-content\/uploads\/2020\/04\/Facelift-4-1.jpg\" alt=\"Facelift\" class=\"wp-image-4372\" srcset=\"https:\/\/cliniccenter.co.uk\/wp-content\/uploads\/2020\/04\/Facelift-4-1.jpg 436w, https:\/\/cliniccenter.co.uk\/wp-content\/uploads\/2020\/04\/Facelift-4-1-300x135.jpg 300w\" sizes=\"(max-width: 436px) 100vw, 436px\" \/><\/figure>\n\n\n\n<figure class=\"wp-block-image size-large\"><img decoding=\"async\" width=\"436\" height=\"196\" src=\"https:\/\/cliniccenter.co.uk\/wp-content\/uploads\/2020\/04\/Facelift-4-2.jpg\" alt=\"Facelift\" class=\"wp-image-4371\" srcset=\"https:\/\/cliniccenter.co.uk\/wp-content\/uploads\/2020\/04\/Facelift-4-2.jpg 436w, https:\/\/cliniccenter.co.uk\/wp-content\/uploads\/2020\/04\/Facelift-4-2-300x135.jpg 300w\" sizes=\"(max-width: 436px) 100vw, 436px\" \/><\/figure>\n\n\n\n<figure class=\"wp-block-image size-large\"><img decoding=\"async\" width=\"436\" height=\"196\" src=\"https:\/\/cliniccenter.co.uk\/wp-content\/uploads\/2020\/04\/Facelift-4-3.jpg\" alt=\"Facelift\" class=\"wp-image-4370\" srcset=\"https:\/\/cliniccenter.co.uk\/wp-content\/uploads\/2020\/04\/Facelift-4-3.jpg 436w, https:\/\/cliniccenter.co.uk\/wp-content\/uploads\/2020\/04\/Facelift-4-3-300x135.jpg 300w\" sizes=\"(max-width: 436px) 100vw, 436px\" \/><\/figure>\n\n\n\n<figure class=\"wp-block-image size-large\"><img decoding=\"async\" width=\"436\" height=\"196\" src=\"https:\/\/cliniccenter.co.uk\/wp-content\/uploads\/2020\/04\/Facelift-5-1.jpg\" alt=\"Facelift\" class=\"wp-image-4369\" srcset=\"https:\/\/cliniccenter.co.uk\/wp-content\/uploads\/2020\/04\/Facelift-5-1.jpg 436w, https:\/\/cliniccenter.co.uk\/wp-content\/uploads\/2020\/04\/Facelift-5-1-300x135.jpg 300w\" sizes=\"(max-width: 436px) 100vw, 436px\" \/><\/figure>\n\n\n\n<figure class=\"wp-block-image size-large\"><img decoding=\"async\" width=\"436\" height=\"196\" src=\"https:\/\/cliniccenter.co.uk\/wp-content\/uploads\/2020\/04\/Facelift-5-2.jpg\" alt=\"Facelift\" class=\"wp-image-4368\" srcset=\"https:\/\/cliniccenter.co.uk\/wp-content\/uploads\/2020\/04\/Facelift-5-2.jpg 436w, https:\/\/cliniccenter.co.uk\/wp-content\/uploads\/2020\/04\/Facelift-5-2-300x135.jpg 300w\" sizes=\"(max-width: 436px) 100vw, 436px\" \/><\/figure>\n\n\n\n<figure class=\"wp-block-image size-large\"><img decoding=\"async\" width=\"436\" height=\"196\" src=\"https:\/\/cliniccenter.co.uk\/wp-content\/uploads\/2021\/05\/eyelid-surgery-in-turkey-images-5.jpg\" alt=\"\" class=\"wp-image-7693\" srcset=\"https:\/\/cliniccenter.co.uk\/wp-content\/uploads\/2021\/05\/eyelid-surgery-in-turkey-images-5.jpg 436w, https:\/\/cliniccenter.co.uk\/wp-content\/uploads\/2021\/05\/eyelid-surgery-in-turkey-images-5-300x135.jpg 300w\" sizes=\"(max-width: 436px) 100vw, 436px\" \/><\/figure>\n\n\n\n<figure class=\"wp-block-image size-large\"><img decoding=\"async\" width=\"436\" height=\"196\" src=\"https:\/\/cliniccenter.co.uk\/wp-content\/uploads\/2021\/05\/eyelid-surgery-in-turkey-images-4.jpg\" alt=\"\" class=\"wp-image-7692\" srcset=\"https:\/\/cliniccenter.co.uk\/wp-content\/uploads\/2021\/05\/eyelid-surgery-in-turkey-images-4.jpg 436w, https:\/\/cliniccenter.co.uk\/wp-content\/uploads\/2021\/05\/eyelid-surgery-in-turkey-images-4-300x135.jpg 300w\" sizes=\"(max-width: 436px) 100vw, 436px\" \/><\/figure>\n\n\n\n<figure class=\"wp-block-image size-large\"><img decoding=\"async\" width=\"436\" height=\"196\" src=\"https:\/\/cliniccenter.co.uk\/wp-content\/uploads\/2021\/05\/eyelid-surgery-in-turkey-images-3.jpg\" alt=\"\" class=\"wp-image-7691\" srcset=\"https:\/\/cliniccenter.co.uk\/wp-content\/uploads\/2021\/05\/eyelid-surgery-in-turkey-images-3.jpg 436w, https:\/\/cliniccenter.co.uk\/wp-content\/uploads\/2021\/05\/eyelid-surgery-in-turkey-images-3-300x135.jpg 300w\" sizes=\"(max-width: 436px) 100vw, 436px\" \/><\/figure>\n\n\n\n<figure class=\"wp-block-image size-large\"><img decoding=\"async\" width=\"436\" height=\"196\" src=\"https:\/\/cliniccenter.co.uk\/wp-content\/uploads\/2020\/04\/EYELID-07.jpg\" alt=\"Eyelid surgery\" class=\"wp-image-5246\" srcset=\"https:\/\/cliniccenter.co.uk\/wp-content\/uploads\/2020\/04\/EYELID-07.jpg 436w, https:\/\/cliniccenter.co.uk\/wp-content\/uploads\/2020\/04\/EYELID-07-300x135.jpg 300w\" sizes=\"(max-width: 436px) 100vw, 436px\" \/><\/figure>\n\n\n\n<figure class=\"wp-block-image size-large\"><img decoding=\"async\" width=\"436\" height=\"196\" src=\"https:\/\/cliniccenter.co.uk\/wp-content\/uploads\/2020\/04\/EYELID-08.jpg\" alt=\"Eyelid surgery\" class=\"wp-image-5244\" srcset=\"https:\/\/cliniccenter.co.uk\/wp-content\/uploads\/2020\/04\/EYELID-08.jpg 436w, https:\/\/cliniccenter.co.uk\/wp-content\/uploads\/2020\/04\/EYELID-08-300x135.jpg 300w\" sizes=\"(max-width: 436px) 100vw, 436px\" \/><\/figure>\n\n\n\n<figure class=\"wp-block-image size-large\"><img decoding=\"async\" width=\"436\" height=\"196\" src=\"https:\/\/cliniccenter.co.uk\/wp-content\/uploads\/2020\/04\/EYELID-06.jpg\" alt=\"Eyelid surgery\" class=\"wp-image-5243\" srcset=\"https:\/\/cliniccenter.co.uk\/wp-content\/uploads\/2020\/04\/EYELID-06.jpg 436w, https:\/\/cliniccenter.co.uk\/wp-content\/uploads\/2020\/04\/EYELID-06-300x135.jpg 300w\" sizes=\"(max-width: 436px) 100vw, 436px\" \/><\/figure>\n\n\n\n<figure class=\"wp-block-image size-large\"><img decoding=\"async\" width=\"436\" height=\"196\" src=\"https:\/\/cliniccenter.co.uk\/wp-content\/uploads\/2020\/04\/EYELID-02.jpg\" alt=\"Eyelid surgery\" class=\"wp-image-5240\" srcset=\"https:\/\/cliniccenter.co.uk\/wp-content\/uploads\/2020\/04\/EYELID-02.jpg 436w, https:\/\/cliniccenter.co.uk\/wp-content\/uploads\/2020\/04\/EYELID-02-300x135.jpg 300w\" sizes=\"(max-width: 436px) 100vw, 436px\" \/><\/figure>\n\n\n\n<figure class=\"wp-block-image size-large\"><img decoding=\"async\" width=\"436\" height=\"196\" src=\"https:\/\/cliniccenter.co.uk\/wp-content\/uploads\/2020\/04\/EYELID-04.jpg\" alt=\"Eyelid surgery\" class=\"wp-image-5241\" srcset=\"https:\/\/cliniccenter.co.uk\/wp-content\/uploads\/2020\/04\/EYELID-04.jpg 436w, https:\/\/cliniccenter.co.uk\/wp-content\/uploads\/2020\/04\/EYELID-04-300x135.jpg 300w\" sizes=\"(max-width: 436px) 100vw, 436px\" \/><\/figure>\n\n\n\n<figure class=\"wp-block-image size-large\"><img decoding=\"async\" width=\"436\" height=\"196\" src=\"https:\/\/cliniccenter.co.uk\/wp-content\/uploads\/2020\/04\/EYELID-05.jpg\" alt=\"Eyelid surgery\" class=\"wp-image-5242\" srcset=\"https:\/\/cliniccenter.co.uk\/wp-content\/uploads\/2020\/04\/EYELID-05.jpg 436w, https:\/\/cliniccenter.co.uk\/wp-content\/uploads\/2020\/04\/EYELID-05-300x135.jpg 300w\" sizes=\"(max-width: 436px) 100vw, 436px\" \/><\/figure>\n<\/figure>\n<\/div>\n<\/div>\n\n\n\n<div class=\"wp-block-columns is-layout-flex wp-container-core-columns-is-layout-2 wp-block-columns-is-layout-flex\">\n<div class=\"wp-block-column is-layout-flow wp-block-column-is-layout-flow\"><\/div>\n<\/div>\n","protected":false},"excerpt":{"rendered":"<p>Sie\u00a0k\u00f6nnen der verflie\u00dfenden Zeit widerstehen und Probleme wie Falten und erschlaffter Haut mit einer Gesichtsstraffung in der T\u00fcrkei, mit Clinic Center l\u00f6sen. Hier k\u00f6nnen Sie einige Vorher-Nachher-Bilder von der Gesichtsstraffung unserer Patienten ansehen. Als eine der vertrauensw\u00fcrdigsten Kliniken des Medizintourismus sch\u00e4tzen wir die Privatsph\u00e4re unserer Patienten und bewahren einige ihrer Fotos in unseren Unterlagen auf. [&hellip;]<\/p>\n","protected":false},"author":1,"featured_media":0,"parent":0,"menu_order":0,"comment_status":"closed","ping_status":"closed","template":"","meta":{"_uag_custom_page_level_css":"","_lmt_disableupdate":"no","_lmt_disable":"","site-sidebar-layout":"default","site-content-layout":"default","ast-site-content-layout":"default","site-content-style":"default","site-sidebar-style":"default","ast-global-header-display":"","ast-banner-title-visibility":"","ast-main-header-display":"","ast-hfb-above-header-display":"","ast-hfb-below-header-display":"","ast-hfb-mobile-header-display":"","site-post-title":"","ast-breadcrumbs-content":"","ast-featured-img":"","footer-sml-layout":"","theme-transparent-header-meta":"default","adv-header-id-meta":"","stick-header-meta":"","header-above-stick-meta":"","header-main-stick-meta":"","header-below-stick-meta":"","astra-migrate-meta-layouts":"set","ast-page-background-enabled":"default","ast-page-background-meta":{"desktop":{"background-color":"","background-image":"","background-repeat":"repeat","background-position":"center center","background-size":"auto","background-attachment":"scroll","background-type":"","background-media":"","overlay-type":"","overlay-color":"","overlay-opacity":"","overlay-gradient":""},"tablet":{"background-color":"","background-image":"","background-repeat":"repeat","background-position":"center center","background-size":"auto","background-attachment":"scroll","background-type":"","background-media":"","overlay-type":"","overlay-color":"","overlay-opacity":"","overlay-gradient":""},"mobile":{"background-color":"","background-image":"","background-repeat":"repeat","background-position":"center center","background-size":"auto","background-attachment":"scroll","background-type":"","background-media":"","overlay-type":"","overlay-color":"","overlay-opacity":"","overlay-gradient":""}},"ast-content-background-meta":{"desktop":{"background-color":"var(--ast-global-color-5)","background-image":"","background-repeat":"repeat","background-position":"center center","background-size":"auto","background-attachment":"scroll","background-type":"","background-media":"","overlay-type":"","overlay-color":"","overlay-opacity":"","overlay-gradient":""},"tablet":{"background-color":"var(--ast-global-color-5)","background-image":"","background-repeat":"repeat","background-position":"center center","background-size":"auto","background-attachment":"scroll","background-type":"","background-media":"","overlay-type":"","overlay-color":"","overlay-opacity":"","overlay-gradient":""},"mobile":{"background-color":"var(--ast-global-color-5)","background-image":"","background-repeat":"repeat","background-position":"center center","background-size":"auto","background-attachment":"scroll","background-type":"","background-media":"","overlay-type":"","overlay-color":"","overlay-opacity":"","overlay-gradient":""}},"footnotes":""},"class_list":["post-18839","page","type-page","status-publish","hentry"],"yoast_head":"<!-- This site is optimized with the Yoast SEO plugin v25.3.1 - https:\/\/yoast.com\/wordpress\/plugins\/seo\/ -->\n<title>Vorher- und Nachher Galerie Gesichtsstraffung -<\/title>\n<meta name=\"robots\" content=\"index, follow, max-snippet:-1, max-image-preview:large, max-video-preview:-1\" \/>\n<link rel=\"canonical\" href=\"https:\/\/cliniccenter.co.uk\/de\/gesichtsstraffung-vorher-nachher-galerie\/\" \/>\n<meta property=\"og:locale\" content=\"de_DE\" \/>\n<meta property=\"og:type\" content=\"article\" \/>\n<meta property=\"og:title\" content=\"Vorher- und Nachher Galerie Gesichtsstraffung -\" \/>\n<meta property=\"og:description\" content=\"Sie\u00a0k\u00f6nnen der verflie\u00dfenden Zeit widerstehen und Probleme wie Falten und erschlaffter Haut mit einer Gesichtsstraffung in der T\u00fcrkei, mit Clinic Center l\u00f6sen. Hier k\u00f6nnen Sie einige Vorher-Nachher-Bilder von der Gesichtsstraffung unserer Patienten ansehen. Als eine der vertrauensw\u00fcrdigsten Kliniken des Medizintourismus sch\u00e4tzen wir die Privatsph\u00e4re unserer Patienten und bewahren einige ihrer Fotos in unseren Unterlagen auf. [&hellip;]\" \/>\n<meta property=\"og:url\" content=\"https:\/\/cliniccenter.co.uk\/de\/gesichtsstraffung-vorher-nachher-galerie\/\" \/>\n<meta property=\"article:publisher\" content=\"https:\/\/www.facebook.com\/cliniccenter.co.uk\/\" \/>\n<meta property=\"article:modified_time\" content=\"2023-12-13T13:19:50+00:00\" \/>\n<meta property=\"og:image\" content=\"https:\/\/cliniccenter.co.uk\/wp-content\/uploads\/2020\/04\/Facelift-2-1.jpg\" \/>\n<meta name=\"twitter:card\" content=\"summary_large_image\" \/>\n<meta name=\"twitter:site\" content=\"@cliniccenteruk\" \/>\n<meta name=\"twitter:label1\" content=\"Gesch\u00e4tzte Lesezeit\" \/>\n\t<meta name=\"twitter:data1\" content=\"6\u00a0Minuten\" \/>\n<!-- \/ Yoast SEO plugin. -->","yoast_head_json":{"title":"Vorher- und Nachher Galerie Gesichtsstraffung -","robots":{"index":"index","follow":"follow","max-snippet":"max-snippet:-1","max-image-preview":"max-image-preview:large","max-video-preview":"max-video-preview:-1"},"canonical":"https:\/\/cliniccenter.co.uk\/de\/gesichtsstraffung-vorher-nachher-galerie\/","og_locale":"de_DE","og_type":"article","og_title":"Vorher- und Nachher Galerie Gesichtsstraffung -","og_description":"Sie\u00a0k\u00f6nnen der verflie\u00dfenden Zeit widerstehen und Probleme wie Falten und erschlaffter Haut mit einer Gesichtsstraffung in der T\u00fcrkei, mit Clinic Center l\u00f6sen. Hier k\u00f6nnen Sie einige Vorher-Nachher-Bilder von der Gesichtsstraffung unserer Patienten ansehen. Als eine der vertrauensw\u00fcrdigsten Kliniken des Medizintourismus sch\u00e4tzen wir die Privatsph\u00e4re unserer Patienten und bewahren einige ihrer Fotos in unseren Unterlagen auf. [&hellip;]","og_url":"https:\/\/cliniccenter.co.uk\/de\/gesichtsstraffung-vorher-nachher-galerie\/","article_publisher":"https:\/\/www.facebook.com\/cliniccenter.co.uk\/","article_modified_time":"2023-12-13T13:19:50+00:00","og_image":[{"url":"https:\/\/cliniccenter.co.uk\/wp-content\/uploads\/2020\/04\/Facelift-2-1.jpg","type":"","width":"","height":""}],"twitter_card":"summary_large_image","twitter_site":"@cliniccenteruk","twitter_misc":{"Gesch\u00e4tzte Lesezeit":"6\u00a0Minuten"},"schema":{"@context":"https:\/\/schema.org","@graph":[{"@type":"WebPage","@id":"https:\/\/cliniccenter.co.uk\/de\/gesichtsstraffung-vorher-nachher-galerie\/","url":"https:\/\/cliniccenter.co.uk\/de\/gesichtsstraffung-vorher-nachher-galerie\/","name":"Vorher- und Nachher Galerie Gesichtsstraffung -","isPartOf":{"@id":"https:\/\/cliniccenter.co.uk\/ro\/#website"},"primaryImageOfPage":{"@id":"https:\/\/cliniccenter.co.uk\/de\/gesichtsstraffung-vorher-nachher-galerie\/#primaryimage"},"image":{"@id":"https:\/\/cliniccenter.co.uk\/de\/gesichtsstraffung-vorher-nachher-galerie\/#primaryimage"},"thumbnailUrl":"https:\/\/cliniccenter.co.uk\/wp-content\/uploads\/2020\/04\/Facelift-2-1.jpg","datePublished":"2016-02-22T05:30:57+00:00","dateModified":"2023-12-13T13:19:50+00:00","breadcrumb":{"@id":"https:\/\/cliniccenter.co.uk\/de\/gesichtsstraffung-vorher-nachher-galerie\/#breadcrumb"},"inLanguage":"de","potentialAction":[{"@type":"ReadAction","target":["https:\/\/cliniccenter.co.uk\/de\/gesichtsstraffung-vorher-nachher-galerie\/"]}]},{"@type":"ImageObject","inLanguage":"de","@id":"https:\/\/cliniccenter.co.uk\/de\/gesichtsstraffung-vorher-nachher-galerie\/#primaryimage","url":"https:\/\/cliniccenter.co.uk\/wp-content\/uploads\/2020\/04\/Facelift-2-1.jpg","contentUrl":"https:\/\/cliniccenter.co.uk\/wp-content\/uploads\/2020\/04\/Facelift-2-1.jpg"},{"@type":"BreadcrumbList","@id":"https:\/\/cliniccenter.co.uk\/de\/gesichtsstraffung-vorher-nachher-galerie\/#breadcrumb","itemListElement":[{"@type":"ListItem","position":1,"name":"Home","item":"https:\/\/cliniccenter.co.uk\/de\/"},{"@type":"ListItem","position":2,"name":"Vorher- und Nachher Galerie Gesichtsstraffung"}]},{"@type":"WebSite","@id":"https:\/\/cliniccenter.co.uk\/ro\/#website","url":"https:\/\/cliniccenter.co.uk\/ro\/","name":"","description":"","potentialAction":[{"@type":"SearchAction","target":{"@type":"EntryPoint","urlTemplate":"https:\/\/cliniccenter.co.uk\/ro\/?s={search_term_string}"},"query-input":{"@type":"PropertyValueSpecification","valueRequired":true,"valueName":"search_term_string"}}],"inLanguage":"de"}]}},"uagb_featured_image_src":{"full":false,"thumbnail":false,"medium":false,"medium_large":false,"large":false,"1536x1536":false,"2048x2048":false},"uagb_author_info":{"display_name":"cliniccenter","author_link":"https:\/\/cliniccenter.co.uk\/de\/blog\/author\/cliniccenter\/"},"uagb_comment_info":0,"uagb_excerpt":"Sie\u00a0k\u00f6nnen der verflie\u00dfenden Zeit widerstehen und Probleme wie Falten und erschlaffter Haut mit einer Gesichtsstraffung in der T\u00fcrkei, mit Clinic Center l\u00f6sen. Hier k\u00f6nnen Sie einige Vorher-Nachher-Bilder von der Gesichtsstraffung unserer Patienten ansehen. Als eine der vertrauensw\u00fcrdigsten Kliniken des Medizintourismus sch\u00e4tzen wir die Privatsph\u00e4re unserer Patienten und bewahren einige ihrer Fotos in unseren Unterlagen auf.&hellip;","_links":{"self":[{"href":"https:\/\/cliniccenter.co.uk\/de\/wp-json\/wp\/v2\/pages\/18839"}],"collection":[{"href":"https:\/\/cliniccenter.co.uk\/de\/wp-json\/wp\/v2\/pages"}],"about":[{"href":"https:\/\/cliniccenter.co.uk\/de\/wp-json\/wp\/v2\/types\/page"}],"author":[{"embeddable":true,"href":"https:\/\/cliniccenter.co.uk\/de\/wp-json\/wp\/v2\/users\/1"}],"replies":[{"embeddable":true,"href":"https:\/\/cliniccenter.co.uk\/de\/wp-json\/wp\/v2\/comments?post=18839"}],"version-history":[{"count":2,"href":"https:\/\/cliniccenter.co.uk\/de\/wp-json\/wp\/v2\/pages\/18839\/revisions"}],"predecessor-version":[{"id":49656,"href":"https:\/\/cliniccenter.co.uk\/de\/wp-json\/wp\/v2\/pages\/18839\/revisions\/49656"}],"wp:attachment":[{"href":"https:\/\/cliniccenter.co.uk\/de\/wp-json\/wp\/v2\/media?parent=18839"}],"curies":[{"name":"wp","href":"https:\/\/api.w.org\/{rel}","templated":true}]}}