{"id":18861,"date":"2018-12-30T05:53:35","date_gmt":"2018-12-30T05:53:35","guid":{"rendered":"https:\/\/cliniccenter.co.uk\/arzt\/prof-dr-aydin-gozu\/"},"modified":"2024-03-27T12:04:41","modified_gmt":"2024-03-27T12:04:41","slug":"prof-dr-aydin","status":"publish","type":"page","link":"https:\/\/cliniccenter.co.uk\/de\/prof-dr-aydin\/","title":{"rendered":"Prof. Dr. Aydin | Kosmetische Chirurgie Doctor | Clinic Center"},"content":{"rendered":"\n<div class=\"wp-block-columns is-layout-flex wp-container-core-columns-is-layout-4 wp-block-columns-is-layout-flex\">\n<div class=\"wp-block-column is-layout-flow wp-block-column-is-layout-flow\" style=\"flex-basis:33.33%\">\n<figure class=\"wp-block-image size-large skip-lazy\"><img decoding=\"async\" src=\"https:\/\/cliniccenter.co.uk\/wp-content\/uploads\/2023\/11\/aydin-gozu-517x1024-1.webp\" alt=\"\" class=\"wp-image-12653\"\/><\/figure>\n<\/div>\n\n\n\n<div class=\"wp-block-column is-layout-flow wp-block-column-is-layout-flow\" style=\"flex-basis:66.66%\">\n<div class=\"wp-block-columns is-layout-flex wp-container-core-columns-is-layout-1 wp-block-columns-is-layout-flex\">\n<div class=\"wp-block-column leftpadbox is-layout-flow wp-block-column-is-layout-flow\">\n<p>Prof. Dr. Aydin ist einer der beliebtesten und talentiertesten plastischen Chirurgen in der T\u00fcrkei. Seine medizinische Ausbildung absolvierte er 1990 an der medizinischen Fakult\u00e4t der Hacettepe-Universit\u00e4t und begann als wissenschaftlicher Mitarbeiter f\u00fcr Plastische, Rekonstruktive und \u00c4sthetische Chirurgie zu arbeiten, wo er umfangreiche Erfahrungen in der Mikrochirurgie sammelte. 1998 wurde er plastischer Chirurg, 2011 Asst. Prof. und 2006 Prof.<\/p>\n\n\n\n<p>W\u00e4hrend seiner erfolgreichen Karriere arbeitete er an der Medizinischen Fakult\u00e4t der Universit\u00e4t Fran\u00e7ois Rabelais (Tours, Frankreich) und absolvierte eine weitere Ausbildung in \u00e4sthetischer und plastischer Chirurgie in Paris. Er hat seine Erfahrungen in der \u00e4sthetischen Gesichtschirurgie im Krankenhaus von Virginia Arlington (Washington DC) erweitert. Er konzentriert sich haupts\u00e4chlich auf Brustoperationen, \u00e4sthetische Gesichtsoperationen, verschiedene Verfahren zur K\u00f6rperformung, Nasenoperationen und Augenlidoperationen.<\/p>\n\n\n\n<p>Prof. Dr. Aydin ist ISAPS-Mitglied und nimmt aktiv an regelm\u00e4\u00dfigen ISAPS-Treffen teil, wobei er die neuesten Techniken und technologischen Fortschritte auf seinem Gebiet verfolgt. Prof. Dr. Aydin wurde die Ehre zuteil, die Abteilung f\u00fcr Plastische, Rekonstruktive und \u00c4sthetische Chirurgie an der Istanbul Okan Universit\u00e4t einzurichten. Mit seiner langj\u00e4hrigen Erfahrung sowohl in der T\u00fcrkei und im Ausland sind die Patienten mit seiner hervorragenden Kommunikationsf\u00e4higkeit und seinen bemerkenswerten Operationsergebnissen sehr zufrieden.<\/p>\n<\/div>\n<\/div>\n\n\n\n<div class=\"wp-block-columns leftpadbox is-layout-flex wp-container-core-columns-is-layout-2 wp-block-columns-is-layout-flex\">\n<div class=\"wp-block-column is-layout-flow wp-block-column-is-layout-flow\">\n<h4 class=\"wp-block-heading\">Zertifikate<\/h4>\n\n\n\n<figure class=\"wp-block-gallery has-nested-images columns-default is-cropped wp-block-gallery-1 is-layout-flex wp-block-gallery-is-layout-flex\">\n<figure class=\"wp-block-image size-large skip-lazy\"><img decoding=\"async\" src=\"https:\/\/cliniccenter.co.uk\/wp-content\/uploads\/2023\/11\/dr_aydin_gozu_isaps_certificate.webp\" alt=\"\" class=\"wp-image-15789\"\/><\/figure>\n\n\n\n<figure class=\"wp-block-image size-large skip-lazy\"><img decoding=\"async\" src=\"https:\/\/cliniccenter.co.uk\/wp-content\/uploads\/2023\/11\/dr_aydin_gozu_hospital_certificate.webp\" alt=\"\" class=\"wp-image-15795\"\/><\/figure>\n<\/figure>\n<\/div>\n<\/div>\n\n\n\n<div class=\"wp-block-columns is-layout-flex wp-container-core-columns-is-layout-3 wp-block-columns-is-layout-flex\">\n<div class=\"wp-block-column leftpadbox is-layout-flow wp-block-column-is-layout-flow\">\n<p><p style=\"text-align: justify;\"><i class=\"fa fa-briefcase\" aria-hidden=\"true\"><\/i><strong>&nbsp;Erfahrung<\/strong>: 28 Jahre<br><i class=\"fa fa-globe\" aria-hidden=\"true\"><\/i><strong>&nbsp;International behandelte Patienten<\/strong>: Vereinigtes K\u00f6nigreich, Irland, Australien, Vereinigte Staaten von Amerika, Vereinigte Arabische Emirate, Saudi-Arabien, Kuwait<br><strong> Fachgebiete :<\/strong> <a href=\"https:\/\/cliniccenter.co.uk\/de\/brustvergroberung-in-der-turkei\/\">Brustvergr\u00f6Berung (Brustimplantate, Brustvergr\u00f6Berung)<\/a>, <a href=\"https:\/\/cliniccenter.co.uk\/de\/bruststraffung-in-der-turkei\/\">Bruststraffung<\/a>, <a href=\"https:\/\/cliniccenter.co.uk\/de\/brustverkleinerung-in-der-turkei\/\">Brustverkleinerung<\/a>, <a href=\"https:\/\/cliniccenter.co.uk\/de\/nasenoperation-in-der-turkei\/\">Rinooplasti (Nasenkorrektur )<\/a>, Septorinoplasti, <a href=\"https:\/\/cliniccenter.co.uk\/de\/fettabsaugung-in-der-turkei\/\">Fettabsaugung (Fettentfernung)<\/a>, Vaser &amp; Hi-Def Vaser Fettabsaugung, <a href=\"https:\/\/cliniccenter.co.uk\/de\/bauchstraffung-in-der-turkei\/\">Bauchdeckenstraffung<\/a>, <a href=\"https:\/\/cliniccenter.co.uk\/de\/po-vergroberung-mit-eigenfett-in-der-turkei\/\">Povergr\u00f6Berung (BBL)<\/a>, <a href=\"https:\/\/cliniccenter.co.uk\/de\/gesichtsstraffung-in-der-turkei\/\">Gesichtsliftung(Rhytidectomy)<\/a>, <a href=\"https:\/\/cliniccenter.co.uk\/de\/augenlid-op-in-der-turkei\/\">Augenlidstraffung (Blepharoplasty)<\/a>, <a href=\"https:\/\/cliniccenter.co.uk\/de\/gynakomastie-mannerbrustbehandlung-in-der-turkei\/\">Gynekomasti (M\u00e4nnliche Brustverkleinerung)<\/a>, Mommy Makeover, Oberschenkelstraffung(Thighplasty), Nackenliftung(Platysmaplasty), Armstraffung (Brachioplasty), Augenbrauenstraffung, Kosmetische Ohrenop (Otoplasty), <a href=\"https:\/\/cliniccenter.co.uk\/de\/cosmetische-chirurgie\/\">Kosmetische Chirurgie<\/a>.<br><i class=\"fa fa-globe\" aria-hidden=\"true\"><\/i><strong> Mitgliedschaften<\/strong>: Internationale Gesellschaft f\u00fcr \u00c4sthetische Plastische Chirurgie, T\u00fcrkischer Verband f\u00fcr Plastische Rekonstruktive und \u00c4sthetische Chirurgie, T\u00fcrkischer Verband f\u00fcr Handchirurgie, Verein f\u00fcr Rekonstruktive Mikrochirurgie<br><i class=\"fa fa-map-marker\" aria-hidden=\"true\"><\/i><strong>&nbsp;Stadt<\/strong>:&nbsp;Istanbul, T\u00fcrkei<br><i class=\"fa fa-calendar\" aria-hidden=\"true\"><\/i><strong>&nbsp;Arbeitstage<\/strong>: Wochentage und Samstags<br><i class=\"fa fa-globe\" aria-hidden=\"true\"><\/i><strong>&nbsp;Sprachen<\/strong>: Englisch<br><i class=\"fa fa-phone\" aria-hidden=\"true\"><\/i><strong>&nbsp;Kontakt<\/strong>:&nbsp;+44 20 3575 1039 &amp; info@cliniccenter.co.uk<\/p><\/p>\n<\/div>\n<\/div>\n<\/div>\n<\/div>\n","protected":false},"excerpt":{"rendered":"<p>Prof. Dr. Aydin ist einer der beliebtesten und talentiertesten plastischen Chirurgen in der T\u00fcrkei. Seine medizinische Ausbildung absolvierte er 1990 an der medizinischen Fakult\u00e4t der Hacettepe-Universit\u00e4t und begann als wissenschaftlicher Mitarbeiter f\u00fcr Plastische, Rekonstruktive und \u00c4sthetische Chirurgie zu arbeiten, wo er umfangreiche Erfahrungen in der Mikrochirurgie sammelte. 1998 wurde er plastischer Chirurg, 2011 Asst. Prof. [&hellip;]<\/p>\n","protected":false},"author":1,"featured_media":0,"parent":18856,"menu_order":0,"comment_status":"closed","ping_status":"closed","template":"","meta":{"_uag_custom_page_level_css":"","_lmt_disableupdate":"no","_lmt_disable":"","site-sidebar-layout":"default","site-content-layout":"default","ast-site-content-layout":"default","site-content-style":"default","site-sidebar-style":"default","ast-global-header-display":"","ast-banner-title-visibility":"","ast-main-header-display":"","ast-hfb-above-header-display":"","ast-hfb-below-header-display":"","ast-hfb-mobile-header-display":"","site-post-title":"","ast-breadcrumbs-content":"","ast-featured-img":"","footer-sml-layout":"","theme-transparent-header-meta":"default","adv-header-id-meta":"","stick-header-meta":"","header-above-stick-meta":"","header-main-stick-meta":"","header-below-stick-meta":"","astra-migrate-meta-layouts":"set","ast-page-background-enabled":"default","ast-page-background-meta":{"desktop":{"background-color":"","background-image":"","background-repeat":"repeat","background-position":"center center","background-size":"auto","background-attachment":"scroll","background-type":"","background-media":"","overlay-type":"","overlay-color":"","overlay-opacity":"","overlay-gradient":""},"tablet":{"background-color":"","background-image":"","background-repeat":"repeat","background-position":"center center","background-size":"auto","background-attachment":"scroll","background-type":"","background-media":"","overlay-type":"","overlay-color":"","overlay-opacity":"","overlay-gradient":""},"mobile":{"background-color":"","background-image":"","background-repeat":"repeat","background-position":"center center","background-size":"auto","background-attachment":"scroll","background-type":"","background-media":"","overlay-type":"","overlay-color":"","overlay-opacity":"","overlay-gradient":""}},"ast-content-background-meta":{"desktop":{"background-color":"var(--ast-global-color-5)","background-image":"","background-repeat":"repeat","background-position":"center center","background-size":"auto","background-attachment":"scroll","background-type":"","background-media":"","overlay-type":"","overlay-color":"","overlay-opacity":"","overlay-gradient":""},"tablet":{"background-color":"var(--ast-global-color-5)","background-image":"","background-repeat":"repeat","background-position":"center center","background-size":"auto","background-attachment":"scroll","background-type":"","background-media":"","overlay-type":"","overlay-color":"","overlay-opacity":"","overlay-gradient":""},"mobile":{"background-color":"var(--ast-global-color-5)","background-image":"","background-repeat":"repeat","background-position":"center center","background-size":"auto","background-attachment":"scroll","background-type":"","background-media":"","overlay-type":"","overlay-color":"","overlay-opacity":"","overlay-gradient":""}},"footnotes":""},"class_list":["post-18861","page","type-page","status-publish","hentry"],"yoast_head":"<!-- This site is optimized with the Yoast SEO plugin v25.3.1 - https:\/\/yoast.com\/wordpress\/plugins\/seo\/ -->\n<title>Prof. Dr. Aydin | Kosmetische Chirurgie Doctor | Clinic Center<\/title>\n<meta name=\"description\" content=\"Lesen Sie mehr \u00fcber den Partnerexperten Prof. Dr. Aydin vom Clinic Center mit 28 Jahren Erfahrung in der plastischen Chirurgie.\" \/>\n<meta name=\"robots\" content=\"index, follow, max-snippet:-1, max-image-preview:large, max-video-preview:-1\" \/>\n<link rel=\"canonical\" href=\"https:\/\/cliniccenter.co.uk\/de\/prof-dr-aydin\/\" \/>\n<meta property=\"og:locale\" content=\"de_DE\" \/>\n<meta property=\"og:type\" content=\"article\" \/>\n<meta property=\"og:title\" content=\"Prof. Dr. Aydin | Kosmetische Chirurgie Doctor | Clinic Center\" \/>\n<meta property=\"og:description\" content=\"Lesen Sie mehr \u00fcber den Partnerexperten Prof. Dr. Aydin vom Clinic Center mit 28 Jahren Erfahrung in der plastischen Chirurgie.\" \/>\n<meta property=\"og:url\" content=\"https:\/\/cliniccenter.co.uk\/de\/prof-dr-aydin\/\" \/>\n<meta property=\"article:publisher\" content=\"https:\/\/www.facebook.com\/cliniccenter.co.uk\/\" \/>\n<meta property=\"article:modified_time\" content=\"2024-03-27T12:04:41+00:00\" \/>\n<meta property=\"og:image\" content=\"https:\/\/cliniccenter.co.uk\/wp-content\/uploads\/2023\/11\/aydin-gozu-517x1024-1.webp\" \/>\n<meta name=\"twitter:card\" content=\"summary_large_image\" \/>\n<meta name=\"twitter:site\" content=\"@cliniccenteruk\" \/>\n<meta name=\"twitter:label1\" content=\"Gesch\u00e4tzte Lesezeit\" \/>\n\t<meta name=\"twitter:data1\" content=\"2\u00a0Minuten\" \/>\n<!-- \/ Yoast SEO plugin. -->","yoast_head_json":{"title":"Prof. Dr. Aydin | Kosmetische Chirurgie Doctor | Clinic Center","description":"Lesen Sie mehr \u00fcber den Partnerexperten Prof. Dr. Aydin vom Clinic Center mit 28 Jahren Erfahrung in der plastischen Chirurgie.","robots":{"index":"index","follow":"follow","max-snippet":"max-snippet:-1","max-image-preview":"max-image-preview:large","max-video-preview":"max-video-preview:-1"},"canonical":"https:\/\/cliniccenter.co.uk\/de\/prof-dr-aydin\/","og_locale":"de_DE","og_type":"article","og_title":"Prof. Dr. Aydin | Kosmetische Chirurgie Doctor | Clinic Center","og_description":"Lesen Sie mehr \u00fcber den Partnerexperten Prof. Dr. Aydin vom Clinic Center mit 28 Jahren Erfahrung in der plastischen Chirurgie.","og_url":"https:\/\/cliniccenter.co.uk\/de\/prof-dr-aydin\/","article_publisher":"https:\/\/www.facebook.com\/cliniccenter.co.uk\/","article_modified_time":"2024-03-27T12:04:41+00:00","og_image":[{"url":"https:\/\/cliniccenter.co.uk\/wp-content\/uploads\/2023\/11\/aydin-gozu-517x1024-1.webp","type":"","width":"","height":""}],"twitter_card":"summary_large_image","twitter_site":"@cliniccenteruk","twitter_misc":{"Gesch\u00e4tzte Lesezeit":"2\u00a0Minuten"},"schema":{"@context":"https:\/\/schema.org","@graph":[{"@type":"WebPage","@id":"https:\/\/cliniccenter.co.uk\/de\/prof-dr-aydin\/","url":"https:\/\/cliniccenter.co.uk\/de\/prof-dr-aydin\/","name":"Prof. Dr. Aydin | Kosmetische Chirurgie Doctor | Clinic Center","isPartOf":{"@id":"https:\/\/cliniccenter.co.uk\/ro\/#website"},"primaryImageOfPage":{"@id":"https:\/\/cliniccenter.co.uk\/de\/prof-dr-aydin\/#primaryimage"},"image":{"@id":"https:\/\/cliniccenter.co.uk\/de\/prof-dr-aydin\/#primaryimage"},"thumbnailUrl":"https:\/\/cliniccenter.co.uk\/wp-content\/uploads\/2023\/11\/aydin-gozu-517x1024-1.webp","datePublished":"2018-12-30T05:53:35+00:00","dateModified":"2024-03-27T12:04:41+00:00","description":"Lesen Sie mehr \u00fcber den Partnerexperten Prof. Dr. Aydin vom Clinic Center mit 28 Jahren Erfahrung in der plastischen Chirurgie.","breadcrumb":{"@id":"https:\/\/cliniccenter.co.uk\/de\/prof-dr-aydin\/#breadcrumb"},"inLanguage":"de","potentialAction":[{"@type":"ReadAction","target":["https:\/\/cliniccenter.co.uk\/de\/prof-dr-aydin\/"]}]},{"@type":"ImageObject","inLanguage":"de","@id":"https:\/\/cliniccenter.co.uk\/de\/prof-dr-aydin\/#primaryimage","url":"https:\/\/cliniccenter.co.uk\/wp-content\/uploads\/2023\/11\/aydin-gozu-517x1024-1.webp","contentUrl":"https:\/\/cliniccenter.co.uk\/wp-content\/uploads\/2023\/11\/aydin-gozu-517x1024-1.webp"},{"@type":"BreadcrumbList","@id":"https:\/\/cliniccenter.co.uk\/de\/prof-dr-aydin\/#breadcrumb","itemListElement":[{"@type":"ListItem","position":1,"name":"Home","item":"https:\/\/cliniccenter.co.uk\/de\/"},{"@type":"ListItem","position":2,"name":"Beste Chirurgen in der T\u00fcrkei | Top-Operationen in der T\u00fcrkei","item":"https:\/\/cliniccenter.co.uk\/de\/arzt\/"},{"@type":"ListItem","position":3,"name":"Prof. Dr. Aydin | Kosmetische Chirurgie Doctor | Clinic Center"}]},{"@type":"WebSite","@id":"https:\/\/cliniccenter.co.uk\/ro\/#website","url":"https:\/\/cliniccenter.co.uk\/ro\/","name":"","description":"","potentialAction":[{"@type":"SearchAction","target":{"@type":"EntryPoint","urlTemplate":"https:\/\/cliniccenter.co.uk\/ro\/?s={search_term_string}"},"query-input":{"@type":"PropertyValueSpecification","valueRequired":true,"valueName":"search_term_string"}}],"inLanguage":"de"}]}},"uagb_featured_image_src":{"full":false,"thumbnail":false,"medium":false,"medium_large":false,"large":false,"1536x1536":false,"2048x2048":false},"uagb_author_info":{"display_name":"cliniccenter","author_link":"https:\/\/cliniccenter.co.uk\/de\/blog\/author\/cliniccenter\/"},"uagb_comment_info":0,"uagb_excerpt":"Prof. Dr. Aydin ist einer der beliebtesten und talentiertesten plastischen Chirurgen in der T\u00fcrkei. Seine medizinische Ausbildung absolvierte er 1990 an der medizinischen Fakult\u00e4t der Hacettepe-Universit\u00e4t und begann als wissenschaftlicher Mitarbeiter f\u00fcr Plastische, Rekonstruktive und \u00c4sthetische Chirurgie zu arbeiten, wo er umfangreiche Erfahrungen in der Mikrochirurgie sammelte. 1998 wurde er plastischer Chirurg, 2011 Asst. Prof.&hellip;","_links":{"self":[{"href":"https:\/\/cliniccenter.co.uk\/de\/wp-json\/wp\/v2\/pages\/18861"}],"collection":[{"href":"https:\/\/cliniccenter.co.uk\/de\/wp-json\/wp\/v2\/pages"}],"about":[{"href":"https:\/\/cliniccenter.co.uk\/de\/wp-json\/wp\/v2\/types\/page"}],"author":[{"embeddable":true,"href":"https:\/\/cliniccenter.co.uk\/de\/wp-json\/wp\/v2\/users\/1"}],"replies":[{"embeddable":true,"href":"https:\/\/cliniccenter.co.uk\/de\/wp-json\/wp\/v2\/comments?post=18861"}],"version-history":[{"count":5,"href":"https:\/\/cliniccenter.co.uk\/de\/wp-json\/wp\/v2\/pages\/18861\/revisions"}],"predecessor-version":[{"id":51058,"href":"https:\/\/cliniccenter.co.uk\/de\/wp-json\/wp\/v2\/pages\/18861\/revisions\/51058"}],"up":[{"embeddable":true,"href":"https:\/\/cliniccenter.co.uk\/de\/wp-json\/wp\/v2\/pages\/18856"}],"wp:attachment":[{"href":"https:\/\/cliniccenter.co.uk\/de\/wp-json\/wp\/v2\/media?parent=18861"}],"curies":[{"name":"wp","href":"https:\/\/api.w.org\/{rel}","templated":true}]}}