{"id":18878,"date":"2019-01-02T13:09:42","date_gmt":"2019-01-02T13:09:42","guid":{"rendered":"https:\/\/cliniccenter.co.uk\/arzt\/dr-cagri-sade\/"},"modified":"2024-11-18T13:45:50","modified_gmt":"2024-11-18T13:45:50","slug":"dr-cagri","status":"publish","type":"page","link":"https:\/\/cliniccenter.co.uk\/de\/dr-cagri\/","title":{"rendered":"Dr. Cagri | Kosmetische Chirurgie Doctor | Clinic Center"},"content":{"rendered":"\n<div class=\"wp-block-columns is-layout-flex wp-container-core-columns-is-layout-3 wp-block-columns-is-layout-flex\">\n<div class=\"wp-block-column is-layout-flow wp-block-column-is-layout-flow\" style=\"flex-basis:33.33%\">\n<figure class=\"wp-block-image alignleft size-full\"><img decoding=\"async\" width=\"517\" height=\"1024\" src=\"https:\/\/cliniccenter.co.uk\/wp-content\/uploads\/2023\/11\/cagri-sade-1-517x1024-1.webp\" alt=\"\" class=\"wp-image-46849\" srcset=\"https:\/\/cliniccenter.co.uk\/wp-content\/uploads\/2023\/11\/cagri-sade-1-517x1024-1.webp 517w, https:\/\/cliniccenter.co.uk\/wp-content\/uploads\/2023\/11\/cagri-sade-1-517x1024-1-151x300.webp 151w\" sizes=\"(max-width: 517px) 100vw, 517px\" \/><\/figure>\n<\/div>\n\n\n\n<div class=\"wp-block-column is-layout-flow wp-block-column-is-layout-flow\" style=\"flex-basis:66.66%\">\n<div class=\"wp-block-columns is-layout-flex wp-container-core-columns-is-layout-1 wp-block-columns-is-layout-flex\">\n<div class=\"wp-block-column leftpadbox is-layout-flow wp-block-column-is-layout-flow\">\n<p>Dr. Cagri schloss sein Studium 1994 an der medizinischen Fakult\u00e4t der Universit\u00e4t Ankara ab und absolvierte 2001 seine Facharztausbildung in einem der am meisten lehrenden Forschungskrankenh\u00e4user in Istanbul.<\/p>\n\n\n\n<p>Dr. Cagri hat bereits tausende erfolgreiche Operationen durchgef\u00fchrt und sammelte gro\u00dfe Erfahrung unter den f\u00fchrenden Namen auf dem Gebiet der Plastischen und Rekonstruktiven Chirurgie. Nach Abschluss seiner Assistenzzeit im Jahr 2001 hatte er das Privileg, mit einem der beliebtesten Pioniere auf dem Gebiet der plastischen Chirurgie in der T\u00fcrkei zusammenzuarbeiten.<\/p>\n\n\n\n<p>Dr. Cagri trat 2002 dem Beobachtungsprogramm des amerikanischen plastischen Chirurgen Dr. Sherrell J. Aston bei. Im selben Jahr wurde er Stabsarzt am American Hospital in Istanbul. Dr. Cagri konzentriert sich haupts\u00e4chlich auf chirurgische und nicht-chirurgische, \u00e4sthetische und rekonstruktive Verfahren f\u00fcr M\u00e4nner und Frauen. Mit mehr als 10 Jahren Erfahrung in diesem Bereich sind die Patienten von Dr. Cagri mit seiner freundlichen Einstellung, den Kommunikationsf\u00e4higkeiten und den Operationsergebnissen sehr zufrieden.<\/p>\n<\/div>\n<\/div>\n\n\n\n<h3 class=\"wp-block-heading\">Zertifikate<\/h3>\n\n\n\n<figure class=\"wp-block-gallery has-nested-images columns-default is-cropped wp-block-gallery-1 is-layout-flex wp-block-gallery-is-layout-flex\">\n<figure class=\"wp-block-image size-large skip-lazy\"><img decoding=\"async\" src=\"https:\/\/cliniccenter.co.uk\/wp-content\/uploads\/2023\/11\/cagri-sade-2-1.webp\" alt=\"\" class=\"wp-image-16625\"\/><\/figure>\n\n\n\n<figure class=\"wp-block-image size-large skip-lazy\"><img decoding=\"async\" src=\"https:\/\/cliniccenter.co.uk\/wp-content\/uploads\/2023\/11\/Cagri-Sade-Certificate-1.webp\" alt=\"\" class=\"wp-image-16631\"\/><\/figure>\n<\/figure>\n\n\n\n<div class=\"wp-block-columns is-layout-flex wp-container-core-columns-is-layout-2 wp-block-columns-is-layout-flex\">\n<div class=\"wp-block-column leftpadbox is-layout-flow wp-block-column-is-layout-flow\">\n<p><p style=\"text-align: justify;\"><i class=\"fa fa-briefcase\" aria-hidden=\"true\"><\/i><strong>&nbsp;Erfahrung<\/strong>: 18 Jahre<br><i class=\"fa fa-globe\" aria-hidden=\"true\"><\/i><strong>&nbsp;International behandelte Patienten<\/strong>: Vereinigtes K\u00f6nigreich, Irland, Australien, Vereinigte Staaten von Amerika, Vereinigte Arabische Emirate, Saudi-Arabien, Kuwait<\/p>\n<p><strong> Fachgebiete :<\/strong> <a href=\"https:\/\/cliniccenter.co.uk\/de\/brustvergroberung-in-der-turkei\/\">Brustvergr\u00f6Berung (Brustimplantate, Brustvergr\u00f6Berung)<\/a>, <a href=\"https:\/\/cliniccenter.co.uk\/de\/bruststraffung-in-der-turkei\/\">Bruststraffung<\/a>, <a href=\"https:\/\/cliniccenter.co.uk\/de\/brustverkleinerung-in-der-turkei\/\">Brustverkleinerung<\/a>, <a href=\"https:\/\/cliniccenter.co.uk\/de\/nasenoperation-in-der-turkei\/\">Rinooplasti (Nasenkorrektur )<\/a>, Septorinoplasti, <a href=\"https:\/\/cliniccenter.co.uk\/de\/fettabsaugung-in-der-turkei\/\">Fettabsaugung (Fettentfernung)<\/a>, Vaser &amp; Hi-Def Vaser Fettabsaugung, <a href=\"https:\/\/cliniccenter.co.uk\/de\/bauchstraffung-in-der-turkei\/\">Bauchdeckenstraffung<\/a>, <a href=\"https:\/\/cliniccenter.co.uk\/de\/po-vergroberung-mit-eigenfett-in-der-turkei\/\">Povergr\u00f6Berung (BBL)<\/a>, <a href=\"https:\/\/cliniccenter.co.uk\/de\/gesichtsstraffung-in-der-turkei\/\">Gesichtsliftung(Rhytidectomy)<\/a>, <a href=\"https:\/\/cliniccenter.co.uk\/de\/augenlid-op-in-der-turkei\/\">Augenlidstraffung (Blepharoplasty)<\/a>, <a href=\"https:\/\/cliniccenter.co.uk\/de\/gynakomastie-mannerbrustbehandlung-in-der-turkei\/\">Gynekomasti (M\u00e4nnliche Brustverkleinerung)<\/a>, Mommy Makeover, Oberschenkelstraffung(Thighplasty), Nackenliftung(Platysmaplasty), Armstraffung (Brachioplasty), Augenbrauenstraffung, Kosmetische Ohrenop (Otoplasty), <a href=\"https:\/\/cliniccenter.co.uk\/de\/cosmetische-chirurgie\/\">Kosmetische Chirurgie<\/a>.<br><i class=\"fa fa-map-marker\" aria-hidden=\"true\"><\/i><strong>&nbsp;Stadt<\/strong>:&nbsp;Istanbul, T\u00fcrkei<br><i class=\"fa fa-calendar\" aria-hidden=\"true\"><\/i><strong>&nbsp;Arbeitstage<\/strong>: Wochentage und Samstags<br><i class=\"fa fa-phone\" aria-hidden=\"true\"><\/i><strong>&nbsp;Kontakt<\/strong>:&nbsp;+44 20 3575 1039 &amp; info@cliniccenter.co.uk<\/p><\/p>\n<\/div>\n<\/div>\n<\/div>\n<\/div>\n","protected":false},"excerpt":{"rendered":"<p>Dr. Cagri schloss sein Studium 1994 an der medizinischen Fakult\u00e4t der Universit\u00e4t Ankara ab und absolvierte 2001 seine Facharztausbildung in einem der am meisten lehrenden Forschungskrankenh\u00e4user in Istanbul. Dr. Cagri hat bereits tausende erfolgreiche Operationen durchgef\u00fchrt und sammelte gro\u00dfe Erfahrung unter den f\u00fchrenden Namen auf dem Gebiet der Plastischen und Rekonstruktiven Chirurgie. Nach Abschluss seiner [&hellip;]<\/p>\n","protected":false},"author":2,"featured_media":0,"parent":18856,"menu_order":0,"comment_status":"closed","ping_status":"closed","template":"","meta":{"_uag_custom_page_level_css":"","_lmt_disableupdate":"no","_lmt_disable":"","site-sidebar-layout":"default","site-content-layout":"default","ast-site-content-layout":"default","site-content-style":"default","site-sidebar-style":"default","ast-global-header-display":"","ast-banner-title-visibility":"","ast-main-header-display":"","ast-hfb-above-header-display":"","ast-hfb-below-header-display":"","ast-hfb-mobile-header-display":"","site-post-title":"","ast-breadcrumbs-content":"","ast-featured-img":"","footer-sml-layout":"","theme-transparent-header-meta":"default","adv-header-id-meta":"","stick-header-meta":"","header-above-stick-meta":"","header-main-stick-meta":"","header-below-stick-meta":"","astra-migrate-meta-layouts":"set","ast-page-background-enabled":"default","ast-page-background-meta":{"desktop":{"background-color":"","background-image":"","background-repeat":"repeat","background-position":"center center","background-size":"auto","background-attachment":"scroll","background-type":"","background-media":"","overlay-type":"","overlay-color":"","overlay-opacity":"","overlay-gradient":""},"tablet":{"background-color":"","background-image":"","background-repeat":"repeat","background-position":"center center","background-size":"auto","background-attachment":"scroll","background-type":"","background-media":"","overlay-type":"","overlay-color":"","overlay-opacity":"","overlay-gradient":""},"mobile":{"background-color":"","background-image":"","background-repeat":"repeat","background-position":"center center","background-size":"auto","background-attachment":"scroll","background-type":"","background-media":"","overlay-type":"","overlay-color":"","overlay-opacity":"","overlay-gradient":""}},"ast-content-background-meta":{"desktop":{"background-color":"var(--ast-global-color-5)","background-image":"","background-repeat":"repeat","background-position":"center center","background-size":"auto","background-attachment":"scroll","background-type":"","background-media":"","overlay-type":"","overlay-color":"","overlay-opacity":"","overlay-gradient":""},"tablet":{"background-color":"var(--ast-global-color-5)","background-image":"","background-repeat":"repeat","background-position":"center center","background-size":"auto","background-attachment":"scroll","background-type":"","background-media":"","overlay-type":"","overlay-color":"","overlay-opacity":"","overlay-gradient":""},"mobile":{"background-color":"var(--ast-global-color-5)","background-image":"","background-repeat":"repeat","background-position":"center center","background-size":"auto","background-attachment":"scroll","background-type":"","background-media":"","overlay-type":"","overlay-color":"","overlay-opacity":"","overlay-gradient":""}},"footnotes":""},"class_list":["post-18878","page","type-page","status-publish","hentry"],"yoast_head":"<!-- This site is optimized with the Yoast SEO plugin v25.3.1 - https:\/\/yoast.com\/wordpress\/plugins\/seo\/ -->\n<title>Dr. Cagri | Kosmetische Chirurgie Doctor | Clinic Center<\/title>\n<meta name=\"description\" content=\"Lesen Sie mehr \u00fcber Dr. Cagri vom Clinic Center mit 18 Jahren Erfahrung in der plastischen Chirurgie.\" \/>\n<meta name=\"robots\" content=\"index, follow, max-snippet:-1, max-image-preview:large, max-video-preview:-1\" \/>\n<link rel=\"canonical\" href=\"https:\/\/cliniccenter.co.uk\/de\/dr-cagri\/\" \/>\n<meta property=\"og:locale\" content=\"de_DE\" \/>\n<meta property=\"og:type\" content=\"article\" \/>\n<meta property=\"og:title\" content=\"Dr. Cagri | Kosmetische Chirurgie Doctor | Clinic Center\" \/>\n<meta property=\"og:description\" content=\"Lesen Sie mehr \u00fcber Dr. Cagri vom Clinic Center mit 18 Jahren Erfahrung in der plastischen Chirurgie.\" \/>\n<meta property=\"og:url\" content=\"https:\/\/cliniccenter.co.uk\/de\/dr-cagri\/\" \/>\n<meta property=\"article:publisher\" content=\"https:\/\/www.facebook.com\/cliniccenter.co.uk\/\" \/>\n<meta property=\"article:modified_time\" content=\"2024-11-18T13:45:50+00:00\" \/>\n<meta property=\"og:image\" content=\"https:\/\/cliniccenter.co.uk\/wp-content\/uploads\/2023\/11\/cagri-sade-1-517x1024-1.webp\" \/>\n<meta name=\"twitter:card\" content=\"summary_large_image\" \/>\n<meta name=\"twitter:site\" content=\"@cliniccenteruk\" \/>\n<meta name=\"twitter:label1\" content=\"Gesch\u00e4tzte Lesezeit\" \/>\n\t<meta name=\"twitter:data1\" content=\"2\u00a0Minuten\" \/>\n<!-- \/ Yoast SEO plugin. -->","yoast_head_json":{"title":"Dr. Cagri | Kosmetische Chirurgie Doctor | Clinic Center","description":"Lesen Sie mehr \u00fcber Dr. Cagri vom Clinic Center mit 18 Jahren Erfahrung in der plastischen Chirurgie.","robots":{"index":"index","follow":"follow","max-snippet":"max-snippet:-1","max-image-preview":"max-image-preview:large","max-video-preview":"max-video-preview:-1"},"canonical":"https:\/\/cliniccenter.co.uk\/de\/dr-cagri\/","og_locale":"de_DE","og_type":"article","og_title":"Dr. Cagri | Kosmetische Chirurgie Doctor | Clinic Center","og_description":"Lesen Sie mehr \u00fcber Dr. Cagri vom Clinic Center mit 18 Jahren Erfahrung in der plastischen Chirurgie.","og_url":"https:\/\/cliniccenter.co.uk\/de\/dr-cagri\/","article_publisher":"https:\/\/www.facebook.com\/cliniccenter.co.uk\/","article_modified_time":"2024-11-18T13:45:50+00:00","og_image":[{"url":"https:\/\/cliniccenter.co.uk\/wp-content\/uploads\/2023\/11\/cagri-sade-1-517x1024-1.webp","type":"","width":"","height":""}],"twitter_card":"summary_large_image","twitter_site":"@cliniccenteruk","twitter_misc":{"Gesch\u00e4tzte Lesezeit":"2\u00a0Minuten"},"schema":{"@context":"https:\/\/schema.org","@graph":[{"@type":"WebPage","@id":"https:\/\/cliniccenter.co.uk\/de\/dr-cagri\/","url":"https:\/\/cliniccenter.co.uk\/de\/dr-cagri\/","name":"Dr. Cagri | Kosmetische Chirurgie Doctor | Clinic Center","isPartOf":{"@id":"https:\/\/cliniccenter.co.uk\/ro\/#website"},"primaryImageOfPage":{"@id":"https:\/\/cliniccenter.co.uk\/de\/dr-cagri\/#primaryimage"},"image":{"@id":"https:\/\/cliniccenter.co.uk\/de\/dr-cagri\/#primaryimage"},"thumbnailUrl":"https:\/\/cliniccenter.co.uk\/wp-content\/uploads\/2023\/11\/cagri-sade-1-517x1024-1.webp","datePublished":"2019-01-02T13:09:42+00:00","dateModified":"2024-11-18T13:45:50+00:00","description":"Lesen Sie mehr \u00fcber Dr. Cagri vom Clinic Center mit 18 Jahren Erfahrung in der plastischen Chirurgie.","breadcrumb":{"@id":"https:\/\/cliniccenter.co.uk\/de\/dr-cagri\/#breadcrumb"},"inLanguage":"de","potentialAction":[{"@type":"ReadAction","target":["https:\/\/cliniccenter.co.uk\/de\/dr-cagri\/"]}]},{"@type":"ImageObject","inLanguage":"de","@id":"https:\/\/cliniccenter.co.uk\/de\/dr-cagri\/#primaryimage","url":"https:\/\/cliniccenter.co.uk\/wp-content\/uploads\/2023\/11\/cagri-sade-1-517x1024-1.webp","contentUrl":"https:\/\/cliniccenter.co.uk\/wp-content\/uploads\/2023\/11\/cagri-sade-1-517x1024-1.webp"},{"@type":"BreadcrumbList","@id":"https:\/\/cliniccenter.co.uk\/de\/dr-cagri\/#breadcrumb","itemListElement":[{"@type":"ListItem","position":1,"name":"Home","item":"https:\/\/cliniccenter.co.uk\/de\/"},{"@type":"ListItem","position":2,"name":"Beste Chirurgen in der T\u00fcrkei | Top-Operationen in der T\u00fcrkei","item":"https:\/\/cliniccenter.co.uk\/de\/arzt\/"},{"@type":"ListItem","position":3,"name":"Dr. Cagri | Kosmetische Chirurgie Doctor | Clinic Center"}]},{"@type":"WebSite","@id":"https:\/\/cliniccenter.co.uk\/ro\/#website","url":"https:\/\/cliniccenter.co.uk\/ro\/","name":"","description":"","potentialAction":[{"@type":"SearchAction","target":{"@type":"EntryPoint","urlTemplate":"https:\/\/cliniccenter.co.uk\/ro\/?s={search_term_string}"},"query-input":{"@type":"PropertyValueSpecification","valueRequired":true,"valueName":"search_term_string"}}],"inLanguage":"de"}]}},"uagb_featured_image_src":{"full":false,"thumbnail":false,"medium":false,"medium_large":false,"large":false,"1536x1536":false,"2048x2048":false},"uagb_author_info":{"display_name":"Sertac Ceki","author_link":"https:\/\/cliniccenter.co.uk\/de\/blog\/author\/sertaccliniccenter-co-uk\/"},"uagb_comment_info":0,"uagb_excerpt":"Dr. Cagri schloss sein Studium 1994 an der medizinischen Fakult\u00e4t der Universit\u00e4t Ankara ab und absolvierte 2001 seine Facharztausbildung in einem der am meisten lehrenden Forschungskrankenh\u00e4user in Istanbul. Dr. Cagri hat bereits tausende erfolgreiche Operationen durchgef\u00fchrt und sammelte gro\u00dfe Erfahrung unter den f\u00fchrenden Namen auf dem Gebiet der Plastischen und Rekonstruktiven Chirurgie. Nach Abschluss seiner&hellip;","_links":{"self":[{"href":"https:\/\/cliniccenter.co.uk\/de\/wp-json\/wp\/v2\/pages\/18878"}],"collection":[{"href":"https:\/\/cliniccenter.co.uk\/de\/wp-json\/wp\/v2\/pages"}],"about":[{"href":"https:\/\/cliniccenter.co.uk\/de\/wp-json\/wp\/v2\/types\/page"}],"author":[{"embeddable":true,"href":"https:\/\/cliniccenter.co.uk\/de\/wp-json\/wp\/v2\/users\/2"}],"replies":[{"embeddable":true,"href":"https:\/\/cliniccenter.co.uk\/de\/wp-json\/wp\/v2\/comments?post=18878"}],"version-history":[{"count":6,"href":"https:\/\/cliniccenter.co.uk\/de\/wp-json\/wp\/v2\/pages\/18878\/revisions"}],"predecessor-version":[{"id":51160,"href":"https:\/\/cliniccenter.co.uk\/de\/wp-json\/wp\/v2\/pages\/18878\/revisions\/51160"}],"up":[{"embeddable":true,"href":"https:\/\/cliniccenter.co.uk\/de\/wp-json\/wp\/v2\/pages\/18856"}],"wp:attachment":[{"href":"https:\/\/cliniccenter.co.uk\/de\/wp-json\/wp\/v2\/media?parent=18878"}],"curies":[{"name":"wp","href":"https:\/\/api.w.org\/{rel}","templated":true}]}}