{"id":18882,"date":"2019-09-12T15:32:49","date_gmt":"2019-09-12T15:32:49","guid":{"rendered":"https:\/\/cliniccenter.co.uk\/arzt\/dr-hakan-gundogan\/"},"modified":"2024-11-18T13:45:04","modified_gmt":"2024-11-18T13:45:04","slug":"dr-hakan","status":"publish","type":"page","link":"https:\/\/cliniccenter.co.uk\/de\/dr-hakan\/","title":{"rendered":"Dr. Hakan | Kosmetische Chirurgie Doctor | Clinic Center"},"content":{"rendered":"\n<div class=\"wp-block-columns is-layout-flex wp-container-core-columns-is-layout-3 wp-block-columns-is-layout-flex\">\n<div class=\"wp-block-column is-layout-flow wp-block-column-is-layout-flow\" style=\"flex-basis:33.33%\">\n<figure class=\"wp-block-image alignleft size-large skip-lazy\"><img decoding=\"async\" src=\"https:\/\/cliniccenter.co.uk\/wp-content\/uploads\/2023\/11\/hakan-gundogan-517x1024-1.webp\" alt=\"\" class=\"wp-image-12689\"\/><\/figure>\n<\/div>\n\n\n\n<div class=\"wp-block-column is-layout-flow wp-block-column-is-layout-flow\" style=\"flex-basis:66.66%\">\n<div class=\"wp-block-columns is-layout-flex wp-container-core-columns-is-layout-1 wp-block-columns-is-layout-flex\">\n<div class=\"wp-block-column leftpadbox is-layout-flow wp-block-column-is-layout-flow\">\n<p>Dr. Hakan schloss sein Medizinstudium im Jahr 1994 an der Ege Universit\u00e4t ab. Dr. Hakan hat es geschafft, zu den Top 10 den \u00c4rzten zu geh\u00f6ren und begann als wissenschaftlicher Mitarbeiter an der Klinik f\u00fcr \u00c4sthetische Plastische und Rekonstruktive Chirurgie der Medizinischen Fakult\u00e4t der Universit\u00e4t Ege, einer der renommiertesten Kliniken in der T\u00fcrkei.<\/p>\n\n\n\n<p>Im Jahr 2000 wurde Dr. Hakan einem Stipendium, f\u00fcr das nur Fach\u00e4rzte zugelassen wurden, als Post-Doctoral Fellowship-Stipendiat zugelassen. Er wurde am Baylor College of Medicine (Houston, Texas, USA), einer der renommiertesten medizinischen Fakult\u00e4ten der Welt, aufgenommen und absolvierte sein letztes Jahr als Assistent f\u00fcr \u00e4sthetische und rekonstruktive Chirurgie.<\/p>\n\n\n\n<p>W\u00e4hrend er seine Erfahrungen in der \u00e4sthetischen Chirurgie in den USA vervielfachte, setzte er seine wissenschaftlichen Studien auf dem Gebiet der experimentellen Mikrochirurgie fort. Dr. Hakans experimentelle Studie \u201eGentherapie bei mikrovaskul\u00e4ren Venentransplantaten\u201c, die im Rahmen des Humangenomprojekts (Baylor College of Medicine, Houston, TX, USA) entwickelt wurde, wurde 2001 als Assistenzarbeit angenommen und gilt als die erste in ver\u00f6ffentlichte Studie dieses Feld in unserem Land.<\/p>\n\n\n\n<p>Im Jahr 2002 wurde Dr. Hakan zum Craniomaxillofacial Surgery Fellowship an der Chang Gung University in Taiwan eingeladen. Dort befindet sich die weltweit gr\u00f6\u00dfte Klinik f\u00fcr plastische Chirurgie, in der jedes Jahr nur ein ausl\u00e4ndischer plastischer Chirurg zugelassen wird (vor allem in der endoskopischen Brustvergr\u00f6\u00dferung und Gesichtsverj\u00fcngungbranche)<\/p>\n\n\n\n<p>Nach seinem erfolgreichem Abschluss der Ausbildung in Craniomaxillofacial Surgery am Chang Gung University Hospital in Taiwan Ende 2003, kehrte Dr. Hakan in die T\u00fcrkei zur\u00fcck und begann sein Stipendium f\u00fcr \u00c4sthetische Chirurgie bei Onur Erol.<\/p>\n\n\n\n<p>Dr. Hakan war der erste plastische Chirurg, der die schriftlichen und m\u00fcndlichen Pr\u00fcfungen der T\u00fcrkischen Gesellschaft f\u00fcr \u00e4sthetische, plastische und rekonstruktive Chirurgie erfolgreich abschloss.<\/p>\n\n\n\n<p>W\u00e4hrend seiner Karriere nahm er an fast 100 nationalen und internationalen wissenschaftlichen Kongressen teil und wurde eingeladen, seine Erfahrungen bei vielen dieser Treffen mitzuteilen. Er wurde im Nachhinein als Dozent und Redner zu verschiedenen nationalen und internationalen Treffen eingeladen.<\/p>\n\n\n\n<p>Mit langj\u00e4hriger Erfahrung und vielen akademischen Erfolgen in der T\u00fcrkei und im Ausland sind die Patienten mit seinen gro\u00dfartigen Kommunikationsf\u00e4higkeiten und seinen bemerkenswerten Operationsergebnissen sehr zufrieden.<\/p>\n<\/div>\n<\/div>\n\n\n\n<h3 class=\"wp-block-heading\">Zertifikate<\/h3>\n\n\n\n<figure class=\"wp-block-gallery has-nested-images columns-default is-cropped wp-block-gallery-1 is-layout-flex wp-block-gallery-is-layout-flex\">\n<figure class=\"wp-block-image size-large skip-lazy\"><img decoding=\"async\" src=\"https:\/\/cliniccenter.co.uk\/wp-content\/uploads\/2023\/11\/hakan-gundogan-certificate-1-2.webp\" alt=\"\" class=\"wp-image-16572\"\/><\/figure>\n\n\n\n<figure class=\"wp-block-image size-large skip-lazy\"><img decoding=\"async\" src=\"https:\/\/cliniccenter.co.uk\/wp-content\/uploads\/2023\/11\/hakan-gundogan-certificate-2-1.webp\" alt=\"\" class=\"wp-image-16578\"\/><\/figure>\n<\/figure>\n\n\n\n<div class=\"wp-block-columns is-layout-flex wp-container-core-columns-is-layout-2 wp-block-columns-is-layout-flex\">\n<div class=\"wp-block-column leftpadbox is-layout-flow wp-block-column-is-layout-flow\">\n<p><p style=\"text-align: justify;\"><i class=\"fa fa-briefcase\" aria-hidden=\"true\"><\/i><strong>&nbsp;Erfahrung<\/strong>: 25 Jahre<br><i class=\"fa fa-globe\" aria-hidden=\"true\"><\/i><strong>&nbsp;International behandelte Patienten<\/strong>: Vereinigtes K\u00f6nigreich, Irland, Australien, Vereinigte Staaten von Amerika, Kanada, Deutschland, Frankreich, Vereinigte Arabische Emirate, Saudi-Arabien<br><i class=\"fa fa-globe\" aria-hidden=\"true\"><\/i><strong> Mitgliedschaften<\/strong>: Turkish Medical Association, Turkish Association of Plastic Reconstructive and Aesthetic Surgery, Chang Gung Craniofacial Surgery Club, Aesthetic Plastic Surgery Association<\/p>\n<p>Fachgebiete : <a href=\"https:\/\/cliniccenter.co.uk\/de\/brustvergroberung-in-der-turkei\/\">Brustvergr\u00f6Berung (Brustimplantate, Brustvergr\u00f6Berung)<\/a>, <a href=\"https:\/\/cliniccenter.co.uk\/de\/bruststraffung-in-der-turkei\/\">Bruststraffung<\/a>, <a href=\"https:\/\/cliniccenter.co.uk\/de\/brustverkleinerung-in-der-turkei\/\">Brustverkleinerung<\/a>, <a href=\"https:\/\/cliniccenter.co.uk\/de\/nasenoperation-in-der-turkei\/\">Rinooplasti (Nasenkorrektur )<\/a>, Septorinoplasti, <a href=\"https:\/\/cliniccenter.co.uk\/de\/fettabsaugung-in-der-turkei\/\">Fettabsaugung (Fettentfernung)<\/a>, Vaser &amp; Hi-Def Vaser Fettabsaugung <a href=\"https:\/\/cliniccenter.co.uk\/de\/bauchstraffung-in-der-turkei\/\">Bauchdeckenstraffung<\/a>, <a href=\"https:\/\/cliniccenter.co.uk\/de\/po-vergroberung-mit-eigenfett-in-der-turkei\/\">Povergr\u00f6Berung (BBL)<\/a>, <a href=\"https:\/\/cliniccenter.co.uk\/de\/gesichtsstraffung-in-der-turkei\/\">Gesichtsliftung(Rhytidectomy)<\/a>, <a href=\"https:\/\/cliniccenter.co.uk\/de\/augenlid-op-in-der-turkei\/\">Augenlidstraffung (Blepharoplasty)<\/a>, <a href=\"https:\/\/cliniccenter.co.uk\/de\/gynakomastie-mannerbrustbehandlung-in-der-turkei\/\">Gynekomasti (M\u00e4nnliche Brustverkleinerung)<\/a>, Mommy Makeover, Oberschenkelstraffung(Thighplasty), Nackenliftung (Platysmaplasty), Armstraffung (Brachioplasty), Augenbrauenstraffung, Kosmetische Ohrenop (Otoplasty), <a href=\"https:\/\/cliniccenter.co.uk\/de\/cosmetische-chirurgie\/\">Kosmetische Chirurgie<\/a>.<br><i class=\"fa fa-map-marker\" aria-hidden=\"true\"><\/i><strong>&nbsp;Stadt<\/strong>:&nbsp;Istanbul, T\u00fcrkei<br><i class=\"fa fa-calendar\" aria-hidden=\"true\"><\/i><strong>&nbsp;Arbeitstage<\/strong>: Wochentage und Samstags<br><i class=\"fa fa-globe\" aria-hidden=\"true\"><\/i><strong>&nbsp;Sprachen<\/strong>: Englisch, &nbsp;Spanisch<br><i class=\"fa fa-phone\" aria-hidden=\"true\"><\/i><strong>&nbsp;Kontakt<\/strong>:&nbsp;+44 20 3575 1039 &amp; info@cliniccenter.co.uk<\/p><\/p>\n<\/div>\n<\/div>\n<\/div>\n<\/div>\n\n\n\n<p><\/p>\n","protected":false},"excerpt":{"rendered":"<p>Dr. Hakan schloss sein Medizinstudium im Jahr 1994 an der Ege Universit\u00e4t ab. Dr. Hakan hat es geschafft, zu den Top 10 den \u00c4rzten zu geh\u00f6ren und begann als wissenschaftlicher Mitarbeiter an der Klinik f\u00fcr \u00c4sthetische Plastische und Rekonstruktive Chirurgie der Medizinischen Fakult\u00e4t der Universit\u00e4t Ege, einer der renommiertesten Kliniken in der T\u00fcrkei. Im Jahr [&hellip;]<\/p>\n","protected":false},"author":2,"featured_media":0,"parent":18856,"menu_order":0,"comment_status":"closed","ping_status":"closed","template":"","meta":{"_uag_custom_page_level_css":"","_lmt_disableupdate":"no","_lmt_disable":"","site-sidebar-layout":"default","site-content-layout":"default","ast-site-content-layout":"default","site-content-style":"default","site-sidebar-style":"default","ast-global-header-display":"","ast-banner-title-visibility":"","ast-main-header-display":"","ast-hfb-above-header-display":"","ast-hfb-below-header-display":"","ast-hfb-mobile-header-display":"","site-post-title":"","ast-breadcrumbs-content":"","ast-featured-img":"","footer-sml-layout":"","theme-transparent-header-meta":"default","adv-header-id-meta":"","stick-header-meta":"","header-above-stick-meta":"","header-main-stick-meta":"","header-below-stick-meta":"","astra-migrate-meta-layouts":"set","ast-page-background-enabled":"default","ast-page-background-meta":{"desktop":{"background-color":"","background-image":"","background-repeat":"repeat","background-position":"center center","background-size":"auto","background-attachment":"scroll","background-type":"","background-media":"","overlay-type":"","overlay-color":"","overlay-opacity":"","overlay-gradient":""},"tablet":{"background-color":"","background-image":"","background-repeat":"repeat","background-position":"center center","background-size":"auto","background-attachment":"scroll","background-type":"","background-media":"","overlay-type":"","overlay-color":"","overlay-opacity":"","overlay-gradient":""},"mobile":{"background-color":"","background-image":"","background-repeat":"repeat","background-position":"center center","background-size":"auto","background-attachment":"scroll","background-type":"","background-media":"","overlay-type":"","overlay-color":"","overlay-opacity":"","overlay-gradient":""}},"ast-content-background-meta":{"desktop":{"background-color":"var(--ast-global-color-5)","background-image":"","background-repeat":"repeat","background-position":"center center","background-size":"auto","background-attachment":"scroll","background-type":"","background-media":"","overlay-type":"","overlay-color":"","overlay-opacity":"","overlay-gradient":""},"tablet":{"background-color":"var(--ast-global-color-5)","background-image":"","background-repeat":"repeat","background-position":"center center","background-size":"auto","background-attachment":"scroll","background-type":"","background-media":"","overlay-type":"","overlay-color":"","overlay-opacity":"","overlay-gradient":""},"mobile":{"background-color":"var(--ast-global-color-5)","background-image":"","background-repeat":"repeat","background-position":"center center","background-size":"auto","background-attachment":"scroll","background-type":"","background-media":"","overlay-type":"","overlay-color":"","overlay-opacity":"","overlay-gradient":""}},"footnotes":""},"class_list":["post-18882","page","type-page","status-publish","hentry"],"yoast_head":"<!-- This site is optimized with the Yoast SEO plugin v25.3.1 - https:\/\/yoast.com\/wordpress\/plugins\/seo\/ -->\n<title>Dr. Hakan | Kosmetische Chirurgie Doctor | Clinic Center<\/title>\n<meta name=\"description\" content=\"Lesen Sie mehr \u00fcber Dr. Hakan vom Clinic Center mit 25 Jahren Erfahrung in der \u00e4sthetischen und plastischen Chirurgie.\" \/>\n<meta name=\"robots\" content=\"index, follow, max-snippet:-1, max-image-preview:large, max-video-preview:-1\" \/>\n<link rel=\"canonical\" href=\"https:\/\/cliniccenter.co.uk\/de\/dr-hakan\/\" \/>\n<meta property=\"og:locale\" content=\"de_DE\" \/>\n<meta property=\"og:type\" content=\"article\" \/>\n<meta property=\"og:title\" content=\"Dr. Hakan | Kosmetische Chirurgie Doctor | Clinic Center\" \/>\n<meta property=\"og:description\" content=\"Lesen Sie mehr \u00fcber Dr. Hakan vom Clinic Center mit 25 Jahren Erfahrung in der \u00e4sthetischen und plastischen Chirurgie.\" \/>\n<meta property=\"og:url\" content=\"https:\/\/cliniccenter.co.uk\/de\/dr-hakan\/\" \/>\n<meta property=\"article:publisher\" content=\"https:\/\/www.facebook.com\/cliniccenter.co.uk\/\" \/>\n<meta property=\"article:modified_time\" content=\"2024-11-18T13:45:04+00:00\" \/>\n<meta property=\"og:image\" content=\"https:\/\/cliniccenter.co.uk\/wp-content\/uploads\/2023\/11\/hakan-gundogan-517x1024-1.webp\" \/>\n<meta name=\"twitter:card\" content=\"summary_large_image\" \/>\n<meta name=\"twitter:site\" content=\"@cliniccenteruk\" \/>\n<meta name=\"twitter:label1\" content=\"Gesch\u00e4tzte Lesezeit\" \/>\n\t<meta name=\"twitter:data1\" content=\"3\u00a0Minuten\" \/>\n<!-- \/ Yoast SEO plugin. -->","yoast_head_json":{"title":"Dr. Hakan | Kosmetische Chirurgie Doctor | Clinic Center","description":"Lesen Sie mehr \u00fcber Dr. Hakan vom Clinic Center mit 25 Jahren Erfahrung in der \u00e4sthetischen und plastischen Chirurgie.","robots":{"index":"index","follow":"follow","max-snippet":"max-snippet:-1","max-image-preview":"max-image-preview:large","max-video-preview":"max-video-preview:-1"},"canonical":"https:\/\/cliniccenter.co.uk\/de\/dr-hakan\/","og_locale":"de_DE","og_type":"article","og_title":"Dr. Hakan | Kosmetische Chirurgie Doctor | Clinic Center","og_description":"Lesen Sie mehr \u00fcber Dr. Hakan vom Clinic Center mit 25 Jahren Erfahrung in der \u00e4sthetischen und plastischen Chirurgie.","og_url":"https:\/\/cliniccenter.co.uk\/de\/dr-hakan\/","article_publisher":"https:\/\/www.facebook.com\/cliniccenter.co.uk\/","article_modified_time":"2024-11-18T13:45:04+00:00","og_image":[{"url":"https:\/\/cliniccenter.co.uk\/wp-content\/uploads\/2023\/11\/hakan-gundogan-517x1024-1.webp","type":"","width":"","height":""}],"twitter_card":"summary_large_image","twitter_site":"@cliniccenteruk","twitter_misc":{"Gesch\u00e4tzte Lesezeit":"3\u00a0Minuten"},"schema":{"@context":"https:\/\/schema.org","@graph":[{"@type":"WebPage","@id":"https:\/\/cliniccenter.co.uk\/de\/dr-hakan\/","url":"https:\/\/cliniccenter.co.uk\/de\/dr-hakan\/","name":"Dr. Hakan | Kosmetische Chirurgie Doctor | Clinic Center","isPartOf":{"@id":"https:\/\/cliniccenter.co.uk\/ro\/#website"},"primaryImageOfPage":{"@id":"https:\/\/cliniccenter.co.uk\/de\/dr-hakan\/#primaryimage"},"image":{"@id":"https:\/\/cliniccenter.co.uk\/de\/dr-hakan\/#primaryimage"},"thumbnailUrl":"https:\/\/cliniccenter.co.uk\/wp-content\/uploads\/2023\/11\/hakan-gundogan-517x1024-1.webp","datePublished":"2019-09-12T15:32:49+00:00","dateModified":"2024-11-18T13:45:04+00:00","description":"Lesen Sie mehr \u00fcber Dr. Hakan vom Clinic Center mit 25 Jahren Erfahrung in der \u00e4sthetischen und plastischen Chirurgie.","breadcrumb":{"@id":"https:\/\/cliniccenter.co.uk\/de\/dr-hakan\/#breadcrumb"},"inLanguage":"de","potentialAction":[{"@type":"ReadAction","target":["https:\/\/cliniccenter.co.uk\/de\/dr-hakan\/"]}]},{"@type":"ImageObject","inLanguage":"de","@id":"https:\/\/cliniccenter.co.uk\/de\/dr-hakan\/#primaryimage","url":"https:\/\/cliniccenter.co.uk\/wp-content\/uploads\/2023\/11\/hakan-gundogan-517x1024-1.webp","contentUrl":"https:\/\/cliniccenter.co.uk\/wp-content\/uploads\/2023\/11\/hakan-gundogan-517x1024-1.webp"},{"@type":"BreadcrumbList","@id":"https:\/\/cliniccenter.co.uk\/de\/dr-hakan\/#breadcrumb","itemListElement":[{"@type":"ListItem","position":1,"name":"Home","item":"https:\/\/cliniccenter.co.uk\/de\/"},{"@type":"ListItem","position":2,"name":"Beste Chirurgen in der T\u00fcrkei | Top-Operationen in der T\u00fcrkei","item":"https:\/\/cliniccenter.co.uk\/de\/arzt\/"},{"@type":"ListItem","position":3,"name":"Dr. Hakan | Kosmetische Chirurgie Doctor | Clinic Center"}]},{"@type":"WebSite","@id":"https:\/\/cliniccenter.co.uk\/ro\/#website","url":"https:\/\/cliniccenter.co.uk\/ro\/","name":"","description":"","potentialAction":[{"@type":"SearchAction","target":{"@type":"EntryPoint","urlTemplate":"https:\/\/cliniccenter.co.uk\/ro\/?s={search_term_string}"},"query-input":{"@type":"PropertyValueSpecification","valueRequired":true,"valueName":"search_term_string"}}],"inLanguage":"de"}]}},"uagb_featured_image_src":{"full":false,"thumbnail":false,"medium":false,"medium_large":false,"large":false,"1536x1536":false,"2048x2048":false},"uagb_author_info":{"display_name":"Sertac Ceki","author_link":"https:\/\/cliniccenter.co.uk\/de\/blog\/author\/sertaccliniccenter-co-uk\/"},"uagb_comment_info":0,"uagb_excerpt":"Dr. Hakan schloss sein Medizinstudium im Jahr 1994 an der Ege Universit\u00e4t ab. Dr. Hakan hat es geschafft, zu den Top 10 den \u00c4rzten zu geh\u00f6ren und begann als wissenschaftlicher Mitarbeiter an der Klinik f\u00fcr \u00c4sthetische Plastische und Rekonstruktive Chirurgie der Medizinischen Fakult\u00e4t der Universit\u00e4t Ege, einer der renommiertesten Kliniken in der T\u00fcrkei. Im Jahr&hellip;","_links":{"self":[{"href":"https:\/\/cliniccenter.co.uk\/de\/wp-json\/wp\/v2\/pages\/18882"}],"collection":[{"href":"https:\/\/cliniccenter.co.uk\/de\/wp-json\/wp\/v2\/pages"}],"about":[{"href":"https:\/\/cliniccenter.co.uk\/de\/wp-json\/wp\/v2\/types\/page"}],"author":[{"embeddable":true,"href":"https:\/\/cliniccenter.co.uk\/de\/wp-json\/wp\/v2\/users\/2"}],"replies":[{"embeddable":true,"href":"https:\/\/cliniccenter.co.uk\/de\/wp-json\/wp\/v2\/comments?post=18882"}],"version-history":[{"count":5,"href":"https:\/\/cliniccenter.co.uk\/de\/wp-json\/wp\/v2\/pages\/18882\/revisions"}],"predecessor-version":[{"id":51104,"href":"https:\/\/cliniccenter.co.uk\/de\/wp-json\/wp\/v2\/pages\/18882\/revisions\/51104"}],"up":[{"embeddable":true,"href":"https:\/\/cliniccenter.co.uk\/de\/wp-json\/wp\/v2\/pages\/18856"}],"wp:attachment":[{"href":"https:\/\/cliniccenter.co.uk\/de\/wp-json\/wp\/v2\/media?parent=18882"}],"curies":[{"name":"wp","href":"https:\/\/api.w.org\/{rel}","templated":true}]}}