{"id":18893,"date":"2017-05-29T06:14:27","date_gmt":"2017-05-29T06:14:27","guid":{"rendered":"https:\/\/cliniccenter.co.uk\/arzt\/trichologist-rojbin-keleser\/"},"modified":"2025-04-15T12:50:49","modified_gmt":"2025-04-15T12:50:49","slug":"trichologe-rojbin","status":"publish","type":"page","link":"https:\/\/cliniccenter.co.uk\/de\/trichologe-rojbin\/","title":{"rendered":"Rojbin | Trichologin | Clinic Center"},"content":{"rendered":"\n<div class=\"wp-block-columns is-layout-flex wp-container-core-columns-is-layout-3 wp-block-columns-is-layout-flex\">\n<div class=\"wp-block-column is-layout-flow wp-block-column-is-layout-flow\" style=\"flex-basis:33.33%\">\n<figure class=\"wp-block-image alignleft size-large\"><img decoding=\"async\" src=\"https:\/\/cliniccenter.co.uk\/wp-content\/uploads\/2025\/03\/hair-rojbin.webp\" alt=\"Trichologist Rojbin Keleser\"\/><\/figure>\n\n\n\n<p><\/p>\n<\/div>\n\n\n\n<div class=\"wp-block-column is-layout-flow wp-block-column-is-layout-flow\" style=\"flex-basis:66.66%\">\n<div class=\"wp-block-columns is-layout-flex wp-container-core-columns-is-layout-1 wp-block-columns-is-layout-flex\">\n<div class=\"wp-block-column leftpadbox is-layout-flow wp-block-column-is-layout-flow\">\n<p>Die Trichologin Rojbin verf\u00fcgt \u00fcber mehr als 12 Jahre Erfahrung in der Zusammenarbeit mit den \u00c4rzten der International Society of Hair Restoration Surgery (ISHRS) und f\u00fchrte gemeinsam mit Ihnen Haartransplantationen durch. Jetzt f\u00fchrt sie seit \u00fcber 8 Jahren ihre eigenen Haartransplantationen durch. Keleser f\u00fchrte im Laufe ihrer Karriere mehr als 5000 Haartransplantationen in der T\u00fcrkei durch und ihre Erfahrungen mit ISHRS-\u00c4rzten machten sie zu eine der talentiertesten Haartransplantationsspezialisten in der T\u00fcrkei.<\/p>\n\n\n\n<p>Sie spezialisierte sich in diesem Bereich auf eine Vielzahl von F\u00e4llen von Haartransplantationen, einschlie\u00dflich glattes und gelocktes Haar sowie Frauen- und Barttransplantationen. Sie legt gro\u00dfen Wert darauf, die Bed\u00fcrfnisse ihrer Patienten zu erf\u00fcllen. Daher arbeitet sie mit gro\u00dfem Engagement daran, alle kahlen Bereiche in einer Sitzung zu vervollst\u00e4ndigen, um ihre Patienten zufrieden zu stellen.<\/p>\n<\/div>\n<\/div>\n\n\n\n<div class=\"wp-block-columns leftpadbox is-layout-flex wp-container-core-columns-is-layout-2 wp-block-columns-is-layout-flex\">\n<div class=\"wp-block-column is-layout-flow wp-block-column-is-layout-flow\">\n<p><strong>Erfahrung<\/strong>: 12 Jahre<br><strong>International behandelte Patienten<\/strong>: Vereinigtes K\u00f6nigreich, Irland, Australien, Vereinigte Staaten von Amerika, Vereinigte Arabische Emirate, Saudi-Arabien, Kuwait<br><strong>Erfahrungsfeld:<\/strong>&nbsp;<a href=\"https:\/\/cliniccenter.co.uk\/de\/haartransplantation-in-turkey\/\">M\u00e4nnliche Haartransplantation<\/a>, Weibliche Haartransplantation, FUE &amp; FUT Methode, DHI Methode, Augenbrauentransplantation,&nbsp;<a href=\"https:\/\/cliniccenter.co.uk\/de\/barttransplantation-in-der-turkei\/\">Barttranssplantation<\/a><br><strong>Stadt<\/strong>:&nbsp;Istanbul, T\u00fcrkei<br><strong>Arbeitstage<\/strong>: Wochentage und Samstags<br><strong>Kontakt<\/strong>:&nbsp;+44 20 3575 1039 &amp; info@cliniccenter.co.uk<\/p>\n<\/div>\n<\/div>\n<\/div>\n<\/div>\n","protected":false},"excerpt":{"rendered":"<p>Die Trichologin Rojbin verf\u00fcgt \u00fcber mehr als 12 Jahre Erfahrung in der Zusammenarbeit mit den \u00c4rzten der International Society of Hair Restoration Surgery (ISHRS) und f\u00fchrte gemeinsam mit Ihnen Haartransplantationen durch. Jetzt f\u00fchrt sie seit \u00fcber 8 Jahren ihre eigenen Haartransplantationen durch. Keleser f\u00fchrte im Laufe ihrer Karriere mehr als 5000 Haartransplantationen in der T\u00fcrkei [&hellip;]<\/p>\n","protected":false},"author":1,"featured_media":0,"parent":18856,"menu_order":0,"comment_status":"closed","ping_status":"closed","template":"","meta":{"_uag_custom_page_level_css":"","_lmt_disableupdate":"no","_lmt_disable":"","site-sidebar-layout":"default","site-content-layout":"default","ast-site-content-layout":"default","site-content-style":"default","site-sidebar-style":"default","ast-global-header-display":"","ast-banner-title-visibility":"","ast-main-header-display":"","ast-hfb-above-header-display":"","ast-hfb-below-header-display":"","ast-hfb-mobile-header-display":"","site-post-title":"","ast-breadcrumbs-content":"","ast-featured-img":"","footer-sml-layout":"","theme-transparent-header-meta":"default","adv-header-id-meta":"","stick-header-meta":"","header-above-stick-meta":"","header-main-stick-meta":"","header-below-stick-meta":"","astra-migrate-meta-layouts":"set","ast-page-background-enabled":"default","ast-page-background-meta":{"desktop":{"background-color":"","background-image":"","background-repeat":"repeat","background-position":"center center","background-size":"auto","background-attachment":"scroll","background-type":"","background-media":"","overlay-type":"","overlay-color":"","overlay-opacity":"","overlay-gradient":""},"tablet":{"background-color":"","background-image":"","background-repeat":"repeat","background-position":"center center","background-size":"auto","background-attachment":"scroll","background-type":"","background-media":"","overlay-type":"","overlay-color":"","overlay-opacity":"","overlay-gradient":""},"mobile":{"background-color":"","background-image":"","background-repeat":"repeat","background-position":"center center","background-size":"auto","background-attachment":"scroll","background-type":"","background-media":"","overlay-type":"","overlay-color":"","overlay-opacity":"","overlay-gradient":""}},"ast-content-background-meta":{"desktop":{"background-color":"var(--ast-global-color-5)","background-image":"","background-repeat":"repeat","background-position":"center center","background-size":"auto","background-attachment":"scroll","background-type":"","background-media":"","overlay-type":"","overlay-color":"","overlay-opacity":"","overlay-gradient":""},"tablet":{"background-color":"var(--ast-global-color-5)","background-image":"","background-repeat":"repeat","background-position":"center center","background-size":"auto","background-attachment":"scroll","background-type":"","background-media":"","overlay-type":"","overlay-color":"","overlay-opacity":"","overlay-gradient":""},"mobile":{"background-color":"var(--ast-global-color-5)","background-image":"","background-repeat":"repeat","background-position":"center center","background-size":"auto","background-attachment":"scroll","background-type":"","background-media":"","overlay-type":"","overlay-color":"","overlay-opacity":"","overlay-gradient":""}},"footnotes":""},"class_list":["post-18893","page","type-page","status-publish","hentry"],"yoast_head":"<!-- This site is optimized with the Yoast SEO plugin v25.3.1 - https:\/\/yoast.com\/wordpress\/plugins\/seo\/ -->\n<title>Rojbin | Trichologin | Clinic Center<\/title>\n<meta name=\"description\" content=\"Lesen Sie mehr \u00fcber den Partnerexperten Trichologin Rojbin im Clinic Center mit 12 Jahren Erfahrung in der Haartransplantation.\" \/>\n<meta name=\"robots\" content=\"index, follow, max-snippet:-1, max-image-preview:large, max-video-preview:-1\" \/>\n<link rel=\"canonical\" href=\"https:\/\/cliniccenter.co.uk\/de\/trichologe-rojbin\/\" \/>\n<meta property=\"og:locale\" content=\"de_DE\" \/>\n<meta property=\"og:type\" content=\"article\" \/>\n<meta property=\"og:title\" content=\"Rojbin | Trichologin | Clinic Center\" \/>\n<meta property=\"og:description\" content=\"Lesen Sie mehr \u00fcber den Partnerexperten Trichologin Rojbin im Clinic Center mit 12 Jahren Erfahrung in der Haartransplantation.\" \/>\n<meta property=\"og:url\" content=\"https:\/\/cliniccenter.co.uk\/de\/trichologe-rojbin\/\" \/>\n<meta property=\"article:publisher\" content=\"https:\/\/www.facebook.com\/cliniccenter.co.uk\/\" \/>\n<meta property=\"article:modified_time\" content=\"2025-04-15T12:50:49+00:00\" \/>\n<meta property=\"og:image\" content=\"https:\/\/cliniccenter.co.uk\/wp-content\/uploads\/2025\/03\/hair-rojbin.webp\" \/>\n<meta name=\"twitter:card\" content=\"summary_large_image\" \/>\n<meta name=\"twitter:site\" content=\"@cliniccenteruk\" \/>\n<meta name=\"twitter:label1\" content=\"Gesch\u00e4tzte Lesezeit\" \/>\n\t<meta name=\"twitter:data1\" content=\"1\u00a0Minute\" \/>\n<!-- \/ Yoast SEO plugin. -->","yoast_head_json":{"title":"Rojbin | Trichologin | Clinic Center","description":"Lesen Sie mehr \u00fcber den Partnerexperten Trichologin Rojbin im Clinic Center mit 12 Jahren Erfahrung in der Haartransplantation.","robots":{"index":"index","follow":"follow","max-snippet":"max-snippet:-1","max-image-preview":"max-image-preview:large","max-video-preview":"max-video-preview:-1"},"canonical":"https:\/\/cliniccenter.co.uk\/de\/trichologe-rojbin\/","og_locale":"de_DE","og_type":"article","og_title":"Rojbin | Trichologin | Clinic Center","og_description":"Lesen Sie mehr \u00fcber den Partnerexperten Trichologin Rojbin im Clinic Center mit 12 Jahren Erfahrung in der Haartransplantation.","og_url":"https:\/\/cliniccenter.co.uk\/de\/trichologe-rojbin\/","article_publisher":"https:\/\/www.facebook.com\/cliniccenter.co.uk\/","article_modified_time":"2025-04-15T12:50:49+00:00","og_image":[{"url":"https:\/\/cliniccenter.co.uk\/wp-content\/uploads\/2025\/03\/hair-rojbin.webp","type":"","width":"","height":""}],"twitter_card":"summary_large_image","twitter_site":"@cliniccenteruk","twitter_misc":{"Gesch\u00e4tzte Lesezeit":"1\u00a0Minute"},"schema":{"@context":"https:\/\/schema.org","@graph":[{"@type":"WebPage","@id":"https:\/\/cliniccenter.co.uk\/de\/trichologe-rojbin\/","url":"https:\/\/cliniccenter.co.uk\/de\/trichologe-rojbin\/","name":"Rojbin | Trichologin | Clinic Center","isPartOf":{"@id":"https:\/\/cliniccenter.co.uk\/ro\/#website"},"primaryImageOfPage":{"@id":"https:\/\/cliniccenter.co.uk\/de\/trichologe-rojbin\/#primaryimage"},"image":{"@id":"https:\/\/cliniccenter.co.uk\/de\/trichologe-rojbin\/#primaryimage"},"thumbnailUrl":"https:\/\/cliniccenter.co.uk\/wp-content\/uploads\/2025\/03\/hair-rojbin.webp","datePublished":"2017-05-29T06:14:27+00:00","dateModified":"2025-04-15T12:50:49+00:00","description":"Lesen Sie mehr \u00fcber den Partnerexperten Trichologin Rojbin im Clinic Center mit 12 Jahren Erfahrung in der Haartransplantation.","breadcrumb":{"@id":"https:\/\/cliniccenter.co.uk\/de\/trichologe-rojbin\/#breadcrumb"},"inLanguage":"de","potentialAction":[{"@type":"ReadAction","target":["https:\/\/cliniccenter.co.uk\/de\/trichologe-rojbin\/"]}]},{"@type":"ImageObject","inLanguage":"de","@id":"https:\/\/cliniccenter.co.uk\/de\/trichologe-rojbin\/#primaryimage","url":"https:\/\/cliniccenter.co.uk\/wp-content\/uploads\/2025\/03\/hair-rojbin.webp","contentUrl":"https:\/\/cliniccenter.co.uk\/wp-content\/uploads\/2025\/03\/hair-rojbin.webp"},{"@type":"BreadcrumbList","@id":"https:\/\/cliniccenter.co.uk\/de\/trichologe-rojbin\/#breadcrumb","itemListElement":[{"@type":"ListItem","position":1,"name":"Home","item":"https:\/\/cliniccenter.co.uk\/de\/"},{"@type":"ListItem","position":2,"name":"Beste Chirurgen in der T\u00fcrkei | Top-Operationen in der T\u00fcrkei","item":"https:\/\/cliniccenter.co.uk\/de\/arzt\/"},{"@type":"ListItem","position":3,"name":"Rojbin | Trichologin | Clinic Center"}]},{"@type":"WebSite","@id":"https:\/\/cliniccenter.co.uk\/ro\/#website","url":"https:\/\/cliniccenter.co.uk\/ro\/","name":"","description":"","potentialAction":[{"@type":"SearchAction","target":{"@type":"EntryPoint","urlTemplate":"https:\/\/cliniccenter.co.uk\/ro\/?s={search_term_string}"},"query-input":{"@type":"PropertyValueSpecification","valueRequired":true,"valueName":"search_term_string"}}],"inLanguage":"de"}]}},"uagb_featured_image_src":{"full":false,"thumbnail":false,"medium":false,"medium_large":false,"large":false,"1536x1536":false,"2048x2048":false},"uagb_author_info":{"display_name":"cliniccenter","author_link":"https:\/\/cliniccenter.co.uk\/de\/blog\/author\/cliniccenter\/"},"uagb_comment_info":0,"uagb_excerpt":"Die Trichologin Rojbin verf\u00fcgt \u00fcber mehr als 12 Jahre Erfahrung in der Zusammenarbeit mit den \u00c4rzten der International Society of Hair Restoration Surgery (ISHRS) und f\u00fchrte gemeinsam mit Ihnen Haartransplantationen durch. Jetzt f\u00fchrt sie seit \u00fcber 8 Jahren ihre eigenen Haartransplantationen durch. Keleser f\u00fchrte im Laufe ihrer Karriere mehr als 5000 Haartransplantationen in der T\u00fcrkei&hellip;","_links":{"self":[{"href":"https:\/\/cliniccenter.co.uk\/de\/wp-json\/wp\/v2\/pages\/18893"}],"collection":[{"href":"https:\/\/cliniccenter.co.uk\/de\/wp-json\/wp\/v2\/pages"}],"about":[{"href":"https:\/\/cliniccenter.co.uk\/de\/wp-json\/wp\/v2\/types\/page"}],"author":[{"embeddable":true,"href":"https:\/\/cliniccenter.co.uk\/de\/wp-json\/wp\/v2\/users\/1"}],"replies":[{"embeddable":true,"href":"https:\/\/cliniccenter.co.uk\/de\/wp-json\/wp\/v2\/comments?post=18893"}],"version-history":[{"count":6,"href":"https:\/\/cliniccenter.co.uk\/de\/wp-json\/wp\/v2\/pages\/18893\/revisions"}],"predecessor-version":[{"id":59615,"href":"https:\/\/cliniccenter.co.uk\/de\/wp-json\/wp\/v2\/pages\/18893\/revisions\/59615"}],"up":[{"embeddable":true,"href":"https:\/\/cliniccenter.co.uk\/de\/wp-json\/wp\/v2\/pages\/18856"}],"wp:attachment":[{"href":"https:\/\/cliniccenter.co.uk\/de\/wp-json\/wp\/v2\/media?parent=18893"}],"curies":[{"name":"wp","href":"https:\/\/api.w.org\/{rel}","templated":true}]}}