{"id":18936,"date":"2021-09-09T10:03:32","date_gmt":"2021-09-09T10:03:32","guid":{"rendered":"https:\/\/cliniccenter.co.uk\/?page_id=18936"},"modified":"2023-11-29T10:59:01","modified_gmt":"2023-11-29T10:59:01","slug":"nachsorge","status":"publish","type":"page","link":"https:\/\/cliniccenter.co.uk\/de\/nachsorge\/","title":{"rendered":"Einzigartiger Physikalischer Nachuntersuchungs-Service in Grossbritannien &#038; Deutschland"},"content":{"rendered":"\n<figure class=\"wp-block-image alignright size-full skip-lazy\"><img decoding=\"async\" width=\"300\" height=\"200\" src=\"https:\/\/cliniccenter.co.uk\/wp-content\/uploads\/2023\/11\/Online-Aftercare-Assistance-300x200-2.webp\" alt=\"\" class=\"wp-image-47776\"\/><\/figure>\n\n\n\n<p>Als Clinic Center, geben wir unser Bestes, um unsere Servicequali\u00e4ten zu steigern. Ab jetzt stehen wir mit unserer Nachsorgeoption sowohl in Gro\u00dfbritannien, als auch in Deutschland zu Ihrer Verf\u00fcgung. Dies ist ein exklusiver Service, der im Bereich des Medizintourismus angeboten wird.<\/p>\n\n\n\n<h3 class=\"wp-block-heading\">Kostenlose k\u00f6rperliche Untersuchung<\/h3>\n\n\n\n<p>Wir sind die einzige Firma, die sowohl in Gro\u00dfbritannien, als auch in Deutschland eine k\u00f6rperliche Nachbehandlungsservice anbietet. Wir unterst\u00fctzen unsere Patienten bis die Heilungsphase zu Ende ist, damit Sie eine zufriedenstellende medizinische Reiseerfahrung haben.<\/p>\n\n\n\n<h3 class=\"wp-block-heading\">Erreichbarkeit der Kliniken an verschiedenen Orten<\/h3>\n\n\n\n<p>Wir bieten unseren Patienten kostenlosen Nachsorgeservice an vielen verschiedenen Orten an. Auch wenn Sie als Patient nicht aus diesen Orten kommen, k\u00f6nnen Sie trotzdem von diesem Service profitieren. Der Ort dieser Nachsorgeklinik wird von unseren Kollegen der Aftercare-Abteilung entsprechend der Nachfrage und dem Wunsch des jeweiligen Patienten vereinigt,&nbsp;um jeden einzelnen Patienten Erreichbarkeit zu diesem Service erstellen zu k\u00f6nnen.<\/p>\n\n\n\n<h3 class=\"wp-block-heading\">Keine Wartezeit oder Warteliste<\/h3>\n\n\n\n<p>Da dieser Service kostenlos ist, hei\u00dft es noch lange nicht, dass Sie daf\u00fcr tagelang warten m\u00fcssen. Unser Aftercare Team wird Ihnen in kurzen Tagen den Termin f\u00fcr Ihre Nachsorgebehandlung organisieren.<\/p>\n\n\n\n<h2 class=\"wp-block-heading\"><\/h2>\n\n\n\n<h3 class=\"wp-block-heading\">Online Nachsorgeservice<\/h3>\n\n\n\n<p>Unser Aftercare Team unterst\u00fctzt unsere Patienten, damit Sie eine gesunde und angenehme Heilungsphase durchbringen und die optimalsten Ergebnisse erzielen.<\/p>\n\n\n\n<h3 class=\"wp-block-heading\">Enger Kontakt zu den Patienten<\/h3>\n\n\n\n<p>Unser Aftercare Team ist nur f\u00fcr Patienten zust\u00e4ndig, die Ihre Operation schon durchgef\u00fchrt haben. Unsere Kollegen von der Aftercare Abteilung sind wie einer Br\u00fccke zwischen dem Arzt, Haarspezialist und den Patienten. Egal um was es geht, Sie k\u00f6nnen uns jederzeit kontaktieren. Wir werden uns sehr dar\u00fcber freuen, Ihnen mit all Ihren Fragen bez\u00fcglich Ihrer Operation behilflich&nbsp;zu sein.<\/p>\n\n\n\n<h3 class=\"wp-block-heading\">Ein-Jahr lange, kostenlose Online-Beratung<\/h3>\n\n\n\n<p>Unsere Aftercare Abteilung bleibt mit Ihnen 12 Monate lang im Kontakt, um Ihre Heilungsphase enger zu beobachten und Ihnen einige Tipps zu geben, dass diese auch angenehm l\u00e4uft. In diesem Prozess werden wir Ihnen spezifische Fragen \u00fcber die Erholungszeit stellen und von Ihnen Fotos der behandelten Zonen nach der Op. verlangen. Somit kann sich auch Ihr Arzt diese Fotos anschauen und Ihre Heilungsphase auswerten.<\/p>\n\n\n\n<h3 class=\"wp-block-heading\">Wir sind 7\/24 erreichbar!<\/h3>\n\n\n\n<p>Unser Aftercare Team wird w\u00e4hrend Ihrer Heilungsphase 24 Stunden am Tag erreichbar sein, um all Ihre Fragen zur Heilung beantworten&nbsp;zu k\u00f6nnen.<\/p>\n\n\n\n<h3 class=\"wp-block-heading\">Schriftliche und visuelle Nachsorge Anweisungen<\/h3>\n\n\n\n<p>Wir bieten unseren Patienten Nachsorgeanweisungen an, so dass Sie \u00fcber die empfohlenen und nicht-empfohlenen Verhaltensweisen w\u00e4hrend der Heilung bewusst sind. Wenn Sie weitere Fragen haben, bitte z\u00f6gern Sie sich nicht diese zu stellen. Wir werden uns darauf freuen, Ihnen rund um Ihre Behandlung behilflich zu sein.<\/p>\n\n\n\n<iframe src=\"https:\/\/www.google.com\/maps\/d\/u\/0\/embed?mid=1NeUs9SkX8tjtqVh7WnFYXWCjq-szKFK7\" width=\"100%\" height=\"480\"><\/iframe>\n","protected":false},"excerpt":{"rendered":"<p>Als Clinic Center, geben wir unser Bestes, um unsere Servicequali\u00e4ten zu steigern. Ab jetzt stehen wir mit unserer Nachsorgeoption sowohl in Gro\u00dfbritannien, als auch in Deutschland zu Ihrer Verf\u00fcgung. Dies ist ein exklusiver Service, der im Bereich des Medizintourismus angeboten wird. Kostenlose k\u00f6rperliche Untersuchung Wir sind die einzige Firma, die sowohl in Gro\u00dfbritannien, als auch [&hellip;]<\/p>\n","protected":false},"author":2,"featured_media":0,"parent":0,"menu_order":0,"comment_status":"closed","ping_status":"closed","template":"","meta":{"_uag_custom_page_level_css":"","_lmt_disableupdate":"no","_lmt_disable":"","site-sidebar-layout":"default","site-content-layout":"default","ast-site-content-layout":"default","site-content-style":"default","site-sidebar-style":"default","ast-global-header-display":"","ast-banner-title-visibility":"","ast-main-header-display":"","ast-hfb-above-header-display":"","ast-hfb-below-header-display":"","ast-hfb-mobile-header-display":"","site-post-title":"","ast-breadcrumbs-content":"","ast-featured-img":"","footer-sml-layout":"","theme-transparent-header-meta":"default","adv-header-id-meta":"","stick-header-meta":"","header-above-stick-meta":"","header-main-stick-meta":"","header-below-stick-meta":"","astra-migrate-meta-layouts":"set","ast-page-background-enabled":"default","ast-page-background-meta":{"desktop":{"background-color":"","background-image":"","background-repeat":"repeat","background-position":"center center","background-size":"auto","background-attachment":"scroll","background-type":"","background-media":"","overlay-type":"","overlay-color":"","overlay-opacity":"","overlay-gradient":""},"tablet":{"background-color":"","background-image":"","background-repeat":"repeat","background-position":"center center","background-size":"auto","background-attachment":"scroll","background-type":"","background-media":"","overlay-type":"","overlay-color":"","overlay-opacity":"","overlay-gradient":""},"mobile":{"background-color":"","background-image":"","background-repeat":"repeat","background-position":"center center","background-size":"auto","background-attachment":"scroll","background-type":"","background-media":"","overlay-type":"","overlay-color":"","overlay-opacity":"","overlay-gradient":""}},"ast-content-background-meta":{"desktop":{"background-color":"var(--ast-global-color-5)","background-image":"","background-repeat":"repeat","background-position":"center center","background-size":"auto","background-attachment":"scroll","background-type":"","background-media":"","overlay-type":"","overlay-color":"","overlay-opacity":"","overlay-gradient":""},"tablet":{"background-color":"var(--ast-global-color-5)","background-image":"","background-repeat":"repeat","background-position":"center center","background-size":"auto","background-attachment":"scroll","background-type":"","background-media":"","overlay-type":"","overlay-color":"","overlay-opacity":"","overlay-gradient":""},"mobile":{"background-color":"var(--ast-global-color-5)","background-image":"","background-repeat":"repeat","background-position":"center center","background-size":"auto","background-attachment":"scroll","background-type":"","background-media":"","overlay-type":"","overlay-color":"","overlay-opacity":"","overlay-gradient":""}},"footnotes":""},"class_list":["post-18936","page","type-page","status-publish","hentry"],"yoast_head":"<!-- This site is optimized with the Yoast SEO plugin v25.3.1 - https:\/\/yoast.com\/wordpress\/plugins\/seo\/ -->\n<title>Einzigartiger Physikalischer Nachuntersuchungs-Service in Grossbritannien &amp; Deutschland -<\/title>\n<meta name=\"robots\" content=\"index, follow, max-snippet:-1, max-image-preview:large, max-video-preview:-1\" \/>\n<link rel=\"canonical\" href=\"https:\/\/cliniccenter.co.uk\/de\/nachsorge\/\" \/>\n<meta property=\"og:locale\" content=\"de_DE\" \/>\n<meta property=\"og:type\" content=\"article\" \/>\n<meta property=\"og:title\" content=\"Einzigartiger Physikalischer Nachuntersuchungs-Service in Grossbritannien &amp; Deutschland -\" \/>\n<meta property=\"og:description\" content=\"Als Clinic Center, geben wir unser Bestes, um unsere Servicequali\u00e4ten zu steigern. Ab jetzt stehen wir mit unserer Nachsorgeoption sowohl in Gro\u00dfbritannien, als auch in Deutschland zu Ihrer Verf\u00fcgung. Dies ist ein exklusiver Service, der im Bereich des Medizintourismus angeboten wird. Kostenlose k\u00f6rperliche Untersuchung Wir sind die einzige Firma, die sowohl in Gro\u00dfbritannien, als auch [&hellip;]\" \/>\n<meta property=\"og:url\" content=\"https:\/\/cliniccenter.co.uk\/de\/nachsorge\/\" \/>\n<meta property=\"article:publisher\" content=\"https:\/\/www.facebook.com\/cliniccenter.co.uk\/\" \/>\n<meta property=\"article:modified_time\" content=\"2023-11-29T10:59:01+00:00\" \/>\n<meta property=\"og:image\" content=\"https:\/\/cliniccenter.co.uk\/wp-content\/uploads\/2023\/11\/Online-Aftercare-Assistance-300x200-2.webp\" \/>\n<meta name=\"twitter:card\" content=\"summary_large_image\" \/>\n<meta name=\"twitter:site\" content=\"@cliniccenteruk\" \/>\n<meta name=\"twitter:label1\" content=\"Gesch\u00e4tzte Lesezeit\" \/>\n\t<meta name=\"twitter:data1\" content=\"2\u00a0Minuten\" \/>\n<!-- \/ Yoast SEO plugin. -->","yoast_head_json":{"title":"Einzigartiger Physikalischer Nachuntersuchungs-Service in Grossbritannien & Deutschland -","robots":{"index":"index","follow":"follow","max-snippet":"max-snippet:-1","max-image-preview":"max-image-preview:large","max-video-preview":"max-video-preview:-1"},"canonical":"https:\/\/cliniccenter.co.uk\/de\/nachsorge\/","og_locale":"de_DE","og_type":"article","og_title":"Einzigartiger Physikalischer Nachuntersuchungs-Service in Grossbritannien & Deutschland -","og_description":"Als Clinic Center, geben wir unser Bestes, um unsere Servicequali\u00e4ten zu steigern. Ab jetzt stehen wir mit unserer Nachsorgeoption sowohl in Gro\u00dfbritannien, als auch in Deutschland zu Ihrer Verf\u00fcgung. Dies ist ein exklusiver Service, der im Bereich des Medizintourismus angeboten wird. Kostenlose k\u00f6rperliche Untersuchung Wir sind die einzige Firma, die sowohl in Gro\u00dfbritannien, als auch [&hellip;]","og_url":"https:\/\/cliniccenter.co.uk\/de\/nachsorge\/","article_publisher":"https:\/\/www.facebook.com\/cliniccenter.co.uk\/","article_modified_time":"2023-11-29T10:59:01+00:00","og_image":[{"url":"https:\/\/cliniccenter.co.uk\/wp-content\/uploads\/2023\/11\/Online-Aftercare-Assistance-300x200-2.webp","type":"","width":"","height":""}],"twitter_card":"summary_large_image","twitter_site":"@cliniccenteruk","twitter_misc":{"Gesch\u00e4tzte Lesezeit":"2\u00a0Minuten"},"schema":{"@context":"https:\/\/schema.org","@graph":[{"@type":"WebPage","@id":"https:\/\/cliniccenter.co.uk\/de\/nachsorge\/","url":"https:\/\/cliniccenter.co.uk\/de\/nachsorge\/","name":"Einzigartiger Physikalischer Nachuntersuchungs-Service in Grossbritannien & Deutschland -","isPartOf":{"@id":"https:\/\/cliniccenter.co.uk\/ro\/#website"},"primaryImageOfPage":{"@id":"https:\/\/cliniccenter.co.uk\/de\/nachsorge\/#primaryimage"},"image":{"@id":"https:\/\/cliniccenter.co.uk\/de\/nachsorge\/#primaryimage"},"thumbnailUrl":"https:\/\/cliniccenter.co.uk\/wp-content\/uploads\/2023\/11\/Online-Aftercare-Assistance-300x200-2.webp","datePublished":"2021-09-09T10:03:32+00:00","dateModified":"2023-11-29T10:59:01+00:00","breadcrumb":{"@id":"https:\/\/cliniccenter.co.uk\/de\/nachsorge\/#breadcrumb"},"inLanguage":"de","potentialAction":[{"@type":"ReadAction","target":["https:\/\/cliniccenter.co.uk\/de\/nachsorge\/"]}]},{"@type":"ImageObject","inLanguage":"de","@id":"https:\/\/cliniccenter.co.uk\/de\/nachsorge\/#primaryimage","url":"https:\/\/cliniccenter.co.uk\/wp-content\/uploads\/2023\/11\/Online-Aftercare-Assistance-300x200-2.webp","contentUrl":"https:\/\/cliniccenter.co.uk\/wp-content\/uploads\/2023\/11\/Online-Aftercare-Assistance-300x200-2.webp"},{"@type":"BreadcrumbList","@id":"https:\/\/cliniccenter.co.uk\/de\/nachsorge\/#breadcrumb","itemListElement":[{"@type":"ListItem","position":1,"name":"Home","item":"https:\/\/cliniccenter.co.uk\/de\/"},{"@type":"ListItem","position":2,"name":"Einzigartiger Physikalischer Nachuntersuchungs-Service in Grossbritannien &#038; Deutschland"}]},{"@type":"WebSite","@id":"https:\/\/cliniccenter.co.uk\/ro\/#website","url":"https:\/\/cliniccenter.co.uk\/ro\/","name":"","description":"","potentialAction":[{"@type":"SearchAction","target":{"@type":"EntryPoint","urlTemplate":"https:\/\/cliniccenter.co.uk\/ro\/?s={search_term_string}"},"query-input":{"@type":"PropertyValueSpecification","valueRequired":true,"valueName":"search_term_string"}}],"inLanguage":"de"}]}},"uagb_featured_image_src":{"full":false,"thumbnail":false,"medium":false,"medium_large":false,"large":false,"1536x1536":false,"2048x2048":false},"uagb_author_info":{"display_name":"Sertac Ceki","author_link":"https:\/\/cliniccenter.co.uk\/de\/blog\/author\/sertaccliniccenter-co-uk\/"},"uagb_comment_info":0,"uagb_excerpt":"Als Clinic Center, geben wir unser Bestes, um unsere Servicequali\u00e4ten zu steigern. Ab jetzt stehen wir mit unserer Nachsorgeoption sowohl in Gro\u00dfbritannien, als auch in Deutschland zu Ihrer Verf\u00fcgung. Dies ist ein exklusiver Service, der im Bereich des Medizintourismus angeboten wird. Kostenlose k\u00f6rperliche Untersuchung Wir sind die einzige Firma, die sowohl in Gro\u00dfbritannien, als auch&hellip;","_links":{"self":[{"href":"https:\/\/cliniccenter.co.uk\/de\/wp-json\/wp\/v2\/pages\/18936"}],"collection":[{"href":"https:\/\/cliniccenter.co.uk\/de\/wp-json\/wp\/v2\/pages"}],"about":[{"href":"https:\/\/cliniccenter.co.uk\/de\/wp-json\/wp\/v2\/types\/page"}],"author":[{"embeddable":true,"href":"https:\/\/cliniccenter.co.uk\/de\/wp-json\/wp\/v2\/users\/2"}],"replies":[{"embeddable":true,"href":"https:\/\/cliniccenter.co.uk\/de\/wp-json\/wp\/v2\/comments?post=18936"}],"version-history":[{"count":6,"href":"https:\/\/cliniccenter.co.uk\/de\/wp-json\/wp\/v2\/pages\/18936\/revisions"}],"predecessor-version":[{"id":47783,"href":"https:\/\/cliniccenter.co.uk\/de\/wp-json\/wp\/v2\/pages\/18936\/revisions\/47783"}],"wp:attachment":[{"href":"https:\/\/cliniccenter.co.uk\/de\/wp-json\/wp\/v2\/media?parent=18936"}],"curies":[{"name":"wp","href":"https:\/\/api.w.org\/{rel}","templated":true}]}}