{"id":18942,"date":"2018-01-30T12:38:02","date_gmt":"2018-01-30T12:38:02","guid":{"rendered":"https:\/\/cliniccenter.co.uk\/behandlungen\/dentistry\/"},"modified":"2023-12-11T14:32:40","modified_gmt":"2023-12-11T14:32:40","slug":"zahnheilkunde","status":"publish","type":"page","link":"https:\/\/cliniccenter.co.uk\/de\/zahnheilkunde\/","title":{"rendered":"Zahnheilkunde"},"content":{"rendered":"\n<div class=\"wp-block-columns is-layout-flex wp-container-core-columns-is-layout-1 wp-block-columns-is-layout-flex\">\n<div class=\"wp-block-column is-layout-flow wp-block-column-is-layout-flow\">\n<figure class=\"wp-block-image size-large skip-lazy \"><img decoding=\"async\" src=\"https:\/\/cliniccenter.co.uk\/wp-content\/uploads\/2023\/11\/dental-implant-1-3.webp\" alt=\"\" class=\"wp-image-10236 skip-lazy\"\/><\/figure>\n\n\n\n<h2 class=\"wp-block-heading has-text-align-center\"><span class=\"ez-toc-section\" id=\"Zahnimplantate_in_der_Tuerkei\"><\/span>Zahnimplantate in der T\u00fcrkei<span class=\"ez-toc-section-end\"><\/span><\/h2>\n\n\n\n<p class=\"has-text-align-center\">Sie m\u00f6chten vielleicht Ihren fehlenden Zahn zur\u00fcck haben und Ihr Problem an Ihren kauenden und bei\u00dfenden Z\u00e4hne gel\u00f6st wird, gleichzeitig aber kein Verm\u00f6gen f\u00fcr diese Probleme aufwenden. Informieren Sie sich jetzt \u00fcber die Zahnimplantatverfahren, die wir in der T\u00fcrkei anbieten\u2026<\/p>\n\n\n\n<div class=\"wp-block-button has-text-align-center\"><a class=\"wp-block-button__link\" href=\"https:\/\/cliniccenter.co.uk\/de\/zahnimplantate-in-der-turkei\/\">Einzelheiten<\/a><br><br><\/div>\n<\/div>\n\n\n\n<div class=\"wp-block-column is-layout-flow wp-block-column-is-layout-flow\">\n<figure class=\"wp-block-image size-large skip-lazy\"><img decoding=\"async\" src=\"https:\/\/cliniccenter.co.uk\/wp-content\/uploads\/2023\/11\/porcelain-veneers-1-2.webp\" alt=\"\" class=\"wp-image-10237\"\/><\/figure>\n\n\n\n<h2 class=\"wp-block-heading has-text-align-center\"><span class=\"ez-toc-section\" id=\"Porzellan_Veneers_in_der_Tuerkei\"><\/span>Porzellan Veneers in der T\u00fcrkei<span class=\"ez-toc-section-end\"><\/span><\/h2>\n\n\n\n<p class=\"has-text-align-center\">Tut es Ihnen schwer, beim L\u00e4cheln Ihre Z\u00e4hne zu zeigen, weil Sie denken, dass es nicht gut aussieht und Sie bereuen es keinen Hollywood Smile zu haben? Dann sind Sie hier genau richtig! Informieren Sie sich jetzt mehr \u00fcber Porzellan Veneers..<\/p><div id=\"ez-toc-container\" class=\"ez-toc-v2_0_80 counter-hierarchy ez-toc-counter ez-toc-grey ez-toc-container-direction\">\n<div class=\"ez-toc-title-container\">\n<p class=\"ez-toc-title\" style=\"cursor:inherit\">Table of Contents<\/p>\n<span class=\"ez-toc-title-toggle\"><a href=\"#\" class=\"ez-toc-pull-right ez-toc-btn ez-toc-btn-xs ez-toc-btn-default ez-toc-toggle\" aria-label=\"Toggle Table of Content\"><span class=\"ez-toc-js-icon-con\"><span class=\"\"><span class=\"eztoc-hide\" style=\"display:none;\">Toggle<\/span><span class=\"ez-toc-icon-toggle-span\"><svg style=\"fill: #999;color:#999\" xmlns=\"http:\/\/www.w3.org\/2000\/svg\" class=\"list-377408\" width=\"20px\" height=\"20px\" viewBox=\"0 0 24 24\" fill=\"none\"><path d=\"M6 6H4v2h2V6zm14 0H8v2h12V6zM4 11h2v2H4v-2zm16 0H8v2h12v-2zM4 16h2v2H4v-2zm16 0H8v2h12v-2z\" fill=\"currentColor\"><\/path><\/svg><svg style=\"fill: #999;color:#999\" class=\"arrow-unsorted-368013\" xmlns=\"http:\/\/www.w3.org\/2000\/svg\" width=\"10px\" height=\"10px\" viewBox=\"0 0 24 24\" version=\"1.2\" baseProfile=\"tiny\"><path d=\"M18.2 9.3l-6.2-6.3-6.2 6.3c-.2.2-.3.4-.3.7s.1.5.3.7c.2.2.4.3.7.3h11c.3 0 .5-.1.7-.3.2-.2.3-.5.3-.7s-.1-.5-.3-.7zM5.8 14.7l6.2 6.3 6.2-6.3c.2-.2.3-.5.3-.7s-.1-.5-.3-.7c-.2-.2-.4-.3-.7-.3h-11c-.3 0-.5.1-.7.3-.2.2-.3.5-.3.7s.1.5.3.7z\"\/><\/svg><\/span><\/span><\/span><\/a><\/span><\/div>\n<nav><ul class='ez-toc-list ez-toc-list-level-1 ' ><li class='ez-toc-page-1 ez-toc-heading-level-2'><a class=\"ez-toc-link ez-toc-heading-1\" href=\"https:\/\/cliniccenter.co.uk\/de\/zahnheilkunde\/#Zahnimplantate_in_der_Tuerkei\" >Zahnimplantate in der T\u00fcrkei<\/a><\/li><li class='ez-toc-page-1 ez-toc-heading-level-2'><a class=\"ez-toc-link ez-toc-heading-2\" href=\"https:\/\/cliniccenter.co.uk\/de\/zahnheilkunde\/#Porzellan_Veneers_in_der_Tuerkei\" >Porzellan Veneers in der T\u00fcrkei<\/a><\/li><li class='ez-toc-page-1 ez-toc-heading-level-2'><a class=\"ez-toc-link ez-toc-heading-3\" href=\"https:\/\/cliniccenter.co.uk\/de\/zahnheilkunde\/#Zahnkronen_in_der_Tuerkei\" >Zahnkronen in der T\u00fcrkei<\/a><\/li><li class='ez-toc-page-1 ez-toc-heading-level-2'><a class=\"ez-toc-link ez-toc-heading-4\" href=\"https:\/\/cliniccenter.co.uk\/de\/zahnheilkunde\/#Hollywood-Laecheln_in_der_Tuerkei\" >Hollywood-L\u00e4cheln in der T\u00fcrkei<\/a><\/li><li class='ez-toc-page-1 ez-toc-heading-level-2'><a class=\"ez-toc-link ez-toc-heading-5\" href=\"https:\/\/cliniccenter.co.uk\/de\/zahnheilkunde\/#Wurzelkanalbehandlung_in_der_Tuerkei\" >Wurzelkanalbehandlung in der T\u00fcrkei<\/a><\/li><li class='ez-toc-page-1 ez-toc-heading-level-2'><a class=\"ez-toc-link ez-toc-heading-6\" href=\"https:\/\/cliniccenter.co.uk\/de\/zahnheilkunde\/#All-on-4_All-on-6_in_der_Tuerkei\" >All-on-4 &amp; All-on-6 in der T\u00fcrkei<\/a><\/li><li class='ez-toc-page-1 ez-toc-heading-level-2'><a class=\"ez-toc-link ez-toc-heading-7\" href=\"https:\/\/cliniccenter.co.uk\/de\/zahnheilkunde\/#Gingivaplastik_Gingivektomie_in_der_Tuerkei\" >Gingivaplastik &amp; Gingivektomie in der T\u00fcrkei<\/a><\/li><li class='ez-toc-page-1 ez-toc-heading-level-2'><a class=\"ez-toc-link ez-toc-heading-8\" href=\"https:\/\/cliniccenter.co.uk\/de\/zahnheilkunde\/#Zaehnebleaching\" >Z\u00e4hnebleaching<\/a><\/li><\/ul><\/nav><\/div>\n\n\n\n\n<div class=\"wp-block-button has-text-align-center\"><a class=\"wp-block-button__link\" href=\"https:\/\/cliniccenter.co.uk\/de\/porzellan-veneers-in-der-turkei\/\">Einzelheiten<\/a><br><br><\/div>\n<\/div>\n<\/div>\n\n\n\n<div class=\"wp-block-columns is-layout-flex wp-container-core-columns-is-layout-2 wp-block-columns-is-layout-flex\">\n<div class=\"wp-block-column is-layout-flow wp-block-column-is-layout-flow\">\n<figure class=\"wp-block-image size-large skip-lazy\"><img decoding=\"async\" src=\"https:\/\/cliniccenter.co.uk\/wp-content\/uploads\/2023\/11\/dental-crown-1.webp\" alt=\"\" class=\"wp-image-10238\"\/><\/figure>\n\n\n\n<h2 class=\"wp-block-heading has-text-align-center\"><span class=\"ez-toc-section\" id=\"Zahnkronen_in_der_Tuerkei\"><\/span>Zahnkronen in der T\u00fcrkei<span class=\"ez-toc-section-end\"><\/span><\/h2>\n\n\n\n<p class=\"has-text-align-center\">Nicht jeder hat das Gl\u00fcck, mit einem makellosen Mund geboren zu werden, aber es ist nicht unm\u00f6glich, einen zu haben. Klinikzentrum wird Ihnen dabei helfen, klicken Sie jetzt auf das untere Kaestchen um zu erfahren, wie Sie perfekte Zaehne erhalten k\u00f6nnen \u2026<\/p>\n\n\n\n<div class=\"wp-block-button has-text-align-center\"><a class=\"wp-block-button__link\" href=\"https:\/\/cliniccenter.co.uk\/de\/zahnkronen-in-der-turkei\/\">Einzelheiten<\/a><br><br><\/div>\n<\/div>\n\n\n\n<div class=\"wp-block-column is-layout-flow wp-block-column-is-layout-flow\">\n<figure class=\"wp-block-image size-large is-style-default skip-lazy\"><img decoding=\"async\" src=\"https:\/\/cliniccenter.co.uk\/wp-content\/uploads\/2023\/11\/Hollywood-Smile-in-Turkey-1.webp\" alt=\"\" class=\"wp-image-34766\"\/><\/figure>\n\n\n\n<h2 class=\"wp-block-heading\"><span class=\"ez-toc-section\" id=\"Hollywood-Laecheln_in_der_Tuerkei\"><\/span>              Hollywood-L\u00e4cheln in der T\u00fcrkei<span class=\"ez-toc-section-end\"><\/span><\/h2>\n\n\n\n<p>Hollywood Smile kann Ihr Aussehen in einer einzigen Woche verbessern. Es ist eine echte Alternative f\u00fcr alle, die ein L\u00e4cheln wie das eines Hollywood-Stars haben m\u00f6chten&#8230;<\/p>\n\n\n\n<div class=\"wp-block-button has-text-align-center\"><a class=\"wp-block-button__link\" href=\"https:\/\/cliniccenter.co.uk\/de\/hollywood-smile-in-der-turkei\/\">Einzelheiten<\/a><br><br><\/div>\n<\/div>\n<\/div>\n\n\n\n<div class=\"wp-block-columns is-layout-flex wp-container-core-columns-is-layout-3 wp-block-columns-is-layout-flex\">\n<div class=\"wp-block-column is-layout-flow wp-block-column-is-layout-flow\">\n<figure class=\"wp-block-image alignleft size-large is-resized is-style-default skip-lazy\"><img decoding=\"async\" src=\"https:\/\/cliniccenter.co.uk\/wp-content\/uploads\/2023\/11\/Root-Canal-Treatment-in-Turkey.webp\" alt=\"\" class=\"wp-image-34778\" style=\"width:430px;height:auto\"\/><\/figure>\n\n\n\n<h2 class=\"wp-block-heading has-text-align-center\"><span class=\"ez-toc-section\" id=\"Wurzelkanalbehandlung_in_der_Tuerkei\"><\/span>Wurzelkanalbehandlung in der T\u00fcrkei<span class=\"ez-toc-section-end\"><\/span><\/h2>\n\n\n\n<p class=\"has-text-align-center\">Die Wurzelbehandlung ist ein Routineverfahren in der Zahnmedizin, das bestimmte Arten von Zahnschmerzen lindern und die Lebensdauer Ihrer Z\u00e4hne verl\u00e4ngern kann. Die Wurzelbehandlung ist das Verfahren, mit dem der Zahn gerettet werden kann, wenn sich das Weichgewebe in der Mitte akut entz\u00fcndet oder infiziert hat. Wenn Sie sich f\u00fcr Endodontie und die Kosten einer Wurzelbehandlung interessieren, k\u00f6nnen Sie uns kontaktieren.<\/p>\n\n\n\n<div class=\"wp-block-button has-text-align-center\"><a class=\"wp-block-button__link\" href=\"https:\/\/cliniccenter.co.uk\/de\/wurzelbehandlung-in-der-turkei\/\">Einzelheiten<\/a><br><br><\/div>\n<\/div>\n\n\n\n<div class=\"wp-block-column is-layout-flow wp-block-column-is-layout-flow\">\n<figure class=\"wp-block-image size-large is-resized is-style-default skip-lazy\"><img decoding=\"async\" src=\"https:\/\/cliniccenter.co.uk\/wp-content\/uploads\/2023\/11\/all-on-4-versus-traditional-dental-implants.webp\" alt=\"\" class=\"wp-image-34784\" style=\"width:508px;height:508px\"\/><\/figure>\n\n\n\n<h2 class=\"wp-block-heading has-text-align-center\"><span class=\"ez-toc-section\" id=\"All-on-4_All-on-6_in_der_Tuerkei\"><\/span>All-on-4 &amp; All-on-6 in der T\u00fcrkei<span class=\"ez-toc-section-end\"><\/span><\/h2>\n\n\n\n<p class=\"has-text-align-center\">All-on-4- und All-on-6-Implantatbehandlungen in der T\u00fcrkei sind per Definition die Entfernung aller nat\u00fcrlichen Z\u00e4hne und der vollst\u00e4ndige Ersatz eines oberen oder unteren Gebisses durch eine permanente Implantatbr\u00fccke, die von 4 oder mehr Zahnimplantaten getragen wird. Wenn Sie sich f\u00fcr All-on-4 und All-on-6 Zahnimplantate und die Kosten interessieren, k\u00f6nnen Sie uns einfach anfragen.<\/p>\n\n\n\n<div class=\"wp-block-button has-text-align-center\"><a class=\"wp-block-button__link\" href=\"https:\/\/cliniccenter.co.uk\/de\/all-on-4-in-der-turkei\/\">Einzelheiten<\/a><br><br><\/div>\n<\/div>\n<\/div>\n\n\n\n<div class=\"wp-block-columns is-layout-flex wp-container-core-columns-is-layout-5 wp-block-columns-is-layout-flex\">\n<div class=\"wp-block-column is-layout-flow wp-block-column-is-layout-flow\" style=\"flex-basis:100%\">\n<div class=\"wp-block-columns is-layout-flex wp-container-core-columns-is-layout-4 wp-block-columns-is-layout-flex\">\n<div class=\"wp-block-column is-layout-flow wp-block-column-is-layout-flow\">\n<figure class=\"wp-block-image size-large is-style-default skip-lazy\"><img decoding=\"async\" src=\"https:\/\/cliniccenter.co.uk\/wp-content\/uploads\/2023\/11\/Gingivectomy-in-Turkey.webp\" alt=\"\" class=\"wp-image-34790\"\/><\/figure>\n\n\n\n<h2 class=\"wp-block-heading has-text-align-center\"><span class=\"ez-toc-section\" id=\"Gingivaplastik_Gingivektomie_in_der_Tuerkei\"><\/span>Gingivaplastik &amp; Gingivektomie in der T\u00fcrkei<span class=\"ez-toc-section-end\"><\/span><\/h2>\n\n\n\n<p>Gingivoplastik und Gingivektomie sind einfache Eingriffe zur Umformung des Zahnfleisches mit dem Ziel, die Kontur zu verbessern, ohne die H\u00f6he zu ver\u00e4ndern. \u00dcberwucherndes Zahnfleischgewebe kann zu einem kosmetisch unsch\u00f6nen Zustand f\u00fchren, der als &#8222;Gingival Smile&#8220; bekannt ist. Ein gro\u00dfer Teil des Zahns wird vom Zahnfleisch bedeckt, und die Z\u00e4hne wirken kleiner und unnat\u00fcrlich.<\/p>\n\n\n\n<div class=\"wp-block-button has-text-align-center\"><a class=\"wp-block-button__link\" href=\"https:\/\/cliniccenter.co.uk\/de\/gingivektomie-in-der-turkei\/\">Einzelheiten<\/a><br><br><\/div>\n<\/div>\n\n\n\n<div class=\"wp-block-column is-layout-flow wp-block-column-is-layout-flow\">\n<figure class=\"wp-block-image size-large is-style-default skip-lazy\"><img decoding=\"async\" src=\"https:\/\/cliniccenter.co.uk\/wp-content\/uploads\/2023\/11\/Teeth-Whitening-in-Turkey-1-1.webp\" alt=\"\" class=\"wp-image-34796\"\/><\/figure>\n\n\n\n<h2 class=\"wp-block-heading has-text-align-center\"><span class=\"ez-toc-section\" id=\"Zaehnebleaching\"><\/span>Z\u00e4hnebleaching<span class=\"ez-toc-section-end\"><\/span><\/h2>\n\n\n\n<p>Die Zahnaufhellung st\u00e4rkt Ihr Selbstvertrauen, Sie k\u00f6nnen Ihr L\u00e4cheln zeigen, ohne Angst davor zu haben, wie Ihre Z\u00e4hne aussehen werden. Dunkle Z\u00e4hne k\u00f6nnen f\u00fcr viele Menschen ein Problem f\u00fcr ihr Selbstwertgef\u00fchl sein, sie verdecken sogar ihren Mund, wenn sie lachen.&nbsp; Bitte klicken Sie auf den unten stehenden Link, um mehr \u00fcber die professionelle Zahnaufhellung und die Kosten f\u00fcr die Zahnaufhellung zu erfahren.<\/p>\n\n\n\n<div class=\"wp-block-button has-text-align-center\"><a class=\"wp-block-button__link\" href=\"https:\/\/cliniccenter.co.uk\/de\/zahnaufhellung-in-der-turkei\/\">Einzelheiten<\/a><br><br><\/div>\n<\/div>\n<\/div>\n<\/div>\n<\/div>\n<\/p>","protected":false},"excerpt":{"rendered":"<p>Zahnimplantate in der T\u00fcrkei Sie m\u00f6chten vielleicht Ihren fehlenden Zahn zur\u00fcck haben und Ihr Problem an Ihren kauenden und bei\u00dfenden Z\u00e4hne gel\u00f6st wird, gleichzeitig aber kein Verm\u00f6gen f\u00fcr diese Probleme aufwenden. Informieren Sie sich jetzt \u00fcber die Zahnimplantatverfahren, die wir in der T\u00fcrkei anbieten\u2026 Einzelheiten Porzellan Veneers in der T\u00fcrkei Tut es Ihnen schwer, beim [&hellip;]<\/p>\n","protected":false},"author":2,"featured_media":0,"parent":18939,"menu_order":0,"comment_status":"closed","ping_status":"closed","template":"","meta":{"_uag_custom_page_level_css":"","_lmt_disableupdate":"no","_lmt_disable":"","site-sidebar-layout":"default","site-content-layout":"default","ast-site-content-layout":"default","site-content-style":"default","site-sidebar-style":"default","ast-global-header-display":"","ast-banner-title-visibility":"","ast-main-header-display":"","ast-hfb-above-header-display":"","ast-hfb-below-header-display":"","ast-hfb-mobile-header-display":"","site-post-title":"disabled","ast-breadcrumbs-content":"","ast-featured-img":"","footer-sml-layout":"","theme-transparent-header-meta":"default","adv-header-id-meta":"","stick-header-meta":"","header-above-stick-meta":"","header-main-stick-meta":"","header-below-stick-meta":"","astra-migrate-meta-layouts":"set","ast-page-background-enabled":"default","ast-page-background-meta":{"desktop":{"background-color":"","background-image":"","background-repeat":"repeat","background-position":"center center","background-size":"auto","background-attachment":"scroll","background-type":"","background-media":"","overlay-type":"","overlay-color":"","overlay-opacity":"","overlay-gradient":""},"tablet":{"background-color":"","background-image":"","background-repeat":"repeat","background-position":"center center","background-size":"auto","background-attachment":"scroll","background-type":"","background-media":"","overlay-type":"","overlay-color":"","overlay-opacity":"","overlay-gradient":""},"mobile":{"background-color":"","background-image":"","background-repeat":"repeat","background-position":"center center","background-size":"auto","background-attachment":"scroll","background-type":"","background-media":"","overlay-type":"","overlay-color":"","overlay-opacity":"","overlay-gradient":""}},"ast-content-background-meta":{"desktop":{"background-color":"var(--ast-global-color-5)","background-image":"","background-repeat":"repeat","background-position":"center center","background-size":"auto","background-attachment":"scroll","background-type":"","background-media":"","overlay-type":"","overlay-color":"","overlay-opacity":"","overlay-gradient":""},"tablet":{"background-color":"var(--ast-global-color-5)","background-image":"","background-repeat":"repeat","background-position":"center center","background-size":"auto","background-attachment":"scroll","background-type":"","background-media":"","overlay-type":"","overlay-color":"","overlay-opacity":"","overlay-gradient":""},"mobile":{"background-color":"var(--ast-global-color-5)","background-image":"","background-repeat":"repeat","background-position":"center center","background-size":"auto","background-attachment":"scroll","background-type":"","background-media":"","overlay-type":"","overlay-color":"","overlay-opacity":"","overlay-gradient":""}},"footnotes":""},"class_list":["post-18942","page","type-page","status-publish","hentry"],"yoast_head":"<!-- This site is optimized with the Yoast SEO plugin v25.3.1 - https:\/\/yoast.com\/wordpress\/plugins\/seo\/ -->\n<title>Zahnheilkunde<\/title>\n<meta name=\"description\" content=\"Click here to find out everything about dental implants and crowns, porcelein veneers. Like thousands of patients from the Europe, dental treatments in Turkey may be the best choice for you too.\" \/>\n<meta name=\"robots\" content=\"index, follow, max-snippet:-1, max-image-preview:large, max-video-preview:-1\" \/>\n<link rel=\"canonical\" href=\"https:\/\/cliniccenter.co.uk\/de\/zahnheilkunde\/\" \/>\n<meta property=\"og:locale\" content=\"de_DE\" \/>\n<meta property=\"og:type\" content=\"article\" \/>\n<meta property=\"og:title\" content=\"Zahnheilkunde\" \/>\n<meta property=\"og:description\" content=\"Click here to find out everything about dental implants and crowns, porcelein veneers. Like thousands of patients from the Europe, dental treatments in Turkey may be the best choice for you too.\" \/>\n<meta property=\"og:url\" content=\"https:\/\/cliniccenter.co.uk\/de\/zahnheilkunde\/\" \/>\n<meta property=\"article:publisher\" content=\"https:\/\/www.facebook.com\/cliniccenter.co.uk\/\" \/>\n<meta property=\"article:modified_time\" content=\"2023-12-11T14:32:40+00:00\" \/>\n<meta property=\"og:image\" content=\"https:\/\/cliniccenter.co.uk\/wp-content\/uploads\/2023\/11\/dental-implant-1-3.webp\" \/>\n<meta name=\"twitter:card\" content=\"summary_large_image\" \/>\n<meta name=\"twitter:site\" content=\"@cliniccenteruk\" \/>\n<meta name=\"twitter:label1\" content=\"Gesch\u00e4tzte Lesezeit\" \/>\n\t<meta name=\"twitter:data1\" content=\"4\u00a0Minuten\" \/>\n<!-- \/ Yoast SEO plugin. -->","yoast_head_json":{"title":"Zahnheilkunde","description":"Click here to find out everything about dental implants and crowns, porcelein veneers. Like thousands of patients from the Europe, dental treatments in Turkey may be the best choice for you too.","robots":{"index":"index","follow":"follow","max-snippet":"max-snippet:-1","max-image-preview":"max-image-preview:large","max-video-preview":"max-video-preview:-1"},"canonical":"https:\/\/cliniccenter.co.uk\/de\/zahnheilkunde\/","og_locale":"de_DE","og_type":"article","og_title":"Zahnheilkunde","og_description":"Click here to find out everything about dental implants and crowns, porcelein veneers. Like thousands of patients from the Europe, dental treatments in Turkey may be the best choice for you too.","og_url":"https:\/\/cliniccenter.co.uk\/de\/zahnheilkunde\/","article_publisher":"https:\/\/www.facebook.com\/cliniccenter.co.uk\/","article_modified_time":"2023-12-11T14:32:40+00:00","og_image":[{"url":"https:\/\/cliniccenter.co.uk\/wp-content\/uploads\/2023\/11\/dental-implant-1-3.webp","type":"","width":"","height":""}],"twitter_card":"summary_large_image","twitter_site":"@cliniccenteruk","twitter_misc":{"Gesch\u00e4tzte Lesezeit":"4\u00a0Minuten"},"schema":{"@context":"https:\/\/schema.org","@graph":[{"@type":"WebPage","@id":"https:\/\/cliniccenter.co.uk\/de\/zahnheilkunde\/","url":"https:\/\/cliniccenter.co.uk\/de\/zahnheilkunde\/","name":"Zahnheilkunde","isPartOf":{"@id":"https:\/\/cliniccenter.co.uk\/ro\/#website"},"primaryImageOfPage":{"@id":"https:\/\/cliniccenter.co.uk\/de\/zahnheilkunde\/#primaryimage"},"image":{"@id":"https:\/\/cliniccenter.co.uk\/de\/zahnheilkunde\/#primaryimage"},"thumbnailUrl":"https:\/\/cliniccenter.co.uk\/wp-content\/uploads\/2023\/11\/dental-implant-1-3.webp","datePublished":"2018-01-30T12:38:02+00:00","dateModified":"2023-12-11T14:32:40+00:00","description":"Click here to find out everything about dental implants and crowns, porcelein veneers. Like thousands of patients from the Europe, dental treatments in Turkey may be the best choice for you too.","breadcrumb":{"@id":"https:\/\/cliniccenter.co.uk\/de\/zahnheilkunde\/#breadcrumb"},"inLanguage":"de","potentialAction":[{"@type":"ReadAction","target":["https:\/\/cliniccenter.co.uk\/de\/zahnheilkunde\/"]}]},{"@type":"ImageObject","inLanguage":"de","@id":"https:\/\/cliniccenter.co.uk\/de\/zahnheilkunde\/#primaryimage","url":"https:\/\/cliniccenter.co.uk\/wp-content\/uploads\/2023\/11\/dental-implant-1-3.webp","contentUrl":"https:\/\/cliniccenter.co.uk\/wp-content\/uploads\/2023\/11\/dental-implant-1-3.webp"},{"@type":"BreadcrumbList","@id":"https:\/\/cliniccenter.co.uk\/de\/zahnheilkunde\/#breadcrumb","itemListElement":[{"@type":"ListItem","position":1,"name":"Home","item":"https:\/\/cliniccenter.co.uk\/de\/"},{"@type":"ListItem","position":2,"name":"Behandlungen","item":"https:\/\/cliniccenter.co.uk\/de\/behandlungen\/"},{"@type":"ListItem","position":3,"name":"Zahnheilkunde"}]},{"@type":"WebSite","@id":"https:\/\/cliniccenter.co.uk\/ro\/#website","url":"https:\/\/cliniccenter.co.uk\/ro\/","name":"","description":"","potentialAction":[{"@type":"SearchAction","target":{"@type":"EntryPoint","urlTemplate":"https:\/\/cliniccenter.co.uk\/ro\/?s={search_term_string}"},"query-input":{"@type":"PropertyValueSpecification","valueRequired":true,"valueName":"search_term_string"}}],"inLanguage":"de"}]}},"uagb_featured_image_src":{"full":false,"thumbnail":false,"medium":false,"medium_large":false,"large":false,"1536x1536":false,"2048x2048":false},"uagb_author_info":{"display_name":"Sertac Ceki","author_link":"https:\/\/cliniccenter.co.uk\/de\/blog\/author\/sertaccliniccenter-co-uk\/"},"uagb_comment_info":0,"uagb_excerpt":"Zahnimplantate in der T\u00fcrkei Sie m\u00f6chten vielleicht Ihren fehlenden Zahn zur\u00fcck haben und Ihr Problem an Ihren kauenden und bei\u00dfenden Z\u00e4hne gel\u00f6st wird, gleichzeitig aber kein Verm\u00f6gen f\u00fcr diese Probleme aufwenden. Informieren Sie sich jetzt \u00fcber die Zahnimplantatverfahren, die wir in der T\u00fcrkei anbieten\u2026 Einzelheiten Porzellan Veneers in der T\u00fcrkei Tut es Ihnen schwer, beim&hellip;","_links":{"self":[{"href":"https:\/\/cliniccenter.co.uk\/de\/wp-json\/wp\/v2\/pages\/18942"}],"collection":[{"href":"https:\/\/cliniccenter.co.uk\/de\/wp-json\/wp\/v2\/pages"}],"about":[{"href":"https:\/\/cliniccenter.co.uk\/de\/wp-json\/wp\/v2\/types\/page"}],"author":[{"embeddable":true,"href":"https:\/\/cliniccenter.co.uk\/de\/wp-json\/wp\/v2\/users\/2"}],"replies":[{"embeddable":true,"href":"https:\/\/cliniccenter.co.uk\/de\/wp-json\/wp\/v2\/comments?post=18942"}],"version-history":[{"count":11,"href":"https:\/\/cliniccenter.co.uk\/de\/wp-json\/wp\/v2\/pages\/18942\/revisions"}],"predecessor-version":[{"id":49359,"href":"https:\/\/cliniccenter.co.uk\/de\/wp-json\/wp\/v2\/pages\/18942\/revisions\/49359"}],"up":[{"embeddable":true,"href":"https:\/\/cliniccenter.co.uk\/de\/wp-json\/wp\/v2\/pages\/18939"}],"wp:attachment":[{"href":"https:\/\/cliniccenter.co.uk\/de\/wp-json\/wp\/v2\/media?parent=18942"}],"curies":[{"name":"wp","href":"https:\/\/api.w.org\/{rel}","templated":true}]}}