{"id":19092,"date":"2018-01-25T08:31:53","date_gmt":"2018-01-25T08:31:53","guid":{"rendered":"https:\/\/cliniccenter.co.uk\/behandlungen\/haartransplantation\/fue-hair-transplant\/"},"modified":"2024-04-17T07:33:57","modified_gmt":"2024-04-17T07:33:57","slug":"fue-follikulare-einheit-extraktion-technik","status":"publish","type":"page","link":"https:\/\/cliniccenter.co.uk\/de\/fue-follikulare-einheit-extraktion-technik\/","title":{"rendered":"FUE Haartransplantation"},"content":{"rendered":"\n<div class=\"wp-block-columns is-layout-flex wp-container-core-columns-is-layout-1 wp-block-columns-is-layout-flex\">\n<div class=\"wp-block-column is-layout-flow wp-block-column-is-layout-flow\" style=\"flex-basis:66.66%\">\n<figure class=\"wp-block-image size-full skip-lazy\"><img decoding=\"async\" width=\"780\" height=\"345\" src=\"https:\/\/cliniccenter.co.uk\/wp-content\/uploads\/2024\/04\/FUE-Haartransplantation-90.webp\" alt=\"\" class=\"wp-image-54022 skip-lazy\" srcset=\"https:\/\/cliniccenter.co.uk\/wp-content\/uploads\/2024\/04\/FUE-Haartransplantation-90.webp 780w, https:\/\/cliniccenter.co.uk\/wp-content\/uploads\/2024\/04\/FUE-Haartransplantation-90-300x133.webp 300w, https:\/\/cliniccenter.co.uk\/wp-content\/uploads\/2024\/04\/FUE-Haartransplantation-90-768x340.webp 768w\" sizes=\"(max-width: 780px) 100vw, 780px\" \/><\/figure>\n\n\n\n<p><\/p>\n<\/div>\n\n\n\n<div class=\"wp-block-column is-layout-flow wp-block-column-is-layout-flow\" style=\"flex-basis:33.33%\">\n<div style=\"padding: 10px; background-color: #0578cf; border: solid 1px #0578cf; color: #fff; border-bottom: 0px; text-align:center\">Holen Sie sich JETZT Ihren KOSTENLOSEN Behandlungsplan!\n<\/div>\n<div id=\"treatment_form\" style=\"padding: 10px; background-color: #fff; border: solid 1px #0578cf;\">\n<div class=\"wpcf7 no-js\" id=\"wpcf7-f18958-o1\" lang=\"en-GB\" dir=\"ltr\" data-wpcf7-id=\"18958\">\n<div class=\"screen-reader-response\"><p role=\"status\" aria-live=\"polite\" aria-atomic=\"true\"><\/p><div id=\"ez-toc-container\" class=\"ez-toc-v2_0_80 counter-hierarchy ez-toc-counter ez-toc-grey ez-toc-container-direction\">\n<div class=\"ez-toc-title-container\">\n<p class=\"ez-toc-title\" style=\"cursor:inherit\">Table of Contents<\/p>\n<span class=\"ez-toc-title-toggle\"><a href=\"#\" class=\"ez-toc-pull-right ez-toc-btn ez-toc-btn-xs ez-toc-btn-default ez-toc-toggle\" aria-label=\"Toggle Table of Content\"><span class=\"ez-toc-js-icon-con\"><span class=\"\"><span class=\"eztoc-hide\" style=\"display:none;\">Toggle<\/span><span class=\"ez-toc-icon-toggle-span\"><svg style=\"fill: #999;color:#999\" xmlns=\"http:\/\/www.w3.org\/2000\/svg\" class=\"list-377408\" width=\"20px\" height=\"20px\" viewBox=\"0 0 24 24\" fill=\"none\"><path d=\"M6 6H4v2h2V6zm14 0H8v2h12V6zM4 11h2v2H4v-2zm16 0H8v2h12v-2zM4 16h2v2H4v-2zm16 0H8v2h12v-2z\" fill=\"currentColor\"><\/path><\/svg><svg style=\"fill: #999;color:#999\" class=\"arrow-unsorted-368013\" xmlns=\"http:\/\/www.w3.org\/2000\/svg\" width=\"10px\" height=\"10px\" viewBox=\"0 0 24 24\" version=\"1.2\" baseProfile=\"tiny\"><path d=\"M18.2 9.3l-6.2-6.3-6.2 6.3c-.2.2-.3.4-.3.7s.1.5.3.7c.2.2.4.3.7.3h11c.3 0 .5-.1.7-.3.2-.2.3-.5.3-.7s-.1-.5-.3-.7zM5.8 14.7l6.2 6.3 6.2-6.3c.2-.2.3-.5.3-.7s-.1-.5-.3-.7c-.2-.2-.4-.3-.7-.3h-11c-.3 0-.5.1-.7.3-.2.2-.3.5-.3.7s.1.5.3.7z\"\/><\/svg><\/span><\/span><\/span><\/a><\/span><\/div>\n<nav><ul class='ez-toc-list ez-toc-list-level-1 ' ><li class='ez-toc-page-1 ez-toc-heading-level-2'><a class=\"ez-toc-link ez-toc-heading-1\" href=\"https:\/\/cliniccenter.co.uk\/de\/fue-follikulare-einheit-extraktion-technik\/#FUE_Follikulaere_Einheit_Extraktion_Technik\" >FUE (Follikul\u00e4re Einheit Extraktion) Technik<\/a><\/li><li class='ez-toc-page-1 ez-toc-heading-level-2'><a class=\"ez-toc-link ez-toc-heading-2\" href=\"https:\/\/cliniccenter.co.uk\/de\/fue-follikulare-einheit-extraktion-technik\/#FUT_Follikulaere_Einheit_Transplantation_Technik\" >FUT (Follikul\u00e4re Einheit Transplantation) Technik<\/a><\/li><\/ul><\/nav><\/div>\n <ul><\/ul><\/div>\n<form action=\"\/de\/wp-json\/wp\/v2\/pages\/19092#wpcf7-f18958-o1\" method=\"post\" class=\"wpcf7-form init\" aria-label=\"Contact form\" novalidate=\"novalidate\" data-status=\"init\">\n<div style=\"display: none;\">\n<input type=\"hidden\" name=\"_wpcf7\" value=\"18958\" \/>\n<input type=\"hidden\" name=\"_wpcf7_version\" value=\"6.0.6\" \/>\n<input type=\"hidden\" name=\"_wpcf7_locale\" value=\"en_GB\" \/>\n<input type=\"hidden\" name=\"_wpcf7_unit_tag\" value=\"wpcf7-f18958-o1\" \/>\n<input type=\"hidden\" name=\"_wpcf7_container_post\" value=\"0\" \/>\n<input type=\"hidden\" name=\"_wpcf7_posted_data_hash\" value=\"\" \/>\n<\/div>\n<p><label> Name (erforderlich)<br \/>\n<span class=\"wpcf7-form-control-wrap\" data-name=\"your-name\"><input size=\"40\" maxlength=\"400\" class=\"wpcf7-form-control wpcf7-text wpcf7-validates-as-required\" aria-required=\"true\" aria-invalid=\"false\" value=\"\" type=\"text\" name=\"your-name\" \/><\/span> <\/label>\n<\/p>\n<p><label> Email (erforderlich)<br \/>\n<span class=\"wpcf7-form-control-wrap\" data-name=\"your-email\"><input size=\"40\" maxlength=\"400\" class=\"wpcf7-form-control wpcf7-email wpcf7-validates-as-required wpcf7-text wpcf7-validates-as-email\" aria-required=\"true\" aria-invalid=\"false\" value=\"\" type=\"email\" name=\"your-email\" \/><\/span> <\/label>\n<\/p>\n<p><label> Telefon (erforderlich)<br \/>\n<span class=\"wpcf7-form-control-wrap\" data-name=\"your-phone\"><input size=\"40\" maxlength=\"400\" minlength=\"7\" class=\"wpcf7-form-control wpcf7-text wpcf7-validates-as-required\" aria-required=\"true\" aria-invalid=\"false\" value=\"\" type=\"text\" name=\"your-phone\" \/><\/span> <\/label>\n<\/p>\n<p><label> Nachricht<br \/>\n<span class=\"wpcf7-form-control-wrap\" data-name=\"your-message\"><textarea cols=\"40\" rows=\"10\" maxlength=\"2000\" class=\"wpcf7-form-control wpcf7-textarea\" aria-invalid=\"false\" name=\"your-message\"><\/textarea><\/span> <\/label>\n<\/p>\n<p><div class=\"cf7-cf-turnstile\" style=\"margin-top: 0px; margin-bottom: -15px;\"> <div id=\"cf-turnstile-cf7-4262192881\" class=\"cf-turnstile\" data-sitekey=\"0x4AAAAAAAMc9haAStrzwgEc\" data-theme=\"light\" data-language=\"auto\" data-size=\"normal\" data-retry=\"auto\" data-retry-interval=\"1000\" data-refresh-expired=\"auto\" data-action=\"contact-form-7\" data-appearance=\"always\"><\/div> <script>document.addEventListener(\"DOMContentLoaded\", function() { setTimeout(function(){ var e=document.getElementById(\"cf-turnstile-cf7-4262192881\"); e&&!e.innerHTML.trim()&&(turnstile.remove(\"#cf-turnstile-cf7-4262192881\"), turnstile.render(\"#cf-turnstile-cf7-4262192881\", {sitekey:\"0x4AAAAAAAMc9haAStrzwgEc\"})); }, 100); });<\/script> <br class=\"cf-turnstile-br cf-turnstile-br-cf7-4262192881\"> <style>#cf-turnstile-cf7-4262192881 { margin-left: -15px; }<\/style> <script>document.addEventListener(\"DOMContentLoaded\",function(){document.querySelectorAll('.wpcf7-form').forEach(function(e){e.addEventListener('submit',function(){if(document.getElementById('cf-turnstile-cf7-4262192881')){setTimeout(function(){turnstile.reset('#cf-turnstile-cf7-4262192881');},1000)}})})});<\/script> <\/div><br\/><input class=\"wpcf7-form-control wpcf7-submit has-spinner\" type=\"submit\" value=\"Senden\" \/>\n<\/p><p style=\"display: none !important;\" class=\"akismet-fields-container\" data-prefix=\"_wpcf7_ak_\"><label>&#916;<textarea name=\"_wpcf7_ak_hp_textarea\" cols=\"45\" rows=\"8\" maxlength=\"100\"><\/textarea><\/label><input type=\"hidden\" id=\"ak_js_1\" name=\"_wpcf7_ak_js\" value=\"23\"\/><script>document.getElementById( \"ak_js_1\" ).setAttribute( \"value\", ( new Date() ).getTime() );<\/script><\/p><div class=\"wpcf7-response-output\" aria-hidden=\"true\"><\/div>\n<\/form>\n<\/div>\n<\/div>\n<\/div>\n<\/div>\n\n\n\n<h2 class=\"wp-block-heading\"><span class=\"ez-toc-section\" id=\"FUE_Follikulaere_Einheit_Extraktion_Technik\"><\/span>FUE (Follikul\u00e4re Einheit Extraktion) Technik<span class=\"ez-toc-section-end\"><\/span><\/h2>\n\n\n\n<figure class=\"wp-block-image alignleft\"><a href=\"https:\/\/cliniccenter.co.uk\/wp-content\/uploads\/2018\/02\/fue.jpg\"><img decoding=\"async\" width=\"650\" height=\"650\" src=\"https:\/\/cliniccenter.co.uk\/wp-content\/uploads\/2018\/02\/fue.jpg\" alt=\"\" class=\"wp-image-2402\" srcset=\"https:\/\/cliniccenter.co.uk\/wp-content\/uploads\/2018\/02\/fue.jpg 650w, https:\/\/cliniccenter.co.uk\/wp-content\/uploads\/2018\/02\/fue-150x150.jpg 150w, https:\/\/cliniccenter.co.uk\/wp-content\/uploads\/2018\/02\/fue-300x300.jpg 300w, https:\/\/cliniccenter.co.uk\/wp-content\/uploads\/2018\/02\/fue-570x570.jpg 570w, https:\/\/cliniccenter.co.uk\/wp-content\/uploads\/2018\/02\/fue-500x500.jpg 500w\" sizes=\"(max-width: 650px) 100vw, 650px\" \/><\/a><\/figure>\n\n\n\n<p>Im Vergleich zu FUT, ist die FUE-Haartransplantation in der T\u00fcrkei eine sehr fortgeschrittene Technologieoption. Einzelne Transplantate, die Spender, werden am Hinterkopf und an den Seiten mit 0,6 mm bis 1,2 mm feinem Spezialinstrument unter Verwendung spezieller Mikromotoren mit Mikrospitzen unter \u00f6rtlicher Bet\u00e4ubung entfernt und in den Empf\u00e4ngerbereich transplantiert. Heutzutage wird die FUE-Technik bei den meisten Haartransplantationsverfahren bevorzugt, da keine chirurgischen Eingriffe erforderlich sind und die Technik leicht zu entscheiden ist. Es gibt keine Schnitte oder Stiche an der Extraktion oder Narbenbildung und chirurgische Schmerzen werden minimiert. Durch diese Methode k\u00f6nnen extrahierte Transplantate sowohl bei Haartransplantationen als auch bei Barttransplantationen verwendet werden. Mithilfe der FUE-Haartransplantation, die von unseren Partnerspezialisten durchgef\u00fchrt wird, erscheinen nat\u00fcrliche und dichte Ergebnisse. Da keine Naht entfernt werden muss, betr\u00e4gt die Erholungszeit etwa 7 Tage. Lebenslang wachsendes Haar wird Ihr Aussehen auf die positivste Weise ver\u00e4ndern. Klicken Sie hier, um die Ergebnisse der FUE-Haartransplantation anzuzeigen.<\/p>\n\n\n\n<h3 class=\"wp-block-heading\">Vorteile der FUE Haartransplantation:<\/h3>\n\n\n\n<ul class=\"wp-block-list\">\n<li>Bei der konventionellen Streifenernte hinterl\u00e4sst sie keine lineare Narbe und verursacht minimale, oder sogar keine Schmerzen und Beschwerden.<\/li>\n\n\n\n<li>Der Heilungsprozess geht viel schneller voran; Innerhalb einer Woche nach der FUE-Haartransplantation f\u00fchlt sich der Patient wesentlich wohler.<\/li>\n\n\n\n<li>Keine Narbenbildung, keine Notwendigkeit, die Naht zu entfernen und keine besondere Pflege.<\/li>\n<\/ul>\n\n\n\n<h3 class=\"wp-block-heading\">Nachteile der FUE Haartransplantation:<\/h3>\n\n\n\n<ul class=\"wp-block-list\">\n<li>Es erfordert spezifische Erfahrung und Ausbildung der Haarspezialisten.<\/li>\n\n\n\n<li>Es sollte eine spezielle Ausr\u00fcstung w\u00e4hrend der Operation verwendet werden<\/li>\n\n\n\n<li>FUE eignet sich m\u00f6glicherweise nicht f\u00fcr lockiges Haar, kann jedoch nach einer kostenlosen Beratung mit den Spezialisten entschieden werden.<\/li>\n<\/ul>\n\n\n\n<h2 class=\"wp-block-heading\"><span class=\"ez-toc-section\" id=\"FUT_Follikulaere_Einheit_Transplantation_Technik\"><\/span>FUT (Follikul\u00e4re Einheit Transplantation) Technik<span class=\"ez-toc-section-end\"><\/span><\/h2>\n\n\n\n<p>Bei der FUT-Technik wird unter \u00f6rtlicher Bet\u00e4ubung ein Streifen Haut am Hinterkopf entfernt, die Transplantate aus dem Streifen herausgearbeitet, aufwendig pr\u00e4pariert und zum Einpflanzen vorbereitet. Mehrere Spezialisten m\u00fcssen gleichzeitig daran arbeiten. Der Patient sollte nach einer Woche die N\u00e4hte entfernen lassen. Bei der FUT-Haartransplantation ist eine feine Spur unter den F\u00e4den zu sehen. Diese Methode hinterl\u00e4sst eine lineare Narbe im Spendergebiet. Die Erholungsphase betr\u00e4gt etwa 2 Wochen und erfordert, dass die N\u00e4hte von medizinischem Personal entfernt werden. Klicken Sie hier, um die Ergebnisse der FUE-Haartransplantation anzuzeigen.<\/p>\n\n\n\n<h3 class=\"wp-block-heading\">Vorteile der FUT Haartransplantation:<\/h3>\n\n\n\n<ul class=\"wp-block-list\">\n<li>Die Natur der follikul\u00e4ren Einheiten ist gut erhalten<\/li>\n\n\n\n<li>Die Technik erfordert keine spezielle Ausr\u00fcstung.<\/li>\n<\/ul>\n\n\n\n<h3 class=\"wp-block-heading\">Nachteile der FUT Haartransplantation:<\/h3>\n\n\n\n<ul class=\"wp-block-list\">\n<li>Die Anzahl der Transplantate, die aus dem Streifen entnommen werden k\u00f6nnen, ist begrenzt, und es kann zu Transplantatverlusten kommen.<\/li>\n\n\n\n<li>Die Durchmesser der Haartransplantate sind im Vergleich zur FUE-Technik gr\u00f6\u00dfer.<\/li>\n\n\n\n<li>Aufgrund der Dehnung der Haut k\u00f6nnen Schmerzen und Beschwerden am Kopf sp\u00fcrbar sein.<\/li>\n\n\n\n<li>Der Heilungsprozess dauert ca. 2 Wochen.<\/li>\n\n\n\n<li>Nach der Entnahme der Transplantate bleibt eine Narbe am Hinterkopf zur\u00fcck.<\/li>\n<\/ul>\n<\/p>","protected":false},"excerpt":{"rendered":"<p>Holen Sie sich JETZT Ihren KOSTENLOSEN Behandlungsplan! FUE (Follikul\u00e4re Einheit Extraktion) Technik Im Vergleich zu FUT, ist die FUE-Haartransplantation in der T\u00fcrkei eine sehr fortgeschrittene Technologieoption. Einzelne Transplantate, die Spender, werden am Hinterkopf und an den Seiten mit 0,6 mm bis 1,2 mm feinem Spezialinstrument unter Verwendung spezieller Mikromotoren mit Mikrospitzen unter \u00f6rtlicher Bet\u00e4ubung entfernt [&hellip;]<\/p>\n","protected":false},"author":2,"featured_media":19094,"parent":18946,"menu_order":0,"comment_status":"closed","ping_status":"closed","template":"","meta":{"_uag_custom_page_level_css":"","_lmt_disableupdate":"no","_lmt_disable":"","site-sidebar-layout":"default","site-content-layout":"default","ast-site-content-layout":"default","site-content-style":"default","site-sidebar-style":"default","ast-global-header-display":"","ast-banner-title-visibility":"","ast-main-header-display":"","ast-hfb-above-header-display":"","ast-hfb-below-header-display":"","ast-hfb-mobile-header-display":"","site-post-title":"","ast-breadcrumbs-content":"","ast-featured-img":"disabled","footer-sml-layout":"","theme-transparent-header-meta":"default","adv-header-id-meta":"","stick-header-meta":"","header-above-stick-meta":"","header-main-stick-meta":"","header-below-stick-meta":"","astra-migrate-meta-layouts":"set","ast-page-background-enabled":"default","ast-page-background-meta":{"desktop":{"background-color":"","background-image":"","background-repeat":"repeat","background-position":"center center","background-size":"auto","background-attachment":"scroll","background-type":"","background-media":"","overlay-type":"","overlay-color":"","overlay-opacity":"","overlay-gradient":""},"tablet":{"background-color":"","background-image":"","background-repeat":"repeat","background-position":"center center","background-size":"auto","background-attachment":"scroll","background-type":"","background-media":"","overlay-type":"","overlay-color":"","overlay-opacity":"","overlay-gradient":""},"mobile":{"background-color":"","background-image":"","background-repeat":"repeat","background-position":"center center","background-size":"auto","background-attachment":"scroll","background-type":"","background-media":"","overlay-type":"","overlay-color":"","overlay-opacity":"","overlay-gradient":""}},"ast-content-background-meta":{"desktop":{"background-color":"var(--ast-global-color-5)","background-image":"","background-repeat":"repeat","background-position":"center center","background-size":"auto","background-attachment":"scroll","background-type":"","background-media":"","overlay-type":"","overlay-color":"","overlay-opacity":"","overlay-gradient":""},"tablet":{"background-color":"var(--ast-global-color-5)","background-image":"","background-repeat":"repeat","background-position":"center center","background-size":"auto","background-attachment":"scroll","background-type":"","background-media":"","overlay-type":"","overlay-color":"","overlay-opacity":"","overlay-gradient":""},"mobile":{"background-color":"var(--ast-global-color-5)","background-image":"","background-repeat":"repeat","background-position":"center center","background-size":"auto","background-attachment":"scroll","background-type":"","background-media":"","overlay-type":"","overlay-color":"","overlay-opacity":"","overlay-gradient":""}},"footnotes":""},"class_list":["post-19092","page","type-page","status-publish","has-post-thumbnail","hentry"],"yoast_head":"<!-- This site is optimized with the Yoast SEO plugin v25.3.1 - https:\/\/yoast.com\/wordpress\/plugins\/seo\/ -->\n<title>FUE Haartransplantation -<\/title>\n<meta name=\"robots\" content=\"noindex, follow\" \/>\n<meta property=\"og:locale\" content=\"de_DE\" \/>\n<meta property=\"og:type\" content=\"article\" \/>\n<meta property=\"og:title\" content=\"FUE Haartransplantation -\" \/>\n<meta property=\"og:description\" content=\"Holen Sie sich JETZT Ihren KOSTENLOSEN Behandlungsplan! FUE (Follikul\u00e4re Einheit Extraktion) Technik Im Vergleich zu FUT, ist die FUE-Haartransplantation in der T\u00fcrkei eine sehr fortgeschrittene Technologieoption. Einzelne Transplantate, die Spender, werden am Hinterkopf und an den Seiten mit 0,6 mm bis 1,2 mm feinem Spezialinstrument unter Verwendung spezieller Mikromotoren mit Mikrospitzen unter \u00f6rtlicher Bet\u00e4ubung entfernt [&hellip;]\" \/>\n<meta property=\"og:url\" content=\"https:\/\/cliniccenter.co.uk\/de\/fue-follikulare-einheit-extraktion-technik\/\" \/>\n<meta property=\"article:publisher\" content=\"https:\/\/www.facebook.com\/cliniccenter.co.uk\/\" \/>\n<meta property=\"article:modified_time\" content=\"2024-04-17T07:33:57+00:00\" \/>\n<meta property=\"og:image\" content=\"https:\/\/cliniccenter.co.uk\/wp-content\/uploads\/2021\/08\/FUE-Hair-Transplant-in-Turkey.jpg\" \/>\n\t<meta property=\"og:image:width\" content=\"780\" \/>\n\t<meta property=\"og:image:height\" content=\"345\" \/>\n\t<meta property=\"og:image:type\" content=\"image\/jpeg\" \/>\n<meta name=\"twitter:card\" content=\"summary_large_image\" \/>\n<meta name=\"twitter:site\" content=\"@cliniccenteruk\" \/>\n<meta name=\"twitter:label1\" content=\"Gesch\u00e4tzte Lesezeit\" \/>\n\t<meta name=\"twitter:data1\" content=\"3\u00a0Minuten\" \/>\n<!-- \/ Yoast SEO plugin. -->","yoast_head_json":{"title":"FUE Haartransplantation -","robots":{"index":"noindex","follow":"follow"},"og_locale":"de_DE","og_type":"article","og_title":"FUE Haartransplantation -","og_description":"Holen Sie sich JETZT Ihren KOSTENLOSEN Behandlungsplan! FUE (Follikul\u00e4re Einheit Extraktion) Technik Im Vergleich zu FUT, ist die FUE-Haartransplantation in der T\u00fcrkei eine sehr fortgeschrittene Technologieoption. Einzelne Transplantate, die Spender, werden am Hinterkopf und an den Seiten mit 0,6 mm bis 1,2 mm feinem Spezialinstrument unter Verwendung spezieller Mikromotoren mit Mikrospitzen unter \u00f6rtlicher Bet\u00e4ubung entfernt [&hellip;]","og_url":"https:\/\/cliniccenter.co.uk\/de\/fue-follikulare-einheit-extraktion-technik\/","article_publisher":"https:\/\/www.facebook.com\/cliniccenter.co.uk\/","article_modified_time":"2024-04-17T07:33:57+00:00","og_image":[{"width":780,"height":345,"url":"https:\/\/cliniccenter.co.uk\/wp-content\/uploads\/2021\/08\/FUE-Hair-Transplant-in-Turkey.jpg","type":"image\/jpeg"}],"twitter_card":"summary_large_image","twitter_site":"@cliniccenteruk","twitter_misc":{"Gesch\u00e4tzte Lesezeit":"3\u00a0Minuten"},"schema":{"@context":"https:\/\/schema.org","@graph":[{"@type":"WebPage","@id":"https:\/\/cliniccenter.co.uk\/de\/fue-follikulare-einheit-extraktion-technik\/","url":"https:\/\/cliniccenter.co.uk\/de\/fue-follikulare-einheit-extraktion-technik\/","name":"FUE Haartransplantation -","isPartOf":{"@id":"https:\/\/cliniccenter.co.uk\/ro\/#website"},"primaryImageOfPage":{"@id":"https:\/\/cliniccenter.co.uk\/de\/fue-follikulare-einheit-extraktion-technik\/#primaryimage"},"image":{"@id":"https:\/\/cliniccenter.co.uk\/de\/fue-follikulare-einheit-extraktion-technik\/#primaryimage"},"thumbnailUrl":"https:\/\/cliniccenter.co.uk\/wp-content\/uploads\/2021\/08\/FUE-Hair-Transplant-in-Turkey.jpg","datePublished":"2018-01-25T08:31:53+00:00","dateModified":"2024-04-17T07:33:57+00:00","breadcrumb":{"@id":"https:\/\/cliniccenter.co.uk\/de\/fue-follikulare-einheit-extraktion-technik\/#breadcrumb"},"inLanguage":"de","potentialAction":[{"@type":"ReadAction","target":["https:\/\/cliniccenter.co.uk\/de\/fue-follikulare-einheit-extraktion-technik\/"]}]},{"@type":"ImageObject","inLanguage":"de","@id":"https:\/\/cliniccenter.co.uk\/de\/fue-follikulare-einheit-extraktion-technik\/#primaryimage","url":"https:\/\/cliniccenter.co.uk\/wp-content\/uploads\/2021\/08\/FUE-Hair-Transplant-in-Turkey.jpg","contentUrl":"https:\/\/cliniccenter.co.uk\/wp-content\/uploads\/2021\/08\/FUE-Hair-Transplant-in-Turkey.jpg","width":780,"height":345},{"@type":"BreadcrumbList","@id":"https:\/\/cliniccenter.co.uk\/de\/fue-follikulare-einheit-extraktion-technik\/#breadcrumb","itemListElement":[{"@type":"ListItem","position":1,"name":"Home","item":"https:\/\/cliniccenter.co.uk\/de\/"},{"@type":"ListItem","position":2,"name":"Behandlungen","item":"https:\/\/cliniccenter.co.uk\/de\/behandlungen\/"},{"@type":"ListItem","position":3,"name":"Haartransplantation","item":"https:\/\/cliniccenter.co.uk\/de\/haartransplantation\/"},{"@type":"ListItem","position":4,"name":"FUE Haartransplantation"}]},{"@type":"WebSite","@id":"https:\/\/cliniccenter.co.uk\/ro\/#website","url":"https:\/\/cliniccenter.co.uk\/ro\/","name":"","description":"","potentialAction":[{"@type":"SearchAction","target":{"@type":"EntryPoint","urlTemplate":"https:\/\/cliniccenter.co.uk\/ro\/?s={search_term_string}"},"query-input":{"@type":"PropertyValueSpecification","valueRequired":true,"valueName":"search_term_string"}}],"inLanguage":"de"}]}},"uagb_featured_image_src":{"full":["https:\/\/cliniccenter.co.uk\/wp-content\/uploads\/2021\/08\/FUE-Hair-Transplant-in-Turkey.jpg",780,345,false],"thumbnail":["https:\/\/cliniccenter.co.uk\/wp-content\/uploads\/2021\/08\/FUE-Hair-Transplant-in-Turkey-150x150.jpg",150,150,true],"medium":["https:\/\/cliniccenter.co.uk\/wp-content\/uploads\/2021\/08\/FUE-Hair-Transplant-in-Turkey-300x133.jpg",300,133,true],"medium_large":["https:\/\/cliniccenter.co.uk\/wp-content\/uploads\/2021\/08\/FUE-Hair-Transplant-in-Turkey-768x340.jpg",768,340,true],"large":["https:\/\/cliniccenter.co.uk\/wp-content\/uploads\/2021\/08\/FUE-Hair-Transplant-in-Turkey.jpg",780,345,false],"1536x1536":["https:\/\/cliniccenter.co.uk\/wp-content\/uploads\/2021\/08\/FUE-Hair-Transplant-in-Turkey.jpg",780,345,false],"2048x2048":["https:\/\/cliniccenter.co.uk\/wp-content\/uploads\/2021\/08\/FUE-Hair-Transplant-in-Turkey.jpg",780,345,false]},"uagb_author_info":{"display_name":"Sertac Ceki","author_link":"https:\/\/cliniccenter.co.uk\/de\/blog\/author\/sertaccliniccenter-co-uk\/"},"uagb_comment_info":0,"uagb_excerpt":"Holen Sie sich JETZT Ihren KOSTENLOSEN Behandlungsplan! FUE (Follikul\u00e4re Einheit Extraktion) Technik Im Vergleich zu FUT, ist die FUE-Haartransplantation in der T\u00fcrkei eine sehr fortgeschrittene Technologieoption. Einzelne Transplantate, die Spender, werden am Hinterkopf und an den Seiten mit 0,6 mm bis 1,2 mm feinem Spezialinstrument unter Verwendung spezieller Mikromotoren mit Mikrospitzen unter \u00f6rtlicher Bet\u00e4ubung entfernt&hellip;","_links":{"self":[{"href":"https:\/\/cliniccenter.co.uk\/de\/wp-json\/wp\/v2\/pages\/19092"}],"collection":[{"href":"https:\/\/cliniccenter.co.uk\/de\/wp-json\/wp\/v2\/pages"}],"about":[{"href":"https:\/\/cliniccenter.co.uk\/de\/wp-json\/wp\/v2\/types\/page"}],"author":[{"embeddable":true,"href":"https:\/\/cliniccenter.co.uk\/de\/wp-json\/wp\/v2\/users\/2"}],"replies":[{"embeddable":true,"href":"https:\/\/cliniccenter.co.uk\/de\/wp-json\/wp\/v2\/comments?post=19092"}],"version-history":[{"count":4,"href":"https:\/\/cliniccenter.co.uk\/de\/wp-json\/wp\/v2\/pages\/19092\/revisions"}],"predecessor-version":[{"id":54028,"href":"https:\/\/cliniccenter.co.uk\/de\/wp-json\/wp\/v2\/pages\/19092\/revisions\/54028"}],"up":[{"embeddable":true,"href":"https:\/\/cliniccenter.co.uk\/de\/wp-json\/wp\/v2\/pages\/18946"}],"wp:featuredmedia":[{"embeddable":true,"href":"https:\/\/cliniccenter.co.uk\/de\/wp-json\/wp\/v2\/media\/19094"}],"wp:attachment":[{"href":"https:\/\/cliniccenter.co.uk\/de\/wp-json\/wp\/v2\/media?parent=19092"}],"curies":[{"name":"wp","href":"https:\/\/api.w.org\/{rel}","templated":true}]}}