{"id":19097,"date":"2018-01-25T10:58:21","date_gmt":"2018-01-25T10:58:21","guid":{"rendered":"https:\/\/cliniccenter.co.uk\/behandlungen\/haartransplantation\/prp-treatment-in-turkey\/"},"modified":"2022-12-26T10:43:29","modified_gmt":"2022-12-26T10:43:29","slug":"haarbehandlung-in-der-turkei","status":"publish","type":"page","link":"https:\/\/cliniccenter.co.uk\/de\/haarbehandlung-in-der-turkei\/","title":{"rendered":"Haarbehandlung in der T\u00fcrkei"},"content":{"rendered":"\n<div class=\"wp-block-columns is-layout-flex wp-container-core-columns-is-layout-1 wp-block-columns-is-layout-flex\">\n<div class=\"wp-block-column is-layout-flow wp-block-column-is-layout-flow\" style=\"flex-basis:66.66%\">\n<div class=\"wp-block-image\"><figure class=\"aligncenter size-large\"><img decoding=\"async\" width=\"780\" height=\"345\" src=\"https:\/\/cliniccenter.co.uk\/wp-content\/uploads\/2021\/10\/PRP-Behandlung-in-der-Tuerkei.jpg\" alt=\"\" class=\"wp-image-20728\" srcset=\"https:\/\/cliniccenter.co.uk\/wp-content\/uploads\/2021\/10\/PRP-Behandlung-in-der-Tuerkei.jpg 780w, https:\/\/cliniccenter.co.uk\/wp-content\/uploads\/2021\/10\/PRP-Behandlung-in-der-Tuerkei-300x133.jpg 300w, https:\/\/cliniccenter.co.uk\/wp-content\/uploads\/2021\/10\/PRP-Behandlung-in-der-Tuerkei-768x340.jpg 768w\" sizes=\"(max-width: 780px) 100vw, 780px\" \/><\/figure><\/div>\n\n\n\n<p><\/p>\n<\/div>\n\n\n\n<div class=\"wp-block-column is-layout-flow wp-block-column-is-layout-flow\" style=\"flex-basis:33.33%\">\n<div style=\"padding: 10px; background-color: #0578cf; border: solid 1px #0578cf; color: #fff; border-bottom: 0px; text-align:center\">Holen Sie sich JETZT Ihren KOSTENLOSEN Behandlungsplan!\n<\/div>\n<div id=\"treatment_form\" style=\"padding: 10px; background-color: #fff; border: solid 1px #0578cf;\">\n<div class=\"wpcf7 no-js\" id=\"wpcf7-f18958-o1\" lang=\"en-GB\" dir=\"ltr\" data-wpcf7-id=\"18958\">\n<div class=\"screen-reader-response\"><p role=\"status\" aria-live=\"polite\" aria-atomic=\"true\"><\/p><div id=\"ez-toc-container\" class=\"ez-toc-v2_0_82_2 counter-hierarchy ez-toc-counter ez-toc-grey ez-toc-container-direction\">\n<div class=\"ez-toc-title-container\">\n<p class=\"ez-toc-title\" style=\"cursor:inherit\">Table of Contents<\/p>\n<span class=\"ez-toc-title-toggle\"><a href=\"#\" class=\"ez-toc-pull-right ez-toc-btn ez-toc-btn-xs ez-toc-btn-default ez-toc-toggle\" aria-label=\"Toggle Table of Content\"><span class=\"ez-toc-js-icon-con\"><span class=\"\"><span class=\"eztoc-hide\" style=\"display:none;\">Toggle<\/span><span class=\"ez-toc-icon-toggle-span\"><svg style=\"fill: #999;color:#999\" xmlns=\"http:\/\/www.w3.org\/2000\/svg\" class=\"list-377408\" width=\"20px\" height=\"20px\" viewBox=\"0 0 24 24\" fill=\"none\"><path d=\"M6 6H4v2h2V6zm14 0H8v2h12V6zM4 11h2v2H4v-2zm16 0H8v2h12v-2zM4 16h2v2H4v-2zm16 0H8v2h12v-2z\" fill=\"currentColor\"><\/path><\/svg><svg style=\"fill: #999;color:#999\" class=\"arrow-unsorted-368013\" xmlns=\"http:\/\/www.w3.org\/2000\/svg\" width=\"10px\" height=\"10px\" viewBox=\"0 0 24 24\" version=\"1.2\" baseProfile=\"tiny\"><path d=\"M18.2 9.3l-6.2-6.3-6.2 6.3c-.2.2-.3.4-.3.7s.1.5.3.7c.2.2.4.3.7.3h11c.3 0 .5-.1.7-.3.2-.2.3-.5.3-.7s-.1-.5-.3-.7zM5.8 14.7l6.2 6.3 6.2-6.3c.2-.2.3-.5.3-.7s-.1-.5-.3-.7c-.2-.2-.4-.3-.7-.3h-11c-.3 0-.5.1-.7.3-.2.2-.3.5-.3.7s.1.5.3.7z\"\/><\/svg><\/span><\/span><\/span><\/a><\/span><\/div>\n<nav><ul class='ez-toc-list ez-toc-list-level-1 ' ><li class='ez-toc-page-1 ez-toc-heading-level-2'><a class=\"ez-toc-link ez-toc-heading-1\" href=\"https:\/\/cliniccenter.co.uk\/de\/haarbehandlung-in-der-turkei\/#Haarbehandlung_Eigenblut_Plasma\" >Haarbehandlung (Eigenblut Plasma)<\/a><\/li><li class='ez-toc-page-1 ez-toc-heading-level-2'><a class=\"ez-toc-link ez-toc-heading-2\" href=\"https:\/\/cliniccenter.co.uk\/de\/haarbehandlung-in-der-turkei\/#Wie_wird_die_von_Clinic_Center_unterstuetzte_Haarbehandlung_in_der_Tuerkei_durchgefuehrt\" >Wie wird die von Clinic Center unterst\u00fctzte Haarbehandlung in der T\u00fcrkei durchgef\u00fchrt?<\/a><\/li><li class='ez-toc-page-1 ez-toc-heading-level-2'><a class=\"ez-toc-link ez-toc-heading-3\" href=\"https:\/\/cliniccenter.co.uk\/de\/haarbehandlung-in-der-turkei\/#Vorteile_der_Haarbehandlung_in_der_Tuerkei\" >Vorteile der Haarbehandlung in der T\u00fcrkei<\/a><\/li><\/ul><\/nav><\/div>\n <ul><\/ul><\/div>\n<form action=\"\/de\/wp-json\/wp\/v2\/pages\/19097#wpcf7-f18958-o1\" method=\"post\" class=\"wpcf7-form init\" aria-label=\"Contact form\" novalidate=\"novalidate\" data-status=\"init\">\n<div style=\"display: none;\">\n<input type=\"hidden\" name=\"_wpcf7\" value=\"18958\" \/>\n<input type=\"hidden\" name=\"_wpcf7_version\" value=\"6.0.6\" \/>\n<input type=\"hidden\" name=\"_wpcf7_locale\" value=\"en_GB\" \/>\n<input type=\"hidden\" name=\"_wpcf7_unit_tag\" value=\"wpcf7-f18958-o1\" \/>\n<input type=\"hidden\" name=\"_wpcf7_container_post\" value=\"0\" \/>\n<input type=\"hidden\" name=\"_wpcf7_posted_data_hash\" value=\"\" \/>\n<\/div>\n<p><label> Name (erforderlich)<br \/>\n<span class=\"wpcf7-form-control-wrap\" data-name=\"your-name\"><input size=\"40\" maxlength=\"400\" class=\"wpcf7-form-control wpcf7-text wpcf7-validates-as-required\" aria-required=\"true\" aria-invalid=\"false\" value=\"\" type=\"text\" name=\"your-name\" \/><\/span> <\/label>\n<\/p>\n<p><label> Email (erforderlich)<br \/>\n<span class=\"wpcf7-form-control-wrap\" data-name=\"your-email\"><input size=\"40\" maxlength=\"400\" class=\"wpcf7-form-control wpcf7-email wpcf7-validates-as-required wpcf7-text wpcf7-validates-as-email\" aria-required=\"true\" aria-invalid=\"false\" value=\"\" type=\"email\" name=\"your-email\" \/><\/span> <\/label>\n<\/p>\n<p><label> Telefon (erforderlich)<br \/>\n<span class=\"wpcf7-form-control-wrap\" data-name=\"your-phone\"><input size=\"40\" maxlength=\"400\" minlength=\"7\" class=\"wpcf7-form-control wpcf7-text wpcf7-validates-as-required\" aria-required=\"true\" aria-invalid=\"false\" value=\"\" type=\"text\" name=\"your-phone\" \/><\/span> <\/label>\n<\/p>\n<p><label> Nachricht<br \/>\n<span class=\"wpcf7-form-control-wrap\" data-name=\"your-message\"><textarea cols=\"40\" rows=\"10\" maxlength=\"2000\" class=\"wpcf7-form-control wpcf7-textarea\" aria-invalid=\"false\" name=\"your-message\"><\/textarea><\/span> <\/label>\n<\/p>\n<p><div class=\"cf7-cf-turnstile\" style=\"margin-top: 0px; margin-bottom: -15px;\"> <div id=\"cf-turnstile-cf7-2101326887\" class=\"cf-turnstile\" data-sitekey=\"0x4AAAAAAAMc9haAStrzwgEc\" data-theme=\"light\" data-language=\"auto\" data-size=\"normal\" data-retry=\"auto\" data-retry-interval=\"1000\" data-refresh-expired=\"auto\" data-refresh-timeout=\"auto\" data-action=\"contact-form-7\" data-callback=\"turnstileCF7Callback\" data-appearance=\"always\"><\/div> <script>document.addEventListener(\"DOMContentLoaded\", function() { setTimeout(function(){ var e=document.getElementById(\"cf-turnstile-cf7-2101326887\"); if(e&&!e.innerHTML.trim()){turnstile.render(e, {sitekey:\"0x4AAAAAAAMc9haAStrzwgEc\"});} }, 200); });<\/script> <br class=\"cf-turnstile-br cf-turnstile-br-cf7-2101326887\"> <style>#cf-turnstile-cf7-2101326887 { margin-left: -15px; }<\/style> <script>document.addEventListener(\"DOMContentLoaded\",function(){document.querySelectorAll('.wpcf7-form').forEach(function(e){e.addEventListener('submit',function(){if(document.getElementById('cf-turnstile-cf7-2101326887')){setTimeout(function(){turnstile.reset('#cf-turnstile-cf7-2101326887');},1000)}})})});<\/script> <\/div><br\/><input class=\"wpcf7-form-control wpcf7-submit has-spinner\" type=\"submit\" value=\"Senden\" \/>\n<\/p><p style=\"display: none !important;\" class=\"akismet-fields-container\" data-prefix=\"_wpcf7_ak_\"><label>&#916;<textarea name=\"_wpcf7_ak_hp_textarea\" cols=\"45\" rows=\"8\" maxlength=\"100\"><\/textarea><\/label><input type=\"hidden\" id=\"ak_js_1\" name=\"_wpcf7_ak_js\" value=\"137\"\/><script>document.getElementById( \"ak_js_1\" ).setAttribute( \"value\", ( new Date() ).getTime() );<\/script><\/p><div class=\"wpcf7-response-output\" aria-hidden=\"true\"><\/div>\n<\/form>\n<\/div>\n<\/div>\n<\/div>\n<\/div>\n\n\n\n<h2 class=\"wp-block-heading\"><span class=\"ez-toc-section\" id=\"Haarbehandlung_Eigenblut_Plasma\"><\/span>Haarbehandlung (Eigenblut Plasma)<span class=\"ez-toc-section-end\"><\/span><\/h2>\n\n\n\n<p>Die Haarbehandlung (Platelet Rich Plasma) -Therapie ist eine Art von Behandlung, die den Heilungsprozess von Narben beschleunigt und ein schnelles Haarwachstum bei der Haartransplantation unterst\u00fctzt. Die Behandlung wurde zuerst zur Heilung von Knochen-, Muskel- und Gelenkverletzungen von Sportlern wie Tennisspielern eingesetzt. Bei derHaarbehandlung wird das eigene Blut des Patienten verwendet. Die Blutpl\u00e4ttchen werden entnommen und in die Haut injiziert. Blutpl\u00e4ttchen enthalten Enzyme und n\u00e4hrende Wachstumsfaktoren, spielen daher eine wichtige Rolle bei der Gewebereparatur. Nach der Haartransplantation auf die Kopfhaut aufgetragen, verbessert Haarbehandlung die \u00dcberlebensrate transplantierter Haarfollikel, senkt die Gefahr von Narbenbildung und regt das neue Haarwachstum an.<\/p>\n\n\n\n<p>Von Clinic Center-Patienten wurde beobachtet, dass der Haarausfall nach der Operation im Behandlungsbereich relativ geringer ist und dass das transplantierte Haar st\u00e4rker w\u00e4chst. Auch die Narben von Patienten, die zuvor eine Haarbehandlung-Unterst\u00fctzung erhielten, heilen schneller. F\u00fcr die Durchf\u00fchrung der Haarbehandlung ist eine Stunde erforderlich und sie wird unmittelbar nach der Haartransplantation angewendet, damit Sie keine Zeit verlieren. Die \u201cInternational Society for Hair Restoration Surgery\u201d (ISHRS) berichtet, dass die Haarbehandlung bei Haartransplantationen nicht experimentell und daher zuverl\u00e4ssig ist und positive Auswirkungen auf die Ergebnisse hat.<\/p>\n\n\n\n<h2 class=\"wp-block-heading\"><span class=\"ez-toc-section\" id=\"Wie_wird_die_von_Clinic_Center_unterstuetzte_Haarbehandlung_in_der_Tuerkei_durchgefuehrt\"><\/span>Wie wird die von Clinic Center unterst\u00fctzte Haarbehandlung in der T\u00fcrkei durchgef\u00fchrt?<span class=\"ez-toc-section-end\"><\/span><\/h2>\n\n\n\n<ul class=\"wp-block-list\"><li>Dem Patienten wird vor der Haartransplantation Blut entnommen.<\/li><li>Das entnommene Blut wird mit einem R\u00f6hrchensystem zentrifugiert.<\/li><li>Die Blutpl\u00e4ttchen werden von anderen Blutzellen getrennt.<\/li><li>Das pl\u00e4ttchenreiche Plasma wird in die Kopfhaut injiziert.<\/li><li>Der gesamte Vorgang dauert zwischen 30 bis 45 Minuten<\/li><\/ul>\n\n\n\n<h2 class=\"wp-block-heading\"><span class=\"ez-toc-section\" id=\"Vorteile_der_Haarbehandlung_in_der_Tuerkei\"><\/span>Vorteile der Haarbehandlung in der T\u00fcrkei<span class=\"ez-toc-section-end\"><\/span><\/h2>\n\n\n\n<ul class=\"wp-block-list\"><li>Da zur Behandlung Ihr eigenes Blut verwendet wird, besteht keine Gefahr von allergischen Reaktionen oder Infektionen.<\/li><li>Es ist ein schneller Weg die Heilung anzuregen und die Narbenbildung zu minimieren.<\/li><li>Die Haarbehandlung-Therapie ist eine nicht chirurgische Behandlung.<\/li><li>Die Haarbehandlung-Behandlung kann am selben Tag durchgef\u00fchrt werden, an dem die Haartransplantation durchgef\u00fchrt wird, um Zeitverschwendung zu vermeiden.<\/li><\/ul>\n<\/p>","protected":false},"excerpt":{"rendered":"<p>Holen Sie sich JETZT Ihren KOSTENLOSEN Behandlungsplan! Haarbehandlung (Eigenblut Plasma) Die Haarbehandlung (Platelet Rich Plasma) -Therapie ist eine Art von Behandlung, die den Heilungsprozess von Narben beschleunigt und ein schnelles Haarwachstum bei der Haartransplantation unterst\u00fctzt. Die Behandlung wurde zuerst zur Heilung von Knochen-, Muskel- und Gelenkverletzungen von Sportlern wie Tennisspielern eingesetzt. Bei derHaarbehandlung wird das [&hellip;]<\/p>\n","protected":false},"author":2,"featured_media":19098,"parent":18946,"menu_order":0,"comment_status":"closed","ping_status":"closed","template":"","meta":{"_uag_custom_page_level_css":"","_lmt_disableupdate":"no","_lmt_disable":"","site-sidebar-layout":"default","site-content-layout":"default","ast-site-content-layout":"default","site-content-style":"default","site-sidebar-style":"default","ast-global-header-display":"","ast-banner-title-visibility":"","ast-main-header-display":"","ast-hfb-above-header-display":"","ast-hfb-below-header-display":"","ast-hfb-mobile-header-display":"","site-post-title":"","ast-breadcrumbs-content":"","ast-featured-img":"disabled","footer-sml-layout":"","theme-transparent-header-meta":"default","adv-header-id-meta":"","stick-header-meta":"","header-above-stick-meta":"","header-main-stick-meta":"","header-below-stick-meta":"","astra-migrate-meta-layouts":"default","ast-page-background-enabled":"default","ast-page-background-meta":{"desktop":{"background-color":"","background-image":"","background-repeat":"repeat","background-position":"center center","background-size":"auto","background-attachment":"scroll","background-type":"","background-media":"","overlay-type":"","overlay-color":"","overlay-opacity":"","overlay-gradient":""},"tablet":{"background-color":"","background-image":"","background-repeat":"repeat","background-position":"center center","background-size":"auto","background-attachment":"scroll","background-type":"","background-media":"","overlay-type":"","overlay-color":"","overlay-opacity":"","overlay-gradient":""},"mobile":{"background-color":"","background-image":"","background-repeat":"repeat","background-position":"center center","background-size":"auto","background-attachment":"scroll","background-type":"","background-media":"","overlay-type":"","overlay-color":"","overlay-opacity":"","overlay-gradient":""}},"ast-content-background-meta":{"desktop":{"background-color":"var(--ast-global-color-5)","background-image":"","background-repeat":"repeat","background-position":"center center","background-size":"auto","background-attachment":"scroll","background-type":"","background-media":"","overlay-type":"","overlay-color":"","overlay-opacity":"","overlay-gradient":""},"tablet":{"background-color":"var(--ast-global-color-5)","background-image":"","background-repeat":"repeat","background-position":"center center","background-size":"auto","background-attachment":"scroll","background-type":"","background-media":"","overlay-type":"","overlay-color":"","overlay-opacity":"","overlay-gradient":""},"mobile":{"background-color":"var(--ast-global-color-5)","background-image":"","background-repeat":"repeat","background-position":"center center","background-size":"auto","background-attachment":"scroll","background-type":"","background-media":"","overlay-type":"","overlay-color":"","overlay-opacity":"","overlay-gradient":""}},"footnotes":""},"class_list":["post-19097","page","type-page","status-publish","has-post-thumbnail","hentry"],"yoast_head":"<!-- This site is optimized with the Yoast SEO plugin v25.3.1 - https:\/\/yoast.com\/wordpress\/plugins\/seo\/ -->\n<title>Haarbehandlung in der T\u00fcrkei -<\/title>\n<meta name=\"robots\" content=\"index, follow, max-snippet:-1, max-image-preview:large, max-video-preview:-1\" \/>\n<link rel=\"canonical\" href=\"https:\/\/cliniccenter.co.uk\/de\/haarbehandlung-in-der-turkei\/\" \/>\n<meta property=\"og:locale\" content=\"de_DE\" \/>\n<meta property=\"og:type\" content=\"article\" \/>\n<meta property=\"og:title\" content=\"Haarbehandlung in der T\u00fcrkei -\" \/>\n<meta property=\"og:description\" content=\"Holen Sie sich JETZT Ihren KOSTENLOSEN Behandlungsplan! Haarbehandlung (Eigenblut Plasma) Die Haarbehandlung (Platelet Rich Plasma) -Therapie ist eine Art von Behandlung, die den Heilungsprozess von Narben beschleunigt und ein schnelles Haarwachstum bei der Haartransplantation unterst\u00fctzt. Die Behandlung wurde zuerst zur Heilung von Knochen-, Muskel- und Gelenkverletzungen von Sportlern wie Tennisspielern eingesetzt. Bei derHaarbehandlung wird das [&hellip;]\" \/>\n<meta property=\"og:url\" content=\"https:\/\/cliniccenter.co.uk\/de\/haarbehandlung-in-der-turkei\/\" \/>\n<meta property=\"article:publisher\" content=\"https:\/\/www.facebook.com\/cliniccenter.co.uk\/\" \/>\n<meta property=\"article:modified_time\" content=\"2022-12-26T10:43:29+00:00\" \/>\n<meta property=\"og:image\" content=\"https:\/\/cliniccenter.co.uk\/wp-content\/uploads\/2021\/08\/PRPTreatment.jpg\" \/>\n\t<meta property=\"og:image:width\" content=\"780\" \/>\n\t<meta property=\"og:image:height\" content=\"345\" \/>\n\t<meta property=\"og:image:type\" content=\"image\/jpeg\" \/>\n<meta name=\"twitter:card\" content=\"summary_large_image\" \/>\n<meta name=\"twitter:site\" content=\"@cliniccenteruk\" \/>\n<meta name=\"twitter:label1\" content=\"Gesch\u00e4tzte Lesezeit\" \/>\n\t<meta name=\"twitter:data1\" content=\"2\u00a0Minuten\" \/>\n<!-- \/ Yoast SEO plugin. -->","yoast_head_json":{"title":"Haarbehandlung in der T\u00fcrkei -","robots":{"index":"index","follow":"follow","max-snippet":"max-snippet:-1","max-image-preview":"max-image-preview:large","max-video-preview":"max-video-preview:-1"},"canonical":"https:\/\/cliniccenter.co.uk\/de\/haarbehandlung-in-der-turkei\/","og_locale":"de_DE","og_type":"article","og_title":"Haarbehandlung in der T\u00fcrkei -","og_description":"Holen Sie sich JETZT Ihren KOSTENLOSEN Behandlungsplan! Haarbehandlung (Eigenblut Plasma) Die Haarbehandlung (Platelet Rich Plasma) -Therapie ist eine Art von Behandlung, die den Heilungsprozess von Narben beschleunigt und ein schnelles Haarwachstum bei der Haartransplantation unterst\u00fctzt. Die Behandlung wurde zuerst zur Heilung von Knochen-, Muskel- und Gelenkverletzungen von Sportlern wie Tennisspielern eingesetzt. Bei derHaarbehandlung wird das [&hellip;]","og_url":"https:\/\/cliniccenter.co.uk\/de\/haarbehandlung-in-der-turkei\/","article_publisher":"https:\/\/www.facebook.com\/cliniccenter.co.uk\/","article_modified_time":"2022-12-26T10:43:29+00:00","og_image":[{"width":780,"height":345,"url":"https:\/\/cliniccenter.co.uk\/wp-content\/uploads\/2021\/08\/PRPTreatment.jpg","type":"image\/jpeg"}],"twitter_card":"summary_large_image","twitter_site":"@cliniccenteruk","twitter_misc":{"Gesch\u00e4tzte Lesezeit":"2\u00a0Minuten"},"schema":{"@context":"https:\/\/schema.org","@graph":[{"@type":"WebPage","@id":"https:\/\/cliniccenter.co.uk\/de\/haarbehandlung-in-der-turkei\/","url":"https:\/\/cliniccenter.co.uk\/de\/haarbehandlung-in-der-turkei\/","name":"Haarbehandlung in der T\u00fcrkei -","isPartOf":{"@id":"https:\/\/cliniccenter.co.uk\/ro\/#website"},"primaryImageOfPage":{"@id":"https:\/\/cliniccenter.co.uk\/de\/haarbehandlung-in-der-turkei\/#primaryimage"},"image":{"@id":"https:\/\/cliniccenter.co.uk\/de\/haarbehandlung-in-der-turkei\/#primaryimage"},"thumbnailUrl":"https:\/\/cliniccenter.co.uk\/wp-content\/uploads\/2021\/08\/PRPTreatment.jpg","datePublished":"2018-01-25T10:58:21+00:00","dateModified":"2022-12-26T10:43:29+00:00","breadcrumb":{"@id":"https:\/\/cliniccenter.co.uk\/de\/haarbehandlung-in-der-turkei\/#breadcrumb"},"inLanguage":"de","potentialAction":[{"@type":"ReadAction","target":["https:\/\/cliniccenter.co.uk\/de\/haarbehandlung-in-der-turkei\/"]}]},{"@type":"ImageObject","inLanguage":"de","@id":"https:\/\/cliniccenter.co.uk\/de\/haarbehandlung-in-der-turkei\/#primaryimage","url":"https:\/\/cliniccenter.co.uk\/wp-content\/uploads\/2021\/08\/PRPTreatment.jpg","contentUrl":"https:\/\/cliniccenter.co.uk\/wp-content\/uploads\/2021\/08\/PRPTreatment.jpg","width":780,"height":345},{"@type":"BreadcrumbList","@id":"https:\/\/cliniccenter.co.uk\/de\/haarbehandlung-in-der-turkei\/#breadcrumb","itemListElement":[{"@type":"ListItem","position":1,"name":"Home","item":"https:\/\/cliniccenter.co.uk\/de\/"},{"@type":"ListItem","position":2,"name":"Behandlungen","item":"https:\/\/cliniccenter.co.uk\/de\/behandlungen\/"},{"@type":"ListItem","position":3,"name":"Haartransplantation","item":"https:\/\/cliniccenter.co.uk\/de\/haartransplantation\/"},{"@type":"ListItem","position":4,"name":"Haarbehandlung in der T\u00fcrkei"}]},{"@type":"WebSite","@id":"https:\/\/cliniccenter.co.uk\/ro\/#website","url":"https:\/\/cliniccenter.co.uk\/ro\/","name":"","description":"","potentialAction":[{"@type":"SearchAction","target":{"@type":"EntryPoint","urlTemplate":"https:\/\/cliniccenter.co.uk\/ro\/?s={search_term_string}"},"query-input":{"@type":"PropertyValueSpecification","valueRequired":true,"valueName":"search_term_string"}}],"inLanguage":"de"}]}},"uagb_featured_image_src":{"full":["https:\/\/cliniccenter.co.uk\/wp-content\/uploads\/2021\/08\/PRPTreatment.jpg",780,345,false],"thumbnail":["https:\/\/cliniccenter.co.uk\/wp-content\/uploads\/2021\/08\/PRPTreatment-150x150.jpg",150,150,true],"medium":["https:\/\/cliniccenter.co.uk\/wp-content\/uploads\/2021\/08\/PRPTreatment-300x133.jpg",300,133,true],"medium_large":["https:\/\/cliniccenter.co.uk\/wp-content\/uploads\/2021\/08\/PRPTreatment-768x340.jpg",768,340,true],"large":["https:\/\/cliniccenter.co.uk\/wp-content\/uploads\/2021\/08\/PRPTreatment.jpg",780,345,false],"1536x1536":["https:\/\/cliniccenter.co.uk\/wp-content\/uploads\/2021\/08\/PRPTreatment.jpg",780,345,false],"2048x2048":["https:\/\/cliniccenter.co.uk\/wp-content\/uploads\/2021\/08\/PRPTreatment.jpg",780,345,false]},"uagb_author_info":{"display_name":"Sertac Ceki","author_link":"https:\/\/cliniccenter.co.uk\/de\/blog\/author\/sertaccliniccenter-co-uk\/"},"uagb_comment_info":0,"uagb_excerpt":"Holen Sie sich JETZT Ihren KOSTENLOSEN Behandlungsplan! Haarbehandlung (Eigenblut Plasma) Die Haarbehandlung (Platelet Rich Plasma) -Therapie ist eine Art von Behandlung, die den Heilungsprozess von Narben beschleunigt und ein schnelles Haarwachstum bei der Haartransplantation unterst\u00fctzt. Die Behandlung wurde zuerst zur Heilung von Knochen-, Muskel- und Gelenkverletzungen von Sportlern wie Tennisspielern eingesetzt. Bei derHaarbehandlung wird das&hellip;","_links":{"self":[{"href":"https:\/\/cliniccenter.co.uk\/de\/wp-json\/wp\/v2\/pages\/19097"}],"collection":[{"href":"https:\/\/cliniccenter.co.uk\/de\/wp-json\/wp\/v2\/pages"}],"about":[{"href":"https:\/\/cliniccenter.co.uk\/de\/wp-json\/wp\/v2\/types\/page"}],"author":[{"embeddable":true,"href":"https:\/\/cliniccenter.co.uk\/de\/wp-json\/wp\/v2\/users\/2"}],"replies":[{"embeddable":true,"href":"https:\/\/cliniccenter.co.uk\/de\/wp-json\/wp\/v2\/comments?post=19097"}],"version-history":[{"count":3,"href":"https:\/\/cliniccenter.co.uk\/de\/wp-json\/wp\/v2\/pages\/19097\/revisions"}],"predecessor-version":[{"id":41800,"href":"https:\/\/cliniccenter.co.uk\/de\/wp-json\/wp\/v2\/pages\/19097\/revisions\/41800"}],"up":[{"embeddable":true,"href":"https:\/\/cliniccenter.co.uk\/de\/wp-json\/wp\/v2\/pages\/18946"}],"wp:featuredmedia":[{"embeddable":true,"href":"https:\/\/cliniccenter.co.uk\/de\/wp-json\/wp\/v2\/media\/19098"}],"wp:attachment":[{"href":"https:\/\/cliniccenter.co.uk\/de\/wp-json\/wp\/v2\/media?parent=19097"}],"curies":[{"name":"wp","href":"https:\/\/api.w.org\/{rel}","templated":true}]}}