{"id":34307,"date":"2022-01-31T14:21:40","date_gmt":"2022-01-31T14:21:40","guid":{"rendered":"https:\/\/cliniccenter.co.uk\/?page_id=34307"},"modified":"2024-11-18T13:20:49","modified_gmt":"2024-11-18T13:20:49","slug":"trichologin-firat","status":"publish","type":"page","link":"https:\/\/cliniccenter.co.uk\/de\/trichologin-firat\/","title":{"rendered":"Trichologe Firat"},"content":{"rendered":"\n<div class=\"wp-block-columns is-layout-flex wp-container-core-columns-is-layout-3 wp-block-columns-is-layout-flex\">\n<div class=\"wp-block-column is-layout-flow wp-block-column-is-layout-flow\" style=\"flex-basis:33.33%\">\n<figure class=\"wp-block-image size-large\"><img decoding=\"async\" width=\"517\" height=\"1024\" src=\"https:\/\/cliniccenter.co.uk\/wp-content\/uploads\/2022\/01\/firat-siksik-517x1024.jpg\" alt=\"\" class=\"wp-image-34311\" srcset=\"https:\/\/cliniccenter.co.uk\/wp-content\/uploads\/2022\/01\/firat-siksik-517x1024.jpg 517w, https:\/\/cliniccenter.co.uk\/wp-content\/uploads\/2022\/01\/firat-siksik-152x300.jpg 152w, https:\/\/cliniccenter.co.uk\/wp-content\/uploads\/2022\/01\/firat-siksik.jpg 548w\" sizes=\"(max-width: 517px) 100vw, 517px\" \/><\/figure>\n<\/div>\n\n\n\n<div class=\"wp-block-column is-layout-flow wp-block-column-is-layout-flow\" style=\"flex-basis:66.66%\">\n<div class=\"wp-block-columns is-layout-flex wp-container-core-columns-is-layout-1 wp-block-columns-is-layout-flex\">\n<div class=\"wp-block-column leftpadbox is-layout-flow wp-block-column-is-layout-flow\">\n<p>Der Trichologe Firat Siksik ist einer der erfahrensten und qualifiziertesten Haartransplantationsspezialisten in der T\u00fcrkei. Er f\u00fchrt seit mehr als 11 Jahren Haartransplantationen durch und arbeitet dabei mit den \u00c4rzten der Internationale Gesellschaft f\u00fcr Haarwiederherstellungschirurgie (ISHRS) zusammen.<\/p>\n\n\n\n<p>In seiner bisherigen Karriere hat er Tausende von Operationen durchgef\u00fchrt und sich auf verschiedene Arten von Frisuren wie lockiges und glattes Haar spezialisiert. Aus diesem Grund haben seine ehemaligen Patienten immer hervorragende Kritiken \u00fcber seine Techniken hinterlassen, egal wie unterschiedlich ihre Frisuren sind.<\/p>\n<\/div>\n<\/div>\n\n\n\n<div class=\"wp-block-columns leftpadbox is-layout-flex wp-container-core-columns-is-layout-2 wp-block-columns-is-layout-flex\">\n<div class=\"wp-block-column is-layout-flow wp-block-column-is-layout-flow\">\n<p><strong>Erfahrung<\/strong>: 11 Jahre<br><strong>International behandelte Patienten<\/strong>: Vereinigtes K\u00f6nigreich, Irland, Australien, Vereinigte Staaten von Amerika, Vereinigte Arabische Emirate, Saudi-Arabien, Kuwait<br><strong>Erfahrungsfeld:<\/strong>\u00a0<a href=\"https:\/\/cliniccenter.co.uk\/de\/haartransplantation-in-turkey\/\">M\u00e4nnliche Haartransplantation<\/a>, Weibliche Haartransplantation, FUE &amp; FUT Methode, DHI Methode, Augenbrauentransplantation,\u00a0<a href=\"https:\/\/cliniccenter.co.uk\/de\/barttransplantation-in-der-turkei\/\">Barttranssplantation<\/a><br><strong>Stadt<\/strong>:\u00a0Istanbul, T\u00fcrkei<br><strong>Arbeitstage<\/strong>: Wochentage und Samstags<br><strong>Kontakt<\/strong>:\u00a0+44 20 3575 1039 &amp; info@cliniccenter.co.uk<\/p>\n<\/div>\n<\/div>\n<\/div>\n<\/div>\n","protected":false},"excerpt":{"rendered":"<p>Der Trichologe Firat Siksik ist einer der erfahrensten und qualifiziertesten Haartransplantationsspezialisten in der T\u00fcrkei. Er f\u00fchrt seit mehr als 11 Jahren Haartransplantationen durch und arbeitet dabei mit den \u00c4rzten der Internationale Gesellschaft f\u00fcr Haarwiederherstellungschirurgie (ISHRS) zusammen. In seiner bisherigen Karriere hat er Tausende von Operationen durchgef\u00fchrt und sich auf verschiedene Arten von Frisuren wie lockiges [&hellip;]<\/p>\n","protected":false},"author":8,"featured_media":0,"parent":18856,"menu_order":0,"comment_status":"closed","ping_status":"closed","template":"","meta":{"_uag_custom_page_level_css":"","_lmt_disableupdate":"no","_lmt_disable":"","site-sidebar-layout":"default","site-content-layout":"default","ast-site-content-layout":"default","site-content-style":"default","site-sidebar-style":"default","ast-global-header-display":"","ast-banner-title-visibility":"","ast-main-header-display":"","ast-hfb-above-header-display":"","ast-hfb-below-header-display":"","ast-hfb-mobile-header-display":"","site-post-title":"","ast-breadcrumbs-content":"","ast-featured-img":"","footer-sml-layout":"","theme-transparent-header-meta":"default","adv-header-id-meta":"","stick-header-meta":"","header-above-stick-meta":"","header-main-stick-meta":"","header-below-stick-meta":"","astra-migrate-meta-layouts":"set","ast-page-background-enabled":"default","ast-page-background-meta":{"desktop":{"background-color":"","background-image":"","background-repeat":"repeat","background-position":"center center","background-size":"auto","background-attachment":"scroll","background-type":"","background-media":"","overlay-type":"","overlay-color":"","overlay-opacity":"","overlay-gradient":""},"tablet":{"background-color":"","background-image":"","background-repeat":"repeat","background-position":"center center","background-size":"auto","background-attachment":"scroll","background-type":"","background-media":"","overlay-type":"","overlay-color":"","overlay-opacity":"","overlay-gradient":""},"mobile":{"background-color":"","background-image":"","background-repeat":"repeat","background-position":"center center","background-size":"auto","background-attachment":"scroll","background-type":"","background-media":"","overlay-type":"","overlay-color":"","overlay-opacity":"","overlay-gradient":""}},"ast-content-background-meta":{"desktop":{"background-color":"var(--ast-global-color-5)","background-image":"","background-repeat":"repeat","background-position":"center center","background-size":"auto","background-attachment":"scroll","background-type":"","background-media":"","overlay-type":"","overlay-color":"","overlay-opacity":"","overlay-gradient":""},"tablet":{"background-color":"var(--ast-global-color-5)","background-image":"","background-repeat":"repeat","background-position":"center center","background-size":"auto","background-attachment":"scroll","background-type":"","background-media":"","overlay-type":"","overlay-color":"","overlay-opacity":"","overlay-gradient":""},"mobile":{"background-color":"var(--ast-global-color-5)","background-image":"","background-repeat":"repeat","background-position":"center center","background-size":"auto","background-attachment":"scroll","background-type":"","background-media":"","overlay-type":"","overlay-color":"","overlay-opacity":"","overlay-gradient":""}},"footnotes":""},"class_list":["post-34307","page","type-page","status-publish","hentry"],"yoast_head":"<!-- This site is optimized with the Yoast SEO plugin v25.3.1 - https:\/\/yoast.com\/wordpress\/plugins\/seo\/ -->\n<title>Trichologin Firat | Clinic Center<\/title>\n<meta name=\"description\" content=\"Read more about partner expert Trichologist Firat at Clinic Center, with 11 years of experience in hair transplant.\" \/>\n<meta name=\"robots\" content=\"noindex, nofollow\" \/>\n<meta property=\"og:locale\" content=\"de_DE\" \/>\n<meta property=\"og:type\" content=\"article\" \/>\n<meta property=\"og:title\" content=\"Trichologin Firat | Clinic Center\" \/>\n<meta property=\"og:description\" content=\"Read more about partner expert Trichologist Firat at Clinic Center, with 11 years of experience in hair transplant.\" \/>\n<meta property=\"og:url\" content=\"https:\/\/cliniccenter.co.uk\/de\/trichologin-firat\/\" \/>\n<meta property=\"article:publisher\" content=\"https:\/\/www.facebook.com\/cliniccenter.co.uk\/\" \/>\n<meta property=\"article:modified_time\" content=\"2024-11-18T13:20:49+00:00\" \/>\n<meta property=\"og:image\" content=\"https:\/\/cliniccenter.co.uk\/wp-content\/uploads\/2022\/01\/firat-siksik-517x1024.jpg\" \/>\n<meta name=\"twitter:card\" content=\"summary_large_image\" \/>\n<meta name=\"twitter:site\" content=\"@cliniccenteruk\" \/>\n<meta name=\"twitter:label1\" content=\"Gesch\u00e4tzte Lesezeit\" \/>\n\t<meta name=\"twitter:data1\" content=\"1\u00a0Minute\" \/>\n<!-- \/ Yoast SEO plugin. -->","yoast_head_json":{"title":"Trichologin Firat | Clinic Center","description":"Read more about partner expert Trichologist Firat at Clinic Center, with 11 years of experience in hair transplant.","robots":{"index":"noindex","follow":"nofollow"},"og_locale":"de_DE","og_type":"article","og_title":"Trichologin Firat | Clinic Center","og_description":"Read more about partner expert Trichologist Firat at Clinic Center, with 11 years of experience in hair transplant.","og_url":"https:\/\/cliniccenter.co.uk\/de\/trichologin-firat\/","article_publisher":"https:\/\/www.facebook.com\/cliniccenter.co.uk\/","article_modified_time":"2024-11-18T13:20:49+00:00","og_image":[{"url":"https:\/\/cliniccenter.co.uk\/wp-content\/uploads\/2022\/01\/firat-siksik-517x1024.jpg","type":"","width":"","height":""}],"twitter_card":"summary_large_image","twitter_site":"@cliniccenteruk","twitter_misc":{"Gesch\u00e4tzte Lesezeit":"1\u00a0Minute"},"schema":{"@context":"https:\/\/schema.org","@graph":[{"@type":"WebPage","@id":"https:\/\/cliniccenter.co.uk\/de\/trichologin-firat\/","url":"https:\/\/cliniccenter.co.uk\/de\/trichologin-firat\/","name":"Trichologin Firat | Clinic Center","isPartOf":{"@id":"https:\/\/cliniccenter.co.uk\/ro\/#website"},"primaryImageOfPage":{"@id":"https:\/\/cliniccenter.co.uk\/de\/trichologin-firat\/#primaryimage"},"image":{"@id":"https:\/\/cliniccenter.co.uk\/de\/trichologin-firat\/#primaryimage"},"thumbnailUrl":"https:\/\/cliniccenter.co.uk\/wp-content\/uploads\/2022\/01\/firat-siksik-517x1024.jpg","datePublished":"2022-01-31T14:21:40+00:00","dateModified":"2024-11-18T13:20:49+00:00","description":"Read more about partner expert Trichologist Firat at Clinic Center, with 11 years of experience in hair transplant.","breadcrumb":{"@id":"https:\/\/cliniccenter.co.uk\/de\/trichologin-firat\/#breadcrumb"},"inLanguage":"de","potentialAction":[{"@type":"ReadAction","target":["https:\/\/cliniccenter.co.uk\/de\/trichologin-firat\/"]}]},{"@type":"ImageObject","inLanguage":"de","@id":"https:\/\/cliniccenter.co.uk\/de\/trichologin-firat\/#primaryimage","url":"https:\/\/cliniccenter.co.uk\/wp-content\/uploads\/2022\/01\/firat-siksik-517x1024.jpg","contentUrl":"https:\/\/cliniccenter.co.uk\/wp-content\/uploads\/2022\/01\/firat-siksik-517x1024.jpg"},{"@type":"BreadcrumbList","@id":"https:\/\/cliniccenter.co.uk\/de\/trichologin-firat\/#breadcrumb","itemListElement":[{"@type":"ListItem","position":1,"name":"Home","item":"https:\/\/cliniccenter.co.uk\/de\/"},{"@type":"ListItem","position":2,"name":"Beste Chirurgen in der T\u00fcrkei | Top-Operationen in der T\u00fcrkei","item":"https:\/\/cliniccenter.co.uk\/de\/arzt\/"},{"@type":"ListItem","position":3,"name":"Trichologe Firat"}]},{"@type":"WebSite","@id":"https:\/\/cliniccenter.co.uk\/ro\/#website","url":"https:\/\/cliniccenter.co.uk\/ro\/","name":"","description":"","potentialAction":[{"@type":"SearchAction","target":{"@type":"EntryPoint","urlTemplate":"https:\/\/cliniccenter.co.uk\/ro\/?s={search_term_string}"},"query-input":{"@type":"PropertyValueSpecification","valueRequired":true,"valueName":"search_term_string"}}],"inLanguage":"de"}]}},"uagb_featured_image_src":{"full":false,"thumbnail":false,"medium":false,"medium_large":false,"large":false,"1536x1536":false,"2048x2048":false},"uagb_author_info":{"display_name":"Kadir Uysal","author_link":"https:\/\/cliniccenter.co.uk\/de\/blog\/author\/kadircliniccenter-co-uk\/"},"uagb_comment_info":0,"uagb_excerpt":"Der Trichologe Firat Siksik ist einer der erfahrensten und qualifiziertesten Haartransplantationsspezialisten in der T\u00fcrkei. Er f\u00fchrt seit mehr als 11 Jahren Haartransplantationen durch und arbeitet dabei mit den \u00c4rzten der Internationale Gesellschaft f\u00fcr Haarwiederherstellungschirurgie (ISHRS) zusammen. In seiner bisherigen Karriere hat er Tausende von Operationen durchgef\u00fchrt und sich auf verschiedene Arten von Frisuren wie lockiges&hellip;","_links":{"self":[{"href":"https:\/\/cliniccenter.co.uk\/de\/wp-json\/wp\/v2\/pages\/34307"}],"collection":[{"href":"https:\/\/cliniccenter.co.uk\/de\/wp-json\/wp\/v2\/pages"}],"about":[{"href":"https:\/\/cliniccenter.co.uk\/de\/wp-json\/wp\/v2\/types\/page"}],"author":[{"embeddable":true,"href":"https:\/\/cliniccenter.co.uk\/de\/wp-json\/wp\/v2\/users\/8"}],"replies":[{"embeddable":true,"href":"https:\/\/cliniccenter.co.uk\/de\/wp-json\/wp\/v2\/comments?post=34307"}],"version-history":[{"count":8,"href":"https:\/\/cliniccenter.co.uk\/de\/wp-json\/wp\/v2\/pages\/34307\/revisions"}],"predecessor-version":[{"id":57912,"href":"https:\/\/cliniccenter.co.uk\/de\/wp-json\/wp\/v2\/pages\/34307\/revisions\/57912"}],"up":[{"embeddable":true,"href":"https:\/\/cliniccenter.co.uk\/de\/wp-json\/wp\/v2\/pages\/18856"}],"wp:attachment":[{"href":"https:\/\/cliniccenter.co.uk\/de\/wp-json\/wp\/v2\/media?parent=34307"}],"curies":[{"name":"wp","href":"https:\/\/api.w.org\/{rel}","templated":true}]}}