{"id":35733,"date":"2022-04-01T07:23:00","date_gmt":"2022-04-01T07:23:00","guid":{"rendered":"https:\/\/cliniccenter.co.uk\/?page_id=35733"},"modified":"2023-12-08T11:51:28","modified_gmt":"2023-12-08T11:51:28","slug":"andere-operationen","status":"publish","type":"page","link":"https:\/\/cliniccenter.co.uk\/de\/andere-operationen\/","title":{"rendered":"Andere Operationen"},"content":{"rendered":"<h1 class=\"entry-title\">Andere Sch\u00f6nheitsoperationen<\/h1>\n<\/p>\n\n\n<div class=\"wp-block-columns is-layout-flex wp-container-core-columns-is-layout-1 wp-block-columns-is-layout-flex\">\n<div class=\"wp-block-column is-layout-flow wp-block-column-is-layout-flow\">\n<figure class=\"wp-block-image size-full\"><img decoding=\"async\" width=\"650\" height=\"406\" src=\"https:\/\/cliniccenter.co.uk\/wp-content\/uploads\/2023\/11\/Otoplasty-1.webp\" alt=\"\" class=\"wp-image-47551 skip-lazy\" srcset=\"https:\/\/cliniccenter.co.uk\/wp-content\/uploads\/2023\/11\/Otoplasty-1.webp 650w, https:\/\/cliniccenter.co.uk\/wp-content\/uploads\/2023\/11\/Otoplasty-1-300x187.webp 300w\" sizes=\"(max-width: 650px) 100vw, 650px\" \/><\/figure>\n\n\n\n<h2 class=\"wp-block-heading has-text-align-center\"><span class=\"ez-toc-section\" id=\"Otoplastik_und_Ohranlegen_in_der_Tuerkei\"><\/span>Otoplastik und Ohranlegen in der T\u00fcrkei<span class=\"ez-toc-section-end\"><\/span><\/h2>\n\n\n\n<p>Sind Sie unzufrieden mit Ihren Ohren, weil sie abstehen? M\u00fcssen Sie sie immer bedecken und k\u00f6nnen deshalb nicht viel mit Ihren Haaren machen? Eine Otoplastik k\u00f6nnte die richtige Operation f\u00fcr Sie sein&#8230; Buchen Sie jetzt Ihre Operation und holen Sie sich Ihr Selbstvertrauen zur\u00fcck!<\/p><div id=\"ez-toc-container\" class=\"ez-toc-v2_0_80 counter-hierarchy ez-toc-counter ez-toc-grey ez-toc-container-direction\">\n<div class=\"ez-toc-title-container\">\n<p class=\"ez-toc-title\" style=\"cursor:inherit\">Table of Contents<\/p>\n<span class=\"ez-toc-title-toggle\"><a href=\"#\" class=\"ez-toc-pull-right ez-toc-btn ez-toc-btn-xs ez-toc-btn-default ez-toc-toggle\" aria-label=\"Toggle Table of Content\"><span class=\"ez-toc-js-icon-con\"><span class=\"\"><span class=\"eztoc-hide\" style=\"display:none;\">Toggle<\/span><span class=\"ez-toc-icon-toggle-span\"><svg style=\"fill: #999;color:#999\" xmlns=\"http:\/\/www.w3.org\/2000\/svg\" class=\"list-377408\" width=\"20px\" height=\"20px\" viewBox=\"0 0 24 24\" fill=\"none\"><path d=\"M6 6H4v2h2V6zm14 0H8v2h12V6zM4 11h2v2H4v-2zm16 0H8v2h12v-2zM4 16h2v2H4v-2zm16 0H8v2h12v-2z\" fill=\"currentColor\"><\/path><\/svg><svg style=\"fill: #999;color:#999\" class=\"arrow-unsorted-368013\" xmlns=\"http:\/\/www.w3.org\/2000\/svg\" width=\"10px\" height=\"10px\" viewBox=\"0 0 24 24\" version=\"1.2\" baseProfile=\"tiny\"><path d=\"M18.2 9.3l-6.2-6.3-6.2 6.3c-.2.2-.3.4-.3.7s.1.5.3.7c.2.2.4.3.7.3h11c.3 0 .5-.1.7-.3.2-.2.3-.5.3-.7s-.1-.5-.3-.7zM5.8 14.7l6.2 6.3 6.2-6.3c.2-.2.3-.5.3-.7s-.1-.5-.3-.7c-.2-.2-.4-.3-.7-.3h-11c-.3 0-.5.1-.7.3-.2.2-.3.5-.3.7s.1.5.3.7z\"\/><\/svg><\/span><\/span><\/span><\/a><\/span><\/div>\n<nav><ul class='ez-toc-list ez-toc-list-level-1 ' ><li class='ez-toc-page-1 ez-toc-heading-level-2'><a class=\"ez-toc-link ez-toc-heading-1\" href=\"https:\/\/cliniccenter.co.uk\/de\/andere-operationen\/#Otoplastik_und_Ohranlegen_in_der_Tuerkei\" >Otoplastik und Ohranlegen in der T\u00fcrkei<\/a><\/li><li class='ez-toc-page-1 ez-toc-heading-level-2'><a class=\"ez-toc-link ez-toc-heading-2\" href=\"https:\/\/cliniccenter.co.uk\/de\/andere-operationen\/#Bichektomie_in_der_Tuerkei\" >Bichektomie in der T\u00fcrkei<\/a><\/li><li class='ez-toc-page-1 ez-toc-heading-level-2'><a class=\"ez-toc-link ez-toc-heading-3\" href=\"https:\/\/cliniccenter.co.uk\/de\/andere-operationen\/#Oberschenkelstraffung_in_der_Tuerkei\" >Oberschenkelstraffung in der T\u00fcrkei<\/a><\/li><li class='ez-toc-page-1 ez-toc-heading-level-2'><a class=\"ez-toc-link ez-toc-heading-4\" href=\"https:\/\/cliniccenter.co.uk\/de\/andere-operationen\/#Halsstraffung_in_der_Tuerkei\" >Halsstraffung in der T\u00fcrkei<\/a><\/li><li class='ez-toc-page-1 ez-toc-heading-level-2'><a class=\"ez-toc-link ez-toc-heading-5\" href=\"https:\/\/cliniccenter.co.uk\/de\/andere-operationen\/#Armstraffung_in_der_Tuerkei\" >Armstraffung in der T\u00fcrkei<\/a><\/li><li class='ez-toc-page-1 ez-toc-heading-level-2'><a class=\"ez-toc-link ez-toc-heading-6\" href=\"https:\/\/cliniccenter.co.uk\/de\/andere-operationen\/#Augenbrauenlifting_in_der_Tuerkei\" >Augenbrauenlifting in der T\u00fcrkei<\/a><\/li><\/ul><\/nav><\/div>\n\n\n\n\n<p class=\"has-text-align-center\"><center><div class=\"wp-block-button\"><a class=\"wp-block-button__link\" href=\"https:\/\/cliniccenter.co.uk\/cosmetic-ear-surgery-in-turkey-otoplasty\/\">Mehr \u00fcber Otoplastik<\/a><\/div><\/center><\/p>\n\n\n\n<p><\/p>\n<\/div>\n\n\n\n<div class=\"wp-block-column is-layout-flow wp-block-column-is-layout-flow\">\n<figure class=\"wp-block-image size-full skip-lazy\"><img decoding=\"async\" width=\"896\" height=\"554\" src=\"https:\/\/cliniccenter.co.uk\/wp-content\/uploads\/2023\/11\/bichectomi-1.webp\" alt=\"\" class=\"wp-image-47556\" srcset=\"https:\/\/cliniccenter.co.uk\/wp-content\/uploads\/2023\/11\/bichectomi-1.webp 896w, https:\/\/cliniccenter.co.uk\/wp-content\/uploads\/2023\/11\/bichectomi-1-300x185.webp 300w, https:\/\/cliniccenter.co.uk\/wp-content\/uploads\/2023\/11\/bichectomi-1-768x475.webp 768w\" sizes=\"(max-width: 896px) 100vw, 896px\" \/><\/figure>\n\n\n\n<h2 class=\"wp-block-heading has-text-align-center\"><span class=\"ez-toc-section\" id=\"Bichektomie_in_der_Tuerkei\"><\/span>Bichektomie in der T\u00fcrkei<span class=\"ez-toc-section-end\"><\/span><\/h2>\n\n\n\n<p>Haben Sie es satt, ein fettes Gesicht und keine definierten Wangenknochen zu haben? M\u00fcssen Sie immer Make-up auflegen, um Ihre Wangenknochen zu definieren? Dann ist die Bichektomie, auch bekannt als Wangenfettentfernung, genau das Richtige f\u00fcr Sie&#8230; Kontaktieren Sie uns jetzt und erfahren Sie mehr \u00fcber die Wangenfettentfernung.<\/p>\n\n\n\n<p class=\"has-text-align-center\"><center><div class=\"wp-block-button\"><a class=\"wp-block-button__link\" href=\"https:\/\/cliniccenter.co.uk\/bichectomy-in-turkey\/\">\nMehr \u00fcber Bichektomie<\/a><\/div><\/center><\/p>\n\n\n\n<p><\/p>\n<\/div>\n<\/div>\n\n\n\n<p><\/p>\n\n\n\n<div class=\"wp-block-columns is-layout-flex wp-container-core-columns-is-layout-2 wp-block-columns-is-layout-flex\">\n<div class=\"wp-block-column is-layout-flow wp-block-column-is-layout-flow\">\n<figure class=\"wp-block-image size-large\"><img decoding=\"async\" width=\"650\" height=\"406\" src=\"https:\/\/cliniccenter.co.uk\/wp-content\/uploads\/2021\/08\/Thigh-lift-in-Turkey-1.jpg\" alt=\"\" class=\"wp-image-10165\" srcset=\"https:\/\/cliniccenter.co.uk\/wp-content\/uploads\/2021\/08\/Thigh-lift-in-Turkey-1.jpg 650w, https:\/\/cliniccenter.co.uk\/wp-content\/uploads\/2021\/08\/Thigh-lift-in-Turkey-1-300x187.jpg 300w\" sizes=\"(max-width: 650px) 100vw, 650px\" \/><\/figure>\n\n\n\n<h2 class=\"wp-block-heading has-text-align-center\"><span class=\"ez-toc-section\" id=\"Oberschenkelstraffung_in_der_Tuerkei\"><\/span>Oberschenkelstraffung in der T\u00fcrkei<span class=\"ez-toc-section-end\"><\/span><\/h2>\n\n\n\n<p>Sport ist sehr vorteilhaft, aber nach einer gewissen Zeit reagiert unsere Haut nicht mehr so, wie wir es gerne h\u00e4tten. Wenn Sie zu- und abgenommen haben, f\u00e4ngt Ihre Haut an zu schlaff zu werden, und am Ende haben Sie \u00fcbersch\u00fcssige Haut. Mit dem Verfahren der Oberschenkelstraffung k\u00f6nnen Sie diese Beschwerden leicht loswerden.<\/p>\n\n\n\n<p class=\"has-text-align-center\"><center><div class=\"wp-block-button\"><a class=\"wp-block-button__link\" href=\"https:\/\/cliniccenter.co.uk\/thigh-lift-surgery-in-turkey\/\">Mehr \u00fcber Oberschenkelstraffung<\/a><\/div><\/center><\/p>\n\n\n\n<p><\/p>\n<\/div>\n\n\n\n<div class=\"wp-block-column is-layout-flow wp-block-column-is-layout-flow\">\n<figure class=\"wp-block-image size-large\"><img decoding=\"async\" width=\"650\" height=\"406\" src=\"https:\/\/cliniccenter.co.uk\/wp-content\/uploads\/2021\/08\/Necklift-in-Turkey-with-Clinic-Center.jpg\" alt=\"\" class=\"wp-image-10166\" srcset=\"https:\/\/cliniccenter.co.uk\/wp-content\/uploads\/2021\/08\/Necklift-in-Turkey-with-Clinic-Center.jpg 650w, https:\/\/cliniccenter.co.uk\/wp-content\/uploads\/2021\/08\/Necklift-in-Turkey-with-Clinic-Center-300x187.jpg 300w\" sizes=\"(max-width: 650px) 100vw, 650px\" \/><\/figure>\n\n\n\n<h2 class=\"wp-block-heading has-text-align-center\"><span class=\"ez-toc-section\" id=\"Halsstraffung_in_der_Tuerkei\"><\/span>Halsstraffung in der T\u00fcrkei<span class=\"ez-toc-section-end\"><\/span><\/h2>\n\n\n\n<p>Wenn Sie das Gef\u00fchl haben, dass Ihr Hals nicht so jugendlich oder ansprechend aussieht wie Ihr Gesicht, oder wenn Sie ein Doppelkinn haben, kann ein Halslifting der Eingriff sein, den Sie suchen&#8230; Wenn Sie weitere Informationen zum Halslifting ben\u00f6tigen, klicken Sie einfach auf die Schaltfl\u00e4che unten.<\/p>\n\n\n\n<p class=\"has-text-align-center\"><center><div class=\"wp-block-button\"><a class=\"wp-block-button__link\" href=\"https:\/\/cliniccenter.co.uk\/neck-lift-surgery-in-turkey\/\">Mehr \u00fcber Halsstraffung<\/a><\/div><\/center><\/p>\n\n\n\n<p><\/p>\n<\/div>\n<\/div>\n\n\n\n<p><\/p>\n\n\n\n<div class=\"wp-block-columns is-layout-flex wp-container-core-columns-is-layout-3 wp-block-columns-is-layout-flex\">\n<div class=\"wp-block-column is-layout-flow wp-block-column-is-layout-flow\">\n<figure class=\"wp-block-image size-large\"><img decoding=\"async\" width=\"696\" height=\"428\" src=\"https:\/\/cliniccenter.co.uk\/wp-content\/uploads\/2020\/07\/arm-lift-surgery-remove-excess-skin.jpg\" alt=\"Arm Lift in Turkey\" class=\"wp-image-6172\" srcset=\"https:\/\/cliniccenter.co.uk\/wp-content\/uploads\/2020\/07\/arm-lift-surgery-remove-excess-skin.jpg 696w, https:\/\/cliniccenter.co.uk\/wp-content\/uploads\/2020\/07\/arm-lift-surgery-remove-excess-skin-300x184.jpg 300w\" sizes=\"(max-width: 696px) 100vw, 696px\" \/><\/figure>\n\n\n\n<h2 class=\"wp-block-heading has-text-align-center\"><span class=\"ez-toc-section\" id=\"Armstraffung_in_der_Tuerkei\"><\/span>Armstraffung in der T\u00fcrkei<span class=\"ez-toc-section-end\"><\/span><\/h2>\n\n\n\n<p>St\u00e4ndige Gewichtszunahme und -abnahme fordern ihren Tribut. Auch das \u00c4lterwerden ist nicht gerade f\u00f6rderlich f\u00fcr unseren K\u00f6rper. Leider sind auch unsere Arme davon betroffen und irgendwann k\u00f6nnen wir mit Fledermausfl\u00fcgeln enden. Selbst nach monatelangen Di\u00e4ten und Sport hilft das manchmal nicht. In diesem Fall wenden wir uns an die plastische Chirurgie, das Armlifting in der T\u00fcrkei.<\/p>\n\n\n\n<p class=\"has-text-align-center\"><center><div class=\"wp-block-button\"><a class=\"wp-block-button__link\" href=\"https:\/\/cliniccenter.co.uk\/arm-lift-surgery-in-turkey\/\">Mehr \u00fcber Armlifting<\/a><\/div><\/center><\/p>\n\n\n\n<p><\/p>\n<\/div>\n\n\n\n<div class=\"wp-block-column is-layout-flow wp-block-column-is-layout-flow\">\n<figure class=\"wp-block-image size-large\"><img decoding=\"async\" width=\"578\" height=\"360\" src=\"https:\/\/cliniccenter.co.uk\/wp-content\/uploads\/2020\/07\/Brow-Lift-in-Turkey-1.jpg\" alt=\"Brow Lift in Turkey\" class=\"wp-image-6189\" srcset=\"https:\/\/cliniccenter.co.uk\/wp-content\/uploads\/2020\/07\/Brow-Lift-in-Turkey-1.jpg 578w, https:\/\/cliniccenter.co.uk\/wp-content\/uploads\/2020\/07\/Brow-Lift-in-Turkey-1-300x187.jpg 300w\" sizes=\"(max-width: 578px) 100vw, 578px\" \/><\/figure>\n\n\n\n<h2 class=\"wp-block-heading has-text-align-center\"><span class=\"ez-toc-section\" id=\"Augenbrauenlifting_in_der_Tuerkei\"><\/span>Augenbrauenlifting in der T\u00fcrkei<span class=\"ez-toc-section-end\"><\/span><\/h2>\n\n\n\n<p>Die Zeit ist nicht immer auf unserer Seite; wir m\u00f6gen sie vor allem dann nicht, wenn sie sich auf unseren K\u00f6rper auswirkt und offensichtlich ist. Haben Sie das Gef\u00fchl, dass Ihre Augenbrauen im Vergleich zu vor einigen Jahren niedriger sind? Haben Sie das Gef\u00fchl, dass Sie m\u00fcde aussehen, auch wenn Sie es nicht sind? Die L\u00f6sung kann ein Brauenlifting in der T\u00fcrkei sein.<\/p>\n\n\n\n<p class=\"has-text-align-center\"><center><div class=\"wp-block-button\"><a class=\"wp-block-button__link\" href=\"https:\/\/cliniccenter.co.uk\/brow-lift-eyebrow-lift-surgery-in-turkey\/\">Mehr \u00fcber Augenbrauenlifting<\/a><\/div><\/center><\/p>\n\n\n\n<p><\/p>\n<\/div>\n<\/div>\n\n\n\n<div class=\"wp-block-columns is-layout-flex wp-container-core-columns-is-layout-4 wp-block-columns-is-layout-flex\">\n<div class=\"wp-block-column is-layout-flow wp-block-column-is-layout-flow\"><\/div>\n<\/div>\n<\/p>","protected":false},"excerpt":{"rendered":"<p>Andere Sch\u00f6nheitsoperationen Otoplastik und Ohranlegen in der T\u00fcrkei Sind Sie unzufrieden mit Ihren Ohren, weil sie abstehen? M\u00fcssen Sie sie immer bedecken und k\u00f6nnen deshalb nicht viel mit Ihren Haaren machen? Eine Otoplastik k\u00f6nnte die richtige Operation f\u00fcr Sie sein&#8230; Buchen Sie jetzt Ihre Operation und holen Sie sich Ihr Selbstvertrauen zur\u00fcck! Mehr \u00fcber Otoplastik [&hellip;]<\/p>\n","protected":false},"author":2,"featured_media":0,"parent":18939,"menu_order":0,"comment_status":"closed","ping_status":"closed","template":"","meta":{"_uag_custom_page_level_css":"","_lmt_disableupdate":"","_lmt_disable":"","site-sidebar-layout":"default","site-content-layout":"default","ast-site-content-layout":"default","site-content-style":"default","site-sidebar-style":"default","ast-global-header-display":"","ast-banner-title-visibility":"","ast-main-header-display":"","ast-hfb-above-header-display":"","ast-hfb-below-header-display":"","ast-hfb-mobile-header-display":"","site-post-title":"disabled","ast-breadcrumbs-content":"","ast-featured-img":"disabled","footer-sml-layout":"","theme-transparent-header-meta":"default","adv-header-id-meta":"","stick-header-meta":"","header-above-stick-meta":"","header-main-stick-meta":"","header-below-stick-meta":"","astra-migrate-meta-layouts":"set","ast-page-background-enabled":"default","ast-page-background-meta":{"desktop":{"background-color":"","background-image":"","background-repeat":"repeat","background-position":"center center","background-size":"auto","background-attachment":"scroll","background-type":"","background-media":"","overlay-type":"","overlay-color":"","overlay-opacity":"","overlay-gradient":""},"tablet":{"background-color":"","background-image":"","background-repeat":"repeat","background-position":"center center","background-size":"auto","background-attachment":"scroll","background-type":"","background-media":"","overlay-type":"","overlay-color":"","overlay-opacity":"","overlay-gradient":""},"mobile":{"background-color":"","background-image":"","background-repeat":"repeat","background-position":"center center","background-size":"auto","background-attachment":"scroll","background-type":"","background-media":"","overlay-type":"","overlay-color":"","overlay-opacity":"","overlay-gradient":""}},"ast-content-background-meta":{"desktop":{"background-color":"var(--ast-global-color-5)","background-image":"","background-repeat":"repeat","background-position":"center center","background-size":"auto","background-attachment":"scroll","background-type":"","background-media":"","overlay-type":"","overlay-color":"","overlay-opacity":"","overlay-gradient":""},"tablet":{"background-color":"var(--ast-global-color-5)","background-image":"","background-repeat":"repeat","background-position":"center center","background-size":"auto","background-attachment":"scroll","background-type":"","background-media":"","overlay-type":"","overlay-color":"","overlay-opacity":"","overlay-gradient":""},"mobile":{"background-color":"var(--ast-global-color-5)","background-image":"","background-repeat":"repeat","background-position":"center center","background-size":"auto","background-attachment":"scroll","background-type":"","background-media":"","overlay-type":"","overlay-color":"","overlay-opacity":"","overlay-gradient":""}},"footnotes":""},"class_list":["post-35733","page","type-page","status-publish","hentry"],"yoast_head":"<!-- This site is optimized with the Yoast SEO plugin v25.3.1 - https:\/\/yoast.com\/wordpress\/plugins\/seo\/ -->\n<title>Andere Operationen -<\/title>\n<meta name=\"robots\" content=\"index, follow, max-snippet:-1, max-image-preview:large, max-video-preview:-1\" \/>\n<link rel=\"canonical\" href=\"https:\/\/cliniccenter.co.uk\/de\/andere-operationen\/\" \/>\n<meta property=\"og:locale\" content=\"de_DE\" \/>\n<meta property=\"og:type\" content=\"article\" \/>\n<meta property=\"og:title\" content=\"Andere Operationen -\" \/>\n<meta property=\"og:description\" content=\"Andere Sch\u00f6nheitsoperationen Otoplastik und Ohranlegen in der T\u00fcrkei Sind Sie unzufrieden mit Ihren Ohren, weil sie abstehen? M\u00fcssen Sie sie immer bedecken und k\u00f6nnen deshalb nicht viel mit Ihren Haaren machen? Eine Otoplastik k\u00f6nnte die richtige Operation f\u00fcr Sie sein&#8230; Buchen Sie jetzt Ihre Operation und holen Sie sich Ihr Selbstvertrauen zur\u00fcck! Mehr \u00fcber Otoplastik [&hellip;]\" \/>\n<meta property=\"og:url\" content=\"https:\/\/cliniccenter.co.uk\/de\/andere-operationen\/\" \/>\n<meta property=\"article:publisher\" content=\"https:\/\/www.facebook.com\/cliniccenter.co.uk\/\" \/>\n<meta property=\"article:modified_time\" content=\"2023-12-08T11:51:28+00:00\" \/>\n<meta property=\"og:image\" content=\"https:\/\/cliniccenter.co.uk\/wp-content\/uploads\/2023\/11\/Otoplasty-1.webp\" \/>\n<meta name=\"twitter:card\" content=\"summary_large_image\" \/>\n<meta name=\"twitter:site\" content=\"@cliniccenteruk\" \/>\n<meta name=\"twitter:label1\" content=\"Gesch\u00e4tzte Lesezeit\" \/>\n\t<meta name=\"twitter:data1\" content=\"3\u00a0Minuten\" \/>\n<!-- \/ Yoast SEO plugin. -->","yoast_head_json":{"title":"Andere Operationen -","robots":{"index":"index","follow":"follow","max-snippet":"max-snippet:-1","max-image-preview":"max-image-preview:large","max-video-preview":"max-video-preview:-1"},"canonical":"https:\/\/cliniccenter.co.uk\/de\/andere-operationen\/","og_locale":"de_DE","og_type":"article","og_title":"Andere Operationen -","og_description":"Andere Sch\u00f6nheitsoperationen Otoplastik und Ohranlegen in der T\u00fcrkei Sind Sie unzufrieden mit Ihren Ohren, weil sie abstehen? M\u00fcssen Sie sie immer bedecken und k\u00f6nnen deshalb nicht viel mit Ihren Haaren machen? Eine Otoplastik k\u00f6nnte die richtige Operation f\u00fcr Sie sein&#8230; Buchen Sie jetzt Ihre Operation und holen Sie sich Ihr Selbstvertrauen zur\u00fcck! Mehr \u00fcber Otoplastik [&hellip;]","og_url":"https:\/\/cliniccenter.co.uk\/de\/andere-operationen\/","article_publisher":"https:\/\/www.facebook.com\/cliniccenter.co.uk\/","article_modified_time":"2023-12-08T11:51:28+00:00","og_image":[{"url":"https:\/\/cliniccenter.co.uk\/wp-content\/uploads\/2023\/11\/Otoplasty-1.webp","type":"","width":"","height":""}],"twitter_card":"summary_large_image","twitter_site":"@cliniccenteruk","twitter_misc":{"Gesch\u00e4tzte Lesezeit":"3\u00a0Minuten"},"schema":{"@context":"https:\/\/schema.org","@graph":[{"@type":"WebPage","@id":"https:\/\/cliniccenter.co.uk\/de\/andere-operationen\/","url":"https:\/\/cliniccenter.co.uk\/de\/andere-operationen\/","name":"Andere Operationen -","isPartOf":{"@id":"https:\/\/cliniccenter.co.uk\/ro\/#website"},"primaryImageOfPage":{"@id":"https:\/\/cliniccenter.co.uk\/de\/andere-operationen\/#primaryimage"},"image":{"@id":"https:\/\/cliniccenter.co.uk\/de\/andere-operationen\/#primaryimage"},"thumbnailUrl":"https:\/\/cliniccenter.co.uk\/wp-content\/uploads\/2023\/11\/Otoplasty-1.webp","datePublished":"2022-04-01T07:23:00+00:00","dateModified":"2023-12-08T11:51:28+00:00","breadcrumb":{"@id":"https:\/\/cliniccenter.co.uk\/de\/andere-operationen\/#breadcrumb"},"inLanguage":"de","potentialAction":[{"@type":"ReadAction","target":["https:\/\/cliniccenter.co.uk\/de\/andere-operationen\/"]}]},{"@type":"ImageObject","inLanguage":"de","@id":"https:\/\/cliniccenter.co.uk\/de\/andere-operationen\/#primaryimage","url":"https:\/\/cliniccenter.co.uk\/wp-content\/uploads\/2023\/11\/Otoplasty-1.webp","contentUrl":"https:\/\/cliniccenter.co.uk\/wp-content\/uploads\/2023\/11\/Otoplasty-1.webp"},{"@type":"BreadcrumbList","@id":"https:\/\/cliniccenter.co.uk\/de\/andere-operationen\/#breadcrumb","itemListElement":[{"@type":"ListItem","position":1,"name":"Home","item":"https:\/\/cliniccenter.co.uk\/de\/"},{"@type":"ListItem","position":2,"name":"Behandlungen","item":"https:\/\/cliniccenter.co.uk\/de\/behandlungen\/"},{"@type":"ListItem","position":3,"name":"Andere Operationen"}]},{"@type":"WebSite","@id":"https:\/\/cliniccenter.co.uk\/ro\/#website","url":"https:\/\/cliniccenter.co.uk\/ro\/","name":"","description":"","potentialAction":[{"@type":"SearchAction","target":{"@type":"EntryPoint","urlTemplate":"https:\/\/cliniccenter.co.uk\/ro\/?s={search_term_string}"},"query-input":{"@type":"PropertyValueSpecification","valueRequired":true,"valueName":"search_term_string"}}],"inLanguage":"de"}]}},"uagb_featured_image_src":{"full":false,"thumbnail":false,"medium":false,"medium_large":false,"large":false,"1536x1536":false,"2048x2048":false},"uagb_author_info":{"display_name":"Sertac Ceki","author_link":"https:\/\/cliniccenter.co.uk\/de\/blog\/author\/sertaccliniccenter-co-uk\/"},"uagb_comment_info":0,"uagb_excerpt":"Andere Sch\u00f6nheitsoperationen Otoplastik und Ohranlegen in der T\u00fcrkei Sind Sie unzufrieden mit Ihren Ohren, weil sie abstehen? M\u00fcssen Sie sie immer bedecken und k\u00f6nnen deshalb nicht viel mit Ihren Haaren machen? Eine Otoplastik k\u00f6nnte die richtige Operation f\u00fcr Sie sein&#8230; Buchen Sie jetzt Ihre Operation und holen Sie sich Ihr Selbstvertrauen zur\u00fcck! Mehr \u00fcber Otoplastik&hellip;","_links":{"self":[{"href":"https:\/\/cliniccenter.co.uk\/de\/wp-json\/wp\/v2\/pages\/35733"}],"collection":[{"href":"https:\/\/cliniccenter.co.uk\/de\/wp-json\/wp\/v2\/pages"}],"about":[{"href":"https:\/\/cliniccenter.co.uk\/de\/wp-json\/wp\/v2\/types\/page"}],"author":[{"embeddable":true,"href":"https:\/\/cliniccenter.co.uk\/de\/wp-json\/wp\/v2\/users\/2"}],"replies":[{"embeddable":true,"href":"https:\/\/cliniccenter.co.uk\/de\/wp-json\/wp\/v2\/comments?post=35733"}],"version-history":[{"count":6,"href":"https:\/\/cliniccenter.co.uk\/de\/wp-json\/wp\/v2\/pages\/35733\/revisions"}],"predecessor-version":[{"id":49109,"href":"https:\/\/cliniccenter.co.uk\/de\/wp-json\/wp\/v2\/pages\/35733\/revisions\/49109"}],"up":[{"embeddable":true,"href":"https:\/\/cliniccenter.co.uk\/de\/wp-json\/wp\/v2\/pages\/18939"}],"wp:attachment":[{"href":"https:\/\/cliniccenter.co.uk\/de\/wp-json\/wp\/v2\/media?parent=35733"}],"curies":[{"name":"wp","href":"https:\/\/api.w.org\/{rel}","templated":true}]}}