{"id":35831,"date":"2022-04-04T12:42:36","date_gmt":"2022-04-04T12:42:36","guid":{"rendered":"https:\/\/cliniccenter.co.uk\/?page_id=35831"},"modified":"2024-11-18T13:37:51","modified_gmt":"2024-11-18T13:37:51","slug":"dr-kriveczky-akos","status":"publish","type":"page","link":"https:\/\/cliniccenter.co.uk\/de\/dr-kriveczky-akos\/","title":{"rendered":"Dr. Kriveczky \u00c1kos"},"content":{"rendered":"\n<div class=\"wp-block-columns is-layout-flex wp-container-core-columns-is-layout-3 wp-block-columns-is-layout-flex\">\n<div class=\"wp-block-column is-layout-flow wp-block-column-is-layout-flow\" style=\"flex-basis:33.33%\">\n<figure class=\"wp-block-image size-large\"><img decoding=\"async\" width=\"517\" height=\"1024\" src=\"https:\/\/cliniccenter.co.uk\/wp-content\/uploads\/2022\/01\/kriveczky-akos-1-517x1024.jpg\" alt=\"\" class=\"wp-image-24264\" srcset=\"https:\/\/cliniccenter.co.uk\/wp-content\/uploads\/2022\/01\/kriveczky-akos-1-517x1024.jpg 517w, https:\/\/cliniccenter.co.uk\/wp-content\/uploads\/2022\/01\/kriveczky-akos-1-152x300.jpg 152w, https:\/\/cliniccenter.co.uk\/wp-content\/uploads\/2022\/01\/kriveczky-akos-1.jpg 548w\" sizes=\"(max-width: 517px) 100vw, 517px\" \/><\/figure>\n<\/div>\n\n\n\n<div class=\"wp-block-column is-layout-flow wp-block-column-is-layout-flow\" style=\"flex-basis:66.66%\">\n<div class=\"wp-block-columns is-layout-flex wp-container-core-columns-is-layout-1 wp-block-columns-is-layout-flex\">\n<div class=\"wp-block-column leftpadbox is-layout-flow wp-block-column-is-layout-flow\">\n<p>Nach seinem Abschluss begann er sofort in der Abteilung f\u00fcr Oralchirurgie des Szent Gy\u00f6rgy Universit\u00e4tskrankenhauses im Komitat Fej\u00e9r zu arbeiten, wo er sich neben der Oralchirurgie auch f\u00fcr konservierende Behandlungen und Implantologie interessiert.<\/p>\n\n\n\n<p>Es ist ihm besonders wichtig, eine vertrauensvolle Beziehung zu seinen Patienten aufzubauen und ihnen die \u00c4ngste zu nehmen, die einigen ernsteren Eingriffen vorausgehen k\u00f6nnen.<\/p>\n<\/div>\n<\/div>\n\n\n\n<div class=\"wp-block-columns is-layout-flex wp-container-core-columns-is-layout-2 wp-block-columns-is-layout-flex\">\n<div class=\"wp-block-column leftpadbox is-layout-flow wp-block-column-is-layout-flow\">\n<p><strong>Diplom<\/strong>: Semmelweiss Universit\u00e4t Budapest (2018)<br><strong><strong>Zahnmedizin<\/strong>:<\/strong> \u00c4sthetischer, konservierender, prothetischer Zahnarzt<br><strong>Mitgliedschaften<\/strong>: Ungarischer Verband der Zahn\u00e4rzte, Ungarische \u00c4rztekammer<br><strong>Stadt<\/strong>:\u00a0Budapest, Ungarn<br><strong>Arbeitstage<\/strong>: Wochentage und Samstag<br><strong>Sprachen<\/strong>: Englisch<br><strong>Kontakt<\/strong>:\u00a0+44 20 3575 1039 &amp; info@cliniccenter.co.uk<\/p>\n<\/div>\n<\/div>\n<\/div>\n<\/div>\n","protected":false},"excerpt":{"rendered":"<p>Nach seinem Abschluss begann er sofort in der Abteilung f\u00fcr Oralchirurgie des Szent Gy\u00f6rgy Universit\u00e4tskrankenhauses im Komitat Fej\u00e9r zu arbeiten, wo er sich neben der Oralchirurgie auch f\u00fcr konservierende Behandlungen und Implantologie interessiert. Es ist ihm besonders wichtig, eine vertrauensvolle Beziehung zu seinen Patienten aufzubauen und ihnen die \u00c4ngste zu nehmen, die einigen ernsteren Eingriffen [&hellip;]<\/p>\n","protected":false},"author":2,"featured_media":0,"parent":18856,"menu_order":0,"comment_status":"closed","ping_status":"closed","template":"","meta":{"_uag_custom_page_level_css":"","_lmt_disableupdate":"no","_lmt_disable":"","site-sidebar-layout":"default","site-content-layout":"default","ast-site-content-layout":"default","site-content-style":"default","site-sidebar-style":"default","ast-global-header-display":"","ast-banner-title-visibility":"","ast-main-header-display":"","ast-hfb-above-header-display":"","ast-hfb-below-header-display":"","ast-hfb-mobile-header-display":"","site-post-title":"","ast-breadcrumbs-content":"","ast-featured-img":"","footer-sml-layout":"","theme-transparent-header-meta":"default","adv-header-id-meta":"","stick-header-meta":"","header-above-stick-meta":"","header-main-stick-meta":"","header-below-stick-meta":"","astra-migrate-meta-layouts":"set","ast-page-background-enabled":"default","ast-page-background-meta":{"desktop":{"background-color":"","background-image":"","background-repeat":"repeat","background-position":"center center","background-size":"auto","background-attachment":"scroll","background-type":"","background-media":"","overlay-type":"","overlay-color":"","overlay-opacity":"","overlay-gradient":""},"tablet":{"background-color":"","background-image":"","background-repeat":"repeat","background-position":"center center","background-size":"auto","background-attachment":"scroll","background-type":"","background-media":"","overlay-type":"","overlay-color":"","overlay-opacity":"","overlay-gradient":""},"mobile":{"background-color":"","background-image":"","background-repeat":"repeat","background-position":"center center","background-size":"auto","background-attachment":"scroll","background-type":"","background-media":"","overlay-type":"","overlay-color":"","overlay-opacity":"","overlay-gradient":""}},"ast-content-background-meta":{"desktop":{"background-color":"var(--ast-global-color-5)","background-image":"","background-repeat":"repeat","background-position":"center center","background-size":"auto","background-attachment":"scroll","background-type":"","background-media":"","overlay-type":"","overlay-color":"","overlay-opacity":"","overlay-gradient":""},"tablet":{"background-color":"var(--ast-global-color-5)","background-image":"","background-repeat":"repeat","background-position":"center center","background-size":"auto","background-attachment":"scroll","background-type":"","background-media":"","overlay-type":"","overlay-color":"","overlay-opacity":"","overlay-gradient":""},"mobile":{"background-color":"var(--ast-global-color-5)","background-image":"","background-repeat":"repeat","background-position":"center center","background-size":"auto","background-attachment":"scroll","background-type":"","background-media":"","overlay-type":"","overlay-color":"","overlay-opacity":"","overlay-gradient":""}},"footnotes":""},"class_list":["post-35831","page","type-page","status-publish","hentry"],"yoast_head":"<!-- This site is optimized with the Yoast SEO plugin v25.3.1 - https:\/\/yoast.com\/wordpress\/plugins\/seo\/ -->\n<title>Dr. Kriveczky \u00c1kos -<\/title>\n<meta name=\"robots\" content=\"noindex, nofollow\" \/>\n<meta property=\"og:locale\" content=\"de_DE\" \/>\n<meta property=\"og:type\" content=\"article\" \/>\n<meta property=\"og:title\" content=\"Dr. Kriveczky \u00c1kos -\" \/>\n<meta property=\"og:description\" content=\"Nach seinem Abschluss begann er sofort in der Abteilung f\u00fcr Oralchirurgie des Szent Gy\u00f6rgy Universit\u00e4tskrankenhauses im Komitat Fej\u00e9r zu arbeiten, wo er sich neben der Oralchirurgie auch f\u00fcr konservierende Behandlungen und Implantologie interessiert. Es ist ihm besonders wichtig, eine vertrauensvolle Beziehung zu seinen Patienten aufzubauen und ihnen die \u00c4ngste zu nehmen, die einigen ernsteren Eingriffen [&hellip;]\" \/>\n<meta property=\"og:url\" content=\"https:\/\/cliniccenter.co.uk\/de\/dr-kriveczky-akos\/\" \/>\n<meta property=\"article:publisher\" content=\"https:\/\/www.facebook.com\/cliniccenter.co.uk\/\" \/>\n<meta property=\"article:modified_time\" content=\"2024-11-18T13:37:51+00:00\" \/>\n<meta property=\"og:image\" content=\"https:\/\/cliniccenter.co.uk\/wp-content\/uploads\/2022\/01\/kriveczky-akos-1-517x1024.jpg\" \/>\n<meta name=\"twitter:card\" content=\"summary_large_image\" \/>\n<meta name=\"twitter:site\" content=\"@cliniccenteruk\" \/>\n<meta name=\"twitter:label1\" content=\"Gesch\u00e4tzte Lesezeit\" \/>\n\t<meta name=\"twitter:data1\" content=\"1\u00a0Minute\" \/>\n<!-- \/ Yoast SEO plugin. -->","yoast_head_json":{"title":"Dr. Kriveczky \u00c1kos -","robots":{"index":"noindex","follow":"nofollow"},"og_locale":"de_DE","og_type":"article","og_title":"Dr. Kriveczky \u00c1kos -","og_description":"Nach seinem Abschluss begann er sofort in der Abteilung f\u00fcr Oralchirurgie des Szent Gy\u00f6rgy Universit\u00e4tskrankenhauses im Komitat Fej\u00e9r zu arbeiten, wo er sich neben der Oralchirurgie auch f\u00fcr konservierende Behandlungen und Implantologie interessiert. Es ist ihm besonders wichtig, eine vertrauensvolle Beziehung zu seinen Patienten aufzubauen und ihnen die \u00c4ngste zu nehmen, die einigen ernsteren Eingriffen [&hellip;]","og_url":"https:\/\/cliniccenter.co.uk\/de\/dr-kriveczky-akos\/","article_publisher":"https:\/\/www.facebook.com\/cliniccenter.co.uk\/","article_modified_time":"2024-11-18T13:37:51+00:00","og_image":[{"url":"https:\/\/cliniccenter.co.uk\/wp-content\/uploads\/2022\/01\/kriveczky-akos-1-517x1024.jpg","type":"","width":"","height":""}],"twitter_card":"summary_large_image","twitter_site":"@cliniccenteruk","twitter_misc":{"Gesch\u00e4tzte Lesezeit":"1\u00a0Minute"},"schema":{"@context":"https:\/\/schema.org","@graph":[{"@type":"WebPage","@id":"https:\/\/cliniccenter.co.uk\/de\/dr-kriveczky-akos\/","url":"https:\/\/cliniccenter.co.uk\/de\/dr-kriveczky-akos\/","name":"Dr. Kriveczky \u00c1kos -","isPartOf":{"@id":"https:\/\/cliniccenter.co.uk\/ro\/#website"},"primaryImageOfPage":{"@id":"https:\/\/cliniccenter.co.uk\/de\/dr-kriveczky-akos\/#primaryimage"},"image":{"@id":"https:\/\/cliniccenter.co.uk\/de\/dr-kriveczky-akos\/#primaryimage"},"thumbnailUrl":"https:\/\/cliniccenter.co.uk\/wp-content\/uploads\/2022\/01\/kriveczky-akos-1-517x1024.jpg","datePublished":"2022-04-04T12:42:36+00:00","dateModified":"2024-11-18T13:37:51+00:00","breadcrumb":{"@id":"https:\/\/cliniccenter.co.uk\/de\/dr-kriveczky-akos\/#breadcrumb"},"inLanguage":"de","potentialAction":[{"@type":"ReadAction","target":["https:\/\/cliniccenter.co.uk\/de\/dr-kriveczky-akos\/"]}]},{"@type":"ImageObject","inLanguage":"de","@id":"https:\/\/cliniccenter.co.uk\/de\/dr-kriveczky-akos\/#primaryimage","url":"https:\/\/cliniccenter.co.uk\/wp-content\/uploads\/2022\/01\/kriveczky-akos-1-517x1024.jpg","contentUrl":"https:\/\/cliniccenter.co.uk\/wp-content\/uploads\/2022\/01\/kriveczky-akos-1-517x1024.jpg"},{"@type":"BreadcrumbList","@id":"https:\/\/cliniccenter.co.uk\/de\/dr-kriveczky-akos\/#breadcrumb","itemListElement":[{"@type":"ListItem","position":1,"name":"Home","item":"https:\/\/cliniccenter.co.uk\/de\/"},{"@type":"ListItem","position":2,"name":"Beste Chirurgen in der T\u00fcrkei | Top-Operationen in der T\u00fcrkei","item":"https:\/\/cliniccenter.co.uk\/de\/arzt\/"},{"@type":"ListItem","position":3,"name":"Dr. Kriveczky \u00c1kos"}]},{"@type":"WebSite","@id":"https:\/\/cliniccenter.co.uk\/ro\/#website","url":"https:\/\/cliniccenter.co.uk\/ro\/","name":"","description":"","potentialAction":[{"@type":"SearchAction","target":{"@type":"EntryPoint","urlTemplate":"https:\/\/cliniccenter.co.uk\/ro\/?s={search_term_string}"},"query-input":{"@type":"PropertyValueSpecification","valueRequired":true,"valueName":"search_term_string"}}],"inLanguage":"de"}]}},"uagb_featured_image_src":{"full":false,"thumbnail":false,"medium":false,"medium_large":false,"large":false,"1536x1536":false,"2048x2048":false},"uagb_author_info":{"display_name":"Sertac Ceki","author_link":"https:\/\/cliniccenter.co.uk\/de\/blog\/author\/sertaccliniccenter-co-uk\/"},"uagb_comment_info":0,"uagb_excerpt":"Nach seinem Abschluss begann er sofort in der Abteilung f\u00fcr Oralchirurgie des Szent Gy\u00f6rgy Universit\u00e4tskrankenhauses im Komitat Fej\u00e9r zu arbeiten, wo er sich neben der Oralchirurgie auch f\u00fcr konservierende Behandlungen und Implantologie interessiert. Es ist ihm besonders wichtig, eine vertrauensvolle Beziehung zu seinen Patienten aufzubauen und ihnen die \u00c4ngste zu nehmen, die einigen ernsteren Eingriffen&hellip;","_links":{"self":[{"href":"https:\/\/cliniccenter.co.uk\/de\/wp-json\/wp\/v2\/pages\/35831"}],"collection":[{"href":"https:\/\/cliniccenter.co.uk\/de\/wp-json\/wp\/v2\/pages"}],"about":[{"href":"https:\/\/cliniccenter.co.uk\/de\/wp-json\/wp\/v2\/types\/page"}],"author":[{"embeddable":true,"href":"https:\/\/cliniccenter.co.uk\/de\/wp-json\/wp\/v2\/users\/2"}],"replies":[{"embeddable":true,"href":"https:\/\/cliniccenter.co.uk\/de\/wp-json\/wp\/v2\/comments?post=35831"}],"version-history":[{"count":3,"href":"https:\/\/cliniccenter.co.uk\/de\/wp-json\/wp\/v2\/pages\/35831\/revisions"}],"predecessor-version":[{"id":57959,"href":"https:\/\/cliniccenter.co.uk\/de\/wp-json\/wp\/v2\/pages\/35831\/revisions\/57959"}],"up":[{"embeddable":true,"href":"https:\/\/cliniccenter.co.uk\/de\/wp-json\/wp\/v2\/pages\/18856"}],"wp:attachment":[{"href":"https:\/\/cliniccenter.co.uk\/de\/wp-json\/wp\/v2\/media?parent=35831"}],"curies":[{"name":"wp","href":"https:\/\/api.w.org\/{rel}","templated":true}]}}