{"id":37671,"date":"2022-04-29T09:17:41","date_gmt":"2022-04-29T09:17:41","guid":{"rendered":"https:\/\/cliniccenter.co.uk\/behandlungen\/gastric-surgeries\/"},"modified":"2023-12-08T12:42:45","modified_gmt":"2023-12-08T12:42:45","slug":"magenoperationen","status":"publish","type":"page","link":"https:\/\/cliniccenter.co.uk\/de\/magenoperationen\/","title":{"rendered":"Magenoperationen"},"content":{"rendered":"\n<h1 class=\"wp-block-heading entry-title\">Magenoperationen<\/h1>\n\n\n\n<div class=\"wp-block-columns is-layout-flex wp-container-core-columns-is-layout-1 wp-block-columns-is-layout-flex\">\n<div class=\"wp-block-column is-layout-flow wp-block-column-is-layout-flow\">\n<figure class=\"wp-block-image size-large\"><img decoding=\"async\" src=\"https:\/\/cliniccenter.co.uk\/wp-content\/uploads\/2023\/11\/gastric-bypass-alm.webp\" alt=\"Magen Bypass Allgemein\" class=\"wp-image-37757 skip-lazy\"\/><\/figure>\n\n\n\n<h2 class=\"wp-block-heading has-text-align-center\"><span class=\"ez-toc-section\" id=\"Magenbypass_in_der_Tuerkei\"><\/span>Magenbypass in der T\u00fcrkei<span class=\"ez-toc-section-end\"><\/span><\/h2>\n\n\n\n<p class=\"has-text-align-center\">Magenbypass-Operationen, auch bekannt als Adipositasoperationen, werden von Patienten, die abnehmen m\u00f6chten, weithin bevorzugt. Manchmal ist es nicht m\u00f6glich, Gewicht zu verlieren, egal was Sie tun. Wenn dies bei Ihnen der Fall ist, ist ein Magenbypass ideal, um in kurzer Zeit abzunehmen. Erfahren Sie mehr \u00fcber Magenbypass T\u00fcrkei und kontaktieren Sie uns!<\/p>\n\n\n\n<div class=\"wp-block-button has-text-align-center\"><a class=\"wp-block-button__link\" href=\"https:\/\/cliniccenter.co.uk\/de\/magen-bypass-in-der-tuerkei\/\">Mehr \u00fcber Magen-Bypass<\/a><br><br><\/div>\n<\/div>\n\n\n\n<div class=\"wp-block-column is-layout-flow wp-block-column-is-layout-flow\">\n<figure class=\"wp-block-image size-large skip-lazy\"><img decoding=\"async\" src=\"https:\/\/cliniccenter.co.uk\/wp-content\/uploads\/2023\/11\/sleeve-gastrectomy-2.webp\" alt=\"Magenschlauch Allgemein\" class=\"wp-image-37751\"\/><\/figure>\n\n\n\n<h2 class=\"wp-block-heading has-text-align-center\"><span class=\"ez-toc-section\" id=\"Schlauchmagen_in_der_Tuerkei\"><\/span>Schlauchmagen in der T\u00fcrkei<span class=\"ez-toc-section-end\"><\/span><\/h2>\n\n\n\n<p class=\"has-text-align-center\">Die Schlauchmagen-Operation, auch Magenschlauch genannt, ist ein Verfahren, bei dem der Magen auf ein F\u00fcnftel seiner urspr\u00fcnglichen Gr\u00f6\u00dfe verkleinert wird. Dadurch wird die Kapazit\u00e4t des Magens verringert und auch die Hormone, die das Hungergef\u00fchl ausl\u00f6sen, werden abgebaut. Erfahren Sie mehr \u00fcber Schlauchmagen-Operationen und kontaktieren Sie uns, um eine Beratung zu vereinbaren!<\/p><div id=\"ez-toc-container\" class=\"ez-toc-v2_0_80 counter-hierarchy ez-toc-counter ez-toc-grey ez-toc-container-direction\">\n<div class=\"ez-toc-title-container\">\n<p class=\"ez-toc-title\" style=\"cursor:inherit\">Table of Contents<\/p>\n<span class=\"ez-toc-title-toggle\"><a href=\"#\" class=\"ez-toc-pull-right ez-toc-btn ez-toc-btn-xs ez-toc-btn-default ez-toc-toggle\" aria-label=\"Toggle Table of Content\"><span class=\"ez-toc-js-icon-con\"><span class=\"\"><span class=\"eztoc-hide\" style=\"display:none;\">Toggle<\/span><span class=\"ez-toc-icon-toggle-span\"><svg style=\"fill: #999;color:#999\" xmlns=\"http:\/\/www.w3.org\/2000\/svg\" class=\"list-377408\" width=\"20px\" height=\"20px\" viewBox=\"0 0 24 24\" fill=\"none\"><path d=\"M6 6H4v2h2V6zm14 0H8v2h12V6zM4 11h2v2H4v-2zm16 0H8v2h12v-2zM4 16h2v2H4v-2zm16 0H8v2h12v-2z\" fill=\"currentColor\"><\/path><\/svg><svg style=\"fill: #999;color:#999\" class=\"arrow-unsorted-368013\" xmlns=\"http:\/\/www.w3.org\/2000\/svg\" width=\"10px\" height=\"10px\" viewBox=\"0 0 24 24\" version=\"1.2\" baseProfile=\"tiny\"><path d=\"M18.2 9.3l-6.2-6.3-6.2 6.3c-.2.2-.3.4-.3.7s.1.5.3.7c.2.2.4.3.7.3h11c.3 0 .5-.1.7-.3.2-.2.3-.5.3-.7s-.1-.5-.3-.7zM5.8 14.7l6.2 6.3 6.2-6.3c.2-.2.3-.5.3-.7s-.1-.5-.3-.7c-.2-.2-.4-.3-.7-.3h-11c-.3 0-.5.1-.7.3-.2.2-.3.5-.3.7s.1.5.3.7z\"\/><\/svg><\/span><\/span><\/span><\/a><\/span><\/div>\n<nav><ul class='ez-toc-list ez-toc-list-level-1 ' ><li class='ez-toc-page-1 ez-toc-heading-level-2'><a class=\"ez-toc-link ez-toc-heading-1\" href=\"https:\/\/cliniccenter.co.uk\/de\/magenoperationen\/#Magenbypass_in_der_Tuerkei\" >Magenbypass in der T\u00fcrkei<\/a><\/li><li class='ez-toc-page-1 ez-toc-heading-level-2'><a class=\"ez-toc-link ez-toc-heading-2\" href=\"https:\/\/cliniccenter.co.uk\/de\/magenoperationen\/#Schlauchmagen_in_der_Tuerkei\" >Schlauchmagen in der T\u00fcrkei<\/a><\/li><li class='ez-toc-page-1 ez-toc-heading-level-2'><a class=\"ez-toc-link ez-toc-heading-3\" href=\"https:\/\/cliniccenter.co.uk\/de\/magenoperationen\/#Magenballonoperation_in_der_Tuerkei\" >Magenballonoperation in der T\u00fcrkei<\/a><\/li><\/ul><\/nav><\/div>\n\n\n\n\n<div class=\"wp-block-button has-text-align-center\"><a class=\"wp-block-button__link\" href=\"https:\/\/cliniccenter.co.uk\/de\/magenschlauch-in-der-turkei\/\">Mehr \u00fcber Schlauchmagen<\/a><br><br><\/div>\n<\/div>\n<\/div>\n\n\n\n<div class=\"wp-block-columns is-layout-flex wp-container-core-columns-is-layout-2 wp-block-columns-is-layout-flex\">\n<div class=\"wp-block-column is-layout-flow wp-block-column-is-layout-flow\">\n<figure class=\"wp-block-image size-large skip-lazy\"><img decoding=\"async\" src=\"https:\/\/cliniccenter.co.uk\/wp-content\/uploads\/2023\/11\/intragastric-balloon-surgery.webp\" alt=\"Magenballoon Allgemein\" class=\"wp-image-37745\"\/><\/figure>\n\n\n\n<h2 class=\"wp-block-heading has-text-align-center\"><span class=\"ez-toc-section\" id=\"Magenballonoperation_in_der_Tuerkei\"><\/span>Magenballonoperation in der T\u00fcrkei<span class=\"ez-toc-section-end\"><\/span><\/h2>\n\n\n\n<p class=\"has-text-align-center\">Die intragastrische Ballonoperation ist ein Magenverfahren, das im Gegensatz zu Schlauchmagen und Magenbypass nicht dauerhaft ist. Magenballons verbleiben etwa sechs Monate im Magen. Erfahren Sie mehr \u00fcber intragastrische Ballons und kontaktieren Sie uns, um eine Beratung zu vereinbaren!<\/p>\n\n\n\n<div class=\"wp-block-button has-text-align-center\"><a class=\"wp-block-button__link\" href=\"https:\/\/cliniccenter.co.uk\/de\/magenballonoperation-in-der-turkei\/\">Mehr \u00fcber Magenballoon<\/a><br><br><\/div>\n<\/div>\n\n\n\n<div class=\"wp-block-column is-layout-flow wp-block-column-is-layout-flow\">\n<p class=\"has-text-align-center\"><\/p>\n<\/div>\n<\/div>\n\n\n\n<div class=\"wp-block-columns is-layout-flex wp-container-core-columns-is-layout-3 wp-block-columns-is-layout-flex\">\n<div class=\"wp-block-column is-layout-flow wp-block-column-is-layout-flow\">\n<p><\/p>\n\n\n\n<p><\/p>\n\n\n\n<p><\/p>\n<\/div>\n<\/div>\n<\/p>","protected":false},"excerpt":{"rendered":"<p>Magenoperationen Magenbypass in der T\u00fcrkei Magenbypass-Operationen, auch bekannt als Adipositasoperationen, werden von Patienten, die abnehmen m\u00f6chten, weithin bevorzugt. Manchmal ist es nicht m\u00f6glich, Gewicht zu verlieren, egal was Sie tun. Wenn dies bei Ihnen der Fall ist, ist ein Magenbypass ideal, um in kurzer Zeit abzunehmen. Erfahren Sie mehr \u00fcber Magenbypass T\u00fcrkei und kontaktieren Sie [&hellip;]<\/p>\n","protected":false},"author":2,"featured_media":0,"parent":18939,"menu_order":0,"comment_status":"closed","ping_status":"closed","template":"","meta":{"_uag_custom_page_level_css":"","_lmt_disableupdate":"no","_lmt_disable":"","site-sidebar-layout":"default","site-content-layout":"default","ast-site-content-layout":"default","site-content-style":"default","site-sidebar-style":"default","ast-global-header-display":"","ast-banner-title-visibility":"","ast-main-header-display":"","ast-hfb-above-header-display":"","ast-hfb-below-header-display":"","ast-hfb-mobile-header-display":"","site-post-title":"disabled","ast-breadcrumbs-content":"","ast-featured-img":"disabled","footer-sml-layout":"","theme-transparent-header-meta":"default","adv-header-id-meta":"","stick-header-meta":"","header-above-stick-meta":"","header-main-stick-meta":"","header-below-stick-meta":"","astra-migrate-meta-layouts":"set","ast-page-background-enabled":"default","ast-page-background-meta":{"desktop":{"background-color":"","background-image":"","background-repeat":"repeat","background-position":"center center","background-size":"auto","background-attachment":"scroll","background-type":"","background-media":"","overlay-type":"","overlay-color":"","overlay-opacity":"","overlay-gradient":""},"tablet":{"background-color":"","background-image":"","background-repeat":"repeat","background-position":"center center","background-size":"auto","background-attachment":"scroll","background-type":"","background-media":"","overlay-type":"","overlay-color":"","overlay-opacity":"","overlay-gradient":""},"mobile":{"background-color":"","background-image":"","background-repeat":"repeat","background-position":"center center","background-size":"auto","background-attachment":"scroll","background-type":"","background-media":"","overlay-type":"","overlay-color":"","overlay-opacity":"","overlay-gradient":""}},"ast-content-background-meta":{"desktop":{"background-color":"var(--ast-global-color-5)","background-image":"","background-repeat":"repeat","background-position":"center center","background-size":"auto","background-attachment":"scroll","background-type":"","background-media":"","overlay-type":"","overlay-color":"","overlay-opacity":"","overlay-gradient":""},"tablet":{"background-color":"var(--ast-global-color-5)","background-image":"","background-repeat":"repeat","background-position":"center center","background-size":"auto","background-attachment":"scroll","background-type":"","background-media":"","overlay-type":"","overlay-color":"","overlay-opacity":"","overlay-gradient":""},"mobile":{"background-color":"var(--ast-global-color-5)","background-image":"","background-repeat":"repeat","background-position":"center center","background-size":"auto","background-attachment":"scroll","background-type":"","background-media":"","overlay-type":"","overlay-color":"","overlay-opacity":"","overlay-gradient":""}},"footnotes":""},"class_list":["post-37671","page","type-page","status-publish","hentry"],"yoast_head":"<!-- This site is optimized with the Yoast SEO plugin v25.3.1 - https:\/\/yoast.com\/wordpress\/plugins\/seo\/ -->\n<title>Magenoperationen | Clinic Center<\/title>\n<meta name=\"description\" content=\"Lernen Sie mehr \u00fcber unsere Magenoperationen und All-Inclusive-Pakete!\" \/>\n<meta name=\"robots\" content=\"noindex, nofollow\" \/>\n<meta property=\"og:locale\" content=\"de_DE\" \/>\n<meta property=\"og:type\" content=\"article\" \/>\n<meta property=\"og:title\" content=\"Magenoperationen | Clinic Center\" \/>\n<meta property=\"og:description\" content=\"Lernen Sie mehr \u00fcber unsere Magenoperationen und All-Inclusive-Pakete!\" \/>\n<meta property=\"og:url\" content=\"https:\/\/cliniccenter.co.uk\/de\/magenoperationen\/\" \/>\n<meta property=\"article:publisher\" content=\"https:\/\/www.facebook.com\/cliniccenter.co.uk\/\" \/>\n<meta property=\"article:modified_time\" content=\"2023-12-08T12:42:45+00:00\" \/>\n<meta property=\"og:image\" content=\"https:\/\/cliniccenter.co.uk\/wp-content\/uploads\/2023\/11\/gastric-bypass-alm.webp\" \/>\n<meta name=\"twitter:card\" content=\"summary_large_image\" \/>\n<meta name=\"twitter:site\" content=\"@cliniccenteruk\" \/>\n<meta name=\"twitter:label1\" content=\"Gesch\u00e4tzte Lesezeit\" \/>\n\t<meta name=\"twitter:data1\" content=\"2\u00a0Minuten\" \/>\n<!-- \/ Yoast SEO plugin. -->","yoast_head_json":{"title":"Magenoperationen | Clinic Center","description":"Lernen Sie mehr \u00fcber unsere Magenoperationen und All-Inclusive-Pakete!","robots":{"index":"noindex","follow":"nofollow"},"og_locale":"de_DE","og_type":"article","og_title":"Magenoperationen | Clinic Center","og_description":"Lernen Sie mehr \u00fcber unsere Magenoperationen und All-Inclusive-Pakete!","og_url":"https:\/\/cliniccenter.co.uk\/de\/magenoperationen\/","article_publisher":"https:\/\/www.facebook.com\/cliniccenter.co.uk\/","article_modified_time":"2023-12-08T12:42:45+00:00","og_image":[{"url":"https:\/\/cliniccenter.co.uk\/wp-content\/uploads\/2023\/11\/gastric-bypass-alm.webp","type":"","width":"","height":""}],"twitter_card":"summary_large_image","twitter_site":"@cliniccenteruk","twitter_misc":{"Gesch\u00e4tzte Lesezeit":"2\u00a0Minuten"},"schema":{"@context":"https:\/\/schema.org","@graph":[{"@type":"WebPage","@id":"https:\/\/cliniccenter.co.uk\/de\/magenoperationen\/","url":"https:\/\/cliniccenter.co.uk\/de\/magenoperationen\/","name":"Magenoperationen | Clinic Center","isPartOf":{"@id":"https:\/\/cliniccenter.co.uk\/ro\/#website"},"primaryImageOfPage":{"@id":"https:\/\/cliniccenter.co.uk\/de\/magenoperationen\/#primaryimage"},"image":{"@id":"https:\/\/cliniccenter.co.uk\/de\/magenoperationen\/#primaryimage"},"thumbnailUrl":"https:\/\/cliniccenter.co.uk\/wp-content\/uploads\/2023\/11\/gastric-bypass-alm.webp","datePublished":"2022-04-29T09:17:41+00:00","dateModified":"2023-12-08T12:42:45+00:00","description":"Lernen Sie mehr \u00fcber unsere Magenoperationen und All-Inclusive-Pakete!","breadcrumb":{"@id":"https:\/\/cliniccenter.co.uk\/de\/magenoperationen\/#breadcrumb"},"inLanguage":"de","potentialAction":[{"@type":"ReadAction","target":["https:\/\/cliniccenter.co.uk\/de\/magenoperationen\/"]}]},{"@type":"ImageObject","inLanguage":"de","@id":"https:\/\/cliniccenter.co.uk\/de\/magenoperationen\/#primaryimage","url":"https:\/\/cliniccenter.co.uk\/wp-content\/uploads\/2023\/11\/gastric-bypass-alm.webp","contentUrl":"https:\/\/cliniccenter.co.uk\/wp-content\/uploads\/2023\/11\/gastric-bypass-alm.webp"},{"@type":"BreadcrumbList","@id":"https:\/\/cliniccenter.co.uk\/de\/magenoperationen\/#breadcrumb","itemListElement":[{"@type":"ListItem","position":1,"name":"Home","item":"https:\/\/cliniccenter.co.uk\/de\/"},{"@type":"ListItem","position":2,"name":"Behandlungen","item":"https:\/\/cliniccenter.co.uk\/de\/behandlungen\/"},{"@type":"ListItem","position":3,"name":"Magenoperationen"}]},{"@type":"WebSite","@id":"https:\/\/cliniccenter.co.uk\/ro\/#website","url":"https:\/\/cliniccenter.co.uk\/ro\/","name":"","description":"","potentialAction":[{"@type":"SearchAction","target":{"@type":"EntryPoint","urlTemplate":"https:\/\/cliniccenter.co.uk\/ro\/?s={search_term_string}"},"query-input":{"@type":"PropertyValueSpecification","valueRequired":true,"valueName":"search_term_string"}}],"inLanguage":"de"}]}},"uagb_featured_image_src":{"full":false,"thumbnail":false,"medium":false,"medium_large":false,"large":false,"1536x1536":false,"2048x2048":false},"uagb_author_info":{"display_name":"Sertac Ceki","author_link":"https:\/\/cliniccenter.co.uk\/de\/blog\/author\/sertaccliniccenter-co-uk\/"},"uagb_comment_info":0,"uagb_excerpt":"Magenoperationen Magenbypass in der T\u00fcrkei Magenbypass-Operationen, auch bekannt als Adipositasoperationen, werden von Patienten, die abnehmen m\u00f6chten, weithin bevorzugt. Manchmal ist es nicht m\u00f6glich, Gewicht zu verlieren, egal was Sie tun. Wenn dies bei Ihnen der Fall ist, ist ein Magenbypass ideal, um in kurzer Zeit abzunehmen. Erfahren Sie mehr \u00fcber Magenbypass T\u00fcrkei und kontaktieren Sie&hellip;","_links":{"self":[{"href":"https:\/\/cliniccenter.co.uk\/de\/wp-json\/wp\/v2\/pages\/37671"}],"collection":[{"href":"https:\/\/cliniccenter.co.uk\/de\/wp-json\/wp\/v2\/pages"}],"about":[{"href":"https:\/\/cliniccenter.co.uk\/de\/wp-json\/wp\/v2\/types\/page"}],"author":[{"embeddable":true,"href":"https:\/\/cliniccenter.co.uk\/de\/wp-json\/wp\/v2\/users\/2"}],"replies":[{"embeddable":true,"href":"https:\/\/cliniccenter.co.uk\/de\/wp-json\/wp\/v2\/comments?post=37671"}],"version-history":[{"count":9,"href":"https:\/\/cliniccenter.co.uk\/de\/wp-json\/wp\/v2\/pages\/37671\/revisions"}],"predecessor-version":[{"id":49127,"href":"https:\/\/cliniccenter.co.uk\/de\/wp-json\/wp\/v2\/pages\/37671\/revisions\/49127"}],"up":[{"embeddable":true,"href":"https:\/\/cliniccenter.co.uk\/de\/wp-json\/wp\/v2\/pages\/18939"}],"wp:attachment":[{"href":"https:\/\/cliniccenter.co.uk\/de\/wp-json\/wp\/v2\/media?parent=37671"}],"curies":[{"name":"wp","href":"https:\/\/api.w.org\/{rel}","templated":true}]}}