{"id":38253,"date":"2022-05-25T07:27:01","date_gmt":"2022-05-25T07:27:01","guid":{"rendered":"https:\/\/cliniccenter.co.uk\/?page_id=38253"},"modified":"2023-12-13T13:20:13","modified_gmt":"2023-12-13T13:20:13","slug":"magenoperationen-vorher-nachher-galerie","status":"publish","type":"page","link":"https:\/\/cliniccenter.co.uk\/de\/magenoperationen-vorher-nachher-galerie\/","title":{"rendered":"Magenoperationen Vorher-Nachher Galerie"},"content":{"rendered":"\n<p>Sie k\u00f6nnen Ihr \u00dcbergewicht loswerden, indem Sie sich unseren sicheren und erschwinglichen <a href=\"https:\/\/cliniccenter.co.uk\/de\/magenoperationen\/\">Magenoperationen in der T\u00fcrkei von Clinic Center<\/a> unterziehen.<\/p>\n\n\n\n<p>Hier k\u00f6nnen Sie sich die Vorher-Nachher-Bilder unserer Patienten ansehen, die eine sehr zufriedenstellende Operation hatten.<\/p>\n\n\n\n<div class=\"wp-block-columns is-layout-flex wp-container-core-columns-is-layout-1 wp-block-columns-is-layout-flex\">\n<div class=\"wp-block-column is-layout-flow wp-block-column-is-layout-flow\">\n<figure class=\"wp-block-image size-large\"><img decoding=\"async\" width=\"436\" height=\"196\" src=\"https:\/\/cliniccenter.co.uk\/wp-content\/uploads\/2022\/08\/gastric-before-after-1.jpg\" alt=\"gastric surgery\" class=\"wp-image-39288  skip-lazy\" srcset=\"https:\/\/cliniccenter.co.uk\/wp-content\/uploads\/2022\/08\/gastric-before-after-1.jpg 436w, https:\/\/cliniccenter.co.uk\/wp-content\/uploads\/2022\/08\/gastric-before-after-1-300x135.jpg 300w\" sizes=\"(max-width: 436px) 100vw, 436px\" \/><\/figure>\n<\/div>\n\n\n\n<div class=\"wp-block-column is-layout-flow wp-block-column-is-layout-flow\">\n<figure class=\"wp-block-image size-large\"><img decoding=\"async\" width=\"436\" height=\"196\" src=\"https:\/\/cliniccenter.co.uk\/wp-content\/uploads\/2022\/08\/gastric-before-after-2.jpg\" alt=\"gastric surgery\" class=\"wp-image-39283\" srcset=\"https:\/\/cliniccenter.co.uk\/wp-content\/uploads\/2022\/08\/gastric-before-after-2.jpg 436w, https:\/\/cliniccenter.co.uk\/wp-content\/uploads\/2022\/08\/gastric-before-after-2-300x135.jpg 300w\" sizes=\"(max-width: 436px) 100vw, 436px\" \/><\/figure>\n<\/div>\n\n\n\n<div class=\"wp-block-column is-layout-flow wp-block-column-is-layout-flow\">\n<figure class=\"wp-block-image size-large\"><img decoding=\"async\" width=\"436\" height=\"196\" src=\"https:\/\/cliniccenter.co.uk\/wp-content\/uploads\/2022\/08\/gastric-before-after-3.jpg\" alt=\"gastric surgery\" class=\"wp-image-39278\" srcset=\"https:\/\/cliniccenter.co.uk\/wp-content\/uploads\/2022\/08\/gastric-before-after-3.jpg 436w, https:\/\/cliniccenter.co.uk\/wp-content\/uploads\/2022\/08\/gastric-before-after-3-300x135.jpg 300w\" sizes=\"(max-width: 436px) 100vw, 436px\" \/><\/figure>\n<\/div>\n<\/div>\n\n\n\n<div class=\"wp-block-columns is-layout-flex wp-container-core-columns-is-layout-2 wp-block-columns-is-layout-flex\">\n<div class=\"wp-block-column is-layout-flow wp-block-column-is-layout-flow\">\n<figure class=\"wp-block-image size-large\"><img decoding=\"async\" width=\"436\" height=\"196\" src=\"https:\/\/cliniccenter.co.uk\/wp-content\/uploads\/2022\/08\/gastric-before-after-4.jpg\" alt=\"gastric surgery\" class=\"wp-image-39273\" srcset=\"https:\/\/cliniccenter.co.uk\/wp-content\/uploads\/2022\/08\/gastric-before-after-4.jpg 436w, https:\/\/cliniccenter.co.uk\/wp-content\/uploads\/2022\/08\/gastric-before-after-4-300x135.jpg 300w\" sizes=\"(max-width: 436px) 100vw, 436px\" \/><\/figure>\n<\/div>\n\n\n\n<div class=\"wp-block-column is-layout-flow wp-block-column-is-layout-flow\">\n<figure class=\"wp-block-image size-large\"><img decoding=\"async\" width=\"436\" height=\"196\" src=\"https:\/\/cliniccenter.co.uk\/wp-content\/uploads\/2022\/08\/gastric-before-after-15.jpg\" alt=\"gastric surgery\" class=\"wp-image-39233\" srcset=\"https:\/\/cliniccenter.co.uk\/wp-content\/uploads\/2022\/08\/gastric-before-after-15.jpg 436w, https:\/\/cliniccenter.co.uk\/wp-content\/uploads\/2022\/08\/gastric-before-after-15-300x135.jpg 300w\" sizes=\"(max-width: 436px) 100vw, 436px\" \/><\/figure>\n<\/div>\n\n\n\n<div class=\"wp-block-column is-layout-flow wp-block-column-is-layout-flow\">\n<figure class=\"wp-block-image size-large\"><img decoding=\"async\" width=\"436\" height=\"196\" src=\"https:\/\/cliniccenter.co.uk\/wp-content\/uploads\/2022\/08\/gastric-before-after-5.jpg\" alt=\"gastric surgery\" class=\"wp-image-39263\" srcset=\"https:\/\/cliniccenter.co.uk\/wp-content\/uploads\/2022\/08\/gastric-before-after-5.jpg 436w, https:\/\/cliniccenter.co.uk\/wp-content\/uploads\/2022\/08\/gastric-before-after-5-300x135.jpg 300w\" sizes=\"(max-width: 436px) 100vw, 436px\" \/><\/figure>\n<\/div>\n<\/div>\n\n\n\n<div class=\"wp-block-columns is-layout-flex wp-container-core-columns-is-layout-3 wp-block-columns-is-layout-flex\">\n<div class=\"wp-block-column is-layout-flow wp-block-column-is-layout-flow\">\n<figure class=\"wp-block-image size-large\"><img decoding=\"async\" width=\"436\" height=\"196\" src=\"https:\/\/cliniccenter.co.uk\/wp-content\/uploads\/2022\/08\/gastric-before-after-9.jpg\" alt=\"gastric surgery\" class=\"wp-image-39258\" srcset=\"https:\/\/cliniccenter.co.uk\/wp-content\/uploads\/2022\/08\/gastric-before-after-9.jpg 436w, https:\/\/cliniccenter.co.uk\/wp-content\/uploads\/2022\/08\/gastric-before-after-9-300x135.jpg 300w\" sizes=\"(max-width: 436px) 100vw, 436px\" \/><\/figure>\n<\/div>\n\n\n\n<div class=\"wp-block-column is-layout-flow wp-block-column-is-layout-flow\">\n<figure class=\"wp-block-image size-large\"><img decoding=\"async\" width=\"436\" height=\"196\" src=\"https:\/\/cliniccenter.co.uk\/wp-content\/uploads\/2022\/08\/gastric-before-after-13.jpg\" alt=\"gastric surgery\" class=\"wp-image-39223\" srcset=\"https:\/\/cliniccenter.co.uk\/wp-content\/uploads\/2022\/08\/gastric-before-after-13.jpg 436w, https:\/\/cliniccenter.co.uk\/wp-content\/uploads\/2022\/08\/gastric-before-after-13-300x135.jpg 300w\" sizes=\"(max-width: 436px) 100vw, 436px\" \/><\/figure>\n<\/div>\n\n\n\n<div class=\"wp-block-column is-layout-flow wp-block-column-is-layout-flow\">\n<figure class=\"wp-block-image size-large\"><img decoding=\"async\" width=\"436\" height=\"196\" src=\"https:\/\/cliniccenter.co.uk\/wp-content\/uploads\/2022\/08\/gastric-before-after-17.jpg\" alt=\"gastric surgery\" class=\"wp-image-39218\" srcset=\"https:\/\/cliniccenter.co.uk\/wp-content\/uploads\/2022\/08\/gastric-before-after-17.jpg 436w, https:\/\/cliniccenter.co.uk\/wp-content\/uploads\/2022\/08\/gastric-before-after-17-300x135.jpg 300w\" sizes=\"(max-width: 436px) 100vw, 436px\" \/><\/figure>\n<\/div>\n<\/div>\n\n\n\n<div class=\"wp-block-columns is-layout-flex wp-container-core-columns-is-layout-4 wp-block-columns-is-layout-flex\">\n<div class=\"wp-block-column is-layout-flow wp-block-column-is-layout-flow\">\n<figure class=\"wp-block-image size-large\"><img decoding=\"async\" width=\"436\" height=\"196\" src=\"https:\/\/cliniccenter.co.uk\/wp-content\/uploads\/2022\/08\/gastric-before-after-16.jpg\" alt=\"gastric surgery\" class=\"wp-image-39243\" srcset=\"https:\/\/cliniccenter.co.uk\/wp-content\/uploads\/2022\/08\/gastric-before-after-16.jpg 436w, https:\/\/cliniccenter.co.uk\/wp-content\/uploads\/2022\/08\/gastric-before-after-16-300x135.jpg 300w\" sizes=\"(max-width: 436px) 100vw, 436px\" \/><\/figure>\n<\/div>\n\n\n\n<div class=\"wp-block-column is-layout-flow wp-block-column-is-layout-flow\">\n<figure class=\"wp-block-image size-large\"><img decoding=\"async\" width=\"436\" height=\"196\" src=\"https:\/\/cliniccenter.co.uk\/wp-content\/uploads\/2022\/08\/gastric-before-after-12.jpg\" alt=\"gastric surgery\" class=\"wp-image-39238\" srcset=\"https:\/\/cliniccenter.co.uk\/wp-content\/uploads\/2022\/08\/gastric-before-after-12.jpg 436w, https:\/\/cliniccenter.co.uk\/wp-content\/uploads\/2022\/08\/gastric-before-after-12-300x135.jpg 300w\" sizes=\"(max-width: 436px) 100vw, 436px\" \/><\/figure>\n<\/div>\n\n\n\n<div class=\"wp-block-column is-layout-flow wp-block-column-is-layout-flow\">\n<figure class=\"wp-block-image size-large\"><img decoding=\"async\" width=\"436\" height=\"196\" src=\"https:\/\/cliniccenter.co.uk\/wp-content\/uploads\/2022\/08\/gastric-before-after-6.jpg\" alt=\"gastric surgery\" class=\"wp-image-39268\" srcset=\"https:\/\/cliniccenter.co.uk\/wp-content\/uploads\/2022\/08\/gastric-before-after-6.jpg 436w, https:\/\/cliniccenter.co.uk\/wp-content\/uploads\/2022\/08\/gastric-before-after-6-300x135.jpg 300w\" sizes=\"(max-width: 436px) 100vw, 436px\" \/><\/figure>\n<\/div>\n<\/div>\n\n\n\n<div class=\"wp-block-columns is-layout-flex wp-container-core-columns-is-layout-5 wp-block-columns-is-layout-flex\">\n<div class=\"wp-block-column is-layout-flow wp-block-column-is-layout-flow\">\n<figure class=\"wp-block-image size-large\"><img decoding=\"async\" width=\"436\" height=\"196\" src=\"https:\/\/cliniccenter.co.uk\/wp-content\/uploads\/2022\/08\/gastric-before-after-10.jpg\" alt=\"gastric surgery\" class=\"wp-image-39253\" srcset=\"https:\/\/cliniccenter.co.uk\/wp-content\/uploads\/2022\/08\/gastric-before-after-10.jpg 436w, https:\/\/cliniccenter.co.uk\/wp-content\/uploads\/2022\/08\/gastric-before-after-10-300x135.jpg 300w\" sizes=\"(max-width: 436px) 100vw, 436px\" \/><\/figure>\n<\/div>\n\n\n\n<div class=\"wp-block-column is-layout-flow wp-block-column-is-layout-flow\">\n<figure class=\"wp-block-image size-large\"><img decoding=\"async\" width=\"436\" height=\"196\" src=\"https:\/\/cliniccenter.co.uk\/wp-content\/uploads\/2022\/08\/gastric-before-after-11.jpg\" alt=\"gastric surgery\" class=\"wp-image-39248\" srcset=\"https:\/\/cliniccenter.co.uk\/wp-content\/uploads\/2022\/08\/gastric-before-after-11.jpg 436w, https:\/\/cliniccenter.co.uk\/wp-content\/uploads\/2022\/08\/gastric-before-after-11-300x135.jpg 300w\" sizes=\"(max-width: 436px) 100vw, 436px\" \/><\/figure>\n<\/div>\n\n\n\n<div class=\"wp-block-column is-layout-flow wp-block-column-is-layout-flow\">\n<figure class=\"wp-block-image size-large\"><img decoding=\"async\" width=\"436\" height=\"196\" src=\"https:\/\/cliniccenter.co.uk\/wp-content\/uploads\/2022\/08\/gastric-before-after-18.jpg\" alt=\"gastric surgery\" class=\"wp-image-39213\" srcset=\"https:\/\/cliniccenter.co.uk\/wp-content\/uploads\/2022\/08\/gastric-before-after-18.jpg 436w, https:\/\/cliniccenter.co.uk\/wp-content\/uploads\/2022\/08\/gastric-before-after-18-300x135.jpg 300w\" sizes=\"(max-width: 436px) 100vw, 436px\" \/><\/figure>\n<\/div>\n<\/div>\n\n\n\n<p>Abnehmen kann wirklich hart und anstrengend sein, besonders wenn das Gewicht hartn\u00e4ckig ist und nicht abnimmt, egal was Sie tun. Wenn dies bei Ihrem Gewicht der Fall ist, sind Magenoperationen die perfekte L\u00f6sung f\u00fcr Sie.<\/p>\n\n\n\n<p>Es gibt verschiedene Magenoperationen, die Clinic Center anbietet; Magenbypass, Schlauchmagen und intragastrische Ballonchirurgie. Diese Operationen unterscheiden sich geringf\u00fcgig, zielen jedoch alle darauf ab, Ihnen das Abnehmen zu erleichtern.<\/p>\n\n\n\n<p>Nach der Operation verliert der Patient sehr schnell an Gewicht. Zwischen 12 und 18 Monaten nach der Operation soll der Patient etwa 80 % des \u00dcbergewichts verloren haben.<\/p>\n\n\n\n<p>Hier sehen Sie einige unserer Patienten, die eine erfolgreiche Magenoperation unterzogen haben. Die Ver\u00e4nderung, die eine Magenoperation bewirkt, ist f\u00fcr den Patienten lebensver\u00e4ndernd.<\/p>\n\n\n\n<p>Wenn Sie weitere Informationen zu unseren Magenverfahren erhalten m\u00f6chten, besuchen Sie unsere Websites zu <a href=\"https:\/\/cliniccenter.co.uk\/de\/magen-bypass-in-der-tuerkei\/\">Magenbypass<\/a>-, <a href=\"https:\/\/cliniccenter.co.uk\/de\/magenschlauch-in-der-turkei\/\">Schlauchmagen<\/a>&#8211; und <a href=\"https:\/\/cliniccenter.co.uk\/de\/magenballonoperation-in-der-turkei\/\">intragastrischen Ballonverfahren<\/a>. Vereinbaren Sie einen Termin mit unserem Berater, um mehr zu erfahren.<\/p>\n","protected":false},"excerpt":{"rendered":"<p>Sie k\u00f6nnen Ihr \u00dcbergewicht loswerden, indem Sie sich unseren sicheren und erschwinglichen Magenoperationen in der T\u00fcrkei von Clinic Center unterziehen. Hier k\u00f6nnen Sie sich die Vorher-Nachher-Bilder unserer Patienten ansehen, die eine sehr zufriedenstellende Operation hatten. Abnehmen kann wirklich hart und anstrengend sein, besonders wenn das Gewicht hartn\u00e4ckig ist und nicht abnimmt, egal was Sie tun. [&hellip;]<\/p>\n","protected":false},"author":14,"featured_media":0,"parent":0,"menu_order":0,"comment_status":"closed","ping_status":"closed","template":"","meta":{"_uag_custom_page_level_css":"","_lmt_disableupdate":"no","_lmt_disable":"","site-sidebar-layout":"default","site-content-layout":"default","ast-site-content-layout":"default","site-content-style":"default","site-sidebar-style":"default","ast-global-header-display":"","ast-banner-title-visibility":"","ast-main-header-display":"","ast-hfb-above-header-display":"","ast-hfb-below-header-display":"","ast-hfb-mobile-header-display":"","site-post-title":"","ast-breadcrumbs-content":"","ast-featured-img":"","footer-sml-layout":"","theme-transparent-header-meta":"default","adv-header-id-meta":"","stick-header-meta":"","header-above-stick-meta":"","header-main-stick-meta":"","header-below-stick-meta":"","astra-migrate-meta-layouts":"set","ast-page-background-enabled":"default","ast-page-background-meta":{"desktop":{"background-color":"","background-image":"","background-repeat":"repeat","background-position":"center center","background-size":"auto","background-attachment":"scroll","background-type":"","background-media":"","overlay-type":"","overlay-color":"","overlay-opacity":"","overlay-gradient":""},"tablet":{"background-color":"","background-image":"","background-repeat":"repeat","background-position":"center center","background-size":"auto","background-attachment":"scroll","background-type":"","background-media":"","overlay-type":"","overlay-color":"","overlay-opacity":"","overlay-gradient":""},"mobile":{"background-color":"","background-image":"","background-repeat":"repeat","background-position":"center center","background-size":"auto","background-attachment":"scroll","background-type":"","background-media":"","overlay-type":"","overlay-color":"","overlay-opacity":"","overlay-gradient":""}},"ast-content-background-meta":{"desktop":{"background-color":"var(--ast-global-color-5)","background-image":"","background-repeat":"repeat","background-position":"center center","background-size":"auto","background-attachment":"scroll","background-type":"","background-media":"","overlay-type":"","overlay-color":"","overlay-opacity":"","overlay-gradient":""},"tablet":{"background-color":"var(--ast-global-color-5)","background-image":"","background-repeat":"repeat","background-position":"center center","background-size":"auto","background-attachment":"scroll","background-type":"","background-media":"","overlay-type":"","overlay-color":"","overlay-opacity":"","overlay-gradient":""},"mobile":{"background-color":"var(--ast-global-color-5)","background-image":"","background-repeat":"repeat","background-position":"center center","background-size":"auto","background-attachment":"scroll","background-type":"","background-media":"","overlay-type":"","overlay-color":"","overlay-opacity":"","overlay-gradient":""}},"footnotes":""},"class_list":["post-38253","page","type-page","status-publish","hentry"],"yoast_head":"<!-- This site is optimized with the Yoast SEO plugin v25.3.1 - https:\/\/yoast.com\/wordpress\/plugins\/seo\/ -->\n<title>Magenoperationen Vorher-Nachher Galerie<\/title>\n<meta name=\"description\" content=\"Schauen Sie sich unsere Vorher-Nachher Galerie an, um die drastische Veraenderungen unserer Patienten zu sehen!\" \/>\n<meta name=\"robots\" content=\"index, follow, max-snippet:-1, max-image-preview:large, max-video-preview:-1\" \/>\n<link rel=\"canonical\" href=\"https:\/\/cliniccenter.co.uk\/de\/magenoperationen-vorher-nachher-galerie\/\" \/>\n<meta property=\"og:locale\" content=\"de_DE\" \/>\n<meta property=\"og:type\" content=\"article\" \/>\n<meta property=\"og:title\" content=\"Magenoperationen Vorher-Nachher Galerie\" \/>\n<meta property=\"og:description\" content=\"Schauen Sie sich unsere Vorher-Nachher Galerie an, um die drastische Veraenderungen unserer Patienten zu sehen!\" \/>\n<meta property=\"og:url\" content=\"https:\/\/cliniccenter.co.uk\/de\/magenoperationen-vorher-nachher-galerie\/\" \/>\n<meta property=\"article:publisher\" content=\"https:\/\/www.facebook.com\/cliniccenter.co.uk\/\" \/>\n<meta property=\"article:modified_time\" content=\"2023-12-13T13:20:13+00:00\" \/>\n<meta property=\"og:image\" content=\"https:\/\/cliniccenter.co.uk\/wp-content\/uploads\/2022\/08\/gastric-before-after-1.jpg\" \/>\n<meta name=\"twitter:card\" content=\"summary_large_image\" \/>\n<meta name=\"twitter:site\" content=\"@cliniccenteruk\" \/>\n<meta name=\"twitter:label1\" content=\"Gesch\u00e4tzte Lesezeit\" \/>\n\t<meta name=\"twitter:data1\" content=\"4\u00a0Minuten\" \/>\n<!-- \/ Yoast SEO plugin. -->","yoast_head_json":{"title":"Magenoperationen Vorher-Nachher Galerie","description":"Schauen Sie sich unsere Vorher-Nachher Galerie an, um die drastische Veraenderungen unserer Patienten zu sehen!","robots":{"index":"index","follow":"follow","max-snippet":"max-snippet:-1","max-image-preview":"max-image-preview:large","max-video-preview":"max-video-preview:-1"},"canonical":"https:\/\/cliniccenter.co.uk\/de\/magenoperationen-vorher-nachher-galerie\/","og_locale":"de_DE","og_type":"article","og_title":"Magenoperationen Vorher-Nachher Galerie","og_description":"Schauen Sie sich unsere Vorher-Nachher Galerie an, um die drastische Veraenderungen unserer Patienten zu sehen!","og_url":"https:\/\/cliniccenter.co.uk\/de\/magenoperationen-vorher-nachher-galerie\/","article_publisher":"https:\/\/www.facebook.com\/cliniccenter.co.uk\/","article_modified_time":"2023-12-13T13:20:13+00:00","og_image":[{"url":"https:\/\/cliniccenter.co.uk\/wp-content\/uploads\/2022\/08\/gastric-before-after-1.jpg","type":"","width":"","height":""}],"twitter_card":"summary_large_image","twitter_site":"@cliniccenteruk","twitter_misc":{"Gesch\u00e4tzte Lesezeit":"4\u00a0Minuten"},"schema":{"@context":"https:\/\/schema.org","@graph":[{"@type":"WebPage","@id":"https:\/\/cliniccenter.co.uk\/de\/magenoperationen-vorher-nachher-galerie\/","url":"https:\/\/cliniccenter.co.uk\/de\/magenoperationen-vorher-nachher-galerie\/","name":"Magenoperationen Vorher-Nachher Galerie","isPartOf":{"@id":"https:\/\/cliniccenter.co.uk\/ro\/#website"},"primaryImageOfPage":{"@id":"https:\/\/cliniccenter.co.uk\/de\/magenoperationen-vorher-nachher-galerie\/#primaryimage"},"image":{"@id":"https:\/\/cliniccenter.co.uk\/de\/magenoperationen-vorher-nachher-galerie\/#primaryimage"},"thumbnailUrl":"https:\/\/cliniccenter.co.uk\/wp-content\/uploads\/2022\/08\/gastric-before-after-1.jpg","datePublished":"2022-05-25T07:27:01+00:00","dateModified":"2023-12-13T13:20:13+00:00","description":"Schauen Sie sich unsere Vorher-Nachher Galerie an, um die drastische Veraenderungen unserer Patienten zu sehen!","breadcrumb":{"@id":"https:\/\/cliniccenter.co.uk\/de\/magenoperationen-vorher-nachher-galerie\/#breadcrumb"},"inLanguage":"de","potentialAction":[{"@type":"ReadAction","target":["https:\/\/cliniccenter.co.uk\/de\/magenoperationen-vorher-nachher-galerie\/"]}]},{"@type":"ImageObject","inLanguage":"de","@id":"https:\/\/cliniccenter.co.uk\/de\/magenoperationen-vorher-nachher-galerie\/#primaryimage","url":"https:\/\/cliniccenter.co.uk\/wp-content\/uploads\/2022\/08\/gastric-before-after-1.jpg","contentUrl":"https:\/\/cliniccenter.co.uk\/wp-content\/uploads\/2022\/08\/gastric-before-after-1.jpg"},{"@type":"BreadcrumbList","@id":"https:\/\/cliniccenter.co.uk\/de\/magenoperationen-vorher-nachher-galerie\/#breadcrumb","itemListElement":[{"@type":"ListItem","position":1,"name":"Home","item":"https:\/\/cliniccenter.co.uk\/de\/"},{"@type":"ListItem","position":2,"name":"Magenoperationen Vorher-Nachher Galerie"}]},{"@type":"WebSite","@id":"https:\/\/cliniccenter.co.uk\/ro\/#website","url":"https:\/\/cliniccenter.co.uk\/ro\/","name":"","description":"","potentialAction":[{"@type":"SearchAction","target":{"@type":"EntryPoint","urlTemplate":"https:\/\/cliniccenter.co.uk\/ro\/?s={search_term_string}"},"query-input":{"@type":"PropertyValueSpecification","valueRequired":true,"valueName":"search_term_string"}}],"inLanguage":"de"}]}},"uagb_featured_image_src":{"full":false,"thumbnail":false,"medium":false,"medium_large":false,"large":false,"1536x1536":false,"2048x2048":false},"uagb_author_info":{"display_name":"Derya Ayd\u0131n","author_link":"https:\/\/cliniccenter.co.uk\/de\/blog\/author\/deryacliniccenter-co-uk\/"},"uagb_comment_info":0,"uagb_excerpt":"Sie k\u00f6nnen Ihr \u00dcbergewicht loswerden, indem Sie sich unseren sicheren und erschwinglichen Magenoperationen in der T\u00fcrkei von Clinic Center unterziehen. Hier k\u00f6nnen Sie sich die Vorher-Nachher-Bilder unserer Patienten ansehen, die eine sehr zufriedenstellende Operation hatten. Abnehmen kann wirklich hart und anstrengend sein, besonders wenn das Gewicht hartn\u00e4ckig ist und nicht abnimmt, egal was Sie tun.&hellip;","_links":{"self":[{"href":"https:\/\/cliniccenter.co.uk\/de\/wp-json\/wp\/v2\/pages\/38253"}],"collection":[{"href":"https:\/\/cliniccenter.co.uk\/de\/wp-json\/wp\/v2\/pages"}],"about":[{"href":"https:\/\/cliniccenter.co.uk\/de\/wp-json\/wp\/v2\/types\/page"}],"author":[{"embeddable":true,"href":"https:\/\/cliniccenter.co.uk\/de\/wp-json\/wp\/v2\/users\/14"}],"replies":[{"embeddable":true,"href":"https:\/\/cliniccenter.co.uk\/de\/wp-json\/wp\/v2\/comments?post=38253"}],"version-history":[{"count":5,"href":"https:\/\/cliniccenter.co.uk\/de\/wp-json\/wp\/v2\/pages\/38253\/revisions"}],"predecessor-version":[{"id":49658,"href":"https:\/\/cliniccenter.co.uk\/de\/wp-json\/wp\/v2\/pages\/38253\/revisions\/49658"}],"wp:attachment":[{"href":"https:\/\/cliniccenter.co.uk\/de\/wp-json\/wp\/v2\/media?parent=38253"}],"curies":[{"name":"wp","href":"https:\/\/api.w.org\/{rel}","templated":true}]}}