{"id":40652,"date":"2022-11-11T10:33:53","date_gmt":"2022-11-11T10:33:53","guid":{"rendered":"https:\/\/cliniccenter.co.uk\/?page_id=40652"},"modified":"2024-11-18T13:33:49","modified_gmt":"2024-11-18T13:33:49","slug":"prof-dr-tamer","status":"publish","type":"page","link":"https:\/\/cliniccenter.co.uk\/de\/prof-dr-tamer-koldas\/","title":{"rendered":"Prof. Dr. Tamer | Kosmetische Chirurgie Doctor | Clinic Center"},"content":{"rendered":"\n<div class=\"wp-block-columns is-layout-flex wp-container-core-columns-is-layout-3 wp-block-columns-is-layout-flex\">\n<div class=\"wp-block-column is-layout-flow wp-block-column-is-layout-flow\" style=\"flex-basis:33.33%\">\n<figure class=\"wp-block-image size-large skip-lazy\"><img decoding=\"async\" src=\"https:\/\/cliniccenter.co.uk\/wp-content\/uploads\/2023\/11\/tamer-koldas-dik-517x1024-1.webp\" alt=\"prof-dr-tamer-koldas-dik\" class=\"wp-image-40656\"\/><\/figure>\n<\/div>\n\n\n\n<div class=\"wp-block-column is-layout-flow wp-block-column-is-layout-flow\" style=\"flex-basis:66.66%\">\n<div class=\"wp-block-columns is-layout-flex wp-container-core-columns-is-layout-1 wp-block-columns-is-layout-flex\">\n<div class=\"wp-block-column leftpadbox is-layout-flow wp-block-column-is-layout-flow\">\n<p>Prof. Dr. Tamer Koldas ist einer der talentiertesten und erfahrensten plastischen Chirurgen in der T\u00fcrkei. Er wurde 1960 in Izmir geboren. Er absolvierte 1977 das Atat\u00fcrk-Gymnasium in \u0130zmir. 1983 erhielt er den Titel eines Doktors der Medizinischen Fakult\u00e4t der Ege-Universit\u00e4t, indem er ein Stipendium des T\u00dcB\u0130TAK (Wissenschaftlicher und Technischer Forschungsrat der T\u00fcrkei) erhielt. Er absolvierte seinen Pflichtdienst in Sinop und seinen Wehrdienst in Istanbul.<\/p>\n\n\n\n<p>Prof. Dr. Tamer Koldas begann seine Facharztausbildung 1987 an der Medizinischen Fakult\u00e4t der Universit\u00e4t Istanbul, Abteilung f\u00fcr Plastische, Rekonstruktive und \u00c4sthetische Chirurgie, und setzte sein Studium nach Abschluss seiner Facharztausbildung 1991 an derselben Klinik fort. 1998 wurde er au\u00dferordentlicher Professor und Professor im Jahr 2006. Er war Fellow am Mount Vernon Hospital, Abteilung f\u00fcr plastische Chirurgie in London, England, und an der Southwestern University Medical School Dallas, Kliniken f\u00fcr plastische Chirurgie und maxillofaziale Chirurgie in den USA, Texas. Er ist immer noch Akademischer Mitarbeiter an der Universit\u00e4t Istanbul, Medizinische Fakult\u00e4t Istanbul, Abteilung f\u00fcr \u00c4sthetische, Plastische und Rekonstruktive Chirurgie.<\/p>\n<\/div>\n<\/div>\n\n\n\n<div class=\"wp-block-columns is-layout-flex wp-container-core-columns-is-layout-2 wp-block-columns-is-layout-flex\">\n<div class=\"wp-block-column leftpadbox is-layout-flow wp-block-column-is-layout-flow\">\n<p><p style=\"text-align: justify;\"><i class=\"fa fa-briefcase\" aria-hidden=\"true\"><\/i><strong>\u00a0Erfahrung<\/strong>: 30 Jahre<br><i class=\"fa fa-globe\" aria-hidden=\"true\"><\/i><strong>\u00a0International behandelte Patienten<\/strong>: Vereinigtes K\u00f6nigreich, Irland, Australien, Vereinigte Staaten von Amerika, Vereinigte Arabische Emirate, Saudi-Arabien, Kuwait<br><strong> Fachgebiete :<\/strong> <a href=\"https:\/\/cliniccenter.co.uk\/de\/brustvergroberung-in-der-turkei\/\">Brustvergr\u00f6Berung (Brustimplantate, Brustvergr\u00f6Berung)<\/a>, <a href=\"https:\/\/cliniccenter.co.uk\/de\/bruststraffung-in-der-turkei\/\">Bruststraffung<\/a>, <a href=\"https:\/\/cliniccenter.co.uk\/de\/brustverkleinerung-in-der-turkei\/\">Brustverkleinerung<\/a>, <a href=\"https:\/\/cliniccenter.co.uk\/de\/nasenoperation-in-der-turkei\/\">Rinooplasti (Nasenkorrektur )<\/a>, Septorinoplasti, <a href=\"https:\/\/cliniccenter.co.uk\/de\/fettabsaugung-in-der-turkei\/\">Fettabsaugung (Fettentfernung)<\/a>, Vaser &amp; Hi-Def Vaser Fettabsaugung, <a href=\"https:\/\/cliniccenter.co.uk\/de\/bauchstraffung-in-der-turkei\/\">Bauchdeckenstraffung<\/a>, <a href=\"https:\/\/cliniccenter.co.uk\/de\/po-vergroberung-mit-eigenfett-in-der-turkei\/\">Povergr\u00f6Berung (BBL)<\/a>, <a href=\"https:\/\/cliniccenter.co.uk\/de\/gesichtsstraffung-in-der-turkei\/\">Gesichtsliftung(Rhytidectomy)<\/a>, <a href=\"https:\/\/cliniccenter.co.uk\/de\/augenlid-op-in-der-turkei\/\">Augenlidstraffung (Blepharoplasty)<\/a>, <a href=\"https:\/\/cliniccenter.co.uk\/de\/gynakomastie-mannerbrustbehandlung-in-der-turkei\/\">Gynekomasti (M\u00e4nnliche Brustverkleinerung)<\/a>, Mommy Makeover, Oberschenkelstraffung(Thighplasty), Nackenliftung(Platysmaplasty), Armstraffung (Brachioplasty), Augenbrauenstraffung, Kosmetische Ohrenop (Otoplasty), <a href=\"https:\/\/cliniccenter.co.uk\/de\/cosmetische-chirurgie\/\">Kosmetische Chirurgie<\/a>.<br><i class=\"fa fa-globe\" aria-hidden=\"true\"><\/i><strong> Mitgliedschaften<\/strong>: Internationale Gesellschaft f\u00fcr \u00c4sthetische Plastische Chirurgie, T\u00fcrkischer Verband f\u00fcr Plastische Rekonstruktive und \u00c4sthetische Chirurgie, T\u00fcrkischer Verband f\u00fcr Handchirurgie, Verein f\u00fcr Rekonstruktive Mikrochirurgie<br><i class=\"fa fa-map-marker\" aria-hidden=\"true\"><\/i><strong>\u00a0Stadt<\/strong>:\u00a0Istanbul, T\u00fcrkei<br><i class=\"fa fa-calendar\" aria-hidden=\"true\"><\/i><strong>\u00a0Arbeitstage<\/strong>: Wochentage und Samstags<br><i class=\"fa fa-globe\" aria-hidden=\"true\"><\/i><strong>\u00a0Sprachen<\/strong>: Englisch<br><i class=\"fa fa-phone\" aria-hidden=\"true\"><\/i><strong>\u00a0Kontakt<\/strong>:\u00a0+44 20 3575 1039 &amp; info@cliniccenter.co.uk<\/p><\/p>\n<\/div>\n<\/div>\n<\/div>\n<\/div>\n","protected":false},"excerpt":{"rendered":"<p>Prof. Dr. Tamer Koldas ist einer der talentiertesten und erfahrensten plastischen Chirurgen in der T\u00fcrkei. Er wurde 1960 in Izmir geboren. Er absolvierte 1977 das Atat\u00fcrk-Gymnasium in \u0130zmir. 1983 erhielt er den Titel eines Doktors der Medizinischen Fakult\u00e4t der Ege-Universit\u00e4t, indem er ein Stipendium des T\u00dcB\u0130TAK (Wissenschaftlicher und Technischer Forschungsrat der T\u00fcrkei) erhielt. Er absolvierte [&hellip;]<\/p>\n","protected":false},"author":15,"featured_media":0,"parent":18856,"menu_order":0,"comment_status":"closed","ping_status":"closed","template":"","meta":{"_uag_custom_page_level_css":"","_lmt_disableupdate":"no","_lmt_disable":"","site-sidebar-layout":"default","site-content-layout":"default","ast-site-content-layout":"default","site-content-style":"default","site-sidebar-style":"default","ast-global-header-display":"","ast-banner-title-visibility":"","ast-main-header-display":"","ast-hfb-above-header-display":"","ast-hfb-below-header-display":"","ast-hfb-mobile-header-display":"","site-post-title":"","ast-breadcrumbs-content":"","ast-featured-img":"","footer-sml-layout":"","theme-transparent-header-meta":"default","adv-header-id-meta":"","stick-header-meta":"","header-above-stick-meta":"","header-main-stick-meta":"","header-below-stick-meta":"","astra-migrate-meta-layouts":"set","ast-page-background-enabled":"default","ast-page-background-meta":{"desktop":{"background-color":"","background-image":"","background-repeat":"repeat","background-position":"center center","background-size":"auto","background-attachment":"scroll","background-type":"","background-media":"","overlay-type":"","overlay-color":"","overlay-opacity":"","overlay-gradient":""},"tablet":{"background-color":"","background-image":"","background-repeat":"repeat","background-position":"center center","background-size":"auto","background-attachment":"scroll","background-type":"","background-media":"","overlay-type":"","overlay-color":"","overlay-opacity":"","overlay-gradient":""},"mobile":{"background-color":"","background-image":"","background-repeat":"repeat","background-position":"center center","background-size":"auto","background-attachment":"scroll","background-type":"","background-media":"","overlay-type":"","overlay-color":"","overlay-opacity":"","overlay-gradient":""}},"ast-content-background-meta":{"desktop":{"background-color":"var(--ast-global-color-5)","background-image":"","background-repeat":"repeat","background-position":"center center","background-size":"auto","background-attachment":"scroll","background-type":"","background-media":"","overlay-type":"","overlay-color":"","overlay-opacity":"","overlay-gradient":""},"tablet":{"background-color":"var(--ast-global-color-5)","background-image":"","background-repeat":"repeat","background-position":"center center","background-size":"auto","background-attachment":"scroll","background-type":"","background-media":"","overlay-type":"","overlay-color":"","overlay-opacity":"","overlay-gradient":""},"mobile":{"background-color":"var(--ast-global-color-5)","background-image":"","background-repeat":"repeat","background-position":"center center","background-size":"auto","background-attachment":"scroll","background-type":"","background-media":"","overlay-type":"","overlay-color":"","overlay-opacity":"","overlay-gradient":""}},"footnotes":""},"class_list":["post-40652","page","type-page","status-publish","hentry"],"yoast_head":"<!-- This site is optimized with the Yoast SEO plugin v25.3.1 - https:\/\/yoast.com\/wordpress\/plugins\/seo\/ -->\n<title>Prof. Dr. Tamer Koldas | Kosmetische Chirurgie Doctor | Clinic Center<\/title>\n<meta name=\"description\" content=\"Lesen Sie mehr \u00fcber den Partnerexperten Prof. Dr. Tamer Koldas vom Clinic Center mit 30 Jahren Erfahrung in der plastischen Chirurgie.\" \/>\n<meta name=\"robots\" content=\"index, follow, max-snippet:-1, max-image-preview:large, max-video-preview:-1\" \/>\n<link rel=\"canonical\" href=\"https:\/\/cliniccenter.co.uk\/de\/prof-dr-tamer-koldas\/\" \/>\n<meta property=\"og:locale\" content=\"de_DE\" \/>\n<meta property=\"og:type\" content=\"article\" \/>\n<meta property=\"og:title\" content=\"Prof. Dr. Tamer Koldas | Kosmetische Chirurgie Doctor | Clinic Center\" \/>\n<meta property=\"og:description\" content=\"Lesen Sie mehr \u00fcber den Partnerexperten Prof. Dr. Tamer Koldas vom Clinic Center mit 30 Jahren Erfahrung in der plastischen Chirurgie.\" \/>\n<meta property=\"og:url\" content=\"https:\/\/cliniccenter.co.uk\/de\/prof-dr-tamer-koldas\/\" \/>\n<meta property=\"article:publisher\" content=\"https:\/\/www.facebook.com\/cliniccenter.co.uk\/\" \/>\n<meta property=\"article:modified_time\" content=\"2024-11-18T13:33:49+00:00\" \/>\n<meta property=\"og:image\" content=\"https:\/\/cliniccenter.co.uk\/wp-content\/uploads\/2023\/11\/tamer-koldas-dik-517x1024-1.webp\" \/>\n<meta name=\"twitter:card\" content=\"summary_large_image\" \/>\n<meta name=\"twitter:site\" content=\"@cliniccenteruk\" \/>\n<meta name=\"twitter:label1\" content=\"Gesch\u00e4tzte Lesezeit\" \/>\n\t<meta name=\"twitter:data1\" content=\"2\u00a0Minuten\" \/>\n<!-- \/ Yoast SEO plugin. -->","yoast_head_json":{"title":"Prof. Dr. Tamer Koldas | Kosmetische Chirurgie Doctor | Clinic Center","description":"Lesen Sie mehr \u00fcber den Partnerexperten Prof. Dr. Tamer Koldas vom Clinic Center mit 30 Jahren Erfahrung in der plastischen Chirurgie.","robots":{"index":"index","follow":"follow","max-snippet":"max-snippet:-1","max-image-preview":"max-image-preview:large","max-video-preview":"max-video-preview:-1"},"canonical":"https:\/\/cliniccenter.co.uk\/de\/prof-dr-tamer-koldas\/","og_locale":"de_DE","og_type":"article","og_title":"Prof. Dr. Tamer Koldas | Kosmetische Chirurgie Doctor | Clinic Center","og_description":"Lesen Sie mehr \u00fcber den Partnerexperten Prof. Dr. Tamer Koldas vom Clinic Center mit 30 Jahren Erfahrung in der plastischen Chirurgie.","og_url":"https:\/\/cliniccenter.co.uk\/de\/prof-dr-tamer-koldas\/","article_publisher":"https:\/\/www.facebook.com\/cliniccenter.co.uk\/","article_modified_time":"2024-11-18T13:33:49+00:00","og_image":[{"url":"https:\/\/cliniccenter.co.uk\/wp-content\/uploads\/2023\/11\/tamer-koldas-dik-517x1024-1.webp","type":"","width":"","height":""}],"twitter_card":"summary_large_image","twitter_site":"@cliniccenteruk","twitter_misc":{"Gesch\u00e4tzte Lesezeit":"2\u00a0Minuten"},"schema":{"@context":"https:\/\/schema.org","@graph":[{"@type":"WebPage","@id":"https:\/\/cliniccenter.co.uk\/de\/prof-dr-tamer-koldas\/","url":"https:\/\/cliniccenter.co.uk\/de\/prof-dr-tamer-koldas\/","name":"Prof. Dr. Tamer Koldas | Kosmetische Chirurgie Doctor | Clinic Center","isPartOf":{"@id":"https:\/\/cliniccenter.co.uk\/ro\/#website"},"primaryImageOfPage":{"@id":"https:\/\/cliniccenter.co.uk\/de\/prof-dr-tamer-koldas\/#primaryimage"},"image":{"@id":"https:\/\/cliniccenter.co.uk\/de\/prof-dr-tamer-koldas\/#primaryimage"},"thumbnailUrl":"https:\/\/cliniccenter.co.uk\/wp-content\/uploads\/2023\/11\/tamer-koldas-dik-517x1024-1.webp","datePublished":"2022-11-11T10:33:53+00:00","dateModified":"2024-11-18T13:33:49+00:00","description":"Lesen Sie mehr \u00fcber den Partnerexperten Prof. Dr. Tamer Koldas vom Clinic Center mit 30 Jahren Erfahrung in der plastischen Chirurgie.","breadcrumb":{"@id":"https:\/\/cliniccenter.co.uk\/de\/prof-dr-tamer-koldas\/#breadcrumb"},"inLanguage":"de","potentialAction":[{"@type":"ReadAction","target":["https:\/\/cliniccenter.co.uk\/de\/prof-dr-tamer-koldas\/"]}]},{"@type":"ImageObject","inLanguage":"de","@id":"https:\/\/cliniccenter.co.uk\/de\/prof-dr-tamer-koldas\/#primaryimage","url":"https:\/\/cliniccenter.co.uk\/wp-content\/uploads\/2023\/11\/tamer-koldas-dik-517x1024-1.webp","contentUrl":"https:\/\/cliniccenter.co.uk\/wp-content\/uploads\/2023\/11\/tamer-koldas-dik-517x1024-1.webp"},{"@type":"BreadcrumbList","@id":"https:\/\/cliniccenter.co.uk\/de\/prof-dr-tamer-koldas\/#breadcrumb","itemListElement":[{"@type":"ListItem","position":1,"name":"Home","item":"https:\/\/cliniccenter.co.uk\/de\/"},{"@type":"ListItem","position":2,"name":"Beste Chirurgen in der T\u00fcrkei | Top-Operationen in der T\u00fcrkei","item":"https:\/\/cliniccenter.co.uk\/de\/arzt\/"},{"@type":"ListItem","position":3,"name":"Prof. Dr. Tamer | Kosmetische Chirurgie Doctor | Clinic Center"}]},{"@type":"WebSite","@id":"https:\/\/cliniccenter.co.uk\/ro\/#website","url":"https:\/\/cliniccenter.co.uk\/ro\/","name":"","description":"","potentialAction":[{"@type":"SearchAction","target":{"@type":"EntryPoint","urlTemplate":"https:\/\/cliniccenter.co.uk\/ro\/?s={search_term_string}"},"query-input":{"@type":"PropertyValueSpecification","valueRequired":true,"valueName":"search_term_string"}}],"inLanguage":"de"}]}},"uagb_featured_image_src":{"full":false,"thumbnail":false,"medium":false,"medium_large":false,"large":false,"1536x1536":false,"2048x2048":false},"uagb_author_info":{"display_name":"G\u00f6rkem G\u00fcng\u00f6r","author_link":"https:\/\/cliniccenter.co.uk\/de\/blog\/author\/gorkem\/"},"uagb_comment_info":0,"uagb_excerpt":"Prof. Dr. Tamer Koldas ist einer der talentiertesten und erfahrensten plastischen Chirurgen in der T\u00fcrkei. Er wurde 1960 in Izmir geboren. Er absolvierte 1977 das Atat\u00fcrk-Gymnasium in \u0130zmir. 1983 erhielt er den Titel eines Doktors der Medizinischen Fakult\u00e4t der Ege-Universit\u00e4t, indem er ein Stipendium des T\u00dcB\u0130TAK (Wissenschaftlicher und Technischer Forschungsrat der T\u00fcrkei) erhielt. Er absolvierte&hellip;","_links":{"self":[{"href":"https:\/\/cliniccenter.co.uk\/de\/wp-json\/wp\/v2\/pages\/40652"}],"collection":[{"href":"https:\/\/cliniccenter.co.uk\/de\/wp-json\/wp\/v2\/pages"}],"about":[{"href":"https:\/\/cliniccenter.co.uk\/de\/wp-json\/wp\/v2\/types\/page"}],"author":[{"embeddable":true,"href":"https:\/\/cliniccenter.co.uk\/de\/wp-json\/wp\/v2\/users\/15"}],"replies":[{"embeddable":true,"href":"https:\/\/cliniccenter.co.uk\/de\/wp-json\/wp\/v2\/comments?post=40652"}],"version-history":[{"count":9,"href":"https:\/\/cliniccenter.co.uk\/de\/wp-json\/wp\/v2\/pages\/40652\/revisions"}],"predecessor-version":[{"id":57948,"href":"https:\/\/cliniccenter.co.uk\/de\/wp-json\/wp\/v2\/pages\/40652\/revisions\/57948"}],"up":[{"embeddable":true,"href":"https:\/\/cliniccenter.co.uk\/de\/wp-json\/wp\/v2\/pages\/18856"}],"wp:attachment":[{"href":"https:\/\/cliniccenter.co.uk\/de\/wp-json\/wp\/v2\/media?parent=40652"}],"curies":[{"name":"wp","href":"https:\/\/api.w.org\/{rel}","templated":true}]}}