{"id":44849,"date":"2023-07-19T06:28:44","date_gmt":"2023-07-19T06:28:44","guid":{"rendered":"https:\/\/cliniccenter.co.uk\/arzt\/dr-cem-arslan\/"},"modified":"2024-03-28T12:02:31","modified_gmt":"2024-03-28T12:02:31","slug":"dr-cem","status":"publish","type":"page","link":"https:\/\/cliniccenter.co.uk\/de\/dr-cem\/","title":{"rendered":"Dr. Cem"},"content":{"rendered":"\n<div class=\"wp-block-columns is-layout-flex wp-container-core-columns-is-layout-4 wp-block-columns-is-layout-flex\">\n<div class=\"wp-block-column is-layout-flow wp-block-column-is-layout-flow\" style=\"flex-basis:33.33%\">\n<figure class=\"wp-block-gallery has-nested-images columns-default is-cropped wp-block-gallery-1 is-layout-flex wp-block-gallery-is-layout-flex\">\n<figure class=\"wp-block-image size-large\"><img decoding=\"async\" width=\"517\" height=\"1024\" src=\"https:\/\/cliniccenter.co.uk\/wp-content\/uploads\/2023\/07\/cem-arslan-dik-517x1024.jpg\" alt=\"cem-arslan-dik\" class=\"wp-image-44086\" srcset=\"https:\/\/cliniccenter.co.uk\/wp-content\/uploads\/2023\/07\/cem-arslan-dik-517x1024.jpg 517w, https:\/\/cliniccenter.co.uk\/wp-content\/uploads\/2023\/07\/cem-arslan-dik-152x300.jpg 152w, https:\/\/cliniccenter.co.uk\/wp-content\/uploads\/2023\/07\/cem-arslan-dik.jpg 548w\" sizes=\"(max-width: 517px) 100vw, 517px\" \/><\/figure>\n<\/figure>\n<\/div>\n\n\n\n<div class=\"wp-block-column is-layout-flow wp-block-column-is-layout-flow\" style=\"flex-basis:66.66%\">\n<div class=\"wp-block-columns is-layout-flex wp-container-core-columns-is-layout-1 wp-block-columns-is-layout-flex\">\n<div class=\"wp-block-column leftpadbox is-layout-flow wp-block-column-is-layout-flow\">\n<p>Dr. Cem ist ein kompetenter und engagierter Mediziner mit umfangreicher Erfahrung auf dem Gebiet der bariatrischen Chirurgie. Sein Medizinstudium schloss er an der medizinischen Fakult\u00e4t der Universit\u00e4t Istanbul ab.<\/p>\n\n\n\n<p>Dr. Cem vertiefte sein Fachwissen durch seine Assistenzzeit am Istanbul Haydarpasa Numune Education and Research Hospital, wo er sich auf bariatrische Chirurgie spezialisierte. Im Laufe seiner Karriere hat er stets seine Leidenschaft f\u00fcr die Bereitstellung hochwertiger Gesundheitsdienstleistungen f\u00fcr seine Patienten unter Beweis gestellt.<\/p>\n\n\n\n<p>Sein beruflicher Weg f\u00fchrte ihn durch verschiedene Gesundheitseinrichtungen. Er arbeitete in verschiedenen Kliniken und Krankenh\u00e4usern und f\u00fchrte im Laufe seiner Karriere Tausende bariatrische Operationen durch. Der Partner des Clinic Center, ein Schlauchmagenchirurg, Dr. Cem, begr\u00fc\u00dfte Tausende von Patienten f\u00fcr eine Schlauchmagenoperation und strebt bei der bariatrischen Behandlung nur die Zufriedenheit der Patienten an.<\/p>\n\n\n\n<p>Mit seinem umfassenden medizinischen Hintergrund, seinem Engagement f\u00fcr die Patientenversorgung und seinen vielf\u00e4ltigen Interessen \u00fcbt Dr. Cem weiterhin einen positiven Einfluss auf das Gebiet der bariatrischen Chirurgie aus und ver\u00e4ndert das Leben seiner Patienten. Mit 15 Jahren Erfahrung f\u00fchrt Dr. Cem lebensver\u00e4ndernde bariatrische Operationen durch.<\/p>\n<\/div>\n<\/div>\n\n\n\n<div class=\"wp-block-columns is-layout-flex wp-container-core-columns-is-layout-2 wp-block-columns-is-layout-flex\">\n<div class=\"wp-block-column is-layout-flow wp-block-column-is-layout-flow\">\n<figure class=\"wp-block-image aligncenter size-large\"><img decoding=\"async\" width=\"250\" height=\"194\" src=\"https:\/\/cliniccenter.co.uk\/wp-content\/uploads\/2023\/07\/cem-arslan-diplama.jpg\" alt=\"cem-arslan-diplama\" class=\"wp-image-44091\"\/><\/figure>\n<\/div>\n\n\n\n<div class=\"wp-block-column is-layout-flow wp-block-column-is-layout-flow\">\n<figure class=\"wp-block-image aligncenter size-large\"><img decoding=\"async\" width=\"250\" height=\"194\" src=\"https:\/\/cliniccenter.co.uk\/wp-content\/uploads\/2023\/07\/cem-arslan-uzmanlikbelgesi.jpg\" alt=\"cem-arslan-uzmanl\u0131kbelgesi\" class=\"wp-image-44101\"\/><\/figure>\n<\/div>\n<\/div>\n\n\n\n<div class=\"wp-block-columns is-layout-flex wp-container-core-columns-is-layout-3 wp-block-columns-is-layout-flex\">\n<div class=\"wp-block-column leftpadbox is-layout-flow wp-block-column-is-layout-flow\">\n<p><strong><strong>Erfahrung<\/strong><\/strong>: 15 Jahre<br><strong><strong>International behandelte Patienten<\/strong><\/strong>: Vereinigtes K\u00f6nigreich, Irland, Australien, Vereinigte Staaten von Amerika, Kanada, Deutschland, Frankreich, Vereinigte Arabische Emirate, Saudi-Arabien<br><strong><strong>Fachgebiete<\/strong>:<\/strong> <a href=\"https:\/\/cliniccenter.co.uk\/gastric-sleeve-in-turkey\/\"><a href=\"https:\/\/cliniccenter.co.uk\/intragastric-balloon-operation-in-turkey\/\">Magenbypass<\/a>,\u00a0<a href=\"https:\/\/cliniccenter.co.uk\/gastric-sleeve-in-turkey\/\">Schlauchmagen<\/a>,\u00a0<a href=\"https:\/\/cliniccenter.co.uk\/intragastric-balloon-operation-in-turkey\/\">Magenballon<\/a><\/a><br><strong><strong>Mitgliedschaften<\/strong><\/strong>: Turkish Medical Association, Turkish Gastroenterology Association, Turkish Obesity Surgery Society<br><strong><strong>Stadt<\/strong><\/strong>:\u00a0Istanbul, T\u00fcrkei<br><strong><strong>Werktags<\/strong><\/strong>: Wochentage<br><strong><strong>Sprachen<\/strong><\/strong>: Englisch<br><strong><strong>Kontakt<\/strong><\/strong>:\u00a0info@cliniccenter.co.uk<\/p>\n<\/div>\n<\/div>\n<\/div>\n<\/div>\n\n\n\n<script type=\"application\/ld+json\">\n    {\n        \"@context\": \"http:\\\/\\\/schema.org\",\n        \"@type\": \"Physician\",\n        \"@id\": \"https:\/\/cliniccenter.co.uk\/dr-cem\/\",\n        \"areaServed\": {\n            \"@type\": \"Place\",\n            \"name\": \"Istanbul, Turkey\"\n        },\n        \"alumniOf\": {\n            \"@type\": \"OrganizationRole\",\n            \"alumniOf\": {\n                \"@type\": \"CollegeOrUniversity\",\n                \"name\": \"Marmara University Faculty of Medicine\"\n            }\n        },\n        \"employee\": {\n            \"@type\": \"Person\",\n            \"@id\": \"https:\/\/cliniccenter.co.uk\/dr-cem\/\",\n            \"description\": \"Dr Cem is a skilled and dedicated medical professional with extensive experience in the field of general surgery. Born on April 30, 1982, in Turkey, he obtained his education from reputable institutions. He completed his high school education at Gemlik Anatolian Lycee and Tan College, followed by earning his medical degree from Istanbul University's Faculty of Medicine from 2000 to 2006. Dr Cem further honed his expertise through his residency at Istanbul Haydarpasa Numune Education and Research Hospital, specializing in general surgery from 2008 to 2013. Throughout his career, he has consistently demonstrated a passion for providing high-quality healthcare services to his patients. His professional journey has taken him through various healthcare institutions. From 2014 to 2021, he worked in various clinics and hospitals and performed thousands of bariatric surgery in his career.  With his comprehensive medical background, dedication to patient care, and diverse interests, Dr. Cem continues to make a positive impact in the field of general surgery and the lives of his patients.\",\n            \"hasOccupation\": {\n                \"@type\": \"Occupation\",\n                \"name\": \"Gastric Surgeon\"\n            },\n            \"knowsLanguage\": {\n                \"@type\": \"Language\",\n                \"name\": \"English\",\n                \"alternateName\": \"en\"\n            },\n            \"honorificSuffix\": \"Dr.\"\n        },\n        \"hospitalAffiliation\": {\n            \"image\": {\n                \"@type\": \"ImageObject\",\n                \"@id\": \"https:\/\/cliniccenter.co.uk\/wp-content\/uploads\/2023\/07\/cem-dik.jpg\"\n            }\n        },\n        \"isAcceptingNewPatients\": \"https:\\\/\\\/schema.org\\\/True\",\n        \"isAccessibleForFree\": \"https:\\\/\\\/schema.org\\\/False\",\n        \"medicalSpecialty\": {\n            \"@type\": \"MedicalSpecialty\",\n            \"name\": \"Gastric Bypass, Gastric Sleeve, Gastric Balloon\"\n        },\n        \"memberOf\": {\n            \"@type\": \"Organization\",\n            \"name\": [\n                \"Turkish Medical Association\"\n            ]\n        },\n        \"name\": \"Dr. Cem\"\n    }\n<\/script>\n","protected":false},"excerpt":{"rendered":"<p>Dr. Cem ist ein kompetenter und engagierter Mediziner mit umfangreicher Erfahrung auf dem Gebiet der bariatrischen Chirurgie. Sein Medizinstudium schloss er an der medizinischen Fakult\u00e4t der Universit\u00e4t Istanbul ab. Dr. Cem vertiefte sein Fachwissen durch seine Assistenzzeit am Istanbul Haydarpasa Numune Education and Research Hospital, wo er sich auf bariatrische Chirurgie spezialisierte. Im Laufe seiner [&hellip;]<\/p>\n","protected":false},"author":15,"featured_media":0,"parent":18856,"menu_order":0,"comment_status":"closed","ping_status":"closed","template":"","meta":{"_uag_custom_page_level_css":"","_lmt_disableupdate":"no","_lmt_disable":"","site-sidebar-layout":"default","site-content-layout":"default","ast-site-content-layout":"default","site-content-style":"default","site-sidebar-style":"default","ast-global-header-display":"","ast-banner-title-visibility":"","ast-main-header-display":"","ast-hfb-above-header-display":"","ast-hfb-below-header-display":"","ast-hfb-mobile-header-display":"","site-post-title":"","ast-breadcrumbs-content":"","ast-featured-img":"","footer-sml-layout":"","theme-transparent-header-meta":"default","adv-header-id-meta":"","stick-header-meta":"","header-above-stick-meta":"","header-main-stick-meta":"","header-below-stick-meta":"","astra-migrate-meta-layouts":"set","ast-page-background-enabled":"default","ast-page-background-meta":{"desktop":{"background-color":"","background-image":"","background-repeat":"repeat","background-position":"center center","background-size":"auto","background-attachment":"scroll","background-type":"","background-media":"","overlay-type":"","overlay-color":"","overlay-opacity":"","overlay-gradient":""},"tablet":{"background-color":"","background-image":"","background-repeat":"repeat","background-position":"center center","background-size":"auto","background-attachment":"scroll","background-type":"","background-media":"","overlay-type":"","overlay-color":"","overlay-opacity":"","overlay-gradient":""},"mobile":{"background-color":"","background-image":"","background-repeat":"repeat","background-position":"center center","background-size":"auto","background-attachment":"scroll","background-type":"","background-media":"","overlay-type":"","overlay-color":"","overlay-opacity":"","overlay-gradient":""}},"ast-content-background-meta":{"desktop":{"background-color":"var(--ast-global-color-5)","background-image":"","background-repeat":"repeat","background-position":"center center","background-size":"auto","background-attachment":"scroll","background-type":"","background-media":"","overlay-type":"","overlay-color":"","overlay-opacity":"","overlay-gradient":""},"tablet":{"background-color":"var(--ast-global-color-5)","background-image":"","background-repeat":"repeat","background-position":"center center","background-size":"auto","background-attachment":"scroll","background-type":"","background-media":"","overlay-type":"","overlay-color":"","overlay-opacity":"","overlay-gradient":""},"mobile":{"background-color":"var(--ast-global-color-5)","background-image":"","background-repeat":"repeat","background-position":"center center","background-size":"auto","background-attachment":"scroll","background-type":"","background-media":"","overlay-type":"","overlay-color":"","overlay-opacity":"","overlay-gradient":""}},"footnotes":""},"class_list":["post-44849","page","type-page","status-publish","hentry"],"yoast_head":"<!-- This site is optimized with the Yoast SEO plugin v25.3.1 - https:\/\/yoast.com\/wordpress\/plugins\/seo\/ -->\n<title>Dr. Cem | Magenchirurg | Clinic Center<\/title>\n<meta name=\"description\" content=\"Lesen Sie mehr \u00fcber den Partnerexperten Dr. Cem mit mehr als 15 Jahren Erfahrung im Bereich der bariatrischen Chirurgie.\" \/>\n<meta name=\"robots\" content=\"index, follow, max-snippet:-1, max-image-preview:large, max-video-preview:-1\" \/>\n<link rel=\"canonical\" href=\"https:\/\/cliniccenter.co.uk\/de\/dr-cem\/\" \/>\n<meta property=\"og:locale\" content=\"de_DE\" \/>\n<meta property=\"og:type\" content=\"article\" \/>\n<meta property=\"og:title\" content=\"Dr. Cem | Magenchirurg | Clinic Center\" \/>\n<meta property=\"og:description\" content=\"Lesen Sie mehr \u00fcber den Partnerexperten Dr. Cem mit mehr als 15 Jahren Erfahrung im Bereich der bariatrischen Chirurgie.\" \/>\n<meta property=\"og:url\" content=\"https:\/\/cliniccenter.co.uk\/de\/dr-cem\/\" \/>\n<meta property=\"article:publisher\" content=\"https:\/\/www.facebook.com\/cliniccenter.co.uk\/\" \/>\n<meta property=\"article:modified_time\" content=\"2024-03-28T12:02:31+00:00\" \/>\n<meta property=\"og:image\" content=\"https:\/\/cliniccenter.co.uk\/wp-content\/uploads\/2023\/07\/cem-arslan-dik-517x1024.jpg\" \/>\n<meta name=\"twitter:card\" content=\"summary_large_image\" \/>\n<meta name=\"twitter:site\" content=\"@cliniccenteruk\" \/>\n<meta name=\"twitter:label1\" content=\"Gesch\u00e4tzte Lesezeit\" \/>\n\t<meta name=\"twitter:data1\" content=\"2\u00a0Minuten\" \/>\n<!-- \/ Yoast SEO plugin. -->","yoast_head_json":{"title":"Dr. Cem | Magenchirurg | Clinic Center","description":"Lesen Sie mehr \u00fcber den Partnerexperten Dr. Cem mit mehr als 15 Jahren Erfahrung im Bereich der bariatrischen Chirurgie.","robots":{"index":"index","follow":"follow","max-snippet":"max-snippet:-1","max-image-preview":"max-image-preview:large","max-video-preview":"max-video-preview:-1"},"canonical":"https:\/\/cliniccenter.co.uk\/de\/dr-cem\/","og_locale":"de_DE","og_type":"article","og_title":"Dr. Cem | Magenchirurg | Clinic Center","og_description":"Lesen Sie mehr \u00fcber den Partnerexperten Dr. Cem mit mehr als 15 Jahren Erfahrung im Bereich der bariatrischen Chirurgie.","og_url":"https:\/\/cliniccenter.co.uk\/de\/dr-cem\/","article_publisher":"https:\/\/www.facebook.com\/cliniccenter.co.uk\/","article_modified_time":"2024-03-28T12:02:31+00:00","og_image":[{"url":"https:\/\/cliniccenter.co.uk\/wp-content\/uploads\/2023\/07\/cem-arslan-dik-517x1024.jpg","type":"","width":"","height":""}],"twitter_card":"summary_large_image","twitter_site":"@cliniccenteruk","twitter_misc":{"Gesch\u00e4tzte Lesezeit":"2\u00a0Minuten"},"schema":{"@context":"https:\/\/schema.org","@graph":[{"@type":"WebPage","@id":"https:\/\/cliniccenter.co.uk\/de\/dr-cem\/","url":"https:\/\/cliniccenter.co.uk\/de\/dr-cem\/","name":"Dr. Cem | Magenchirurg | Clinic Center","isPartOf":{"@id":"https:\/\/cliniccenter.co.uk\/ro\/#website"},"primaryImageOfPage":{"@id":"https:\/\/cliniccenter.co.uk\/de\/dr-cem\/#primaryimage"},"image":{"@id":"https:\/\/cliniccenter.co.uk\/de\/dr-cem\/#primaryimage"},"thumbnailUrl":"https:\/\/cliniccenter.co.uk\/wp-content\/uploads\/2023\/07\/cem-arslan-dik-517x1024.jpg","datePublished":"2023-07-19T06:28:44+00:00","dateModified":"2024-03-28T12:02:31+00:00","description":"Lesen Sie mehr \u00fcber den Partnerexperten Dr. Cem mit mehr als 15 Jahren Erfahrung im Bereich der bariatrischen Chirurgie.","breadcrumb":{"@id":"https:\/\/cliniccenter.co.uk\/de\/dr-cem\/#breadcrumb"},"inLanguage":"de","potentialAction":[{"@type":"ReadAction","target":["https:\/\/cliniccenter.co.uk\/de\/dr-cem\/"]}]},{"@type":"ImageObject","inLanguage":"de","@id":"https:\/\/cliniccenter.co.uk\/de\/dr-cem\/#primaryimage","url":"https:\/\/cliniccenter.co.uk\/wp-content\/uploads\/2023\/07\/cem-arslan-dik-517x1024.jpg","contentUrl":"https:\/\/cliniccenter.co.uk\/wp-content\/uploads\/2023\/07\/cem-arslan-dik-517x1024.jpg"},{"@type":"BreadcrumbList","@id":"https:\/\/cliniccenter.co.uk\/de\/dr-cem\/#breadcrumb","itemListElement":[{"@type":"ListItem","position":1,"name":"Home","item":"https:\/\/cliniccenter.co.uk\/de\/"},{"@type":"ListItem","position":2,"name":"Beste Chirurgen in der T\u00fcrkei | Top-Operationen in der T\u00fcrkei","item":"https:\/\/cliniccenter.co.uk\/de\/arzt\/"},{"@type":"ListItem","position":3,"name":"Dr. Cem"}]},{"@type":"WebSite","@id":"https:\/\/cliniccenter.co.uk\/ro\/#website","url":"https:\/\/cliniccenter.co.uk\/ro\/","name":"","description":"","potentialAction":[{"@type":"SearchAction","target":{"@type":"EntryPoint","urlTemplate":"https:\/\/cliniccenter.co.uk\/ro\/?s={search_term_string}"},"query-input":{"@type":"PropertyValueSpecification","valueRequired":true,"valueName":"search_term_string"}}],"inLanguage":"de"}]}},"uagb_featured_image_src":{"full":false,"thumbnail":false,"medium":false,"medium_large":false,"large":false,"1536x1536":false,"2048x2048":false},"uagb_author_info":{"display_name":"G\u00f6rkem G\u00fcng\u00f6r","author_link":"https:\/\/cliniccenter.co.uk\/de\/blog\/author\/gorkem\/"},"uagb_comment_info":0,"uagb_excerpt":"Dr. Cem ist ein kompetenter und engagierter Mediziner mit umfangreicher Erfahrung auf dem Gebiet der bariatrischen Chirurgie. Sein Medizinstudium schloss er an der medizinischen Fakult\u00e4t der Universit\u00e4t Istanbul ab. Dr. Cem vertiefte sein Fachwissen durch seine Assistenzzeit am Istanbul Haydarpasa Numune Education and Research Hospital, wo er sich auf bariatrische Chirurgie spezialisierte. Im Laufe seiner&hellip;","_links":{"self":[{"href":"https:\/\/cliniccenter.co.uk\/de\/wp-json\/wp\/v2\/pages\/44849"}],"collection":[{"href":"https:\/\/cliniccenter.co.uk\/de\/wp-json\/wp\/v2\/pages"}],"about":[{"href":"https:\/\/cliniccenter.co.uk\/de\/wp-json\/wp\/v2\/types\/page"}],"author":[{"embeddable":true,"href":"https:\/\/cliniccenter.co.uk\/de\/wp-json\/wp\/v2\/users\/15"}],"replies":[{"embeddable":true,"href":"https:\/\/cliniccenter.co.uk\/de\/wp-json\/wp\/v2\/comments?post=44849"}],"version-history":[{"count":2,"href":"https:\/\/cliniccenter.co.uk\/de\/wp-json\/wp\/v2\/pages\/44849\/revisions"}],"predecessor-version":[{"id":51143,"href":"https:\/\/cliniccenter.co.uk\/de\/wp-json\/wp\/v2\/pages\/44849\/revisions\/51143"}],"up":[{"embeddable":true,"href":"https:\/\/cliniccenter.co.uk\/de\/wp-json\/wp\/v2\/pages\/18856"}],"wp:attachment":[{"href":"https:\/\/cliniccenter.co.uk\/de\/wp-json\/wp\/v2\/media?parent=44849"}],"curies":[{"name":"wp","href":"https:\/\/api.w.org\/{rel}","templated":true}]}}