{"id":44893,"date":"2022-12-13T07:46:59","date_gmt":"2022-12-13T07:46:59","guid":{"rendered":"https:\/\/cliniccenter.co.uk\/arzt\/dentist-nurullah-karabacak\/"},"modified":"2024-03-28T08:16:03","modified_gmt":"2024-03-28T08:16:03","slug":"zahnarzt-nurullah","status":"publish","type":"page","link":"https:\/\/cliniccenter.co.uk\/de\/zahnarzt-nurullah\/","title":{"rendered":"Zahnarzt Nurullah"},"content":{"rendered":"\n<div class=\"wp-block-columns is-layout-flex wp-container-core-columns-is-layout-3 wp-block-columns-is-layout-flex\">\n<div class=\"wp-block-column is-layout-flow wp-block-column-is-layout-flow\" style=\"flex-basis:33.33%\">\n<figure class=\"wp-block-image alignleft size-large\"><img decoding=\"async\" width=\"517\" height=\"1024\" src=\"https:\/\/cliniccenter.co.uk\/wp-content\/uploads\/2022\/12\/DT.-NURULLAH-KARABACAK-517x1024.jpg\" alt=\"\" class=\"wp-image-41306\" srcset=\"https:\/\/cliniccenter.co.uk\/wp-content\/uploads\/2022\/12\/DT.-NURULLAH-KARABACAK-517x1024.jpg 517w, https:\/\/cliniccenter.co.uk\/wp-content\/uploads\/2022\/12\/DT.-NURULLAH-KARABACAK-152x300.jpg 152w, https:\/\/cliniccenter.co.uk\/wp-content\/uploads\/2022\/12\/DT.-NURULLAH-KARABACAK.jpg 548w\" sizes=\"(max-width: 517px) 100vw, 517px\" \/><\/figure>\n<\/div>\n\n\n\n<div class=\"wp-block-column is-layout-flow wp-block-column-is-layout-flow\" style=\"flex-basis:66.66%\">\n<div class=\"wp-block-columns is-layout-flex wp-container-core-columns-is-layout-1 wp-block-columns-is-layout-flex\">\n<div class=\"wp-block-column leftpadbox is-layout-flow wp-block-column-is-layout-flow\">\n<p><strong>Zahnarzt<\/strong><br><br>Nach Abschluss seiner Highschool-Ausbildung an der Salihli Anatolian Teacher High School schloss er sein Studium an der Fakult\u00e4t f\u00fcr Zahnmedizin der Universit\u00e4t Izmir Ege ab. Er nahm an verschiedenen Kongressen und Seminaren teil. Der Zahnarzt Nurullah wird von seinen Patienten wegen der zufriedenstellenden Ergebnisse, die er liefert, und seines fr\u00f6hlichen Charakters geliebt.<\/p>\n\n\n\n<p>W\u00e4hrend seiner Ausbildung an der Fakult\u00e4t f\u00fcr Zahnmedizin der Universit\u00e4t \u0130zmir Ege nahm Zahnarzt Nurullah an Seminaren, Kongressen, Kursen und Konferenzen teil und spezialisierte sich auf Zahnkronen, Zahnimplantate, Porzellanveneers und Wurzelkanalbehandlung. Durch dauerhafte Zahnergebnisse verlassen die Patienten des Zahnarztes Nurullah die Praxis zufrieden mit ihren neuen und gesunden Z\u00e4hnen.<\/p>\n<\/div>\n<\/div>\n\n\n\n<div class=\"wp-block-columns is-layout-flex wp-container-core-columns-is-layout-2 wp-block-columns-is-layout-flex\">\n<div class=\"wp-block-column leftpadbox is-layout-flow wp-block-column-is-layout-flow\">\n<p><strong>Erfahrung<\/strong>: 5 Jahre<br><strong><strong>International behandelte Patienten<\/strong><\/strong>: Vereinigtes K\u00f6nigreich, Irland, Australien, Vereinigte Staaten von Amerika, Vereinigte Arabische Emirate, Saudi-Arabien, Kuwait<br><strong>Fields of Specialization<\/strong>:<a href=\"https:\/\/cliniccenter.co.uk\/porcelain-veneers-in-turkey\/\"> Porcelain Veneers<\/a>, <a href=\"https:\/\/cliniccenter.co.uk\/dental-crowns-in-turkey\/\">Dental Crowns<\/a>, <a href=\"https:\/\/cliniccenter.co.uk\/dental-implants-in-turkey\/\">Dental Implants<\/a>, <a href=\"https:\/\/cliniccenter.co.uk\/hollywood-smile-in-turkey\/\">Hollywood Smile<\/a>, <a href=\"https:\/\/cliniccenter.co.uk\/root-canal-treatment\/\">Root-Canal Treatment<\/a>, <a href=\"https:\/\/cliniccenter.co.uk\/gingivoplasty-gingivectomy-in-turkey\/\">Gingivoplasty &amp; Gingivectomy<\/a>, <a href=\"https:\/\/cliniccenter.co.uk\/all-on-4-in-turkey\/\">All-On-4, All-On-6 &amp; All-On-8<\/a>, <a href=\"https:\/\/cliniccenter.co.uk\/teeth-whitening-in-turkey\/\">Teeth Whitening<\/a>, <a href=\"https:\/\/cliniccenter.co.uk\/dentistry\/\">Dental Treatments&nbsp;<\/a><br><strong><strong>Stadt<\/strong><\/strong>:&nbsp;Izmir, Turkei<br><strong><strong>Arbeitstage<\/strong><\/strong>: Wochentage und Samstags<br><strong><strong>Kontakt<\/strong><\/strong>:&nbsp;+44 20 3575 1039 &amp; info@cliniccenter.co.uk<br><strong><a href=\"https:\/\/cliniccenter.co.uk\/dentistry\/#dentists\">Our Dentists<\/a><\/strong><\/p>\n<\/div>\n<\/div>\n<\/div>\n<\/div>\n\n\n\n<script type=\"application\/ld+json\">\n        {\n            \"@context\": \"http:\\\/\\\/schema.org\",\n            \"@type\": \"Physician\",\n            \"@id\": \"https:\/\/cliniccenter.co.uk\/de\/zahnarzt-nurullah\/\",\n            \"areaServed\": {\n                \"@type\": \"Place\",\n                \"name\": \"Izmir, Turkey\"\n            },\n            \"alumniOf\": {\n                \"@type\": \"OrganizationRole\",\n                \"alumniOf\": {\n                    \"@type\": \"CollegeOrUniversity\",\n                    \"name\": \"Ege University\"\n                }\n            },\n            \"employee\": {\n                \"@type\": \"Person\",\n                \"@id\": \"https:\/\/cliniccenter.co.uk\/de\/zahnarzt-nurullah\/\",\n                \"description\": \"Nach Abschluss seiner Highschool-Ausbildung an der Salihli Anatolian Teacher High School schloss er sein Studium an der Fakult\u00e4t f\u00fcr Zahnmedizin der Universit\u00e4t Izmir Ege ab. Er nahm an verschiedenen Kongressen und Seminaren teil.\",\n                \"hasOccupation\": {\n                    \"@type\": \"Occupation\",\n                    \"name\": \"Zahnheilkunde\"\n                },\n                \"knowsLanguage\": {\n                    \"@type\": \"Language\",\n                    \"name\": \"English\",\n                    \"alternateName\": \"en\"\n                },\n                \"honorificSuffix\": \"Zahnarzt\"\n            },\n            \"hospitalAffiliation\": {\n                \"image\": {\n                    \"@type\": \"ImageObject\",\n                    \"@id\": \"https:\/\/cliniccenter.co.uk\/wp-content\/uploads\/2022\/12\/DT.-NURULLAH.jpg\"\n                }\n            },\n            \"isAcceptingNewPatients\": \"https:\\\/\\\/schema.org\\\/True\",\n            \"isAccessibleForFree\": \"https:\\\/\\\/schema.org\\\/False\",\n            \"medicalSpecialty\": {\n                \"@type\": \"MedicalSpecialty\",\n                \"name\": \" Porcelain Veneers, Dental Crowns, Dental Implants, Hollywood Smile, Root-Canal Treatment, Gingivoplasty & Gingivectomy, All-On-4 , All-On-6 & All-On-8, Teeth Whitening, Dental Treatments\"\n            },\n\n            \"name\": \"Zahnarzt Nurullah\"\n        }\n    <\/script>\n","protected":false},"excerpt":{"rendered":"<p>Zahnarzt Nach Abschluss seiner Highschool-Ausbildung an der Salihli Anatolian Teacher High School schloss er sein Studium an der Fakult\u00e4t f\u00fcr Zahnmedizin der Universit\u00e4t Izmir Ege ab. Er nahm an verschiedenen Kongressen und Seminaren teil. Der Zahnarzt Nurullah wird von seinen Patienten wegen der zufriedenstellenden Ergebnisse, die er liefert, und seines fr\u00f6hlichen Charakters geliebt. W\u00e4hrend seiner [&hellip;]<\/p>\n","protected":false},"author":15,"featured_media":0,"parent":18856,"menu_order":0,"comment_status":"closed","ping_status":"closed","template":"","meta":{"_uag_custom_page_level_css":"","_lmt_disableupdate":"no","_lmt_disable":"","site-sidebar-layout":"default","site-content-layout":"default","ast-site-content-layout":"default","site-content-style":"default","site-sidebar-style":"default","ast-global-header-display":"","ast-banner-title-visibility":"","ast-main-header-display":"","ast-hfb-above-header-display":"","ast-hfb-below-header-display":"","ast-hfb-mobile-header-display":"","site-post-title":"","ast-breadcrumbs-content":"","ast-featured-img":"","footer-sml-layout":"","theme-transparent-header-meta":"default","adv-header-id-meta":"","stick-header-meta":"","header-above-stick-meta":"","header-main-stick-meta":"","header-below-stick-meta":"","astra-migrate-meta-layouts":"set","ast-page-background-enabled":"default","ast-page-background-meta":{"desktop":{"background-color":"","background-image":"","background-repeat":"repeat","background-position":"center center","background-size":"auto","background-attachment":"scroll","background-type":"","background-media":"","overlay-type":"","overlay-color":"","overlay-opacity":"","overlay-gradient":""},"tablet":{"background-color":"","background-image":"","background-repeat":"repeat","background-position":"center center","background-size":"auto","background-attachment":"scroll","background-type":"","background-media":"","overlay-type":"","overlay-color":"","overlay-opacity":"","overlay-gradient":""},"mobile":{"background-color":"","background-image":"","background-repeat":"repeat","background-position":"center center","background-size":"auto","background-attachment":"scroll","background-type":"","background-media":"","overlay-type":"","overlay-color":"","overlay-opacity":"","overlay-gradient":""}},"ast-content-background-meta":{"desktop":{"background-color":"var(--ast-global-color-5)","background-image":"","background-repeat":"repeat","background-position":"center center","background-size":"auto","background-attachment":"scroll","background-type":"","background-media":"","overlay-type":"","overlay-color":"","overlay-opacity":"","overlay-gradient":""},"tablet":{"background-color":"var(--ast-global-color-5)","background-image":"","background-repeat":"repeat","background-position":"center center","background-size":"auto","background-attachment":"scroll","background-type":"","background-media":"","overlay-type":"","overlay-color":"","overlay-opacity":"","overlay-gradient":""},"mobile":{"background-color":"var(--ast-global-color-5)","background-image":"","background-repeat":"repeat","background-position":"center center","background-size":"auto","background-attachment":"scroll","background-type":"","background-media":"","overlay-type":"","overlay-color":"","overlay-opacity":"","overlay-gradient":""}},"footnotes":""},"class_list":["post-44893","page","type-page","status-publish","hentry"],"yoast_head":"<!-- This site is optimized with the Yoast SEO plugin v25.3.1 - https:\/\/yoast.com\/wordpress\/plugins\/seo\/ -->\n<title>Zahnarzt Nurullah | Clinic Center<\/title>\n<meta name=\"description\" content=\"Partnerzahnarzt Nurullah im Clinic Center, mit 5 Jahren Erfahrung in Zahnimplantaten, Porzellanveneers und Zahnkronen.\" \/>\n<meta name=\"robots\" content=\"index, follow, max-snippet:-1, max-image-preview:large, max-video-preview:-1\" \/>\n<link rel=\"canonical\" href=\"https:\/\/cliniccenter.co.uk\/de\/zahnarzt-nurullah\/\" \/>\n<meta property=\"og:locale\" content=\"de_DE\" \/>\n<meta property=\"og:type\" content=\"article\" \/>\n<meta property=\"og:title\" content=\"Zahnarzt Nurullah | Clinic Center\" \/>\n<meta property=\"og:description\" content=\"Partnerzahnarzt Nurullah im Clinic Center, mit 5 Jahren Erfahrung in Zahnimplantaten, Porzellanveneers und Zahnkronen.\" \/>\n<meta property=\"og:url\" content=\"https:\/\/cliniccenter.co.uk\/de\/zahnarzt-nurullah\/\" \/>\n<meta property=\"article:publisher\" content=\"https:\/\/www.facebook.com\/cliniccenter.co.uk\/\" \/>\n<meta property=\"article:modified_time\" content=\"2024-03-28T08:16:03+00:00\" \/>\n<meta property=\"og:image\" content=\"https:\/\/cliniccenter.co.uk\/wp-content\/uploads\/2022\/12\/DT.-NURULLAH-KARABACAK-517x1024.jpg\" \/>\n<meta name=\"twitter:card\" content=\"summary_large_image\" \/>\n<meta name=\"twitter:site\" content=\"@cliniccenteruk\" \/>\n<meta name=\"twitter:label1\" content=\"Gesch\u00e4tzte Lesezeit\" \/>\n\t<meta name=\"twitter:data1\" content=\"1\u00a0Minute\" \/>\n<!-- \/ Yoast SEO plugin. -->","yoast_head_json":{"title":"Zahnarzt Nurullah | Clinic Center","description":"Partnerzahnarzt Nurullah im Clinic Center, mit 5 Jahren Erfahrung in Zahnimplantaten, Porzellanveneers und Zahnkronen.","robots":{"index":"index","follow":"follow","max-snippet":"max-snippet:-1","max-image-preview":"max-image-preview:large","max-video-preview":"max-video-preview:-1"},"canonical":"https:\/\/cliniccenter.co.uk\/de\/zahnarzt-nurullah\/","og_locale":"de_DE","og_type":"article","og_title":"Zahnarzt Nurullah | Clinic Center","og_description":"Partnerzahnarzt Nurullah im Clinic Center, mit 5 Jahren Erfahrung in Zahnimplantaten, Porzellanveneers und Zahnkronen.","og_url":"https:\/\/cliniccenter.co.uk\/de\/zahnarzt-nurullah\/","article_publisher":"https:\/\/www.facebook.com\/cliniccenter.co.uk\/","article_modified_time":"2024-03-28T08:16:03+00:00","og_image":[{"url":"https:\/\/cliniccenter.co.uk\/wp-content\/uploads\/2022\/12\/DT.-NURULLAH-KARABACAK-517x1024.jpg","type":"","width":"","height":""}],"twitter_card":"summary_large_image","twitter_site":"@cliniccenteruk","twitter_misc":{"Gesch\u00e4tzte Lesezeit":"1\u00a0Minute"},"schema":{"@context":"https:\/\/schema.org","@graph":[{"@type":"WebPage","@id":"https:\/\/cliniccenter.co.uk\/de\/zahnarzt-nurullah\/","url":"https:\/\/cliniccenter.co.uk\/de\/zahnarzt-nurullah\/","name":"Zahnarzt Nurullah | Clinic Center","isPartOf":{"@id":"https:\/\/cliniccenter.co.uk\/ro\/#website"},"primaryImageOfPage":{"@id":"https:\/\/cliniccenter.co.uk\/de\/zahnarzt-nurullah\/#primaryimage"},"image":{"@id":"https:\/\/cliniccenter.co.uk\/de\/zahnarzt-nurullah\/#primaryimage"},"thumbnailUrl":"https:\/\/cliniccenter.co.uk\/wp-content\/uploads\/2022\/12\/DT.-NURULLAH-KARABACAK-517x1024.jpg","datePublished":"2022-12-13T07:46:59+00:00","dateModified":"2024-03-28T08:16:03+00:00","description":"Partnerzahnarzt Nurullah im Clinic Center, mit 5 Jahren Erfahrung in Zahnimplantaten, Porzellanveneers und Zahnkronen.","breadcrumb":{"@id":"https:\/\/cliniccenter.co.uk\/de\/zahnarzt-nurullah\/#breadcrumb"},"inLanguage":"de","potentialAction":[{"@type":"ReadAction","target":["https:\/\/cliniccenter.co.uk\/de\/zahnarzt-nurullah\/"]}]},{"@type":"ImageObject","inLanguage":"de","@id":"https:\/\/cliniccenter.co.uk\/de\/zahnarzt-nurullah\/#primaryimage","url":"https:\/\/cliniccenter.co.uk\/wp-content\/uploads\/2022\/12\/DT.-NURULLAH-KARABACAK-517x1024.jpg","contentUrl":"https:\/\/cliniccenter.co.uk\/wp-content\/uploads\/2022\/12\/DT.-NURULLAH-KARABACAK-517x1024.jpg"},{"@type":"BreadcrumbList","@id":"https:\/\/cliniccenter.co.uk\/de\/zahnarzt-nurullah\/#breadcrumb","itemListElement":[{"@type":"ListItem","position":1,"name":"Home","item":"https:\/\/cliniccenter.co.uk\/de\/"},{"@type":"ListItem","position":2,"name":"Beste Chirurgen in der T\u00fcrkei | Top-Operationen in der T\u00fcrkei","item":"https:\/\/cliniccenter.co.uk\/de\/arzt\/"},{"@type":"ListItem","position":3,"name":"Zahnarzt Nurullah"}]},{"@type":"WebSite","@id":"https:\/\/cliniccenter.co.uk\/ro\/#website","url":"https:\/\/cliniccenter.co.uk\/ro\/","name":"","description":"","potentialAction":[{"@type":"SearchAction","target":{"@type":"EntryPoint","urlTemplate":"https:\/\/cliniccenter.co.uk\/ro\/?s={search_term_string}"},"query-input":{"@type":"PropertyValueSpecification","valueRequired":true,"valueName":"search_term_string"}}],"inLanguage":"de"}]}},"uagb_featured_image_src":{"full":false,"thumbnail":false,"medium":false,"medium_large":false,"large":false,"1536x1536":false,"2048x2048":false},"uagb_author_info":{"display_name":"G\u00f6rkem G\u00fcng\u00f6r","author_link":"https:\/\/cliniccenter.co.uk\/de\/blog\/author\/gorkem\/"},"uagb_comment_info":0,"uagb_excerpt":"Zahnarzt Nach Abschluss seiner Highschool-Ausbildung an der Salihli Anatolian Teacher High School schloss er sein Studium an der Fakult\u00e4t f\u00fcr Zahnmedizin der Universit\u00e4t Izmir Ege ab. Er nahm an verschiedenen Kongressen und Seminaren teil. Der Zahnarzt Nurullah wird von seinen Patienten wegen der zufriedenstellenden Ergebnisse, die er liefert, und seines fr\u00f6hlichen Charakters geliebt. W\u00e4hrend seiner&hellip;","_links":{"self":[{"href":"https:\/\/cliniccenter.co.uk\/de\/wp-json\/wp\/v2\/pages\/44893"}],"collection":[{"href":"https:\/\/cliniccenter.co.uk\/de\/wp-json\/wp\/v2\/pages"}],"about":[{"href":"https:\/\/cliniccenter.co.uk\/de\/wp-json\/wp\/v2\/types\/page"}],"author":[{"embeddable":true,"href":"https:\/\/cliniccenter.co.uk\/de\/wp-json\/wp\/v2\/users\/15"}],"replies":[{"embeddable":true,"href":"https:\/\/cliniccenter.co.uk\/de\/wp-json\/wp\/v2\/comments?post=44893"}],"version-history":[{"count":3,"href":"https:\/\/cliniccenter.co.uk\/de\/wp-json\/wp\/v2\/pages\/44893\/revisions"}],"predecessor-version":[{"id":51115,"href":"https:\/\/cliniccenter.co.uk\/de\/wp-json\/wp\/v2\/pages\/44893\/revisions\/51115"}],"up":[{"embeddable":true,"href":"https:\/\/cliniccenter.co.uk\/de\/wp-json\/wp\/v2\/pages\/18856"}],"wp:attachment":[{"href":"https:\/\/cliniccenter.co.uk\/de\/wp-json\/wp\/v2\/media?parent=44893"}],"curies":[{"name":"wp","href":"https:\/\/api.w.org\/{rel}","templated":true}]}}