{"id":44897,"date":"2022-12-13T07:35:07","date_gmt":"2022-12-13T07:35:07","guid":{"rendered":"https:\/\/cliniccenter.co.uk\/arzt\/dentist-bilge-unal\/"},"modified":"2024-03-28T08:47:29","modified_gmt":"2024-03-28T08:47:29","slug":"zahnaerztin-bilge","status":"publish","type":"page","link":"https:\/\/cliniccenter.co.uk\/de\/zahnarztin-bilge\/","title":{"rendered":"Zahn\u00e4rztin Bilge"},"content":{"rendered":"\n<div class=\"wp-block-columns is-layout-flex wp-container-core-columns-is-layout-3 wp-block-columns-is-layout-flex\">\n<div class=\"wp-block-column is-layout-flow wp-block-column-is-layout-flow\" style=\"flex-basis:33.33%\">\n<figure class=\"wp-block-image alignleft size-large\"><img decoding=\"async\" width=\"517\" height=\"1024\" src=\"https:\/\/cliniccenter.co.uk\/wp-content\/uploads\/2022\/12\/UZMAN-DT.-BILGE-UNAL-517x1024.jpg\" alt=\"\" class=\"wp-image-41294\" srcset=\"https:\/\/cliniccenter.co.uk\/wp-content\/uploads\/2022\/12\/UZMAN-DT.-BILGE-UNAL-517x1024.jpg 517w, https:\/\/cliniccenter.co.uk\/wp-content\/uploads\/2022\/12\/UZMAN-DT.-BILGE-UNAL-152x300.jpg 152w, https:\/\/cliniccenter.co.uk\/wp-content\/uploads\/2022\/12\/UZMAN-DT.-BILGE-UNAL.jpg 548w\" sizes=\"(max-width: 517px) 100vw, 517px\" \/><\/figure>\n<\/div>\n\n\n\n<div class=\"wp-block-column is-layout-flow wp-block-column-is-layout-flow\" style=\"flex-basis:66.66%\">\n<div class=\"wp-block-columns is-layout-flex wp-container-core-columns-is-layout-1 wp-block-columns-is-layout-flex\">\n<div class=\"wp-block-column leftpadbox is-layout-flow wp-block-column-is-layout-flow\">\n<p><strong>Spezialist f\u00fcr Endodontie<br><\/strong><br>Nach Abschluss ihrer Highschool-Ausbildung an der Karacabey Anatolian High School begann sie 2010 an der Fakult\u00e4t f\u00fcr Zahnmedizin der Universit\u00e4t Istanbul. Nach ihrem Abschluss im Jahr 2015 erhielt sie als Ergebnis der Zahnmedizinischen Spezialisierungspr\u00fcfung (DUS) eine Ausbildung in der Abteilung f\u00fcr Endodontie der Universit\u00e4t Fakult\u00e4t f\u00fcr Zahnmedizin der Cumhuriyet-Universit\u00e4t. Im Jahr 2021 verfasste sie ihre Dissertation \u00fcber die vergleichende Bewertung der Auswirkungen verschiedener rotierender Instrumentensysteme auf die aus dem Apikalbereich austretende Debrismenge und erhielt den Titel \u201eSpezialistin f\u00fcr Endodontie\u201c.<\/p>\n\n\n\n<p>Die Zahn\u00e4rztin Bilge hat mit ihrer langj\u00e4hrigen Erfahrung im Laufe ihrer Karriere Hunderte von Behandlungen durchgef\u00fchrt. Nach Abschluss ihrer Ausbildung an der Fakult\u00e4t f\u00fcr Zahnmedizin der Universit\u00e4t Istanbul nahm sie an Konferenzen und Seminaren teil, um sich im zahnmedizinischen Bereich weiterzubilden. Sie ist eine sehr f\u00fcrsorgliche Zahn\u00e4rztin, die ihren Job liebt. Sie ist detailorientiert und beruhigt ihre Patienten, indem sie sie \u00fcber das Thema und die Probleme aufkl\u00e4rt. Jeder Patient, der eine Zahnbehandlung beim Zahnarzt Bilge hatte, geht mit einem breiten L\u00e4cheln und gesunden Z\u00e4hnen nach Hause.<\/p>\n<\/div>\n<\/div>\n\n\n\n<div class=\"wp-block-columns is-layout-flex wp-container-core-columns-is-layout-2 wp-block-columns-is-layout-flex\">\n<div class=\"wp-block-column leftpadbox is-layout-flow wp-block-column-is-layout-flow\">\n<p><strong>Erfahrung<\/strong>: 8 Jahre<br><strong><strong>International behandelte Patienten<\/strong><\/strong>: Vereinigtes K\u00f6nigreich, Irland, Australien, Vereinigte Staaten von Amerika, Vereinigte Arabische Emirate, Saudi-Arabien, Kuwait<br><strong>Fachgebiete<\/strong>: <a href=\"https:\/\/cliniccenter.co.uk\/porcelain-veneers-in-turkey\/\">Porcelain Veneers<\/a>, <a href=\"https:\/\/cliniccenter.co.uk\/dental-crowns-in-turkey\/\">Dental Crowns<\/a>, <a href=\"https:\/\/cliniccenter.co.uk\/dental-implants-in-turkey\/\">Dental Implants<\/a>, <a href=\"https:\/\/cliniccenter.co.uk\/hollywood-smile-in-turkey\/\">Hollywood Smile<\/a>, <a href=\"https:\/\/cliniccenter.co.uk\/root-canal-treatment\/\">Root-Canal Treatment<\/a>, <a href=\"https:\/\/cliniccenter.co.uk\/gingivoplasty-gingivectomy-in-turkey\/\">Gingivoplasty &amp; Gingivectomy<\/a>,<a href=\"https:\/\/cliniccenter.co.uk\/all-on-4-in-turkey\/\"> All-On-4, All-On-6 &amp; All-On-8<\/a>, <a href=\"https:\/\/cliniccenter.co.uk\/teeth-whitening-in-turkey\/\">Teeth Whitening<\/a>, <a href=\"https:\/\/cliniccenter.co.uk\/dentistry\/\">Dental Treatments&nbsp;<\/a><br><strong>Stadt<\/strong>:&nbsp;Izmir, Turkei<br><strong><strong>Arbeitstage<\/strong><\/strong>: Wochentage und Samstags<br><strong><strong>Kontakt<\/strong><\/strong>:&nbsp;+44 20 3575 1039 &amp; info@cliniccenter.co.uk<\/p>\n<\/div>\n<\/div>\n<\/div>\n<\/div>\n\n\n\n<script type=\"application\/ld+json\">\n        {\n            \"@context\": \"http:\\\/\\\/schema.org\",\n            \"@type\": \"Physician\",\n            \"@id\": \"https:\/\/cliniccenter.co.uk\/de\/zahn\u00e4rztin-bilge\/\",\n            \"areaServed\": {\n                \"@type\": \"Place\",\n                \"name\": \"Izmir, Turkei\"\n            },\n            \"alumniOf\": {\n                \"@type\": \"OrganizationRole\",\n                \"alumniOf\": {\n                    \"@type\": \"CollegeOrUniversity\",\n                    \"name\": \"Istanbul University\"\n                }\n            },\n            \"employee\": {\n                \"@type\": \"Person\",\n                \"@id\": \"https:\/\/cliniccenter.co.uk\/dentist-bilge\/\",\n                \"description\": \"Nach Abschluss ihrer Highschool-Ausbildung an der Karacabey Anatolian High School begann sie 2010 an der Fakult\u00e4t f\u00fcr Zahnmedizin der Universit\u00e4t Istanbul. Nach ihrem Abschluss im Jahr 2015 erhielt sie als Ergebnis der Zahnmedizinischen Spezialisierungspr\u00fcfung (DUS) eine Ausbildung in der Abteilung f\u00fcr Endodontie der Universit\u00e4t Fakult\u00e4t f\u00fcr Zahnmedizin der Cumhuriyet-Universit\u00e4t. Im Jahr 2021 verfasste sie ihre Dissertation \u00fcber die vergleichende Bewertung der Auswirkungen verschiedener rotierender Instrumentensysteme auf die aus dem Apikalbereich austretende Debrismenge und erhielt den Titel \u201eSpezialistin f\u00fcr Endodontie\u201c.\",\n                \"hasOccupation\": {\n                    \"@type\": \"Occupation\",\n                    \"name\": \"Zahnheilkunde\"\n                },\n                \"knowsLanguage\": {\n                    \"@type\": \"Language\",\n                    \"name\": \"English\",\n                    \"alternateName\": \"en\"\n                },\n                \"honorificSuffix\": \"Zahn\u00e4rztin\"\n            },\n            \"hospitalAffiliation\": {\n                \"image\": {\n                    \"@type\": \"ImageObject\",\n                    \"@id\": \"https:\/\/cliniccenter.co.uk\/wp-content\/uploads\/2022\/12\/UZMAN-DT.-BILGE.jpg\"\n                }\n            },\n            \"isAcceptingNewPatients\": \"https:\\\/\\\/schema.org\\\/True\",\n            \"isAccessibleForFree\": \"https:\\\/\\\/schema.org\\\/False\",\n            \"medicalSpecialty\": {\n                \"@type\": \"MedicalSpecialty\",\n                \"name\": \" Porcelain Veneers, Dental Crowns, Dental Implants, Hollywood Smile, Root-Canal Treatment, Gingivoplasty & Gingivectomy, All-On-4 , All-On-6 & All-On-8, Teeth Whitening, Dental Treatments\"\n            },\n\n            \"name\": \"Zahn\u00e4rztin Bilge\"\n        }\n    <\/script>\n","protected":false},"excerpt":{"rendered":"<p>Spezialist f\u00fcr EndodontieNach Abschluss ihrer Highschool-Ausbildung an der Karacabey Anatolian High School begann sie 2010 an der Fakult\u00e4t f\u00fcr Zahnmedizin der Universit\u00e4t Istanbul. Nach ihrem Abschluss im Jahr 2015 erhielt sie als Ergebnis der Zahnmedizinischen Spezialisierungspr\u00fcfung (DUS) eine Ausbildung in der Abteilung f\u00fcr Endodontie der Universit\u00e4t Fakult\u00e4t f\u00fcr Zahnmedizin der Cumhuriyet-Universit\u00e4t. Im Jahr 2021 verfasste [&hellip;]<\/p>\n","protected":false},"author":15,"featured_media":0,"parent":18856,"menu_order":0,"comment_status":"closed","ping_status":"closed","template":"","meta":{"_uag_custom_page_level_css":"","_lmt_disableupdate":"no","_lmt_disable":"","site-sidebar-layout":"default","site-content-layout":"default","ast-site-content-layout":"default","site-content-style":"default","site-sidebar-style":"default","ast-global-header-display":"","ast-banner-title-visibility":"","ast-main-header-display":"","ast-hfb-above-header-display":"","ast-hfb-below-header-display":"","ast-hfb-mobile-header-display":"","site-post-title":"","ast-breadcrumbs-content":"","ast-featured-img":"","footer-sml-layout":"","theme-transparent-header-meta":"default","adv-header-id-meta":"","stick-header-meta":"","header-above-stick-meta":"","header-main-stick-meta":"","header-below-stick-meta":"","astra-migrate-meta-layouts":"set","ast-page-background-enabled":"default","ast-page-background-meta":{"desktop":{"background-color":"","background-image":"","background-repeat":"repeat","background-position":"center center","background-size":"auto","background-attachment":"scroll","background-type":"","background-media":"","overlay-type":"","overlay-color":"","overlay-opacity":"","overlay-gradient":""},"tablet":{"background-color":"","background-image":"","background-repeat":"repeat","background-position":"center center","background-size":"auto","background-attachment":"scroll","background-type":"","background-media":"","overlay-type":"","overlay-color":"","overlay-opacity":"","overlay-gradient":""},"mobile":{"background-color":"","background-image":"","background-repeat":"repeat","background-position":"center center","background-size":"auto","background-attachment":"scroll","background-type":"","background-media":"","overlay-type":"","overlay-color":"","overlay-opacity":"","overlay-gradient":""}},"ast-content-background-meta":{"desktop":{"background-color":"var(--ast-global-color-5)","background-image":"","background-repeat":"repeat","background-position":"center center","background-size":"auto","background-attachment":"scroll","background-type":"","background-media":"","overlay-type":"","overlay-color":"","overlay-opacity":"","overlay-gradient":""},"tablet":{"background-color":"var(--ast-global-color-5)","background-image":"","background-repeat":"repeat","background-position":"center center","background-size":"auto","background-attachment":"scroll","background-type":"","background-media":"","overlay-type":"","overlay-color":"","overlay-opacity":"","overlay-gradient":""},"mobile":{"background-color":"var(--ast-global-color-5)","background-image":"","background-repeat":"repeat","background-position":"center center","background-size":"auto","background-attachment":"scroll","background-type":"","background-media":"","overlay-type":"","overlay-color":"","overlay-opacity":"","overlay-gradient":""}},"footnotes":""},"class_list":["post-44897","page","type-page","status-publish","hentry"],"yoast_head":"<!-- This site is optimized with the Yoast SEO plugin v25.3.1 - https:\/\/yoast.com\/wordpress\/plugins\/seo\/ -->\n<title>Zahn\u00e4rztin Bilge | Clinic Center<\/title>\n<meta name=\"description\" content=\"Partnerzahnarzt Bilge im Clinic Center, mit 8 Jahren Erfahrung in Zahnimplantaten, Porzellanveneers und Zahnkronen.\" \/>\n<meta name=\"robots\" content=\"index, follow, max-snippet:-1, max-image-preview:large, max-video-preview:-1\" \/>\n<link rel=\"canonical\" href=\"https:\/\/cliniccenter.co.uk\/de\/zahnarztin-bilge\/\" \/>\n<meta property=\"og:locale\" content=\"de_DE\" \/>\n<meta property=\"og:type\" content=\"article\" \/>\n<meta property=\"og:title\" content=\"Zahn\u00e4rztin Bilge | Clinic Center\" \/>\n<meta property=\"og:description\" content=\"Partnerzahnarzt Bilge im Clinic Center, mit 8 Jahren Erfahrung in Zahnimplantaten, Porzellanveneers und Zahnkronen.\" \/>\n<meta property=\"og:url\" content=\"https:\/\/cliniccenter.co.uk\/de\/zahnarztin-bilge\/\" \/>\n<meta property=\"article:publisher\" content=\"https:\/\/www.facebook.com\/cliniccenter.co.uk\/\" \/>\n<meta property=\"article:modified_time\" content=\"2024-03-28T08:47:29+00:00\" \/>\n<meta property=\"og:image\" content=\"https:\/\/cliniccenter.co.uk\/wp-content\/uploads\/2022\/12\/UZMAN-DT.-BILGE-UNAL-517x1024.jpg\" \/>\n<meta name=\"twitter:card\" content=\"summary_large_image\" \/>\n<meta name=\"twitter:site\" content=\"@cliniccenteruk\" \/>\n<meta name=\"twitter:label1\" content=\"Gesch\u00e4tzte Lesezeit\" \/>\n\t<meta name=\"twitter:data1\" content=\"2\u00a0Minuten\" \/>\n<!-- \/ Yoast SEO plugin. -->","yoast_head_json":{"title":"Zahn\u00e4rztin Bilge | Clinic Center","description":"Partnerzahnarzt Bilge im Clinic Center, mit 8 Jahren Erfahrung in Zahnimplantaten, Porzellanveneers und Zahnkronen.","robots":{"index":"index","follow":"follow","max-snippet":"max-snippet:-1","max-image-preview":"max-image-preview:large","max-video-preview":"max-video-preview:-1"},"canonical":"https:\/\/cliniccenter.co.uk\/de\/zahnarztin-bilge\/","og_locale":"de_DE","og_type":"article","og_title":"Zahn\u00e4rztin Bilge | Clinic Center","og_description":"Partnerzahnarzt Bilge im Clinic Center, mit 8 Jahren Erfahrung in Zahnimplantaten, Porzellanveneers und Zahnkronen.","og_url":"https:\/\/cliniccenter.co.uk\/de\/zahnarztin-bilge\/","article_publisher":"https:\/\/www.facebook.com\/cliniccenter.co.uk\/","article_modified_time":"2024-03-28T08:47:29+00:00","og_image":[{"url":"https:\/\/cliniccenter.co.uk\/wp-content\/uploads\/2022\/12\/UZMAN-DT.-BILGE-UNAL-517x1024.jpg","type":"","width":"","height":""}],"twitter_card":"summary_large_image","twitter_site":"@cliniccenteruk","twitter_misc":{"Gesch\u00e4tzte Lesezeit":"2\u00a0Minuten"},"schema":{"@context":"https:\/\/schema.org","@graph":[{"@type":"WebPage","@id":"https:\/\/cliniccenter.co.uk\/de\/zahnarztin-bilge\/","url":"https:\/\/cliniccenter.co.uk\/de\/zahnarztin-bilge\/","name":"Zahn\u00e4rztin Bilge | Clinic Center","isPartOf":{"@id":"https:\/\/cliniccenter.co.uk\/ro\/#website"},"primaryImageOfPage":{"@id":"https:\/\/cliniccenter.co.uk\/de\/zahnarztin-bilge\/#primaryimage"},"image":{"@id":"https:\/\/cliniccenter.co.uk\/de\/zahnarztin-bilge\/#primaryimage"},"thumbnailUrl":"https:\/\/cliniccenter.co.uk\/wp-content\/uploads\/2022\/12\/UZMAN-DT.-BILGE-UNAL-517x1024.jpg","datePublished":"2022-12-13T07:35:07+00:00","dateModified":"2024-03-28T08:47:29+00:00","description":"Partnerzahnarzt Bilge im Clinic Center, mit 8 Jahren Erfahrung in Zahnimplantaten, Porzellanveneers und Zahnkronen.","breadcrumb":{"@id":"https:\/\/cliniccenter.co.uk\/de\/zahnarztin-bilge\/#breadcrumb"},"inLanguage":"de","potentialAction":[{"@type":"ReadAction","target":["https:\/\/cliniccenter.co.uk\/de\/zahnarztin-bilge\/"]}]},{"@type":"ImageObject","inLanguage":"de","@id":"https:\/\/cliniccenter.co.uk\/de\/zahnarztin-bilge\/#primaryimage","url":"https:\/\/cliniccenter.co.uk\/wp-content\/uploads\/2022\/12\/UZMAN-DT.-BILGE-UNAL-517x1024.jpg","contentUrl":"https:\/\/cliniccenter.co.uk\/wp-content\/uploads\/2022\/12\/UZMAN-DT.-BILGE-UNAL-517x1024.jpg"},{"@type":"BreadcrumbList","@id":"https:\/\/cliniccenter.co.uk\/de\/zahnarztin-bilge\/#breadcrumb","itemListElement":[{"@type":"ListItem","position":1,"name":"Home","item":"https:\/\/cliniccenter.co.uk\/de\/"},{"@type":"ListItem","position":2,"name":"Beste Chirurgen in der T\u00fcrkei | Top-Operationen in der T\u00fcrkei","item":"https:\/\/cliniccenter.co.uk\/de\/arzt\/"},{"@type":"ListItem","position":3,"name":"Zahn\u00e4rztin Bilge"}]},{"@type":"WebSite","@id":"https:\/\/cliniccenter.co.uk\/ro\/#website","url":"https:\/\/cliniccenter.co.uk\/ro\/","name":"","description":"","potentialAction":[{"@type":"SearchAction","target":{"@type":"EntryPoint","urlTemplate":"https:\/\/cliniccenter.co.uk\/ro\/?s={search_term_string}"},"query-input":{"@type":"PropertyValueSpecification","valueRequired":true,"valueName":"search_term_string"}}],"inLanguage":"de"}]}},"uagb_featured_image_src":{"full":false,"thumbnail":false,"medium":false,"medium_large":false,"large":false,"1536x1536":false,"2048x2048":false},"uagb_author_info":{"display_name":"G\u00f6rkem G\u00fcng\u00f6r","author_link":"https:\/\/cliniccenter.co.uk\/de\/blog\/author\/gorkem\/"},"uagb_comment_info":0,"uagb_excerpt":"Spezialist f\u00fcr EndodontieNach Abschluss ihrer Highschool-Ausbildung an der Karacabey Anatolian High School begann sie 2010 an der Fakult\u00e4t f\u00fcr Zahnmedizin der Universit\u00e4t Istanbul. Nach ihrem Abschluss im Jahr 2015 erhielt sie als Ergebnis der Zahnmedizinischen Spezialisierungspr\u00fcfung (DUS) eine Ausbildung in der Abteilung f\u00fcr Endodontie der Universit\u00e4t Fakult\u00e4t f\u00fcr Zahnmedizin der Cumhuriyet-Universit\u00e4t. Im Jahr 2021 verfasste&hellip;","_links":{"self":[{"href":"https:\/\/cliniccenter.co.uk\/de\/wp-json\/wp\/v2\/pages\/44897"}],"collection":[{"href":"https:\/\/cliniccenter.co.uk\/de\/wp-json\/wp\/v2\/pages"}],"about":[{"href":"https:\/\/cliniccenter.co.uk\/de\/wp-json\/wp\/v2\/types\/page"}],"author":[{"embeddable":true,"href":"https:\/\/cliniccenter.co.uk\/de\/wp-json\/wp\/v2\/users\/15"}],"replies":[{"embeddable":true,"href":"https:\/\/cliniccenter.co.uk\/de\/wp-json\/wp\/v2\/comments?post=44897"}],"version-history":[{"count":3,"href":"https:\/\/cliniccenter.co.uk\/de\/wp-json\/wp\/v2\/pages\/44897\/revisions"}],"predecessor-version":[{"id":51127,"href":"https:\/\/cliniccenter.co.uk\/de\/wp-json\/wp\/v2\/pages\/44897\/revisions\/51127"}],"up":[{"embeddable":true,"href":"https:\/\/cliniccenter.co.uk\/de\/wp-json\/wp\/v2\/pages\/18856"}],"wp:attachment":[{"href":"https:\/\/cliniccenter.co.uk\/de\/wp-json\/wp\/v2\/media?parent=44897"}],"curies":[{"name":"wp","href":"https:\/\/api.w.org\/{rel}","templated":true}]}}