{"id":44929,"date":"2022-11-16T12:38:46","date_gmt":"2022-11-16T12:38:46","guid":{"rendered":"https:\/\/cliniccenter.co.uk\/arzt\/hair-specialist-esra-gulsen\/"},"modified":"2024-03-28T08:07:51","modified_gmt":"2024-03-28T08:07:51","slug":"haarspezialist-esra","status":"publish","type":"page","link":"https:\/\/cliniccenter.co.uk\/de\/haarspezialist-esra\/","title":{"rendered":"Dr. Esra | Haarspezialist | Clinic Center"},"content":{"rendered":"\n<div class=\"wp-block-columns is-layout-flex wp-container-core-columns-is-layout-3 wp-block-columns-is-layout-flex\">\n<div class=\"wp-block-column is-layout-flow wp-block-column-is-layout-flow\" style=\"flex-basis:33.33%\">\n<figure class=\"wp-block-image alignleft size-large\"><img decoding=\"async\" width=\"517\" height=\"1024\" src=\"https:\/\/cliniccenter.co.uk\/wp-content\/uploads\/2022\/11\/nar-london-esra-dikey-517x1024.jpg\" alt=\"nar-london-esra-dikey\" class=\"wp-image-40765 skip-lazy\" srcset=\"https:\/\/cliniccenter.co.uk\/wp-content\/uploads\/2022\/11\/nar-london-esra-dikey-517x1024.jpg 517w, https:\/\/cliniccenter.co.uk\/wp-content\/uploads\/2022\/11\/nar-london-esra-dikey-152x300.jpg 152w, https:\/\/cliniccenter.co.uk\/wp-content\/uploads\/2022\/11\/nar-london-esra-dikey.jpg 548w\" sizes=\"(max-width: 517px) 100vw, 517px\" \/><\/figure>\n<\/div>\n\n\n\n<div class=\"wp-block-column is-layout-flow wp-block-column-is-layout-flow\" style=\"flex-basis:66.66%\">\n<div class=\"wp-block-columns is-layout-flex wp-container-core-columns-is-layout-1 wp-block-columns-is-layout-flex\">\n<div class=\"wp-block-column leftpadbox is-layout-flow wp-block-column-is-layout-flow\">\n<p>Die Haarspezialistin Dr. Esra, ebenfalls Gr\u00fcnderin von Nar London, ist kompetent und erfahren in der Haartransplantation. Patienten, die erfolgreiche Ergebnisse erzielen, freuen sich immer \u00fcber die Behandlung bei Doktor Esra Gulsen und f\u00fchlen sich in guten H\u00e4nden. \u00c4rztin Esra ist heute auf den Bereich Haartransplantation spezialisiert, nachdem sie Hunderte von Operationen mit einem breiten Spektrum von F\u00e4llen durchgef\u00fchrt hat. Sie h\u00f6rt ihren Patienten aufmerksam zu und legt Wert auf die Bed\u00fcrfnisse ihrer Patienten. Die Partnerin des Clinic Center, Hair Specialist, legt gro\u00dfen Wert auf ihre Arbeit und arbeitet sorgf\u00e4ltig. \u00c4rztin Esra verbessert sich kontinuierlich auf dem Gebiet der Haartransplantation durch die folgenden neuesten Informationen und Technologien.<\/p>\n<\/div>\n<\/div>\n\n\n\n<div class=\"wp-block-columns leftpadbox is-layout-flex wp-container-core-columns-is-layout-2 wp-block-columns-is-layout-flex\">\n<div class=\"wp-block-column is-layout-flow wp-block-column-is-layout-flow\">\n<p><strong>Erfahrung<\/strong>: 10 Jahre<br><strong>International behandelte Patienten<\/strong>: Das Vereinigte K\u00f6nigreich, Irland, Australien, die Vereinigten Staaten von Amerika, die Vereinigten Arabischen Emirate, Saudi-Arabien, Kuwait, L\u00e4nder der Europ\u00e4ischen Union<br><strong>Fachgebiete:<\/strong> <a href=\"https:\/\/cliniccenter.co.uk\/hair-transplant-in-turkey\/\">Male Hair Transplantation<\/a>, <a href=\"https:\/\/cliniccenter.co.uk\/female-hair-transplant-turkey\/\">Female Hair Transplantation<\/a>, <a href=\"https:\/\/cliniccenter.co.uk\/fue-hair-transplant\/\">FUE &amp; FUT Method<\/a>, <a href=\"https:\/\/cliniccenter.co.uk\/dhi-hair-transplant-in-turkey\/\">DHI Method<\/a>, <a href=\"https:\/\/cliniccenter.co.uk\/eyebrow-transplant-in-turkey\/\">Eyebrow Transplantation<\/a>, <a href=\"https:\/\/cliniccenter.co.uk\/beard-transplant-turkey\/\">Beard Transplantation<\/a><br><strong>Stadt<\/strong>:&nbsp;Istanbul, Turkei<br><strong>Arbeitstage<\/strong>: Wochentags und Samstag<br><strong>Kontakt<\/strong>:&nbsp;+44 20 3575 1039 &amp; info@cliniccenter.co.uk<\/p>\n<\/div>\n<\/div>\n<\/div>\n<\/div>\n\n\n\n<script type=\"application\/ld+json\">\n        {\n            \"@context\": \"http:\\\/\\\/schema.org\",\n            \"@type\": \"Physician\",\n            \"@id\": \"https:\/\/cliniccenter.co.uk\/de\/haarspezialist-esra\/\",\n            \"areaServed\": {\n                \"@type\": \"Place\",\n                \"name\": \"Istanbul, Turkey\"\n            },\n            \"alumniOf\": {\n                \"@type\": \"OrganizationRole\",\n                \"alumniOf\": {\n                    \"@type\": \"CollegeOrUniversity\",\n                    \"name\": \"International Society of Hair Restoration Surgery\"\n                }\n            },\n            \"employee\": {\n                \"@type\": \"Person\",\n                \"@id\": \"https:\/\/cliniccenter.co.uk\/de\/haarspezialist-esra\/\",\n                \"description\": \"Die Haarspezialistin Esra, ebenfalls Gr\u00fcnderin von Nar London, ist kompetent und erfahren in der Haartransplantation. Patienten, die erfolgreiche Ergebnisse erzielen, freuen sich immer \u00fcber die Behandlung bei Doktor Esra und f\u00fchlen sich in guten H\u00e4nden. \u00c4rztin Esra ist heute auf den Bereich Haartransplantation spezialisiert, nachdem sie Hunderte von Operationen mit einem breiten Spektrum von F\u00e4llen durchgef\u00fchrt hat. Sie h\u00f6rt ihren Patienten aufmerksam zu und legt Wert auf die Bed\u00fcrfnisse ihrer Patienten. Die Partnerin des Clinic Center, Hair Specialist, legt gro\u00dfen Wert auf ihre Arbeit und arbeitet sorgf\u00e4ltig. \u00c4rztin Esra verbessert sich kontinuierlich auf dem Gebiet der Haartransplantation durch die folgenden neuesten Informationen und Technologien.\",\n                \"hasOccupation\": {\n                    \"@type\": \"Occupation\",\n                    \"name\": \"Haartransplantation\"\n                },\n                \"knowsLanguage\": {\n                    \"@type\": \"Language\",\n                    \"name\": \"English\",\n                    \"alternateName\": \"en\"\n                },\n                \"honorificSuffix\": \"Haarspezialist\"\n            },\n            \"hospitalAffiliation\": {\n                \"image\": {\n                    \"@type\": \"ImageObject\",\n                    \"@id\": \"https:\/\/cliniccenter.co.uk\/wp-content\/uploads\/2022\/11\/nar-london-esra-dikey.jpg\"\n                }\n            },\n            \"isAcceptingNewPatients\": \"https:\\\/\\\/schema.org\\\/True\",\n            \"isAccessibleForFree\": \"https:\\\/\\\/schema.org\\\/False\",\n            \"medicalSpecialty\": {\n                \"@type\": \"MedicalSpecialty\",\n                \"name\": \"Male Hair Transplantation, Female Hair Transplantation, FUE & FUT Method, DHI Method, Eyebrow Transplantation, Beard Transplantation\"\n            },\n\n            \"name\": \"Haarspezialist Esra\"\n        }\n    <\/script>\n","protected":false},"excerpt":{"rendered":"<p>Die Haarspezialistin Dr. Esra, ebenfalls Gr\u00fcnderin von Nar London, ist kompetent und erfahren in der Haartransplantation. Patienten, die erfolgreiche Ergebnisse erzielen, freuen sich immer \u00fcber die Behandlung bei Doktor Esra Gulsen und f\u00fchlen sich in guten H\u00e4nden. \u00c4rztin Esra ist heute auf den Bereich Haartransplantation spezialisiert, nachdem sie Hunderte von Operationen mit einem breiten Spektrum [&hellip;]<\/p>\n","protected":false},"author":15,"featured_media":0,"parent":18856,"menu_order":0,"comment_status":"closed","ping_status":"closed","template":"","meta":{"_uag_custom_page_level_css":"","_lmt_disableupdate":"no","_lmt_disable":"","site-sidebar-layout":"default","site-content-layout":"default","ast-site-content-layout":"default","site-content-style":"default","site-sidebar-style":"default","ast-global-header-display":"","ast-banner-title-visibility":"","ast-main-header-display":"","ast-hfb-above-header-display":"","ast-hfb-below-header-display":"","ast-hfb-mobile-header-display":"","site-post-title":"","ast-breadcrumbs-content":"","ast-featured-img":"","footer-sml-layout":"","theme-transparent-header-meta":"default","adv-header-id-meta":"","stick-header-meta":"","header-above-stick-meta":"","header-main-stick-meta":"","header-below-stick-meta":"","astra-migrate-meta-layouts":"set","ast-page-background-enabled":"default","ast-page-background-meta":{"desktop":{"background-color":"","background-image":"","background-repeat":"repeat","background-position":"center center","background-size":"auto","background-attachment":"scroll","background-type":"","background-media":"","overlay-type":"","overlay-color":"","overlay-opacity":"","overlay-gradient":""},"tablet":{"background-color":"","background-image":"","background-repeat":"repeat","background-position":"center center","background-size":"auto","background-attachment":"scroll","background-type":"","background-media":"","overlay-type":"","overlay-color":"","overlay-opacity":"","overlay-gradient":""},"mobile":{"background-color":"","background-image":"","background-repeat":"repeat","background-position":"center center","background-size":"auto","background-attachment":"scroll","background-type":"","background-media":"","overlay-type":"","overlay-color":"","overlay-opacity":"","overlay-gradient":""}},"ast-content-background-meta":{"desktop":{"background-color":"var(--ast-global-color-5)","background-image":"","background-repeat":"repeat","background-position":"center center","background-size":"auto","background-attachment":"scroll","background-type":"","background-media":"","overlay-type":"","overlay-color":"","overlay-opacity":"","overlay-gradient":""},"tablet":{"background-color":"var(--ast-global-color-5)","background-image":"","background-repeat":"repeat","background-position":"center center","background-size":"auto","background-attachment":"scroll","background-type":"","background-media":"","overlay-type":"","overlay-color":"","overlay-opacity":"","overlay-gradient":""},"mobile":{"background-color":"var(--ast-global-color-5)","background-image":"","background-repeat":"repeat","background-position":"center center","background-size":"auto","background-attachment":"scroll","background-type":"","background-media":"","overlay-type":"","overlay-color":"","overlay-opacity":"","overlay-gradient":""}},"footnotes":""},"class_list":["post-44929","page","type-page","status-publish","hentry"],"yoast_head":"<!-- This site is optimized with the Yoast SEO plugin v25.3.1 - https:\/\/yoast.com\/wordpress\/plugins\/seo\/ -->\n<title>Dr. Esra | Haarspezialist | Clinic Center<\/title>\n<meta name=\"description\" content=\"Lesen Sie mehr \u00fcber die Partnerexpertin Haarspezialistin Esra im Clinic Center mit 10 Jahren Erfahrung in Haartransplantation und Haarbehandlung!\" \/>\n<meta name=\"robots\" content=\"index, follow, max-snippet:-1, max-image-preview:large, max-video-preview:-1\" \/>\n<link rel=\"canonical\" href=\"https:\/\/cliniccenter.co.uk\/de\/haarspezialist-esra\/\" \/>\n<meta property=\"og:locale\" content=\"de_DE\" \/>\n<meta property=\"og:type\" content=\"article\" \/>\n<meta property=\"og:title\" content=\"Dr. Esra | Haarspezialist | Clinic Center\" \/>\n<meta property=\"og:description\" content=\"Lesen Sie mehr \u00fcber die Partnerexpertin Haarspezialistin Esra im Clinic Center mit 10 Jahren Erfahrung in Haartransplantation und Haarbehandlung!\" \/>\n<meta property=\"og:url\" content=\"https:\/\/cliniccenter.co.uk\/de\/haarspezialist-esra\/\" \/>\n<meta property=\"article:publisher\" content=\"https:\/\/www.facebook.com\/cliniccenter.co.uk\/\" \/>\n<meta property=\"article:modified_time\" content=\"2024-03-28T08:07:51+00:00\" \/>\n<meta property=\"og:image\" content=\"https:\/\/cliniccenter.co.uk\/wp-content\/uploads\/2022\/11\/nar-london-esra-dikey-517x1024.jpg\" \/>\n<meta name=\"twitter:card\" content=\"summary_large_image\" \/>\n<meta name=\"twitter:site\" content=\"@cliniccenteruk\" \/>\n<meta name=\"twitter:label1\" content=\"Gesch\u00e4tzte Lesezeit\" \/>\n\t<meta name=\"twitter:data1\" content=\"1\u00a0Minute\" \/>\n<!-- \/ Yoast SEO plugin. -->","yoast_head_json":{"title":"Dr. Esra | Haarspezialist | Clinic Center","description":"Lesen Sie mehr \u00fcber die Partnerexpertin Haarspezialistin Esra im Clinic Center mit 10 Jahren Erfahrung in Haartransplantation und Haarbehandlung!","robots":{"index":"index","follow":"follow","max-snippet":"max-snippet:-1","max-image-preview":"max-image-preview:large","max-video-preview":"max-video-preview:-1"},"canonical":"https:\/\/cliniccenter.co.uk\/de\/haarspezialist-esra\/","og_locale":"de_DE","og_type":"article","og_title":"Dr. Esra | Haarspezialist | Clinic Center","og_description":"Lesen Sie mehr \u00fcber die Partnerexpertin Haarspezialistin Esra im Clinic Center mit 10 Jahren Erfahrung in Haartransplantation und Haarbehandlung!","og_url":"https:\/\/cliniccenter.co.uk\/de\/haarspezialist-esra\/","article_publisher":"https:\/\/www.facebook.com\/cliniccenter.co.uk\/","article_modified_time":"2024-03-28T08:07:51+00:00","og_image":[{"url":"https:\/\/cliniccenter.co.uk\/wp-content\/uploads\/2022\/11\/nar-london-esra-dikey-517x1024.jpg","type":"","width":"","height":""}],"twitter_card":"summary_large_image","twitter_site":"@cliniccenteruk","twitter_misc":{"Gesch\u00e4tzte Lesezeit":"1\u00a0Minute"},"schema":{"@context":"https:\/\/schema.org","@graph":[{"@type":"WebPage","@id":"https:\/\/cliniccenter.co.uk\/de\/haarspezialist-esra\/","url":"https:\/\/cliniccenter.co.uk\/de\/haarspezialist-esra\/","name":"Dr. Esra | Haarspezialist | Clinic Center","isPartOf":{"@id":"https:\/\/cliniccenter.co.uk\/ro\/#website"},"primaryImageOfPage":{"@id":"https:\/\/cliniccenter.co.uk\/de\/haarspezialist-esra\/#primaryimage"},"image":{"@id":"https:\/\/cliniccenter.co.uk\/de\/haarspezialist-esra\/#primaryimage"},"thumbnailUrl":"https:\/\/cliniccenter.co.uk\/wp-content\/uploads\/2022\/11\/nar-london-esra-dikey-517x1024.jpg","datePublished":"2022-11-16T12:38:46+00:00","dateModified":"2024-03-28T08:07:51+00:00","description":"Lesen Sie mehr \u00fcber die Partnerexpertin Haarspezialistin Esra im Clinic Center mit 10 Jahren Erfahrung in Haartransplantation und Haarbehandlung!","breadcrumb":{"@id":"https:\/\/cliniccenter.co.uk\/de\/haarspezialist-esra\/#breadcrumb"},"inLanguage":"de","potentialAction":[{"@type":"ReadAction","target":["https:\/\/cliniccenter.co.uk\/de\/haarspezialist-esra\/"]}]},{"@type":"ImageObject","inLanguage":"de","@id":"https:\/\/cliniccenter.co.uk\/de\/haarspezialist-esra\/#primaryimage","url":"https:\/\/cliniccenter.co.uk\/wp-content\/uploads\/2022\/11\/nar-london-esra-dikey-517x1024.jpg","contentUrl":"https:\/\/cliniccenter.co.uk\/wp-content\/uploads\/2022\/11\/nar-london-esra-dikey-517x1024.jpg"},{"@type":"BreadcrumbList","@id":"https:\/\/cliniccenter.co.uk\/de\/haarspezialist-esra\/#breadcrumb","itemListElement":[{"@type":"ListItem","position":1,"name":"Home","item":"https:\/\/cliniccenter.co.uk\/de\/"},{"@type":"ListItem","position":2,"name":"Beste Chirurgen in der T\u00fcrkei | Top-Operationen in der T\u00fcrkei","item":"https:\/\/cliniccenter.co.uk\/de\/arzt\/"},{"@type":"ListItem","position":3,"name":"Dr. Esra | Haarspezialist | Clinic Center"}]},{"@type":"WebSite","@id":"https:\/\/cliniccenter.co.uk\/ro\/#website","url":"https:\/\/cliniccenter.co.uk\/ro\/","name":"","description":"","potentialAction":[{"@type":"SearchAction","target":{"@type":"EntryPoint","urlTemplate":"https:\/\/cliniccenter.co.uk\/ro\/?s={search_term_string}"},"query-input":{"@type":"PropertyValueSpecification","valueRequired":true,"valueName":"search_term_string"}}],"inLanguage":"de"}]}},"uagb_featured_image_src":{"full":false,"thumbnail":false,"medium":false,"medium_large":false,"large":false,"1536x1536":false,"2048x2048":false},"uagb_author_info":{"display_name":"G\u00f6rkem G\u00fcng\u00f6r","author_link":"https:\/\/cliniccenter.co.uk\/de\/blog\/author\/gorkem\/"},"uagb_comment_info":0,"uagb_excerpt":"Die Haarspezialistin Dr. Esra, ebenfalls Gr\u00fcnderin von Nar London, ist kompetent und erfahren in der Haartransplantation. Patienten, die erfolgreiche Ergebnisse erzielen, freuen sich immer \u00fcber die Behandlung bei Doktor Esra Gulsen und f\u00fchlen sich in guten H\u00e4nden. \u00c4rztin Esra ist heute auf den Bereich Haartransplantation spezialisiert, nachdem sie Hunderte von Operationen mit einem breiten Spektrum&hellip;","_links":{"self":[{"href":"https:\/\/cliniccenter.co.uk\/de\/wp-json\/wp\/v2\/pages\/44929"}],"collection":[{"href":"https:\/\/cliniccenter.co.uk\/de\/wp-json\/wp\/v2\/pages"}],"about":[{"href":"https:\/\/cliniccenter.co.uk\/de\/wp-json\/wp\/v2\/types\/page"}],"author":[{"embeddable":true,"href":"https:\/\/cliniccenter.co.uk\/de\/wp-json\/wp\/v2\/users\/15"}],"replies":[{"embeddable":true,"href":"https:\/\/cliniccenter.co.uk\/de\/wp-json\/wp\/v2\/comments?post=44929"}],"version-history":[{"count":5,"href":"https:\/\/cliniccenter.co.uk\/de\/wp-json\/wp\/v2\/pages\/44929\/revisions"}],"predecessor-version":[{"id":51111,"href":"https:\/\/cliniccenter.co.uk\/de\/wp-json\/wp\/v2\/pages\/44929\/revisions\/51111"}],"up":[{"embeddable":true,"href":"https:\/\/cliniccenter.co.uk\/de\/wp-json\/wp\/v2\/pages\/18856"}],"wp:attachment":[{"href":"https:\/\/cliniccenter.co.uk\/de\/wp-json\/wp\/v2\/media?parent=44929"}],"curies":[{"name":"wp","href":"https:\/\/api.w.org\/{rel}","templated":true}]}}