{"id":44932,"date":"2022-09-30T13:18:21","date_gmt":"2022-09-30T13:18:21","guid":{"rendered":"https:\/\/cliniccenter.co.uk\/arzt\/op-dr-gamze-kurdal\/"},"modified":"2024-11-18T13:33:47","modified_gmt":"2024-11-18T13:33:47","slug":"op-dr-gamze","status":"publish","type":"page","link":"https:\/\/cliniccenter.co.uk\/de\/op-dr-gamze\/","title":{"rendered":"Op. Dr. Gamze | Sch\u00f6nheitschirurg | Clinic Center"},"content":{"rendered":"\n<div class=\"wp-block-columns is-layout-flex wp-container-core-columns-is-layout-3 wp-block-columns-is-layout-flex\">\n<div class=\"wp-block-column is-layout-flow wp-block-column-is-layout-flow\" style=\"flex-basis:33.33%\">\n<figure class=\"wp-block-image size-large\"><img decoding=\"async\" width=\"517\" height=\"1024\" src=\"https:\/\/cliniccenter.co.uk\/wp-content\/uploads\/2022\/09\/gamze-kurdal-dik-1-517x1024.jpg\" alt=\"gamze kurdal dik\" class=\"wp-image-40016\" srcset=\"https:\/\/cliniccenter.co.uk\/wp-content\/uploads\/2022\/09\/gamze-kurdal-dik-1-517x1024.jpg 517w, https:\/\/cliniccenter.co.uk\/wp-content\/uploads\/2022\/09\/gamze-kurdal-dik-1-152x300.jpg 152w, https:\/\/cliniccenter.co.uk\/wp-content\/uploads\/2022\/09\/gamze-kurdal-dik-1.jpg 548w\" sizes=\"(max-width: 517px) 100vw, 517px\" \/><\/figure>\n<\/div>\n\n\n\n<div class=\"wp-block-column is-layout-flow wp-block-column-is-layout-flow\" style=\"flex-basis:66.66%\">\n<div class=\"wp-block-columns is-layout-flex wp-container-core-columns-is-layout-1 wp-block-columns-is-layout-flex\">\n<div class=\"wp-block-column leftpadbox is-layout-flow wp-block-column-is-layout-flow\">\n<p>Nach ihrem Abschluss an der medizinischen Fakult\u00e4t der Marmara-Universit\u00e4t im Jahr 2011 schloss Doktor Gamze Kurdal 2018 ihre Fachausbildung in Plastischer, Rekonstruktiver und \u00c4sthetischer Chirurgie am SB\u00dc Sultan Abd\u00fclhamid Han Training and Research Hospital ab. Dr. Kurdal absolvierte zwischen 2018 und 2021 ihren Pflichtdienst in K\u0131rklareli.<\/p>\n\n\n\n<p>Durch die Teilnahme an zahlreichen nationalen und internationalen Kongressen und Symposien verfolgt Dr. Gamze Kurdal die Entwicklungen und Innovationen in ihrem Fachgebiet. Ihre Hauptinteressengebiete sind K\u00f6rperformungsoperationen, Brust\u00e4sthetik und \u00e4sthetische Gesichtsoperationen. In ihrer Klinik f\u00fchrt sie auch nicht-chirurgische Eingriffe im Bereich der Kosmetologie durch. Sie hielt Vortr\u00e4ge \u00fcber verschiedene plastische Operationen und schrieb einen Artikel im Ulus Travma Acil Cerrahi Magazine.<\/p>\n\n\n\n<p>Mit jahrelanger Erfahrung und vielen akademischen Erfolgen in der T\u00fcrkei sind die Patienten mit ihren bemerkenswerten Operationen und hervorragenden Kommunikationsf\u00e4higkeiten zufrieden.<\/p>\n<\/div>\n<\/div>\n\n\n\n<div class=\"wp-block-columns is-layout-flex wp-container-core-columns-is-layout-2 wp-block-columns-is-layout-flex\">\n<div class=\"wp-block-column leftpadbox is-layout-flow wp-block-column-is-layout-flow\">\n<p><strong>Erfahrung<\/strong>: 11 Jahre<br><strong>International behandelte Patienten<\/strong>: Vereinigtes K\u00f6nigreich, Irland, Australien, Vereinigte Staaten von Amerika, Kanada, Deutschland, Frankreich, Vereinigte Arabische Emirate, Saudi-Arabien<br><strong>Fachgebiete:<\/strong> <a href=\"https:\/\/cliniccenter.co.uk\/breast-augmentation-turkey\/\">Breast Augmentation (Breast Implants, Breast Enlargement)<\/a>, <a href=\"https:\/\/cliniccenter.co.uk\/breast-uplift-turkey\/\">Breast Lift<\/a>, <a href=\"https:\/\/cliniccenter.co.uk\/breast-reduction-turkey\/\">Breast Reduction<\/a>, <a href=\"https:\/\/cliniccenter.co.uk\/nose-job-in-turkey\/\">Rhinoplasty (Nose Job)<\/a>, <a href=\"https:\/\/cliniccenter.co.uk\/septorhinoplasty\/\">Septorhinoplasty<\/a>, <a href=\"https:\/\/cliniccenter.co.uk\/liposuction-turkey\/\">Liposuction (Fat Removal)<\/a>, <a href=\"https:\/\/cliniccenter.co.uk\/vaser-liposuction-in-turkey\/\">Vaser &amp; Hi-Def Vaser Liposuction<\/a>, <a href=\"https:\/\/cliniccenter.co.uk\/tummy-tuck-in-turkey\/\">Tummy Tuck<\/a>, <a href=\"https:\/\/cliniccenter.co.uk\/brazilian-butt-lift-turkey\/\">Brazilian Butt Lift (BBL)<\/a>, <a href=\"https:\/\/cliniccenter.co.uk\/facelift-turkey\/\">Facelift (Rhytidectomy)<\/a>, <a href=\"https:\/\/cliniccenter.co.uk\/eyelid-surgery-turkey\/\">Eyelid Surgery (Blepharoplasty)<\/a>, <a href=\"https:\/\/cliniccenter.co.uk\/gynecomastia-in-turkey\/\">Gynecomastia (Male Breast Reduction)<\/a>, <a href=\"https:\/\/cliniccenter.co.uk\/mommy-makeover-in-turkey\/\">Mommy Makeover<\/a>, <a href=\"https:\/\/cliniccenter.co.uk\/thigh-lift-surgery-in-turkey\/\">Thigh Lift (Thighplasty)<\/a>, <a href=\"https:\/\/cliniccenter.co.uk\/neck-lift-surgery-in-turkey\/\">Neck Lift (Platysmaplasty)<\/a>, <a href=\"https:\/\/cliniccenter.co.uk\/arm-lift-surgery-in-turkey\/\">Arm Lift\u00a0 (Brachioplasty)<\/a>, <a href=\"https:\/\/cliniccenter.co.uk\/brow-lift-eyebrow-lift-surgery-in-turkey\/\">Brow Lift<\/a>, <a href=\"https:\/\/cliniccenter.co.uk\/cosmetic-ear-surgery-in-turkey-otoplasty\/\">Cosmetic Ear Surgery (Otoplasty)<\/a>, <a href=\"https:\/\/cliniccenter.co.uk\/cosmetic-surgery\/\">Cosmetic Surgeries<\/a>.<br><strong>Mitgliedschaften<\/strong>: T\u00fcrkischer Verband f\u00fcr Plastische, Rekonstruktive und \u00c4sthetische Chirurgie, T\u00fcrkischer \u00c4rzteverband, Verband f\u00fcr \u00c4sthetisch-Plastische Chirurgie, Notfall-Handchirurgie und Mikrochirurgie<br><strong>Stadt<\/strong>:\u00a0Istanbul, Turkei<br><strong>Arbeitstage<\/strong>: Wochentags und Samstag<br><strong>Sprachen<\/strong>: Englisch<br><strong>Kontakt<\/strong>:\u00a0+44 20 3575 1039 &amp; info@cliniccenter.co.uk<\/p>\n<\/div>\n<\/div>\n<\/div>\n<\/div>\n\n\n\n<script type=\"application\/ld+json\">\n    {\n        \"@context\": \"http:\\\/\\\/schema.org\",\n        \"@type\": \"Physician\",\n        \"@id\": \"https:\/\/cliniccenter.co.uk\/de\/op-dr-gamze-kurdal\/\",\n        \"areaServed\": {\n            \"@type\": \"Place\",\n            \"name\": \"Istanbul, Turkey\"\n        },\n        \"alumniOf\": {\n            \"@type\": \"OrganizationRole\",\n            \"alumniOf\": {\n                \"@type\": \"CollegeOrUniversity\",\n                \"name\": \"Marmara University\"\n            }\n        },\n        \"employee\": {\n            \"@type\": \"Person\",\n            \"@id\": \"https:\/\/cliniccenter.co.uk\/de\/op-dr-gamze-kurdal\/\",\n            \"description\": \"Nach seinem Abschluss an der medizinischen Fakult\u00e4t der Marmara-Universit\u00e4t im Jahr 2011 schloss Doktor Gamze Kurdal 2018 seine Fachausbildung in Plastischer, Rekonstruktiver und \u00c4sthetischer Chirurgie am SB\u00dc Sultan Abd\u00fclhamid Han Training and Research Hospital ab. Dr. Kurdal absolvierte zwischen 2018 und 2021 ihren Pflichtdienst in K\u0131rklareli. Durch die Teilnahme an zahlreichen nationalen und internationalen Kongressen und Symposien verfolgt Dr. Gamze Kurdal die Entwicklungen und Innovationen in ihrem Fachgebiet. Ihre Hauptinteressengebiete sind K\u00f6rperformungsoperationen, Brust\u00e4sthetik und \u00e4sthetische Gesichtsoperationen. In ihrer Klinik f\u00fchrt sie auch nicht-chirurgische Eingriffe im Bereich der Kosmetologie durch. Sie hielt Vortr\u00e4ge \u00fcber verschiedene plastische Operationen und schrieb einen Artikel im Ulus Travma Acil Cerrahi Magazine. Mit jahrelanger Erfahrung und vielen akademischen Erfolgen in der T\u00fcrkei sind die Patienten mit ihren bemerkenswerten Operationen und hervorragenden Kommunikationsf\u00e4higkeiten zufrieden.\",\n            \"hasOccupation\": {\n                \"@type\": \"Occupation\",\n                \"name\": \"Sch\u00f6nheitschirurg\"\n            },\n            \"knowsLanguage\": {\n                \"@type\": \"Language\",\n                \"name\": \"English\",\n                \"alternateName\": \"en\"\n            },\n            \"honorificSuffix\": \"Op. Dr. Gamze Kurdal \"\n        },\n        \"hospitalAffiliation\": {\n            \"image\": {\n                \"@type\": \"ImageObject\",\n                \"@id\": \"https:\/\/cliniccenter.co.uk\/wp-content\/uploads\/2022\/09\/gamze-kurdal-kare.jpg\/\"\n            }\n        },\n        \"isAcceptingNewPatients\": \"https:\\\/\\\/schema.org\\\/True\",\n        \"isAccessibleForFree\": \"https:\\\/\\\/schema.org\\\/False\",\n        \"medicalSpecialty\": {\n            \"@type\": \"MedicalSpecialty\",\n            \"name\": \"Breast Augmentation (Breast Implants, Breast Enlargement), Breast Lift, Breast Reduction, Rhinoplasty (Nose Job), Septorhinoplasty, Liposuction (Fat Removal), Vaser & Hi-Def Vaser Liposuction, Tummy Tuck, Brazilian Butt Lift (BBL), Facelift (Rhytidectomy), Eyelid Surgery (Blepharoplasty), Gynecomastia (Male Breast Reduction), Mommy Makeover, Thigh Lift (Thighplasty), Neck Lift (Platysmaplasty), Arm Lift  (Brachioplasty), Brow Lift, Cosmetic Ear Surgery (Otoplasty), Cosmetic Surgeries.\"\n        },\n        \"memberOf\": {\n            \"@type\": \"Organization\",\n            \"name\": [\n                \"Turkish Plastic, Reconstructive and Aesthetic Surgery Association, Turkish Medical Association, Association of Aesthetic Plastic Surgery, Emergency Hand Surgery and Microsurgery\"\n            ]\n        },\n        \"name\": \"Op. Dr. Gamze Kurdal\"\n    }\n<\/script>\n","protected":false},"excerpt":{"rendered":"<p>Nach ihrem Abschluss an der medizinischen Fakult\u00e4t der Marmara-Universit\u00e4t im Jahr 2011 schloss Doktor Gamze Kurdal 2018 ihre Fachausbildung in Plastischer, Rekonstruktiver und \u00c4sthetischer Chirurgie am SB\u00dc Sultan Abd\u00fclhamid Han Training and Research Hospital ab. Dr. Kurdal absolvierte zwischen 2018 und 2021 ihren Pflichtdienst in K\u0131rklareli. Durch die Teilnahme an zahlreichen nationalen und internationalen Kongressen [&hellip;]<\/p>\n","protected":false},"author":15,"featured_media":0,"parent":18856,"menu_order":0,"comment_status":"closed","ping_status":"closed","template":"","meta":{"_uag_custom_page_level_css":"","_lmt_disableupdate":"no","_lmt_disable":"","site-sidebar-layout":"default","site-content-layout":"default","ast-site-content-layout":"default","site-content-style":"default","site-sidebar-style":"default","ast-global-header-display":"","ast-banner-title-visibility":"","ast-main-header-display":"","ast-hfb-above-header-display":"","ast-hfb-below-header-display":"","ast-hfb-mobile-header-display":"","site-post-title":"","ast-breadcrumbs-content":"","ast-featured-img":"","footer-sml-layout":"","theme-transparent-header-meta":"default","adv-header-id-meta":"","stick-header-meta":"","header-above-stick-meta":"","header-main-stick-meta":"","header-below-stick-meta":"","astra-migrate-meta-layouts":"set","ast-page-background-enabled":"default","ast-page-background-meta":{"desktop":{"background-color":"","background-image":"","background-repeat":"repeat","background-position":"center center","background-size":"auto","background-attachment":"scroll","background-type":"","background-media":"","overlay-type":"","overlay-color":"","overlay-opacity":"","overlay-gradient":""},"tablet":{"background-color":"","background-image":"","background-repeat":"repeat","background-position":"center center","background-size":"auto","background-attachment":"scroll","background-type":"","background-media":"","overlay-type":"","overlay-color":"","overlay-opacity":"","overlay-gradient":""},"mobile":{"background-color":"","background-image":"","background-repeat":"repeat","background-position":"center center","background-size":"auto","background-attachment":"scroll","background-type":"","background-media":"","overlay-type":"","overlay-color":"","overlay-opacity":"","overlay-gradient":""}},"ast-content-background-meta":{"desktop":{"background-color":"var(--ast-global-color-5)","background-image":"","background-repeat":"repeat","background-position":"center center","background-size":"auto","background-attachment":"scroll","background-type":"","background-media":"","overlay-type":"","overlay-color":"","overlay-opacity":"","overlay-gradient":""},"tablet":{"background-color":"var(--ast-global-color-5)","background-image":"","background-repeat":"repeat","background-position":"center center","background-size":"auto","background-attachment":"scroll","background-type":"","background-media":"","overlay-type":"","overlay-color":"","overlay-opacity":"","overlay-gradient":""},"mobile":{"background-color":"var(--ast-global-color-5)","background-image":"","background-repeat":"repeat","background-position":"center center","background-size":"auto","background-attachment":"scroll","background-type":"","background-media":"","overlay-type":"","overlay-color":"","overlay-opacity":"","overlay-gradient":""}},"footnotes":""},"class_list":["post-44932","page","type-page","status-publish","hentry"],"yoast_head":"<!-- This site is optimized with the Yoast SEO plugin v25.3.1 - https:\/\/yoast.com\/wordpress\/plugins\/seo\/ -->\n<title>Op. Dr. Gamze | Sch\u00f6nheitschirurg | Clinic Center<\/title>\n<meta name=\"description\" content=\"Lesen Sie mehr \u00fcber Partner Op. Dr. Gamze Kurdal vom Clinic Center mit mehr als 10 Jahren Erfahrung in der plastischen Chirurgie.\" \/>\n<meta name=\"robots\" content=\"index, follow, max-snippet:-1, max-image-preview:large, max-video-preview:-1\" \/>\n<link rel=\"canonical\" href=\"https:\/\/cliniccenter.co.uk\/de\/op-dr-gamze\/\" \/>\n<meta property=\"og:locale\" content=\"de_DE\" \/>\n<meta property=\"og:type\" content=\"article\" \/>\n<meta property=\"og:title\" content=\"Op. Dr. Gamze | Sch\u00f6nheitschirurg | Clinic Center\" \/>\n<meta property=\"og:description\" content=\"Lesen Sie mehr \u00fcber Partner Op. Dr. Gamze Kurdal vom Clinic Center mit mehr als 10 Jahren Erfahrung in der plastischen Chirurgie.\" \/>\n<meta property=\"og:url\" content=\"https:\/\/cliniccenter.co.uk\/de\/op-dr-gamze\/\" \/>\n<meta property=\"article:publisher\" content=\"https:\/\/www.facebook.com\/cliniccenter.co.uk\/\" \/>\n<meta property=\"article:modified_time\" content=\"2024-11-18T13:33:47+00:00\" \/>\n<meta property=\"og:image\" content=\"https:\/\/cliniccenter.co.uk\/wp-content\/uploads\/2022\/09\/gamze-kurdal-dik-1-517x1024.jpg\" \/>\n<meta name=\"twitter:card\" content=\"summary_large_image\" \/>\n<meta name=\"twitter:site\" content=\"@cliniccenteruk\" \/>\n<meta name=\"twitter:label1\" content=\"Gesch\u00e4tzte Lesezeit\" \/>\n\t<meta name=\"twitter:data1\" content=\"2\u00a0Minuten\" \/>\n<!-- \/ Yoast SEO plugin. -->","yoast_head_json":{"title":"Op. Dr. Gamze | Sch\u00f6nheitschirurg | Clinic Center","description":"Lesen Sie mehr \u00fcber Partner Op. Dr. Gamze Kurdal vom Clinic Center mit mehr als 10 Jahren Erfahrung in der plastischen Chirurgie.","robots":{"index":"index","follow":"follow","max-snippet":"max-snippet:-1","max-image-preview":"max-image-preview:large","max-video-preview":"max-video-preview:-1"},"canonical":"https:\/\/cliniccenter.co.uk\/de\/op-dr-gamze\/","og_locale":"de_DE","og_type":"article","og_title":"Op. Dr. Gamze | Sch\u00f6nheitschirurg | Clinic Center","og_description":"Lesen Sie mehr \u00fcber Partner Op. Dr. Gamze Kurdal vom Clinic Center mit mehr als 10 Jahren Erfahrung in der plastischen Chirurgie.","og_url":"https:\/\/cliniccenter.co.uk\/de\/op-dr-gamze\/","article_publisher":"https:\/\/www.facebook.com\/cliniccenter.co.uk\/","article_modified_time":"2024-11-18T13:33:47+00:00","og_image":[{"url":"https:\/\/cliniccenter.co.uk\/wp-content\/uploads\/2022\/09\/gamze-kurdal-dik-1-517x1024.jpg","type":"","width":"","height":""}],"twitter_card":"summary_large_image","twitter_site":"@cliniccenteruk","twitter_misc":{"Gesch\u00e4tzte Lesezeit":"2\u00a0Minuten"},"schema":{"@context":"https:\/\/schema.org","@graph":[{"@type":"WebPage","@id":"https:\/\/cliniccenter.co.uk\/de\/op-dr-gamze\/","url":"https:\/\/cliniccenter.co.uk\/de\/op-dr-gamze\/","name":"Op. Dr. Gamze | Sch\u00f6nheitschirurg | Clinic Center","isPartOf":{"@id":"https:\/\/cliniccenter.co.uk\/ro\/#website"},"primaryImageOfPage":{"@id":"https:\/\/cliniccenter.co.uk\/de\/op-dr-gamze\/#primaryimage"},"image":{"@id":"https:\/\/cliniccenter.co.uk\/de\/op-dr-gamze\/#primaryimage"},"thumbnailUrl":"https:\/\/cliniccenter.co.uk\/wp-content\/uploads\/2022\/09\/gamze-kurdal-dik-1-517x1024.jpg","datePublished":"2022-09-30T13:18:21+00:00","dateModified":"2024-11-18T13:33:47+00:00","description":"Lesen Sie mehr \u00fcber Partner Op. Dr. Gamze Kurdal vom Clinic Center mit mehr als 10 Jahren Erfahrung in der plastischen Chirurgie.","breadcrumb":{"@id":"https:\/\/cliniccenter.co.uk\/de\/op-dr-gamze\/#breadcrumb"},"inLanguage":"de","potentialAction":[{"@type":"ReadAction","target":["https:\/\/cliniccenter.co.uk\/de\/op-dr-gamze\/"]}]},{"@type":"ImageObject","inLanguage":"de","@id":"https:\/\/cliniccenter.co.uk\/de\/op-dr-gamze\/#primaryimage","url":"https:\/\/cliniccenter.co.uk\/wp-content\/uploads\/2022\/09\/gamze-kurdal-dik-1-517x1024.jpg","contentUrl":"https:\/\/cliniccenter.co.uk\/wp-content\/uploads\/2022\/09\/gamze-kurdal-dik-1-517x1024.jpg"},{"@type":"BreadcrumbList","@id":"https:\/\/cliniccenter.co.uk\/de\/op-dr-gamze\/#breadcrumb","itemListElement":[{"@type":"ListItem","position":1,"name":"Home","item":"https:\/\/cliniccenter.co.uk\/de\/"},{"@type":"ListItem","position":2,"name":"Beste Chirurgen in der T\u00fcrkei | Top-Operationen in der T\u00fcrkei","item":"https:\/\/cliniccenter.co.uk\/de\/arzt\/"},{"@type":"ListItem","position":3,"name":"Op. Dr. Gamze | Sch\u00f6nheitschirurg | Clinic Center"}]},{"@type":"WebSite","@id":"https:\/\/cliniccenter.co.uk\/ro\/#website","url":"https:\/\/cliniccenter.co.uk\/ro\/","name":"","description":"","potentialAction":[{"@type":"SearchAction","target":{"@type":"EntryPoint","urlTemplate":"https:\/\/cliniccenter.co.uk\/ro\/?s={search_term_string}"},"query-input":{"@type":"PropertyValueSpecification","valueRequired":true,"valueName":"search_term_string"}}],"inLanguage":"de"}]}},"uagb_featured_image_src":{"full":false,"thumbnail":false,"medium":false,"medium_large":false,"large":false,"1536x1536":false,"2048x2048":false},"uagb_author_info":{"display_name":"G\u00f6rkem G\u00fcng\u00f6r","author_link":"https:\/\/cliniccenter.co.uk\/de\/blog\/author\/gorkem\/"},"uagb_comment_info":0,"uagb_excerpt":"Nach ihrem Abschluss an der medizinischen Fakult\u00e4t der Marmara-Universit\u00e4t im Jahr 2011 schloss Doktor Gamze Kurdal 2018 ihre Fachausbildung in Plastischer, Rekonstruktiver und \u00c4sthetischer Chirurgie am SB\u00dc Sultan Abd\u00fclhamid Han Training and Research Hospital ab. Dr. Kurdal absolvierte zwischen 2018 und 2021 ihren Pflichtdienst in K\u0131rklareli. Durch die Teilnahme an zahlreichen nationalen und internationalen Kongressen&hellip;","_links":{"self":[{"href":"https:\/\/cliniccenter.co.uk\/de\/wp-json\/wp\/v2\/pages\/44932"}],"collection":[{"href":"https:\/\/cliniccenter.co.uk\/de\/wp-json\/wp\/v2\/pages"}],"about":[{"href":"https:\/\/cliniccenter.co.uk\/de\/wp-json\/wp\/v2\/types\/page"}],"author":[{"embeddable":true,"href":"https:\/\/cliniccenter.co.uk\/de\/wp-json\/wp\/v2\/users\/15"}],"replies":[{"embeddable":true,"href":"https:\/\/cliniccenter.co.uk\/de\/wp-json\/wp\/v2\/comments?post=44932"}],"version-history":[{"count":2,"href":"https:\/\/cliniccenter.co.uk\/de\/wp-json\/wp\/v2\/pages\/44932\/revisions"}],"predecessor-version":[{"id":57939,"href":"https:\/\/cliniccenter.co.uk\/de\/wp-json\/wp\/v2\/pages\/44932\/revisions\/57939"}],"up":[{"embeddable":true,"href":"https:\/\/cliniccenter.co.uk\/de\/wp-json\/wp\/v2\/pages\/18856"}],"wp:attachment":[{"href":"https:\/\/cliniccenter.co.uk\/de\/wp-json\/wp\/v2\/media?parent=44932"}],"curies":[{"name":"wp","href":"https:\/\/api.w.org\/{rel}","templated":true}]}}