{"id":44936,"date":"2022-05-05T08:35:49","date_gmt":"2022-05-05T08:35:49","guid":{"rendered":"https:\/\/cliniccenter.co.uk\/arzt\/dr-gungor-gul\/"},"modified":"2024-03-28T11:49:42","modified_gmt":"2024-03-28T11:49:42","slug":"dr-gungor","status":"publish","type":"page","link":"https:\/\/cliniccenter.co.uk\/de\/dr-gungor\/","title":{"rendered":"Dr. G\u00fcng\u00f6r"},"content":{"rendered":"\n<div class=\"wp-block-columns is-layout-flex wp-container-core-columns-is-layout-3 wp-block-columns-is-layout-flex\">\n<div class=\"wp-block-column is-layout-flow wp-block-column-is-layout-flow\" style=\"flex-basis:33.33%\">\n<figure class=\"wp-block-gallery has-nested-images columns-default is-cropped wp-block-gallery-1 is-layout-flex wp-block-gallery-is-layout-flex\">\n<figure class=\"wp-block-image size-large\"><img decoding=\"async\" width=\"517\" height=\"1024\" src=\"https:\/\/cliniccenter.co.uk\/wp-content\/uploads\/2022\/05\/gungor-gul-dik-517x1024.jpg\" alt=\"G\u00fcng\u00f6r G\u00fcl Dikey\" class=\"wp-image-37393\" srcset=\"https:\/\/cliniccenter.co.uk\/wp-content\/uploads\/2022\/05\/gungor-gul-dik-517x1024.jpg 517w, https:\/\/cliniccenter.co.uk\/wp-content\/uploads\/2022\/05\/gungor-gul-dik-152x300.jpg 152w, https:\/\/cliniccenter.co.uk\/wp-content\/uploads\/2022\/05\/gungor-gul-dik.jpg 548w\" sizes=\"(max-width: 517px) 100vw, 517px\" \/><\/figure>\n<\/figure>\n<\/div>\n\n\n\n<div class=\"wp-block-column is-layout-flow wp-block-column-is-layout-flow\" style=\"flex-basis:66.66%\">\n<div class=\"wp-block-columns is-layout-flex wp-container-core-columns-is-layout-1 wp-block-columns-is-layout-flex\">\n<div class=\"wp-block-column leftpadbox is-layout-flow wp-block-column-is-layout-flow\">\n<p>Dr. G\u00fcng\u00f6r ist ein erfahrener Facharzt f\u00fcr Allgemeinchirurgie, der mit Clinic Center zusammenarbeitet, um unseren Patienten die besten Magenoperationen zu erm\u00f6glichen. G\u00fcng\u00f6r ist seit 24 Jahren im medizinischen Bereich t\u00e4tig, nachdem er 1998 seinen Abschluss an der medizinischen Fakult\u00e4t der Marmara-Universit\u00e4t gemacht hat.<\/p>\n\n\n\n<p>Dr. G\u00fcng\u00f6r ist ein Chirurg, der davon \u00fcberzeugt ist, dass die gr\u00f6\u00dfte Tugend eines Arztes Empathie sein sollte, weshalb er eine Basis des Vertrauens und der Empathie f\u00fcr seine Patienten aufgebaut hat. Er ist davon \u00fcberzeugt, dass dies zu den besten Ergebnissen bei jeder Operation f\u00fchrt. G\u00fcng\u00f6r hat im Laufe seiner Karriere in verschiedenen Krankenh\u00e4usern gearbeitet und f\u00fchrt seine Dienste nun in seiner Privatpraxis fort.<\/p>\n\n\n\n<p>Er f\u00fchrt mit Clinic Center Magenoperationen durch. Er ist au\u00dferdem Mitglied mehrerer nationaler und internationaler medizinischer Einrichtungen.<\/p>\n<\/div>\n<\/div>\n\n\n\n<div class=\"wp-block-columns is-layout-flex wp-container-core-columns-is-layout-2 wp-block-columns-is-layout-flex\">\n<div class=\"wp-block-column leftpadbox is-layout-flow wp-block-column-is-layout-flow\">\n<p><strong>Erfahrung<\/strong>: 24 Jahre<br><strong>International behandelte Patienten<\/strong>: Vereinigtes K\u00f6nigreich, Irland, Australien, Vereinigte Staaten von Amerika, Kanada, Deutschland, Frankreich, Vereinigte Arabische Emirate, Saudi-Arabien<br><strong>Fachgebiete:<\/strong> <a href=\"https:\/\/cliniccenter.co.uk\/intragastric-balloon-operation-in-turkey\/\">Gastric Bypass, <\/a><a href=\"https:\/\/cliniccenter.co.uk\/gastric-sleeve-in-turkey\/\">Gastric Sleeve<\/a>, <a href=\"https:\/\/cliniccenter.co.uk\/intragastric-balloon-operation-in-turkey\/\">Gastric Balloon<\/a><br><strong>Mitgliedschaften<\/strong>: T\u00fcrkische \u00c4rztekammer<br><strong>Stadt<\/strong>:&nbsp;Istanbul, Turkei<br><strong>Arbeitstage<\/strong>: Wochentags<br><strong>Sprachen<\/strong>: Englisch, Spanisch<br><strong>Kontakt<\/strong>:&nbsp;info@cliniccenter.co.uk<\/p>\n<\/div>\n<\/div>\n<\/div>\n<\/div>\n\n\n\n<script type=\"application\/ld+json\">\n    {\n        \"@context\": \"http:\\\/\\\/schema.org\",\n        \"@type\": \"Physician\",\n        \"@id\": \"https:\/\/cliniccenter.co.uk\/de\/dr-gungor\/\",\n        \"areaServed\": {\n            \"@type\": \"Place\",\n            \"name\": \"Istanbul, Turkei\"\n        },\n        \"alumniOf\": {\n            \"@type\": \"OrganizationRole\",\n            \"alumniOf\": {\n                \"@type\": \"CollegeOrUniversity\",\n                \"name\": \"Marmara University Faculty of Medicine\"\n            }\n        },\n        \"employee\": {\n            \"@type\": \"Person\",\n            \"@id\": \"https:\/\/cliniccenter.co.uk\/de\/dr-gungor\/\",\n            \"description\": \"Dr. G\u00fcng\u00f6r ist ein erfahrener Facharzt f\u00fcr Allgemeinchirurgie, der mit Clinic Center zusammenarbeitet, um unseren Patienten die besten Magenoperationen zu erm\u00f6glichen. G\u00fcng\u00f6r ist seit 24 Jahren im medizinischen Bereich t\u00e4tig, nachdem er 1998 seinen Abschluss an der medizinischen Fakult\u00e4t der Marmara-Universit\u00e4t gemacht hat. G\u00fcng\u00f6r ist ein Chirurg, der glaubt, dass die gr\u00f6\u00dfte Tugend eines Arztes Empathie sein sollte, weshalb er eine Basis des Vertrauens und der Empathie aufgebaut hat f\u00fcr seine Patienten. Er ist davon \u00fcberzeugt, dass dies zu den besten Ergebnissen bei jeder Operation f\u00fchrt. G\u00fcng\u00f6r hat im Laufe seiner Karriere in verschiedenen Krankenh\u00e4usern gearbeitet und setzt seine Dienste nun in seiner Privatpraxis fort. Er f\u00fchrt Magenoperationen mit Clinic Center durch. Er ist au\u00dferdem Mitglied mehrerer nationaler und internationaler medizinischer Einrichtungen.\",\n            \"hasOccupation\": {\n                \"@type\": \"Occupation\",\n                \"name\": \"Magenchirurg\"\n            },\n            \"knowsLanguage\": {\n                \"@type\": \"Language\",\n                \"name\": \"English\",\n                \"alternateName\": \"en\"\n            },\n            \"honorificSuffix\": \"Dr.\"\n        },\n        \"hospitalAffiliation\": {\n            \"image\": {\n                \"@type\": \"ImageObject\",\n                \"@id\": \"https:\/\/cliniccenter.co.uk\/wp-content\/uploads\/2022\/05\/gungor-dik-517x1024.jpg\"\n            }\n        },\n        \"isAcceptingNewPatients\": \"https:\\\/\\\/schema.org\\\/True\",\n        \"isAccessibleForFree\": \"https:\\\/\\\/schema.org\\\/False\",\n        \"medicalSpecialty\": {\n            \"@type\": \"MedicalSpecialty\",\n            \"name\": \"Gastric Bypass, Gastric Sleeve, Gastric Balloon\"\n        },\n        \"memberOf\": {\n            \"@type\": \"Organization\",\n            \"name\": [\n                \"Turkish Medical Association\"\n            ]\n        },\n        \"name\": \"Dr. G\u00fcng\u00f6r\"\n    }\n<\/script>\n","protected":false},"excerpt":{"rendered":"<p>Dr. G\u00fcng\u00f6r ist ein erfahrener Facharzt f\u00fcr Allgemeinchirurgie, der mit Clinic Center zusammenarbeitet, um unseren Patienten die besten Magenoperationen zu erm\u00f6glichen. G\u00fcng\u00f6r ist seit 24 Jahren im medizinischen Bereich t\u00e4tig, nachdem er 1998 seinen Abschluss an der medizinischen Fakult\u00e4t der Marmara-Universit\u00e4t gemacht hat. Dr. G\u00fcng\u00f6r ist ein Chirurg, der davon \u00fcberzeugt ist, dass die gr\u00f6\u00dfte [&hellip;]<\/p>\n","protected":false},"author":15,"featured_media":0,"parent":18856,"menu_order":0,"comment_status":"closed","ping_status":"closed","template":"","meta":{"_uag_custom_page_level_css":"","_lmt_disableupdate":"no","_lmt_disable":"","site-sidebar-layout":"default","site-content-layout":"default","ast-site-content-layout":"default","site-content-style":"default","site-sidebar-style":"default","ast-global-header-display":"","ast-banner-title-visibility":"","ast-main-header-display":"","ast-hfb-above-header-display":"","ast-hfb-below-header-display":"","ast-hfb-mobile-header-display":"","site-post-title":"","ast-breadcrumbs-content":"","ast-featured-img":"","footer-sml-layout":"","theme-transparent-header-meta":"default","adv-header-id-meta":"","stick-header-meta":"","header-above-stick-meta":"","header-main-stick-meta":"","header-below-stick-meta":"","astra-migrate-meta-layouts":"set","ast-page-background-enabled":"default","ast-page-background-meta":{"desktop":{"background-color":"","background-image":"","background-repeat":"repeat","background-position":"center center","background-size":"auto","background-attachment":"scroll","background-type":"","background-media":"","overlay-type":"","overlay-color":"","overlay-opacity":"","overlay-gradient":""},"tablet":{"background-color":"","background-image":"","background-repeat":"repeat","background-position":"center center","background-size":"auto","background-attachment":"scroll","background-type":"","background-media":"","overlay-type":"","overlay-color":"","overlay-opacity":"","overlay-gradient":""},"mobile":{"background-color":"","background-image":"","background-repeat":"repeat","background-position":"center center","background-size":"auto","background-attachment":"scroll","background-type":"","background-media":"","overlay-type":"","overlay-color":"","overlay-opacity":"","overlay-gradient":""}},"ast-content-background-meta":{"desktop":{"background-color":"var(--ast-global-color-5)","background-image":"","background-repeat":"repeat","background-position":"center center","background-size":"auto","background-attachment":"scroll","background-type":"","background-media":"","overlay-type":"","overlay-color":"","overlay-opacity":"","overlay-gradient":""},"tablet":{"background-color":"var(--ast-global-color-5)","background-image":"","background-repeat":"repeat","background-position":"center center","background-size":"auto","background-attachment":"scroll","background-type":"","background-media":"","overlay-type":"","overlay-color":"","overlay-opacity":"","overlay-gradient":""},"mobile":{"background-color":"var(--ast-global-color-5)","background-image":"","background-repeat":"repeat","background-position":"center center","background-size":"auto","background-attachment":"scroll","background-type":"","background-media":"","overlay-type":"","overlay-color":"","overlay-opacity":"","overlay-gradient":""}},"footnotes":""},"class_list":["post-44936","page","type-page","status-publish","hentry"],"yoast_head":"<!-- This site is optimized with the Yoast SEO plugin v25.3.1 - https:\/\/yoast.com\/wordpress\/plugins\/seo\/ -->\n<title>Dr. G\u00fcng\u00f6r | Magenchirurg | Clinic Center<\/title>\n<meta name=\"description\" content=\"Lesen Sie mehr \u00fcber den Partnerexperten Dr. G\u00fcng\u00f6r mit mehr als 24 Jahren Erfahrung im medizinischen Bereich.\" \/>\n<meta name=\"robots\" content=\"index, follow, max-snippet:-1, max-image-preview:large, max-video-preview:-1\" \/>\n<link rel=\"canonical\" href=\"https:\/\/cliniccenter.co.uk\/de\/dr-gungor\/\" \/>\n<meta property=\"og:locale\" content=\"de_DE\" \/>\n<meta property=\"og:type\" content=\"article\" \/>\n<meta property=\"og:title\" content=\"Dr. G\u00fcng\u00f6r | Magenchirurg | Clinic Center\" \/>\n<meta property=\"og:description\" content=\"Lesen Sie mehr \u00fcber den Partnerexperten Dr. G\u00fcng\u00f6r mit mehr als 24 Jahren Erfahrung im medizinischen Bereich.\" \/>\n<meta property=\"og:url\" content=\"https:\/\/cliniccenter.co.uk\/de\/dr-gungor\/\" \/>\n<meta property=\"article:publisher\" content=\"https:\/\/www.facebook.com\/cliniccenter.co.uk\/\" \/>\n<meta property=\"article:modified_time\" content=\"2024-03-28T11:49:42+00:00\" \/>\n<meta property=\"og:image\" content=\"https:\/\/cliniccenter.co.uk\/wp-content\/uploads\/2022\/05\/gungor-gul-dik-517x1024.jpg\" \/>\n<meta name=\"twitter:card\" content=\"summary_large_image\" \/>\n<meta name=\"twitter:site\" content=\"@cliniccenteruk\" \/>\n<meta name=\"twitter:label1\" content=\"Gesch\u00e4tzte Lesezeit\" \/>\n\t<meta name=\"twitter:data1\" content=\"1\u00a0Minute\" \/>\n<!-- \/ Yoast SEO plugin. -->","yoast_head_json":{"title":"Dr. G\u00fcng\u00f6r | Magenchirurg | Clinic Center","description":"Lesen Sie mehr \u00fcber den Partnerexperten Dr. G\u00fcng\u00f6r mit mehr als 24 Jahren Erfahrung im medizinischen Bereich.","robots":{"index":"index","follow":"follow","max-snippet":"max-snippet:-1","max-image-preview":"max-image-preview:large","max-video-preview":"max-video-preview:-1"},"canonical":"https:\/\/cliniccenter.co.uk\/de\/dr-gungor\/","og_locale":"de_DE","og_type":"article","og_title":"Dr. G\u00fcng\u00f6r | Magenchirurg | Clinic Center","og_description":"Lesen Sie mehr \u00fcber den Partnerexperten Dr. G\u00fcng\u00f6r mit mehr als 24 Jahren Erfahrung im medizinischen Bereich.","og_url":"https:\/\/cliniccenter.co.uk\/de\/dr-gungor\/","article_publisher":"https:\/\/www.facebook.com\/cliniccenter.co.uk\/","article_modified_time":"2024-03-28T11:49:42+00:00","og_image":[{"url":"https:\/\/cliniccenter.co.uk\/wp-content\/uploads\/2022\/05\/gungor-gul-dik-517x1024.jpg","type":"","width":"","height":""}],"twitter_card":"summary_large_image","twitter_site":"@cliniccenteruk","twitter_misc":{"Gesch\u00e4tzte Lesezeit":"1\u00a0Minute"},"schema":{"@context":"https:\/\/schema.org","@graph":[{"@type":"WebPage","@id":"https:\/\/cliniccenter.co.uk\/de\/dr-gungor\/","url":"https:\/\/cliniccenter.co.uk\/de\/dr-gungor\/","name":"Dr. G\u00fcng\u00f6r | Magenchirurg | Clinic Center","isPartOf":{"@id":"https:\/\/cliniccenter.co.uk\/ro\/#website"},"primaryImageOfPage":{"@id":"https:\/\/cliniccenter.co.uk\/de\/dr-gungor\/#primaryimage"},"image":{"@id":"https:\/\/cliniccenter.co.uk\/de\/dr-gungor\/#primaryimage"},"thumbnailUrl":"https:\/\/cliniccenter.co.uk\/wp-content\/uploads\/2022\/05\/gungor-gul-dik-517x1024.jpg","datePublished":"2022-05-05T08:35:49+00:00","dateModified":"2024-03-28T11:49:42+00:00","description":"Lesen Sie mehr \u00fcber den Partnerexperten Dr. G\u00fcng\u00f6r mit mehr als 24 Jahren Erfahrung im medizinischen Bereich.","breadcrumb":{"@id":"https:\/\/cliniccenter.co.uk\/de\/dr-gungor\/#breadcrumb"},"inLanguage":"de","potentialAction":[{"@type":"ReadAction","target":["https:\/\/cliniccenter.co.uk\/de\/dr-gungor\/"]}]},{"@type":"ImageObject","inLanguage":"de","@id":"https:\/\/cliniccenter.co.uk\/de\/dr-gungor\/#primaryimage","url":"https:\/\/cliniccenter.co.uk\/wp-content\/uploads\/2022\/05\/gungor-gul-dik-517x1024.jpg","contentUrl":"https:\/\/cliniccenter.co.uk\/wp-content\/uploads\/2022\/05\/gungor-gul-dik-517x1024.jpg"},{"@type":"BreadcrumbList","@id":"https:\/\/cliniccenter.co.uk\/de\/dr-gungor\/#breadcrumb","itemListElement":[{"@type":"ListItem","position":1,"name":"Home","item":"https:\/\/cliniccenter.co.uk\/de\/"},{"@type":"ListItem","position":2,"name":"Beste Chirurgen in der T\u00fcrkei | Top-Operationen in der T\u00fcrkei","item":"https:\/\/cliniccenter.co.uk\/de\/arzt\/"},{"@type":"ListItem","position":3,"name":"Dr. G\u00fcng\u00f6r"}]},{"@type":"WebSite","@id":"https:\/\/cliniccenter.co.uk\/ro\/#website","url":"https:\/\/cliniccenter.co.uk\/ro\/","name":"","description":"","potentialAction":[{"@type":"SearchAction","target":{"@type":"EntryPoint","urlTemplate":"https:\/\/cliniccenter.co.uk\/ro\/?s={search_term_string}"},"query-input":{"@type":"PropertyValueSpecification","valueRequired":true,"valueName":"search_term_string"}}],"inLanguage":"de"}]}},"uagb_featured_image_src":{"full":false,"thumbnail":false,"medium":false,"medium_large":false,"large":false,"1536x1536":false,"2048x2048":false},"uagb_author_info":{"display_name":"G\u00f6rkem G\u00fcng\u00f6r","author_link":"https:\/\/cliniccenter.co.uk\/de\/blog\/author\/gorkem\/"},"uagb_comment_info":0,"uagb_excerpt":"Dr. G\u00fcng\u00f6r ist ein erfahrener Facharzt f\u00fcr Allgemeinchirurgie, der mit Clinic Center zusammenarbeitet, um unseren Patienten die besten Magenoperationen zu erm\u00f6glichen. G\u00fcng\u00f6r ist seit 24 Jahren im medizinischen Bereich t\u00e4tig, nachdem er 1998 seinen Abschluss an der medizinischen Fakult\u00e4t der Marmara-Universit\u00e4t gemacht hat. Dr. G\u00fcng\u00f6r ist ein Chirurg, der davon \u00fcberzeugt ist, dass die gr\u00f6\u00dfte&hellip;","_links":{"self":[{"href":"https:\/\/cliniccenter.co.uk\/de\/wp-json\/wp\/v2\/pages\/44936"}],"collection":[{"href":"https:\/\/cliniccenter.co.uk\/de\/wp-json\/wp\/v2\/pages"}],"about":[{"href":"https:\/\/cliniccenter.co.uk\/de\/wp-json\/wp\/v2\/types\/page"}],"author":[{"embeddable":true,"href":"https:\/\/cliniccenter.co.uk\/de\/wp-json\/wp\/v2\/users\/15"}],"replies":[{"embeddable":true,"href":"https:\/\/cliniccenter.co.uk\/de\/wp-json\/wp\/v2\/comments?post=44936"}],"version-history":[{"count":3,"href":"https:\/\/cliniccenter.co.uk\/de\/wp-json\/wp\/v2\/pages\/44936\/revisions"}],"predecessor-version":[{"id":51139,"href":"https:\/\/cliniccenter.co.uk\/de\/wp-json\/wp\/v2\/pages\/44936\/revisions\/51139"}],"up":[{"embeddable":true,"href":"https:\/\/cliniccenter.co.uk\/de\/wp-json\/wp\/v2\/pages\/18856"}],"wp:attachment":[{"href":"https:\/\/cliniccenter.co.uk\/de\/wp-json\/wp\/v2\/media?parent=44936"}],"curies":[{"name":"wp","href":"https:\/\/api.w.org\/{rel}","templated":true}]}}