{"id":44947,"date":"2023-03-06T07:46:14","date_gmt":"2023-03-06T07:46:14","guid":{"rendered":"https:\/\/cliniccenter.co.uk\/arzt\/ephesus-dental-global\/"},"modified":"2023-09-01T06:51:40","modified_gmt":"2023-09-01T06:51:40","slug":"ephesus-dental-global","status":"publish","type":"page","link":"https:\/\/cliniccenter.co.uk\/de\/ephesus-dental-global","title":{"rendered":"Ephesus Global Dental"},"content":{"rendered":"\n<div class=\"wp-block-columns is-layout-flex wp-container-core-columns-is-layout-3 wp-block-columns-is-layout-flex\">\n<div class=\"wp-block-column is-layout-flow wp-block-column-is-layout-flow\" style=\"flex-basis:33.33%\">\n<div class=\"wp-block-image\"><figure class=\"alignleft size-large\"><img decoding=\"async\" width=\"517\" height=\"1024\" src=\"https:\/\/cliniccenter.co.uk\/wp-content\/uploads\/2023\/03\/ephesus-dis-517x1024.jpg\" alt=\"ephesus-dental-global\" class=\"wp-image-42738\" srcset=\"https:\/\/cliniccenter.co.uk\/wp-content\/uploads\/2023\/03\/ephesus-dis-517x1024.jpg 517w, https:\/\/cliniccenter.co.uk\/wp-content\/uploads\/2023\/03\/ephesus-dis-152x300.jpg 152w, https:\/\/cliniccenter.co.uk\/wp-content\/uploads\/2023\/03\/ephesus-dis.jpg 548w\" sizes=\"(max-width: 517px) 100vw, 517px\" \/><\/figure><\/div>\n<\/div>\n\n\n\n<div class=\"wp-block-column is-layout-flow wp-block-column-is-layout-flow\" style=\"flex-basis:66.66%\">\n<div class=\"wp-block-columns is-layout-flex wp-container-core-columns-is-layout-1 wp-block-columns-is-layout-flex\">\n<div class=\"wp-block-column leftpadbox is-layout-flow wp-block-column-is-layout-flow\">\n<p>Die Ephesus Dental Clinic widmet sich seit ihrer Gr\u00fcndung der Bereitstellung hochwertiger Zahnpflege f\u00fcr ihre Patienten. Die Mission bestand schon immer darin, denjenigen, die unser Fachwissen suchen, professionellen und erfahrenen Service zu bieten, was uns im Laufe der Jahre erfolgreich gelungen ist. Das Engagement von Ephesus Dental Global f\u00fcr Spitzenleistungen war die treibende Kraft hinter unserem Erfolg und das Unternehmen strebt weiterhin jeden Tag nach besseren Ergebnissen. Als zahnmedizinische Einrichtung, die ihre Erfahrungen aus der Vergangenheit wertsch\u00e4tzt, konnte Ephesus Global daraus Kraft sch\u00f6pfen und gleichzeitig den Blick auf die Zukunft richten.<\/p>\n\n\n\n<p>Die im Stadtteil Alsancak von Izmir gelegene Ephesus Global Dental Oral and Dental Health Polyclinic betreut seit 2015 Patienten mit hochqualifiziertem und erfahrenem \u00c4rztepersonal an sechs Tagen in der Woche. Die Ephesus Dental Clinic verf\u00fcgt \u00fcber eine Arbeitsfl\u00e4che von etwa 600 Quadratmetern und ist stolz darauf bei der Bereitstellung einer komfortablen und einladenden Umgebung f\u00fcr ihre Patienten. In der Klinik sind sie davon \u00fcberzeugt, dass jeder Patient einzigartig ist und eine pers\u00f6nliche Betreuung verdient. Die Partnerklinik des Clinic Center, Ephesus Dental Global, bietet eine breite Palette zahn\u00e4rztlicher Dienstleistungen an, die auf unterschiedliche Bed\u00fcrfnisse zugeschnitten sind, darunter pr\u00e4ventive, restaurative und kosmetische Zahnheilkunde. Das Team aus hochqualifizierten und erfahrenen Zahn\u00e4rzten in Ephesus bietet umfassende Betreuung f\u00fcr Patienten jeden Alters, vom Kind bis zum Erwachsenen.<\/p>\n<\/div>\n<\/div>\n\n\n\n<div class=\"wp-block-columns is-layout-flex wp-container-core-columns-is-layout-2 wp-block-columns-is-layout-flex\">\n<div class=\"wp-block-column leftpadbox is-layout-flow wp-block-column-is-layout-flow\">\n<p><strong>International behandelte Patienten<\/strong>: Das Vereinigte K\u00f6nigreich, Irland, Australien, die Vereinigten Staaten von Amerika, die Vereinigten Arabischen Emirate, Saudi-Arabien, Kuwait, die L\u00e4nder der Europ\u00e4ischen Union<br><strong>Fachgebiete:<\/strong> <a href=\"https:\/\/cliniccenter.co.uk\/porcelain-veneers-in-turkey\/\">Porcelain Veneers<\/a>, <a href=\"https:\/\/cliniccenter.co.uk\/dental-crowns-in-turkey\/\">Dental Crowns<\/a>, <a href=\"https:\/\/cliniccenter.co.uk\/dental-implants-in-turkey\/\">Dental Implants<\/a>, <a href=\"https:\/\/cliniccenter.co.uk\/hollywood-smile-in-turkey\/\">Hollywood Smile<\/a>, <a href=\"https:\/\/cliniccenter.co.uk\/root-canal-treatment\/\">Root-Canal Treatment<\/a>, <a href=\"https:\/\/cliniccenter.co.uk\/gingivoplasty-gingivectomy-in-turkey\/\">Gingivoplasty &amp; Gingivectomy<\/a>, <a href=\"https:\/\/cliniccenter.co.uk\/all-on-4-in-turkey\/\">All-On-4, All-On-6 &amp; All-On-8<\/a>, <a href=\"https:\/\/cliniccenter.co.uk\/teeth-whitening-in-turkey\/\">Teeth Whitening<\/a>, <a href=\"https:\/\/cliniccenter.co.uk\/dentistry\/\">Dental Treatments\u00a0<\/a><br><strong>Stadt<\/strong>:\u00a0Izmir, Turkei<br><strong>Arbeitstage<\/strong>: Wochentags und Samstag<br><strong>Kontakt<\/strong>:\u00a0+44 20 3575 1039 &amp; info@cliniccenter.co.uk<br><a href=\"https:\/\/cliniccenter.co.uk\/dentistry\/#dentists\"><strong>Our Dentists<\/strong><\/a><\/p>\n<\/div>\n<\/div>\n<\/div>\n<\/div>\n\n\n\n<script type=\"application\/ld+json\">\n        {\n            \"@context\": \"http:\\\/\\\/schema.org\",\n            \"@type\": \"Physician\",\n            \"@id\": \"https:\/\/cliniccenter.co.uk\/de\/ephesus-dental-global\/\",\n            \"areaServed\": {\n                \"@type\": \"Place\",\n                \"name\": \"Izmir, Turkei\"\n            },\n            \"alumniOf\": {\n                \"@type\": \"OrganizationRole\",\n                \"alumniOf\": {\n                    \"@type\": \"CollegeOrUniversity\",\n                    \"name\": \"Istanbul University Capa\"\n                }\n            },\n            \"employee\": {\n                \"@type\": \"Person\",\n                \"@id\": \"https:\/\/cliniccenter.co.uk\/de\/ephesus-dental-global\/\",\n                \"description\": \"Die Ephesus Dental Clinic widmet sich seit ihrer Gr\u00fcndung der Bereitstellung hochwertiger Zahnpflege f\u00fcr ihre Patienten. Die Mission bestand schon immer darin, denjenigen, die unser Fachwissen suchen, professionellen und erfahrenen Service zu bieten, was uns im Laufe der Jahre erfolgreich gelungen ist. Das Engagement von Ephesus Dental Global f\u00fcr Spitzenleistungen war die treibende Kraft hinter unserem Erfolg und das Unternehmen strebt weiterhin jeden Tag nach besseren Ergebnissen. Als zahnmedizinische Einrichtung, die ihre Erfahrungen aus der Vergangenheit wertsch\u00e4tzt, konnte Ephesus Global daraus Kraft sch\u00f6pfen und gleichzeitig den Blick auf die Zukunft richten. Die im Stadtteil Alsancak von Izmir gelegene Ephesus Global Dental Oral and Dental Health Polyclinic betreut seit 2015 Patienten mit hochqualifiziertem und erfahrenem \u00c4rztepersonal an sechs Tagen in der Woche. Die Ephesus Dental Clinic verf\u00fcgt \u00fcber eine Arbeitsfl\u00e4che von etwa 600 Quadratmetern und ist stolz darauf bei der Bereitstellung einer komfortablen und einladenden Umgebung f\u00fcr ihre Patienten. In der Klinik sind sie davon \u00fcberzeugt, dass jeder Patient einzigartig ist und eine pers\u00f6nliche Betreuung verdient. Die Partnerklinik des Clinic Center, Ephesus Dental Global, bietet eine breite Palette zahn\u00e4rztlicher Dienstleistungen an, die auf unterschiedliche Bed\u00fcrfnisse zugeschnitten sind, darunter pr\u00e4ventive, restaurative und kosmetische Zahnheilkunde. Das Team aus hochqualifizierten und erfahrenen Zahn\u00e4rzten in Ephesus bietet umfassende Betreuung f\u00fcr Patienten jeden Alters, vom Kind bis zum Erwachsenen.\",\n                \"hasOccupation\": {\n                    \"@type\": \"Occupation\",\n                    \"name\": \"Zahnheilkunde\"\n                },\n                \"knowsLanguage\": {\n                    \"@type\": \"Language\",\n                    \"name\": \"English\",\n                    \"alternateName\": \"en\"\n                },\n                \"honorificSuffix\": \"Zahnarzt\"\n            },\n            \"hospitalAffiliation\": {\n                \"image\": {\n                    \"@type\": \"ImageObject\",\n                    \"@id\": \"https:\/\/cliniccenter.co.uk\/wp-content\/uploads\/2023\/03\/ephesus-dis.jpg\"\n                }\n            },\n            \"isAcceptingNewPatients\": \"https:\\\/\\\/schema.org\\\/True\",\n            \"isAccessibleForFree\": \"https:\\\/\\\/schema.org\\\/False\",\n            \"medicalSpecialty\": {\n                \"@type\": \"MedicalSpecialty\",\n                \"name\": \" Porcelain Veneers, Dental Crowns, Dental Implants, Hollywood Smile, Root-Canal Treatment, Gingivoplasty & Gingivectomy, All-On-4 , All-On-6 & All-On-8, Teeth Whitening, Dental Treatments\"\n            },\n\n            \"name\": \"Ephesus Dental Global\"\n        }\n    <\/script>\n","protected":false},"excerpt":{"rendered":"<p>Die Ephesus Dental Clinic widmet sich seit ihrer Gr\u00fcndung der Bereitstellung hochwertiger Zahnpflege f\u00fcr ihre Patienten. Die Mission bestand schon immer darin, denjenigen, die unser Fachwissen suchen, professionellen und erfahrenen Service zu bieten, was uns im Laufe der Jahre erfolgreich gelungen ist. Das Engagement von Ephesus Dental Global f\u00fcr Spitzenleistungen war die treibende Kraft hinter [&hellip;]<\/p>\n","protected":false},"author":15,"featured_media":0,"parent":18856,"menu_order":0,"comment_status":"closed","ping_status":"closed","template":"","meta":{"_uag_custom_page_level_css":"","_lmt_disableupdate":"no","_lmt_disable":"","site-sidebar-layout":"default","site-content-layout":"default","ast-site-content-layout":"default","site-content-style":"default","site-sidebar-style":"default","ast-global-header-display":"","ast-banner-title-visibility":"","ast-main-header-display":"","ast-hfb-above-header-display":"","ast-hfb-below-header-display":"","ast-hfb-mobile-header-display":"","site-post-title":"","ast-breadcrumbs-content":"","ast-featured-img":"","footer-sml-layout":"","theme-transparent-header-meta":"default","adv-header-id-meta":"","stick-header-meta":"","header-above-stick-meta":"","header-main-stick-meta":"","header-below-stick-meta":"","astra-migrate-meta-layouts":"default","ast-page-background-enabled":"default","ast-page-background-meta":{"desktop":{"background-color":"","background-image":"","background-repeat":"repeat","background-position":"center center","background-size":"auto","background-attachment":"scroll","background-type":"","background-media":"","overlay-type":"","overlay-color":"","overlay-opacity":"","overlay-gradient":""},"tablet":{"background-color":"","background-image":"","background-repeat":"repeat","background-position":"center center","background-size":"auto","background-attachment":"scroll","background-type":"","background-media":"","overlay-type":"","overlay-color":"","overlay-opacity":"","overlay-gradient":""},"mobile":{"background-color":"","background-image":"","background-repeat":"repeat","background-position":"center center","background-size":"auto","background-attachment":"scroll","background-type":"","background-media":"","overlay-type":"","overlay-color":"","overlay-opacity":"","overlay-gradient":""}},"ast-content-background-meta":{"desktop":{"background-color":"var(--ast-global-color-5)","background-image":"","background-repeat":"repeat","background-position":"center center","background-size":"auto","background-attachment":"scroll","background-type":"","background-media":"","overlay-type":"","overlay-color":"","overlay-opacity":"","overlay-gradient":""},"tablet":{"background-color":"var(--ast-global-color-5)","background-image":"","background-repeat":"repeat","background-position":"center center","background-size":"auto","background-attachment":"scroll","background-type":"","background-media":"","overlay-type":"","overlay-color":"","overlay-opacity":"","overlay-gradient":""},"mobile":{"background-color":"var(--ast-global-color-5)","background-image":"","background-repeat":"repeat","background-position":"center center","background-size":"auto","background-attachment":"scroll","background-type":"","background-media":"","overlay-type":"","overlay-color":"","overlay-opacity":"","overlay-gradient":""}},"footnotes":""},"class_list":["post-44947","page","type-page","status-publish","hentry"],"yoast_head":"<!-- This site is optimized with the Yoast SEO plugin v25.3.1 - https:\/\/yoast.com\/wordpress\/plugins\/seo\/ -->\n<title>Ephesus Dental Global | Clinic Center<\/title>\n<meta name=\"description\" content=\"Ephesus Dental Global, eine Partnerklinik des Clinic Center, ist seit vielen Jahren in der Medizinbranche t\u00e4tig und f\u00fchrt zahn\u00e4rztliche Eingriffe durch.\" \/>\n<meta name=\"robots\" content=\"index, follow, max-snippet:-1, max-image-preview:large, max-video-preview:-1\" \/>\n<link rel=\"canonical\" href=\"https:\/\/cliniccenter.co.uk\/de\/ephesus-dental-global\/\" \/>\n<meta property=\"og:locale\" content=\"de_DE\" \/>\n<meta property=\"og:type\" content=\"article\" \/>\n<meta property=\"og:title\" content=\"Ephesus Dental Global | Clinic Center\" \/>\n<meta property=\"og:description\" content=\"Ephesus Dental Global, eine Partnerklinik des Clinic Center, ist seit vielen Jahren in der Medizinbranche t\u00e4tig und f\u00fchrt zahn\u00e4rztliche Eingriffe durch.\" \/>\n<meta property=\"og:url\" content=\"https:\/\/cliniccenter.co.uk\/de\/ephesus-dental-global\/\" \/>\n<meta property=\"article:publisher\" content=\"https:\/\/www.facebook.com\/cliniccenter.co.uk\/\" \/>\n<meta property=\"article:modified_time\" content=\"2023-09-01T06:51:40+00:00\" \/>\n<meta property=\"og:image\" content=\"https:\/\/cliniccenter.co.uk\/wp-content\/uploads\/2023\/03\/ephesus-dis-517x1024.jpg\" \/>\n<meta name=\"twitter:card\" content=\"summary_large_image\" \/>\n<meta name=\"twitter:site\" content=\"@cliniccenteruk\" \/>\n<meta name=\"twitter:label1\" content=\"Gesch\u00e4tzte Lesezeit\" \/>\n\t<meta name=\"twitter:data1\" content=\"3\u00a0Minuten\" \/>\n<!-- \/ Yoast SEO plugin. -->","yoast_head_json":{"title":"Ephesus Dental Global | Clinic Center","description":"Ephesus Dental Global, eine Partnerklinik des Clinic Center, ist seit vielen Jahren in der Medizinbranche t\u00e4tig und f\u00fchrt zahn\u00e4rztliche Eingriffe durch.","robots":{"index":"index","follow":"follow","max-snippet":"max-snippet:-1","max-image-preview":"max-image-preview:large","max-video-preview":"max-video-preview:-1"},"canonical":"https:\/\/cliniccenter.co.uk\/de\/ephesus-dental-global\/","og_locale":"de_DE","og_type":"article","og_title":"Ephesus Dental Global | Clinic Center","og_description":"Ephesus Dental Global, eine Partnerklinik des Clinic Center, ist seit vielen Jahren in der Medizinbranche t\u00e4tig und f\u00fchrt zahn\u00e4rztliche Eingriffe durch.","og_url":"https:\/\/cliniccenter.co.uk\/de\/ephesus-dental-global\/","article_publisher":"https:\/\/www.facebook.com\/cliniccenter.co.uk\/","article_modified_time":"2023-09-01T06:51:40+00:00","og_image":[{"url":"https:\/\/cliniccenter.co.uk\/wp-content\/uploads\/2023\/03\/ephesus-dis-517x1024.jpg","type":"","width":"","height":""}],"twitter_card":"summary_large_image","twitter_site":"@cliniccenteruk","twitter_misc":{"Gesch\u00e4tzte Lesezeit":"3\u00a0Minuten"},"schema":{"@context":"https:\/\/schema.org","@graph":[{"@type":"WebPage","@id":"https:\/\/cliniccenter.co.uk\/de\/ephesus-dental-global\/","url":"https:\/\/cliniccenter.co.uk\/de\/ephesus-dental-global\/","name":"Ephesus Dental Global | Clinic Center","isPartOf":{"@id":"https:\/\/cliniccenter.co.uk\/ro\/#website"},"primaryImageOfPage":{"@id":"https:\/\/cliniccenter.co.uk\/de\/ephesus-dental-global\/#primaryimage"},"image":{"@id":"https:\/\/cliniccenter.co.uk\/de\/ephesus-dental-global\/#primaryimage"},"thumbnailUrl":"https:\/\/cliniccenter.co.uk\/wp-content\/uploads\/2023\/03\/ephesus-dis-517x1024.jpg","datePublished":"2023-03-06T07:46:14+00:00","dateModified":"2023-09-01T06:51:40+00:00","description":"Ephesus Dental Global, eine Partnerklinik des Clinic Center, ist seit vielen Jahren in der Medizinbranche t\u00e4tig und f\u00fchrt zahn\u00e4rztliche Eingriffe durch.","breadcrumb":{"@id":"https:\/\/cliniccenter.co.uk\/de\/ephesus-dental-global\/#breadcrumb"},"inLanguage":"de","potentialAction":[{"@type":"ReadAction","target":["https:\/\/cliniccenter.co.uk\/de\/ephesus-dental-global\/"]}]},{"@type":"ImageObject","inLanguage":"de","@id":"https:\/\/cliniccenter.co.uk\/de\/ephesus-dental-global\/#primaryimage","url":"https:\/\/cliniccenter.co.uk\/wp-content\/uploads\/2023\/03\/ephesus-dis-517x1024.jpg","contentUrl":"https:\/\/cliniccenter.co.uk\/wp-content\/uploads\/2023\/03\/ephesus-dis-517x1024.jpg"},{"@type":"BreadcrumbList","@id":"https:\/\/cliniccenter.co.uk\/de\/ephesus-dental-global\/#breadcrumb","itemListElement":[{"@type":"ListItem","position":1,"name":"Home","item":"https:\/\/cliniccenter.co.uk\/de\/"},{"@type":"ListItem","position":2,"name":"Beste Chirurgen in der T\u00fcrkei | Top-Operationen in der T\u00fcrkei","item":"https:\/\/cliniccenter.co.uk\/de\/arzt\/"},{"@type":"ListItem","position":3,"name":"Ephesus Global Dental"}]},{"@type":"WebSite","@id":"https:\/\/cliniccenter.co.uk\/ro\/#website","url":"https:\/\/cliniccenter.co.uk\/ro\/","name":"","description":"","potentialAction":[{"@type":"SearchAction","target":{"@type":"EntryPoint","urlTemplate":"https:\/\/cliniccenter.co.uk\/ro\/?s={search_term_string}"},"query-input":{"@type":"PropertyValueSpecification","valueRequired":true,"valueName":"search_term_string"}}],"inLanguage":"de"}]}},"uagb_featured_image_src":{"full":false,"thumbnail":false,"medium":false,"medium_large":false,"large":false,"1536x1536":false,"2048x2048":false},"uagb_author_info":{"display_name":"G\u00f6rkem G\u00fcng\u00f6r","author_link":"https:\/\/cliniccenter.co.uk\/de\/blog\/author\/gorkem\/"},"uagb_comment_info":0,"uagb_excerpt":"Die Ephesus Dental Clinic widmet sich seit ihrer Gr\u00fcndung der Bereitstellung hochwertiger Zahnpflege f\u00fcr ihre Patienten. Die Mission bestand schon immer darin, denjenigen, die unser Fachwissen suchen, professionellen und erfahrenen Service zu bieten, was uns im Laufe der Jahre erfolgreich gelungen ist. Das Engagement von Ephesus Dental Global f\u00fcr Spitzenleistungen war die treibende Kraft hinter&hellip;","_links":{"self":[{"href":"https:\/\/cliniccenter.co.uk\/de\/wp-json\/wp\/v2\/pages\/44947"}],"collection":[{"href":"https:\/\/cliniccenter.co.uk\/de\/wp-json\/wp\/v2\/pages"}],"about":[{"href":"https:\/\/cliniccenter.co.uk\/de\/wp-json\/wp\/v2\/types\/page"}],"author":[{"embeddable":true,"href":"https:\/\/cliniccenter.co.uk\/de\/wp-json\/wp\/v2\/users\/15"}],"replies":[{"embeddable":true,"href":"https:\/\/cliniccenter.co.uk\/de\/wp-json\/wp\/v2\/comments?post=44947"}],"version-history":[{"count":1,"href":"https:\/\/cliniccenter.co.uk\/de\/wp-json\/wp\/v2\/pages\/44947\/revisions"}],"predecessor-version":[{"id":44949,"href":"https:\/\/cliniccenter.co.uk\/de\/wp-json\/wp\/v2\/pages\/44947\/revisions\/44949"}],"up":[{"embeddable":true,"href":"https:\/\/cliniccenter.co.uk\/de\/wp-json\/wp\/v2\/pages\/18856"}],"wp:attachment":[{"href":"https:\/\/cliniccenter.co.uk\/de\/wp-json\/wp\/v2\/media?parent=44947"}],"curies":[{"name":"wp","href":"https:\/\/api.w.org\/{rel}","templated":true}]}}