{"id":44950,"date":"2020-07-10T06:50:37","date_gmt":"2020-07-10T06:50:37","guid":{"rendered":"https:\/\/cliniccenter.co.uk\/behandlungen\/non-surgical-cosmetics\/"},"modified":"2023-12-08T13:39:16","modified_gmt":"2023-12-08T13:39:16","slug":"non-surgical-cosmetics","status":"publish","type":"page","link":"https:\/\/cliniccenter.co.uk\/de\/non-surgical-cosmetics\/","title":{"rendered":"Nicht-chirurgische kosmetische Eingriffe"},"content":{"rendered":"\n<div class=\"wp-block-columns is-layout-flex wp-container-core-columns-is-layout-1 wp-block-columns-is-layout-flex\">\n<div class=\"wp-block-column is-layout-flow wp-block-column-is-layout-flow\">\n<figure class=\"wp-block-image size-full is-resized skip-lazy\"><img decoding=\"async\" width=\"650\" height=\"406\" src=\"https:\/\/cliniccenter.co.uk\/wp-content\/uploads\/2023\/12\/lip-filler-1.webp\" alt=\"\" class=\"wp-image-48918 skip-lazy\" srcset=\"https:\/\/cliniccenter.co.uk\/wp-content\/uploads\/2023\/12\/lip-filler-1.webp 650w, https:\/\/cliniccenter.co.uk\/wp-content\/uploads\/2023\/12\/lip-filler-1-300x187.webp 300w\" sizes=\"(max-width: 650px) 100vw, 650px\" \/><\/figure>\n\n\n\n<h2 class=\"wp-block-heading has-text-align-center\"><span class=\"ez-toc-section\" id=\"Lippenfueller_in_der_Tuerkei\"><\/span>Lippenf\u00fcller in der T\u00fcrkei<span class=\"ez-toc-section-end\"><\/span><\/h2>\n\n\n\n<p class=\"has-text-align-center\">Die gebr\u00e4uchlichste Technik f\u00fcr Lippenf\u00fcller ist der Hautf\u00fcller. Es gibt andere Arten von F\u00fcllstoffen, die in Ihre Lippen injiziert werden k\u00f6nnen.<\/p>\n\n\n\n<center><div class=\"wp-block-button\"><a class=\"wp-block-button__link\" href=\"https:\/\/cliniccenter.co.uk\/lip-filler-in-turkey\/\">Lippenf\u00fcller in der T\u00fcrkei<\/a><\/div><br><br><\/center>\n<\/div>\n\n\n\n<div class=\"wp-block-column is-layout-flow wp-block-column-is-layout-flow\">\n<figure class=\"wp-block-image size-full is-resized\"><img decoding=\"async\" width=\"650\" height=\"406\" src=\"https:\/\/cliniccenter.co.uk\/wp-content\/uploads\/2023\/12\/fat-transfer-1.webp\" alt=\"\" class=\"wp-image-49163\" srcset=\"https:\/\/cliniccenter.co.uk\/wp-content\/uploads\/2023\/12\/fat-transfer-1.webp 650w, https:\/\/cliniccenter.co.uk\/wp-content\/uploads\/2023\/12\/fat-transfer-1-300x187.webp 300w\" sizes=\"(max-width: 650px) 100vw, 650px\" \/><\/figure>\n\n\n\n<h2 class=\"wp-block-heading has-text-align-center\"><span class=\"ez-toc-section\" id=\"Fetttransfer_auf_die_Lippen_in_der_Tuerkei\"><\/span>Fetttransfer auf die Lippen in der T\u00fcrkei<span class=\"ez-toc-section-end\"><\/span><\/h2>\n\n\n\n<p class=\"has-text-align-center\">Unsere Chirurgen beginnen mit der Entnahme von Fett aus den ausgew\u00e4hlten Bereichen. Die Bereiche werden im Beratungsgespr\u00e4ch besprochen.<\/p><div id=\"ez-toc-container\" class=\"ez-toc-v2_0_82_2 counter-hierarchy ez-toc-counter ez-toc-grey ez-toc-container-direction\">\n<div class=\"ez-toc-title-container\">\n<p class=\"ez-toc-title\" style=\"cursor:inherit\">Table of Contents<\/p>\n<span class=\"ez-toc-title-toggle\"><a href=\"#\" class=\"ez-toc-pull-right ez-toc-btn ez-toc-btn-xs ez-toc-btn-default ez-toc-toggle\" aria-label=\"Toggle Table of Content\"><span class=\"ez-toc-js-icon-con\"><span class=\"\"><span class=\"eztoc-hide\" style=\"display:none;\">Toggle<\/span><span class=\"ez-toc-icon-toggle-span\"><svg style=\"fill: #999;color:#999\" xmlns=\"http:\/\/www.w3.org\/2000\/svg\" class=\"list-377408\" width=\"20px\" height=\"20px\" viewBox=\"0 0 24 24\" fill=\"none\"><path d=\"M6 6H4v2h2V6zm14 0H8v2h12V6zM4 11h2v2H4v-2zm16 0H8v2h12v-2zM4 16h2v2H4v-2zm16 0H8v2h12v-2z\" fill=\"currentColor\"><\/path><\/svg><svg style=\"fill: #999;color:#999\" class=\"arrow-unsorted-368013\" xmlns=\"http:\/\/www.w3.org\/2000\/svg\" width=\"10px\" height=\"10px\" viewBox=\"0 0 24 24\" version=\"1.2\" baseProfile=\"tiny\"><path d=\"M18.2 9.3l-6.2-6.3-6.2 6.3c-.2.2-.3.4-.3.7s.1.5.3.7c.2.2.4.3.7.3h11c.3 0 .5-.1.7-.3.2-.2.3-.5.3-.7s-.1-.5-.3-.7zM5.8 14.7l6.2 6.3 6.2-6.3c.2-.2.3-.5.3-.7s-.1-.5-.3-.7c-.2-.2-.4-.3-.7-.3h-11c-.3 0-.5.1-.7.3-.2.2-.3.5-.3.7s.1.5.3.7z\"\/><\/svg><\/span><\/span><\/span><\/a><\/span><\/div>\n<nav><ul class='ez-toc-list ez-toc-list-level-1 ' ><li class='ez-toc-page-1 ez-toc-heading-level-2'><a class=\"ez-toc-link ez-toc-heading-1\" href=\"https:\/\/cliniccenter.co.uk\/de\/non-surgical-cosmetics\/#Lippenfueller_in_der_Tuerkei\" >Lippenf\u00fcller in der T\u00fcrkei<\/a><\/li><li class='ez-toc-page-1 ez-toc-heading-level-2'><a class=\"ez-toc-link ez-toc-heading-2\" href=\"https:\/\/cliniccenter.co.uk\/de\/non-surgical-cosmetics\/#Fetttransfer_auf_die_Lippen_in_der_Tuerkei\" >Fetttransfer auf die Lippen in der T\u00fcrkei<\/a><\/li><li class='ez-toc-page-1 ez-toc-heading-level-2'><a class=\"ez-toc-link ez-toc-heading-3\" href=\"https:\/\/cliniccenter.co.uk\/de\/non-surgical-cosmetics\/#Oberlippenlift_in_der_Tuerkei\" >Oberlippenlift in der T\u00fcrkei<\/a><\/li><li class='ez-toc-page-1 ez-toc-heading-level-2'><a class=\"ez-toc-link ez-toc-heading-4\" href=\"https:\/\/cliniccenter.co.uk\/de\/non-surgical-cosmetics\/#Fadenlifting_in_der_Tuerkei\" >Fadenlifting in der T\u00fcrkei<\/a><\/li><li class='ez-toc-page-1 ez-toc-heading-level-2'><a class=\"ez-toc-link ez-toc-heading-5\" href=\"https:\/\/cliniccenter.co.uk\/de\/non-surgical-cosmetics\/#Fettgefrieren_CoolSculpting_in_der_Tuerkei_Kryolipolyse\" >Fettgefrieren, CoolSculpting in der T\u00fcrkei (Kryolipolyse)<\/a><\/li><li class='ez-toc-page-1 ez-toc-heading-level-2'><a class=\"ez-toc-link ez-toc-heading-6\" href=\"https:\/\/cliniccenter.co.uk\/de\/non-surgical-cosmetics\/#Gesichtshaarbehandlung_Vampir-Gesichtsbehandlung_in_der_Tuerkei\" >Gesichtshaarbehandlung, Vampir-Gesichtsbehandlung in der T\u00fcrkei<\/a><\/li><\/ul><\/nav><\/div>\n\n\n\n\n<center><div class=\"wp-block-button\"><a class=\"wp-block-button__link\" href=\"https:\/\/cliniccenter.co.uk\/de\/fetttransfer-auf-die-lippen-in-der-turkei\/\">Fetttransfer auf die Lippen in der T\u00fcrkei<\/a><br><br><\/div><\/center>\n<\/div>\n<\/div>\n\n\n\n<div class=\"wp-block-columns is-layout-flex wp-container-core-columns-is-layout-2 wp-block-columns-is-layout-flex\">\n<div class=\"wp-block-column is-layout-flow wp-block-column-is-layout-flow\">\n<figure class=\"wp-block-image size-full is-resized\"><img decoding=\"async\" width=\"650\" height=\"406\" src=\"https:\/\/cliniccenter.co.uk\/wp-content\/uploads\/2023\/12\/upper-lip-lift-1.jpg\" alt=\"\" class=\"wp-image-48930\" style=\"width:569px;height:355px\" srcset=\"https:\/\/cliniccenter.co.uk\/wp-content\/uploads\/2023\/12\/upper-lip-lift-1.jpg 650w, https:\/\/cliniccenter.co.uk\/wp-content\/uploads\/2023\/12\/upper-lip-lift-1-300x187.jpg 300w\" sizes=\"(max-width: 650px) 100vw, 650px\" \/><\/figure>\n\n\n\n<h2 class=\"wp-block-heading has-text-align-center\"><span class=\"ez-toc-section\" id=\"Oberlippenlift_in_der_Tuerkei\"><\/span>Oberlippenlift in der T\u00fcrkei<span class=\"ez-toc-section-end\"><\/span><\/h2>\n\n\n\n<p class=\"has-text-align-center\">Bei der Oberlippenstraffung handelt es sich um einen kleinen Eingriff, bei dem der Arzt des Klinikzentrums die \u00fcbersch\u00fcssige Haut entfernt, indem er eine kleine Narbe an der Unterseite der Nase verbirgt.<\/p>\n\n\n\n<center><div class=\"wp-block-button\"><a class=\"wp-block-button__link\" href=\"https:\/\/cliniccenter.co.uk\/de\/oberlippenlift-in-der-turkei\/\">Oberlippenlift in der T\u00fcrkei<\/a><\/div><br><br><\/center>\n<\/div>\n\n\n\n<div class=\"wp-block-column is-layout-flow wp-block-column-is-layout-flow\">\n<figure class=\"wp-block-image size-full\"><img decoding=\"async\" width=\"650\" height=\"406\" src=\"https:\/\/cliniccenter.co.uk\/wp-content\/uploads\/2023\/12\/thread-lift-1.jpg\" alt=\"\" class=\"wp-image-48935\" srcset=\"https:\/\/cliniccenter.co.uk\/wp-content\/uploads\/2023\/12\/thread-lift-1.jpg 650w, https:\/\/cliniccenter.co.uk\/wp-content\/uploads\/2023\/12\/thread-lift-1-300x187.jpg 300w\" sizes=\"(max-width: 650px) 100vw, 650px\" \/><\/figure>\n\n\n\n<h2 class=\"wp-block-heading has-text-align-center\"><span class=\"ez-toc-section\" id=\"Fadenlifting_in_der_Tuerkei\"><\/span>Fadenlifting in der T\u00fcrkei<span class=\"ez-toc-section-end\"><\/span><\/h2>\n\n\n\n<p class=\"has-text-align-center\">Ein Fadenlift ist ein weniger invasiver Eingriff zur Straffung von Gesicht und Hals. Unsere Chirurgen platzieren eine aufl\u00f6sbare Naht unter der Haut des gew\u00fcnschten Bereichs. Dieser Faden hebt die losen Muskeln und Gewebe an und sorgt so f\u00fcr eine glattere Haut.<\/p>\n\n\n\n<center><div class=\"wp-block-button\"><a class=\"wp-block-button__link\" href=\"https:\/\/cliniccenter.co.uk\/de\/fadenlift-in-der-turkei\/\">Fadenlifting in der T\u00fcrkei<\/a><br><br><\/div><\/center>\n\n\n\n<p><\/p>\n<\/div>\n<\/div>\n\n\n\n<div class=\"wp-block-columns is-layout-flex wp-container-core-columns-is-layout-3 wp-block-columns-is-layout-flex\">\n<div class=\"wp-block-column is-layout-flow wp-block-column-is-layout-flow\">\n<figure class=\"wp-block-image size-full is-resized\"><img decoding=\"async\" width=\"650\" height=\"406\" src=\"https:\/\/cliniccenter.co.uk\/wp-content\/uploads\/2023\/12\/fat-freezing-1.jpg\" alt=\"\" class=\"wp-image-48940\" style=\"width:572px;height:357px\" srcset=\"https:\/\/cliniccenter.co.uk\/wp-content\/uploads\/2023\/12\/fat-freezing-1.jpg 650w, https:\/\/cliniccenter.co.uk\/wp-content\/uploads\/2023\/12\/fat-freezing-1-300x187.jpg 300w\" sizes=\"(max-width: 650px) 100vw, 650px\" \/><\/figure>\n\n\n\n<h2 class=\"wp-block-heading has-text-align-center\"><span class=\"ez-toc-section\" id=\"Fettgefrieren_CoolSculpting_in_der_Tuerkei_Kryolipolyse\"><\/span>Fettgefrieren, CoolSculpting in der T\u00fcrkei (Kryolipolyse)<span class=\"ez-toc-section-end\"><\/span><\/h2>\n\n\n\n<p class=\"has-text-align-center\">Das Einfrieren von Fett in Istanbul ist eine nicht-chirurgische und nicht-invasive Behandlung.<\/p>\n\n\n\n<center><div class=\"wp-block-button\"><a class=\"wp-block-button__link\" href=\"https:\/\/cliniccenter.co.uk\/fat-freezing-coolsculpting-in-turkey\/\">Fettgefrieren, CoolSculpting in der T\u00fcrkei (Kryolipolyse)<\/a><\/div><br><br><\/center>\n<\/div>\n\n\n\n<div class=\"wp-block-column is-layout-flow wp-block-column-is-layout-flow\">\n<figure class=\"wp-block-image size-full\"><img decoding=\"async\" width=\"650\" height=\"406\" src=\"https:\/\/cliniccenter.co.uk\/wp-content\/uploads\/2023\/12\/hair-treatment-1.jpg\" alt=\"\" class=\"wp-image-48945\" srcset=\"https:\/\/cliniccenter.co.uk\/wp-content\/uploads\/2023\/12\/hair-treatment-1.jpg 650w, https:\/\/cliniccenter.co.uk\/wp-content\/uploads\/2023\/12\/hair-treatment-1-300x187.jpg 300w\" sizes=\"(max-width: 650px) 100vw, 650px\" \/><\/figure>\n\n\n\n<h2 class=\"wp-block-heading has-text-align-center\"><span class=\"ez-toc-section\" id=\"Gesichtshaarbehandlung_Vampir-Gesichtsbehandlung_in_der_Tuerkei\"><\/span>Gesichtshaarbehandlung, Vampir-Gesichtsbehandlung in der T\u00fcrkei<span class=\"ez-toc-section-end\"><\/span><\/h2>\n\n\n\n<p class=\"has-text-align-center\">Eine Vampir-Gesichtsbehandlung, auch Gesichtshaarbehandlung genannt, ist eine nicht-chirurgische Behandlung zur Bek\u00e4mpfung der Auswirkungen des Alterns.<\/p>\n\n\n\n<center><div class=\"wp-block-button\"><a class=\"wp-block-button__link\" href=\"https:\/\/cliniccenter.co.uk\/de\/vampir-gesichtsbehandlung-in-der-turkei\/\">Gesichtshaarbehandlung, Vampir-Gesichtsbehandlung in der T\u00fcrkei<\/a><br><br><\/div><\/center>\n\n\n\n<p><\/p>\n<\/div>\n<\/div>\n\n\n\n<div class=\"wp-block-columns is-layout-flex wp-container-core-columns-is-layout-4 wp-block-columns-is-layout-flex\">\n<div class=\"wp-block-column is-layout-flow wp-block-column-is-layout-flow\"><\/div>\n\n\n\n<div class=\"wp-block-column is-layout-flow wp-block-column-is-layout-flow\">\n<h2 class=\"wp-block-heading has-text-align-center\"><\/h2>\n\n\n\n<p class=\"has-text-align-center\"><\/p>\n\n\n\n<p><\/p>\n<\/div>\n<\/div>\n<\/p>","protected":false},"excerpt":{"rendered":"<p>Lippenf\u00fcller in der T\u00fcrkei Die gebr\u00e4uchlichste Technik f\u00fcr Lippenf\u00fcller ist der Hautf\u00fcller. Es gibt andere Arten von F\u00fcllstoffen, die in Ihre Lippen injiziert werden k\u00f6nnen. Lippenf\u00fcller in der T\u00fcrkei Fetttransfer auf die Lippen in der T\u00fcrkei Unsere Chirurgen beginnen mit der Entnahme von Fett aus den ausgew\u00e4hlten Bereichen. Die Bereiche werden im Beratungsgespr\u00e4ch besprochen. Fetttransfer [&hellip;]<\/p>\n","protected":false},"author":8,"featured_media":0,"parent":18939,"menu_order":0,"comment_status":"closed","ping_status":"closed","template":"","meta":{"_uag_custom_page_level_css":"","_lmt_disableupdate":"no","_lmt_disable":"","site-sidebar-layout":"default","site-content-layout":"default","ast-site-content-layout":"default","site-content-style":"default","site-sidebar-style":"default","ast-global-header-display":"","ast-banner-title-visibility":"","ast-main-header-display":"","ast-hfb-above-header-display":"","ast-hfb-below-header-display":"","ast-hfb-mobile-header-display":"","site-post-title":"","ast-breadcrumbs-content":"","ast-featured-img":"","footer-sml-layout":"","theme-transparent-header-meta":"default","adv-header-id-meta":"","stick-header-meta":"","header-above-stick-meta":"","header-main-stick-meta":"","header-below-stick-meta":"","astra-migrate-meta-layouts":"set","ast-page-background-enabled":"default","ast-page-background-meta":{"desktop":{"background-color":"","background-image":"","background-repeat":"repeat","background-position":"center center","background-size":"auto","background-attachment":"scroll","background-type":"","background-media":"","overlay-type":"","overlay-color":"","overlay-opacity":"","overlay-gradient":""},"tablet":{"background-color":"","background-image":"","background-repeat":"repeat","background-position":"center center","background-size":"auto","background-attachment":"scroll","background-type":"","background-media":"","overlay-type":"","overlay-color":"","overlay-opacity":"","overlay-gradient":""},"mobile":{"background-color":"","background-image":"","background-repeat":"repeat","background-position":"center center","background-size":"auto","background-attachment":"scroll","background-type":"","background-media":"","overlay-type":"","overlay-color":"","overlay-opacity":"","overlay-gradient":""}},"ast-content-background-meta":{"desktop":{"background-color":"var(--ast-global-color-5)","background-image":"","background-repeat":"repeat","background-position":"center center","background-size":"auto","background-attachment":"scroll","background-type":"","background-media":"","overlay-type":"","overlay-color":"","overlay-opacity":"","overlay-gradient":""},"tablet":{"background-color":"var(--ast-global-color-5)","background-image":"","background-repeat":"repeat","background-position":"center center","background-size":"auto","background-attachment":"scroll","background-type":"","background-media":"","overlay-type":"","overlay-color":"","overlay-opacity":"","overlay-gradient":""},"mobile":{"background-color":"var(--ast-global-color-5)","background-image":"","background-repeat":"repeat","background-position":"center center","background-size":"auto","background-attachment":"scroll","background-type":"","background-media":"","overlay-type":"","overlay-color":"","overlay-opacity":"","overlay-gradient":""}},"footnotes":""},"class_list":["post-44950","page","type-page","status-publish","hentry"],"yoast_head":"<!-- This site is optimized with the Yoast SEO plugin v25.3.1 - https:\/\/yoast.com\/wordpress\/plugins\/seo\/ -->\n<title>Non-Surgical Cosmetic Procedures | Clinic Center<\/title>\n<meta name=\"description\" content=\"Clinic Center offers you the best non-surgical cosmetic procedures in Turkey with advanced techniques performed by talented and qualified experts.\" \/>\n<meta name=\"robots\" content=\"index, follow, max-snippet:-1, max-image-preview:large, max-video-preview:-1\" \/>\n<link rel=\"canonical\" href=\"https:\/\/cliniccenter.co.uk\/de\/non-surgical-cosmetics\/\" \/>\n<meta property=\"og:locale\" content=\"de_DE\" \/>\n<meta property=\"og:type\" content=\"article\" \/>\n<meta property=\"og:title\" content=\"Non-Surgical Cosmetic Procedures | Clinic Center\" \/>\n<meta property=\"og:description\" content=\"Clinic Center offers you the best non-surgical cosmetic procedures in Turkey with advanced techniques performed by talented and qualified experts.\" \/>\n<meta property=\"og:url\" content=\"https:\/\/cliniccenter.co.uk\/de\/non-surgical-cosmetics\/\" \/>\n<meta property=\"article:publisher\" content=\"https:\/\/www.facebook.com\/cliniccenter.co.uk\/\" \/>\n<meta property=\"article:modified_time\" content=\"2023-12-08T13:39:16+00:00\" \/>\n<meta property=\"og:image\" content=\"https:\/\/cliniccenter.co.uk\/wp-content\/uploads\/2023\/12\/lip-filler-1.webp\" \/>\n<meta name=\"twitter:card\" content=\"summary_large_image\" \/>\n<meta name=\"twitter:site\" content=\"@cliniccenteruk\" \/>\n<meta name=\"twitter:label1\" content=\"Gesch\u00e4tzte Lesezeit\" \/>\n\t<meta name=\"twitter:data1\" content=\"3\u00a0Minuten\" \/>\n<!-- \/ Yoast SEO plugin. -->","yoast_head_json":{"title":"Non-Surgical Cosmetic Procedures | Clinic Center","description":"Clinic Center offers you the best non-surgical cosmetic procedures in Turkey with advanced techniques performed by talented and qualified experts.","robots":{"index":"index","follow":"follow","max-snippet":"max-snippet:-1","max-image-preview":"max-image-preview:large","max-video-preview":"max-video-preview:-1"},"canonical":"https:\/\/cliniccenter.co.uk\/de\/non-surgical-cosmetics\/","og_locale":"de_DE","og_type":"article","og_title":"Non-Surgical Cosmetic Procedures | Clinic Center","og_description":"Clinic Center offers you the best non-surgical cosmetic procedures in Turkey with advanced techniques performed by talented and qualified experts.","og_url":"https:\/\/cliniccenter.co.uk\/de\/non-surgical-cosmetics\/","article_publisher":"https:\/\/www.facebook.com\/cliniccenter.co.uk\/","article_modified_time":"2023-12-08T13:39:16+00:00","og_image":[{"url":"https:\/\/cliniccenter.co.uk\/wp-content\/uploads\/2023\/12\/lip-filler-1.webp","type":"","width":"","height":""}],"twitter_card":"summary_large_image","twitter_site":"@cliniccenteruk","twitter_misc":{"Gesch\u00e4tzte Lesezeit":"3\u00a0Minuten"},"schema":{"@context":"https:\/\/schema.org","@graph":[{"@type":"WebPage","@id":"https:\/\/cliniccenter.co.uk\/de\/non-surgical-cosmetics\/","url":"https:\/\/cliniccenter.co.uk\/de\/non-surgical-cosmetics\/","name":"Non-Surgical Cosmetic Procedures | Clinic Center","isPartOf":{"@id":"https:\/\/cliniccenter.co.uk\/ro\/#website"},"primaryImageOfPage":{"@id":"https:\/\/cliniccenter.co.uk\/de\/non-surgical-cosmetics\/#primaryimage"},"image":{"@id":"https:\/\/cliniccenter.co.uk\/de\/non-surgical-cosmetics\/#primaryimage"},"thumbnailUrl":"https:\/\/cliniccenter.co.uk\/wp-content\/uploads\/2023\/12\/lip-filler-1.webp","datePublished":"2020-07-10T06:50:37+00:00","dateModified":"2023-12-08T13:39:16+00:00","description":"Clinic Center offers you the best non-surgical cosmetic procedures in Turkey with advanced techniques performed by talented and qualified experts.","breadcrumb":{"@id":"https:\/\/cliniccenter.co.uk\/de\/non-surgical-cosmetics\/#breadcrumb"},"inLanguage":"de","potentialAction":[{"@type":"ReadAction","target":["https:\/\/cliniccenter.co.uk\/de\/non-surgical-cosmetics\/"]}]},{"@type":"ImageObject","inLanguage":"de","@id":"https:\/\/cliniccenter.co.uk\/de\/non-surgical-cosmetics\/#primaryimage","url":"https:\/\/cliniccenter.co.uk\/wp-content\/uploads\/2023\/12\/lip-filler-1.webp","contentUrl":"https:\/\/cliniccenter.co.uk\/wp-content\/uploads\/2023\/12\/lip-filler-1.webp"},{"@type":"BreadcrumbList","@id":"https:\/\/cliniccenter.co.uk\/de\/non-surgical-cosmetics\/#breadcrumb","itemListElement":[{"@type":"ListItem","position":1,"name":"Home","item":"https:\/\/cliniccenter.co.uk\/de\/"},{"@type":"ListItem","position":2,"name":"Behandlungen","item":"https:\/\/cliniccenter.co.uk\/de\/behandlungen\/"},{"@type":"ListItem","position":3,"name":"Nicht-chirurgische kosmetische Eingriffe"}]},{"@type":"WebSite","@id":"https:\/\/cliniccenter.co.uk\/ro\/#website","url":"https:\/\/cliniccenter.co.uk\/ro\/","name":"","description":"","potentialAction":[{"@type":"SearchAction","target":{"@type":"EntryPoint","urlTemplate":"https:\/\/cliniccenter.co.uk\/ro\/?s={search_term_string}"},"query-input":{"@type":"PropertyValueSpecification","valueRequired":true,"valueName":"search_term_string"}}],"inLanguage":"de"}]}},"uagb_featured_image_src":{"full":false,"thumbnail":false,"medium":false,"medium_large":false,"large":false,"1536x1536":false,"2048x2048":false},"uagb_author_info":{"display_name":"Kadir Uysal","author_link":"https:\/\/cliniccenter.co.uk\/de\/blog\/author\/kadircliniccenter-co-uk\/"},"uagb_comment_info":0,"uagb_excerpt":"Lippenf\u00fcller in der T\u00fcrkei Die gebr\u00e4uchlichste Technik f\u00fcr Lippenf\u00fcller ist der Hautf\u00fcller. Es gibt andere Arten von F\u00fcllstoffen, die in Ihre Lippen injiziert werden k\u00f6nnen. Lippenf\u00fcller in der T\u00fcrkei Fetttransfer auf die Lippen in der T\u00fcrkei Unsere Chirurgen beginnen mit der Entnahme von Fett aus den ausgew\u00e4hlten Bereichen. Die Bereiche werden im Beratungsgespr\u00e4ch besprochen. Fetttransfer&hellip;","_links":{"self":[{"href":"https:\/\/cliniccenter.co.uk\/de\/wp-json\/wp\/v2\/pages\/44950"}],"collection":[{"href":"https:\/\/cliniccenter.co.uk\/de\/wp-json\/wp\/v2\/pages"}],"about":[{"href":"https:\/\/cliniccenter.co.uk\/de\/wp-json\/wp\/v2\/types\/page"}],"author":[{"embeddable":true,"href":"https:\/\/cliniccenter.co.uk\/de\/wp-json\/wp\/v2\/users\/8"}],"replies":[{"embeddable":true,"href":"https:\/\/cliniccenter.co.uk\/de\/wp-json\/wp\/v2\/comments?post=44950"}],"version-history":[{"count":10,"href":"https:\/\/cliniccenter.co.uk\/de\/wp-json\/wp\/v2\/pages\/44950\/revisions"}],"predecessor-version":[{"id":49169,"href":"https:\/\/cliniccenter.co.uk\/de\/wp-json\/wp\/v2\/pages\/44950\/revisions\/49169"}],"up":[{"embeddable":true,"href":"https:\/\/cliniccenter.co.uk\/de\/wp-json\/wp\/v2\/pages\/18939"}],"wp:attachment":[{"href":"https:\/\/cliniccenter.co.uk\/de\/wp-json\/wp\/v2\/media?parent=44950"}],"curies":[{"name":"wp","href":"https:\/\/api.w.org\/{rel}","templated":true}]}}