{"id":45018,"date":"2023-02-03T18:33:37","date_gmt":"2023-02-03T18:33:37","guid":{"rendered":"https:\/\/cliniccenter.co.uk\/would-you-like-to-be-clinic-center-social-media-partner\/"},"modified":"2024-11-18T11:51:41","modified_gmt":"2024-11-18T11:51:41","slug":"botschafter-fuhrer","status":"publish","type":"page","link":"https:\/\/cliniccenter.co.uk\/de\/botschafter-fuhrer\/","title":{"rendered":"M\u00f6chten Sie Social-Media-Partner des Klinikzentrums werden?"},"content":{"rendered":"\n<figure class=\"wp-block-image aligncenter size-large is-style-default\"><img decoding=\"async\" width=\"818\" height=\"1024\" src=\"https:\/\/cliniccenter.co.uk\/wp-content\/uploads\/2023\/02\/Matters-to-be-Considered-Clinic-Center-click-here-olmadan-1-1-copy-818x1024.png\" alt=\"\" class=\"wp-image-42137\" srcset=\"https:\/\/cliniccenter.co.uk\/wp-content\/uploads\/2023\/02\/Matters-to-be-Considered-Clinic-Center-click-here-olmadan-1-1-copy-818x1024.png 818w, https:\/\/cliniccenter.co.uk\/wp-content\/uploads\/2023\/02\/Matters-to-be-Considered-Clinic-Center-click-here-olmadan-1-1-copy-240x300.png 240w, https:\/\/cliniccenter.co.uk\/wp-content\/uploads\/2023\/02\/Matters-to-be-Considered-Clinic-Center-click-here-olmadan-1-1-copy-768x961.png 768w, https:\/\/cliniccenter.co.uk\/wp-content\/uploads\/2023\/02\/Matters-to-be-Considered-Clinic-Center-click-here-olmadan-1-1-copy.png 1158w\" sizes=\"(max-width: 818px) 100vw, 818px\" \/><\/figure>\n\n\n\n<div style=\"height:48px\" aria-hidden=\"true\" class=\"wp-block-spacer\"><\/div>\n\n\n\n<h3 class=\"wp-block-heading has-text-align-center\">Leitfaden und Tipps f\u00fcr Botschafter<\/h3>\n\n\n\n<p style=\"font-size:15px\"><strong>1-Bitte stellen Sie sicher, dass Sie die oben genannten Ver\u00f6ffentlichungsanweisungen zum richtigen Zeitpunkt befolgen.<\/strong><\/p>\n\n\n\n<blockquote class=\"wp-block-quote is-style-default is-layout-flow wp-block-quote-is-layout-flow\">\n<p><strong>SCHRITT 1: <\/strong>Bitte f\u00fchren Sie Schritt 1 in der letzten Woche vor Ihrem Flug in die T\u00fcrkei durch. Es k\u00f6nnte ein Bild oder Video auf Ihrem Social-Media-Konto sein, um Ihre Freunde und Follower dar\u00fcber zu informieren, dass Sie sich einer Operation unterziehen m\u00fcssen.<br><strong>SCHRITT 2: <\/strong>Bitte teilen Sie einige Videos oder Bilder als Beitrag oder Geschichte, wenn Sie in der T\u00fcrkei sind. Dabei kann es sich um Dienstleistungen oder Behandlungen handeln (je nach Wunsch).<br><strong>SCHRITT 3: <\/strong>Bitte teilen Sie innerhalb von 3 Monaten nach Ihrer R\u00fcckkehr ein Video, um Ihre gesamten Erfahrungen mit Clinic Center zu zeigen oder zu erkl\u00e4ren, einschlie\u00dflich Ihres Vorher- und Nachher-Looks.<\/p>\n<\/blockquote>\n\n\n\n<p style=\"font-size:15px\"><strong>2-Bitte markieren Sie das Clinic Center-Konto auf jeder Plattform, auf der Ihr Beitrag ver\u00f6ffentlicht wird.<\/strong><\/p>\n\n\n\n<p style=\"font-size:15px\"><strong>3-Schritt 3 kann den gesamten vorherigen Prozess umfassen. Wenn Sie nur Schritt 3 ausf\u00fchren, erhalten Sie 3\/4 des zu Beginn vereinbarten Betrags.<\/strong><\/p>\n\n\n\n<p style=\"font-size:15px\"><strong>4-So viel Sie teilen, erhalten Sie m\u00f6glicherweise Fragen von Ihren Freunden und Followern \u00fcber soziale Medien. Dies bringt Ihnen aufgrund des Empfehlungssystems zus\u00e4tzliche Einnahmen zur\u00fcck.<\/strong><\/p>\n\n\n\n<p style=\"font-size:15px\"><strong>5-Sie k\u00f6nnen Ihre eigenen Inhalte erstellen. Es gibt keine Regel dar\u00fcber, wie Sie Ihre Erfahrungen teilen k\u00f6nnen. F\u00fchlen Sie sich frei, Ihre eigenen Inhalte zu erstellen!<\/strong><\/p>\n\n\n\n<p><em>Nachfolgend finden Sie einige Beispielvideos, die verdeutlichen, wie Sie Bilder oder Videos aufnehmen k\u00f6nnen.<\/em><\/p>\n\n\n\n<div class=\"wp-block-columns is-layout-flex wp-container-core-columns-is-layout-1 wp-block-columns-is-layout-flex\">\n<div class=\"wp-block-column is-layout-flow wp-block-column-is-layout-flow\">\n<figure class=\"wp-block-embed is-type-rich is-provider-handler-einbetten wp-block-embed-handler-einbetten wp-embed-aspect-16-9 wp-has-aspect-ratio\"><div class=\"wp-block-embed__wrapper\">\n<div class=\"ast-oembed-container \" style=\"height: 100%;\"><iframe title=\"Sample Video Shooting - 2\" width=\"500\" height=\"281\" src=\"https:\/\/www.youtube.com\/embed\/qrZR6IMds-Q?feature=oembed\" frameborder=\"0\" allow=\"accelerometer; autoplay; clipboard-write; encrypted-media; gyroscope; picture-in-picture; web-share\" referrerpolicy=\"strict-origin-when-cross-origin\" allowfullscreen><\/iframe><\/div>\n<\/div><\/figure>\n<\/div>\n\n\n\n<div class=\"wp-block-column is-layout-flow wp-block-column-is-layout-flow\">\n<figure class=\"wp-block-embed is-type-rich is-provider-handler-einbetten wp-block-embed-handler-einbetten wp-embed-aspect-16-9 wp-has-aspect-ratio\"><div class=\"wp-block-embed__wrapper\">\n<div class=\"ast-oembed-container \" style=\"height: 100%;\"><iframe title=\"Sample Video For Video Shooting\" width=\"500\" height=\"281\" src=\"https:\/\/www.youtube.com\/embed\/mFmPS8K1I5E?feature=oembed\" frameborder=\"0\" allow=\"accelerometer; autoplay; clipboard-write; encrypted-media; gyroscope; picture-in-picture; web-share\" referrerpolicy=\"strict-origin-when-cross-origin\" allowfullscreen><\/iframe><\/div>\n<\/div><\/figure>\n<\/div>\n\n\n\n<div class=\"wp-block-column is-layout-flow wp-block-column-is-layout-flow\">\n<figure class=\"wp-block-embed is-type-rich is-provider-handler-einbetten wp-block-embed-handler-einbetten wp-embed-aspect-16-9 wp-has-aspect-ratio\"><div class=\"wp-block-embed__wrapper\">\n<div class=\"ast-oembed-container \" style=\"height: 100%;\"><iframe title=\"The TRUTH behind a FUE Turkey Hair Transplant (My experience with Clinic Center).\" width=\"500\" height=\"281\" src=\"https:\/\/www.youtube.com\/embed\/cKZXev2L3YA?feature=oembed\" frameborder=\"0\" allow=\"accelerometer; autoplay; clipboard-write; encrypted-media; gyroscope; picture-in-picture; web-share\" referrerpolicy=\"strict-origin-when-cross-origin\" allowfullscreen><\/iframe><\/div>\n<\/div><\/figure>\n<\/div>\n<\/div>\n\n\n\n<p>Bitte w\u00e4hlen Sie die Plattform(en) aus, die Sie nutzen m\u00f6chten<\/p>\n\n\n\n<div class=\"wpcf7 no-js\" id=\"wpcf7-f42168-o1\" lang=\"en\" dir=\"ltr\" data-wpcf7-id=\"42168\">\n<div class=\"screen-reader-response\"><p role=\"status\" aria-live=\"polite\" aria-atomic=\"true\"><\/p> <ul><\/ul><\/div>\n<form action=\"\/de\/wp-json\/wp\/v2\/pages\/45018#wpcf7-f42168-o1\" method=\"post\" class=\"wpcf7-form init\" aria-label=\"Kontaktformular\" novalidate=\"novalidate\" data-status=\"init\">\n<div style=\"display: none;\">\n<input type=\"hidden\" name=\"_wpcf7\" value=\"42168\" \/>\n<input type=\"hidden\" name=\"_wpcf7_version\" value=\"6.0.6\" \/>\n<input type=\"hidden\" name=\"_wpcf7_locale\" value=\"en\" \/>\n<input type=\"hidden\" name=\"_wpcf7_unit_tag\" value=\"wpcf7-f42168-o1\" \/>\n<input type=\"hidden\" name=\"_wpcf7_container_post\" value=\"0\" \/>\n<input type=\"hidden\" name=\"_wpcf7_posted_data_hash\" value=\"\" \/>\n<\/div>\n<p><label> Platforms<br \/>\n<span class=\"wpcf7-form-control-wrap\" data-name=\"platforms\"><span class=\"wpcf7-form-control wpcf7-checkbox wpcf7-validates-as-required platform\" id=\"platform\"><span class=\"wpcf7-list-item first\"><label><input type=\"checkbox\" name=\"platforms[]\" value=\"Instagram\" \/><span class=\"wpcf7-list-item-label\">Instagram<\/span><\/label><\/span><span class=\"wpcf7-list-item\"><label><input type=\"checkbox\" name=\"platforms[]\" value=\"Facebook\" \/><span class=\"wpcf7-list-item-label\">Facebook<\/span><\/label><\/span><span class=\"wpcf7-list-item\"><label><input type=\"checkbox\" name=\"platforms[]\" value=\"Tiktok\" \/><span class=\"wpcf7-list-item-label\">Tiktok<\/span><\/label><\/span><span class=\"wpcf7-list-item last\"><label><input type=\"checkbox\" name=\"platforms[]\" value=\"Youtube\" \/><span class=\"wpcf7-list-item-label\">Youtube<\/span><\/label><\/span><\/span><\/span> <\/label>\n<\/p>\n<p><label> Account Name<br \/>\n<span class=\"wpcf7-form-control-wrap\" data-name=\"account-name\"><input size=\"40\" maxlength=\"400\" class=\"wpcf7-form-control wpcf7-text wpcf7-validates-as-required\" aria-required=\"true\" aria-invalid=\"false\" value=\"\" type=\"text\" name=\"account-name\" \/><\/span> <\/label>\n<\/p>\n<p><span class=\"wpcf7-form-control-wrap\" data-name=\"checkbox-684\"><span class=\"wpcf7-form-control wpcf7-checkbox wpcf7-validates-as-required\"><span class=\"wpcf7-list-item first last\"><label><input type=\"checkbox\" name=\"checkbox-684[]\" value=\"I read and accept terms and conditions\" \/><span class=\"wpcf7-list-item-label\">I read and accept terms and conditions<\/span><\/label><\/span><\/span><\/span><a href='https:\/\/cliniccenter.co.uk\/terms-conditions\/' target=\"_blank\">Click here to read terms and conditions<\/a>\n<\/p>\n<p><div class=\"cf7-cf-turnstile\" style=\"margin-top: 0px; margin-bottom: -15px;\"> <div id=\"cf-turnstile-cf7-3641546848\" class=\"cf-turnstile\" data-sitekey=\"0x4AAAAAAAMc9haAStrzwgEc\" data-theme=\"light\" data-language=\"auto\" data-size=\"normal\" data-retry=\"auto\" data-retry-interval=\"1000\" data-refresh-expired=\"auto\" data-refresh-timeout=\"auto\" data-action=\"contact-form-7\" data-callback=\"turnstileCF7Callback\" data-appearance=\"always\"><\/div> <script>document.addEventListener(\"DOMContentLoaded\", function() { setTimeout(function(){ var e=document.getElementById(\"cf-turnstile-cf7-3641546848\"); if(e&&!e.innerHTML.trim()){turnstile.render(e, {sitekey:\"0x4AAAAAAAMc9haAStrzwgEc\"});} }, 200); });<\/script> <br class=\"cf-turnstile-br cf-turnstile-br-cf7-3641546848\"> <style>#cf-turnstile-cf7-3641546848 { margin-left: -15px; }<\/style> <script>document.addEventListener(\"DOMContentLoaded\",function(){document.querySelectorAll('.wpcf7-form').forEach(function(e){e.addEventListener('submit',function(){if(document.getElementById('cf-turnstile-cf7-3641546848')){setTimeout(function(){turnstile.reset('#cf-turnstile-cf7-3641546848');},1000)}})})});<\/script> <\/div><br\/><input class=\"wpcf7-form-control wpcf7-submit has-spinner ambassador-button\" id=\"ambassador-button\" type=\"submit\" value=\"BECOME AN AMBASSADOR\" \/>\n<\/p><p style=\"display: none !important;\" class=\"akismet-fields-container\" data-prefix=\"_wpcf7_ak_\"><label>&#916;<textarea name=\"_wpcf7_ak_hp_textarea\" cols=\"45\" rows=\"8\" maxlength=\"100\"><\/textarea><\/label><input type=\"hidden\" id=\"ak_js_1\" name=\"_wpcf7_ak_js\" value=\"15\"\/><script>document.getElementById( \"ak_js_1\" ).setAttribute( \"value\", ( new Date() ).getTime() );<\/script><\/p><div class=\"wpcf7-response-output\" aria-hidden=\"true\"><\/div>\n<\/form>\n<\/div>\n\n\n\n\n<p><\/p>\n","protected":false},"excerpt":{"rendered":"<p>Leitfaden und Tipps f\u00fcr Botschafter 1-Bitte stellen Sie sicher, dass Sie die oben genannten Ver\u00f6ffentlichungsanweisungen zum richtigen Zeitpunkt befolgen. SCHRITT 1: Bitte f\u00fchren Sie Schritt 1 in der letzten Woche vor Ihrem Flug in die T\u00fcrkei durch. Es k\u00f6nnte ein Bild oder Video auf Ihrem Social-Media-Konto sein, um Ihre Freunde und Follower dar\u00fcber zu informieren, [&hellip;]<\/p>\n","protected":false},"author":9,"featured_media":0,"parent":0,"menu_order":0,"comment_status":"closed","ping_status":"closed","template":"","meta":{"_uag_custom_page_level_css":"","_lmt_disableupdate":"no","_lmt_disable":"","site-sidebar-layout":"default","site-content-layout":"default","ast-site-content-layout":"default","site-content-style":"default","site-sidebar-style":"default","ast-global-header-display":"","ast-banner-title-visibility":"","ast-main-header-display":"","ast-hfb-above-header-display":"","ast-hfb-below-header-display":"","ast-hfb-mobile-header-display":"","site-post-title":"","ast-breadcrumbs-content":"","ast-featured-img":"","footer-sml-layout":"","theme-transparent-header-meta":"default","adv-header-id-meta":"","stick-header-meta":"","header-above-stick-meta":"","header-main-stick-meta":"","header-below-stick-meta":"","astra-migrate-meta-layouts":"set","ast-page-background-enabled":"default","ast-page-background-meta":{"desktop":{"background-color":"","background-image":"","background-repeat":"repeat","background-position":"center center","background-size":"auto","background-attachment":"scroll","background-type":"","background-media":"","overlay-type":"","overlay-color":"","overlay-opacity":"","overlay-gradient":""},"tablet":{"background-color":"","background-image":"","background-repeat":"repeat","background-position":"center center","background-size":"auto","background-attachment":"scroll","background-type":"","background-media":"","overlay-type":"","overlay-color":"","overlay-opacity":"","overlay-gradient":""},"mobile":{"background-color":"","background-image":"","background-repeat":"repeat","background-position":"center center","background-size":"auto","background-attachment":"scroll","background-type":"","background-media":"","overlay-type":"","overlay-color":"","overlay-opacity":"","overlay-gradient":""}},"ast-content-background-meta":{"desktop":{"background-color":"var(--ast-global-color-5)","background-image":"","background-repeat":"repeat","background-position":"center center","background-size":"auto","background-attachment":"scroll","background-type":"","background-media":"","overlay-type":"","overlay-color":"","overlay-opacity":"","overlay-gradient":""},"tablet":{"background-color":"var(--ast-global-color-5)","background-image":"","background-repeat":"repeat","background-position":"center center","background-size":"auto","background-attachment":"scroll","background-type":"","background-media":"","overlay-type":"","overlay-color":"","overlay-opacity":"","overlay-gradient":""},"mobile":{"background-color":"var(--ast-global-color-5)","background-image":"","background-repeat":"repeat","background-position":"center center","background-size":"auto","background-attachment":"scroll","background-type":"","background-media":"","overlay-type":"","overlay-color":"","overlay-opacity":"","overlay-gradient":""}},"footnotes":""},"class_list":["post-45018","page","type-page","status-publish","hentry"],"yoast_head":"<!-- This site is optimized with the Yoast SEO plugin v25.3.1 - https:\/\/yoast.com\/wordpress\/plugins\/seo\/ -->\n<title>M\u00f6chten Sie Social-Media-Partner des Klinikzentrums werden?<\/title>\n<meta name=\"description\" content=\"1-Bitte stellen Sie sicher, dass Sie die oben genannten Ver\u00f6ffentlichungsanweisungen zum richtigen Zeitpunkt befolgen.\" \/>\n<meta name=\"robots\" content=\"noindex, nofollow\" \/>\n<meta property=\"og:locale\" content=\"de_DE\" \/>\n<meta property=\"og:type\" content=\"article\" \/>\n<meta property=\"og:title\" content=\"M\u00f6chten Sie Social-Media-Partner des Klinikzentrums werden?\" \/>\n<meta property=\"og:description\" content=\"1-Bitte stellen Sie sicher, dass Sie die oben genannten Ver\u00f6ffentlichungsanweisungen zum richtigen Zeitpunkt befolgen.\" \/>\n<meta property=\"og:url\" content=\"https:\/\/cliniccenter.co.uk\/de\/botschafter-fuhrer\/\" \/>\n<meta property=\"article:publisher\" content=\"https:\/\/www.facebook.com\/cliniccenter.co.uk\/\" \/>\n<meta property=\"article:modified_time\" content=\"2024-11-18T11:51:41+00:00\" \/>\n<meta property=\"og:image\" content=\"https:\/\/cliniccenter.co.uk\/wp-content\/uploads\/2023\/02\/Matters-to-be-Considered-Clinic-Center-click-here-olmadan-1-1-copy-818x1024.png\" \/>\n<meta name=\"twitter:card\" content=\"summary_large_image\" \/>\n<meta name=\"twitter:site\" content=\"@cliniccenteruk\" \/>\n<meta name=\"twitter:label1\" content=\"Gesch\u00e4tzte Lesezeit\" \/>\n\t<meta name=\"twitter:data1\" content=\"1\u00a0Minute\" \/>\n<!-- \/ Yoast SEO plugin. -->","yoast_head_json":{"title":"M\u00f6chten Sie Social-Media-Partner des Klinikzentrums werden?","description":"1-Bitte stellen Sie sicher, dass Sie die oben genannten Ver\u00f6ffentlichungsanweisungen zum richtigen Zeitpunkt befolgen.","robots":{"index":"noindex","follow":"nofollow"},"og_locale":"de_DE","og_type":"article","og_title":"M\u00f6chten Sie Social-Media-Partner des Klinikzentrums werden?","og_description":"1-Bitte stellen Sie sicher, dass Sie die oben genannten Ver\u00f6ffentlichungsanweisungen zum richtigen Zeitpunkt befolgen.","og_url":"https:\/\/cliniccenter.co.uk\/de\/botschafter-fuhrer\/","article_publisher":"https:\/\/www.facebook.com\/cliniccenter.co.uk\/","article_modified_time":"2024-11-18T11:51:41+00:00","og_image":[{"url":"https:\/\/cliniccenter.co.uk\/wp-content\/uploads\/2023\/02\/Matters-to-be-Considered-Clinic-Center-click-here-olmadan-1-1-copy-818x1024.png","type":"","width":"","height":""}],"twitter_card":"summary_large_image","twitter_site":"@cliniccenteruk","twitter_misc":{"Gesch\u00e4tzte Lesezeit":"1\u00a0Minute"},"schema":{"@context":"https:\/\/schema.org","@graph":[{"@type":"WebPage","@id":"https:\/\/cliniccenter.co.uk\/de\/botschafter-fuhrer\/","url":"https:\/\/cliniccenter.co.uk\/de\/botschafter-fuhrer\/","name":"M\u00f6chten Sie Social-Media-Partner des Klinikzentrums werden?","isPartOf":{"@id":"https:\/\/cliniccenter.co.uk\/ro\/#website"},"primaryImageOfPage":{"@id":"https:\/\/cliniccenter.co.uk\/de\/botschafter-fuhrer\/#primaryimage"},"image":{"@id":"https:\/\/cliniccenter.co.uk\/de\/botschafter-fuhrer\/#primaryimage"},"thumbnailUrl":"https:\/\/cliniccenter.co.uk\/wp-content\/uploads\/2023\/02\/Matters-to-be-Considered-Clinic-Center-click-here-olmadan-1-1-copy-818x1024.png","datePublished":"2023-02-03T18:33:37+00:00","dateModified":"2024-11-18T11:51:41+00:00","description":"1-Bitte stellen Sie sicher, dass Sie die oben genannten Ver\u00f6ffentlichungsanweisungen zum richtigen Zeitpunkt befolgen.","breadcrumb":{"@id":"https:\/\/cliniccenter.co.uk\/de\/botschafter-fuhrer\/#breadcrumb"},"inLanguage":"de","potentialAction":[{"@type":"ReadAction","target":["https:\/\/cliniccenter.co.uk\/de\/botschafter-fuhrer\/"]}]},{"@type":"ImageObject","inLanguage":"de","@id":"https:\/\/cliniccenter.co.uk\/de\/botschafter-fuhrer\/#primaryimage","url":"https:\/\/cliniccenter.co.uk\/wp-content\/uploads\/2023\/02\/Matters-to-be-Considered-Clinic-Center-click-here-olmadan-1-1-copy-818x1024.png","contentUrl":"https:\/\/cliniccenter.co.uk\/wp-content\/uploads\/2023\/02\/Matters-to-be-Considered-Clinic-Center-click-here-olmadan-1-1-copy-818x1024.png"},{"@type":"BreadcrumbList","@id":"https:\/\/cliniccenter.co.uk\/de\/botschafter-fuhrer\/#breadcrumb","itemListElement":[{"@type":"ListItem","position":1,"name":"Home","item":"https:\/\/cliniccenter.co.uk\/de\/"},{"@type":"ListItem","position":2,"name":"M\u00f6chten Sie Social-Media-Partner des Klinikzentrums werden?"}]},{"@type":"WebSite","@id":"https:\/\/cliniccenter.co.uk\/ro\/#website","url":"https:\/\/cliniccenter.co.uk\/ro\/","name":"","description":"","potentialAction":[{"@type":"SearchAction","target":{"@type":"EntryPoint","urlTemplate":"https:\/\/cliniccenter.co.uk\/ro\/?s={search_term_string}"},"query-input":{"@type":"PropertyValueSpecification","valueRequired":true,"valueName":"search_term_string"}}],"inLanguage":"de"}]}},"uagb_featured_image_src":{"full":false,"thumbnail":false,"medium":false,"medium_large":false,"large":false,"1536x1536":false,"2048x2048":false},"uagb_author_info":{"display_name":"Ece G\u00dcNAY","author_link":"https:\/\/cliniccenter.co.uk\/de\/blog\/author\/ece\/"},"uagb_comment_info":0,"uagb_excerpt":"Leitfaden und Tipps f\u00fcr Botschafter 1-Bitte stellen Sie sicher, dass Sie die oben genannten Ver\u00f6ffentlichungsanweisungen zum richtigen Zeitpunkt befolgen. SCHRITT 1: Bitte f\u00fchren Sie Schritt 1 in der letzten Woche vor Ihrem Flug in die T\u00fcrkei durch. Es k\u00f6nnte ein Bild oder Video auf Ihrem Social-Media-Konto sein, um Ihre Freunde und Follower dar\u00fcber zu informieren,&hellip;","_links":{"self":[{"href":"https:\/\/cliniccenter.co.uk\/de\/wp-json\/wp\/v2\/pages\/45018"}],"collection":[{"href":"https:\/\/cliniccenter.co.uk\/de\/wp-json\/wp\/v2\/pages"}],"about":[{"href":"https:\/\/cliniccenter.co.uk\/de\/wp-json\/wp\/v2\/types\/page"}],"author":[{"embeddable":true,"href":"https:\/\/cliniccenter.co.uk\/de\/wp-json\/wp\/v2\/users\/9"}],"replies":[{"embeddable":true,"href":"https:\/\/cliniccenter.co.uk\/de\/wp-json\/wp\/v2\/comments?post=45018"}],"version-history":[{"count":2,"href":"https:\/\/cliniccenter.co.uk\/de\/wp-json\/wp\/v2\/pages\/45018\/revisions"}],"predecessor-version":[{"id":57798,"href":"https:\/\/cliniccenter.co.uk\/de\/wp-json\/wp\/v2\/pages\/45018\/revisions\/57798"}],"wp:attachment":[{"href":"https:\/\/cliniccenter.co.uk\/de\/wp-json\/wp\/v2\/media?parent=45018"}],"curies":[{"name":"wp","href":"https:\/\/api.w.org\/{rel}","templated":true}]}}