{"id":45022,"date":"2022-07-22T06:39:08","date_gmt":"2022-07-22T06:39:08","guid":{"rendered":"https:\/\/cliniccenter.co.uk\/medical-travel-shield\/"},"modified":"2023-12-11T11:33:09","modified_gmt":"2023-12-11T11:33:09","slug":"medizinischer-reiseschutz","status":"publish","type":"page","link":"https:\/\/cliniccenter.co.uk\/de\/medizinischer-reiseschutz\/","title":{"rendered":"Medizinische Reiseversicherung"},"content":{"rendered":"\n<p>Clinic Center arbeitet mit dem Medical Travel Shield zusammen, um unseren Patienten die besten Versicherungsleistungen zu bieten, die ihr Eigentum und ihr Wohlbefinden w\u00e4hrend ihrer medizinischen Urlaubsreise in die T\u00fcrkei sch\u00fctzen.<\/p>\n\n\n\n<figure class=\"wp-block-image aligncenter size-large\"><img decoding=\"async\" width=\"1024\" height=\"369\" src=\"https:\/\/cliniccenter.co.uk\/wp-content\/uploads\/2023\/12\/insurance-2048x739-1-1536x554-1-1024x369.webp\" alt=\"\" class=\"wp-image-49244 skip-lazy\" srcset=\"https:\/\/cliniccenter.co.uk\/wp-content\/uploads\/2023\/12\/insurance-2048x739-1-1536x554-1-1024x369.webp 1024w, https:\/\/cliniccenter.co.uk\/wp-content\/uploads\/2023\/12\/insurance-2048x739-1-1536x554-1-300x108.webp 300w, https:\/\/cliniccenter.co.uk\/wp-content\/uploads\/2023\/12\/insurance-2048x739-1-1536x554-1-768x277.webp 768w, https:\/\/cliniccenter.co.uk\/wp-content\/uploads\/2023\/12\/insurance-2048x739-1-1536x554-1.webp 1536w\" sizes=\"(max-width: 1024px) 100vw, 1024px\" \/><\/figure>\n\n\n\n<div style=\"height:70px\" aria-hidden=\"true\" class=\"wp-block-spacer\"><\/div>\n\n\n\n<div class=\"wp-block-buttons alignfull is-horizontal is-content-justification-center is-layout-flex wp-container-core-buttons-is-layout-1 wp-block-buttons-is-layout-flex\">\n<div class=\"wp-block-button has-custom-width wp-block-button__width-25 is-style-fill\"><a class=\"wp-block-button__link wp-element-button\" href=\"https:\/\/www.medicaltravelshield.com\/\">KLICKEN SIE F\u00dcR WEITERE INFORMATIONEN<\/a><\/div>\n<\/div>\n\n\n\n<div style=\"height:65px\" aria-hidden=\"true\" class=\"wp-block-spacer\"><\/div>\n\n\n\n<h6 class=\"wp-block-heading\"><strong>Hier sind einige der Vorteile einer Reise in die T\u00fcrkei mit einem durch Medical Travel Shield versicherten Klinikzentrum:<\/strong><\/h6>\n\n\n\n<ul class=\"wp-block-list\">\n<li>Medizinische und zus\u00e4tzliche Kosten, einschlie\u00dflich R\u00fcckf\u00fchrung bei Verletzungen oder Krankheiten, die sich aus einem Ereignis ergeben, das nicht im Rahmen Ihrer Behandlung entstanden ist<\/li>\n\n\n\n<li>Krankheitskosten, die anfallen, wenn Sie eine lebensbedrohliche Komplikation haben, die w\u00e4hrend des geplanten Eingriffs auftritt<\/li>\n\n\n\n<li>Stornierung und K\u00fcrzung.<\/li>\n\n\n\n<li>Reisefortsetzung, zus\u00e4tzliche Reise- und \u00dcbernachtungskosten bei vers\u00e4umten Reisen<\/li>\n\n\n\n<li>Reiseverz\u00f6gerung aus irgendeinem Grund innerhalb des Zertifikats,<\/li>\n\n\n\n<li>Gesetzliche Haftung aufgrund von K\u00f6rperverletzung oder Tod Dritter oder versehentlichem Verlust oder Besch\u00e4digung ihres Eigentums.<\/li>\n\n\n\n<li>Personenunfall, Leistung bei K\u00f6rperverletzung infolge eines Unfalls.<\/li>\n\n\n\n<li>Krankenhausleistung f\u00fcr jeweils 24 Stunden Krankenhausaufenthalt.<\/li>\n\n\n\n<li>Verlust oder Besch\u00e4digung von mitgef\u00fchrtem Eigentum und \/ oder Geld.<\/li>\n\n\n\n<li>Ausgaben f\u00fcr die Beschaffung eines Ersatzpasses, Tickets und anderer Reisedokumente.<\/li>\n\n\n\n<li>Reise- und Unterbringungskosten, die \u00fcber die normale Erholungsphase hinausgehen.<\/li>\n\n\n\n<li>Zus\u00e4tzliche R\u00fcckreise innerhalb von 12 Monaten nach der urspr\u00fcnglichen Behandlung, wenn eine versicherte Person zu einer medizinisch notwendigen Korrekturbehandlung zur\u00fcckkehrt.<\/li>\n<\/ul>\n\n\n\n<h6 class=\"wp-block-heading\"><strong>Was ist NICHT durch Medical Travel Shield versichert?<\/strong><\/h6>\n\n\n\n<ul class=\"wp-block-list\">\n<li>Medizinische und zus\u00e4tzliche Ausgaben im Zusammenhang mit dem geplanten medizinischen Eingriff oder der geplanten Behandlung, es sei denn, Sie haben eine lebensbedrohliche Komplikation, die w\u00e4hrend der geplanten Behandlung auftritt.<\/li>\n\n\n\n<li>Station\u00e4re Zeit in Bezug auf die geplante Behandlung.<\/li>\n\n\n\n<li>Vorbestehende Erkrankungen<\/li>\n\n\n\n<li>Reisen f\u00fcr alle wesentlichen Behandlungen \/ Eingriffe<\/li>\n\n\n\n<li>Reisen in gef\u00e4hrliche Gebiete<\/li>\n\n\n\n<li>Gef\u00e4hrliche Besch\u00e4ftigungen<\/li>\n\n\n\n<li>Schwangerschaft, Geburt oder damit verbundene medizinische Komplikationen<\/li>\n\n\n\n<li>\u00dcbertragbare Krankheiten \/ Pandemien<\/li>\n<\/ul>\n\n\n\n<p><\/p>\n\n\n\n<p><\/p>\n","protected":false},"excerpt":{"rendered":"<p>Clinic Center arbeitet mit dem Medical Travel Shield zusammen, um unseren Patienten die besten Versicherungsleistungen zu bieten, die ihr Eigentum und ihr Wohlbefinden w\u00e4hrend ihrer medizinischen Urlaubsreise in die T\u00fcrkei sch\u00fctzen. Hier sind einige der Vorteile einer Reise in die T\u00fcrkei mit einem durch Medical Travel Shield versicherten Klinikzentrum: Was ist NICHT durch Medical Travel [&hellip;]<\/p>\n","protected":false},"author":14,"featured_media":0,"parent":0,"menu_order":0,"comment_status":"closed","ping_status":"closed","template":"","meta":{"_uag_custom_page_level_css":"","_lmt_disableupdate":"","_lmt_disable":"","site-sidebar-layout":"default","site-content-layout":"default","ast-site-content-layout":"default","site-content-style":"default","site-sidebar-style":"default","ast-global-header-display":"","ast-banner-title-visibility":"","ast-main-header-display":"","ast-hfb-above-header-display":"","ast-hfb-below-header-display":"","ast-hfb-mobile-header-display":"","site-post-title":"","ast-breadcrumbs-content":"","ast-featured-img":"","footer-sml-layout":"","theme-transparent-header-meta":"default","adv-header-id-meta":"","stick-header-meta":"","header-above-stick-meta":"","header-main-stick-meta":"","header-below-stick-meta":"","astra-migrate-meta-layouts":"set","ast-page-background-enabled":"default","ast-page-background-meta":{"desktop":{"background-color":"","background-image":"","background-repeat":"repeat","background-position":"center center","background-size":"auto","background-attachment":"scroll","background-type":"","background-media":"","overlay-type":"","overlay-color":"","overlay-opacity":"","overlay-gradient":""},"tablet":{"background-color":"","background-image":"","background-repeat":"repeat","background-position":"center center","background-size":"auto","background-attachment":"scroll","background-type":"","background-media":"","overlay-type":"","overlay-color":"","overlay-opacity":"","overlay-gradient":""},"mobile":{"background-color":"","background-image":"","background-repeat":"repeat","background-position":"center center","background-size":"auto","background-attachment":"scroll","background-type":"","background-media":"","overlay-type":"","overlay-color":"","overlay-opacity":"","overlay-gradient":""}},"ast-content-background-meta":{"desktop":{"background-color":"var(--ast-global-color-5)","background-image":"","background-repeat":"repeat","background-position":"center center","background-size":"auto","background-attachment":"scroll","background-type":"","background-media":"","overlay-type":"","overlay-color":"","overlay-opacity":"","overlay-gradient":""},"tablet":{"background-color":"var(--ast-global-color-5)","background-image":"","background-repeat":"repeat","background-position":"center center","background-size":"auto","background-attachment":"scroll","background-type":"","background-media":"","overlay-type":"","overlay-color":"","overlay-opacity":"","overlay-gradient":""},"mobile":{"background-color":"var(--ast-global-color-5)","background-image":"","background-repeat":"repeat","background-position":"center center","background-size":"auto","background-attachment":"scroll","background-type":"","background-media":"","overlay-type":"","overlay-color":"","overlay-opacity":"","overlay-gradient":""}},"footnotes":""},"class_list":["post-45022","page","type-page","status-publish","hentry"],"yoast_head":"<!-- This site is optimized with the Yoast SEO plugin v25.3.1 - https:\/\/yoast.com\/wordpress\/plugins\/seo\/ -->\n<title>Medizinischer Reiseschutz<\/title>\n<meta name=\"description\" content=\"Entdecken Sie die Vorteile einer Versicherung durch Medical Travel Shield, w\u00e4hrend Sie Ihre Behandlung mit Clinic Center genie\u00dfen.\" \/>\n<meta name=\"robots\" content=\"index, follow, max-snippet:-1, max-image-preview:large, max-video-preview:-1\" \/>\n<link rel=\"canonical\" href=\"https:\/\/cliniccenter.co.uk\/de\/medizinischer-reiseschutz\/\" \/>\n<meta property=\"og:locale\" content=\"de_DE\" \/>\n<meta property=\"og:type\" content=\"article\" \/>\n<meta property=\"og:title\" content=\"Medizinischer Reiseschutz\" \/>\n<meta property=\"og:description\" content=\"Entdecken Sie die Vorteile einer Versicherung durch Medical Travel Shield, w\u00e4hrend Sie Ihre Behandlung mit Clinic Center genie\u00dfen.\" \/>\n<meta property=\"og:url\" content=\"https:\/\/cliniccenter.co.uk\/de\/medizinischer-reiseschutz\/\" \/>\n<meta property=\"article:publisher\" content=\"https:\/\/www.facebook.com\/cliniccenter.co.uk\/\" \/>\n<meta property=\"article:modified_time\" content=\"2023-12-11T11:33:09+00:00\" \/>\n<meta property=\"og:image\" content=\"https:\/\/cliniccenter.co.uk\/wp-content\/uploads\/2023\/12\/insurance-2048x739-1-1536x554-1-1024x369.webp\" \/>\n<meta name=\"twitter:card\" content=\"summary_large_image\" \/>\n<meta name=\"twitter:site\" content=\"@cliniccenteruk\" \/>\n<meta name=\"twitter:label1\" content=\"Gesch\u00e4tzte Lesezeit\" \/>\n\t<meta name=\"twitter:data1\" content=\"2\u00a0Minuten\" \/>\n<!-- \/ Yoast SEO plugin. -->","yoast_head_json":{"title":"Medizinischer Reiseschutz","description":"Entdecken Sie die Vorteile einer Versicherung durch Medical Travel Shield, w\u00e4hrend Sie Ihre Behandlung mit Clinic Center genie\u00dfen.","robots":{"index":"index","follow":"follow","max-snippet":"max-snippet:-1","max-image-preview":"max-image-preview:large","max-video-preview":"max-video-preview:-1"},"canonical":"https:\/\/cliniccenter.co.uk\/de\/medizinischer-reiseschutz\/","og_locale":"de_DE","og_type":"article","og_title":"Medizinischer Reiseschutz","og_description":"Entdecken Sie die Vorteile einer Versicherung durch Medical Travel Shield, w\u00e4hrend Sie Ihre Behandlung mit Clinic Center genie\u00dfen.","og_url":"https:\/\/cliniccenter.co.uk\/de\/medizinischer-reiseschutz\/","article_publisher":"https:\/\/www.facebook.com\/cliniccenter.co.uk\/","article_modified_time":"2023-12-11T11:33:09+00:00","og_image":[{"url":"https:\/\/cliniccenter.co.uk\/wp-content\/uploads\/2023\/12\/insurance-2048x739-1-1536x554-1-1024x369.webp","type":"","width":"","height":""}],"twitter_card":"summary_large_image","twitter_site":"@cliniccenteruk","twitter_misc":{"Gesch\u00e4tzte Lesezeit":"2\u00a0Minuten"},"schema":{"@context":"https:\/\/schema.org","@graph":[{"@type":"WebPage","@id":"https:\/\/cliniccenter.co.uk\/de\/medizinischer-reiseschutz\/","url":"https:\/\/cliniccenter.co.uk\/de\/medizinischer-reiseschutz\/","name":"Medizinischer Reiseschutz","isPartOf":{"@id":"https:\/\/cliniccenter.co.uk\/ro\/#website"},"primaryImageOfPage":{"@id":"https:\/\/cliniccenter.co.uk\/de\/medizinischer-reiseschutz\/#primaryimage"},"image":{"@id":"https:\/\/cliniccenter.co.uk\/de\/medizinischer-reiseschutz\/#primaryimage"},"thumbnailUrl":"https:\/\/cliniccenter.co.uk\/wp-content\/uploads\/2023\/12\/insurance-2048x739-1-1536x554-1-1024x369.webp","datePublished":"2022-07-22T06:39:08+00:00","dateModified":"2023-12-11T11:33:09+00:00","description":"Entdecken Sie die Vorteile einer Versicherung durch Medical Travel Shield, w\u00e4hrend Sie Ihre Behandlung mit Clinic Center genie\u00dfen.","breadcrumb":{"@id":"https:\/\/cliniccenter.co.uk\/de\/medizinischer-reiseschutz\/#breadcrumb"},"inLanguage":"de","potentialAction":[{"@type":"ReadAction","target":["https:\/\/cliniccenter.co.uk\/de\/medizinischer-reiseschutz\/"]}]},{"@type":"ImageObject","inLanguage":"de","@id":"https:\/\/cliniccenter.co.uk\/de\/medizinischer-reiseschutz\/#primaryimage","url":"https:\/\/cliniccenter.co.uk\/wp-content\/uploads\/2023\/12\/insurance-2048x739-1-1536x554-1-1024x369.webp","contentUrl":"https:\/\/cliniccenter.co.uk\/wp-content\/uploads\/2023\/12\/insurance-2048x739-1-1536x554-1-1024x369.webp"},{"@type":"BreadcrumbList","@id":"https:\/\/cliniccenter.co.uk\/de\/medizinischer-reiseschutz\/#breadcrumb","itemListElement":[{"@type":"ListItem","position":1,"name":"Home","item":"https:\/\/cliniccenter.co.uk\/de\/"},{"@type":"ListItem","position":2,"name":"Medizinische Reiseversicherung"}]},{"@type":"WebSite","@id":"https:\/\/cliniccenter.co.uk\/ro\/#website","url":"https:\/\/cliniccenter.co.uk\/ro\/","name":"","description":"","potentialAction":[{"@type":"SearchAction","target":{"@type":"EntryPoint","urlTemplate":"https:\/\/cliniccenter.co.uk\/ro\/?s={search_term_string}"},"query-input":{"@type":"PropertyValueSpecification","valueRequired":true,"valueName":"search_term_string"}}],"inLanguage":"de"}]}},"uagb_featured_image_src":{"full":false,"thumbnail":false,"medium":false,"medium_large":false,"large":false,"1536x1536":false,"2048x2048":false},"uagb_author_info":{"display_name":"Derya Ayd\u0131n","author_link":"https:\/\/cliniccenter.co.uk\/de\/blog\/author\/deryacliniccenter-co-uk\/"},"uagb_comment_info":0,"uagb_excerpt":"Clinic Center arbeitet mit dem Medical Travel Shield zusammen, um unseren Patienten die besten Versicherungsleistungen zu bieten, die ihr Eigentum und ihr Wohlbefinden w\u00e4hrend ihrer medizinischen Urlaubsreise in die T\u00fcrkei sch\u00fctzen. Hier sind einige der Vorteile einer Reise in die T\u00fcrkei mit einem durch Medical Travel Shield versicherten Klinikzentrum: Was ist NICHT durch Medical Travel&hellip;","_links":{"self":[{"href":"https:\/\/cliniccenter.co.uk\/de\/wp-json\/wp\/v2\/pages\/45022"}],"collection":[{"href":"https:\/\/cliniccenter.co.uk\/de\/wp-json\/wp\/v2\/pages"}],"about":[{"href":"https:\/\/cliniccenter.co.uk\/de\/wp-json\/wp\/v2\/types\/page"}],"author":[{"embeddable":true,"href":"https:\/\/cliniccenter.co.uk\/de\/wp-json\/wp\/v2\/users\/14"}],"replies":[{"embeddable":true,"href":"https:\/\/cliniccenter.co.uk\/de\/wp-json\/wp\/v2\/comments?post=45022"}],"version-history":[{"count":3,"href":"https:\/\/cliniccenter.co.uk\/de\/wp-json\/wp\/v2\/pages\/45022\/revisions"}],"predecessor-version":[{"id":49249,"href":"https:\/\/cliniccenter.co.uk\/de\/wp-json\/wp\/v2\/pages\/45022\/revisions\/49249"}],"wp:attachment":[{"href":"https:\/\/cliniccenter.co.uk\/de\/wp-json\/wp\/v2\/media?parent=45022"}],"curies":[{"name":"wp","href":"https:\/\/api.w.org\/{rel}","templated":true}]}}