{"id":45028,"date":"2022-09-14T10:43:21","date_gmt":"2022-09-14T10:43:21","guid":{"rendered":"https:\/\/cliniccenter.co.uk\/sean-pratt\/"},"modified":"2023-09-08T07:55:58","modified_gmt":"2023-09-08T07:55:58","slug":"sean-pratt","status":"publish","type":"page","link":"https:\/\/cliniccenter.co.uk\/de\/sean-pratt\/","title":{"rendered":"Sean Pratt&#8217;s Scar Revision and Gynecomastia Surgeries in Clinic Center"},"content":{"rendered":"\n<h2 class=\"has-text-align-center wp-block-heading\"><span class=\"ez-toc-section\" id=\"Sean_Pratts_Narbenrevision_und_Gynaekomastie-Operationen_im_Klinikzentrum\"><\/span>Sean Pratts Narbenrevision und Gyn\u00e4komastie-Operationen im Klinikzentrum<span class=\"ez-toc-section-end\"><\/span><\/h2>\n\n\n\n<h2 class=\"has-text-align-center wp-block-heading\"><span class=\"ez-toc-section\" id=\"Wer_ist_Sean_Pratt\"><\/span>Wer ist Sean Pratt?<span class=\"ez-toc-section-end\"><\/span><\/h2>\n\n\n\n<p>Er ist Social Media Influencer und Content Creator f\u00fcr verschiedene Modemarken im Bereich Bademode und Unterw\u00e4sche. Mit seinem Auftritt in Ex On The Beach auf MTV wurde Sean Pratt ber\u00fchmt und setzte seine Karriere auf Instagram fort. Neben dem Modellieren f\u00fcr Bekleidungsmarken machte er seine Unterw\u00e4schemarke und stieg in das Modegesch\u00e4ft ein.<\/p>\n\n\n\n<div class=\"wp-block-columns is-layout-flex wp-container-core-columns-is-layout-2 wp-block-columns-is-layout-flex\">\n<div class=\"wp-block-column is-layout-flow wp-block-column-is-layout-flow\" style=\"flex-basis:100%\">\n<div class=\"wp-block-columns is-layout-flex wp-container-core-columns-is-layout-1 wp-block-columns-is-layout-flex\">\n<div class=\"wp-block-column is-layout-flow wp-block-column-is-layout-flow\" style=\"flex-basis:100%\">\n<figure class=\"wp-block-gallery columns-2 is-cropped wp-block-gallery-1 is-layout-flex wp-block-gallery-is-layout-flex\"><ul class=\"blocks-gallery-grid\"><li class=\"blocks-gallery-item\"><figure><img decoding=\"async\" width=\"600\" height=\"400\" src=\"https:\/\/cliniccenter.co.uk\/wp-content\/uploads\/2022\/09\/sean-pratt-3.jpg\" alt=\"sean pratt 3\" data-id=\"39761\" data-full-url=\"https:\/\/cliniccenter.co.uk\/wp-content\/uploads\/2022\/09\/sean-pratt-3.jpg\"  class=\"wp-image-39761\" srcset=\"https:\/\/cliniccenter.co.uk\/wp-content\/uploads\/2022\/09\/sean-pratt-3.jpg 600w, https:\/\/cliniccenter.co.uk\/wp-content\/uploads\/2022\/09\/sean-pratt-3-300x200.jpg 300w\" sizes=\"(max-width: 600px) 100vw, 600px\" \/><\/figure><\/li><li class=\"blocks-gallery-item\"><figure><img decoding=\"async\" width=\"600\" height=\"400\" src=\"https:\/\/cliniccenter.co.uk\/wp-content\/uploads\/2022\/09\/sean-pratt-2.jpg\" alt=\"sean pratt 2\" data-id=\"39751\" data-full-url=\"https:\/\/cliniccenter.co.uk\/wp-content\/uploads\/2022\/09\/sean-pratt-2.jpg\"  class=\"wp-image-39751\" srcset=\"https:\/\/cliniccenter.co.uk\/wp-content\/uploads\/2022\/09\/sean-pratt-2.jpg 600w, https:\/\/cliniccenter.co.uk\/wp-content\/uploads\/2022\/09\/sean-pratt-2-300x200.jpg 300w\" sizes=\"(max-width: 600px) 100vw, 600px\" \/><\/figure><\/li><\/ul><\/figure>\n<\/div>\n<\/div>\n<\/div>\n<\/div>\n\n\n\n<h2 class=\"has-text-align-center wp-block-heading\"><span class=\"ez-toc-section\" id=\"Sean_Pratts_Narbenrevision_und_Gynaekomastie-Operationen_im_Klinikzentrum-2\"><\/span>Sean Pratts Narbenrevision und Gyn\u00e4komastie-Operationen im Klinikzentrum<span class=\"ez-toc-section-end\"><\/span><\/h2>\n\n\n\n<p>Sobald Sean das Klinikzentrum kontaktiert hatte, erkl\u00e4rte er, was er erwartet, indem er Bilder teilte. Wir sprachen dar\u00fcber, warum er diese Operationen w\u00fcnscht und welche Erwartungen er an das Klinikzentrum hat. Obwohl er mit seinem gesunden K\u00f6rper und seinem geformten Gesicht gro\u00dfartig aussah, wollte er die Narbe auf seinen Lippen loswerden. Er wollte auch fitter aussehen, also fanden Chirurgen des Klinikzentrums eine f\u00fcr Sean geeignete Dr\u00fcsenentfernungsoperation. Aufgrund seiner Model- und Influencer-Karriere wollte Sean bei medizinischen Operationen besser aussehen.<\/p><div id=\"ez-toc-container\" class=\"ez-toc-v2_0_80 counter-hierarchy ez-toc-counter ez-toc-grey ez-toc-container-direction\">\n<div class=\"ez-toc-title-container\">\n<p class=\"ez-toc-title\" style=\"cursor:inherit\">Table of Contents<\/p>\n<span class=\"ez-toc-title-toggle\"><a href=\"#\" class=\"ez-toc-pull-right ez-toc-btn ez-toc-btn-xs ez-toc-btn-default ez-toc-toggle\" aria-label=\"Toggle Table of Content\"><span class=\"ez-toc-js-icon-con\"><span class=\"\"><span class=\"eztoc-hide\" style=\"display:none;\">Toggle<\/span><span class=\"ez-toc-icon-toggle-span\"><svg style=\"fill: #999;color:#999\" xmlns=\"http:\/\/www.w3.org\/2000\/svg\" class=\"list-377408\" width=\"20px\" height=\"20px\" viewBox=\"0 0 24 24\" fill=\"none\"><path d=\"M6 6H4v2h2V6zm14 0H8v2h12V6zM4 11h2v2H4v-2zm16 0H8v2h12v-2zM4 16h2v2H4v-2zm16 0H8v2h12v-2z\" fill=\"currentColor\"><\/path><\/svg><svg style=\"fill: #999;color:#999\" class=\"arrow-unsorted-368013\" xmlns=\"http:\/\/www.w3.org\/2000\/svg\" width=\"10px\" height=\"10px\" viewBox=\"0 0 24 24\" version=\"1.2\" baseProfile=\"tiny\"><path d=\"M18.2 9.3l-6.2-6.3-6.2 6.3c-.2.2-.3.4-.3.7s.1.5.3.7c.2.2.4.3.7.3h11c.3 0 .5-.1.7-.3.2-.2.3-.5.3-.7s-.1-.5-.3-.7zM5.8 14.7l6.2 6.3 6.2-6.3c.2-.2.3-.5.3-.7s-.1-.5-.3-.7c-.2-.2-.4-.3-.7-.3h-11c-.3 0-.5.1-.7.3-.2.2-.3.5-.3.7s.1.5.3.7z\"\/><\/svg><\/span><\/span><\/span><\/a><\/span><\/div>\n<nav><ul class='ez-toc-list ez-toc-list-level-1 ' ><li class='ez-toc-page-1 ez-toc-heading-level-2'><a class=\"ez-toc-link ez-toc-heading-1\" href=\"https:\/\/cliniccenter.co.uk\/de\/sean-pratt\/#Sean_Pratts_Narbenrevision_und_Gynaekomastie-Operationen_im_Klinikzentrum\" >Sean Pratts Narbenrevision und Gyn\u00e4komastie-Operationen im Klinikzentrum<\/a><\/li><li class='ez-toc-page-1 ez-toc-heading-level-2'><a class=\"ez-toc-link ez-toc-heading-2\" href=\"https:\/\/cliniccenter.co.uk\/de\/sean-pratt\/#Wer_ist_Sean_Pratt\" >Wer ist Sean Pratt?<\/a><\/li><li class='ez-toc-page-1 ez-toc-heading-level-2'><a class=\"ez-toc-link ez-toc-heading-3\" href=\"https:\/\/cliniccenter.co.uk\/de\/sean-pratt\/#Sean_Pratts_Narbenrevision_und_Gynaekomastie-Operationen_im_Klinikzentrum-2\" >Sean Pratts Narbenrevision und Gyn\u00e4komastie-Operationen im Klinikzentrum<\/a><\/li><li class='ez-toc-page-1 ez-toc-heading-level-2'><a class=\"ez-toc-link ez-toc-heading-4\" href=\"https:\/\/cliniccenter.co.uk\/de\/sean-pratt\/#Sean_Pratts_Reise_nach_Istanbul\" >Sean Pratts Reise nach Istanbul<\/a><\/li><\/ul><\/nav><\/div>\n\n\n\n\n<figure class=\"wp-block-gallery columns-2 is-cropped wp-block-gallery-2 is-layout-flex wp-block-gallery-is-layout-flex\"><ul class=\"blocks-gallery-grid\"><li class=\"blocks-gallery-item\"><figure><img decoding=\"async\" width=\"600\" height=\"400\" src=\"https:\/\/cliniccenter.co.uk\/wp-content\/uploads\/2022\/09\/sean-pratt-before.jpg\" alt=\"sean pratt before\" data-id=\"39736\" data-full-url=\"https:\/\/cliniccenter.co.uk\/wp-content\/uploads\/2022\/09\/sean-pratt-before.jpg\"  class=\"wp-image-39736\" srcset=\"https:\/\/cliniccenter.co.uk\/wp-content\/uploads\/2022\/09\/sean-pratt-before.jpg 600w, https:\/\/cliniccenter.co.uk\/wp-content\/uploads\/2022\/09\/sean-pratt-before-300x200.jpg 300w\" sizes=\"(max-width: 600px) 100vw, 600px\" \/><figcaption class=\"blocks-gallery-item__caption\">Vor der Narbenrevision<\/figcaption><\/figure><\/li><li class=\"blocks-gallery-item\"><figure><img decoding=\"async\" width=\"600\" height=\"400\" src=\"https:\/\/cliniccenter.co.uk\/wp-content\/uploads\/2022\/09\/sean-pratt-after.jpg\" alt=\"sean pratt after\" data-id=\"39756\" data-full-url=\"https:\/\/cliniccenter.co.uk\/wp-content\/uploads\/2022\/09\/sean-pratt-after.jpg\"  class=\"wp-image-39756\" srcset=\"https:\/\/cliniccenter.co.uk\/wp-content\/uploads\/2022\/09\/sean-pratt-after.jpg 600w, https:\/\/cliniccenter.co.uk\/wp-content\/uploads\/2022\/09\/sean-pratt-after-300x200.jpg 300w\" sizes=\"(max-width: 600px) 100vw, 600px\" \/><figcaption class=\"blocks-gallery-item__caption\">Nach Narbenrevision<\/figcaption><\/figure><\/li><\/ul><\/figure>\n\n\n\n<p>Sean hasste die Narbe auf seinen Lippen und er dachte seit 10 Jahren daran, sie zu entfernen, also kontaktierte er uns, um Informationen \u00fcber den Prozess zu erhalten. Er erw\u00e4hnte auch, dass er f\u00fcr seine Modelkarriere auf Fotos besser aussehen wollte. Mit den Informationen, die er \u00fcber seine Erwartungen und W\u00fcnsche gab, fanden Chirurgen des Klinikzentrums Narbenrevision und Gyn\u00e4komastie f\u00fcr Sean geeignet.<\/p>\n\n\n\n<h2 class=\"has-text-align-center wp-block-heading\"><span class=\"ez-toc-section\" id=\"Sean_Pratts_Reise_nach_Istanbul\"><\/span>Sean Pratts Reise nach Istanbul<span class=\"ez-toc-section-end\"><\/span><\/h2>\n\n\n\n<p>Seine musikalische Reise begann mit seiner Ankunft in Istanbul mit seiner sch\u00f6nen Frau, die Sean w\u00e4hrend seines Besuchs im Klinikzentrum nicht von der Seite gewichen ist. W\u00e4hrend seiner Reise nach Istanbul hatten Sean und seine Frau Olivia eine tolle Zeit in Begleitung von Olga vom Klinikzentrum. Von ihrer Abholung am Flughafen bis zur Abreise war alles 5-Sterne, sagt er.<\/p>\n\n\n\n<figure class=\"wp-block-gallery columns-2 is-cropped wp-block-gallery-3 is-layout-flex wp-block-gallery-is-layout-flex\"><ul class=\"blocks-gallery-grid\"><li class=\"blocks-gallery-item\"><figure><img decoding=\"async\" width=\"600\" height=\"400\" src=\"https:\/\/cliniccenter.co.uk\/wp-content\/uploads\/2022\/09\/sean-pratt-before-gy.jpg\" alt=\"sean pratt before gynecomastia\" data-id=\"39776\" data-full-url=\"https:\/\/cliniccenter.co.uk\/wp-content\/uploads\/2022\/09\/sean-pratt-before-gy.jpg\"  class=\"wp-image-39776\" srcset=\"https:\/\/cliniccenter.co.uk\/wp-content\/uploads\/2022\/09\/sean-pratt-before-gy.jpg 600w, https:\/\/cliniccenter.co.uk\/wp-content\/uploads\/2022\/09\/sean-pratt-before-gy-300x200.jpg 300w\" sizes=\"(max-width: 600px) 100vw, 600px\" \/><figcaption class=\"blocks-gallery-item__caption\">Sean Pratt vor der Gyn\u00e4komastie<\/figcaption><\/figure><\/li><li class=\"blocks-gallery-item\"><figure><img decoding=\"async\" width=\"600\" height=\"400\" src=\"https:\/\/cliniccenter.co.uk\/wp-content\/uploads\/2022\/09\/sean-pratt-after-gy.jpg\" alt=\"sean pratt after gynecomastia\" data-id=\"39746\" data-full-url=\"https:\/\/cliniccenter.co.uk\/wp-content\/uploads\/2022\/09\/sean-pratt-after-gy.jpg\"  class=\"wp-image-39746\" srcset=\"https:\/\/cliniccenter.co.uk\/wp-content\/uploads\/2022\/09\/sean-pratt-after-gy.jpg 600w, https:\/\/cliniccenter.co.uk\/wp-content\/uploads\/2022\/09\/sean-pratt-after-gy-300x200.jpg 300w\" sizes=\"(max-width: 600px) 100vw, 600px\" \/><figcaption class=\"blocks-gallery-item__caption\">Sean Pratt nach Gyn\u00e4komastie<\/figcaption><\/figure><\/li><\/ul><\/figure>\n\n\n\n<p>Seans medizinische Operationen wurden von professionellen Chirurgen des Klinikzentrums durchgef\u00fchrt und er ist mit den Ergebnissen nach den Operationen zufrieden. Es gibt nichts, was ich \u00e4ndern w\u00fcrde, sagt er. Nach der Narbenrevision war Seans L\u00e4cheln strahlender als zuvor. Er war so gl\u00fccklich und erleichtert, sich einer Narbenrevisionsoperation im Klinikzentrum in Istanbul zu unterziehen.<\/p>\n\n\n\n<figure class=\"wp-block-gallery columns-2 is-cropped wp-block-gallery-4 is-layout-flex wp-block-gallery-is-layout-flex\"><ul class=\"blocks-gallery-grid\"><li class=\"blocks-gallery-item\"><figure><img decoding=\"async\" width=\"600\" height=\"400\" src=\"https:\/\/cliniccenter.co.uk\/wp-content\/uploads\/2022\/09\/sean-pratt.jpg\" alt=\"sean pratt\" data-id=\"39771\" data-full-url=\"https:\/\/cliniccenter.co.uk\/wp-content\/uploads\/2022\/09\/sean-pratt.jpg\"  class=\"wp-image-39771\" srcset=\"https:\/\/cliniccenter.co.uk\/wp-content\/uploads\/2022\/09\/sean-pratt.jpg 600w, https:\/\/cliniccenter.co.uk\/wp-content\/uploads\/2022\/09\/sean-pratt-300x200.jpg 300w\" sizes=\"(max-width: 600px) 100vw, 600px\" \/><\/figure><\/li><li class=\"blocks-gallery-item\"><figure><img decoding=\"async\" width=\"600\" height=\"400\" src=\"https:\/\/cliniccenter.co.uk\/wp-content\/uploads\/2022\/09\/sean-pratt-1.jpg\" alt=\"sean pratt 1\" data-id=\"39766\" data-full-url=\"https:\/\/cliniccenter.co.uk\/wp-content\/uploads\/2022\/09\/sean-pratt-1.jpg\"  class=\"wp-image-39766\" srcset=\"https:\/\/cliniccenter.co.uk\/wp-content\/uploads\/2022\/09\/sean-pratt-1.jpg 600w, https:\/\/cliniccenter.co.uk\/wp-content\/uploads\/2022\/09\/sean-pratt-1-300x200.jpg 300w\" sizes=\"(max-width: 600px) 100vw, 600px\" \/><\/figure><\/li><\/ul><\/figure>\n\n\n\n<p>Als er seine medizinische Reise in die T\u00fcrkei erkl\u00e4rte, sagte er, dass von der Operation bis zum Transport alles perfekt sei, und er erw\u00e4hnte, dass er es jedem empfehle.<\/p>\n\n\n\n<figure class=\"wp-block-embed aligncenter is-type-video is-provider-youtube wp-block-embed-youtube wp-embed-aspect-16-9 wp-has-aspect-ratio\"><div class=\"wp-block-embed__wrapper\">\n<div class=\"ast-oembed-container \" style=\"height: 100%;\"><iframe title=\"Gynecomastia &amp; Scar Revision In Turkey | Sean Pratt&#039;s Medical Journey | Clinic Center\" width=\"500\" height=\"281\" src=\"https:\/\/www.youtube.com\/embed\/c21yTwH3OFU?feature=oembed\" frameborder=\"0\" allow=\"accelerometer; autoplay; clipboard-write; encrypted-media; gyroscope; picture-in-picture; web-share\" referrerpolicy=\"strict-origin-when-cross-origin\" allowfullscreen><\/iframe><\/div>\n<\/div><\/figure>\n\n\n\n<div class=\"wp-block-columns is-layout-flex wp-container-core-columns-is-layout-3 wp-block-columns-is-layout-flex\"><\/div>\n<\/p>","protected":false},"excerpt":{"rendered":"<p>Sean Pratts Narbenrevision und Gyn\u00e4komastie-Operationen im Klinikzentrum Wer ist Sean Pratt? Er ist Social Media Influencer und Content Creator f\u00fcr verschiedene Modemarken im Bereich Bademode und Unterw\u00e4sche. Mit seinem Auftritt in Ex On The Beach auf MTV wurde Sean Pratt ber\u00fchmt und setzte seine Karriere auf Instagram fort. Neben dem Modellieren f\u00fcr Bekleidungsmarken machte er [&hellip;]<\/p>\n","protected":false},"author":15,"featured_media":0,"parent":0,"menu_order":0,"comment_status":"closed","ping_status":"closed","template":"","meta":{"_uag_custom_page_level_css":"","_lmt_disableupdate":"no","_lmt_disable":"","site-sidebar-layout":"default","site-content-layout":"default","ast-site-content-layout":"default","site-content-style":"default","site-sidebar-style":"default","ast-global-header-display":"","ast-banner-title-visibility":"","ast-main-header-display":"","ast-hfb-above-header-display":"","ast-hfb-below-header-display":"","ast-hfb-mobile-header-display":"","site-post-title":"disabled","ast-breadcrumbs-content":"","ast-featured-img":"","footer-sml-layout":"","theme-transparent-header-meta":"default","adv-header-id-meta":"","stick-header-meta":"","header-above-stick-meta":"","header-main-stick-meta":"","header-below-stick-meta":"","astra-migrate-meta-layouts":"default","ast-page-background-enabled":"default","ast-page-background-meta":{"desktop":{"background-color":"","background-image":"","background-repeat":"repeat","background-position":"center center","background-size":"auto","background-attachment":"scroll","background-type":"","background-media":"","overlay-type":"","overlay-color":"","overlay-opacity":"","overlay-gradient":""},"tablet":{"background-color":"","background-image":"","background-repeat":"repeat","background-position":"center center","background-size":"auto","background-attachment":"scroll","background-type":"","background-media":"","overlay-type":"","overlay-color":"","overlay-opacity":"","overlay-gradient":""},"mobile":{"background-color":"","background-image":"","background-repeat":"repeat","background-position":"center center","background-size":"auto","background-attachment":"scroll","background-type":"","background-media":"","overlay-type":"","overlay-color":"","overlay-opacity":"","overlay-gradient":""}},"ast-content-background-meta":{"desktop":{"background-color":"var(--ast-global-color-5)","background-image":"","background-repeat":"repeat","background-position":"center center","background-size":"auto","background-attachment":"scroll","background-type":"","background-media":"","overlay-type":"","overlay-color":"","overlay-opacity":"","overlay-gradient":""},"tablet":{"background-color":"var(--ast-global-color-5)","background-image":"","background-repeat":"repeat","background-position":"center center","background-size":"auto","background-attachment":"scroll","background-type":"","background-media":"","overlay-type":"","overlay-color":"","overlay-opacity":"","overlay-gradient":""},"mobile":{"background-color":"var(--ast-global-color-5)","background-image":"","background-repeat":"repeat","background-position":"center center","background-size":"auto","background-attachment":"scroll","background-type":"","background-media":"","overlay-type":"","overlay-color":"","overlay-opacity":"","overlay-gradient":""}},"footnotes":""},"class_list":["post-45028","page","type-page","status-publish","hentry"],"yoast_head":"<!-- This site is optimized with the Yoast SEO plugin v25.3.1 - https:\/\/yoast.com\/wordpress\/plugins\/seo\/ -->\n<title>Sean Pratt im Clinic Center | Clinic Center<\/title>\n<meta name=\"description\" content=\"Besuchen Sie unsere Seite, um mehr \u00fcber Sean Pratts medizinische Reise im Klinikzentrum in der T\u00fcrkei, Istanbul, zu erfahren.\" \/>\n<meta name=\"robots\" content=\"index, follow, max-snippet:-1, max-image-preview:large, max-video-preview:-1\" \/>\n<link rel=\"canonical\" href=\"https:\/\/cliniccenter.co.uk\/de\/sean-pratt\/\" \/>\n<meta property=\"og:locale\" content=\"de_DE\" \/>\n<meta property=\"og:type\" content=\"article\" \/>\n<meta property=\"og:title\" content=\"Sean Pratt im Clinic Center | Clinic Center\" \/>\n<meta property=\"og:description\" content=\"Besuchen Sie unsere Seite, um mehr \u00fcber Sean Pratts medizinische Reise im Klinikzentrum in der T\u00fcrkei, Istanbul, zu erfahren.\" \/>\n<meta property=\"og:url\" content=\"https:\/\/cliniccenter.co.uk\/de\/sean-pratt\/\" \/>\n<meta property=\"article:publisher\" content=\"https:\/\/www.facebook.com\/cliniccenter.co.uk\/\" \/>\n<meta property=\"article:modified_time\" content=\"2023-09-08T07:55:58+00:00\" \/>\n<meta property=\"og:image\" content=\"https:\/\/cliniccenter.co.uk\/wp-content\/uploads\/2022\/09\/sean-pratt-3.jpg\" \/>\n<meta name=\"twitter:card\" content=\"summary_large_image\" \/>\n<meta name=\"twitter:site\" content=\"@cliniccenteruk\" \/>\n<meta name=\"twitter:label1\" content=\"Gesch\u00e4tzte Lesezeit\" \/>\n\t<meta name=\"twitter:data1\" content=\"4\u00a0Minuten\" \/>\n<!-- \/ Yoast SEO plugin. -->","yoast_head_json":{"title":"Sean Pratt im Clinic Center | Clinic Center","description":"Besuchen Sie unsere Seite, um mehr \u00fcber Sean Pratts medizinische Reise im Klinikzentrum in der T\u00fcrkei, Istanbul, zu erfahren.","robots":{"index":"index","follow":"follow","max-snippet":"max-snippet:-1","max-image-preview":"max-image-preview:large","max-video-preview":"max-video-preview:-1"},"canonical":"https:\/\/cliniccenter.co.uk\/de\/sean-pratt\/","og_locale":"de_DE","og_type":"article","og_title":"Sean Pratt im Clinic Center | Clinic Center","og_description":"Besuchen Sie unsere Seite, um mehr \u00fcber Sean Pratts medizinische Reise im Klinikzentrum in der T\u00fcrkei, Istanbul, zu erfahren.","og_url":"https:\/\/cliniccenter.co.uk\/de\/sean-pratt\/","article_publisher":"https:\/\/www.facebook.com\/cliniccenter.co.uk\/","article_modified_time":"2023-09-08T07:55:58+00:00","og_image":[{"url":"https:\/\/cliniccenter.co.uk\/wp-content\/uploads\/2022\/09\/sean-pratt-3.jpg","type":"","width":"","height":""}],"twitter_card":"summary_large_image","twitter_site":"@cliniccenteruk","twitter_misc":{"Gesch\u00e4tzte Lesezeit":"4\u00a0Minuten"},"schema":{"@context":"https:\/\/schema.org","@graph":[{"@type":"WebPage","@id":"https:\/\/cliniccenter.co.uk\/de\/sean-pratt\/","url":"https:\/\/cliniccenter.co.uk\/de\/sean-pratt\/","name":"Sean Pratt im Clinic Center | Clinic Center","isPartOf":{"@id":"https:\/\/cliniccenter.co.uk\/ro\/#website"},"primaryImageOfPage":{"@id":"https:\/\/cliniccenter.co.uk\/de\/sean-pratt\/#primaryimage"},"image":{"@id":"https:\/\/cliniccenter.co.uk\/de\/sean-pratt\/#primaryimage"},"thumbnailUrl":"https:\/\/cliniccenter.co.uk\/wp-content\/uploads\/2022\/09\/sean-pratt-3.jpg","datePublished":"2022-09-14T10:43:21+00:00","dateModified":"2023-09-08T07:55:58+00:00","description":"Besuchen Sie unsere Seite, um mehr \u00fcber Sean Pratts medizinische Reise im Klinikzentrum in der T\u00fcrkei, Istanbul, zu erfahren.","breadcrumb":{"@id":"https:\/\/cliniccenter.co.uk\/de\/sean-pratt\/#breadcrumb"},"inLanguage":"de","potentialAction":[{"@type":"ReadAction","target":["https:\/\/cliniccenter.co.uk\/de\/sean-pratt\/"]}]},{"@type":"ImageObject","inLanguage":"de","@id":"https:\/\/cliniccenter.co.uk\/de\/sean-pratt\/#primaryimage","url":"https:\/\/cliniccenter.co.uk\/wp-content\/uploads\/2022\/09\/sean-pratt-3.jpg","contentUrl":"https:\/\/cliniccenter.co.uk\/wp-content\/uploads\/2022\/09\/sean-pratt-3.jpg"},{"@type":"BreadcrumbList","@id":"https:\/\/cliniccenter.co.uk\/de\/sean-pratt\/#breadcrumb","itemListElement":[{"@type":"ListItem","position":1,"name":"Home","item":"https:\/\/cliniccenter.co.uk\/de\/"},{"@type":"ListItem","position":2,"name":"Sean Pratt&#8217;s Scar Revision and Gynecomastia Surgeries in Clinic Center"}]},{"@type":"WebSite","@id":"https:\/\/cliniccenter.co.uk\/ro\/#website","url":"https:\/\/cliniccenter.co.uk\/ro\/","name":"","description":"","potentialAction":[{"@type":"SearchAction","target":{"@type":"EntryPoint","urlTemplate":"https:\/\/cliniccenter.co.uk\/ro\/?s={search_term_string}"},"query-input":{"@type":"PropertyValueSpecification","valueRequired":true,"valueName":"search_term_string"}}],"inLanguage":"de"}]}},"uagb_featured_image_src":{"full":false,"thumbnail":false,"medium":false,"medium_large":false,"large":false,"1536x1536":false,"2048x2048":false},"uagb_author_info":{"display_name":"G\u00f6rkem G\u00fcng\u00f6r","author_link":"https:\/\/cliniccenter.co.uk\/de\/blog\/author\/gorkem\/"},"uagb_comment_info":0,"uagb_excerpt":"Sean Pratts Narbenrevision und Gyn\u00e4komastie-Operationen im Klinikzentrum Wer ist Sean Pratt? Er ist Social Media Influencer und Content Creator f\u00fcr verschiedene Modemarken im Bereich Bademode und Unterw\u00e4sche. Mit seinem Auftritt in Ex On The Beach auf MTV wurde Sean Pratt ber\u00fchmt und setzte seine Karriere auf Instagram fort. Neben dem Modellieren f\u00fcr Bekleidungsmarken machte er&hellip;","_links":{"self":[{"href":"https:\/\/cliniccenter.co.uk\/de\/wp-json\/wp\/v2\/pages\/45028"}],"collection":[{"href":"https:\/\/cliniccenter.co.uk\/de\/wp-json\/wp\/v2\/pages"}],"about":[{"href":"https:\/\/cliniccenter.co.uk\/de\/wp-json\/wp\/v2\/types\/page"}],"author":[{"embeddable":true,"href":"https:\/\/cliniccenter.co.uk\/de\/wp-json\/wp\/v2\/users\/15"}],"replies":[{"embeddable":true,"href":"https:\/\/cliniccenter.co.uk\/de\/wp-json\/wp\/v2\/comments?post=45028"}],"version-history":[{"count":1,"href":"https:\/\/cliniccenter.co.uk\/de\/wp-json\/wp\/v2\/pages\/45028\/revisions"}],"predecessor-version":[{"id":45030,"href":"https:\/\/cliniccenter.co.uk\/de\/wp-json\/wp\/v2\/pages\/45028\/revisions\/45030"}],"wp:attachment":[{"href":"https:\/\/cliniccenter.co.uk\/de\/wp-json\/wp\/v2\/media?parent=45028"}],"curies":[{"name":"wp","href":"https:\/\/api.w.org\/{rel}","templated":true}]}}