{"id":45034,"date":"2020-04-10T07:49:49","date_gmt":"2020-04-10T07:49:49","guid":{"rendered":"https:\/\/cliniccenter.co.uk\/london-office-and-consultation\/"},"modified":"2023-12-11T11:16:44","modified_gmt":"2023-12-11T11:16:44","slug":"london-buero-und-beratung","status":"publish","type":"page","link":"https:\/\/cliniccenter.co.uk\/de\/london-buro-und-beratung\/","title":{"rendered":"Londoner B\u00fcro und Beratung"},"content":{"rendered":"\n<div class=\"wp-block-columns is-layout-flex wp-container-core-columns-is-layout-1 wp-block-columns-is-layout-flex\">\n<div class=\"wp-block-column is-layout-flow wp-block-column-is-layout-flow\" style=\"flex-basis:100%\">\n<p>Als in Gro\u00dfbritannien registriertes Klinikzentrum m\u00f6chten wir unseren Patienten von Anfang an den besten Service bieten.Daher laden wir Sie zu einer kostenlosen pers\u00f6nlichen Beratung in unserem Londoner B\u00fcro im Zentrum der Stadt Holborn ein.<\/p>\n\n\n\n<figure class=\"wp-block-image alignleft size-large is-style-default\"><img decoding=\"async\" width=\"350\" height=\"233\" src=\"https:\/\/cliniccenter.co.uk\/wp-content\/uploads\/2023\/02\/londra-consultation.jpg\" alt=\"\" class=\"wp-image-42317 skip-lazy\" srcset=\"https:\/\/cliniccenter.co.uk\/wp-content\/uploads\/2023\/02\/londra-consultation.jpg 350w, https:\/\/cliniccenter.co.uk\/wp-content\/uploads\/2023\/02\/londra-consultation-300x200.jpg 300w\" sizes=\"(max-width: 350px) 100vw, 350px\" \/><\/figure>\n\n\n\n<p><strong>K\u00f6rperliche Beratung und pers\u00f6nliche Informationen<\/strong><\/p>\n\n\n\n<p>W\u00e4hrend Ihrer Konsultation in unserem Londoner B\u00fcro, in dem der Leiter der medizinischen Berater Ihren Fall bewertet, haben Sie von Anfang an die M\u00f6glichkeit, einen pers\u00f6nlichen Service zu erhalten.<\/p>\n\n\n\n<p><strong>Seelenfrieden<\/strong><\/p>\n\n\n\n<p>Am Ende Ihres Besuchs werden alle Ihre Fragen zu Ihrer medizinischen Reise beantwortet und Ihr Behandlungsplan ausf\u00fchrlich besprochen, so dass Sie sich wohl f\u00fchlen k\u00f6nnen, in die T\u00fcrkei zu Ihrer Behandlung zu kommen.<\/p>\n<\/div>\n<\/div>\n\n\n\n<div class=\"wp-block-columns is-layout-flex wp-container-core-columns-is-layout-3 wp-block-columns-is-layout-flex\">\n<div class=\"wp-block-column is-layout-flow wp-block-column-is-layout-flow\">\n<div class=\"wp-block-columns is-layout-flex wp-container-core-columns-is-layout-2 wp-block-columns-is-layout-flex\">\n<div class=\"wp-block-column is-layout-flow wp-block-column-is-layout-flow\" style=\"flex-basis:25%\"><\/div>\n\n\n\n<div class=\"wp-block-column is-layout-flow wp-block-column-is-layout-flow\" style=\"flex-basis:50%\">\n<center><div class=\"wp-block-button\"><a class=\"wp-block-button__link\" href=\"https:\/\/cliniccenter.co.uk\/uk-london-consultation\/\">Book Your Free Physical Consultation<\/a><\/div><\/center>\n<\/div>\n\n\n\n<div class=\"wp-block-column is-layout-flow wp-block-column-is-layout-flow\" style=\"flex-basis:25%\"><\/div>\n<\/div>\n<\/div>\n<\/div>\n\n\n\n<div class=\"wp-block-columns is-layout-flex wp-container-core-columns-is-layout-6 wp-block-columns-is-layout-flex\">\n<div class=\"wp-block-column is-layout-flow wp-block-column-is-layout-flow\">\n<figure class=\"wp-block-image alignright size-large\"><img decoding=\"async\" width=\"350\" height=\"233\" src=\"https:\/\/cliniccenter.co.uk\/wp-content\/uploads\/2023\/02\/londra-consultation-7.jpg\" alt=\"londra-consultation-7\" class=\"wp-image-42349\" srcset=\"https:\/\/cliniccenter.co.uk\/wp-content\/uploads\/2023\/02\/londra-consultation-7.jpg 350w, https:\/\/cliniccenter.co.uk\/wp-content\/uploads\/2023\/02\/londra-consultation-7-300x200.jpg 300w\" sizes=\"(max-width: 350px) 100vw, 350px\" \/><\/figure>\n\n\n\n<p><strong>Videokonsultationsm\u00f6glichkeit<\/strong><\/p>\n\n\n\n<p>Wenn Sie keine Gelegenheit haben, unser B\u00fcro in London zu besuchen, k\u00f6nnen Sie jederzeit eine Videokonsultation \u00fcber diesen Link vereinbaren https:\/\/cliniccenter.co.uk\/uk-london-consultation \/ und haben die gleiche Gelegenheit, alle Ihre Fragen zu Ihrer medizinischen Reise zu stellen, da es unsere Priorit\u00e4t ist, Ihnen eine Vorstellung davon zu geben, wie alles funktioniert.<\/p>\n\n\n\n<p><strong>End-to-End-Patientenerfahrung<\/strong><\/p>\n\n\n\n<p>Unser Ziel ist es, einen engen Kontakt zu unseren Patienten aufzubauen, um sie bei ihrem Entscheidungsprozess zu unterst\u00fctzen und ihn so reibungslos wie m\u00f6glich zu gestalten. Als Teil unserer End-to-End-Richtlinie f\u00fcr die Patientenerfahrung haben Sie die M\u00f6glichkeit, einen Nachsorgeservice sowohl online als auch in Gro\u00dfbritannien in Anspruch zu nehmen.<\/p>\n\n\n\n<p>Seien Sie einer von Tausenden von Patienten, die unser B\u00fcro in Holborn, London, besucht haben, um einen schnelleren Prozess zu erhalten, und f\u00fcllen Sie jetzt das Formular aus, um Ihren Termin f\u00fcr eine k\u00f6rperliche Konsultation zu vereinbaren.<\/p>\n\n\n\n<div class=\"wp-block-columns is-layout-flex wp-container-core-columns-is-layout-5 wp-block-columns-is-layout-flex\">\n<div class=\"wp-block-column is-layout-flow wp-block-column-is-layout-flow\">\n<figure class=\"wp-block-image size-large\"><img decoding=\"async\" width=\"350\" height=\"233\" src=\"https:\/\/cliniccenter.co.uk\/wp-content\/uploads\/2023\/02\/londra-consultation-4.jpg\" alt=\"londra-consultation-4\" class=\"wp-image-42330\" srcset=\"https:\/\/cliniccenter.co.uk\/wp-content\/uploads\/2023\/02\/londra-consultation-4.jpg 350w, https:\/\/cliniccenter.co.uk\/wp-content\/uploads\/2023\/02\/londra-consultation-4-300x200.jpg 300w\" sizes=\"(max-width: 350px) 100vw, 350px\" \/><\/figure>\n<\/div>\n\n\n\n<div class=\"wp-block-column is-layout-flow wp-block-column-is-layout-flow\">\n<figure class=\"wp-block-image size-large\"><img decoding=\"async\" width=\"350\" height=\"233\" src=\"https:\/\/cliniccenter.co.uk\/wp-content\/uploads\/2023\/02\/londra-consultation-3.jpg\" alt=\"londra-consultation-3\" class=\"wp-image-42335\" srcset=\"https:\/\/cliniccenter.co.uk\/wp-content\/uploads\/2023\/02\/londra-consultation-3.jpg 350w, https:\/\/cliniccenter.co.uk\/wp-content\/uploads\/2023\/02\/londra-consultation-3-300x200.jpg 300w\" sizes=\"(max-width: 350px) 100vw, 350px\" \/><\/figure>\n<\/div>\n\n\n\n<div class=\"wp-block-column is-layout-flow wp-block-column-is-layout-flow\">\n<figure class=\"wp-block-image size-large\"><img decoding=\"async\" width=\"350\" height=\"233\" src=\"https:\/\/cliniccenter.co.uk\/wp-content\/uploads\/2023\/02\/londra-consultation-1.jpg\" alt=\"londra-consultation-1\" class=\"wp-image-42342\" srcset=\"https:\/\/cliniccenter.co.uk\/wp-content\/uploads\/2023\/02\/londra-consultation-1.jpg 350w, https:\/\/cliniccenter.co.uk\/wp-content\/uploads\/2023\/02\/londra-consultation-1-300x200.jpg 300w\" sizes=\"(max-width: 350px) 100vw, 350px\" \/><\/figure>\n\n\n\n<div class=\"wp-block-columns is-layout-flex wp-container-core-columns-is-layout-4 wp-block-columns-is-layout-flex\">\n<div class=\"wp-block-column is-layout-flow wp-block-column-is-layout-flow\">\n<div style=\"height:100px\" aria-hidden=\"true\" class=\"wp-block-spacer\"><\/div>\n<\/div>\n<\/div>\n<\/div>\n<\/div>\n<\/div>\n<\/div>\n\n\n\n<div class=\"wp-block-columns is-layout-flex wp-container-core-columns-is-layout-7 wp-block-columns-is-layout-flex\">\n<div class=\"wp-block-column is-layout-flow wp-block-column-is-layout-flow\"><\/div>\n\n\n\n<div class=\"wp-block-column is-layout-flow wp-block-column-is-layout-flow\"><\/div>\n\n\n\n<div class=\"wp-block-column is-layout-flow wp-block-column-is-layout-flow\"><\/div>\n<\/div>\n\n\n\n<div class=\"wp-block-columns is-layout-flex wp-container-core-columns-is-layout-8 wp-block-columns-is-layout-flex\">\n<div class=\"wp-block-column is-layout-flow wp-block-column-is-layout-flow\">\n<div class=\"mapouter\"><div class=\"gmap_canvas\"><iframe width=\"100%\" height=\"400\" id=\"gmap_canvas\" src=\"https:\/\/maps.google.com\/maps?q=New%20Broad%20Street%20House,%2035%20New%20Broad%20St,%20London%20EC2M%201NH&amp;t=&amp;z=13&amp;ie=UTF8&amp;iwloc=&amp;output=embed\" frameborder=\"0\" scrolling=\"no\" marginheight=\"0\" marginwidth=\"0\"><\/iframe><\/div><\/div>\n<\/div>\n\n\n\n<div class=\"wp-block-column is-layout-flow wp-block-column-is-layout-flow\">\n<figure class=\"wp-block-image size-large\"><img decoding=\"async\" width=\"454\" height=\"340\" src=\"https:\/\/cliniccenter.co.uk\/wp-content\/uploads\/2022\/08\/Spaces-Liverpool-Street.jpeg\" alt=\"\" class=\"wp-image-38995\" srcset=\"https:\/\/cliniccenter.co.uk\/wp-content\/uploads\/2022\/08\/Spaces-Liverpool-Street.jpeg 454w, https:\/\/cliniccenter.co.uk\/wp-content\/uploads\/2022\/08\/Spaces-Liverpool-Street-300x225.jpeg 300w\" sizes=\"(max-width: 454px) 100vw, 454px\" \/><\/figure>\n<\/div>\n<\/div>\n","protected":false},"excerpt":{"rendered":"<p>Als in Gro\u00dfbritannien registriertes Klinikzentrum m\u00f6chten wir unseren Patienten von Anfang an den besten Service bieten.Daher laden wir Sie zu einer kostenlosen pers\u00f6nlichen Beratung in unserem Londoner B\u00fcro im Zentrum der Stadt Holborn ein. K\u00f6rperliche Beratung und pers\u00f6nliche Informationen W\u00e4hrend Ihrer Konsultation in unserem Londoner B\u00fcro, in dem der Leiter der medizinischen Berater Ihren Fall [&hellip;]<\/p>\n","protected":false},"author":2,"featured_media":0,"parent":0,"menu_order":0,"comment_status":"closed","ping_status":"closed","template":"","meta":{"_uag_custom_page_level_css":"","_lmt_disableupdate":"no","_lmt_disable":"","site-sidebar-layout":"default","site-content-layout":"default","ast-site-content-layout":"default","site-content-style":"default","site-sidebar-style":"default","ast-global-header-display":"","ast-banner-title-visibility":"","ast-main-header-display":"","ast-hfb-above-header-display":"","ast-hfb-below-header-display":"","ast-hfb-mobile-header-display":"","site-post-title":"","ast-breadcrumbs-content":"","ast-featured-img":"","footer-sml-layout":"","theme-transparent-header-meta":"default","adv-header-id-meta":"","stick-header-meta":"","header-above-stick-meta":"","header-main-stick-meta":"","header-below-stick-meta":"","astra-migrate-meta-layouts":"set","ast-page-background-enabled":"default","ast-page-background-meta":{"desktop":{"background-color":"","background-image":"","background-repeat":"repeat","background-position":"center center","background-size":"auto","background-attachment":"scroll","background-type":"","background-media":"","overlay-type":"","overlay-color":"","overlay-opacity":"","overlay-gradient":""},"tablet":{"background-color":"","background-image":"","background-repeat":"repeat","background-position":"center center","background-size":"auto","background-attachment":"scroll","background-type":"","background-media":"","overlay-type":"","overlay-color":"","overlay-opacity":"","overlay-gradient":""},"mobile":{"background-color":"","background-image":"","background-repeat":"repeat","background-position":"center center","background-size":"auto","background-attachment":"scroll","background-type":"","background-media":"","overlay-type":"","overlay-color":"","overlay-opacity":"","overlay-gradient":""}},"ast-content-background-meta":{"desktop":{"background-color":"var(--ast-global-color-5)","background-image":"","background-repeat":"repeat","background-position":"center center","background-size":"auto","background-attachment":"scroll","background-type":"","background-media":"","overlay-type":"","overlay-color":"","overlay-opacity":"","overlay-gradient":""},"tablet":{"background-color":"var(--ast-global-color-5)","background-image":"","background-repeat":"repeat","background-position":"center center","background-size":"auto","background-attachment":"scroll","background-type":"","background-media":"","overlay-type":"","overlay-color":"","overlay-opacity":"","overlay-gradient":""},"mobile":{"background-color":"var(--ast-global-color-5)","background-image":"","background-repeat":"repeat","background-position":"center center","background-size":"auto","background-attachment":"scroll","background-type":"","background-media":"","overlay-type":"","overlay-color":"","overlay-opacity":"","overlay-gradient":""}},"footnotes":""},"class_list":["post-45034","page","type-page","status-publish","hentry"],"yoast_head":"<!-- This site is optimized with the Yoast SEO plugin v25.3.1 - https:\/\/yoast.com\/wordpress\/plugins\/seo\/ -->\n<title>Londoner B\u00fcro und Beratungs- \/ Klinikzentrum<\/title>\n<meta name=\"description\" content=\"Clinic Center bietet Haartransplantation, plastische Chirurgie und kosmetische Zahnheilkunde in der T\u00fcrkei mit preisgekr\u00f6ntem Kundenservice.\" \/>\n<meta name=\"robots\" content=\"index, follow, max-snippet:-1, max-image-preview:large, max-video-preview:-1\" \/>\n<link rel=\"canonical\" href=\"https:\/\/cliniccenter.co.uk\/de\/london-buro-und-beratung\/\" \/>\n<meta property=\"og:locale\" content=\"de_DE\" \/>\n<meta property=\"og:type\" content=\"article\" \/>\n<meta property=\"og:title\" content=\"Londoner B\u00fcro und Beratungs- \/ Klinikzentrum\" \/>\n<meta property=\"og:description\" content=\"Clinic Center bietet Haartransplantation, plastische Chirurgie und kosmetische Zahnheilkunde in der T\u00fcrkei mit preisgekr\u00f6ntem Kundenservice.\" \/>\n<meta property=\"og:url\" content=\"https:\/\/cliniccenter.co.uk\/de\/london-buro-und-beratung\/\" \/>\n<meta property=\"article:publisher\" content=\"https:\/\/www.facebook.com\/cliniccenter.co.uk\/\" \/>\n<meta property=\"article:modified_time\" content=\"2023-12-11T11:16:44+00:00\" \/>\n<meta property=\"og:image\" content=\"https:\/\/cliniccenter.co.uk\/wp-content\/uploads\/2023\/02\/londra-consultation.jpg\" \/>\n<meta name=\"twitter:card\" content=\"summary_large_image\" \/>\n<meta name=\"twitter:site\" content=\"@cliniccenteruk\" \/>\n<meta name=\"twitter:label1\" content=\"Gesch\u00e4tzte Lesezeit\" \/>\n\t<meta name=\"twitter:data1\" content=\"3\u00a0Minuten\" \/>\n<!-- \/ Yoast SEO plugin. -->","yoast_head_json":{"title":"Londoner B\u00fcro und Beratungs- \/ Klinikzentrum","description":"Clinic Center bietet Haartransplantation, plastische Chirurgie und kosmetische Zahnheilkunde in der T\u00fcrkei mit preisgekr\u00f6ntem Kundenservice.","robots":{"index":"index","follow":"follow","max-snippet":"max-snippet:-1","max-image-preview":"max-image-preview:large","max-video-preview":"max-video-preview:-1"},"canonical":"https:\/\/cliniccenter.co.uk\/de\/london-buro-und-beratung\/","og_locale":"de_DE","og_type":"article","og_title":"Londoner B\u00fcro und Beratungs- \/ Klinikzentrum","og_description":"Clinic Center bietet Haartransplantation, plastische Chirurgie und kosmetische Zahnheilkunde in der T\u00fcrkei mit preisgekr\u00f6ntem Kundenservice.","og_url":"https:\/\/cliniccenter.co.uk\/de\/london-buro-und-beratung\/","article_publisher":"https:\/\/www.facebook.com\/cliniccenter.co.uk\/","article_modified_time":"2023-12-11T11:16:44+00:00","og_image":[{"url":"https:\/\/cliniccenter.co.uk\/wp-content\/uploads\/2023\/02\/londra-consultation.jpg","type":"","width":"","height":""}],"twitter_card":"summary_large_image","twitter_site":"@cliniccenteruk","twitter_misc":{"Gesch\u00e4tzte Lesezeit":"3\u00a0Minuten"},"schema":{"@context":"https:\/\/schema.org","@graph":[{"@type":"WebPage","@id":"https:\/\/cliniccenter.co.uk\/de\/london-buro-und-beratung\/","url":"https:\/\/cliniccenter.co.uk\/de\/london-buro-und-beratung\/","name":"Londoner B\u00fcro und Beratungs- \/ Klinikzentrum","isPartOf":{"@id":"https:\/\/cliniccenter.co.uk\/ro\/#website"},"primaryImageOfPage":{"@id":"https:\/\/cliniccenter.co.uk\/de\/london-buro-und-beratung\/#primaryimage"},"image":{"@id":"https:\/\/cliniccenter.co.uk\/de\/london-buro-und-beratung\/#primaryimage"},"thumbnailUrl":"https:\/\/cliniccenter.co.uk\/wp-content\/uploads\/2023\/02\/londra-consultation.jpg","datePublished":"2020-04-10T07:49:49+00:00","dateModified":"2023-12-11T11:16:44+00:00","description":"Clinic Center bietet Haartransplantation, plastische Chirurgie und kosmetische Zahnheilkunde in der T\u00fcrkei mit preisgekr\u00f6ntem Kundenservice.","breadcrumb":{"@id":"https:\/\/cliniccenter.co.uk\/de\/london-buro-und-beratung\/#breadcrumb"},"inLanguage":"de","potentialAction":[{"@type":"ReadAction","target":["https:\/\/cliniccenter.co.uk\/de\/london-buro-und-beratung\/"]}]},{"@type":"ImageObject","inLanguage":"de","@id":"https:\/\/cliniccenter.co.uk\/de\/london-buro-und-beratung\/#primaryimage","url":"https:\/\/cliniccenter.co.uk\/wp-content\/uploads\/2023\/02\/londra-consultation.jpg","contentUrl":"https:\/\/cliniccenter.co.uk\/wp-content\/uploads\/2023\/02\/londra-consultation.jpg"},{"@type":"BreadcrumbList","@id":"https:\/\/cliniccenter.co.uk\/de\/london-buro-und-beratung\/#breadcrumb","itemListElement":[{"@type":"ListItem","position":1,"name":"Home","item":"https:\/\/cliniccenter.co.uk\/de\/"},{"@type":"ListItem","position":2,"name":"Londoner B\u00fcro und Beratung"}]},{"@type":"WebSite","@id":"https:\/\/cliniccenter.co.uk\/ro\/#website","url":"https:\/\/cliniccenter.co.uk\/ro\/","name":"","description":"","potentialAction":[{"@type":"SearchAction","target":{"@type":"EntryPoint","urlTemplate":"https:\/\/cliniccenter.co.uk\/ro\/?s={search_term_string}"},"query-input":{"@type":"PropertyValueSpecification","valueRequired":true,"valueName":"search_term_string"}}],"inLanguage":"de"}]}},"uagb_featured_image_src":{"full":false,"thumbnail":false,"medium":false,"medium_large":false,"large":false,"1536x1536":false,"2048x2048":false},"uagb_author_info":{"display_name":"Sertac Ceki","author_link":"https:\/\/cliniccenter.co.uk\/de\/blog\/author\/sertaccliniccenter-co-uk\/"},"uagb_comment_info":0,"uagb_excerpt":"Als in Gro\u00dfbritannien registriertes Klinikzentrum m\u00f6chten wir unseren Patienten von Anfang an den besten Service bieten.Daher laden wir Sie zu einer kostenlosen pers\u00f6nlichen Beratung in unserem Londoner B\u00fcro im Zentrum der Stadt Holborn ein. K\u00f6rperliche Beratung und pers\u00f6nliche Informationen W\u00e4hrend Ihrer Konsultation in unserem Londoner B\u00fcro, in dem der Leiter der medizinischen Berater Ihren Fall&hellip;","_links":{"self":[{"href":"https:\/\/cliniccenter.co.uk\/de\/wp-json\/wp\/v2\/pages\/45034"}],"collection":[{"href":"https:\/\/cliniccenter.co.uk\/de\/wp-json\/wp\/v2\/pages"}],"about":[{"href":"https:\/\/cliniccenter.co.uk\/de\/wp-json\/wp\/v2\/types\/page"}],"author":[{"embeddable":true,"href":"https:\/\/cliniccenter.co.uk\/de\/wp-json\/wp\/v2\/users\/2"}],"replies":[{"embeddable":true,"href":"https:\/\/cliniccenter.co.uk\/de\/wp-json\/wp\/v2\/comments?post=45034"}],"version-history":[{"count":2,"href":"https:\/\/cliniccenter.co.uk\/de\/wp-json\/wp\/v2\/pages\/45034\/revisions"}],"predecessor-version":[{"id":49235,"href":"https:\/\/cliniccenter.co.uk\/de\/wp-json\/wp\/v2\/pages\/45034\/revisions\/49235"}],"wp:attachment":[{"href":"https:\/\/cliniccenter.co.uk\/de\/wp-json\/wp\/v2\/media?parent=45034"}],"curies":[{"name":"wp","href":"https:\/\/api.w.org\/{rel}","templated":true}]}}