{"id":45051,"date":"2020-04-10T14:39:35","date_gmt":"2020-04-10T14:39:35","guid":{"rendered":"https:\/\/cliniccenter.co.uk\/aftercare-service\/"},"modified":"2023-12-11T11:20:51","modified_gmt":"2023-12-11T11:20:51","slug":"nachsorge-service","status":"publish","type":"page","link":"https:\/\/cliniccenter.co.uk\/de\/nachsorge-service\/","title":{"rendered":"Clinic Center Aftercare Service"},"content":{"rendered":"\n<h1 class=\"wp-block-heading entry-title\">Einzigartiger physischer Nachsorgeservice in Gro\u00dfbritannien<\/h1>\n\n\n\n<p><br><span style=\"font-size: inherit; font-weight: inherit;\">Als Klinikzentrum tun wir unser Bestes, um unsere Dienstleistungen zu verbessern. Jetzt stehen wir Ihnen mit unserer Nachsorgeoption in Gro\u00dfbritannien zur Verf\u00fcgung, die im Gesundheitswesen einzigartig ist.<\/span><\/p>\n\n\n\n<figure class=\"wp-block-image aligncenter size-full is-style-rounded\"><img decoding=\"async\" width=\"400\" height=\"215\" src=\"https:\/\/cliniccenter.co.uk\/wp-content\/uploads\/2023\/12\/London-Aftercare-1.webp\" alt=\"\" class=\"wp-image-49236 skip-lazy\" srcset=\"https:\/\/cliniccenter.co.uk\/wp-content\/uploads\/2023\/12\/London-Aftercare-1.webp 400w, https:\/\/cliniccenter.co.uk\/wp-content\/uploads\/2023\/12\/London-Aftercare-1-300x161.webp 300w\" sizes=\"(max-width: 400px) 100vw, 400px\" \/><\/figure>\n\n\n\n<h3 class=\"wp-block-heading\">Kostenlose k\u00f6rperliche Untersuchung in Gro\u00dfbritannien<\/h3>\n\n\n\n<p>Wir sind das einzige Unternehmen im Gesundheitswesen, das in Gro\u00dfbritannien k\u00f6rperliche Nachsorge anbietet. Wir begleiten unsere Patienten auch nach ihrer Behandlung, bis ihr Heilungsprozess abgeschlossen ist, damit sie eine zufriedenstellende End-to-End-medizinische Erfahrung haben k\u00f6nnen.<\/p>\n\n\n\n<h3 class=\"wp-block-heading\">Erreichbarkeit von Kliniken mit unterschiedlichen Standorten<\/h3>\n\n\n\n<p>Wir bieten allen unseren Patienten an verschiedenen Standorten in Gro\u00dfbritannien M\u00f6glichkeiten zur Untersuchung durch \u00c4rzte \/ Chirurgen. Alle Patienten des Klinikzentrums k\u00f6nnen diesen Service kostenlos in Anspruch nehmen. Der Ort der Termine wird von unserem Nachsorgeteam je nach Wunsch und Standort jedes Patienten organisiert, um einen einfachen Zugang f\u00fcr unsere Patienten zu gew\u00e4hrleisten.<\/p>\n\n\n\n<h3 class=\"wp-block-heading\">Keine Warteliste f\u00fcr die Buchung<\/h3>\n\n\n\n<p>Patienten m\u00fcssen nicht warten, um einen Check-up zu buchen, obwohl er kostenlos ist. Unser Nachsorgeteam wird die Termine innerhalb weniger Tage nach Wunsch vereinbaren.<\/p>\n\n\n\n<h2 class=\"wp-block-heading\">Online-Nachsorge-Hilfe<\/h2>\n\n\n\n<p>Unser Nachsorgeteam unterst\u00fctzt unsere Patienten, um sicherzustellen, dass sie einen reibungslosen Genesungsprozess, eine erf\u00fcllte medizinische Reise und zufriedenstellende Ergebnisse erleben.<\/p>\n\n\n\n<figure class=\"wp-block-image aligncenter size-large is-style-rounded\"><img decoding=\"async\" width=\"400\" height=\"299\" src=\"https:\/\/cliniccenter.co.uk\/wp-content\/uploads\/2021\/08\/online-aftercare-edited-1.jpeg\" alt=\"\" class=\"wp-image-10467\" srcset=\"https:\/\/cliniccenter.co.uk\/wp-content\/uploads\/2021\/08\/online-aftercare-edited-1.jpeg 400w, https:\/\/cliniccenter.co.uk\/wp-content\/uploads\/2021\/08\/online-aftercare-edited-1-300x224.jpeg 300w\" sizes=\"(max-width: 400px) 100vw, 400px\" \/><\/figure>\n\n\n\n<h3 class=\"wp-block-heading\">Enger Kontakt mit Patienten<\/h3>\n\n\n\n<p>Unsere Nachsorgeabteilung ist nur f\u00fcr behandelte Patienten verantwortlich und fungiert als Bindeglied zwischen dem Patienten und dem Chirurgen \/ Trichologen. Bei Bedenken oder Fragen k\u00f6nnen Sie sich jederzeit an uns wenden und wir werden unser Bestes tun, um Ihnen zu helfen.<\/p>\n\n\n\n<h3 class=\"wp-block-heading\">1 Jahr kostenlose Online-Nachverfolgung<\/h3>\n\n\n\n<p>Unser Nachsorgeteam begleitet den Heilungsprozess unserer Patienten 12 Monate lang regelm\u00e4\u00dfig, um den Heilungsprozess einfacher und komfortabler zu gestalten, indem es einige spezifische Fragen stellt und Fotos anfordert, um dies mit dem Arzt zu besprechen, um die aktuelle Situation und das Ergebnis zu bewerten.<\/p>\n\n\n\n<h3 class=\"wp-block-heading\">7\/24 Zugang zum Nachsorgeteam<\/h3>\n\n\n\n<p>Unsere Mitglieder des Nachsorgeteams sind w\u00e4hrend der postoperativen Phase des Patienten telefonisch oder online 7\/24 erreichbar. Unser Team beantwortet alle Fragen so schnell wie m\u00f6glich.<\/p>\n\n\n\n<h3 class=\"wp-block-heading\">Schriftliche und visuelle Nachsorgeanweisungen<\/h3>\n\n\n\n<p>Wir geben unseren Patienten detaillierte Anweisungen zur Nachsorge, damit sie w\u00e4hrend ihres Genesungsprozesses \u00fcber die Vor- und Nachteile informiert werden k\u00f6nnen. Wenn Sie weitere Fragen haben, z\u00f6gern Sie bitte nicht, uns zu kontaktieren und wir werden Ihre Frage ausf\u00fchrlich beantworten.<\/p>\n\n\n\n<p><iframe src=\"https:\/\/www.google.com\/maps\/d\/u\/0\/embed?mid=1NeUs9SkX8tjtqVh7WnFYXWCjq-szKFK7\" width=\"100%\" height=\"480\"><\/iframe><\/p>\n\n\n\n<p><\/p>\n","protected":false},"excerpt":{"rendered":"<p>Einzigartiger physischer Nachsorgeservice in Gro\u00dfbritannien Als Klinikzentrum tun wir unser Bestes, um unsere Dienstleistungen zu verbessern. Jetzt stehen wir Ihnen mit unserer Nachsorgeoption in Gro\u00dfbritannien zur Verf\u00fcgung, die im Gesundheitswesen einzigartig ist. Kostenlose k\u00f6rperliche Untersuchung in Gro\u00dfbritannien Wir sind das einzige Unternehmen im Gesundheitswesen, das in Gro\u00dfbritannien k\u00f6rperliche Nachsorge anbietet. Wir begleiten unsere Patienten auch [&hellip;]<\/p>\n","protected":false},"author":2,"featured_media":0,"parent":0,"menu_order":0,"comment_status":"closed","ping_status":"closed","template":"","meta":{"_uag_custom_page_level_css":"","_lmt_disableupdate":"no","_lmt_disable":"","site-sidebar-layout":"default","site-content-layout":"default","ast-site-content-layout":"default","site-content-style":"default","site-sidebar-style":"default","ast-global-header-display":"","ast-banner-title-visibility":"","ast-main-header-display":"","ast-hfb-above-header-display":"","ast-hfb-below-header-display":"","ast-hfb-mobile-header-display":"","site-post-title":"disabled","ast-breadcrumbs-content":"","ast-featured-img":"disabled","footer-sml-layout":"","theme-transparent-header-meta":"default","adv-header-id-meta":"","stick-header-meta":"","header-above-stick-meta":"","header-main-stick-meta":"","header-below-stick-meta":"","astra-migrate-meta-layouts":"set","ast-page-background-enabled":"default","ast-page-background-meta":{"desktop":{"background-color":"","background-image":"","background-repeat":"repeat","background-position":"center center","background-size":"auto","background-attachment":"scroll","background-type":"","background-media":"","overlay-type":"","overlay-color":"","overlay-opacity":"","overlay-gradient":""},"tablet":{"background-color":"","background-image":"","background-repeat":"repeat","background-position":"center center","background-size":"auto","background-attachment":"scroll","background-type":"","background-media":"","overlay-type":"","overlay-color":"","overlay-opacity":"","overlay-gradient":""},"mobile":{"background-color":"","background-image":"","background-repeat":"repeat","background-position":"center center","background-size":"auto","background-attachment":"scroll","background-type":"","background-media":"","overlay-type":"","overlay-color":"","overlay-opacity":"","overlay-gradient":""}},"ast-content-background-meta":{"desktop":{"background-color":"var(--ast-global-color-5)","background-image":"","background-repeat":"repeat","background-position":"center center","background-size":"auto","background-attachment":"scroll","background-type":"","background-media":"","overlay-type":"","overlay-color":"","overlay-opacity":"","overlay-gradient":""},"tablet":{"background-color":"var(--ast-global-color-5)","background-image":"","background-repeat":"repeat","background-position":"center center","background-size":"auto","background-attachment":"scroll","background-type":"","background-media":"","overlay-type":"","overlay-color":"","overlay-opacity":"","overlay-gradient":""},"mobile":{"background-color":"var(--ast-global-color-5)","background-image":"","background-repeat":"repeat","background-position":"center center","background-size":"auto","background-attachment":"scroll","background-type":"","background-media":"","overlay-type":"","overlay-color":"","overlay-opacity":"","overlay-gradient":""}},"footnotes":""},"class_list":["post-45051","page","type-page","status-publish","hentry"],"yoast_head":"<!-- This site is optimized with the Yoast SEO plugin v25.3.1 - https:\/\/yoast.com\/wordpress\/plugins\/seo\/ -->\n<title>Clinic Center Nachsorge-Service | Clinic Center<\/title>\n<meta name=\"description\" content=\"Clinic Center ist das einzige Medizintourismusunternehmen, das k\u00f6rperliche Nachsorge in 25 Kliniken in Gro\u00dfbritannien anbietet.\" \/>\n<meta name=\"robots\" content=\"index, follow, max-snippet:-1, max-image-preview:large, max-video-preview:-1\" \/>\n<link rel=\"canonical\" href=\"https:\/\/cliniccenter.co.uk\/de\/nachsorge-service\/\" \/>\n<meta property=\"og:locale\" content=\"de_DE\" \/>\n<meta property=\"og:type\" content=\"article\" \/>\n<meta property=\"og:title\" content=\"Clinic Center Nachsorge-Service | Clinic Center\" \/>\n<meta property=\"og:description\" content=\"Clinic Center ist das einzige Medizintourismusunternehmen, das k\u00f6rperliche Nachsorge in 25 Kliniken in Gro\u00dfbritannien anbietet.\" \/>\n<meta property=\"og:url\" content=\"https:\/\/cliniccenter.co.uk\/de\/nachsorge-service\/\" \/>\n<meta property=\"article:publisher\" content=\"https:\/\/www.facebook.com\/cliniccenter.co.uk\/\" \/>\n<meta property=\"article:modified_time\" content=\"2023-12-11T11:20:51+00:00\" \/>\n<meta property=\"og:image\" content=\"https:\/\/cliniccenter.co.uk\/wp-content\/uploads\/2023\/12\/London-Aftercare-1.webp\" \/>\n<meta name=\"twitter:card\" content=\"summary_large_image\" \/>\n<meta name=\"twitter:site\" content=\"@cliniccenteruk\" \/>\n<meta name=\"twitter:label1\" content=\"Gesch\u00e4tzte Lesezeit\" \/>\n\t<meta name=\"twitter:data1\" content=\"2\u00a0Minuten\" \/>\n<!-- \/ Yoast SEO plugin. -->","yoast_head_json":{"title":"Clinic Center Nachsorge-Service | Clinic Center","description":"Clinic Center ist das einzige Medizintourismusunternehmen, das k\u00f6rperliche Nachsorge in 25 Kliniken in Gro\u00dfbritannien anbietet.","robots":{"index":"index","follow":"follow","max-snippet":"max-snippet:-1","max-image-preview":"max-image-preview:large","max-video-preview":"max-video-preview:-1"},"canonical":"https:\/\/cliniccenter.co.uk\/de\/nachsorge-service\/","og_locale":"de_DE","og_type":"article","og_title":"Clinic Center Nachsorge-Service | Clinic Center","og_description":"Clinic Center ist das einzige Medizintourismusunternehmen, das k\u00f6rperliche Nachsorge in 25 Kliniken in Gro\u00dfbritannien anbietet.","og_url":"https:\/\/cliniccenter.co.uk\/de\/nachsorge-service\/","article_publisher":"https:\/\/www.facebook.com\/cliniccenter.co.uk\/","article_modified_time":"2023-12-11T11:20:51+00:00","og_image":[{"url":"https:\/\/cliniccenter.co.uk\/wp-content\/uploads\/2023\/12\/London-Aftercare-1.webp","type":"","width":"","height":""}],"twitter_card":"summary_large_image","twitter_site":"@cliniccenteruk","twitter_misc":{"Gesch\u00e4tzte Lesezeit":"2\u00a0Minuten"},"schema":{"@context":"https:\/\/schema.org","@graph":[{"@type":"WebPage","@id":"https:\/\/cliniccenter.co.uk\/de\/nachsorge-service\/","url":"https:\/\/cliniccenter.co.uk\/de\/nachsorge-service\/","name":"Clinic Center Nachsorge-Service | Clinic Center","isPartOf":{"@id":"https:\/\/cliniccenter.co.uk\/ro\/#website"},"primaryImageOfPage":{"@id":"https:\/\/cliniccenter.co.uk\/de\/nachsorge-service\/#primaryimage"},"image":{"@id":"https:\/\/cliniccenter.co.uk\/de\/nachsorge-service\/#primaryimage"},"thumbnailUrl":"https:\/\/cliniccenter.co.uk\/wp-content\/uploads\/2023\/12\/London-Aftercare-1.webp","datePublished":"2020-04-10T14:39:35+00:00","dateModified":"2023-12-11T11:20:51+00:00","description":"Clinic Center ist das einzige Medizintourismusunternehmen, das k\u00f6rperliche Nachsorge in 25 Kliniken in Gro\u00dfbritannien anbietet.","breadcrumb":{"@id":"https:\/\/cliniccenter.co.uk\/de\/nachsorge-service\/#breadcrumb"},"inLanguage":"de","potentialAction":[{"@type":"ReadAction","target":["https:\/\/cliniccenter.co.uk\/de\/nachsorge-service\/"]}]},{"@type":"ImageObject","inLanguage":"de","@id":"https:\/\/cliniccenter.co.uk\/de\/nachsorge-service\/#primaryimage","url":"https:\/\/cliniccenter.co.uk\/wp-content\/uploads\/2023\/12\/London-Aftercare-1.webp","contentUrl":"https:\/\/cliniccenter.co.uk\/wp-content\/uploads\/2023\/12\/London-Aftercare-1.webp"},{"@type":"BreadcrumbList","@id":"https:\/\/cliniccenter.co.uk\/de\/nachsorge-service\/#breadcrumb","itemListElement":[{"@type":"ListItem","position":1,"name":"Home","item":"https:\/\/cliniccenter.co.uk\/de\/"},{"@type":"ListItem","position":2,"name":"Clinic Center Aftercare Service"}]},{"@type":"WebSite","@id":"https:\/\/cliniccenter.co.uk\/ro\/#website","url":"https:\/\/cliniccenter.co.uk\/ro\/","name":"","description":"","potentialAction":[{"@type":"SearchAction","target":{"@type":"EntryPoint","urlTemplate":"https:\/\/cliniccenter.co.uk\/ro\/?s={search_term_string}"},"query-input":{"@type":"PropertyValueSpecification","valueRequired":true,"valueName":"search_term_string"}}],"inLanguage":"de"}]}},"uagb_featured_image_src":{"full":false,"thumbnail":false,"medium":false,"medium_large":false,"large":false,"1536x1536":false,"2048x2048":false},"uagb_author_info":{"display_name":"Sertac Ceki","author_link":"https:\/\/cliniccenter.co.uk\/de\/blog\/author\/sertaccliniccenter-co-uk\/"},"uagb_comment_info":0,"uagb_excerpt":"Einzigartiger physischer Nachsorgeservice in Gro\u00dfbritannien Als Klinikzentrum tun wir unser Bestes, um unsere Dienstleistungen zu verbessern. Jetzt stehen wir Ihnen mit unserer Nachsorgeoption in Gro\u00dfbritannien zur Verf\u00fcgung, die im Gesundheitswesen einzigartig ist. Kostenlose k\u00f6rperliche Untersuchung in Gro\u00dfbritannien Wir sind das einzige Unternehmen im Gesundheitswesen, das in Gro\u00dfbritannien k\u00f6rperliche Nachsorge anbietet. Wir begleiten unsere Patienten auch&hellip;","_links":{"self":[{"href":"https:\/\/cliniccenter.co.uk\/de\/wp-json\/wp\/v2\/pages\/45051"}],"collection":[{"href":"https:\/\/cliniccenter.co.uk\/de\/wp-json\/wp\/v2\/pages"}],"about":[{"href":"https:\/\/cliniccenter.co.uk\/de\/wp-json\/wp\/v2\/types\/page"}],"author":[{"embeddable":true,"href":"https:\/\/cliniccenter.co.uk\/de\/wp-json\/wp\/v2\/users\/2"}],"replies":[{"embeddable":true,"href":"https:\/\/cliniccenter.co.uk\/de\/wp-json\/wp\/v2\/comments?post=45051"}],"version-history":[{"count":2,"href":"https:\/\/cliniccenter.co.uk\/de\/wp-json\/wp\/v2\/pages\/45051\/revisions"}],"predecessor-version":[{"id":49241,"href":"https:\/\/cliniccenter.co.uk\/de\/wp-json\/wp\/v2\/pages\/45051\/revisions\/49241"}],"wp:attachment":[{"href":"https:\/\/cliniccenter.co.uk\/de\/wp-json\/wp\/v2\/media?parent=45051"}],"curies":[{"name":"wp","href":"https:\/\/api.w.org\/{rel}","templated":true}]}}