{"id":45064,"date":"2020-01-06T07:58:29","date_gmt":"2020-01-06T07:58:29","guid":{"rendered":"https:\/\/cliniccenter.co.uk\/uk-london-consultation\/"},"modified":"2023-09-08T13:44:36","modified_gmt":"2023-09-08T13:44:36","slug":"uk-london-beratung","status":"publish","type":"page","link":"https:\/\/cliniccenter.co.uk\/de\/uk-london-beratung\/","title":{"rendered":"London Consultation"},"content":{"rendered":"\n<div class=\"wp-block-columns is-layout-flex wp-container-core-columns-is-layout-1 wp-block-columns-is-layout-flex\">\n<div class=\"wp-block-column is-layout-flow wp-block-column-is-layout-flow\">\n<figure class=\"wp-block-image\"><img decoding=\"async\" src=\"\/\/d9hhrg4mnvzow.cloudfront.net\/cliniccenter.co.uk\/system-appointment-patients\/dfd1089a-logo-tek_05u01g000000000000001.png\" alt=\"\"\/><\/figure>\n<\/div>\n\n\n\n<div class=\"wp-block-column is-layout-flow wp-block-column-is-layout-flow\">\n<p class=\"has-text-align-right\">Londoner Konsultationen an jedem Wochentag!<\/p>\n<\/div>\n<\/div>\n\n\n\n<div class=\"wp-block-columns is-layout-flex wp-container-core-columns-is-layout-2 wp-block-columns-is-layout-flex\">\n<div class=\"wp-block-column is-layout-flow wp-block-column-is-layout-flow\">\n<h2 class=\"wp-block-heading\">Buchen Sie jetzt Ihre kostenlose Beratung<\/h2>\n\n\n\n<p>Submit your details now to book your free physical consultation in a stated location in the UK or video consultation to talk about your treatment plan and medical trip with a medical expert.You can also get more information about special price opportunities and discounts!<\/p>\n<\/div>\n\n\n\n<div class=\"wp-block-column is-layout-flow wp-block-column-is-layout-flow\">\n<h3 class=\"has-text-align-right wp-block-heading\">Buchen Sie Ihre Beratung jeden Wochentag!<\/h3>\n\n\n\n<figure class=\"wp-block-image is-resized\"><img decoding=\"async\" src=\"https:\/\/cliniccenter.co.uk\/wp-content\/uploads\/2020\/02\/ALL-Newsletter-2-1.jpg\" alt=\"\" class=\"wp-image-3379\" width=\"100%\"><\/figure>\n<\/div>\n<\/div>\n\n\n\n<div class=\"wp-block-columns is-layout-flex wp-container-core-columns-is-layout-3 wp-block-columns-is-layout-flex\">\n<div class=\"wp-block-column is-layout-flow wp-block-column-is-layout-flow\">\n<iframe id=\"finload\" src=\"https:\/\/meet.cliniccenter.co.uk\/new_form.php?islem=randevu_ekle_new\" width=\"100%\" height=\"700\" frameborder=\"0\" scrolling=\"no\" allowfullscreen=\"allowfullscreen\"><\/iframe>\n\n\n<\/div>\n\n\n\n<div class=\"wp-block-column is-layout-flow wp-block-column-is-layout-flow\">\n<div class=\"clearfix\"><\/div>\n<div class=\"flu\">\n<h3 style=\"color: #bf0404; text-align: left;\">Cosmetic Surgery with Free Physical Consultation<\/h3>\n<table class=\" alignleft\" style=\"width: 100%; text-align: left !important; border:0 !important\" id=\"cixtbl\">\n<tbody>\n<tr>\n<td><span class=\"circlebox\">1<\/span><\/td>\n<td style=\"text-align: left; color: #0b0d65;\">\n<h3>Your desired treatment<\/h3>\nPersonalized assessment according to your needs<\/td>\n<\/tr>\n<tr>\n<td><span class=\"circlebox\">2<\/span><\/td>\n<td style=\"text-align: left; color: #0b0d65;\">\n<h3>Accommodation at 4-star hotel<\/h3>\nComfortable stay, quality bedding, and delicious breakfast<\/td>\n<\/tr>\n<tr>\n<td><span class=\"circlebox\">3<\/span><\/td>\n<td style=\"text-align: left; color: #0b0d65;\">\n<h3>Airport transfers with private car<\/h3>\nPersonal driver for faster and easier travel<\/td>\n<\/tr>\n<tr>\n<td><span class=\"circlebox\">4<\/span><\/td>\n<td style=\"text-align: left; color: #0b0d65;\">\n<h3>Check up after procedures<\/h3>\nFinal touches to ensure the definite result<\/td>\n<\/tr>\n<tr>\n<td><span class=\"circlebox\">5<\/span><\/td>\n<td style=\"text-align: left; color: #0b0d65;\">\n<h3>1 year follow up<\/h3>\nThe healing process will be monitored by our aftercare nurse<\/td>\n<\/tr>\n<tr>\n<td><span class=\"circlebox\">6<\/span><\/td>\n<td style=\"text-align: left; color: #0b0d65;\">\n<h3>Aftercare services in the UK and Germany<\/h3>\nFree GP appointment at partner clinics<\/td>\n<\/tr>\n<\/tbody>\n<\/table>\n<div class=\"clearfix\"><\/div>\n<\/div>\n<\/div>\n<\/div>\n\n\n\n<div>\n<div style=\"height: auto; padding: 10px;\"><strong>Consultation Addresses:<\/strong> Spaces,New Broad Street House, 35 New Broad St, London EC2M 1NH<\/div>\n\n<\/div><iframe src=\"https:\/\/maps.google.com\/maps?q=New%20Broad%20Street%20House,%2035%20New%20Broad%20St,%20London%20EC2M%201NH&amp;t=&amp;z=13&amp;ie=UTF8&amp;iwloc=&amp;output=embed\" width=\"100%\" height=\"250\" style=\"border:0;\" allowfullscreen=\"\" loading=\"lazy\"><\/iframe>\n\n\n\n<div class=\"wp-block-columns is-layout-flex wp-container-core-columns-is-layout-4 wp-block-columns-is-layout-flex\">\n<div class=\"wp-block-column is-layout-flow wp-block-column-is-layout-flow\">\n<p><\/p>\n\n\n\n<p><\/p>\n\n\n\n<p><\/p>\n\n\n\n<p class=\"has-text-align-center has-vivid-red-color has-text-color\"><strong>SEHEN SIE SICH DIE ERFAHRUNGEN UNSERER FR\u00dcHEREN PATIENTEN MIT SCH\u00d6NHEITSOPERATIONEN AN<\/strong><\/p>\n<\/div>\n<\/div>\n\n\n\n<div class=\"wp-block-columns is-layout-flex wp-container-core-columns-is-layout-5 wp-block-columns-is-layout-flex\">\n<div class=\"wp-block-column is-layout-flow wp-block-column-is-layout-flow\">\n<figure class=\"wp-block-embed is-type-video is-provider-youtube wp-block-embed-youtube wp-embed-aspect-16-9 wp-has-aspect-ratio\"><div class=\"wp-block-embed__wrapper\">\n<div class=\"ast-oembed-container \" style=\"height: 100%;\"><iframe title=\"Breast Surgery in Turkey I Katie&#039;s Medical Journey I Clinic Center Turkey\" width=\"500\" height=\"281\" src=\"https:\/\/www.youtube.com\/embed\/qieJ_yOPckY?feature=oembed\" frameborder=\"0\" allow=\"accelerometer; autoplay; clipboard-write; encrypted-media; gyroscope; picture-in-picture; web-share\" referrerpolicy=\"strict-origin-when-cross-origin\" allowfullscreen><\/iframe><\/div>\n<\/div><\/figure>\n<\/div>\n\n\n\n<div class=\"wp-block-column is-layout-flow wp-block-column-is-layout-flow\">\n<figure class=\"wp-block-embed is-type-video is-provider-youtube wp-block-embed-youtube wp-embed-aspect-16-9 wp-has-aspect-ratio\"><div class=\"wp-block-embed__wrapper\">\n<div class=\"ast-oembed-container \" style=\"height: 100%;\"><iframe title=\"Breast Augmentation in Turkey I Breast Uplift in Turkey I Gemma&#039;s Medical Journey I Clinic Center\" width=\"500\" height=\"281\" src=\"https:\/\/www.youtube.com\/embed\/tvVbAbv1a6w?feature=oembed\" frameborder=\"0\" allow=\"accelerometer; autoplay; clipboard-write; encrypted-media; gyroscope; picture-in-picture; web-share\" referrerpolicy=\"strict-origin-when-cross-origin\" allowfullscreen><\/iframe><\/div>\n<\/div><\/figure>\n<\/div>\n<\/div>\n\n\n\n<div class=\"wp-block-columns is-layout-flex wp-container-core-columns-is-layout-6 wp-block-columns-is-layout-flex\">\n<div class=\"wp-block-column is-layout-flow wp-block-column-is-layout-flow\">\n<p class=\"has-text-align-center has-vivid-red-color has-text-color\"><strong>WER SIND WIR?<\/strong><\/p>\n\n\n\n<p>Haartransplantationen, plastische Chirurgie und kosmetische Zahnheilkunde werden modern, genau und effizient von international anerkannten und talentierten \u00c4rzten durchgef\u00fchrt, die die neueste Technologie und fortschrittliche chirurgische Methoden zu erschwinglichen Kosten in der T\u00fcrkei kombinieren. \u00dcber Tausende von Patienten aus Gro\u00dfbritannien, Irland, Deutschland, Italien, den Vereinigten Staaten von Amerika, Kanada, Australien, Neuseeland, dem Nahen Osten, Afrika und vielen weiteren L\u00e4ndern wurden von Fachleuten mit Unterst\u00fctzung des Klinikzentrums behandelt.<\/p>\n\n\n\n<p>Das Team des Klinikzentrums bestand aus angesehenen und am besten ausgebildeten Chirurgen und Spezialisten. Unser Glaube ist es, die Bereitstellung qualitativ hochwertiger Dienstleistungen zu wettbewerbsf\u00e4higen, erschwinglichen Kosten durch qualifizierte medizinische Teams, in fortschrittlichen Krankenh\u00e4usern und mit modernsten Technologien zu unterst\u00fctzen, die die besten Ergebnisse f\u00fcr alle Patienten garantieren. Alle Behandlungen werden in international anerkannten Krankenh\u00e4usern durchgef\u00fchrt. Alle verwendeten Ger\u00e4te; die \u00c4rzte, Pfleger, Mitarbeiter und allgemeinen Krankenhausbedingungen sowie alle Prozesse werden von internationalen medizinischen Stellen und dem t\u00fcrkischen Gesundheitsministerium inspiziert und genehmigt.<\/p>\n\n\n\n<p>Auszeichnung f\u00fcr den besten Kundenservice von WhatClinic.com , Clinic Center Patient Services arbeitet 7\/24, um die Bereitstellung von Behandlungen von h\u00f6chster Qualit\u00e4t zu unterst\u00fctzen. Ausgehend von der Beratung wird die Reise von unserem professionellen Team \u00fcberwacht und unterst\u00fctzt. Jedes Mitglied unseres Teams investiert Zeit in pers\u00f6nliche Beziehungen und trifft durchdachte Entscheidungen mit unseren Patienten. Nach den Behandlungen in der T\u00fcrkei bleiben wir mit den Patienten in Kontakt und unterst\u00fctzen sie bei der Nachsorge in der T\u00fcrkei. Das patientenorientierte Team des Klinikzentrums gibt sein Bestes, damit die Patienten den bestm\u00f6glichen Service erhalten und sich wie zu Hause f\u00fchlen, w\u00e4hrend sie ihnen helfen, das Aussehen zu erreichen.<\/p>\n<\/div>\n<\/div>\n\n\n\n<div class=\"wp-block-columns is-layout-flex wp-container-core-columns-is-layout-7 wp-block-columns-is-layout-flex\">\n<div class=\"wp-block-column is-layout-flow wp-block-column-is-layout-flow\">\n<p class=\"has-text-align-center has-vivid-red-color has-text-color\"><strong><strong>UNSERE GESCH\u00c4FTSPARTNER<\/strong><\/strong><\/p>\n<\/div>\n<\/div>\n\n\n\n<div class=\"wp-block-columns is-layout-flex wp-container-core-columns-is-layout-8 wp-block-columns-is-layout-flex\">\n<div class=\"wp-block-column is-layout-flow wp-block-column-is-layout-flow\">\n<div class=\"wp-block-image\"><figure class=\"aligncenter\"><img decoding=\"async\" src=\"\/\/d9hhrg4mnvzow.cloudfront.net\/cliniccenter.co.uk\/system-appointment-patients\/255368cc-untitled-1_0000000n302300000001o.jpg\" alt=\"\"\/><\/figure><\/div>\n<\/div>\n<\/div>\n\n\n\n<div class=\"wp-block-columns is-layout-flex wp-container-core-columns-is-layout-9 wp-block-columns-is-layout-flex\">\n<div class=\"wp-block-column is-layout-flow wp-block-column-is-layout-flow\">\n<p class=\"has-text-align-center has-small-font-size\">Copyright \u00a9 2019 Clinic Center. All rights reserved.<\/p>\n<\/div>\n<\/div>\n\n\n\n<link href=\"https:\/\/fonts.googleapis.com\/css?family=Poppins&amp;display=swap\" rel=\"stylesheet\">\n<style>\n.alignleft h3{\nmargin-bottom:0px!important;\n}\n<\/style>\n","protected":false},"excerpt":{"rendered":"<p>Londoner Konsultationen an jedem Wochentag! Buchen Sie jetzt Ihre kostenlose Beratung Submit your details now to book your free physical consultation in a stated location in the UK or video consultation to talk about your treatment plan and medical trip with a medical expert.You can also get more information about special price opportunities and discounts! [&hellip;]<\/p>\n","protected":false},"author":2,"featured_media":0,"parent":0,"menu_order":0,"comment_status":"closed","ping_status":"closed","template":"","meta":{"_uag_custom_page_level_css":"","_lmt_disableupdate":"no","_lmt_disable":"","site-sidebar-layout":"default","site-content-layout":"default","ast-site-content-layout":"default","site-content-style":"default","site-sidebar-style":"default","ast-global-header-display":"","ast-banner-title-visibility":"","ast-main-header-display":"disabled","ast-hfb-above-header-display":"disabled","ast-hfb-below-header-display":"","ast-hfb-mobile-header-display":"disabled","site-post-title":"disabled","ast-breadcrumbs-content":"disabled","ast-featured-img":"disabled","footer-sml-layout":"disabled","theme-transparent-header-meta":"default","adv-header-id-meta":"","stick-header-meta":"","header-above-stick-meta":"","header-main-stick-meta":"","header-below-stick-meta":"","astra-migrate-meta-layouts":"default","ast-page-background-enabled":"default","ast-page-background-meta":{"desktop":{"background-color":"","background-image":"","background-repeat":"repeat","background-position":"center center","background-size":"auto","background-attachment":"scroll","background-type":"","background-media":"","overlay-type":"","overlay-color":"","overlay-opacity":"","overlay-gradient":""},"tablet":{"background-color":"","background-image":"","background-repeat":"repeat","background-position":"center center","background-size":"auto","background-attachment":"scroll","background-type":"","background-media":"","overlay-type":"","overlay-color":"","overlay-opacity":"","overlay-gradient":""},"mobile":{"background-color":"","background-image":"","background-repeat":"repeat","background-position":"center center","background-size":"auto","background-attachment":"scroll","background-type":"","background-media":"","overlay-type":"","overlay-color":"","overlay-opacity":"","overlay-gradient":""}},"ast-content-background-meta":{"desktop":{"background-color":"var(--ast-global-color-5)","background-image":"","background-repeat":"repeat","background-position":"center center","background-size":"auto","background-attachment":"scroll","background-type":"","background-media":"","overlay-type":"","overlay-color":"","overlay-opacity":"","overlay-gradient":""},"tablet":{"background-color":"var(--ast-global-color-5)","background-image":"","background-repeat":"repeat","background-position":"center center","background-size":"auto","background-attachment":"scroll","background-type":"","background-media":"","overlay-type":"","overlay-color":"","overlay-opacity":"","overlay-gradient":""},"mobile":{"background-color":"var(--ast-global-color-5)","background-image":"","background-repeat":"repeat","background-position":"center center","background-size":"auto","background-attachment":"scroll","background-type":"","background-media":"","overlay-type":"","overlay-color":"","overlay-opacity":"","overlay-gradient":""}},"footnotes":""},"class_list":["post-45064","page","type-page","status-publish","hentry"],"yoast_head":"<!-- This site is optimized with the Yoast SEO plugin v25.3.1 - https:\/\/yoast.com\/wordpress\/plugins\/seo\/ -->\n<title>Londoner Konsultation - Clinic Center<\/title>\n<meta name=\"description\" content=\"Clinic Center bietet kostenlose Beratung in London und Nachsorge an 25 Punkten in Gro\u00dfbritannien. Buchen Sie jetzt Ihre kostenlose Beratung!\" \/>\n<meta name=\"robots\" content=\"noindex, nofollow\" \/>\n<meta property=\"og:locale\" content=\"de_DE\" \/>\n<meta property=\"og:type\" content=\"article\" \/>\n<meta property=\"og:title\" content=\"Londoner Konsultation - Clinic Center\" \/>\n<meta property=\"og:description\" content=\"Clinic Center bietet kostenlose Beratung in London und Nachsorge an 25 Punkten in Gro\u00dfbritannien. Buchen Sie jetzt Ihre kostenlose Beratung!\" \/>\n<meta property=\"og:url\" content=\"https:\/\/cliniccenter.co.uk\/de\/uk-london-beratung\/\" \/>\n<meta property=\"article:publisher\" content=\"https:\/\/www.facebook.com\/cliniccenter.co.uk\/\" \/>\n<meta property=\"article:modified_time\" content=\"2023-09-08T13:44:36+00:00\" \/>\n<meta property=\"og:image\" content=\"https:\/\/cliniccenter.co.uk\/wp-content\/uploads\/2020\/02\/ALL-Newsletter-2-1.jpg\" \/>\n<meta name=\"twitter:card\" content=\"summary_large_image\" \/>\n<meta name=\"twitter:site\" content=\"@cliniccenteruk\" \/>\n<meta name=\"twitter:label1\" content=\"Gesch\u00e4tzte Lesezeit\" \/>\n\t<meta name=\"twitter:data1\" content=\"3\u00a0Minuten\" \/>\n<!-- \/ Yoast SEO plugin. -->","yoast_head_json":{"title":"Londoner Konsultation - Clinic Center","description":"Clinic Center bietet kostenlose Beratung in London und Nachsorge an 25 Punkten in Gro\u00dfbritannien. Buchen Sie jetzt Ihre kostenlose Beratung!","robots":{"index":"noindex","follow":"nofollow"},"og_locale":"de_DE","og_type":"article","og_title":"Londoner Konsultation - Clinic Center","og_description":"Clinic Center bietet kostenlose Beratung in London und Nachsorge an 25 Punkten in Gro\u00dfbritannien. Buchen Sie jetzt Ihre kostenlose Beratung!","og_url":"https:\/\/cliniccenter.co.uk\/de\/uk-london-beratung\/","article_publisher":"https:\/\/www.facebook.com\/cliniccenter.co.uk\/","article_modified_time":"2023-09-08T13:44:36+00:00","og_image":[{"url":"https:\/\/cliniccenter.co.uk\/wp-content\/uploads\/2020\/02\/ALL-Newsletter-2-1.jpg","type":"","width":"","height":""}],"twitter_card":"summary_large_image","twitter_site":"@cliniccenteruk","twitter_misc":{"Gesch\u00e4tzte Lesezeit":"3\u00a0Minuten"},"schema":{"@context":"https:\/\/schema.org","@graph":[{"@type":"WebPage","@id":"https:\/\/cliniccenter.co.uk\/de\/uk-london-beratung\/","url":"https:\/\/cliniccenter.co.uk\/de\/uk-london-beratung\/","name":"Londoner Konsultation - Clinic Center","isPartOf":{"@id":"https:\/\/cliniccenter.co.uk\/ro\/#website"},"primaryImageOfPage":{"@id":"https:\/\/cliniccenter.co.uk\/de\/uk-london-beratung\/#primaryimage"},"image":{"@id":"https:\/\/cliniccenter.co.uk\/de\/uk-london-beratung\/#primaryimage"},"thumbnailUrl":"https:\/\/cliniccenter.co.uk\/wp-content\/uploads\/2020\/02\/ALL-Newsletter-2-1.jpg","datePublished":"2020-01-06T07:58:29+00:00","dateModified":"2023-09-08T13:44:36+00:00","description":"Clinic Center bietet kostenlose Beratung in London und Nachsorge an 25 Punkten in Gro\u00dfbritannien. Buchen Sie jetzt Ihre kostenlose Beratung!","breadcrumb":{"@id":"https:\/\/cliniccenter.co.uk\/de\/uk-london-beratung\/#breadcrumb"},"inLanguage":"de","potentialAction":[{"@type":"ReadAction","target":["https:\/\/cliniccenter.co.uk\/de\/uk-london-beratung\/"]}]},{"@type":"ImageObject","inLanguage":"de","@id":"https:\/\/cliniccenter.co.uk\/de\/uk-london-beratung\/#primaryimage","url":"https:\/\/cliniccenter.co.uk\/wp-content\/uploads\/2020\/02\/ALL-Newsletter-2-1.jpg","contentUrl":"https:\/\/cliniccenter.co.uk\/wp-content\/uploads\/2020\/02\/ALL-Newsletter-2-1.jpg"},{"@type":"BreadcrumbList","@id":"https:\/\/cliniccenter.co.uk\/de\/uk-london-beratung\/#breadcrumb","itemListElement":[{"@type":"ListItem","position":1,"name":"Home","item":"https:\/\/cliniccenter.co.uk\/de\/"},{"@type":"ListItem","position":2,"name":"London Consultation"}]},{"@type":"WebSite","@id":"https:\/\/cliniccenter.co.uk\/ro\/#website","url":"https:\/\/cliniccenter.co.uk\/ro\/","name":"","description":"","potentialAction":[{"@type":"SearchAction","target":{"@type":"EntryPoint","urlTemplate":"https:\/\/cliniccenter.co.uk\/ro\/?s={search_term_string}"},"query-input":{"@type":"PropertyValueSpecification","valueRequired":true,"valueName":"search_term_string"}}],"inLanguage":"de"}]}},"uagb_featured_image_src":{"full":false,"thumbnail":false,"medium":false,"medium_large":false,"large":false,"1536x1536":false,"2048x2048":false},"uagb_author_info":{"display_name":"Sertac Ceki","author_link":"https:\/\/cliniccenter.co.uk\/de\/blog\/author\/sertaccliniccenter-co-uk\/"},"uagb_comment_info":0,"uagb_excerpt":"Londoner Konsultationen an jedem Wochentag! Buchen Sie jetzt Ihre kostenlose Beratung Submit your details now to book your free physical consultation in a stated location in the UK or video consultation to talk about your treatment plan and medical trip with a medical expert.You can also get more information about special price opportunities and discounts!&hellip;","_links":{"self":[{"href":"https:\/\/cliniccenter.co.uk\/de\/wp-json\/wp\/v2\/pages\/45064"}],"collection":[{"href":"https:\/\/cliniccenter.co.uk\/de\/wp-json\/wp\/v2\/pages"}],"about":[{"href":"https:\/\/cliniccenter.co.uk\/de\/wp-json\/wp\/v2\/types\/page"}],"author":[{"embeddable":true,"href":"https:\/\/cliniccenter.co.uk\/de\/wp-json\/wp\/v2\/users\/2"}],"replies":[{"embeddable":true,"href":"https:\/\/cliniccenter.co.uk\/de\/wp-json\/wp\/v2\/comments?post=45064"}],"version-history":[{"count":1,"href":"https:\/\/cliniccenter.co.uk\/de\/wp-json\/wp\/v2\/pages\/45064\/revisions"}],"predecessor-version":[{"id":45066,"href":"https:\/\/cliniccenter.co.uk\/de\/wp-json\/wp\/v2\/pages\/45064\/revisions\/45066"}],"wp:attachment":[{"href":"https:\/\/cliniccenter.co.uk\/de\/wp-json\/wp\/v2\/media?parent=45064"}],"curies":[{"name":"wp","href":"https:\/\/api.w.org\/{rel}","templated":true}]}}