{"id":45070,"date":"2018-02-26T06:58:47","date_gmt":"2018-02-26T06:58:47","guid":{"rendered":"https:\/\/cliniccenter.co.uk\/consumer-rights\/"},"modified":"2023-09-11T06:24:33","modified_gmt":"2023-09-11T06:24:33","slug":"verbraucherrechte","status":"publish","type":"page","link":"https:\/\/cliniccenter.co.uk\/de\/verbraucherrechte\/","title":{"rendered":"Consumer Rights"},"content":{"rendered":"<h1>VERBRAUCHERRECHTE \u2013 WIDERRUF \u2013 STORNIERUNG \u2013 R\u00dcCKERSTATTUNGSBEDINGUNGEN<\/h1>\n<h2><span class=\"ez-toc-section\" id=\"ALLGEMEIN\"><\/span>ALLGEMEIN:<span class=\"ez-toc-section-end\"><\/span><\/h2>\n<p>1. Wenn Sie eine Dienstleistung auf der von Ihnen genutzten Website elektronisch erwerben, wird davon ausgegangen, dass Sie dem Ihnen vorgelegten Dienstleistungsvertrag zustimmen.<br \/>\n2. K\u00e4ufer unterliegen den Bestimmungen des Verbraucherschutzgesetzes Nr. 6502 und Fernabsatzvertragsverordnung (RG:27.11.2014\/29188) und die anderen geltenden Gesetze in Bezug auf die von ihnen erworbene Dienstleistung.<br \/>\n3. Jede einzelne Dienstleistung wird zu dem vom K\u00e4ufer und Verk\u00e4ufer gemeinsam festgelegten Datum erbracht. Der K\u00e4ufer kann vom Vertrag zur\u00fccktreten, wenn die Leistung nicht zum vereinbarten Zeitpunkt erbracht wird.<br \/>\n4. Die erworbene Leistung muss vollst\u00e4ndig und entsprechend dem in der Bestellung angegebenen Leistungsinhalt erbracht werden.<br \/>\n5. Falls die erworbene Dienstleistung nicht mehr verkauft werden kann, ist der Verk\u00e4ufer verpflichtet, den K\u00e4ufer schriftlich zu benachrichtigen, sobald er dies feststellt, und dem K\u00e4ufer eine alternative Dienstleistung zu gleichen oder zu besseren Konditionen anzubieten. Falls der K\u00e4ufer die Inanspruchnahme der alternativen Dienstleistung ablehnt, kann er ohne Angabe von Gr\u00fcnden eine R\u00fcckerstattung erhalten. Der Verk\u00e4ufer ist zur R\u00fcckerstattung am Ende des Monats verpflichtet, in dem die R\u00fcckerstattungsforderung gestellt wird.<\/p>\n<h2><span class=\"ez-toc-section\" id=\"Fuer_den_Fall_dass_die_erworbene_Servicegebuehr_nicht_bezahlt_wird\"><\/span>F\u00fcr den Fall, dass die erworbene Servicegeb\u00fchr nicht bezahlt wird<span class=\"ez-toc-section-end\"><\/span><\/h2>\n<p>6. Falls der K\u00e4ufer die Servicegeb\u00fchr nicht bezahlt oder die Bankzahlungen nicht storniert, erlischt die Verpflichtung des Verk\u00e4ufers zur Erbringung der Dienstleistung.<\/p><div id=\"ez-toc-container\" class=\"ez-toc-v2_0_80 counter-hierarchy ez-toc-counter ez-toc-grey ez-toc-container-direction\">\n<div class=\"ez-toc-title-container\">\n<p class=\"ez-toc-title\" style=\"cursor:inherit\">Table of Contents<\/p>\n<span class=\"ez-toc-title-toggle\"><a href=\"#\" class=\"ez-toc-pull-right ez-toc-btn ez-toc-btn-xs ez-toc-btn-default ez-toc-toggle\" aria-label=\"Toggle Table of Content\"><span class=\"ez-toc-js-icon-con\"><span class=\"\"><span class=\"eztoc-hide\" style=\"display:none;\">Toggle<\/span><span class=\"ez-toc-icon-toggle-span\"><svg style=\"fill: #999;color:#999\" xmlns=\"http:\/\/www.w3.org\/2000\/svg\" class=\"list-377408\" width=\"20px\" height=\"20px\" viewBox=\"0 0 24 24\" fill=\"none\"><path d=\"M6 6H4v2h2V6zm14 0H8v2h12V6zM4 11h2v2H4v-2zm16 0H8v2h12v-2zM4 16h2v2H4v-2zm16 0H8v2h12v-2z\" fill=\"currentColor\"><\/path><\/svg><svg style=\"fill: #999;color:#999\" class=\"arrow-unsorted-368013\" xmlns=\"http:\/\/www.w3.org\/2000\/svg\" width=\"10px\" height=\"10px\" viewBox=\"0 0 24 24\" version=\"1.2\" baseProfile=\"tiny\"><path d=\"M18.2 9.3l-6.2-6.3-6.2 6.3c-.2.2-.3.4-.3.7s.1.5.3.7c.2.2.4.3.7.3h11c.3 0 .5-.1.7-.3.2-.2.3-.5.3-.7s-.1-.5-.3-.7zM5.8 14.7l6.2 6.3 6.2-6.3c.2-.2.3-.5.3-.7s-.1-.5-.3-.7c-.2-.2-.4-.3-.7-.3h-11c-.3 0-.5.1-.7.3-.2.2-.3.5-.3.7s.1.5.3.7z\"\/><\/svg><\/span><\/span><\/span><\/a><\/span><\/div>\n<nav><ul class='ez-toc-list ez-toc-list-level-1 ' ><li class='ez-toc-page-1 ez-toc-heading-level-2'><a class=\"ez-toc-link ez-toc-heading-1\" href=\"https:\/\/cliniccenter.co.uk\/de\/verbraucherrechte\/#ALLGEMEIN\" >ALLGEMEIN:<\/a><\/li><li class='ez-toc-page-1 ez-toc-heading-level-2'><a class=\"ez-toc-link ez-toc-heading-2\" href=\"https:\/\/cliniccenter.co.uk\/de\/verbraucherrechte\/#Fuer_den_Fall_dass_die_erworbene_Servicegebuehr_nicht_bezahlt_wird\" >F\u00fcr den Fall, dass die erworbene Servicegeb\u00fchr nicht bezahlt wird<\/a><\/li><li class='ez-toc-page-1 ez-toc-heading-level-2'><a class=\"ez-toc-link ez-toc-heading-3\" href=\"https:\/\/cliniccenter.co.uk\/de\/verbraucherrechte\/#KAeUFE_DIE_UNTER_UNBEFUGTER_VERWENDUNG_DER_KREDITKARTE_DURCHGEFUeHRT_WURDEN\" >K\u00c4UFE, DIE UNTER UNBEFUGTER VERWENDUNG DER KREDITKARTE DURCHGEF\u00dcHRT WURDEN<\/a><\/li><li class='ez-toc-page-1 ez-toc-heading-level-2'><a class=\"ez-toc-link ez-toc-heading-4\" href=\"https:\/\/cliniccenter.co.uk\/de\/verbraucherrechte\/#FALLS_DIE_DIENSTLEISTUNG_NICHT_ZUM_VEREINBARTEN_ZEITPUNKT_GELIEFERT_WERDEN_KANN\" >FALLS DIE DIENSTLEISTUNG NICHT ZUM VEREINBARTEN ZEITPUNKT GELIEFERT WERDEN KANN<\/a><\/li><li class='ez-toc-page-1 ez-toc-heading-level-2'><a class=\"ez-toc-link ez-toc-heading-5\" href=\"https:\/\/cliniccenter.co.uk\/de\/verbraucherrechte\/#DIE_HAFTUNG_DES_KAeUFERS_FUeR_DIE_LEISTUNGSKONTROLLE\" >DIE HAFTUNG DES K\u00c4UFERS F\u00dcR DIE LEISTUNGSKONTROLLE<\/a><\/li><li class='ez-toc-page-1 ez-toc-heading-level-2'><a class=\"ez-toc-link ez-toc-heading-6\" href=\"https:\/\/cliniccenter.co.uk\/de\/verbraucherrechte\/#RUeCKTRITTSRECHT\" >R\u00dcCKTRITTSRECHT<\/a><\/li><li class='ez-toc-page-1 ez-toc-heading-level-2'><a class=\"ez-toc-link ez-toc-heading-7\" href=\"https:\/\/cliniccenter.co.uk\/de\/verbraucherrechte\/#RUeCKERSTATTUNGSBEDINGUNGEN\" >R\u00dcCKERSTATTUNGSBEDINGUNGEN<\/a><\/li><li class='ez-toc-page-1 ez-toc-heading-level-2'><a class=\"ez-toc-link ez-toc-heading-8\" href=\"https:\/\/cliniccenter.co.uk\/de\/verbraucherrechte\/#VERZUG_UND_RECHTLICHE_FOLGEN\" >VERZUG UND RECHTLICHE FOLGEN<\/a><\/li><li class='ez-toc-page-1 ez-toc-heading-level-2'><a class=\"ez-toc-link ez-toc-heading-9\" href=\"https:\/\/cliniccenter.co.uk\/de\/verbraucherrechte\/#ZAHLUNG\" >ZAHLUNG<\/a><\/li><\/ul><\/nav><\/div>\n\n<h2><span class=\"ez-toc-section\" id=\"KAeUFE_DIE_UNTER_UNBEFUGTER_VERWENDUNG_DER_KREDITKARTE_DURCHGEFUeHRT_WURDEN\"><\/span>K\u00c4UFE, DIE UNTER UNBEFUGTER VERWENDUNG DER KREDITKARTE DURCHGEF\u00dcHRT WURDEN<span class=\"ez-toc-section-end\"><\/span><\/h2>\n<p>7. F\u00fcr den Fall, dass nach der Erbringung der Dienstleistung festgestellt wird, dass die vom K\u00e4ufer zur Zahlung verwendete Kreditkarte unrechtm\u00e4\u00dfig von Unbefugten verwendet wurde und die Servicegeb\u00fchr von der entsprechenden Bank oder dem Finanzinstitut, dem K\u00e4ufer, nicht an den Verk\u00e4ufer gezahlt wird akzeptiert, die Servicegeb\u00fchr innerhalb von 3 Tagen mit einer anderen Kredit-\/Bankkarte oder per Zahlungsanweisung zu bezahlen.<\/p>\n<h2><span class=\"ez-toc-section\" id=\"FALLS_DIE_DIENSTLEISTUNG_NICHT_ZUM_VEREINBARTEN_ZEITPUNKT_GELIEFERT_WERDEN_KANN\"><\/span>FALLS DIE DIENSTLEISTUNG NICHT ZUM VEREINBARTEN ZEITPUNKT GELIEFERT WERDEN KANN<span class=\"ez-toc-section-end\"><\/span><\/h2>\n<p>8. Sollte ein vom Verk\u00e4ufer nicht vorhersehbares Ereignis h\u00f6herer Gewalt eintreten und die Leistung nicht zum vereinbarten Zeitpunkt erbracht werden, wird der K\u00e4ufer dar\u00fcber informiert. Der K\u00e4ufer kann die Stornierung der Leistung, die \u00c4nderung der Leistung durch eine \u00e4hnliche Leistung oder die Verschiebung der Leistung bis zur Behebung dieses Ereignisses h\u00f6herer Gewalt verlangen. Falls der K\u00e4ufer die Dienstleistung aus diesen Gr\u00fcnden storniert; Hat er\/sie die Leistung bar bezahlt, erh\u00e4lt er\/sie die Barauszahlung am Ende des Monats, in dem die Stornierungsaufforderung ausgestellt wird. Wenn er die Dienstleistung storniert und mit Kreditkarte bezahlt hat, wird der Betrag am Ende des Monats, in dem die Stornierungsaufforderung erfolgt, an die Bank zur\u00fcckgezahlt, es ist jedoch m\u00f6glich, dass die Bank den Betrag auf das Konto des K\u00e4ufers \u00fcberweist in 2-3 Wochen.<\/p>\n<h2><span class=\"ez-toc-section\" id=\"DIE_HAFTUNG_DES_KAeUFERS_FUeR_DIE_LEISTUNGSKONTROLLE\"><\/span>DIE HAFTUNG DES K\u00c4UFERS F\u00dcR DIE LEISTUNGSKONTROLLE<span class=\"ez-toc-section-end\"><\/span><\/h2>\n<p>9. Bei der Erbringung der Vertragsleistung pr\u00fcft der K\u00e4ufer zun\u00e4chst, ob die Leistung mit der versprochenen \u00fcbereinstimmt oder nicht. Der K\u00e4ufer akzeptiert die Pr\u00e4sentation und Fertigstellung der Dienstleistung sowie deren einwandfreie und vollst\u00e4ndige Ausf\u00fchrung.<\/p>\n<h2><span class=\"ez-toc-section\" id=\"RUeCKTRITTSRECHT\"><\/span>R\u00dcCKTRITTSRECHT<span class=\"ez-toc-section-end\"><\/span><\/h2>\n<p>10. Der K\u00c4UFER kann bis einen Monat vor der Pr\u00e4sentation der Dienstleistung eine volle R\u00fcckerstattung erhalten, sofern er diese nicht im Rahmen eines Sonderangebots erworben hat. Wenn bis zur Erbringung der Dienstleistung weniger als ein Monat vergeht, erfolgt keine R\u00fcckerstattung. Auch wenn der K\u00e4ufer die Dienstleistung im Rahmen einer Aktion zu einem g\u00fcnstigeren Preis als den auf der Website angegebenen normalen Preisen erworben hat, erfolgt keine R\u00fcckerstattung, unabh\u00e4ngig vom geschuldeten Betrag.The Buyer should only e-mail info@cliniccenter.co.uk to use the right of withdrawal.<\/p>\n<h2><span class=\"ez-toc-section\" id=\"RUeCKERSTATTUNGSBEDINGUNGEN\"><\/span>R\u00dcCKERSTATTUNGSBEDINGUNGEN<span class=\"ez-toc-section-end\"><\/span><\/h2>\n<p>11. Der VERK\u00c4UFER ist verpflichtet, dem K\u00c4UFER den Betrag sp\u00e4testens am Ende des Monats, in dem die R\u00fcckerstattungsforderung gestellt wird, zur\u00fcckzuerstatten.<br \/>\n12. Falls die R\u00fcckerstattung aufgrund eines Verschuldens des K\u00c4UFERS unm\u00f6glich ist, ist der K\u00c4UFER verpflichtet, den Schaden des VERK\u00c4UFERS im Rahmen seines Verschuldens zu ersetzen.<br \/>\n13. Sollte der Betrag aufgrund der Aus\u00fcbung des Widerrufsrechts unter den vom VERK\u00c4UFER organisierten Aktionsbetrag sinken, entf\u00e4llt der Rabattsatz.<\/p>\n<h2><span class=\"ez-toc-section\" id=\"VERZUG_UND_RECHTLICHE_FOLGEN\"><\/span>VERZUG UND RECHTLICHE FOLGEN<span class=\"ez-toc-section-end\"><\/span><\/h2>\n<p>14. F\u00fcr den Fall, dass der K\u00c4UFER die Zahlungsvorg\u00e4nge mit Kreditkarte durchgef\u00fchrt hat und in Verzug ger\u00e4t, erkl\u00e4rt sich der K\u00c4UFER damit einverstanden, erkl\u00e4rt und verpflichtet sich, Zinsen im Rahmen der Vereinbarung zwischen der Bank der Kreditkarte und ihr\/ihm zu zahlen und einzubehalten verantwortlich f\u00fcr die Bank. In diesem Fall kann die verbundene Bank rechtliche Schritte einleiten und vom K\u00c4UFER die entstandenen Kosten und Beratungsgeb\u00fchren verlangen. F\u00fcr den Fall, dass der K\u00c4UFER wegen Schulden in Verzug ger\u00e4t, verpflichtet sich der K\u00c4UFER unter allen Umst\u00e4nden, f\u00fcr den Schaden und Verlust aufzukommen, der dem VERK\u00c4UFER durch die versp\u00e4tete Erf\u00fcllung der Schulden entstanden ist.<\/p>\n<h2><span class=\"ez-toc-section\" id=\"ZAHLUNG\"><\/span>ZAHLUNG<span class=\"ez-toc-section-end\"><\/span><\/h2>\n<p>15. Sie k\u00f6nnen jedes unserer Bankkonten per Bank\u00fcberweisung oder EFT bezahlen.<br \/>\n16. Auf unserer Website k\u00f6nnen Sie mit allen Arten von Kredit- und Bankkarten online bezahlen. Bei Ihren Online-Zahlungen wird der Betrag am Ende der Bestellung von Ihrer Kreditkarte abgebucht.<\/p>\n","protected":false},"excerpt":{"rendered":"<p>VERBRAUCHERRECHTE \u2013 WIDERRUF \u2013 STORNIERUNG \u2013 R\u00dcCKERSTATTUNGSBEDINGUNGEN ALLGEMEIN: 1. Wenn Sie eine Dienstleistung auf der von Ihnen genutzten Website elektronisch erwerben, wird davon ausgegangen, dass Sie dem Ihnen vorgelegten Dienstleistungsvertrag zustimmen. 2. K\u00e4ufer unterliegen den Bestimmungen des Verbraucherschutzgesetzes Nr. 6502 und Fernabsatzvertragsverordnung (RG:27.11.2014\/29188) und die anderen geltenden Gesetze in Bezug auf die von ihnen erworbene [&hellip;]<\/p>\n","protected":false},"author":2,"featured_media":0,"parent":0,"menu_order":0,"comment_status":"closed","ping_status":"closed","template":"","meta":{"_uag_custom_page_level_css":"","_lmt_disableupdate":"no","_lmt_disable":"","site-sidebar-layout":"default","site-content-layout":"default","ast-site-content-layout":"default","site-content-style":"default","site-sidebar-style":"default","ast-global-header-display":"","ast-banner-title-visibility":"","ast-main-header-display":"","ast-hfb-above-header-display":"","ast-hfb-below-header-display":"","ast-hfb-mobile-header-display":"","site-post-title":"disabled","ast-breadcrumbs-content":"","ast-featured-img":"","footer-sml-layout":"","theme-transparent-header-meta":"default","adv-header-id-meta":"","stick-header-meta":"","header-above-stick-meta":"","header-main-stick-meta":"","header-below-stick-meta":"","astra-migrate-meta-layouts":"default","ast-page-background-enabled":"default","ast-page-background-meta":{"desktop":{"background-color":"","background-image":"","background-repeat":"repeat","background-position":"center center","background-size":"auto","background-attachment":"scroll","background-type":"","background-media":"","overlay-type":"","overlay-color":"","overlay-opacity":"","overlay-gradient":""},"tablet":{"background-color":"","background-image":"","background-repeat":"repeat","background-position":"center center","background-size":"auto","background-attachment":"scroll","background-type":"","background-media":"","overlay-type":"","overlay-color":"","overlay-opacity":"","overlay-gradient":""},"mobile":{"background-color":"","background-image":"","background-repeat":"repeat","background-position":"center center","background-size":"auto","background-attachment":"scroll","background-type":"","background-media":"","overlay-type":"","overlay-color":"","overlay-opacity":"","overlay-gradient":""}},"ast-content-background-meta":{"desktop":{"background-color":"var(--ast-global-color-5)","background-image":"","background-repeat":"repeat","background-position":"center center","background-size":"auto","background-attachment":"scroll","background-type":"","background-media":"","overlay-type":"","overlay-color":"","overlay-opacity":"","overlay-gradient":""},"tablet":{"background-color":"var(--ast-global-color-5)","background-image":"","background-repeat":"repeat","background-position":"center center","background-size":"auto","background-attachment":"scroll","background-type":"","background-media":"","overlay-type":"","overlay-color":"","overlay-opacity":"","overlay-gradient":""},"mobile":{"background-color":"var(--ast-global-color-5)","background-image":"","background-repeat":"repeat","background-position":"center center","background-size":"auto","background-attachment":"scroll","background-type":"","background-media":"","overlay-type":"","overlay-color":"","overlay-opacity":"","overlay-gradient":""}},"footnotes":""},"class_list":["post-45070","page","type-page","status-publish","hentry"],"yoast_head":"<!-- This site is optimized with the Yoast SEO plugin v25.3.1 - https:\/\/yoast.com\/wordpress\/plugins\/seo\/ -->\n<title>Verbraucherrechte | Clinic Center<\/title>\n<meta name=\"description\" content=\"Wenn Sie mehr \u00fcber unsere Richtlinie zu Verbraucherrechten erfahren m\u00f6chten, besuchen Sie unsere Seite f\u00fcr weitere Informationen!\" \/>\n<meta name=\"robots\" content=\"index, follow, max-snippet:-1, max-image-preview:large, max-video-preview:-1\" \/>\n<link rel=\"canonical\" href=\"https:\/\/cliniccenter.co.uk\/de\/verbraucherrechte\/\" \/>\n<meta property=\"og:locale\" content=\"de_DE\" \/>\n<meta property=\"og:type\" content=\"article\" \/>\n<meta property=\"og:title\" content=\"Verbraucherrechte | Clinic Center\" \/>\n<meta property=\"og:description\" content=\"Wenn Sie mehr \u00fcber unsere Richtlinie zu Verbraucherrechten erfahren m\u00f6chten, besuchen Sie unsere Seite f\u00fcr weitere Informationen!\" \/>\n<meta property=\"og:url\" content=\"https:\/\/cliniccenter.co.uk\/de\/verbraucherrechte\/\" \/>\n<meta property=\"article:publisher\" content=\"https:\/\/www.facebook.com\/cliniccenter.co.uk\/\" \/>\n<meta property=\"article:modified_time\" content=\"2023-09-11T06:24:33+00:00\" \/>\n<meta name=\"twitter:card\" content=\"summary_large_image\" \/>\n<meta name=\"twitter:site\" content=\"@cliniccenteruk\" \/>\n<meta name=\"twitter:label1\" content=\"Gesch\u00e4tzte Lesezeit\" \/>\n\t<meta name=\"twitter:data1\" content=\"4\u00a0Minuten\" \/>\n<!-- \/ Yoast SEO plugin. -->","yoast_head_json":{"title":"Verbraucherrechte | Clinic Center","description":"Wenn Sie mehr \u00fcber unsere Richtlinie zu Verbraucherrechten erfahren m\u00f6chten, besuchen Sie unsere Seite f\u00fcr weitere Informationen!","robots":{"index":"index","follow":"follow","max-snippet":"max-snippet:-1","max-image-preview":"max-image-preview:large","max-video-preview":"max-video-preview:-1"},"canonical":"https:\/\/cliniccenter.co.uk\/de\/verbraucherrechte\/","og_locale":"de_DE","og_type":"article","og_title":"Verbraucherrechte | Clinic Center","og_description":"Wenn Sie mehr \u00fcber unsere Richtlinie zu Verbraucherrechten erfahren m\u00f6chten, besuchen Sie unsere Seite f\u00fcr weitere Informationen!","og_url":"https:\/\/cliniccenter.co.uk\/de\/verbraucherrechte\/","article_publisher":"https:\/\/www.facebook.com\/cliniccenter.co.uk\/","article_modified_time":"2023-09-11T06:24:33+00:00","twitter_card":"summary_large_image","twitter_site":"@cliniccenteruk","twitter_misc":{"Gesch\u00e4tzte Lesezeit":"4\u00a0Minuten"},"schema":{"@context":"https:\/\/schema.org","@graph":[{"@type":"WebPage","@id":"https:\/\/cliniccenter.co.uk\/de\/verbraucherrechte\/","url":"https:\/\/cliniccenter.co.uk\/de\/verbraucherrechte\/","name":"Verbraucherrechte | Clinic Center","isPartOf":{"@id":"https:\/\/cliniccenter.co.uk\/ro\/#website"},"datePublished":"2018-02-26T06:58:47+00:00","dateModified":"2023-09-11T06:24:33+00:00","description":"Wenn Sie mehr \u00fcber unsere Richtlinie zu Verbraucherrechten erfahren m\u00f6chten, besuchen Sie unsere Seite f\u00fcr weitere Informationen!","breadcrumb":{"@id":"https:\/\/cliniccenter.co.uk\/de\/verbraucherrechte\/#breadcrumb"},"inLanguage":"de","potentialAction":[{"@type":"ReadAction","target":["https:\/\/cliniccenter.co.uk\/de\/verbraucherrechte\/"]}]},{"@type":"BreadcrumbList","@id":"https:\/\/cliniccenter.co.uk\/de\/verbraucherrechte\/#breadcrumb","itemListElement":[{"@type":"ListItem","position":1,"name":"Home","item":"https:\/\/cliniccenter.co.uk\/de\/"},{"@type":"ListItem","position":2,"name":"Consumer Rights"}]},{"@type":"WebSite","@id":"https:\/\/cliniccenter.co.uk\/ro\/#website","url":"https:\/\/cliniccenter.co.uk\/ro\/","name":"","description":"","potentialAction":[{"@type":"SearchAction","target":{"@type":"EntryPoint","urlTemplate":"https:\/\/cliniccenter.co.uk\/ro\/?s={search_term_string}"},"query-input":{"@type":"PropertyValueSpecification","valueRequired":true,"valueName":"search_term_string"}}],"inLanguage":"de"}]}},"uagb_featured_image_src":{"full":false,"thumbnail":false,"medium":false,"medium_large":false,"large":false,"1536x1536":false,"2048x2048":false},"uagb_author_info":{"display_name":"Sertac Ceki","author_link":"https:\/\/cliniccenter.co.uk\/de\/blog\/author\/sertaccliniccenter-co-uk\/"},"uagb_comment_info":0,"uagb_excerpt":"VERBRAUCHERRECHTE \u2013 WIDERRUF \u2013 STORNIERUNG \u2013 R\u00dcCKERSTATTUNGSBEDINGUNGEN ALLGEMEIN: 1. Wenn Sie eine Dienstleistung auf der von Ihnen genutzten Website elektronisch erwerben, wird davon ausgegangen, dass Sie dem Ihnen vorgelegten Dienstleistungsvertrag zustimmen. 2. K\u00e4ufer unterliegen den Bestimmungen des Verbraucherschutzgesetzes Nr. 6502 und Fernabsatzvertragsverordnung (RG:27.11.2014\/29188) und die anderen geltenden Gesetze in Bezug auf die von ihnen erworbene&hellip;","_links":{"self":[{"href":"https:\/\/cliniccenter.co.uk\/de\/wp-json\/wp\/v2\/pages\/45070"}],"collection":[{"href":"https:\/\/cliniccenter.co.uk\/de\/wp-json\/wp\/v2\/pages"}],"about":[{"href":"https:\/\/cliniccenter.co.uk\/de\/wp-json\/wp\/v2\/types\/page"}],"author":[{"embeddable":true,"href":"https:\/\/cliniccenter.co.uk\/de\/wp-json\/wp\/v2\/users\/2"}],"replies":[{"embeddable":true,"href":"https:\/\/cliniccenter.co.uk\/de\/wp-json\/wp\/v2\/comments?post=45070"}],"version-history":[{"count":1,"href":"https:\/\/cliniccenter.co.uk\/de\/wp-json\/wp\/v2\/pages\/45070\/revisions"}],"predecessor-version":[{"id":45072,"href":"https:\/\/cliniccenter.co.uk\/de\/wp-json\/wp\/v2\/pages\/45070\/revisions\/45072"}],"wp:attachment":[{"href":"https:\/\/cliniccenter.co.uk\/de\/wp-json\/wp\/v2\/media?parent=45070"}],"curies":[{"name":"wp","href":"https:\/\/api.w.org\/{rel}","templated":true}]}}