{"id":45073,"date":"2018-02-26T06:54:23","date_gmt":"2018-02-26T06:54:23","guid":{"rendered":"https:\/\/cliniccenter.co.uk\/use-policy\/"},"modified":"2023-09-11T06:34:53","modified_gmt":"2023-09-11T06:34:53","slug":"nutzungsrichtlinie","status":"publish","type":"page","link":"https:\/\/cliniccenter.co.uk\/de\/nutzungsrichtlinie\/","title":{"rendered":"Nutzungsrichtlinie"},"content":{"rendered":"<p>Die Bereitstellung dieser Website erfolgt unter der Bedingung, dass der Internetnutzer die folgenden Bedingungen akzeptiert. Es wird davon ausgegangen, dass jeder Benutzer, der die Website www.cliniccenter.co.uk nutzt, diese Bedingungen akzeptiert.<\/p>\n<h2><span class=\"ez-toc-section\" id=\"Urheberrechte\"><\/span>Urheberrechte<span class=\"ez-toc-section-end\"><\/span><\/h2>\n<p>Die vollst\u00e4ndigen Rechte an der Website www.cliniccenter.co.uk liegen bei Clinic Center. Alle Softwareprodukte, Schriften, Artikel, Fotos, Bilder, Dokumente und geistiges Eigentum dieser Art, die sich im Inhalt der Website www.cliniccenter.co.uk befinden, sind gem\u00e4\u00df den gesetzlichen Bestimmungen zum Urheberrecht vorbehalten. Keines dieser Produkte darf ohne die schriftliche Genehmigung von Clinic Center verwendet werden. Das Kopieren, Reproduzieren, Verwenden ohne Vorwarnung und Genehmigung sowie das Verteilen dieser Produkte f\u00fcr jeglichen Zweck ist gesetzlich verboten.<\/p><div id=\"ez-toc-container\" class=\"ez-toc-v2_0_80 counter-hierarchy ez-toc-counter ez-toc-grey ez-toc-container-direction\">\n<div class=\"ez-toc-title-container\">\n<p class=\"ez-toc-title\" style=\"cursor:inherit\">Table of Contents<\/p>\n<span class=\"ez-toc-title-toggle\"><a href=\"#\" class=\"ez-toc-pull-right ez-toc-btn ez-toc-btn-xs ez-toc-btn-default ez-toc-toggle\" aria-label=\"Toggle Table of Content\"><span class=\"ez-toc-js-icon-con\"><span class=\"\"><span class=\"eztoc-hide\" style=\"display:none;\">Toggle<\/span><span class=\"ez-toc-icon-toggle-span\"><svg style=\"fill: #999;color:#999\" xmlns=\"http:\/\/www.w3.org\/2000\/svg\" class=\"list-377408\" width=\"20px\" height=\"20px\" viewBox=\"0 0 24 24\" fill=\"none\"><path d=\"M6 6H4v2h2V6zm14 0H8v2h12V6zM4 11h2v2H4v-2zm16 0H8v2h12v-2zM4 16h2v2H4v-2zm16 0H8v2h12v-2z\" fill=\"currentColor\"><\/path><\/svg><svg style=\"fill: #999;color:#999\" class=\"arrow-unsorted-368013\" xmlns=\"http:\/\/www.w3.org\/2000\/svg\" width=\"10px\" height=\"10px\" viewBox=\"0 0 24 24\" version=\"1.2\" baseProfile=\"tiny\"><path d=\"M18.2 9.3l-6.2-6.3-6.2 6.3c-.2.2-.3.4-.3.7s.1.5.3.7c.2.2.4.3.7.3h11c.3 0 .5-.1.7-.3.2-.2.3-.5.3-.7s-.1-.5-.3-.7zM5.8 14.7l6.2 6.3 6.2-6.3c.2-.2.3-.5.3-.7s-.1-.5-.3-.7c-.2-.2-.4-.3-.7-.3h-11c-.3 0-.5.1-.7.3-.2.2-.3.5-.3.7s.1.5.3.7z\"\/><\/svg><\/span><\/span><\/span><\/a><\/span><\/div>\n<nav><ul class='ez-toc-list ez-toc-list-level-1 ' ><li class='ez-toc-page-1 ez-toc-heading-level-2'><a class=\"ez-toc-link ez-toc-heading-1\" href=\"https:\/\/cliniccenter.co.uk\/de\/nutzungsrichtlinie\/#Urheberrechte\" >Urheberrechte<\/a><\/li><li class='ez-toc-page-1 ez-toc-heading-level-2'><a class=\"ez-toc-link ez-toc-heading-2\" href=\"https:\/\/cliniccenter.co.uk\/de\/nutzungsrichtlinie\/#Zum_Umfang_der_nichtpersoenlichen_und_nichtkommerziellen_Nutzung\" >Zum Umfang der nichtpers\u00f6nlichen und nichtkommerziellen Nutzung<\/a><\/li><li class='ez-toc-page-1 ez-toc-heading-level-2'><a class=\"ez-toc-link ez-toc-heading-3\" href=\"https:\/\/cliniccenter.co.uk\/de\/nutzungsrichtlinie\/#Haftung_des_Benutzers\" >Haftung des Benutzers<\/a><\/li><li class='ez-toc-page-1 ez-toc-heading-level-2'><a class=\"ez-toc-link ez-toc-heading-4\" href=\"https:\/\/cliniccenter.co.uk\/de\/nutzungsrichtlinie\/#Bezueglich_der_Links_zu_den_Websites_Dritter\" >Bez\u00fcglich der Links zu den Websites Dritter<\/a><\/li><li class='ez-toc-page-1 ez-toc-heading-level-2'><a class=\"ez-toc-link ez-toc-heading-5\" href=\"https:\/\/cliniccenter.co.uk\/de\/nutzungsrichtlinie\/#Bezueglich_der_Informationen_die_Benutzer_an_wwwcliniccentercouk_senden\" >Bez\u00fcglich der Informationen, die Benutzer an www.cliniccenter.co.uk senden<\/a><\/li><li class='ez-toc-page-1 ez-toc-heading-level-2'><a class=\"ez-toc-link ez-toc-heading-6\" href=\"https:\/\/cliniccenter.co.uk\/de\/nutzungsrichtlinie\/#Einkaufssicherheit\" >Einkaufssicherheit<\/a><\/li><li class='ez-toc-page-1 ez-toc-heading-level-2'><a class=\"ez-toc-link ez-toc-heading-7\" href=\"https:\/\/cliniccenter.co.uk\/de\/nutzungsrichtlinie\/#Rights_and_Liabilities\" >Rights and Liabilities<\/a><\/li><\/ul><\/nav><\/div>\n\n<h2><span class=\"ez-toc-section\" id=\"Zum_Umfang_der_nichtpersoenlichen_und_nichtkommerziellen_Nutzung\"><\/span>Zum Umfang der nichtpers\u00f6nlichen und nichtkommerziellen Nutzung<span class=\"ez-toc-section-end\"><\/span><\/h2>\n<p>Es ist nur eine Kopie f\u00fcr nicht pers\u00f6nliche und nicht kommerzielle Zwecke gestattet. In dieser Kopie muss unbedingt angegeben werden, dass Clinic Center die Marke oder der Inhaber der Urheberrechte ist.<\/p>\n<h2><span class=\"ez-toc-section\" id=\"Haftung_des_Benutzers\"><\/span>Haftung des Benutzers<span class=\"ez-toc-section-end\"><\/span><\/h2>\n<p>Der Nutzer versichert, dass alle von ihm auf der Website www.cliniccenter.co.uk gemachten Angaben korrekt sind. Der Benutzer ist f\u00fcr alle zugeh\u00f6rigen Verfahren und alle m\u00f6glichen Ergebnisse dieser Verfahren verantwortlich.<br \/>\nObwohl die Website www.cliniccenter.co.uk regelm\u00e4\u00dfig aktualisiert wird, sind Paketinformationen, Preise, Zahlungsbedingungen und Kampagnen repr\u00e4sentativ. Clinic Center kann nicht f\u00fcr M\u00e4ngel oder Fehler verantwortlich gemacht werden, die aus typografischen oder versp\u00e4teten Aktualisierungen resultieren. Bei Reservierungen gelten die jeweiligen Gesch\u00e4ftsbedingungen des jeweiligen Produktes und Produktanbieters. Wenn der Benutzer eine Reservierung f\u00fcr ein Produkt vornehmen m\u00f6chte, wird davon ausgegangen, dass er die Bedingungen des Produktanbieters akzeptiert, zu dem das von ihm reservierte Produkt geh\u00f6rt.<\/p>\n<h2><span class=\"ez-toc-section\" id=\"Bezueglich_der_Links_zu_den_Websites_Dritter\"><\/span>Bez\u00fcglich der Links zu den Websites Dritter<span class=\"ez-toc-section-end\"><\/span><\/h2>\n<p>Auf der Website www.cliniccenter.co.uk k\u00f6nnen einige Verbindungen (Links) direkt oder indirekt zu anderen Websites bestehen. Der Zweck dieser Verbindungen besteht in der Bereitstellung von Informationen oder Werbung. F\u00fcr den Inhalt der \u00fcber www.cliniccenter.co.uk verlinkten Websites sind diese Websites verantwortlich. Clinic Center \u00fcbernimmt keine Verantwortung f\u00fcr den Inhalt dieser Websites und f\u00fcr etwaige Probleme, die sich aus diesen Websites ergeben.<\/p>\n<h2><span class=\"ez-toc-section\" id=\"Bezueglich_der_Informationen_die_Benutzer_an_wwwcliniccentercouk_senden\"><\/span>Bez\u00fcglich der Informationen, die Benutzer an www.cliniccenter.co.uk senden<span class=\"ez-toc-section-end\"><\/span><\/h2>\n<p>In www.cliniccenter.co.uk website, there are forms filled on internet and sent by users, chat pages that they message with the workers of www.cliniccenter.co.uk and Suggestion and Complaints pages. Users have no right to use swearing, menacing, provocative, disruptive words and any kind of illegal content as well as they have no right to damage others\u2019 legal and personal rights. These forms and pages are counted as the intellectual property of Ada Sa\u011fl\u0131k Seyahat Sa\u011fl\u0131k Turizmi ve Dan\u0131\u015fmanl\u0131\u011f\u0131 Limited \u015eirketi, the owner of www.cliniccenter.co.uk. Therefore, using these forms and pages in other websites or using them as examples for the purpose of reproduction is forbidden.<br \/>\nInternet users have no right to sell a product or a service, to advertise for commercial purposes, or to do any kind of commercial work by using these pages.<\/p>\n<h2><span class=\"ez-toc-section\" id=\"Einkaufssicherheit\"><\/span>Einkaufssicherheit<span class=\"ez-toc-section-end\"><\/span><\/h2>\n<p>Wenn Sie \u00fcber www.cliniccenter.co.uk einkaufen, sind Ihre pers\u00f6nlichen Daten gesch\u00fctzt, unabh\u00e4ngig davon, ob Sie online oder offline sind. Die f\u00fcr Mitgliedschafts- und Reservierungsvorg\u00e4nge angegebenen Daten werden durch ein SSL-Sicherheitssystem gesch\u00fctzt. Es ist nicht m\u00f6glich, dass Ihre pers\u00f6nlichen Kundendaten von Dritten eingesehen oder beeintr\u00e4chtigt werden. Um diese Sicherheit zu gew\u00e4hrleisten, werden Mitgliedschaftsvorg\u00e4nge im 128-Bit-SSL-Sicherheitsbereich durchgef\u00fchrt. Es handelt sich um ein Kodierungssystem, das nicht zu knacken ist, und au\u00dferdem um einen internationalen Standard. Alle Ihre Daten und Informationen, die Sie f\u00fcr die Verfahren auf www.cliniccenter.co.uk verwenden, sind durch Verschl\u00fcsselung gesch\u00fctzt. Die Verwendung dieser Daten erfolgt ausschlie\u00dflich im Rahmen der Kaufabwicklung und entsprechend den von Ihnen erteilten Weisungen. Die Daten d\u00fcrfen nicht an Dritte weitergegeben oder weitergegeben werden, eine Weitergabe erfolgt lediglich an das jeweilige Kreditinstitut.<\/p>\n<h2><span class=\"ez-toc-section\" id=\"Rights_and_Liabilities\"><\/span>Rights and Liabilities<span class=\"ez-toc-section-end\"><\/span><\/h2>\n<p>www.cliniccenter.co.uk unternimmt alle angemessenen Anstrengungen, um die Richtigkeit aller Inhalte der Website zu kontrollieren. Allerdings k\u00f6nnen weder www.cliniccenter.co.uk noch der Eigent\u00fcmer Ada Sa\u011fl\u0131k Seyahat Sa\u011fl\u0131k Turizmi ve Dan\u0131\u015fmanl\u0131\u011f\u0131 Limited \u015eirketi f\u00fcr Informations- und Preisfehler auf der Website verantwortlich gemacht werden. www.cliniccenter.co.uk kann jederzeit \u00c4nderungen und Neuerungen auf seinen Seiten vornehmen. Die Website www.cliniccenter.co.uk und der Eigent\u00fcmer Ada Sa\u011fl\u0131k Seyahat Sa\u011fl\u0131k Turizmi ve Dan\u0131\u015fmanl\u0131\u011f\u0131 Limited \u015eirketi k\u00f6nnen nicht als verantwortlich f\u00fcr jegliche Art von Reservierungs-, Verkaufs- oder Informationsfehlern angesehen werden, die sich aus diesen \u00c4nderungen ergeben.<br \/>\nDie Website www.cliniccenter.co.uk und der Eigent\u00fcmer Ada Sa\u011fl\u0131k Seyahat Sa\u011fl\u0131k Turizmi ve Dan\u0131\u015fmanl\u0131\u011f\u0131 Limited \u015eirketi k\u00f6nnen nicht als verantwortlich f\u00fcr direkte oder indirekte finanzielle und emotionale Sch\u00e4den angesehen werden, die aus der Nutzung der Website entstehen k\u00f6nnen.<br \/>\nDiese Bedingungen treten sofort in Kraft, wenn der Benutzer mit der Nutzung der Website www.cliniccenter.co.uk beginnt.<br \/>\nClinic Center hat das Recht, diese Bedingungen jederzeit zu \u00e4ndern.<br \/>\nCopyright\u00a9 Clinic Center<br \/>\nAlle Nutzungs- und Inhaltsrechte von www.cliniccenter.co.uk sind vorbehalten. Alle Rechte an der Website liegen beim Eigent\u00fcmer Ada Sa\u011fl\u0131k Seyahat Sa\u011fl\u0131k Turizmi ve Dan\u0131\u015fmanl\u0131\u011f\u0131 Limited \u015eirketi. Die Nutzung der Website ohne Genehmigung ist gesetzlich verboten.<\/p>\n","protected":false},"excerpt":{"rendered":"<p>Die Bereitstellung dieser Website erfolgt unter der Bedingung, dass der Internetnutzer die folgenden Bedingungen akzeptiert. Es wird davon ausgegangen, dass jeder Benutzer, der die Website www.cliniccenter.co.uk nutzt, diese Bedingungen akzeptiert. Urheberrechte Die vollst\u00e4ndigen Rechte an der Website www.cliniccenter.co.uk liegen bei Clinic Center. Alle Softwareprodukte, Schriften, Artikel, Fotos, Bilder, Dokumente und geistiges Eigentum dieser Art, die [&hellip;]<\/p>\n","protected":false},"author":2,"featured_media":0,"parent":0,"menu_order":0,"comment_status":"closed","ping_status":"closed","template":"","meta":{"_uag_custom_page_level_css":"","_lmt_disableupdate":"no","_lmt_disable":"","site-sidebar-layout":"default","site-content-layout":"default","ast-site-content-layout":"default","site-content-style":"default","site-sidebar-style":"default","ast-global-header-display":"","ast-banner-title-visibility":"","ast-main-header-display":"","ast-hfb-above-header-display":"","ast-hfb-below-header-display":"","ast-hfb-mobile-header-display":"","site-post-title":"","ast-breadcrumbs-content":"","ast-featured-img":"","footer-sml-layout":"","theme-transparent-header-meta":"default","adv-header-id-meta":"","stick-header-meta":"","header-above-stick-meta":"","header-main-stick-meta":"","header-below-stick-meta":"","astra-migrate-meta-layouts":"default","ast-page-background-enabled":"default","ast-page-background-meta":{"desktop":{"background-color":"","background-image":"","background-repeat":"repeat","background-position":"center center","background-size":"auto","background-attachment":"scroll","background-type":"","background-media":"","overlay-type":"","overlay-color":"","overlay-opacity":"","overlay-gradient":""},"tablet":{"background-color":"","background-image":"","background-repeat":"repeat","background-position":"center center","background-size":"auto","background-attachment":"scroll","background-type":"","background-media":"","overlay-type":"","overlay-color":"","overlay-opacity":"","overlay-gradient":""},"mobile":{"background-color":"","background-image":"","background-repeat":"repeat","background-position":"center center","background-size":"auto","background-attachment":"scroll","background-type":"","background-media":"","overlay-type":"","overlay-color":"","overlay-opacity":"","overlay-gradient":""}},"ast-content-background-meta":{"desktop":{"background-color":"var(--ast-global-color-5)","background-image":"","background-repeat":"repeat","background-position":"center center","background-size":"auto","background-attachment":"scroll","background-type":"","background-media":"","overlay-type":"","overlay-color":"","overlay-opacity":"","overlay-gradient":""},"tablet":{"background-color":"var(--ast-global-color-5)","background-image":"","background-repeat":"repeat","background-position":"center center","background-size":"auto","background-attachment":"scroll","background-type":"","background-media":"","overlay-type":"","overlay-color":"","overlay-opacity":"","overlay-gradient":""},"mobile":{"background-color":"var(--ast-global-color-5)","background-image":"","background-repeat":"repeat","background-position":"center center","background-size":"auto","background-attachment":"scroll","background-type":"","background-media":"","overlay-type":"","overlay-color":"","overlay-opacity":"","overlay-gradient":""}},"footnotes":""},"class_list":["post-45073","page","type-page","status-publish","hentry"],"yoast_head":"<!-- This site is optimized with the Yoast SEO plugin v25.3.1 - https:\/\/yoast.com\/wordpress\/plugins\/seo\/ -->\n<title>Nutzungsrichtlinie | Clinic Center<\/title>\n<meta name=\"description\" content=\"Wenn Sie mehr \u00fcber unsere Nutzungsrichtlinien erfahren m\u00f6chten, besuchen Sie unsere Seite f\u00fcr weitere Informationen!\" \/>\n<meta name=\"robots\" content=\"index, follow, max-snippet:-1, max-image-preview:large, max-video-preview:-1\" \/>\n<link rel=\"canonical\" href=\"https:\/\/cliniccenter.co.uk\/de\/nutzungsrichtlinie\/\" \/>\n<meta property=\"og:locale\" content=\"de_DE\" \/>\n<meta property=\"og:type\" content=\"article\" \/>\n<meta property=\"og:title\" content=\"Nutzungsrichtlinie | Clinic Center\" \/>\n<meta property=\"og:description\" content=\"Wenn Sie mehr \u00fcber unsere Nutzungsrichtlinien erfahren m\u00f6chten, besuchen Sie unsere Seite f\u00fcr weitere Informationen!\" \/>\n<meta property=\"og:url\" content=\"https:\/\/cliniccenter.co.uk\/de\/nutzungsrichtlinie\/\" \/>\n<meta property=\"article:publisher\" content=\"https:\/\/www.facebook.com\/cliniccenter.co.uk\/\" \/>\n<meta property=\"article:modified_time\" content=\"2023-09-11T06:34:53+00:00\" \/>\n<meta name=\"twitter:card\" content=\"summary_large_image\" \/>\n<meta name=\"twitter:site\" content=\"@cliniccenteruk\" \/>\n<meta name=\"twitter:label1\" content=\"Gesch\u00e4tzte Lesezeit\" \/>\n\t<meta name=\"twitter:data1\" content=\"4\u00a0Minuten\" \/>\n<!-- \/ Yoast SEO plugin. -->","yoast_head_json":{"title":"Nutzungsrichtlinie | Clinic Center","description":"Wenn Sie mehr \u00fcber unsere Nutzungsrichtlinien erfahren m\u00f6chten, besuchen Sie unsere Seite f\u00fcr weitere Informationen!","robots":{"index":"index","follow":"follow","max-snippet":"max-snippet:-1","max-image-preview":"max-image-preview:large","max-video-preview":"max-video-preview:-1"},"canonical":"https:\/\/cliniccenter.co.uk\/de\/nutzungsrichtlinie\/","og_locale":"de_DE","og_type":"article","og_title":"Nutzungsrichtlinie | Clinic Center","og_description":"Wenn Sie mehr \u00fcber unsere Nutzungsrichtlinien erfahren m\u00f6chten, besuchen Sie unsere Seite f\u00fcr weitere Informationen!","og_url":"https:\/\/cliniccenter.co.uk\/de\/nutzungsrichtlinie\/","article_publisher":"https:\/\/www.facebook.com\/cliniccenter.co.uk\/","article_modified_time":"2023-09-11T06:34:53+00:00","twitter_card":"summary_large_image","twitter_site":"@cliniccenteruk","twitter_misc":{"Gesch\u00e4tzte Lesezeit":"4\u00a0Minuten"},"schema":{"@context":"https:\/\/schema.org","@graph":[{"@type":"WebPage","@id":"https:\/\/cliniccenter.co.uk\/de\/nutzungsrichtlinie\/","url":"https:\/\/cliniccenter.co.uk\/de\/nutzungsrichtlinie\/","name":"Nutzungsrichtlinie | Clinic Center","isPartOf":{"@id":"https:\/\/cliniccenter.co.uk\/ro\/#website"},"datePublished":"2018-02-26T06:54:23+00:00","dateModified":"2023-09-11T06:34:53+00:00","description":"Wenn Sie mehr \u00fcber unsere Nutzungsrichtlinien erfahren m\u00f6chten, besuchen Sie unsere Seite f\u00fcr weitere Informationen!","breadcrumb":{"@id":"https:\/\/cliniccenter.co.uk\/de\/nutzungsrichtlinie\/#breadcrumb"},"inLanguage":"de","potentialAction":[{"@type":"ReadAction","target":["https:\/\/cliniccenter.co.uk\/de\/nutzungsrichtlinie\/"]}]},{"@type":"BreadcrumbList","@id":"https:\/\/cliniccenter.co.uk\/de\/nutzungsrichtlinie\/#breadcrumb","itemListElement":[{"@type":"ListItem","position":1,"name":"Home","item":"https:\/\/cliniccenter.co.uk\/de\/"},{"@type":"ListItem","position":2,"name":"Nutzungsrichtlinie"}]},{"@type":"WebSite","@id":"https:\/\/cliniccenter.co.uk\/ro\/#website","url":"https:\/\/cliniccenter.co.uk\/ro\/","name":"","description":"","potentialAction":[{"@type":"SearchAction","target":{"@type":"EntryPoint","urlTemplate":"https:\/\/cliniccenter.co.uk\/ro\/?s={search_term_string}"},"query-input":{"@type":"PropertyValueSpecification","valueRequired":true,"valueName":"search_term_string"}}],"inLanguage":"de"}]}},"uagb_featured_image_src":{"full":false,"thumbnail":false,"medium":false,"medium_large":false,"large":false,"1536x1536":false,"2048x2048":false},"uagb_author_info":{"display_name":"Sertac Ceki","author_link":"https:\/\/cliniccenter.co.uk\/de\/blog\/author\/sertaccliniccenter-co-uk\/"},"uagb_comment_info":0,"uagb_excerpt":"Die Bereitstellung dieser Website erfolgt unter der Bedingung, dass der Internetnutzer die folgenden Bedingungen akzeptiert. Es wird davon ausgegangen, dass jeder Benutzer, der die Website www.cliniccenter.co.uk nutzt, diese Bedingungen akzeptiert. Urheberrechte Die vollst\u00e4ndigen Rechte an der Website www.cliniccenter.co.uk liegen bei Clinic Center. Alle Softwareprodukte, Schriften, Artikel, Fotos, Bilder, Dokumente und geistiges Eigentum dieser Art, die&hellip;","_links":{"self":[{"href":"https:\/\/cliniccenter.co.uk\/de\/wp-json\/wp\/v2\/pages\/45073"}],"collection":[{"href":"https:\/\/cliniccenter.co.uk\/de\/wp-json\/wp\/v2\/pages"}],"about":[{"href":"https:\/\/cliniccenter.co.uk\/de\/wp-json\/wp\/v2\/types\/page"}],"author":[{"embeddable":true,"href":"https:\/\/cliniccenter.co.uk\/de\/wp-json\/wp\/v2\/users\/2"}],"replies":[{"embeddable":true,"href":"https:\/\/cliniccenter.co.uk\/de\/wp-json\/wp\/v2\/comments?post=45073"}],"version-history":[{"count":1,"href":"https:\/\/cliniccenter.co.uk\/de\/wp-json\/wp\/v2\/pages\/45073\/revisions"}],"predecessor-version":[{"id":45075,"href":"https:\/\/cliniccenter.co.uk\/de\/wp-json\/wp\/v2\/pages\/45073\/revisions\/45075"}],"wp:attachment":[{"href":"https:\/\/cliniccenter.co.uk\/de\/wp-json\/wp\/v2\/media?parent=45073"}],"curies":[{"name":"wp","href":"https:\/\/api.w.org\/{rel}","templated":true}]}}