{"id":45076,"date":"2018-02-26T06:43:34","date_gmt":"2018-02-26T06:43:34","guid":{"rendered":"https:\/\/cliniccenter.co.uk\/service-agreement\/"},"modified":"2023-09-11T06:50:46","modified_gmt":"2023-09-11T06:50:46","slug":"dienstleistungsvertrag","status":"publish","type":"page","link":"https:\/\/cliniccenter.co.uk\/de\/dienstleistungsvertrag\/","title":{"rendered":"Dienstleistungsvertrag"},"content":{"rendered":"\n<h2 class=\"wp-block-heading\"><span class=\"ez-toc-section\" id=\"ARTIKEL_1_%E2%80%93_GEGENSTAND\"><\/span>ARTIKEL 1 \u2013 GEGENSTAND<span class=\"ez-toc-section-end\"><\/span><\/h2>\n\n\n\n<p>Diese Vereinbarung wurde elektronisch zwischen Ada Sa\u011fl\u0131k Seyahat Sa\u011fl\u0131k Turizmi ve Dan\u0131\u015fmanl\u0131\u011f\u0131 Limited \u015eirketi (\u201eKlinikzentrum\u201c) mit Sitz in Inonu Bulvar\u0131 No:8\/2 Kat:3 D:6 Ku\u015fadas\u0131 Ayd\u0131n und dem\/den Verbraucher(n), \u00fcber dessen\/deren Informationen unten angegeben wird, geschlossen Die touristische Dienstleistung, die Clinic Center an den Verbraucher verkauft hat und deren Qualit\u00e4t und Verkaufspreis unten aufgef\u00fchrt sind.<br>Diese Vereinbarung umfasst die im Reiseprogramm genannten Leistungen, die eine Erg\u00e4nzung und untrennbarer Bestandteil der Vereinbarung sind.<\/p>\n\n\n\n<h2 class=\"wp-block-heading\"><span class=\"ez-toc-section\" id=\"ARTIKEL_2_%E2%80%93_EINBAU_DER_VEREINBARUNG\"><\/span>ARTIKEL 2 \u2013 EINBAU DER VEREINBARUNG<span class=\"ez-toc-section-end\"><\/span><\/h2>\n\n\n\n<p>2.1- DER K\u00c4UFER AKZEPTIERT, DIE VEREINBARUNG GELESEN UND VERSTANDEN ZU HABEN, UM SEINE RECHTE UND VERPFLICHTUNGEN ZU KENNEN. DER K\u00c4UFER ERKL\u00c4RT SICH DAMIT EINVERSTANDEN, EINE VOLLST\u00c4NDIGE Schlussfolgerung dar\u00fcber zu ziehen, ob die VERFAHREN IM RAHMEN DER VEREINBARUNG ZU IHREM VORTEIL GEEIGNET SIND, UND STIMMT ALLEN BEDINGUNGEN MIT IHREM FREIEN WILLEN ZU.<br>2.2 DER K\u00c4UFER UND DER VERK\u00c4UFER STIMMEN ZU, DASS DIE VERTRAGSBEDINGUNGEN KEINE MERKMALE ENTHALTEN, DIE ALS UNGERECHTIG ANGEZEIGT WERDEN K\u00d6NNEN, UND ES KEINE UNGERECHTIGKEIT IN BEZUG AUF DIE AUSGLEICHUNG DER VORTEILE BESTEHT.<\/p><div id=\"ez-toc-container\" class=\"ez-toc-v2_0_82_2 counter-hierarchy ez-toc-counter ez-toc-grey ez-toc-container-direction\">\n<div class=\"ez-toc-title-container\">\n<p class=\"ez-toc-title\" style=\"cursor:inherit\">Table of Contents<\/p>\n<span class=\"ez-toc-title-toggle\"><a href=\"#\" class=\"ez-toc-pull-right ez-toc-btn ez-toc-btn-xs ez-toc-btn-default ez-toc-toggle\" aria-label=\"Toggle Table of Content\"><span class=\"ez-toc-js-icon-con\"><span class=\"\"><span class=\"eztoc-hide\" style=\"display:none;\">Toggle<\/span><span class=\"ez-toc-icon-toggle-span\"><svg style=\"fill: #999;color:#999\" xmlns=\"http:\/\/www.w3.org\/2000\/svg\" class=\"list-377408\" width=\"20px\" height=\"20px\" viewBox=\"0 0 24 24\" fill=\"none\"><path d=\"M6 6H4v2h2V6zm14 0H8v2h12V6zM4 11h2v2H4v-2zm16 0H8v2h12v-2zM4 16h2v2H4v-2zm16 0H8v2h12v-2z\" fill=\"currentColor\"><\/path><\/svg><svg style=\"fill: #999;color:#999\" class=\"arrow-unsorted-368013\" xmlns=\"http:\/\/www.w3.org\/2000\/svg\" width=\"10px\" height=\"10px\" viewBox=\"0 0 24 24\" version=\"1.2\" baseProfile=\"tiny\"><path d=\"M18.2 9.3l-6.2-6.3-6.2 6.3c-.2.2-.3.4-.3.7s.1.5.3.7c.2.2.4.3.7.3h11c.3 0 .5-.1.7-.3.2-.2.3-.5.3-.7s-.1-.5-.3-.7zM5.8 14.7l6.2 6.3 6.2-6.3c.2-.2.3-.5.3-.7s-.1-.5-.3-.7c-.2-.2-.4-.3-.7-.3h-11c-.3 0-.5.1-.7.3-.2.2-.3.5-.3.7s.1.5.3.7z\"\/><\/svg><\/span><\/span><\/span><\/a><\/span><\/div>\n<nav><ul class='ez-toc-list ez-toc-list-level-1 ' ><li class='ez-toc-page-1 ez-toc-heading-level-2'><a class=\"ez-toc-link ez-toc-heading-1\" href=\"https:\/\/cliniccenter.co.uk\/de\/dienstleistungsvertrag\/#ARTIKEL_1_%E2%80%93_GEGENSTAND\" >ARTIKEL 1 \u2013 GEGENSTAND<\/a><\/li><li class='ez-toc-page-1 ez-toc-heading-level-2'><a class=\"ez-toc-link ez-toc-heading-2\" href=\"https:\/\/cliniccenter.co.uk\/de\/dienstleistungsvertrag\/#ARTIKEL_2_%E2%80%93_EINBAU_DER_VEREINBARUNG\" >ARTIKEL 2 \u2013 EINBAU DER VEREINBARUNG<\/a><\/li><li class='ez-toc-page-1 ez-toc-heading-level-2'><a class=\"ez-toc-link ez-toc-heading-3\" href=\"https:\/\/cliniccenter.co.uk\/de\/dienstleistungsvertrag\/#ARTIKEL_3_%E2%80%93_INFORMATIONEN_ZUM_UNTERNEHMEN\" >ARTIKEL 3 \u2013 INFORMATIONEN ZUM UNTERNEHMEN<\/a><\/li><li class='ez-toc-page-1 ez-toc-heading-level-2'><a class=\"ez-toc-link ez-toc-heading-4\" href=\"https:\/\/cliniccenter.co.uk\/de\/dienstleistungsvertrag\/#ARTIKEL_4_%E2%80%93_VERBRAUCHERINFORMATIONEN\" >ARTIKEL 4 \u2013 VERBRAUCHERINFORMATIONEN<\/a><\/li><li class='ez-toc-page-1 ez-toc-heading-level-2'><a class=\"ez-toc-link ez-toc-heading-5\" href=\"https:\/\/cliniccenter.co.uk\/de\/dienstleistungsvertrag\/#ARTIKEL_5_%E2%80%93_INFORMATIONEN_ZUM_VERTRAGSSERVICE\" >ARTIKEL 5 \u2013 INFORMATIONEN ZUM VERTRAGSSERVICE<\/a><\/li><li class='ez-toc-page-1 ez-toc-heading-level-2'><a class=\"ez-toc-link ez-toc-heading-6\" href=\"https:\/\/cliniccenter.co.uk\/de\/dienstleistungsvertrag\/#ARTIKEL_6_%E2%80%93_ZAHLUNGEN\" >ARTIKEL 6 \u2013 ZAHLUNGEN<\/a><\/li><li class='ez-toc-page-1 ez-toc-heading-level-2'><a class=\"ez-toc-link ez-toc-heading-7\" href=\"https:\/\/cliniccenter.co.uk\/de\/dienstleistungsvertrag\/#ARTIKEL_7_%E2%80%93_STORNIERUNG_%E2%80%93_RUeCKTRITT_%E2%80%93_AeNDERUNGEN\" >ARTIKEL 7 \u2013 STORNIERUNG \u2013 R\u00dcCKTRITT \u2013 \u00c4NDERUNGEN<\/a><\/li><li class='ez-toc-page-1 ez-toc-heading-level-2'><a class=\"ez-toc-link ez-toc-heading-8\" href=\"https:\/\/cliniccenter.co.uk\/de\/dienstleistungsvertrag\/#ARTIKEL_8_%E2%80%93_FEEDBACK_und_BEWERTUNGEN\" >ARTIKEL 8 \u2013 FEEDBACK und BEWERTUNGEN<\/a><\/li><li class='ez-toc-page-1 ez-toc-heading-level-2'><a class=\"ez-toc-link ez-toc-heading-9\" href=\"https:\/\/cliniccenter.co.uk\/de\/dienstleistungsvertrag\/#ARTIKEL_9_%E2%80%93_HOeHERE_GEWALT\" >ARTIKEL 9 \u2013 H\u00d6HERE GEWALT<\/a><\/li><li class='ez-toc-page-1 ez-toc-heading-level-2'><a class=\"ez-toc-link ez-toc-heading-10\" href=\"https:\/\/cliniccenter.co.uk\/de\/dienstleistungsvertrag\/#ARTIKEL_10_%E2%80%93_ALLGEMEINE_REGELN\" >ARTIKEL 10 \u2013 ALLGEMEINE REGELN<\/a><\/li><li class='ez-toc-page-1 ez-toc-heading-level-2'><a class=\"ez-toc-link ez-toc-heading-11\" href=\"https:\/\/cliniccenter.co.uk\/de\/dienstleistungsvertrag\/#ARTIKEL_11_%E2%80%93_SONSTIGE_REGELN\" >ARTIKEL 11 \u2013 SONSTIGE REGELN<\/a><\/li><\/ul><\/nav><\/div>\n\n\n\n\n<h2 class=\"wp-block-heading\"><span class=\"ez-toc-section\" id=\"ARTIKEL_3_%E2%80%93_INFORMATIONEN_ZUM_UNTERNEHMEN\"><\/span>ARTIKEL 3 \u2013 INFORMATIONEN ZUM UNTERNEHMEN<span class=\"ez-toc-section-end\"><\/span><\/h2>\n\n\n\n<p>Firmenname: Ada Sa\u011fl\u0131k Seyahat Sa\u011fl\u0131k Turizmi ve Dan\u0131\u015fmanl\u0131\u011f\u0131 Limited \u015eirketi<br>Adresse: Inonu Bulvar\u0131 No:8\/2 Kat:3 D:6 Ku\u015fadas\u0131 Ayd\u0131n<br>Telefon: 0 256 614 37 57 Fax: 0 256 614 37 57<br>E-Mail: info@cliniccenter.co.uk Web: www.cliniccenter.co.uk<\/p>\n\n\n\n<h2 class=\"wp-block-heading\"><span class=\"ez-toc-section\" id=\"ARTIKEL_4_%E2%80%93_VERBRAUCHERINFORMATIONEN\"><\/span>ARTIKEL 4 \u2013 VERBRAUCHERINFORMATIONEN<span class=\"ez-toc-section-end\"><\/span><\/h2>\n\n\n\n<p>Vorname Familienname:<br>Adresse:<br>Telefonnummer:<br>E-Mail-Adresse:<br>Der Verbraucher ist f\u00fcr die Richtigkeit dieser Informationen und deren Niederschrift im Vertrag verantwortlich. Clinic Center ist nicht verantwortlich f\u00fcr die Folgen, die sich aus falschen pers\u00f6nlichen Daten ergeben k\u00f6nnen.<\/p>\n\n\n\n<h2 class=\"wp-block-heading\"><span class=\"ez-toc-section\" id=\"ARTIKEL_5_%E2%80%93_INFORMATIONEN_ZUM_VERTRAGSSERVICE\"><\/span>ARTIKEL 5 \u2013 INFORMATIONEN ZUM VERTRAGSSERVICE<span class=\"ez-toc-section-end\"><\/span><\/h2>\n\n\n\n<p>In den Vertragskosten ist die Mehrwertsteuer enthalten: \u2026\u2026\u2026\u2026\u2026\u2026\u2026\u2026.(USD, GBP, EUR)<br>In diesem Preis sind alle Leistungen im Reisereservierungsdokument (Voucher) enthalten. Der Check-in\/Check-out im Hotel, Touren, Zeiten, Transportdetails und die Lage der Unterkunft sind im Voucherdokument angegeben. F\u00fcr andere Dienstleistungen fallen zus\u00e4tzliche Kosten an.<br>Der Verbraucher kann nach Benachrichtigung vom Vertrag zur\u00fccktreten. In diesem Fall gelten die Stornierungsbedingungen oder der Verbraucher akzeptiert die Zusatzvereinbarung, in der die \u00c4nderungen und die Auswirkungen auf die Preise aufgef\u00fchrt sind.<\/p>\n\n\n\n<h2 class=\"wp-block-heading\"><span class=\"ez-toc-section\" id=\"ARTIKEL_6_%E2%80%93_ZAHLUNGEN\"><\/span>ARTIKEL 6 \u2013 ZAHLUNGEN<span class=\"ez-toc-section-end\"><\/span><\/h2>\n\n\n\n<p>Bei Annahme der Reservierung werden 10 % des Gesamtbetrages als Anzahlung f\u00e4llig. Der Restbetrag wird am Tag der Zustellung eingegangen. Der Verbraucher kann den gesamten Betrag im Voraus bezahlen.<\/p>\n\n\n\n<h2 class=\"wp-block-heading\"><span class=\"ez-toc-section\" id=\"ARTIKEL_7_%E2%80%93_STORNIERUNG_%E2%80%93_RUeCKTRITT_%E2%80%93_AeNDERUNGEN\"><\/span>ARTIKEL 7 \u2013 STORNIERUNG \u2013 R\u00dcCKTRITT \u2013 \u00c4NDERUNGEN<span class=\"ez-toc-section-end\"><\/span><\/h2>\n\n\n\n<p>Der Verbraucher kann bis einen Monat vor der Bereitstellung der Dienstleistung eine vollst\u00e4ndige R\u00fcckerstattung erhalten, sofern er diese nicht mit einer KAMPAGNE erworben hat. Wenn bis zur Erbringung der Dienstleistung weniger als ein Monat vergeht, erfolgt keine R\u00fcckerstattung. Auch wenn der K\u00e4ufer die Dienstleistung im Rahmen einer Kampagne zu einem g\u00fcnstigeren Preis als den auf der Website angegebenen normalen Preisen erworben hat, erfolgt keine R\u00fcckerstattung, unabh\u00e4ngig vom geschuldeten Betrag.<br>Der K\u00e4ufer sollte nur eine E-Mail an info@cliniccenter.co.uk senden, um vom Widerrufsrecht Gebrauch zu machen.<\/p>\n\n\n\n<h2 class=\"wp-block-heading\"><span class=\"ez-toc-section\" id=\"ARTIKEL_8_%E2%80%93_FEEDBACK_und_BEWERTUNGEN\"><\/span>ARTIKEL 8 \u2013 FEEDBACK und BEWERTUNGEN<span class=\"ez-toc-section-end\"><\/span><\/h2>\n\n\n\n<p>Das Ziel des Klinikzentrums ist es, mit seinen Dienstleistungen eine 100-prozentige Patientenzufriedenheit zu erreichen. Clinic Center bittet seine Patienten um Feedback, um seine Dienstleistungen zu verbessern, vorausgesetzt, die Bewertungen sind aufrichtig, echt, hilfreich und stehen in direktem Zusammenhang mit den Dienstleistungen von Clinic Center. Clinic Center ist ein Vermittler, der hochwertige Behandlungen bei medizinischen Anbietern zu erschwinglichen Preisen anbietet. Das Clinic Center kann jedoch nicht f\u00fcr die von den Gesundheitsdienstleistern erbrachten Leistungen und deren Ma\u00dfnahmen haftbar gemacht werden.<\/p>\n\n\n\n<p>Durch die Annahme dieser Allgemeinen Gesch\u00e4ftsbedingungen erkl\u00e4ren Sie sich damit einverstanden, Clinic Center oder seine Mitarbeiter nicht \u00f6ffentlich (Bewertungswebsites, soziale Netzwerke, Blogs, \u00f6ffentliche Foren usw.) in Bezug auf die Behandlung medizinischer Dienstleister (Arzt, medizinisches Personal, Krankenhaus) zu diffamieren und Dienstleistungen sowie die Leistungen des Hotels. Bei einem Versto\u00df gegen diese Klausel m\u00fcssen Sie den Inhalt nach unserer Beurteilung und Aufforderung unverz\u00fcglich entfernen und entfernen. Wenn der Inhalt ganz oder teilweise erhalten bleibt, erkl\u00e4ren Sie sich damit einverstanden, 5.000 GBP als Schadensersatz an Clinic Center zu zahlen.<\/p>\n\n\n\n<h2 class=\"wp-block-heading\"><span class=\"ez-toc-section\" id=\"ARTIKEL_9_%E2%80%93_HOeHERE_GEWALT\"><\/span>ARTIKEL 9 \u2013 H\u00d6HERE GEWALT<span class=\"ez-toc-section-end\"><\/span><\/h2>\n\n\n\n<p>Als h\u00f6here Gewalt gelten f\u00fcr Clinic Center h\u00f6here Gewalt, Umst\u00e4nde, die durch au\u00dfergew\u00f6hnliche und unvorhersehbare Ereignisse verursacht werden und die Erbringung der Dienstleistung trotz aller Bem\u00fchungen verhindern, sowie Umst\u00e4nde, die ohne Einfluss von Clinic Center eintreten.<br>Sollte ein vom Verk\u00e4ufer nicht vorhersehbares Ereignis h\u00f6herer Gewalt eintreten und die Leistung nicht zum vereinbarten Zeitpunkt erbracht werden, wird der K\u00e4ufer dar\u00fcber informiert. Der K\u00e4ufer kann die Stornierung der Leistung, die \u00c4nderung der Leistung durch eine \u00e4hnliche Leistung oder die Verschiebung der Leistung bis zur Behebung dieses Ereignisses h\u00f6herer Gewalt verlangen. Falls der K\u00e4ufer die Dienstleistung aus diesen Gr\u00fcnden storniert; Hat er\/sie die Leistung bar bezahlt, erh\u00e4lt er\/sie die Barauszahlung am Ende des Monats, in dem die Stornierungsaufforderung ausgestellt wird. Wenn er die Dienstleistung storniert und mit Kreditkarte bezahlt hat, wird der Betrag am Ende des Monats, in dem die Stornierungsaufforderung erfolgt, an die Bank zur\u00fcckgezahlt, es ist jedoch m\u00f6glich, dass die Bank den Betrag auf das Konto des K\u00e4ufers \u00fcberweist in 2-3 Wochen. In solchen F\u00e4llen hat der Verbraucher kein anderes Recht auf Schadensersatz als auf eine R\u00fcckerstattung.<\/p>\n\n\n\n<h2 class=\"wp-block-heading\"><span class=\"ez-toc-section\" id=\"ARTIKEL_10_%E2%80%93_ALLGEMEINE_REGELN\"><\/span>ARTIKEL 10 \u2013 ALLGEMEINE REGELN<span class=\"ez-toc-section-end\"><\/span><\/h2>\n\n\n\n<ol class=\"wp-block-list\"><li>Das Klinikzentrum hat das Recht, bei Bedarf die Unterkunft, das Transportmittel, den Abfahrtsort und andere Dienstleistungen im Rahmen der Dienstleistung entsprechend den im Programm festgelegten Standards und nach Benachrichtigung des Verbrauchers zu \u00e4ndern.<\/li><li>Clinic Center ist ein Kontakt zwischen den zu bedienenden Verbrauchern und Hotels, Transportunternehmen und allen Dritten und juristischen Personen, die andere Dienstleistungen erbringen. Es soll die auftretenden \u00c4nderungen innerhalb von 24 Stunden melden. Im Falle einer St\u00f6rung oder eines Unfalls wird der Verbraucher die physischen und emotionalen Forderungen der Hauptakteure einfordern und einziehen. Falls der Verbraucher seinen\/seinen Anspruch nicht von den Hauptakteuren erh\u00e4lt, kann er\/sie sich an das Clinic Center wenden, sofern dieses rechtlich daf\u00fcr verantwortlich ist.<\/li><li>Zahlungen erfolgen per Postanweisung, \u00dcberweisung oder Kreditkarte als Einmalzahlung.<\/li><li>Die im Servicevertrag des Klinikzentrums festgelegten Bedingungen und Preise d\u00fcrfen nicht ge\u00e4ndert werden. Differenzen, die sich aus Steuer\u00e4nderungen ergeben, werden jedoch als Preiserh\u00f6hung oder -senkung dargestellt. Die Preiserh\u00f6hung wird dem Verbraucher mindestens 1 Woche vorher mitgeteilt.<\/li><li>Clinic Center ist f\u00fcr \u00c4nderungen verantwortlich, die nach Beginn der vom Verbraucher erworbenen Dienstleistung eintreten. Clinic Center erstattet dem Verbraucher den Wechselbetrag oder bietet stattdessen Ersatzleistungen an.<\/li><\/ol>\n\n\n\n<h2 class=\"wp-block-heading\"><span class=\"ez-toc-section\" id=\"ARTIKEL_11_%E2%80%93_SONSTIGE_REGELN\"><\/span>ARTIKEL 11 \u2013 SONSTIGE REGELN<span class=\"ez-toc-section-end\"><\/span><\/h2>\n\n\n\n<ol class=\"wp-block-list\"><li>F\u00fcr die Bedingungen, die nicht in dieser Vereinbarung festgelegt sind, gelten die Bestimmungen der entsprechenden geltenden Gesetzgebung, die Bestimmungen des IATA-, IHA- und UFTAA-\u00dcbereinkommens, das Zivilluftfahrtgesetz, internationale Abkommen, an denen die T\u00fcrkei beteiligt ist, sowie Mitteilungen, Rundschreiben, Vorschriften und Regeln. Kontroversen, die sich aus der Vereinbarung ergeben, werden von den Gerichten von Ku\u015fadas\u0131 \u2013 Ayd\u0131n entschieden.<\/li><li>Der Verbraucher ist f\u00fcr die Richtigkeit der im Vertrag angegebenen Namen verantwortlich. (wie in ihrer Form im Reisepass)<\/li><li>Diese elektronisch zwischen den Parteien geregelte Vereinbarung wird mit Voucher erstellt, gelesen und unter Verhandlung und Kontrolle durch die Parteien akzeptiert.<\/li><\/ol>\n<\/p>","protected":false},"excerpt":{"rendered":"<p>ARTIKEL 1 \u2013 GEGENSTAND Diese Vereinbarung wurde elektronisch zwischen Ada Sa\u011fl\u0131k Seyahat Sa\u011fl\u0131k Turizmi ve Dan\u0131\u015fmanl\u0131\u011f\u0131 Limited \u015eirketi (\u201eKlinikzentrum\u201c) mit Sitz in Inonu Bulvar\u0131 No:8\/2 Kat:3 D:6 Ku\u015fadas\u0131 Ayd\u0131n und dem\/den Verbraucher(n), \u00fcber dessen\/deren Informationen unten angegeben wird, geschlossen Die touristische Dienstleistung, die Clinic Center an den Verbraucher verkauft hat und deren Qualit\u00e4t und Verkaufspreis [&hellip;]<\/p>\n","protected":false},"author":2,"featured_media":0,"parent":0,"menu_order":0,"comment_status":"closed","ping_status":"closed","template":"","meta":{"_uag_custom_page_level_css":"","_lmt_disableupdate":"no","_lmt_disable":"","site-sidebar-layout":"default","site-content-layout":"default","ast-site-content-layout":"default","site-content-style":"default","site-sidebar-style":"default","ast-global-header-display":"","ast-banner-title-visibility":"","ast-main-header-display":"","ast-hfb-above-header-display":"","ast-hfb-below-header-display":"","ast-hfb-mobile-header-display":"","site-post-title":"","ast-breadcrumbs-content":"","ast-featured-img":"","footer-sml-layout":"","theme-transparent-header-meta":"default","adv-header-id-meta":"","stick-header-meta":"","header-above-stick-meta":"","header-main-stick-meta":"","header-below-stick-meta":"","astra-migrate-meta-layouts":"default","ast-page-background-enabled":"default","ast-page-background-meta":{"desktop":{"background-color":"","background-image":"","background-repeat":"repeat","background-position":"center center","background-size":"auto","background-attachment":"scroll","background-type":"","background-media":"","overlay-type":"","overlay-color":"","overlay-opacity":"","overlay-gradient":""},"tablet":{"background-color":"","background-image":"","background-repeat":"repeat","background-position":"center center","background-size":"auto","background-attachment":"scroll","background-type":"","background-media":"","overlay-type":"","overlay-color":"","overlay-opacity":"","overlay-gradient":""},"mobile":{"background-color":"","background-image":"","background-repeat":"repeat","background-position":"center center","background-size":"auto","background-attachment":"scroll","background-type":"","background-media":"","overlay-type":"","overlay-color":"","overlay-opacity":"","overlay-gradient":""}},"ast-content-background-meta":{"desktop":{"background-color":"var(--ast-global-color-5)","background-image":"","background-repeat":"repeat","background-position":"center center","background-size":"auto","background-attachment":"scroll","background-type":"","background-media":"","overlay-type":"","overlay-color":"","overlay-opacity":"","overlay-gradient":""},"tablet":{"background-color":"var(--ast-global-color-5)","background-image":"","background-repeat":"repeat","background-position":"center center","background-size":"auto","background-attachment":"scroll","background-type":"","background-media":"","overlay-type":"","overlay-color":"","overlay-opacity":"","overlay-gradient":""},"mobile":{"background-color":"var(--ast-global-color-5)","background-image":"","background-repeat":"repeat","background-position":"center center","background-size":"auto","background-attachment":"scroll","background-type":"","background-media":"","overlay-type":"","overlay-color":"","overlay-opacity":"","overlay-gradient":""}},"footnotes":""},"class_list":["post-45076","page","type-page","status-publish","hentry"],"yoast_head":"<!-- This site is optimized with the Yoast SEO plugin v25.3.1 - https:\/\/yoast.com\/wordpress\/plugins\/seo\/ -->\n<title>Dienstleistungsvertrag<\/title>\n<meta name=\"description\" content=\"Wenn Sie mehr \u00fcber unsere Richtlinien zur Servicevereinbarung erfahren m\u00f6chten, besuchen Sie unsere Seite f\u00fcr weitere Informationen!\" \/>\n<meta name=\"robots\" content=\"index, follow, max-snippet:-1, max-image-preview:large, max-video-preview:-1\" \/>\n<link rel=\"canonical\" href=\"https:\/\/cliniccenter.co.uk\/de\/dienstleistungsvertrag\/\" \/>\n<meta property=\"og:locale\" content=\"de_DE\" \/>\n<meta property=\"og:type\" content=\"article\" \/>\n<meta property=\"og:title\" content=\"Dienstleistungsvertrag\" \/>\n<meta property=\"og:description\" content=\"Wenn Sie mehr \u00fcber unsere Richtlinien zur Servicevereinbarung erfahren m\u00f6chten, besuchen Sie unsere Seite f\u00fcr weitere Informationen!\" \/>\n<meta property=\"og:url\" content=\"https:\/\/cliniccenter.co.uk\/de\/dienstleistungsvertrag\/\" \/>\n<meta property=\"article:publisher\" content=\"https:\/\/www.facebook.com\/cliniccenter.co.uk\/\" \/>\n<meta property=\"article:modified_time\" content=\"2023-09-11T06:50:46+00:00\" \/>\n<meta name=\"twitter:card\" content=\"summary_large_image\" \/>\n<meta name=\"twitter:site\" content=\"@cliniccenteruk\" \/>\n<meta name=\"twitter:label1\" content=\"Gesch\u00e4tzte Lesezeit\" \/>\n\t<meta name=\"twitter:data1\" content=\"5\u00a0Minuten\" \/>\n<!-- \/ Yoast SEO plugin. -->","yoast_head_json":{"title":"Dienstleistungsvertrag","description":"Wenn Sie mehr \u00fcber unsere Richtlinien zur Servicevereinbarung erfahren m\u00f6chten, besuchen Sie unsere Seite f\u00fcr weitere Informationen!","robots":{"index":"index","follow":"follow","max-snippet":"max-snippet:-1","max-image-preview":"max-image-preview:large","max-video-preview":"max-video-preview:-1"},"canonical":"https:\/\/cliniccenter.co.uk\/de\/dienstleistungsvertrag\/","og_locale":"de_DE","og_type":"article","og_title":"Dienstleistungsvertrag","og_description":"Wenn Sie mehr \u00fcber unsere Richtlinien zur Servicevereinbarung erfahren m\u00f6chten, besuchen Sie unsere Seite f\u00fcr weitere Informationen!","og_url":"https:\/\/cliniccenter.co.uk\/de\/dienstleistungsvertrag\/","article_publisher":"https:\/\/www.facebook.com\/cliniccenter.co.uk\/","article_modified_time":"2023-09-11T06:50:46+00:00","twitter_card":"summary_large_image","twitter_site":"@cliniccenteruk","twitter_misc":{"Gesch\u00e4tzte Lesezeit":"5\u00a0Minuten"},"schema":{"@context":"https:\/\/schema.org","@graph":[{"@type":"WebPage","@id":"https:\/\/cliniccenter.co.uk\/de\/dienstleistungsvertrag\/","url":"https:\/\/cliniccenter.co.uk\/de\/dienstleistungsvertrag\/","name":"Dienstleistungsvertrag","isPartOf":{"@id":"https:\/\/cliniccenter.co.uk\/ro\/#website"},"datePublished":"2018-02-26T06:43:34+00:00","dateModified":"2023-09-11T06:50:46+00:00","description":"Wenn Sie mehr \u00fcber unsere Richtlinien zur Servicevereinbarung erfahren m\u00f6chten, besuchen Sie unsere Seite f\u00fcr weitere Informationen!","breadcrumb":{"@id":"https:\/\/cliniccenter.co.uk\/de\/dienstleistungsvertrag\/#breadcrumb"},"inLanguage":"de","potentialAction":[{"@type":"ReadAction","target":["https:\/\/cliniccenter.co.uk\/de\/dienstleistungsvertrag\/"]}]},{"@type":"BreadcrumbList","@id":"https:\/\/cliniccenter.co.uk\/de\/dienstleistungsvertrag\/#breadcrumb","itemListElement":[{"@type":"ListItem","position":1,"name":"Home","item":"https:\/\/cliniccenter.co.uk\/de\/"},{"@type":"ListItem","position":2,"name":"Dienstleistungsvertrag"}]},{"@type":"WebSite","@id":"https:\/\/cliniccenter.co.uk\/ro\/#website","url":"https:\/\/cliniccenter.co.uk\/ro\/","name":"","description":"","potentialAction":[{"@type":"SearchAction","target":{"@type":"EntryPoint","urlTemplate":"https:\/\/cliniccenter.co.uk\/ro\/?s={search_term_string}"},"query-input":{"@type":"PropertyValueSpecification","valueRequired":true,"valueName":"search_term_string"}}],"inLanguage":"de"}]}},"uagb_featured_image_src":{"full":false,"thumbnail":false,"medium":false,"medium_large":false,"large":false,"1536x1536":false,"2048x2048":false},"uagb_author_info":{"display_name":"Sertac Ceki","author_link":"https:\/\/cliniccenter.co.uk\/de\/blog\/author\/sertaccliniccenter-co-uk\/"},"uagb_comment_info":0,"uagb_excerpt":"ARTIKEL 1 \u2013 GEGENSTAND Diese Vereinbarung wurde elektronisch zwischen Ada Sa\u011fl\u0131k Seyahat Sa\u011fl\u0131k Turizmi ve Dan\u0131\u015fmanl\u0131\u011f\u0131 Limited \u015eirketi (\u201eKlinikzentrum\u201c) mit Sitz in Inonu Bulvar\u0131 No:8\/2 Kat:3 D:6 Ku\u015fadas\u0131 Ayd\u0131n und dem\/den Verbraucher(n), \u00fcber dessen\/deren Informationen unten angegeben wird, geschlossen Die touristische Dienstleistung, die Clinic Center an den Verbraucher verkauft hat und deren Qualit\u00e4t und Verkaufspreis&hellip;","_links":{"self":[{"href":"https:\/\/cliniccenter.co.uk\/de\/wp-json\/wp\/v2\/pages\/45076"}],"collection":[{"href":"https:\/\/cliniccenter.co.uk\/de\/wp-json\/wp\/v2\/pages"}],"about":[{"href":"https:\/\/cliniccenter.co.uk\/de\/wp-json\/wp\/v2\/types\/page"}],"author":[{"embeddable":true,"href":"https:\/\/cliniccenter.co.uk\/de\/wp-json\/wp\/v2\/users\/2"}],"replies":[{"embeddable":true,"href":"https:\/\/cliniccenter.co.uk\/de\/wp-json\/wp\/v2\/comments?post=45076"}],"version-history":[{"count":1,"href":"https:\/\/cliniccenter.co.uk\/de\/wp-json\/wp\/v2\/pages\/45076\/revisions"}],"predecessor-version":[{"id":45078,"href":"https:\/\/cliniccenter.co.uk\/de\/wp-json\/wp\/v2\/pages\/45076\/revisions\/45078"}],"wp:attachment":[{"href":"https:\/\/cliniccenter.co.uk\/de\/wp-json\/wp\/v2\/media?parent=45076"}],"curies":[{"name":"wp","href":"https:\/\/api.w.org\/{rel}","templated":true}]}}