{"id":45079,"date":"2015-08-17T12:15:21","date_gmt":"2015-08-17T12:15:21","guid":{"rendered":"https:\/\/cliniccenter.co.uk\/terms-conditions\/"},"modified":"2023-09-11T07:35:00","modified_gmt":"2023-09-11T07:35:00","slug":"geschaftsbedingungen","status":"publish","type":"page","link":"https:\/\/cliniccenter.co.uk\/de\/geschaftsbedingungen\/","title":{"rendered":"Gesch\u00e4ftsbedingungen"},"content":{"rendered":"<p>Diese Allgemeinen Gesch\u00e4ftsbedingungen legen die Gesch\u00e4ftsbedingungen f\u00fcr alle medizinischen Pakete fest, die Sie bei Clinic Center kaufen.<\/p>\n<p>Bitte lesen Sie diese Allgemeinen Gesch\u00e4ftsbedingungen und die unten aufgef\u00fchrten Dokumente. Indem Sie unsere Allgemeinen Gesch\u00e4ftsbedingungen akzeptieren, best\u00e4tigen Sie, dass Sie an diese Allgemeinen Gesch\u00e4ftsbedingungen gebunden sind und erkl\u00e4ren sich mit deren Einhaltung einverstanden.<br \/>\nClinic Center beh\u00e4lt sich das Recht vor, die Allgemeinen Gesch\u00e4ftsbedingungen ohne vorherige Ank\u00fcndigung zu \u00e4ndern und zu erg\u00e4nzen.<\/p>\n<p><strong>1. Definitionen<\/strong><br \/>\nBehandlungsanbieter: Jeder Arzt oder jede medizinische Einrichtung, die die Behandlung durchf\u00fchrt<br \/>\nMedizinisches Paket: Das Behandlungspaket, das je nach Wahl des Patienten Behandlung, Unterkunft, Transfers und Beherbergungsleistungen umfassen kann<br \/>\nBehandlung: Die medizinische Behandlung, die beim ausgew\u00e4hlten Behandlungsanbieter durchgef\u00fchrt wird<\/p>\n<p><strong>2. Verbindlichkeiten und Verantwortlichkeiten des Klinikzentrums<\/strong><\/p>\n<p>1. Clinic Center ist f\u00fcr die Organisation Ihrer medizinischen Behandlung bei Ihrem ausgew\u00e4hlten Behandlungsanbieter verantwortlich, einschlie\u00dflich der Organisation Ihrer Unterkunft und Flughafentransfers. Ihr Behandlungsanbieter ist der alleinige Verantwortliche f\u00fcr Ihre Behandlung. Sie erkl\u00e4ren sich damit einverstanden, Clinic Center nicht f\u00fcr Behandlungen verantwortlich zu machen, die Sie bei einem Behandlungsanbieter durchf\u00fchren.<br \/>\n2. Ihr medizinisches Paket wird durch den Austausch von Bildern und Testergebnissen angeboten. Daher kann es bei der k\u00f6rperlichen Untersuchung durch Ihren Arzt zu \u00c4nderungen kommen.<br \/>\n3. Indem Sie diese Allgemeinen Gesch\u00e4ftsbedingungen akzeptieren, erkl\u00e4ren Sie sich damit einverstanden, Clinic Center nicht f\u00fcr etwaige Fehlverhalten Ihres Behandlungsanbieters verantwortlich zu machen.<br \/>\n4. Das Clinic Center sendet Ihnen vor Reiseantritt die notwendigen Informationen zu Ihrem medizinischen Paket zu, darunter Folgendes:<\/p>\n<p>\u2022 Der Name und die Kontaktdaten des Behandlungsanbieters<br \/>\n\u2022 Den Namen und die Kontaktdaten des Hotels (falls im Krankenpaket enthalten)<br \/>\n\u2022 Der Name und die Kontaktdaten des Gastgebers (falls im medizinischen Paket enthalten)<br \/>\n\u2022 Name und Kontaktdaten des Fahrers (falls im Krankenversicherungspaket enthalten)<br \/>\n\u2022 Datum und Uhrzeit der Behandlung<\/p>\n<p>5. Clinic Center ist nicht verantwortlich f\u00fcr Dienstleistungen, die von Dritten wie medizinischen Dienstleistern, Hotels und Transferunternehmen bereitgestellt werden.<\/p>\n<p><strong>3. Deine Verantwortungen<\/strong><\/p>\n<p>1. Indem Sie diese Allgemeinen Gesch\u00e4ftsbedingungen akzeptieren, erkl\u00e4ren Sie sich damit einverstanden, Informationen \u00fcber Ihren Gesundheitszustand weiterzugeben.<br \/>\n2. Sie sind daf\u00fcr verantwortlich, angemessene Informationen zu Ihrem Gesundheitszustand bereitzustellen, um Ihnen den richtigen Behandlungsplan zu erstellen.<br \/>\n3. Sie sind f\u00fcr die Vorbereitung Ihrer Reisedokumente wie Reisepass und Visum bez\u00fcglich Ihrer vom Behandlungsanbieter angebotenen Behandlung verantwortlich. Clinic Center ist nicht f\u00fcr die Organisation Ihrer Reise in die T\u00fcrkei f\u00fcr Ihre Behandlung verantwortlich.<br \/>\n4. Indem Sie diese Allgemeinen Gesch\u00e4ftsbedingungen akzeptieren, erteilen Sie Clinic Center die Erlaubnis, Ihre Krankenakten von Ihrem Behandlungsanbieter einzuholen und diese im Bedarfsfall aufzubewahren.<br \/>\n5. Um eine Behandlung vom Behandlungsanbieter des Clinic Center zu erhalten, m\u00fcssen Sie vor Reiseantritt eine Anzahlung an Clinic Center leisten und die Zahlung des gesamten Betrags vor Ihrer Behandlung abschlie\u00dfen. Sie erhalten keine Behandlung, bevor Sie Ihre Zahlung abgeschlossen haben.<br \/>\n6. Es liegt in Ihrer Verantwortung, Ihrem Krankenversicherungspaket jede Art von Versicherung hinzuzuf\u00fcgen.<\/p>\n<p><strong>4. Stornierung<\/strong><\/p>\n<p>Sie k\u00f6nnen Ihre Behandlung jederzeit abbrechen. Im Falle einer Stornierung werden die Verwaltungskosten abgezogen und Ihnen zu Beginn des n\u00e4chsten Monats nach Ihrer Stornierung erstattet. Wenn Sie weniger als 1 Monat vor Ihrem Eingriff stornieren, wird Ihre Anzahlung nicht zur\u00fcckerstattet. Dar\u00fcber hinaus wird Ihre Anzahlung nicht zur\u00fcckerstattet, wenn Sie Ihren Vorgang stornieren, nachdem Sie Ihr Flugticket verschickt haben. Wenn Sie von einer Sonderaktion profitieren, wird Ihre Anzahlung in keinem Fall zur\u00fcckerstattet.<\/p>\n<p><strong>5. Feedback und Bewertungen<\/strong><\/p>\n<p>Das Ziel des Klinikzentrums ist es, mit seinen Dienstleistungen eine 100-prozentige Patientenzufriedenheit zu erreichen. Clinic Center bittet seine Patienten um Feedback, um seine Dienstleistungen zu verbessern, vorausgesetzt, die Bewertungen sind aufrichtig, echt, hilfreich und stehen in direktem Zusammenhang mit den Dienstleistungen von Clinic Center. Clinic Center ist ein Vermittler, der hochwertige Behandlungen bei medizinischen Anbietern zu erschwinglichen Preisen anbietet. Das Clinic Center kann jedoch nicht f\u00fcr die von den Gesundheitsdienstleistern erbrachten Leistungen und deren Ma\u00dfnahmen haftbar gemacht werden.<\/p>\n<p>Durch die Annahme dieser Allgemeinen Gesch\u00e4ftsbedingungen erkl\u00e4ren Sie sich damit einverstanden, Clinic Center oder seine Mitarbeiter nicht \u00f6ffentlich (Bewertungswebsites, soziale Netzwerke, Blogs, \u00f6ffentliche Foren usw.) in Bezug auf die Behandlung medizinischer Dienstleister (Arzt, medizinisches Personal, Krankenhaus) zu diffamieren und Dienstleistungen sowie die Leistungen des Hotels. Bei einem Versto\u00df gegen diese Klausel m\u00fcssen Sie den Inhalt sofort nach unserer Beurteilung entfernen und entfernen. Wenn der Inhalt ganz oder teilweise erhalten bleibt, erkl\u00e4ren Sie sich damit einverstanden, 5.000 GBP als Schadensersatz an Clinic Center zu zahlen.<\/p>\n<p><strong>6. Vertraulichkeit<\/strong><br \/>\n1. Clinic Center ist f\u00fcr die vertrauliche Behandlung Ihrer pers\u00f6nlichen Daten verantwortlich.<br \/>\n2. Indem Sie diese Allgemeinen Gesch\u00e4ftsbedingungen akzeptieren, gestatten Sie Clinic Center, Ihre Vorher-Nachher-Bilder Ihrer Behandlungsbereiche zu verwenden.<\/p>\n<p><strong>7. Zust\u00e4ndigkeit<\/strong><br \/>\nIm Falle von Streitigkeiten aus diesem Vertrag akzeptieren die Parteien die Zust\u00e4ndigkeit der Gerichte und Vollstreckungsdirektionen von Istanbul.<\/p>\n","protected":false},"excerpt":{"rendered":"<p>Diese Allgemeinen Gesch\u00e4ftsbedingungen legen die Gesch\u00e4ftsbedingungen f\u00fcr alle medizinischen Pakete fest, die Sie bei Clinic Center kaufen. Bitte lesen Sie diese Allgemeinen Gesch\u00e4ftsbedingungen und die unten aufgef\u00fchrten Dokumente. Indem Sie unsere Allgemeinen Gesch\u00e4ftsbedingungen akzeptieren, best\u00e4tigen Sie, dass Sie an diese Allgemeinen Gesch\u00e4ftsbedingungen gebunden sind und erkl\u00e4ren sich mit deren Einhaltung einverstanden. Clinic Center beh\u00e4lt sich [&hellip;]<\/p>\n","protected":false},"author":1,"featured_media":0,"parent":0,"menu_order":0,"comment_status":"closed","ping_status":"open","template":"","meta":{"_uag_custom_page_level_css":"","_lmt_disableupdate":"no","_lmt_disable":"","site-sidebar-layout":"default","site-content-layout":"default","ast-site-content-layout":"default","site-content-style":"default","site-sidebar-style":"default","ast-global-header-display":"","ast-banner-title-visibility":"","ast-main-header-display":"","ast-hfb-above-header-display":"","ast-hfb-below-header-display":"","ast-hfb-mobile-header-display":"","site-post-title":"","ast-breadcrumbs-content":"","ast-featured-img":"","footer-sml-layout":"","theme-transparent-header-meta":"default","adv-header-id-meta":"","stick-header-meta":"","header-above-stick-meta":"","header-main-stick-meta":"","header-below-stick-meta":"","astra-migrate-meta-layouts":"default","ast-page-background-enabled":"default","ast-page-background-meta":{"desktop":{"background-color":"","background-image":"","background-repeat":"repeat","background-position":"center center","background-size":"auto","background-attachment":"scroll","background-type":"","background-media":"","overlay-type":"","overlay-color":"","overlay-opacity":"","overlay-gradient":""},"tablet":{"background-color":"","background-image":"","background-repeat":"repeat","background-position":"center center","background-size":"auto","background-attachment":"scroll","background-type":"","background-media":"","overlay-type":"","overlay-color":"","overlay-opacity":"","overlay-gradient":""},"mobile":{"background-color":"","background-image":"","background-repeat":"repeat","background-position":"center center","background-size":"auto","background-attachment":"scroll","background-type":"","background-media":"","overlay-type":"","overlay-color":"","overlay-opacity":"","overlay-gradient":""}},"ast-content-background-meta":{"desktop":{"background-color":"var(--ast-global-color-5)","background-image":"","background-repeat":"repeat","background-position":"center center","background-size":"auto","background-attachment":"scroll","background-type":"","background-media":"","overlay-type":"","overlay-color":"","overlay-opacity":"","overlay-gradient":""},"tablet":{"background-color":"var(--ast-global-color-5)","background-image":"","background-repeat":"repeat","background-position":"center center","background-size":"auto","background-attachment":"scroll","background-type":"","background-media":"","overlay-type":"","overlay-color":"","overlay-opacity":"","overlay-gradient":""},"mobile":{"background-color":"var(--ast-global-color-5)","background-image":"","background-repeat":"repeat","background-position":"center center","background-size":"auto","background-attachment":"scroll","background-type":"","background-media":"","overlay-type":"","overlay-color":"","overlay-opacity":"","overlay-gradient":""}},"footnotes":""},"class_list":["post-45079","page","type-page","status-publish","hentry"],"yoast_head":"<!-- This site is optimized with the Yoast SEO plugin v25.3.1 - https:\/\/yoast.com\/wordpress\/plugins\/seo\/ -->\n<title>Geschaftsbedingungen | Clinic Center<\/title>\n<meta name=\"description\" content=\"Wenn Sie mehr \u00fcber unsere Gesch\u00e4ftsbedingungen erfahren m\u00f6chten, besuchen Sie unsere Seite f\u00fcr weitere Informationen!\" \/>\n<meta name=\"robots\" content=\"index, follow, max-snippet:-1, max-image-preview:large, max-video-preview:-1\" \/>\n<link rel=\"canonical\" href=\"https:\/\/cliniccenter.co.uk\/de\/geschaftsbedingungen\/\" \/>\n<meta property=\"og:locale\" content=\"de_DE\" \/>\n<meta property=\"og:type\" content=\"article\" \/>\n<meta property=\"og:title\" content=\"Geschaftsbedingungen | Clinic Center\" \/>\n<meta property=\"og:description\" content=\"Wenn Sie mehr \u00fcber unsere Gesch\u00e4ftsbedingungen erfahren m\u00f6chten, besuchen Sie unsere Seite f\u00fcr weitere Informationen!\" \/>\n<meta property=\"og:url\" content=\"https:\/\/cliniccenter.co.uk\/de\/geschaftsbedingungen\/\" \/>\n<meta property=\"article:publisher\" content=\"https:\/\/www.facebook.com\/cliniccenter.co.uk\/\" \/>\n<meta property=\"article:modified_time\" content=\"2023-09-11T07:35:00+00:00\" \/>\n<meta name=\"twitter:card\" content=\"summary_large_image\" \/>\n<meta name=\"twitter:site\" content=\"@cliniccenteruk\" \/>\n<meta name=\"twitter:label1\" content=\"Gesch\u00e4tzte Lesezeit\" \/>\n\t<meta name=\"twitter:data1\" content=\"4\u00a0Minuten\" \/>\n<!-- \/ Yoast SEO plugin. -->","yoast_head_json":{"title":"Geschaftsbedingungen | Clinic Center","description":"Wenn Sie mehr \u00fcber unsere Gesch\u00e4ftsbedingungen erfahren m\u00f6chten, besuchen Sie unsere Seite f\u00fcr weitere Informationen!","robots":{"index":"index","follow":"follow","max-snippet":"max-snippet:-1","max-image-preview":"max-image-preview:large","max-video-preview":"max-video-preview:-1"},"canonical":"https:\/\/cliniccenter.co.uk\/de\/geschaftsbedingungen\/","og_locale":"de_DE","og_type":"article","og_title":"Geschaftsbedingungen | Clinic Center","og_description":"Wenn Sie mehr \u00fcber unsere Gesch\u00e4ftsbedingungen erfahren m\u00f6chten, besuchen Sie unsere Seite f\u00fcr weitere Informationen!","og_url":"https:\/\/cliniccenter.co.uk\/de\/geschaftsbedingungen\/","article_publisher":"https:\/\/www.facebook.com\/cliniccenter.co.uk\/","article_modified_time":"2023-09-11T07:35:00+00:00","twitter_card":"summary_large_image","twitter_site":"@cliniccenteruk","twitter_misc":{"Gesch\u00e4tzte Lesezeit":"4\u00a0Minuten"},"schema":{"@context":"https:\/\/schema.org","@graph":[{"@type":"WebPage","@id":"https:\/\/cliniccenter.co.uk\/de\/geschaftsbedingungen\/","url":"https:\/\/cliniccenter.co.uk\/de\/geschaftsbedingungen\/","name":"Geschaftsbedingungen | Clinic Center","isPartOf":{"@id":"https:\/\/cliniccenter.co.uk\/ro\/#website"},"datePublished":"2015-08-17T12:15:21+00:00","dateModified":"2023-09-11T07:35:00+00:00","description":"Wenn Sie mehr \u00fcber unsere Gesch\u00e4ftsbedingungen erfahren m\u00f6chten, besuchen Sie unsere Seite f\u00fcr weitere Informationen!","breadcrumb":{"@id":"https:\/\/cliniccenter.co.uk\/de\/geschaftsbedingungen\/#breadcrumb"},"inLanguage":"de","potentialAction":[{"@type":"ReadAction","target":["https:\/\/cliniccenter.co.uk\/de\/geschaftsbedingungen\/"]}]},{"@type":"BreadcrumbList","@id":"https:\/\/cliniccenter.co.uk\/de\/geschaftsbedingungen\/#breadcrumb","itemListElement":[{"@type":"ListItem","position":1,"name":"Home","item":"https:\/\/cliniccenter.co.uk\/de\/"},{"@type":"ListItem","position":2,"name":"Gesch\u00e4ftsbedingungen"}]},{"@type":"WebSite","@id":"https:\/\/cliniccenter.co.uk\/ro\/#website","url":"https:\/\/cliniccenter.co.uk\/ro\/","name":"","description":"","potentialAction":[{"@type":"SearchAction","target":{"@type":"EntryPoint","urlTemplate":"https:\/\/cliniccenter.co.uk\/ro\/?s={search_term_string}"},"query-input":{"@type":"PropertyValueSpecification","valueRequired":true,"valueName":"search_term_string"}}],"inLanguage":"de"}]}},"uagb_featured_image_src":{"full":false,"thumbnail":false,"medium":false,"medium_large":false,"large":false,"1536x1536":false,"2048x2048":false},"uagb_author_info":{"display_name":"cliniccenter","author_link":"https:\/\/cliniccenter.co.uk\/de\/blog\/author\/cliniccenter\/"},"uagb_comment_info":0,"uagb_excerpt":"Diese Allgemeinen Gesch\u00e4ftsbedingungen legen die Gesch\u00e4ftsbedingungen f\u00fcr alle medizinischen Pakete fest, die Sie bei Clinic Center kaufen. Bitte lesen Sie diese Allgemeinen Gesch\u00e4ftsbedingungen und die unten aufgef\u00fchrten Dokumente. Indem Sie unsere Allgemeinen Gesch\u00e4ftsbedingungen akzeptieren, best\u00e4tigen Sie, dass Sie an diese Allgemeinen Gesch\u00e4ftsbedingungen gebunden sind und erkl\u00e4ren sich mit deren Einhaltung einverstanden. Clinic Center beh\u00e4lt sich&hellip;","_links":{"self":[{"href":"https:\/\/cliniccenter.co.uk\/de\/wp-json\/wp\/v2\/pages\/45079"}],"collection":[{"href":"https:\/\/cliniccenter.co.uk\/de\/wp-json\/wp\/v2\/pages"}],"about":[{"href":"https:\/\/cliniccenter.co.uk\/de\/wp-json\/wp\/v2\/types\/page"}],"author":[{"embeddable":true,"href":"https:\/\/cliniccenter.co.uk\/de\/wp-json\/wp\/v2\/users\/1"}],"replies":[{"embeddable":true,"href":"https:\/\/cliniccenter.co.uk\/de\/wp-json\/wp\/v2\/comments?post=45079"}],"version-history":[{"count":1,"href":"https:\/\/cliniccenter.co.uk\/de\/wp-json\/wp\/v2\/pages\/45079\/revisions"}],"predecessor-version":[{"id":45081,"href":"https:\/\/cliniccenter.co.uk\/de\/wp-json\/wp\/v2\/pages\/45079\/revisions\/45081"}],"wp:attachment":[{"href":"https:\/\/cliniccenter.co.uk\/de\/wp-json\/wp\/v2\/media?parent=45079"}],"curies":[{"name":"wp","href":"https:\/\/api.w.org\/{rel}","templated":true}]}}