{"id":45082,"date":"2018-02-26T06:38:55","date_gmt":"2018-02-26T06:38:55","guid":{"rendered":"https:\/\/cliniccenter.co.uk\/privacy-policy\/"},"modified":"2023-09-11T07:52:55","modified_gmt":"2023-09-11T07:52:55","slug":"datenschutzrichtlinie","status":"publish","type":"page","link":"https:\/\/cliniccenter.co.uk\/de\/datenschutzrichtlinie\/","title":{"rendered":"Datenschutzrichtlinie"},"content":{"rendered":"<h2><span class=\"ez-toc-section\" id=\"Sehr_geehrter_Nutzer_des_Klinikzentrums\"><\/span>Sehr geehrter Nutzer des Klinikzentrums,<span class=\"ez-toc-section-end\"><\/span><\/h2>\n<p>Der Schutz personenbezogener Daten und Ihre Sicherheit beim Bezahlen sind uns sehr wichtig. Wir sind davon \u00fcberzeugt, dass die Daten, die Sie uns zur Verf\u00fcgung stellen, die Werte sind, die wir sch\u00fctzen m\u00fcssen. Daher verwenden wir zahlreiche Tools (wie Verschl\u00fcsselung, Passw\u00f6rter, physische Sicherheit usw.), um Ihre pers\u00f6nlichen Daten vor unbefugtem Zugriff zu sch\u00fctzen.<\/p>\n<h2><span class=\"ez-toc-section\" id=\"Erhebung_und_Nutzung_Ihrer_Daten\"><\/span>Erhebung und Nutzung Ihrer Daten<span class=\"ez-toc-section-end\"><\/span><\/h2>\n<p>Alle personenbezogenen Daten aller unserer Kunden werden ausnahmslos vertraulich erhoben. Dar\u00fcber hinaus sind die Speicherung und Nutzung der Daten unserer Kunden f\u00fcr einen reibungslosen Ablauf unseres Arbeitsprozesses relativ erforderlich. Um die Dienstleistungen bestm\u00f6glich erbringen zu k\u00f6nnen, werden die Daten zur Durchf\u00fchrung der Arbeiten im Clinic Center gespeichert und bei Bedarf an die Unternehmen zur Erf\u00fcllung der Dienstleistungen weitergegeben. In keinem Fall werden personenbezogene Daten ohne Ihre Zustimmung an Dritte weitergegeben. Wir k\u00f6nnen Ihre personenbezogenen Daten nur offenlegen, um unsere Dienste bereitzustellen, rechtliche Verpflichtungen zu erf\u00fcllen, die Regeln und Richtlinien des Clinic Center anzuwenden, auf Anspr\u00fcche Dritter wegen Rechtsverletzungen in Bezug auf die bereitgestellten Dienste oder Inhalte zu reagieren oder um das Recht zu sch\u00fctzen oder Sicherheit jeder Person. Ihre personenbezogenen Daten werden im Rahmen des Mitgliedschaftsvertrags nicht verwendet, mit Ausnahme der schriftlichen Zustimmungen, die Sie in den Clinic Center-Vertr\u00e4gen erteilen.<br \/>\nClinic Center kann mithilfe einer technischen Kontaktdatei (Cookie) Daten \u00fcber die Benutzer und die Nutzung der Website www.cliniccenter.co.uk durch die Benutzer erhalten. Benutzer k\u00f6nnen jedoch ihre Browsereinstellungen so \u00e4ndern, dass sie kein Cookie erhalten oder eine Warnung erhalten, wenn ein Cookie eintrifft.<br \/>\nClinic Center speichert und nutzt Patientendaten, um \u00fcber neue Kampagnen zu informieren und die Produkte und Dienstleistungen zu verbessern. Dar\u00fcber hinaus werden bei Bedarf anonymisierte Profile zur Marktforschung genutzt.<br \/>\nF\u00fcr den Fall, dass die privaten Daten durch Angriffe auf die Website www.cliniccenter.co.uk oder auf das System besch\u00e4digt werden oder von Dritten erlangt werden, ungeachtet der Tatsache, dass Clinic Center alle erforderlichen Ma\u00dfnahmen zur Datensicherheit ergreift, wird Clinic Das Zentrum \u00fcbernimmt keine Verantwortung.<br \/>\nClinic Center kann die Bestimmungen dieser Datenschutzrichtlinie jederzeit einseitig durch Ver\u00f6ffentlichung auf der Website www.cliniccenter.co.uk \u00e4ndern. Die Bestimmungen der Datenschutzrichtlinie, die von Clinic Center ge\u00e4ndert werden, treten an dem Tag in Kraft, an dem sie auf der Website www.cliniccenter.co.uk ver\u00f6ffentlicht werden.<\/p><div id=\"ez-toc-container\" class=\"ez-toc-v2_0_80 counter-hierarchy ez-toc-counter ez-toc-grey ez-toc-container-direction\">\n<div class=\"ez-toc-title-container\">\n<p class=\"ez-toc-title\" style=\"cursor:inherit\">Table of Contents<\/p>\n<span class=\"ez-toc-title-toggle\"><a href=\"#\" class=\"ez-toc-pull-right ez-toc-btn ez-toc-btn-xs ez-toc-btn-default ez-toc-toggle\" aria-label=\"Toggle Table of Content\"><span class=\"ez-toc-js-icon-con\"><span class=\"\"><span class=\"eztoc-hide\" style=\"display:none;\">Toggle<\/span><span class=\"ez-toc-icon-toggle-span\"><svg style=\"fill: #999;color:#999\" xmlns=\"http:\/\/www.w3.org\/2000\/svg\" class=\"list-377408\" width=\"20px\" height=\"20px\" viewBox=\"0 0 24 24\" fill=\"none\"><path d=\"M6 6H4v2h2V6zm14 0H8v2h12V6zM4 11h2v2H4v-2zm16 0H8v2h12v-2zM4 16h2v2H4v-2zm16 0H8v2h12v-2z\" fill=\"currentColor\"><\/path><\/svg><svg style=\"fill: #999;color:#999\" class=\"arrow-unsorted-368013\" xmlns=\"http:\/\/www.w3.org\/2000\/svg\" width=\"10px\" height=\"10px\" viewBox=\"0 0 24 24\" version=\"1.2\" baseProfile=\"tiny\"><path d=\"M18.2 9.3l-6.2-6.3-6.2 6.3c-.2.2-.3.4-.3.7s.1.5.3.7c.2.2.4.3.7.3h11c.3 0 .5-.1.7-.3.2-.2.3-.5.3-.7s-.1-.5-.3-.7zM5.8 14.7l6.2 6.3 6.2-6.3c.2-.2.3-.5.3-.7s-.1-.5-.3-.7c-.2-.2-.4-.3-.7-.3h-11c-.3 0-.5.1-.7.3-.2.2-.3.5-.3.7s.1.5.3.7z\"\/><\/svg><\/span><\/span><\/span><\/a><\/span><\/div>\n<nav><ul class='ez-toc-list ez-toc-list-level-1 ' ><li class='ez-toc-page-1 ez-toc-heading-level-2'><a class=\"ez-toc-link ez-toc-heading-1\" href=\"https:\/\/cliniccenter.co.uk\/de\/datenschutzrichtlinie\/#Sehr_geehrter_Nutzer_des_Klinikzentrums\" >Sehr geehrter Nutzer des Klinikzentrums,<\/a><\/li><li class='ez-toc-page-1 ez-toc-heading-level-2'><a class=\"ez-toc-link ez-toc-heading-2\" href=\"https:\/\/cliniccenter.co.uk\/de\/datenschutzrichtlinie\/#Erhebung_und_Nutzung_Ihrer_Daten\" >Erhebung und Nutzung Ihrer Daten<\/a><\/li><li class='ez-toc-page-1 ez-toc-heading-level-2'><a class=\"ez-toc-link ez-toc-heading-3\" href=\"https:\/\/cliniccenter.co.uk\/de\/datenschutzrichtlinie\/#Bestaetigung_der_Daten_und_Austritt_aus_der_Mitgliedschaft\" >Best\u00e4tigung der Daten und Austritt aus der Mitgliedschaft<\/a><\/li><\/ul><\/nav><\/div>\n\n<h2><span class=\"ez-toc-section\" id=\"Bestaetigung_der_Daten_und_Austritt_aus_der_Mitgliedschaft\"><\/span>Best\u00e4tigung der Daten und Austritt aus der Mitgliedschaft<span class=\"ez-toc-section-end\"><\/span><\/h2>\n<p>Nutzer k\u00f6nnen eine kostenlose schriftliche Auskunft dar\u00fcber anfordern, welche Daten von ihnen im Clinic Center gespeichert sind. Etwaige Antr\u00e4ge auf Berichtigung, Sperrung oder L\u00f6schung der Daten werden im gesetzlich zul\u00e4ssigen Umfang direkt bearbeitet. Wenn Sie weitere Fragen zum Thema Datenschutz und Sicherheit an Clinic Center haben, k\u00f6nnen Sie uns jederzeit \u00fcber unsere E-Mail-Adresse info@cliniccenter.co.uk kontaktieren.<br \/>\nUnsere Benutzer, die E-Mail-Bulletins erhalten, k\u00f6nnen ihre E-Bulletin-Mitgliedschaft k\u00fcndigen, indem sie auf den Link \u201eVon der Mitgliedschaft zur\u00fccktreten\u201c unterhalb des E-Bulletins klicken.<\/p>\n","protected":false},"excerpt":{"rendered":"<p>Sehr geehrter Nutzer des Klinikzentrums, Der Schutz personenbezogener Daten und Ihre Sicherheit beim Bezahlen sind uns sehr wichtig. Wir sind davon \u00fcberzeugt, dass die Daten, die Sie uns zur Verf\u00fcgung stellen, die Werte sind, die wir sch\u00fctzen m\u00fcssen. Daher verwenden wir zahlreiche Tools (wie Verschl\u00fcsselung, Passw\u00f6rter, physische Sicherheit usw.), um Ihre pers\u00f6nlichen Daten vor unbefugtem [&hellip;]<\/p>\n","protected":false},"author":2,"featured_media":0,"parent":0,"menu_order":0,"comment_status":"closed","ping_status":"closed","template":"","meta":{"_uag_custom_page_level_css":"","_lmt_disableupdate":"no","_lmt_disable":"","site-sidebar-layout":"default","site-content-layout":"default","ast-site-content-layout":"default","site-content-style":"default","site-sidebar-style":"default","ast-global-header-display":"","ast-banner-title-visibility":"","ast-main-header-display":"","ast-hfb-above-header-display":"","ast-hfb-below-header-display":"","ast-hfb-mobile-header-display":"","site-post-title":"","ast-breadcrumbs-content":"","ast-featured-img":"","footer-sml-layout":"","theme-transparent-header-meta":"default","adv-header-id-meta":"","stick-header-meta":"","header-above-stick-meta":"","header-main-stick-meta":"","header-below-stick-meta":"","astra-migrate-meta-layouts":"default","ast-page-background-enabled":"default","ast-page-background-meta":{"desktop":{"background-color":"","background-image":"","background-repeat":"repeat","background-position":"center center","background-size":"auto","background-attachment":"scroll","background-type":"","background-media":"","overlay-type":"","overlay-color":"","overlay-opacity":"","overlay-gradient":""},"tablet":{"background-color":"","background-image":"","background-repeat":"repeat","background-position":"center center","background-size":"auto","background-attachment":"scroll","background-type":"","background-media":"","overlay-type":"","overlay-color":"","overlay-opacity":"","overlay-gradient":""},"mobile":{"background-color":"","background-image":"","background-repeat":"repeat","background-position":"center center","background-size":"auto","background-attachment":"scroll","background-type":"","background-media":"","overlay-type":"","overlay-color":"","overlay-opacity":"","overlay-gradient":""}},"ast-content-background-meta":{"desktop":{"background-color":"var(--ast-global-color-5)","background-image":"","background-repeat":"repeat","background-position":"center center","background-size":"auto","background-attachment":"scroll","background-type":"","background-media":"","overlay-type":"","overlay-color":"","overlay-opacity":"","overlay-gradient":""},"tablet":{"background-color":"var(--ast-global-color-5)","background-image":"","background-repeat":"repeat","background-position":"center center","background-size":"auto","background-attachment":"scroll","background-type":"","background-media":"","overlay-type":"","overlay-color":"","overlay-opacity":"","overlay-gradient":""},"mobile":{"background-color":"var(--ast-global-color-5)","background-image":"","background-repeat":"repeat","background-position":"center center","background-size":"auto","background-attachment":"scroll","background-type":"","background-media":"","overlay-type":"","overlay-color":"","overlay-opacity":"","overlay-gradient":""}},"footnotes":""},"class_list":["post-45082","page","type-page","status-publish","hentry"],"yoast_head":"<!-- This site is optimized with the Yoast SEO plugin v25.3.1 - https:\/\/yoast.com\/wordpress\/plugins\/seo\/ -->\n<title>Datenschutzrichtlinie | Clinic Center<\/title>\n<meta name=\"description\" content=\"Wenn Sie mehr \u00fcber unsere Datenschutzrichtlinie erfahren m\u00f6chten, besuchen Sie unsere Seite f\u00fcr weitere Informationen!\" \/>\n<meta name=\"robots\" content=\"index, follow, max-snippet:-1, max-image-preview:large, max-video-preview:-1\" \/>\n<link rel=\"canonical\" href=\"https:\/\/cliniccenter.co.uk\/de\/datenschutzrichtlinie\/\" \/>\n<meta property=\"og:locale\" content=\"de_DE\" \/>\n<meta property=\"og:type\" content=\"article\" \/>\n<meta property=\"og:title\" content=\"Datenschutzrichtlinie | Clinic Center\" \/>\n<meta property=\"og:description\" content=\"Wenn Sie mehr \u00fcber unsere Datenschutzrichtlinie erfahren m\u00f6chten, besuchen Sie unsere Seite f\u00fcr weitere Informationen!\" \/>\n<meta property=\"og:url\" content=\"https:\/\/cliniccenter.co.uk\/de\/datenschutzrichtlinie\/\" \/>\n<meta property=\"article:publisher\" content=\"https:\/\/www.facebook.com\/cliniccenter.co.uk\/\" \/>\n<meta property=\"article:modified_time\" content=\"2023-09-11T07:52:55+00:00\" \/>\n<meta name=\"twitter:card\" content=\"summary_large_image\" \/>\n<meta name=\"twitter:site\" content=\"@cliniccenteruk\" \/>\n<meta name=\"twitter:label1\" content=\"Gesch\u00e4tzte Lesezeit\" \/>\n\t<meta name=\"twitter:data1\" content=\"2\u00a0Minuten\" \/>\n<!-- \/ Yoast SEO plugin. -->","yoast_head_json":{"title":"Datenschutzrichtlinie | Clinic Center","description":"Wenn Sie mehr \u00fcber unsere Datenschutzrichtlinie erfahren m\u00f6chten, besuchen Sie unsere Seite f\u00fcr weitere Informationen!","robots":{"index":"index","follow":"follow","max-snippet":"max-snippet:-1","max-image-preview":"max-image-preview:large","max-video-preview":"max-video-preview:-1"},"canonical":"https:\/\/cliniccenter.co.uk\/de\/datenschutzrichtlinie\/","og_locale":"de_DE","og_type":"article","og_title":"Datenschutzrichtlinie | Clinic Center","og_description":"Wenn Sie mehr \u00fcber unsere Datenschutzrichtlinie erfahren m\u00f6chten, besuchen Sie unsere Seite f\u00fcr weitere Informationen!","og_url":"https:\/\/cliniccenter.co.uk\/de\/datenschutzrichtlinie\/","article_publisher":"https:\/\/www.facebook.com\/cliniccenter.co.uk\/","article_modified_time":"2023-09-11T07:52:55+00:00","twitter_card":"summary_large_image","twitter_site":"@cliniccenteruk","twitter_misc":{"Gesch\u00e4tzte Lesezeit":"2\u00a0Minuten"},"schema":{"@context":"https:\/\/schema.org","@graph":[{"@type":"WebPage","@id":"https:\/\/cliniccenter.co.uk\/de\/datenschutzrichtlinie\/","url":"https:\/\/cliniccenter.co.uk\/de\/datenschutzrichtlinie\/","name":"Datenschutzrichtlinie | Clinic Center","isPartOf":{"@id":"https:\/\/cliniccenter.co.uk\/ro\/#website"},"datePublished":"2018-02-26T06:38:55+00:00","dateModified":"2023-09-11T07:52:55+00:00","description":"Wenn Sie mehr \u00fcber unsere Datenschutzrichtlinie erfahren m\u00f6chten, besuchen Sie unsere Seite f\u00fcr weitere Informationen!","breadcrumb":{"@id":"https:\/\/cliniccenter.co.uk\/de\/datenschutzrichtlinie\/#breadcrumb"},"inLanguage":"de","potentialAction":[{"@type":"ReadAction","target":["https:\/\/cliniccenter.co.uk\/de\/datenschutzrichtlinie\/"]}]},{"@type":"BreadcrumbList","@id":"https:\/\/cliniccenter.co.uk\/de\/datenschutzrichtlinie\/#breadcrumb","itemListElement":[{"@type":"ListItem","position":1,"name":"Home","item":"https:\/\/cliniccenter.co.uk\/de\/"},{"@type":"ListItem","position":2,"name":"Datenschutzrichtlinie"}]},{"@type":"WebSite","@id":"https:\/\/cliniccenter.co.uk\/ro\/#website","url":"https:\/\/cliniccenter.co.uk\/ro\/","name":"","description":"","potentialAction":[{"@type":"SearchAction","target":{"@type":"EntryPoint","urlTemplate":"https:\/\/cliniccenter.co.uk\/ro\/?s={search_term_string}"},"query-input":{"@type":"PropertyValueSpecification","valueRequired":true,"valueName":"search_term_string"}}],"inLanguage":"de"}]}},"uagb_featured_image_src":{"full":false,"thumbnail":false,"medium":false,"medium_large":false,"large":false,"1536x1536":false,"2048x2048":false},"uagb_author_info":{"display_name":"Sertac Ceki","author_link":"https:\/\/cliniccenter.co.uk\/de\/blog\/author\/sertaccliniccenter-co-uk\/"},"uagb_comment_info":0,"uagb_excerpt":"Sehr geehrter Nutzer des Klinikzentrums, Der Schutz personenbezogener Daten und Ihre Sicherheit beim Bezahlen sind uns sehr wichtig. Wir sind davon \u00fcberzeugt, dass die Daten, die Sie uns zur Verf\u00fcgung stellen, die Werte sind, die wir sch\u00fctzen m\u00fcssen. Daher verwenden wir zahlreiche Tools (wie Verschl\u00fcsselung, Passw\u00f6rter, physische Sicherheit usw.), um Ihre pers\u00f6nlichen Daten vor unbefugtem&hellip;","_links":{"self":[{"href":"https:\/\/cliniccenter.co.uk\/de\/wp-json\/wp\/v2\/pages\/45082"}],"collection":[{"href":"https:\/\/cliniccenter.co.uk\/de\/wp-json\/wp\/v2\/pages"}],"about":[{"href":"https:\/\/cliniccenter.co.uk\/de\/wp-json\/wp\/v2\/types\/page"}],"author":[{"embeddable":true,"href":"https:\/\/cliniccenter.co.uk\/de\/wp-json\/wp\/v2\/users\/2"}],"replies":[{"embeddable":true,"href":"https:\/\/cliniccenter.co.uk\/de\/wp-json\/wp\/v2\/comments?post=45082"}],"version-history":[{"count":1,"href":"https:\/\/cliniccenter.co.uk\/de\/wp-json\/wp\/v2\/pages\/45082\/revisions"}],"predecessor-version":[{"id":45084,"href":"https:\/\/cliniccenter.co.uk\/de\/wp-json\/wp\/v2\/pages\/45082\/revisions\/45084"}],"wp:attachment":[{"href":"https:\/\/cliniccenter.co.uk\/de\/wp-json\/wp\/v2\/media?parent=45082"}],"curies":[{"name":"wp","href":"https:\/\/api.w.org\/{rel}","templated":true}]}}