{"id":49734,"date":"2024-04-05T13:49:02","date_gmt":"2024-04-05T13:49:02","guid":{"rendered":"https:\/\/cliniccenter.co.uk\/?page_id=49734"},"modified":"2024-04-08T09:00:38","modified_gmt":"2024-04-08T09:00:38","slug":"ueber","status":"publish","type":"page","link":"https:\/\/cliniccenter.co.uk\/de\/uber\/","title":{"rendered":"\u00dcBER UNS"},"content":{"rendered":"\n<div class=\"wp-block-columns is-layout-flex wp-container-core-columns-is-layout-1 wp-block-columns-is-layout-flex\">\n<div class=\"wp-block-column is-layout-flow wp-block-column-is-layout-flow\">\n<figure class=\"wp-block-image size-full is-style-default skip-lazy\"><img decoding=\"async\" width=\"600\" height=\"400\" src=\"https:\/\/cliniccenter.co.uk\/wp-content\/uploads\/2024\/04\/clinic-center-about-1.jpg\" alt=\"\" class=\"wp-image-51323\" srcset=\"https:\/\/cliniccenter.co.uk\/wp-content\/uploads\/2024\/04\/clinic-center-about-1.jpg 600w, https:\/\/cliniccenter.co.uk\/wp-content\/uploads\/2024\/04\/clinic-center-about-1-300x200.jpg 300w\" sizes=\"(max-width: 600px) 100vw, 600px\" \/><\/figure>\n\n\n\n<h2 class=\"wp-block-heading has-text-align-center\"><span class=\"ez-toc-section\" id=\"Clinic_Center\"><\/span>Clinic Center<span class=\"ez-toc-section-end\"><\/span><\/h2>\n\n\n\n<p class=\"has-text-align-center\">Clinic Center, international ausgezeichnet, bietet Haartransplantation, plastische Chirurgie, kosmetische Chirurgie und Zahnbehandlungen an. Wir sind im Vereinigten K\u00f6nigreich registriert und arbeiten mit renommierten und bestausgebildeten Chirurgen\/Spezialisten zusammen. Unser Ziel ist es, qualitativ hochwertige Dienstleistungen zu erschwinglichen Kosten anzubieten. Alle Behandlungen werden in international anerkannten Krankenh\u00e4usern durchgef\u00fchrt. Die gesamte verwendete Ausr\u00fcstung, das gesamte Personal einschlie\u00dflich der \u00c4rzte und Pfleger sowie die allgemeinen Krankenhausbedingungen werden von internationalen medizinischen Gremien und dem t\u00fcrkischen Gesundheitsministerium gepr\u00fcft und autorisiert.<\/p>\n\n\n\n<div class=\"wp-block-button has-text-align-center\"><a class=\"wp-block-button__link\" href=\"https:\/\/cliniccenter.co.uk\/de\/uber-uns\/\">Detail<\/a><br><br><\/div>\n<\/div>\n\n\n\n<div class=\"wp-block-column is-layout-flow wp-block-column-is-layout-flow\">\n<figure class=\"wp-block-image size-full skip-lazy\"><img decoding=\"async\" width=\"600\" height=\"400\" src=\"https:\/\/cliniccenter.co.uk\/wp-content\/uploads\/2024\/04\/why-choose-clinic-center-1.jpg\" alt=\"\" class=\"wp-image-51248\" srcset=\"https:\/\/cliniccenter.co.uk\/wp-content\/uploads\/2024\/04\/why-choose-clinic-center-1.jpg 600w, https:\/\/cliniccenter.co.uk\/wp-content\/uploads\/2024\/04\/why-choose-clinic-center-1-300x200.jpg 300w\" sizes=\"(max-width: 600px) 100vw, 600px\" \/><\/figure>\n\n\n\n<h2 class=\"wp-block-heading has-text-align-center\"><span class=\"ez-toc-section\" id=\"Warum_Entscheiden_Sie_Sich_fuer_Clinic_Center\"><\/span>Warum Entscheiden Sie Sich f\u00fcr Clinic Center?<span class=\"ez-toc-section-end\"><\/span><\/h2>\n\n\n\n<p class=\"has-text-align-center\">Clinic Center bietet die M\u00f6glichkeit, eine umfassende Patientenerfahrung mit umfassender medizinischer Betreuung und einj\u00e4hriger Nachsorge zu erhalten, da es das einzige Gesundheitsunternehmen im Vereinigten K\u00f6nigreich ist, das kostenlose Beratungs- und Nachsorgedienste anbietet. Mit einem patientenorientierten Ansatz bieten wir All-Inclusive-Pakete an, die alle Ihre Bed\u00fcrfnisse und W\u00fcnsche w\u00e4hrend Ihrer medizinischen Reise abdecken. Einige davon umfassen die Unterbringung in einem Luxushotel, alle Transfers mit einem VIP-Auto, einen internationalen pers\u00f6nlichen Gastgeber und ein privates Krankenhauszimmer , Vorsorgeuntersuchungen und medizinische Bekleidung.<\/p><div id=\"ez-toc-container\" class=\"ez-toc-v2_0_82_2 counter-hierarchy ez-toc-counter ez-toc-grey ez-toc-container-direction\">\n<div class=\"ez-toc-title-container\">\n<p class=\"ez-toc-title\" style=\"cursor:inherit\">Table of Contents<\/p>\n<span class=\"ez-toc-title-toggle\"><a href=\"#\" class=\"ez-toc-pull-right ez-toc-btn ez-toc-btn-xs ez-toc-btn-default ez-toc-toggle\" aria-label=\"Toggle Table of Content\"><span class=\"ez-toc-js-icon-con\"><span class=\"\"><span class=\"eztoc-hide\" style=\"display:none;\">Toggle<\/span><span class=\"ez-toc-icon-toggle-span\"><svg style=\"fill: #999;color:#999\" xmlns=\"http:\/\/www.w3.org\/2000\/svg\" class=\"list-377408\" width=\"20px\" height=\"20px\" viewBox=\"0 0 24 24\" fill=\"none\"><path d=\"M6 6H4v2h2V6zm14 0H8v2h12V6zM4 11h2v2H4v-2zm16 0H8v2h12v-2zM4 16h2v2H4v-2zm16 0H8v2h12v-2z\" fill=\"currentColor\"><\/path><\/svg><svg style=\"fill: #999;color:#999\" class=\"arrow-unsorted-368013\" xmlns=\"http:\/\/www.w3.org\/2000\/svg\" width=\"10px\" height=\"10px\" viewBox=\"0 0 24 24\" version=\"1.2\" baseProfile=\"tiny\"><path d=\"M18.2 9.3l-6.2-6.3-6.2 6.3c-.2.2-.3.4-.3.7s.1.5.3.7c.2.2.4.3.7.3h11c.3 0 .5-.1.7-.3.2-.2.3-.5.3-.7s-.1-.5-.3-.7zM5.8 14.7l6.2 6.3 6.2-6.3c.2-.2.3-.5.3-.7s-.1-.5-.3-.7c-.2-.2-.4-.3-.7-.3h-11c-.3 0-.5.1-.7.3-.2.2-.3.5-.3.7s.1.5.3.7z\"\/><\/svg><\/span><\/span><\/span><\/a><\/span><\/div>\n<nav><ul class='ez-toc-list ez-toc-list-level-1 ' ><li class='ez-toc-page-1 ez-toc-heading-level-2'><a class=\"ez-toc-link ez-toc-heading-1\" href=\"https:\/\/cliniccenter.co.uk\/de\/uber\/#Clinic_Center\" >Clinic Center<\/a><\/li><li class='ez-toc-page-1 ez-toc-heading-level-2'><a class=\"ez-toc-link ez-toc-heading-2\" href=\"https:\/\/cliniccenter.co.uk\/de\/uber\/#Warum_Entscheiden_Sie_Sich_fuer_Clinic_Center\" >Warum Entscheiden Sie Sich f\u00fcr Clinic Center?<\/a><\/li><li class='ez-toc-page-1 ez-toc-heading-level-2'><a class=\"ez-toc-link ez-toc-heading-3\" href=\"https:\/\/cliniccenter.co.uk\/de\/uber\/#Wie_Funktioniert_Es\" >Wie Funktioniert Es?<\/a><\/li><li class='ez-toc-page-1 ez-toc-heading-level-2'><a class=\"ez-toc-link ez-toc-heading-4\" href=\"https:\/\/cliniccenter.co.uk\/de\/uber\/#Clinic_Center_Partnerkliniken\" >Clinic Center Partnerkliniken<\/a><\/li><li class='ez-toc-page-1 ez-toc-heading-level-2'><a class=\"ez-toc-link ez-toc-heading-5\" href=\"https:\/\/cliniccenter.co.uk\/de\/uber\/#Botschafter-Fuehrer\" >Botschafter-F\u00fchrer<\/a><\/li><li class='ez-toc-page-1 ez-toc-heading-level-2'><a class=\"ez-toc-link ez-toc-heading-6\" href=\"https:\/\/cliniccenter.co.uk\/de\/uber\/#Blog\" >Blog<\/a><\/li><\/ul><\/nav><\/div>\n\n\n\n\n<div class=\"wp-block-button has-text-align-center\"><a class=\"wp-block-button__link\" href=\"https:\/\/cliniccenter.co.uk\/de\/warum-clinic-center\/\">Detail<\/a><br><br><\/div>\n<\/div>\n<\/div>\n\n\n\n<div class=\"wp-block-columns is-layout-flex wp-container-core-columns-is-layout-2 wp-block-columns-is-layout-flex\">\n<div class=\"wp-block-column is-layout-flow wp-block-column-is-layout-flow\">\n<figure class=\"wp-block-image size-full\"><img decoding=\"async\" width=\"600\" height=\"400\" src=\"https:\/\/cliniccenter.co.uk\/wp-content\/uploads\/2024\/04\/How-does-it-work.jpg\" alt=\"\" class=\"wp-image-51254\" srcset=\"https:\/\/cliniccenter.co.uk\/wp-content\/uploads\/2024\/04\/How-does-it-work.jpg 600w, https:\/\/cliniccenter.co.uk\/wp-content\/uploads\/2024\/04\/How-does-it-work-300x200.jpg 300w\" sizes=\"(max-width: 600px) 100vw, 600px\" \/><\/figure>\n\n\n\n<h2 class=\"wp-block-heading has-text-align-center\"><span class=\"ez-toc-section\" id=\"Wie_Funktioniert_Es\"><\/span>Wie Funktioniert Es?<span class=\"ez-toc-section-end\"><\/span><\/h2>\n\n\n\n<p class=\"has-text-align-center\">Auf unserer Website finden Sie detaillierte Informationen zu Ihrem Eingriff und alles, was Sie wissen m\u00f6chten. Sobald Sie sich entschieden haben, k\u00f6nnen Sie sich an uns wenden, um weitere und personalisierte Informationen zu Ihrem aktuellen Gesundheitszustand zu erhalten, der von unseren erfahrenen Partner\u00e4rzten beurteilt wird. Durch die Zahlung einer kleinen Anzahlung k\u00f6nnen Sie sich Ihre Behandlung sichern und sie jederzeit in Anspruch nehmen. Sobald Sie sich f\u00fcr den Zeitpunkt entschieden haben, arrangiert das Team des Klinikzentrums den gesamten Ablauf vom Flughafentransfer \u00fcber die Hotelbuchung bis hin zum pers\u00f6nlichen Gastgeber. Sie werden mit einem VIP-Wagen vom Flughafen zum Hotel und Krankenhaus gebracht und erhalten ein kostenloses Beratungsgespr\u00e4ch mit Ihrem Arzt, um alles zu kl\u00e4ren.<\/p>\n\n\n\n<div class=\"wp-block-button has-text-align-center\"><a class=\"wp-block-button__link\" href=\"https:\/\/cliniccenter.co.uk\/de\/wie-funktioniert-es\/\">Detail<\/a><br><br><\/div>\n<\/div>\n\n\n\n<div class=\"wp-block-column is-layout-flow wp-block-column-is-layout-flow\">\n<figure class=\"wp-block-image size-full\"><img decoding=\"async\" width=\"600\" height=\"400\" src=\"https:\/\/cliniccenter.co.uk\/wp-content\/uploads\/2024\/04\/clinic-center-partner-clinics.jpg\" alt=\"\" class=\"wp-image-51260\" srcset=\"https:\/\/cliniccenter.co.uk\/wp-content\/uploads\/2024\/04\/clinic-center-partner-clinics.jpg 600w, https:\/\/cliniccenter.co.uk\/wp-content\/uploads\/2024\/04\/clinic-center-partner-clinics-300x200.jpg 300w\" sizes=\"(max-width: 600px) 100vw, 600px\" \/><\/figure>\n\n\n\n<h2 class=\"wp-block-heading has-text-align-center\"><span class=\"ez-toc-section\" id=\"Clinic_Center_Partnerkliniken\"><\/span>Clinic Center Partnerkliniken<span class=\"ez-toc-section-end\"><\/span><\/h2>\n\n\n\n<p class=\"has-text-align-center\">Als Clinic Center ist es unsere Mission, unseren Kunden die besten Dienstleistungen im medizinischen Bereich zu bieten. Deshalb arbeiten wir nur mit den besten \u00c4rzten, Krankenh\u00e4usern und Kliniken in der T\u00fcrkei zusammen. Unsere Partnerchirurgen werden nach einer detaillierten Bewertung ihres Hintergrunds und ihrer Anerkennung ausgew\u00e4hlt. Wir k\u00f6nnen Ihnen garantieren, dass wir nur mit gut ausgebildeten und sehr erfahrenen Chirurgen in der T\u00fcrkei zusammenarbeiten, um die bestm\u00f6glichen Erfahrungen und Ergebnisse zu erzielen.<\/p>\n\n\n\n<div class=\"wp-block-button has-text-align-center\"><a class=\"wp-block-button__link\" href=\"https:\/\/cliniccenter.co.uk\/de\/clinic-center-partnerkliniken\/\">Detail<\/a><br><br><\/div>\n<\/div>\n<\/div>\n\n\n\n<div class=\"wp-block-columns is-layout-flex wp-container-core-columns-is-layout-5 wp-block-columns-is-layout-flex\">\n<div class=\"wp-block-column is-layout-flow wp-block-column-is-layout-flow\" style=\"flex-basis:100%\">\n<div class=\"wp-block-columns is-layout-flex wp-container-core-columns-is-layout-4 wp-block-columns-is-layout-flex\">\n<div class=\"wp-block-column is-layout-flow wp-block-column-is-layout-flow\" style=\"flex-basis:50%\">\n<div class=\"wp-block-columns is-layout-flex wp-container-core-columns-is-layout-3 wp-block-columns-is-layout-flex\">\n<div class=\"wp-block-column is-layout-flow wp-block-column-is-layout-flow\">\n<figure class=\"wp-block-image size-full\"><img decoding=\"async\" width=\"600\" height=\"400\" src=\"https:\/\/cliniccenter.co.uk\/wp-content\/uploads\/2024\/04\/ambassador-guide.jpg\" alt=\"\" class=\"wp-image-51265\" srcset=\"https:\/\/cliniccenter.co.uk\/wp-content\/uploads\/2024\/04\/ambassador-guide.jpg 600w, https:\/\/cliniccenter.co.uk\/wp-content\/uploads\/2024\/04\/ambassador-guide-300x200.jpg 300w\" sizes=\"(max-width: 600px) 100vw, 600px\" \/><\/figure>\n\n\n\n<h2 class=\"wp-block-heading has-text-align-center\"><span class=\"ez-toc-section\" id=\"Botschafter-Fuehrer\"><\/span>Botschafter-F\u00fchrer<span class=\"ez-toc-section-end\"><\/span><\/h2>\n\n\n\n<p class=\"has-text-align-center\">Wir m\u00f6chten, dass Ihre Erfahrungen und Ihre Reise geh\u00f6rt und gesehen werden, um andere zu inspirieren. Wenn Sie Ihre Reise teilen m\u00f6chten, ist unser Botschafterprogramm genau das Richtige f\u00fcr Sie. Bitte befolgen Sie die folgenden Schritte: Erl\u00e4utern Sie vor Ihrem Besuch kurz den Grund f\u00fcr Ihren Besuch im Clinic Center und Ihre Erwartungen. Teilen Sie Ihre gesamte medizinische Reise auf Ihrem Social-Media-Konto und taggen Sie nur Clinic Center. Ver\u00f6ffentlichen Sie Ihr postoperatives Bild, um Ihr Ergebnis zu zeigen, und markieren Sie Clinic Center.<\/p>\n\n\n\n<div class=\"wp-block-button has-text-align-center\"><a class=\"wp-block-button__link\" href=\"https:\/\/cliniccenter.co.uk\/de\/botschafter-fuhrer\/\">Detail<\/a><br><br><\/div>\n<\/div>\n<\/div>\n<\/div>\n\n\n\n<div class=\"wp-block-column is-layout-flow wp-block-column-is-layout-flow\" style=\"flex-basis:50%\">\n<figure class=\"wp-block-image size-full is-resized is-style-default\"><img decoding=\"async\" width=\"600\" height=\"400\" src=\"https:\/\/cliniccenter.co.uk\/wp-content\/uploads\/2024\/04\/blog.jpg\" alt=\"\" class=\"wp-image-51270\" srcset=\"https:\/\/cliniccenter.co.uk\/wp-content\/uploads\/2024\/04\/blog.jpg 600w, https:\/\/cliniccenter.co.uk\/wp-content\/uploads\/2024\/04\/blog-300x200.jpg 300w\" sizes=\"(max-width: 600px) 100vw, 600px\" \/><\/figure>\n\n\n\n<h2 class=\"wp-block-heading has-text-align-center\"><span class=\"ez-toc-section\" id=\"Blog\"><\/span>Blog<span class=\"ez-toc-section-end\"><\/span><\/h2>\n\n\n\n<p class=\"has-text-align-center\">Neben informativen Artikeln zu den Eingriffen finden Sie in unserem Blog auch Artikel zu interessanten und aktuellen Themen, Prominenten und ihren Verwandlungen, aktuellen medizinischen Diskussionen, medizinischen Tipps und Ratschl\u00e4gen, Neuigkeiten im Gesundheitstourismus und allem rund um den medizinischen Bereich und seine Entwicklungen .<\/p>\n\n\n\n<div class=\"wp-block-button has-text-align-center\"><a class=\"wp-block-button__link\" href=\"https:\/\/cliniccenter.co.uk\/blog\/\">Detail<\/a><br><br><\/div>\n\n\n\n<p><\/p>\n<\/div>\n<\/div>\n<\/div>\n<\/div>\n<\/p>","protected":false},"excerpt":{"rendered":"<p>Clinic Center Clinic Center, international ausgezeichnet, bietet Haartransplantation, plastische Chirurgie, kosmetische Chirurgie und Zahnbehandlungen an. Wir sind im Vereinigten K\u00f6nigreich registriert und arbeiten mit renommierten und bestausgebildeten Chirurgen\/Spezialisten zusammen. Unser Ziel ist es, qualitativ hochwertige Dienstleistungen zu erschwinglichen Kosten anzubieten. Alle Behandlungen werden in international anerkannten Krankenh\u00e4usern durchgef\u00fchrt. Die gesamte verwendete Ausr\u00fcstung, das gesamte Personal [&hellip;]<\/p>\n","protected":false},"author":2,"featured_media":0,"parent":0,"menu_order":0,"comment_status":"closed","ping_status":"closed","template":"","meta":{"_uag_custom_page_level_css":"","_lmt_disableupdate":"no","_lmt_disable":"","site-sidebar-layout":"default","site-content-layout":"default","ast-site-content-layout":"default","site-content-style":"default","site-sidebar-style":"default","ast-global-header-display":"","ast-banner-title-visibility":"","ast-main-header-display":"","ast-hfb-above-header-display":"","ast-hfb-below-header-display":"","ast-hfb-mobile-header-display":"","site-post-title":"","ast-breadcrumbs-content":"","ast-featured-img":"disabled","footer-sml-layout":"","theme-transparent-header-meta":"default","adv-header-id-meta":"","stick-header-meta":"","header-above-stick-meta":"","header-main-stick-meta":"","header-below-stick-meta":"","astra-migrate-meta-layouts":"set","ast-page-background-enabled":"default","ast-page-background-meta":{"desktop":{"background-color":"","background-image":"","background-repeat":"repeat","background-position":"center center","background-size":"auto","background-attachment":"scroll","background-type":"","background-media":"","overlay-type":"","overlay-color":"","overlay-opacity":"","overlay-gradient":""},"tablet":{"background-color":"","background-image":"","background-repeat":"repeat","background-position":"center center","background-size":"auto","background-attachment":"scroll","background-type":"","background-media":"","overlay-type":"","overlay-color":"","overlay-opacity":"","overlay-gradient":""},"mobile":{"background-color":"","background-image":"","background-repeat":"repeat","background-position":"center center","background-size":"auto","background-attachment":"scroll","background-type":"","background-media":"","overlay-type":"","overlay-color":"","overlay-opacity":"","overlay-gradient":""}},"ast-content-background-meta":{"desktop":{"background-color":"var(--ast-global-color-5)","background-image":"","background-repeat":"repeat","background-position":"center center","background-size":"auto","background-attachment":"scroll","background-type":"","background-media":"","overlay-type":"","overlay-color":"","overlay-opacity":"","overlay-gradient":""},"tablet":{"background-color":"var(--ast-global-color-5)","background-image":"","background-repeat":"repeat","background-position":"center center","background-size":"auto","background-attachment":"scroll","background-type":"","background-media":"","overlay-type":"","overlay-color":"","overlay-opacity":"","overlay-gradient":""},"mobile":{"background-color":"var(--ast-global-color-5)","background-image":"","background-repeat":"repeat","background-position":"center center","background-size":"auto","background-attachment":"scroll","background-type":"","background-media":"","overlay-type":"","overlay-color":"","overlay-opacity":"","overlay-gradient":""}},"footnotes":""},"class_list":["post-49734","page","type-page","status-publish","hentry"],"yoast_head":"<!-- This site is optimized with the Yoast SEO plugin v25.3.1 - https:\/\/yoast.com\/wordpress\/plugins\/seo\/ -->\n<title>\u00dcber Uns<\/title>\n<meta name=\"description\" content=\"Clinic Center, international ausgezeichnet und auf Trustpilot von mehr als 1800 Patienten mit 4,8 von 5 bewertet, bietet Haartransplantation, plastische Chirurgie, kosmetische Chirurgie und Zahnbehandlungen an.\" \/>\n<meta name=\"robots\" content=\"noindex, follow\" \/>\n<meta property=\"og:locale\" content=\"de_DE\" \/>\n<meta property=\"og:type\" content=\"article\" \/>\n<meta property=\"og:title\" content=\"\u00dcber Uns\" \/>\n<meta property=\"og:description\" content=\"Clinic Center, international ausgezeichnet und auf Trustpilot von mehr als 1800 Patienten mit 4,8 von 5 bewertet, bietet Haartransplantation, plastische Chirurgie, kosmetische Chirurgie und Zahnbehandlungen an.\" \/>\n<meta property=\"og:url\" content=\"https:\/\/cliniccenter.co.uk\/de\/uber\/\" \/>\n<meta property=\"article:publisher\" content=\"https:\/\/www.facebook.com\/cliniccenter.co.uk\/\" \/>\n<meta property=\"article:modified_time\" content=\"2024-04-08T09:00:38+00:00\" \/>\n<meta property=\"og:image\" content=\"https:\/\/cliniccenter.co.uk\/wp-content\/uploads\/2024\/04\/clinic-center-about-1.jpg\" \/>\n<meta name=\"twitter:card\" content=\"summary_large_image\" \/>\n<meta name=\"twitter:site\" content=\"@cliniccenteruk\" \/>\n<meta name=\"twitter:label1\" content=\"Gesch\u00e4tzte Lesezeit\" \/>\n\t<meta name=\"twitter:data1\" content=\"4\u00a0Minuten\" \/>\n<!-- \/ Yoast SEO plugin. -->","yoast_head_json":{"title":"\u00dcber Uns","description":"Clinic Center, international ausgezeichnet und auf Trustpilot von mehr als 1800 Patienten mit 4,8 von 5 bewertet, bietet Haartransplantation, plastische Chirurgie, kosmetische Chirurgie und Zahnbehandlungen an.","robots":{"index":"noindex","follow":"follow"},"og_locale":"de_DE","og_type":"article","og_title":"\u00dcber Uns","og_description":"Clinic Center, international ausgezeichnet und auf Trustpilot von mehr als 1800 Patienten mit 4,8 von 5 bewertet, bietet Haartransplantation, plastische Chirurgie, kosmetische Chirurgie und Zahnbehandlungen an.","og_url":"https:\/\/cliniccenter.co.uk\/de\/uber\/","article_publisher":"https:\/\/www.facebook.com\/cliniccenter.co.uk\/","article_modified_time":"2024-04-08T09:00:38+00:00","og_image":[{"url":"https:\/\/cliniccenter.co.uk\/wp-content\/uploads\/2024\/04\/clinic-center-about-1.jpg","type":"","width":"","height":""}],"twitter_card":"summary_large_image","twitter_site":"@cliniccenteruk","twitter_misc":{"Gesch\u00e4tzte Lesezeit":"4\u00a0Minuten"},"schema":{"@context":"https:\/\/schema.org","@graph":[{"@type":"WebPage","@id":"https:\/\/cliniccenter.co.uk\/de\/uber\/","url":"https:\/\/cliniccenter.co.uk\/de\/uber\/","name":"\u00dcber Uns","isPartOf":{"@id":"https:\/\/cliniccenter.co.uk\/ro\/#website"},"primaryImageOfPage":{"@id":"https:\/\/cliniccenter.co.uk\/de\/uber\/#primaryimage"},"image":{"@id":"https:\/\/cliniccenter.co.uk\/de\/uber\/#primaryimage"},"thumbnailUrl":"https:\/\/cliniccenter.co.uk\/wp-content\/uploads\/2024\/04\/clinic-center-about-1.jpg","datePublished":"2024-04-05T13:49:02+00:00","dateModified":"2024-04-08T09:00:38+00:00","description":"Clinic Center, international ausgezeichnet und auf Trustpilot von mehr als 1800 Patienten mit 4,8 von 5 bewertet, bietet Haartransplantation, plastische Chirurgie, kosmetische Chirurgie und Zahnbehandlungen an.","breadcrumb":{"@id":"https:\/\/cliniccenter.co.uk\/de\/uber\/#breadcrumb"},"inLanguage":"de","potentialAction":[{"@type":"ReadAction","target":["https:\/\/cliniccenter.co.uk\/de\/uber\/"]}]},{"@type":"ImageObject","inLanguage":"de","@id":"https:\/\/cliniccenter.co.uk\/de\/uber\/#primaryimage","url":"https:\/\/cliniccenter.co.uk\/wp-content\/uploads\/2024\/04\/clinic-center-about-1.jpg","contentUrl":"https:\/\/cliniccenter.co.uk\/wp-content\/uploads\/2024\/04\/clinic-center-about-1.jpg"},{"@type":"BreadcrumbList","@id":"https:\/\/cliniccenter.co.uk\/de\/uber\/#breadcrumb","itemListElement":[{"@type":"ListItem","position":1,"name":"Home","item":"https:\/\/cliniccenter.co.uk\/de\/"},{"@type":"ListItem","position":2,"name":"\u00dcBER UNS"}]},{"@type":"WebSite","@id":"https:\/\/cliniccenter.co.uk\/ro\/#website","url":"https:\/\/cliniccenter.co.uk\/ro\/","name":"","description":"","potentialAction":[{"@type":"SearchAction","target":{"@type":"EntryPoint","urlTemplate":"https:\/\/cliniccenter.co.uk\/ro\/?s={search_term_string}"},"query-input":{"@type":"PropertyValueSpecification","valueRequired":true,"valueName":"search_term_string"}}],"inLanguage":"de"}]}},"uagb_featured_image_src":{"full":false,"thumbnail":false,"medium":false,"medium_large":false,"large":false,"1536x1536":false,"2048x2048":false},"uagb_author_info":{"display_name":"Sertac Ceki","author_link":"https:\/\/cliniccenter.co.uk\/de\/blog\/author\/sertaccliniccenter-co-uk\/"},"uagb_comment_info":0,"uagb_excerpt":"Clinic Center Clinic Center, international ausgezeichnet, bietet Haartransplantation, plastische Chirurgie, kosmetische Chirurgie und Zahnbehandlungen an. Wir sind im Vereinigten K\u00f6nigreich registriert und arbeiten mit renommierten und bestausgebildeten Chirurgen\/Spezialisten zusammen. Unser Ziel ist es, qualitativ hochwertige Dienstleistungen zu erschwinglichen Kosten anzubieten. Alle Behandlungen werden in international anerkannten Krankenh\u00e4usern durchgef\u00fchrt. Die gesamte verwendete Ausr\u00fcstung, das gesamte Personal&hellip;","_links":{"self":[{"href":"https:\/\/cliniccenter.co.uk\/de\/wp-json\/wp\/v2\/pages\/49734"}],"collection":[{"href":"https:\/\/cliniccenter.co.uk\/de\/wp-json\/wp\/v2\/pages"}],"about":[{"href":"https:\/\/cliniccenter.co.uk\/de\/wp-json\/wp\/v2\/types\/page"}],"author":[{"embeddable":true,"href":"https:\/\/cliniccenter.co.uk\/de\/wp-json\/wp\/v2\/users\/2"}],"replies":[{"embeddable":true,"href":"https:\/\/cliniccenter.co.uk\/de\/wp-json\/wp\/v2\/comments?post=49734"}],"version-history":[{"count":4,"href":"https:\/\/cliniccenter.co.uk\/de\/wp-json\/wp\/v2\/pages\/49734\/revisions"}],"predecessor-version":[{"id":51390,"href":"https:\/\/cliniccenter.co.uk\/de\/wp-json\/wp\/v2\/pages\/49734\/revisions\/51390"}],"wp:attachment":[{"href":"https:\/\/cliniccenter.co.uk\/de\/wp-json\/wp\/v2\/media?parent=49734"}],"curies":[{"name":"wp","href":"https:\/\/api.w.org\/{rel}","templated":true}]}}