{"id":50626,"date":"2024-05-22T13:12:14","date_gmt":"2024-05-22T13:12:14","guid":{"rendered":"https:\/\/cliniccenter.co.uk\/?page_id=50626"},"modified":"2024-12-04T06:51:18","modified_gmt":"2024-12-04T06:51:18","slug":"zahnarzt-bekir-2","status":"publish","type":"page","link":"https:\/\/cliniccenter.co.uk\/de\/zahnarzt-bekir\/","title":{"rendered":"Zahn\u00e4rztin Bekir"},"content":{"rendered":"\n<div class=\"wp-block-columns is-layout-flex wp-container-core-columns-is-layout-3 wp-block-columns-is-layout-flex\">\n<div class=\"wp-block-column is-layout-flow wp-block-column-is-layout-flow\" style=\"flex-basis:33.33%\">\n<figure class=\"wp-block-image alignleft size-large\"><img decoding=\"async\" src=\"https:\/\/cliniccenter.co.uk\/wp-content\/uploads\/2023\/11\/UZMAN-DT.-BEKIR-DURMAZ-517x1024-1.webp\" alt=\"\" class=\"wp-image-41270 skip-lazy\"\/><\/figure>\n<\/div>\n\n\n\n<div class=\"wp-block-column is-layout-flow wp-block-column-is-layout-flow\" style=\"flex-basis:66.66%\">\n<div class=\"wp-block-columns is-layout-flex wp-container-core-columns-is-layout-1 wp-block-columns-is-layout-flex\">\n<div class=\"wp-block-column leftpadbox is-layout-flow wp-block-column-is-layout-flow\">\n<p><strong>Facharzt f\u00fcr Mund-, Kiefer- und Gesichtschirurgie<\/strong><\/p>\n\n\n\n<p>Nach Abschluss seiner Ausbildung an der Fakult\u00e4t f\u00fcr Zahnmedizin der Universit\u00e4t Istanbul erhielt er seine Spezialisierung in der Abteilung f\u00fcr Mund-, Zahn- und Kieferchirurgie an der Fakult\u00e4t f\u00fcr Zahnmedizin der Dicle-Universit\u00e4t. Er hielt Abschlusspr\u00e4sentationen am DST George&#8217;s University Hospitals NHS Oral &amp; Maxillofacial Surgery Department London.<\/p>\n\n\n\n<p>Durch die Teilnahme an Kursen und Seminaren verbesserte sich Zahnarzt Bekir im Bereich der Mund-, Kiefer- und Gesichtschirurgie. Neben seinem Beruf im zahnmedizinischen Bereich und den neuen Techniken spricht er auch flie\u00dfend Englisch, sodass seine Patienten w\u00e4hrend der Behandlung zufrieden sind. Zahnarzt Bekir hat sich nach der Teilnahme an zahlreichen Kursen und Kongressen auf Mund-, Kiefer- und Gesichtschirurgie spezialisiert.<\/p>\n<\/div>\n<\/div>\n\n\n\n<div class=\"wp-block-columns is-layout-flex wp-container-core-columns-is-layout-2 wp-block-columns-is-layout-flex\">\n<div class=\"wp-block-column leftpadbox is-layout-flow wp-block-column-is-layout-flow\">\n<p><strong>Erfahrung:<\/strong> 8 Jahre<br><strong>International behandelte Patienten:<\/strong> Vereinigtes K\u00f6nigreich, Irland, Australien, Vereinigte Staaten von Amerika, Vereinigte Arabische Emirate, Saudi-Arabien, Kuwait, L\u00e4nder der Europ\u00e4ischen Union<br><strong>Spezialgebiete:<\/strong> Porzellanveneers, Zahnkronen, Zahnimplantate, Hollywood Smile, Wurzelkanalbehandlung, Gingivoplastik und Gingivektomie, All-On-4, All-On-6 und All-On-8, Zahnaufhellung, Zahnbehandlungen<br><strong>Arbeitstage:<\/strong> Wochentage und Samstag<br><strong>Kontakt:<\/strong>\u00a0+44 20 3575 1039 &amp; info@cliniccenter.co.uk<\/p>\n\n\n\n<p><br><strong><a href=\"https:\/\/cliniccenter.co.uk\/dentistry\/#dentists\">Our Dentists<\/a><\/strong><\/p>\n<\/div>\n<\/div>\n<\/div>\n<\/div>\n\n\n\n<script type=\"application\/ld+json\">\n        {\n            \"@context\": \"http:\\\/\\\/schema.org\",\n            \"@type\": \"Physician\",\n            \"@id\": \"https:\/\/cliniccenter.co.uk\/de\/zahnarzt-bekir\/\",\n            \"areaServed\": {\n                \"@type\": \"Place\",\n                \"name\": \"Istanbul, Turkey\"\n            },\n            \"alumniOf\": {\n                \"@type\": \"OrganizationRole\",\n                \"alumniOf\": {\n                    \"@type\": \"CollegeOrUniversity\",\n                    \"name\": \"Istanbul University\"\n                }\n            },\n            \"employee\": {\n                \"@type\": \"Person\",\n                \"@id\": \"https:\/\/cliniccenter.co.uk\/de\/zahnarzt-bekir\/\",\n                \"description\": \"After completing his education at the Istanbul University Faculty of Dentistry, he received his specialization in the Department of Oral, Dental and Maxillofacial Surgery at Dicle University Faculty of Dentistry. He delivered thesis presentations at DST George's University Hospitals NHS Oral & Maxillofacial Surgery Department London.\",\n                \"hasOccupation\": {\n                    \"@type\": \"Occupation\",\n                    \"name\": \"Dentistry\"\n                },\n                \"knowsLanguage\": {\n                    \"@type\": \"Language\",\n                    \"name\": \"English\",\n                    \"alternateName\": \"en\"\n                },\n                \"honorificSuffix\": \"Zahnarzt\"\n            },\n            \"hospitalAffiliation\": {\n                \"image\": {\n                    \"@type\": \"ImageObject\",\n                    \"@id\": \"https:\/\/cliniccenter.co.uk\/wp-content\/uploads\/2022\/12\/UZMAN-DT.-BEKIR.jpg\"\n                }\n            },\n            \"isAcceptingNewPatients\": \"https:\\\/\\\/schema.org\\\/True\",\n            \"isAccessibleForFree\": \"https:\\\/\\\/schema.org\\\/False\",\n            \"medicalSpecialty\": {\n                \"@type\": \"MedicalSpecialty\",\n                \"name\": \" Porcelain Veneers, Dental Crowns, Dental Implants, Hollywood Smile, Root-Canal Treatment, Gingivoplasty & Gingivectomy, All-On-4 , All-On-6 & All-On-8, Teeth Whitening, Dental Treatments\"\n            },\n\n            \"name\": \"Zahnarzt Bekir\"\n        }\n    <\/script>\n","protected":false},"excerpt":{"rendered":"<p>Facharzt f\u00fcr Mund-, Kiefer- und Gesichtschirurgie Nach Abschluss seiner Ausbildung an der Fakult\u00e4t f\u00fcr Zahnmedizin der Universit\u00e4t Istanbul erhielt er seine Spezialisierung in der Abteilung f\u00fcr Mund-, Zahn- und Kieferchirurgie an der Fakult\u00e4t f\u00fcr Zahnmedizin der Dicle-Universit\u00e4t. Er hielt Abschlusspr\u00e4sentationen am DST George&#8217;s University Hospitals NHS Oral &amp; Maxillofacial Surgery Department London. Durch die Teilnahme [&hellip;]<\/p>\n","protected":false},"author":16,"featured_media":0,"parent":18856,"menu_order":0,"comment_status":"closed","ping_status":"closed","template":"","meta":{"_uag_custom_page_level_css":"","_lmt_disableupdate":"no","_lmt_disable":"","site-sidebar-layout":"default","site-content-layout":"default","ast-site-content-layout":"default","site-content-style":"default","site-sidebar-style":"default","ast-global-header-display":"","ast-banner-title-visibility":"","ast-main-header-display":"","ast-hfb-above-header-display":"","ast-hfb-below-header-display":"","ast-hfb-mobile-header-display":"","site-post-title":"","ast-breadcrumbs-content":"","ast-featured-img":"","footer-sml-layout":"","theme-transparent-header-meta":"default","adv-header-id-meta":"","stick-header-meta":"","header-above-stick-meta":"","header-main-stick-meta":"","header-below-stick-meta":"","astra-migrate-meta-layouts":"set","ast-page-background-enabled":"default","ast-page-background-meta":{"desktop":{"background-color":"","background-image":"","background-repeat":"repeat","background-position":"center center","background-size":"auto","background-attachment":"scroll","background-type":"","background-media":"","overlay-type":"","overlay-color":"","overlay-opacity":"","overlay-gradient":""},"tablet":{"background-color":"","background-image":"","background-repeat":"repeat","background-position":"center center","background-size":"auto","background-attachment":"scroll","background-type":"","background-media":"","overlay-type":"","overlay-color":"","overlay-opacity":"","overlay-gradient":""},"mobile":{"background-color":"","background-image":"","background-repeat":"repeat","background-position":"center center","background-size":"auto","background-attachment":"scroll","background-type":"","background-media":"","overlay-type":"","overlay-color":"","overlay-opacity":"","overlay-gradient":""}},"ast-content-background-meta":{"desktop":{"background-color":"var(--ast-global-color-5)","background-image":"","background-repeat":"repeat","background-position":"center center","background-size":"auto","background-attachment":"scroll","background-type":"","background-media":"","overlay-type":"","overlay-color":"","overlay-opacity":"","overlay-gradient":""},"tablet":{"background-color":"var(--ast-global-color-5)","background-image":"","background-repeat":"repeat","background-position":"center center","background-size":"auto","background-attachment":"scroll","background-type":"","background-media":"","overlay-type":"","overlay-color":"","overlay-opacity":"","overlay-gradient":""},"mobile":{"background-color":"var(--ast-global-color-5)","background-image":"","background-repeat":"repeat","background-position":"center center","background-size":"auto","background-attachment":"scroll","background-type":"","background-media":"","overlay-type":"","overlay-color":"","overlay-opacity":"","overlay-gradient":""}},"footnotes":""},"class_list":["post-50626","page","type-page","status-publish","hentry"],"yoast_head":"<!-- This site is optimized with the Yoast SEO plugin v25.3.1 - https:\/\/yoast.com\/wordpress\/plugins\/seo\/ -->\n<title>Zahnarzt Bekir | Clinic Center<\/title>\n<meta name=\"description\" content=\"Partnerzahnarzt Bekir im Clinic Center, mit 8 Jahren Erfahrung in Zahnimplantaten, Porzellanveneers und Zahnkronen.\" \/>\n<meta name=\"robots\" content=\"index, follow, max-snippet:-1, max-image-preview:large, max-video-preview:-1\" \/>\n<link rel=\"canonical\" href=\"https:\/\/cliniccenter.co.uk\/de\/zahnarzt-bekir\/\" \/>\n<meta property=\"og:locale\" content=\"de_DE\" \/>\n<meta property=\"og:type\" content=\"article\" \/>\n<meta property=\"og:title\" content=\"Zahnarzt Bekir | Clinic Center\" \/>\n<meta property=\"og:description\" content=\"Partnerzahnarzt Bekir im Clinic Center, mit 8 Jahren Erfahrung in Zahnimplantaten, Porzellanveneers und Zahnkronen.\" \/>\n<meta property=\"og:url\" content=\"https:\/\/cliniccenter.co.uk\/de\/zahnarzt-bekir\/\" \/>\n<meta property=\"article:publisher\" content=\"https:\/\/www.facebook.com\/cliniccenter.co.uk\/\" \/>\n<meta property=\"article:modified_time\" content=\"2024-12-04T06:51:18+00:00\" \/>\n<meta property=\"og:image\" content=\"https:\/\/cliniccenter.co.uk\/wp-content\/uploads\/2023\/11\/UZMAN-DT.-BEKIR-DURMAZ-517x1024-1.webp\" \/>\n<meta name=\"twitter:card\" content=\"summary_large_image\" \/>\n<meta name=\"twitter:site\" content=\"@cliniccenteruk\" \/>\n<meta name=\"twitter:label1\" content=\"Gesch\u00e4tzte Lesezeit\" \/>\n\t<meta name=\"twitter:data1\" content=\"1\u00a0Minute\" \/>\n<!-- \/ Yoast SEO plugin. -->","yoast_head_json":{"title":"Zahnarzt Bekir | Clinic Center","description":"Partnerzahnarzt Bekir im Clinic Center, mit 8 Jahren Erfahrung in Zahnimplantaten, Porzellanveneers und Zahnkronen.","robots":{"index":"index","follow":"follow","max-snippet":"max-snippet:-1","max-image-preview":"max-image-preview:large","max-video-preview":"max-video-preview:-1"},"canonical":"https:\/\/cliniccenter.co.uk\/de\/zahnarzt-bekir\/","og_locale":"de_DE","og_type":"article","og_title":"Zahnarzt Bekir | Clinic Center","og_description":"Partnerzahnarzt Bekir im Clinic Center, mit 8 Jahren Erfahrung in Zahnimplantaten, Porzellanveneers und Zahnkronen.","og_url":"https:\/\/cliniccenter.co.uk\/de\/zahnarzt-bekir\/","article_publisher":"https:\/\/www.facebook.com\/cliniccenter.co.uk\/","article_modified_time":"2024-12-04T06:51:18+00:00","og_image":[{"url":"https:\/\/cliniccenter.co.uk\/wp-content\/uploads\/2023\/11\/UZMAN-DT.-BEKIR-DURMAZ-517x1024-1.webp","type":"","width":"","height":""}],"twitter_card":"summary_large_image","twitter_site":"@cliniccenteruk","twitter_misc":{"Gesch\u00e4tzte Lesezeit":"1\u00a0Minute"},"schema":{"@context":"https:\/\/schema.org","@graph":[{"@type":"WebPage","@id":"https:\/\/cliniccenter.co.uk\/de\/zahnarzt-bekir\/","url":"https:\/\/cliniccenter.co.uk\/de\/zahnarzt-bekir\/","name":"Zahnarzt Bekir | Clinic Center","isPartOf":{"@id":"https:\/\/cliniccenter.co.uk\/ro\/#website"},"primaryImageOfPage":{"@id":"https:\/\/cliniccenter.co.uk\/de\/zahnarzt-bekir\/#primaryimage"},"image":{"@id":"https:\/\/cliniccenter.co.uk\/de\/zahnarzt-bekir\/#primaryimage"},"thumbnailUrl":"https:\/\/cliniccenter.co.uk\/wp-content\/uploads\/2023\/11\/UZMAN-DT.-BEKIR-DURMAZ-517x1024-1.webp","datePublished":"2024-05-22T13:12:14+00:00","dateModified":"2024-12-04T06:51:18+00:00","description":"Partnerzahnarzt Bekir im Clinic Center, mit 8 Jahren Erfahrung in Zahnimplantaten, Porzellanveneers und Zahnkronen.","breadcrumb":{"@id":"https:\/\/cliniccenter.co.uk\/de\/zahnarzt-bekir\/#breadcrumb"},"inLanguage":"de","potentialAction":[{"@type":"ReadAction","target":["https:\/\/cliniccenter.co.uk\/de\/zahnarzt-bekir\/"]}]},{"@type":"ImageObject","inLanguage":"de","@id":"https:\/\/cliniccenter.co.uk\/de\/zahnarzt-bekir\/#primaryimage","url":"https:\/\/cliniccenter.co.uk\/wp-content\/uploads\/2023\/11\/UZMAN-DT.-BEKIR-DURMAZ-517x1024-1.webp","contentUrl":"https:\/\/cliniccenter.co.uk\/wp-content\/uploads\/2023\/11\/UZMAN-DT.-BEKIR-DURMAZ-517x1024-1.webp"},{"@type":"BreadcrumbList","@id":"https:\/\/cliniccenter.co.uk\/de\/zahnarzt-bekir\/#breadcrumb","itemListElement":[{"@type":"ListItem","position":1,"name":"Home","item":"https:\/\/cliniccenter.co.uk\/de\/"},{"@type":"ListItem","position":2,"name":"Beste Chirurgen in der T\u00fcrkei | Top-Operationen in der T\u00fcrkei","item":"https:\/\/cliniccenter.co.uk\/de\/arzt\/"},{"@type":"ListItem","position":3,"name":"Zahn\u00e4rztin Bekir"}]},{"@type":"WebSite","@id":"https:\/\/cliniccenter.co.uk\/ro\/#website","url":"https:\/\/cliniccenter.co.uk\/ro\/","name":"","description":"","potentialAction":[{"@type":"SearchAction","target":{"@type":"EntryPoint","urlTemplate":"https:\/\/cliniccenter.co.uk\/ro\/?s={search_term_string}"},"query-input":{"@type":"PropertyValueSpecification","valueRequired":true,"valueName":"search_term_string"}}],"inLanguage":"de"}]}},"uagb_featured_image_src":{"full":false,"thumbnail":false,"medium":false,"medium_large":false,"large":false,"1536x1536":false,"2048x2048":false},"uagb_author_info":{"display_name":"Ezgi Y\u0131ld\u0131z","author_link":"https:\/\/cliniccenter.co.uk\/de\/blog\/author\/ezgiyildiz\/"},"uagb_comment_info":0,"uagb_excerpt":"Facharzt f\u00fcr Mund-, Kiefer- und Gesichtschirurgie Nach Abschluss seiner Ausbildung an der Fakult\u00e4t f\u00fcr Zahnmedizin der Universit\u00e4t Istanbul erhielt er seine Spezialisierung in der Abteilung f\u00fcr Mund-, Zahn- und Kieferchirurgie an der Fakult\u00e4t f\u00fcr Zahnmedizin der Dicle-Universit\u00e4t. Er hielt Abschlusspr\u00e4sentationen am DST George&#8217;s University Hospitals NHS Oral &amp; Maxillofacial Surgery Department London. Durch die Teilnahme&hellip;","_links":{"self":[{"href":"https:\/\/cliniccenter.co.uk\/de\/wp-json\/wp\/v2\/pages\/50626"}],"collection":[{"href":"https:\/\/cliniccenter.co.uk\/de\/wp-json\/wp\/v2\/pages"}],"about":[{"href":"https:\/\/cliniccenter.co.uk\/de\/wp-json\/wp\/v2\/types\/page"}],"author":[{"embeddable":true,"href":"https:\/\/cliniccenter.co.uk\/de\/wp-json\/wp\/v2\/users\/16"}],"replies":[{"embeddable":true,"href":"https:\/\/cliniccenter.co.uk\/de\/wp-json\/wp\/v2\/comments?post=50626"}],"version-history":[{"count":2,"href":"https:\/\/cliniccenter.co.uk\/de\/wp-json\/wp\/v2\/pages\/50626\/revisions"}],"predecessor-version":[{"id":58109,"href":"https:\/\/cliniccenter.co.uk\/de\/wp-json\/wp\/v2\/pages\/50626\/revisions\/58109"}],"up":[{"embeddable":true,"href":"https:\/\/cliniccenter.co.uk\/de\/wp-json\/wp\/v2\/pages\/18856"}],"wp:attachment":[{"href":"https:\/\/cliniccenter.co.uk\/de\/wp-json\/wp\/v2\/media?parent=50626"}],"curies":[{"name":"wp","href":"https:\/\/api.w.org\/{rel}","templated":true}]}}