{"id":50659,"date":"2024-04-04T11:32:37","date_gmt":"2024-04-04T11:32:37","guid":{"rendered":"https:\/\/cliniccenter.co.uk\/?page_id=50659"},"modified":"2024-04-04T11:32:44","modified_gmt":"2024-04-04T11:32:44","slug":"zahnarztin-berfin","status":"publish","type":"page","link":"https:\/\/cliniccenter.co.uk\/de\/zahnarztin-berfin\/","title":{"rendered":"Zahn\u00e4rztin Berfin"},"content":{"rendered":"\n<div class=\"wp-block-columns is-layout-flex wp-container-core-columns-is-layout-3 wp-block-columns-is-layout-flex\">\n<div class=\"wp-block-column is-layout-flow wp-block-column-is-layout-flow\" style=\"flex-basis:33.33%\">\n<figure class=\"wp-block-image alignleft size-large\"><img decoding=\"async\" width=\"517\" height=\"1024\" src=\"https:\/\/cliniccenter.co.uk\/wp-content\/uploads\/2024\/02\/berfin-cakirgoz-dik-517x1024.jpg\" alt=\"\" class=\"wp-image-50662\" srcset=\"https:\/\/cliniccenter.co.uk\/wp-content\/uploads\/2024\/02\/berfin-cakirgoz-dik-517x1024.jpg 517w, https:\/\/cliniccenter.co.uk\/wp-content\/uploads\/2024\/02\/berfin-cakirgoz-dik-152x300.jpg 152w, https:\/\/cliniccenter.co.uk\/wp-content\/uploads\/2024\/02\/berfin-cakirgoz-dik.jpg 548w\" sizes=\"(max-width: 517px) 100vw, 517px\" \/><\/figure>\n<\/div>\n\n\n\n<div class=\"wp-block-column is-layout-flow wp-block-column-is-layout-flow\" style=\"flex-basis:66.66%\">\n<div class=\"wp-block-columns is-layout-flex wp-container-core-columns-is-layout-1 wp-block-columns-is-layout-flex\">\n<div class=\"wp-block-column leftpadbox is-layout-flow wp-block-column-is-layout-flow\">\n<p>In Zusammenarbeit mit dem Clinic Center bietet Dr. Berfin eine beispiellose zahn\u00e4rztliche Versorgung, indem sie modernste Techniken mit ihrem umfassenden Fachwissen und ihrem patientenorientierten Ansatz verbindet, der in verschiedenen klinischen Umgebungen gepflegt wird. Als angesehene Absolventin der f\u00fchrenden zahnmedizinischen Einrichtung der T\u00fcrkei verf\u00fcgt Dr. Berfin \u00fcber fortgeschrittene Englischkenntnisse und vermittelt ihren Patienten auf der ganzen Welt Sicherheit und Leichtigkeit durch ihren klaren und aufschlussreichen Kommunikationsstil.<\/p>\n\n\n\n<p>Sie widmet sich weiterhin der Bereitstellung einer umfassenden Palette an Behandlungen, darunter Zahnkronen, Implantate, Wurzelkan\u00e4le und Porzellanveneers, um optimale Mundgesundheit und \u00e4sthetische Zufriedenheit f\u00fcr jeden Patienten zu gew\u00e4hrleisten.<\/p>\n<\/div>\n<\/div>\n\n\n\n<div class=\"wp-block-columns is-layout-flex wp-container-core-columns-is-layout-2 wp-block-columns-is-layout-flex\">\n<div class=\"wp-block-column leftpadbox is-layout-flow wp-block-column-is-layout-flow\">\n<p><strong>International behandelte Patienten<\/strong>: Das Vereinigte K\u00f6nigreich, Irland, Australien, die Vereinigten Staaten von Amerika, die Vereinigten Arabischen Emirate, Saudi-Arabien, Kuwait, die L\u00e4nder der Europ\u00e4ischen Union<br><strong>Fachgebiete:<\/strong> <a href=\"https:\/\/cliniccenter.co.uk\/porcelain-veneers-in-turkey\/\">Porcelain Veneers<\/a>, <a href=\"https:\/\/cliniccenter.co.uk\/dental-crowns-in-turkey\/\">Dental Crowns<\/a>, <a href=\"https:\/\/cliniccenter.co.uk\/dental-implants-in-turkey\/\">Dental Implants<\/a>, <a href=\"https:\/\/cliniccenter.co.uk\/hollywood-smile-in-turkey\/\">Hollywood Smile<\/a>, <a href=\"https:\/\/cliniccenter.co.uk\/root-canal-treatment\/\">Root-Canal Treatment<\/a>, <a href=\"https:\/\/cliniccenter.co.uk\/gingivoplasty-gingivectomy-in-turkey\/\">Gingivoplasty &amp; Gingivectomy<\/a>, <a href=\"https:\/\/cliniccenter.co.uk\/all-on-4-in-turkey\/\">All-On-4, All-On-6 &amp; All-On-8<\/a>, <a href=\"https:\/\/cliniccenter.co.uk\/teeth-whitening-in-turkey\/\">Teeth Whitening<\/a>, <a href=\"https:\/\/cliniccenter.co.uk\/dentistry\/\">Dental Treatments\u00a0<\/a><br><strong>Contact<\/strong>:\u00a0+44 20 3575 1039 &amp; info@cliniccenter.co.uk<\/p>\n<\/div>\n<\/div>\n<\/div>\n<\/div>\n\n\n\n<script type=\"application\/ld+json\">\n        {\n            \"@context\": \"http:\\\/\\\/schema.org\",\n            \"@type\": \"Zahnarzt\",\n            \"@id\": \"https:\/\/cliniccenter.co.uk\/de\/zahnarztin-berfin\/\",\n            \"areaServed\": {\n                \"@type\": \"Ort\",\n                \"name\": \"Istanbul, Turkey\"\n            },\n            \"alumniOf\": {\n                \"@type\": \"OrganizationRole\",\n                \"alumniOf\": {\n                    \"@type\": \"CollegeOrUniversity\",\n                    \"name\": \"Istanbul University\"\n                }\n            },\n            \"employee\": {\n                \"@type\": \"Person\",\n                \"@id\": \"https:\/\/cliniccenter.co.uk\/de\/zahnarztin-berfin\/\",\n                \"beschreibung\": \"In Zusammenarbeit mit dem Clinic Center bietet Dr. Berfin eine beispiellose zahn\u00e4rztliche Versorgung, indem sie modernste Techniken mit ihrem umfassenden Fachwissen und ihrem patientenorientierten Ansatz verbindet, der in verschiedenen klinischen Umgebungen gepflegt wird.\",\n                \"hasOccupation\": {\n                    \"@type\": \"Beruf\",\n                    \"name\": \"Zahnheilkunde\"\n                },\n                \"knowsLanguage\": {\n                    \"@type\": \"Sprachen\",\n                    \"name\": \"Englisch\",\n                    \"alternateName\": \"en\"\n                },\n                \"honorificSuffix\": \"Zahnarztin\"\n            },\n            \"hospitalAffiliation\": {\n                \"image\": {\n                    \"@type\": \"ImageObject\",\n                    \"@id\": \"https:\/\/cliniccenter.co.uk\/wp-content\/uploads\/2022\/12\/UZMAN-DT.-Berfin.jpg\"\n                }\n            },\n            \"isAcceptingNewPatients\": \"https:\\\/\\\/schema.org\\\/True\",\n            \"isAccessibleForFree\": \"https:\\\/\\\/schema.org\\\/False\",\n            \"medicalSpecialty\": {\n                \"@type\": \"MedicalSpecialty\",\n                \"name\": \" Porcelain Veneers, Dental Crowns, Dental Implants, Hollywood Smile, Root-Canal Treatment, Gingivoplasty & Gingivectomy, All-On-4 , All-On-6 & All-On-8, Teeth Whitening, Dental Treatments\"\n            },\n\n            \"name\": \"Zahnarztin Berfin\"\n        }\n    <\/script>\n","protected":false},"excerpt":{"rendered":"<p>In Zusammenarbeit mit dem Clinic Center bietet Dr. Berfin eine beispiellose zahn\u00e4rztliche Versorgung, indem sie modernste Techniken mit ihrem umfassenden Fachwissen und ihrem patientenorientierten Ansatz verbindet, der in verschiedenen klinischen Umgebungen gepflegt wird. Als angesehene Absolventin der f\u00fchrenden zahnmedizinischen Einrichtung der T\u00fcrkei verf\u00fcgt Dr. Berfin \u00fcber fortgeschrittene Englischkenntnisse und vermittelt ihren Patienten auf der ganzen [&hellip;]<\/p>\n","protected":false},"author":16,"featured_media":50667,"parent":18856,"menu_order":0,"comment_status":"closed","ping_status":"closed","template":"","meta":{"_uag_custom_page_level_css":"","_lmt_disableupdate":"no","_lmt_disable":"","site-sidebar-layout":"default","site-content-layout":"default","ast-site-content-layout":"default","site-content-style":"default","site-sidebar-style":"default","ast-global-header-display":"","ast-banner-title-visibility":"","ast-main-header-display":"","ast-hfb-above-header-display":"","ast-hfb-below-header-display":"","ast-hfb-mobile-header-display":"","site-post-title":"","ast-breadcrumbs-content":"","ast-featured-img":"disabled","footer-sml-layout":"","theme-transparent-header-meta":"default","adv-header-id-meta":"","stick-header-meta":"","header-above-stick-meta":"","header-main-stick-meta":"","header-below-stick-meta":"","astra-migrate-meta-layouts":"set","ast-page-background-enabled":"default","ast-page-background-meta":{"desktop":{"background-color":"","background-image":"","background-repeat":"repeat","background-position":"center center","background-size":"auto","background-attachment":"scroll","background-type":"","background-media":"","overlay-type":"","overlay-color":"","overlay-opacity":"","overlay-gradient":""},"tablet":{"background-color":"","background-image":"","background-repeat":"repeat","background-position":"center center","background-size":"auto","background-attachment":"scroll","background-type":"","background-media":"","overlay-type":"","overlay-color":"","overlay-opacity":"","overlay-gradient":""},"mobile":{"background-color":"","background-image":"","background-repeat":"repeat","background-position":"center center","background-size":"auto","background-attachment":"scroll","background-type":"","background-media":"","overlay-type":"","overlay-color":"","overlay-opacity":"","overlay-gradient":""}},"ast-content-background-meta":{"desktop":{"background-color":"var(--ast-global-color-5)","background-image":"","background-repeat":"repeat","background-position":"center center","background-size":"auto","background-attachment":"scroll","background-type":"","background-media":"","overlay-type":"","overlay-color":"","overlay-opacity":"","overlay-gradient":""},"tablet":{"background-color":"var(--ast-global-color-5)","background-image":"","background-repeat":"repeat","background-position":"center center","background-size":"auto","background-attachment":"scroll","background-type":"","background-media":"","overlay-type":"","overlay-color":"","overlay-opacity":"","overlay-gradient":""},"mobile":{"background-color":"var(--ast-global-color-5)","background-image":"","background-repeat":"repeat","background-position":"center center","background-size":"auto","background-attachment":"scroll","background-type":"","background-media":"","overlay-type":"","overlay-color":"","overlay-opacity":"","overlay-gradient":""}},"footnotes":""},"class_list":["post-50659","page","type-page","status-publish","has-post-thumbnail","hentry"],"yoast_head":"<!-- This site is optimized with the Yoast SEO plugin v25.3.1 - https:\/\/yoast.com\/wordpress\/plugins\/seo\/ -->\n<title>Zahnarztin Berfin | Clinic Center<\/title>\n<meta name=\"description\" content=\"Partnerzahnarztin Berfin im Clinic Center, mit hohen Erfahrung in Zahnimplantaten, Porzellanveneers und Zahnkronen.\" \/>\n<meta name=\"robots\" content=\"index, follow, max-snippet:-1, max-image-preview:large, max-video-preview:-1\" \/>\n<link rel=\"canonical\" href=\"https:\/\/cliniccenter.co.uk\/de\/zahnarztin-berfin\/\" \/>\n<meta property=\"og:locale\" content=\"de_DE\" \/>\n<meta property=\"og:type\" content=\"article\" \/>\n<meta property=\"og:title\" content=\"Zahnarztin Berfin | Clinic Center\" \/>\n<meta property=\"og:description\" content=\"Partnerzahnarztin Berfin im Clinic Center, mit hohen Erfahrung in Zahnimplantaten, Porzellanveneers und Zahnkronen.\" \/>\n<meta property=\"og:url\" content=\"https:\/\/cliniccenter.co.uk\/de\/zahnarztin-berfin\/\" \/>\n<meta property=\"article:publisher\" content=\"https:\/\/www.facebook.com\/cliniccenter.co.uk\/\" \/>\n<meta property=\"article:modified_time\" content=\"2024-04-04T11:32:44+00:00\" \/>\n<meta property=\"og:image\" content=\"https:\/\/cliniccenter.co.uk\/wp-content\/uploads\/2024\/02\/berfin-cakirgoz-kare.jpg\" \/>\n\t<meta property=\"og:image:width\" content=\"500\" \/>\n\t<meta property=\"og:image:height\" content=\"500\" \/>\n\t<meta property=\"og:image:type\" content=\"image\/jpeg\" \/>\n<meta name=\"twitter:card\" content=\"summary_large_image\" \/>\n<meta name=\"twitter:site\" content=\"@cliniccenteruk\" \/>\n<meta name=\"twitter:label1\" content=\"Gesch\u00e4tzte Lesezeit\" \/>\n\t<meta name=\"twitter:data1\" content=\"2\u00a0Minuten\" \/>\n<!-- \/ Yoast SEO plugin. -->","yoast_head_json":{"title":"Zahnarztin Berfin | Clinic Center","description":"Partnerzahnarztin Berfin im Clinic Center, mit hohen Erfahrung in Zahnimplantaten, Porzellanveneers und Zahnkronen.","robots":{"index":"index","follow":"follow","max-snippet":"max-snippet:-1","max-image-preview":"max-image-preview:large","max-video-preview":"max-video-preview:-1"},"canonical":"https:\/\/cliniccenter.co.uk\/de\/zahnarztin-berfin\/","og_locale":"de_DE","og_type":"article","og_title":"Zahnarztin Berfin | Clinic Center","og_description":"Partnerzahnarztin Berfin im Clinic Center, mit hohen Erfahrung in Zahnimplantaten, Porzellanveneers und Zahnkronen.","og_url":"https:\/\/cliniccenter.co.uk\/de\/zahnarztin-berfin\/","article_publisher":"https:\/\/www.facebook.com\/cliniccenter.co.uk\/","article_modified_time":"2024-04-04T11:32:44+00:00","og_image":[{"width":500,"height":500,"url":"https:\/\/cliniccenter.co.uk\/wp-content\/uploads\/2024\/02\/berfin-cakirgoz-kare.jpg","type":"image\/jpeg"}],"twitter_card":"summary_large_image","twitter_site":"@cliniccenteruk","twitter_misc":{"Gesch\u00e4tzte Lesezeit":"2\u00a0Minuten"},"schema":{"@context":"https:\/\/schema.org","@graph":[{"@type":"WebPage","@id":"https:\/\/cliniccenter.co.uk\/de\/zahnarztin-berfin\/","url":"https:\/\/cliniccenter.co.uk\/de\/zahnarztin-berfin\/","name":"Zahnarztin Berfin | Clinic Center","isPartOf":{"@id":"https:\/\/cliniccenter.co.uk\/ro\/#website"},"primaryImageOfPage":{"@id":"https:\/\/cliniccenter.co.uk\/de\/zahnarztin-berfin\/#primaryimage"},"image":{"@id":"https:\/\/cliniccenter.co.uk\/de\/zahnarztin-berfin\/#primaryimage"},"thumbnailUrl":"https:\/\/cliniccenter.co.uk\/wp-content\/uploads\/2024\/02\/berfin-cakirgoz-kare.jpg","datePublished":"2024-04-04T11:32:37+00:00","dateModified":"2024-04-04T11:32:44+00:00","description":"Partnerzahnarztin Berfin im Clinic Center, mit hohen Erfahrung in Zahnimplantaten, Porzellanveneers und Zahnkronen.","breadcrumb":{"@id":"https:\/\/cliniccenter.co.uk\/de\/zahnarztin-berfin\/#breadcrumb"},"inLanguage":"de","potentialAction":[{"@type":"ReadAction","target":["https:\/\/cliniccenter.co.uk\/de\/zahnarztin-berfin\/"]}]},{"@type":"ImageObject","inLanguage":"de","@id":"https:\/\/cliniccenter.co.uk\/de\/zahnarztin-berfin\/#primaryimage","url":"https:\/\/cliniccenter.co.uk\/wp-content\/uploads\/2024\/02\/berfin-cakirgoz-kare.jpg","contentUrl":"https:\/\/cliniccenter.co.uk\/wp-content\/uploads\/2024\/02\/berfin-cakirgoz-kare.jpg","width":500,"height":500},{"@type":"BreadcrumbList","@id":"https:\/\/cliniccenter.co.uk\/de\/zahnarztin-berfin\/#breadcrumb","itemListElement":[{"@type":"ListItem","position":1,"name":"Home","item":"https:\/\/cliniccenter.co.uk\/de\/"},{"@type":"ListItem","position":2,"name":"Beste Chirurgen in der T\u00fcrkei | Top-Operationen in der T\u00fcrkei","item":"https:\/\/cliniccenter.co.uk\/de\/arzt\/"},{"@type":"ListItem","position":3,"name":"Zahn\u00e4rztin Berfin"}]},{"@type":"WebSite","@id":"https:\/\/cliniccenter.co.uk\/ro\/#website","url":"https:\/\/cliniccenter.co.uk\/ro\/","name":"","description":"","potentialAction":[{"@type":"SearchAction","target":{"@type":"EntryPoint","urlTemplate":"https:\/\/cliniccenter.co.uk\/ro\/?s={search_term_string}"},"query-input":{"@type":"PropertyValueSpecification","valueRequired":true,"valueName":"search_term_string"}}],"inLanguage":"de"}]}},"uagb_featured_image_src":{"full":["https:\/\/cliniccenter.co.uk\/wp-content\/uploads\/2024\/02\/berfin-cakirgoz-kare.jpg",500,500,false],"thumbnail":["https:\/\/cliniccenter.co.uk\/wp-content\/uploads\/2024\/02\/berfin-cakirgoz-kare-150x150.jpg",150,150,true],"medium":["https:\/\/cliniccenter.co.uk\/wp-content\/uploads\/2024\/02\/berfin-cakirgoz-kare-300x300.jpg",300,300,true],"medium_large":["https:\/\/cliniccenter.co.uk\/wp-content\/uploads\/2024\/02\/berfin-cakirgoz-kare.jpg",500,500,false],"large":["https:\/\/cliniccenter.co.uk\/wp-content\/uploads\/2024\/02\/berfin-cakirgoz-kare.jpg",500,500,false],"1536x1536":["https:\/\/cliniccenter.co.uk\/wp-content\/uploads\/2024\/02\/berfin-cakirgoz-kare.jpg",500,500,false],"2048x2048":["https:\/\/cliniccenter.co.uk\/wp-content\/uploads\/2024\/02\/berfin-cakirgoz-kare.jpg",500,500,false]},"uagb_author_info":{"display_name":"Ezgi Y\u0131ld\u0131z","author_link":"https:\/\/cliniccenter.co.uk\/de\/blog\/author\/ezgiyildiz\/"},"uagb_comment_info":0,"uagb_excerpt":"In Zusammenarbeit mit dem Clinic Center bietet Dr. Berfin eine beispiellose zahn\u00e4rztliche Versorgung, indem sie modernste Techniken mit ihrem umfassenden Fachwissen und ihrem patientenorientierten Ansatz verbindet, der in verschiedenen klinischen Umgebungen gepflegt wird. Als angesehene Absolventin der f\u00fchrenden zahnmedizinischen Einrichtung der T\u00fcrkei verf\u00fcgt Dr. Berfin \u00fcber fortgeschrittene Englischkenntnisse und vermittelt ihren Patienten auf der ganzen&hellip;","_links":{"self":[{"href":"https:\/\/cliniccenter.co.uk\/de\/wp-json\/wp\/v2\/pages\/50659"}],"collection":[{"href":"https:\/\/cliniccenter.co.uk\/de\/wp-json\/wp\/v2\/pages"}],"about":[{"href":"https:\/\/cliniccenter.co.uk\/de\/wp-json\/wp\/v2\/types\/page"}],"author":[{"embeddable":true,"href":"https:\/\/cliniccenter.co.uk\/de\/wp-json\/wp\/v2\/users\/16"}],"replies":[{"embeddable":true,"href":"https:\/\/cliniccenter.co.uk\/de\/wp-json\/wp\/v2\/comments?post=50659"}],"version-history":[{"count":1,"href":"https:\/\/cliniccenter.co.uk\/de\/wp-json\/wp\/v2\/pages\/50659\/revisions"}],"predecessor-version":[{"id":51202,"href":"https:\/\/cliniccenter.co.uk\/de\/wp-json\/wp\/v2\/pages\/50659\/revisions\/51202"}],"up":[{"embeddable":true,"href":"https:\/\/cliniccenter.co.uk\/de\/wp-json\/wp\/v2\/pages\/18856"}],"wp:featuredmedia":[{"embeddable":true,"href":"https:\/\/cliniccenter.co.uk\/de\/wp-json\/wp\/v2\/media\/50667"}],"wp:attachment":[{"href":"https:\/\/cliniccenter.co.uk\/de\/wp-json\/wp\/v2\/media?parent=50659"}],"curies":[{"name":"wp","href":"https:\/\/api.w.org\/{rel}","templated":true}]}}