{"id":55469,"date":"2024-05-29T07:37:12","date_gmt":"2024-05-29T07:37:12","guid":{"rendered":"https:\/\/cliniccenter.co.uk\/?page_id=55469"},"modified":"2025-09-10T06:35:19","modified_gmt":"2025-09-10T06:35:19","slug":"dienstleistungen","status":"publish","type":"page","link":"https:\/\/cliniccenter.co.uk\/de\/dienstleistungen\/","title":{"rendered":"Dienstleistungen in Gro\u00dfbritannien"},"content":{"rendered":"\n<div class=\"wp-block-group is-layout-constrained wp-block-group-is-layout-constrained\"><div class=\"wp-block-group__inner-container\">\n<div class=\"wp-block-columns is-layout-flex wp-container-core-columns-is-layout-1 wp-block-columns-is-layout-flex\">\n<div class=\"wp-block-column is-layout-flow wp-block-column-is-layout-flow\">\n<figure class=\"wp-block-image size-full is-style-default skip-lazy\"><img decoding=\"async\" width=\"600\" height=\"400\" src=\"https:\/\/cliniccenter.co.uk\/wp-content\/uploads\/2024\/01\/London-Office-and-Consultation.jpg\" alt=\"\" class=\"wp-image-49786\" srcset=\"https:\/\/cliniccenter.co.uk\/wp-content\/uploads\/2024\/01\/London-Office-and-Consultation.jpg 600w, https:\/\/cliniccenter.co.uk\/wp-content\/uploads\/2024\/01\/London-Office-and-Consultation-300x200.jpg 300w\" sizes=\"(max-width: 600px) 100vw, 600px\" \/><\/figure>\n\n\n\n<h2 class=\"wp-block-heading has-text-align-center\"><span class=\"ez-toc-section\" id=\"Londoner_Buero_und_Beratung\"><\/span>Londoner B\u00fcro und Beratung<span class=\"ez-toc-section-end\"><\/span><\/h2>\n\n\n\n<p class=\"has-text-align-center\">Clinic Center bietet Patienten die besten und kostenlosen Beratungsdienste in unserem B\u00fcro im Zentrum von London. W\u00e4hrend Ihrer Beratung bewerten unsere erfahrenen medizinischen Berater Ihren Zustand und erstellen einen individuellen Behandlungsplan. So erhalten die Patienten Antworten auf alle Fragen zu ihrer Behandlung und k\u00f6nnen sich von Anfang an auf ihre medizinische Reise konzentrieren. Clinic Center bietet auch Videoberatung f\u00fcr Patienten auf der ganzen Welt an, die nicht die M\u00f6glichkeit haben, unser Londoner B\u00fcro zu besuchen. Als Teil unserer umfassenden Patientenerfahrung haben Sie die M\u00f6glichkeit, Nachsorgedienste sowohl online als auch in Gro\u00dfbritannien in Anspruch zu nehmen. Wir warten auf Ihren Besuch in unserem Londoner B\u00fcro, um alle Ihre Fragen zu beantworten und Ihren individuellen Behandlungsplan zu erstellen.<\/p>\n\n\n\n<div class=\"wp-block-button has-text-align-center\"><a class=\"wp-block-button__link\" href=\"https:\/\/cliniccenter.co.uk\/de\/nachsorge-service\/\">Mehr Lesen<\/a><br><br><\/div>\n<\/div>\n\n\n\n<div class=\"wp-block-column is-layout-flow wp-block-column-is-layout-flow\">\n<figure class=\"wp-block-image size-full is-style-default skip-lazy\"><img decoding=\"async\" width=\"600\" height=\"400\" src=\"https:\/\/cliniccenter.co.uk\/wp-content\/uploads\/2024\/04\/die-einzige-Klinik-im-Vereinigten-Koenigreich-die-KOSTENLOSE-Nachsorgedienste-anbietet.jpg\" alt=\"\" class=\"wp-image-51283\" srcset=\"https:\/\/cliniccenter.co.uk\/wp-content\/uploads\/2024\/04\/die-einzige-Klinik-im-Vereinigten-Koenigreich-die-KOSTENLOSE-Nachsorgedienste-anbietet.jpg 600w, https:\/\/cliniccenter.co.uk\/wp-content\/uploads\/2024\/04\/die-einzige-Klinik-im-Vereinigten-Koenigreich-die-KOSTENLOSE-Nachsorgedienste-anbietet-300x200.jpg 300w\" sizes=\"(max-width: 600px) 100vw, 600px\" \/><\/figure>\n\n\n\n<h2 class=\"wp-block-heading has-text-align-center\"><span class=\"ez-toc-section\" id=\"Clinic_Center_Nachsorgeservice\"><\/span>Clinic Center Nachsorgeservice<span class=\"ez-toc-section-end\"><\/span><\/h2>\n\n\n\n<p class=\"has-text-align-center\">Clinic Center ist das einzige Gesundheitsunternehmen in Gro\u00dfbritannien, das Patienten kostenlose Nachsorgeleistungen anbietet. Wir unterst\u00fctzen unsere Patienten auch nach der Behandlung, bis ihr Heilungsprozess abgeschlossen ist, damit sie eine zufriedenstellende medizinische Rundum-Erfahrung machen k\u00f6nnen. Die Mitglieder unseres Nachsorgeteams sind w\u00e4hrend der postoperativen Phase des Patienten rund um die Uhr telefonisch oder online erreichbar. Unser Team beantwortet alle Fragen so schnell wie m\u00f6glich. Alle Patienten von Clinic Center k\u00f6nnen diesen Service kostenlos in Anspruch nehmen. Die Termine werden von unserem Nachsorgeteam je nach Wunsch und Standort des jeweiligen Patienten organisiert, um unseren Patienten einen einfachen Zugang zu gew\u00e4hrleisten. Patienten m\u00fcssen nicht warten, um einen Kontrolltermin zu buchen, auch wenn dieser kostenlos ist. Unser Nachsorgeteam wird die Termine wie gew\u00fcnscht innerhalb weniger Tage vereinbaren.<\/p><div id=\"ez-toc-container\" class=\"ez-toc-v2_0_80 counter-hierarchy ez-toc-counter ez-toc-grey ez-toc-container-direction\">\n<div class=\"ez-toc-title-container\">\n<p class=\"ez-toc-title\" style=\"cursor:inherit\">Table of Contents<\/p>\n<span class=\"ez-toc-title-toggle\"><a href=\"#\" class=\"ez-toc-pull-right ez-toc-btn ez-toc-btn-xs ez-toc-btn-default ez-toc-toggle\" aria-label=\"Toggle Table of Content\"><span class=\"ez-toc-js-icon-con\"><span class=\"\"><span class=\"eztoc-hide\" style=\"display:none;\">Toggle<\/span><span class=\"ez-toc-icon-toggle-span\"><svg style=\"fill: #999;color:#999\" xmlns=\"http:\/\/www.w3.org\/2000\/svg\" class=\"list-377408\" width=\"20px\" height=\"20px\" viewBox=\"0 0 24 24\" fill=\"none\"><path d=\"M6 6H4v2h2V6zm14 0H8v2h12V6zM4 11h2v2H4v-2zm16 0H8v2h12v-2zM4 16h2v2H4v-2zm16 0H8v2h12v-2z\" fill=\"currentColor\"><\/path><\/svg><svg style=\"fill: #999;color:#999\" class=\"arrow-unsorted-368013\" xmlns=\"http:\/\/www.w3.org\/2000\/svg\" width=\"10px\" height=\"10px\" viewBox=\"0 0 24 24\" version=\"1.2\" baseProfile=\"tiny\"><path d=\"M18.2 9.3l-6.2-6.3-6.2 6.3c-.2.2-.3.4-.3.7s.1.5.3.7c.2.2.4.3.7.3h11c.3 0 .5-.1.7-.3.2-.2.3-.5.3-.7s-.1-.5-.3-.7zM5.8 14.7l6.2 6.3 6.2-6.3c.2-.2.3-.5.3-.7s-.1-.5-.3-.7c-.2-.2-.4-.3-.7-.3h-11c-.3 0-.5.1-.7.3-.2.2-.3.5-.3.7s.1.5.3.7z\"\/><\/svg><\/span><\/span><\/span><\/a><\/span><\/div>\n<nav><ul class='ez-toc-list ez-toc-list-level-1 ' ><li class='ez-toc-page-1 ez-toc-heading-level-2'><a class=\"ez-toc-link ez-toc-heading-1\" href=\"https:\/\/cliniccenter.co.uk\/de\/dienstleistungen\/#Londoner_Buero_und_Beratung\" >Londoner B\u00fcro und Beratung<\/a><\/li><li class='ez-toc-page-1 ez-toc-heading-level-2'><a class=\"ez-toc-link ez-toc-heading-2\" href=\"https:\/\/cliniccenter.co.uk\/de\/dienstleistungen\/#Clinic_Center_Nachsorgeservice\" >Clinic Center Nachsorgeservice<\/a><\/li><li class='ez-toc-page-1 ez-toc-heading-level-2'><a class=\"ez-toc-link ez-toc-heading-3\" href=\"https:\/\/cliniccenter.co.uk\/de\/dienstleistungen\/#Medizinische_Reiseschutzversicherung\" >Medizinische Reiseschutzversicherung<\/a><\/li><\/ul><\/nav><\/div>\n\n\n\n\n<div class=\"wp-block-button has-text-align-center\"><a class=\"wp-block-button__link\" href=\"https:\/\/cliniccenter.co.uk\/de\/london-buro-und-beratung\/\">Mehr Lesen<\/a><br><br><\/div>\n<\/div>\n<\/div>\n\n\n\n<div class=\"wp-block-columns is-layout-flex wp-container-core-columns-is-layout-2 wp-block-columns-is-layout-flex\"><\/div>\n\n\n\n<div class=\"wp-block-group is-layout-constrained wp-block-group-is-layout-constrained\"><div class=\"wp-block-group__inner-container\">\n<div class=\"wp-block-columns is-layout-flex wp-container-core-columns-is-layout-3 wp-block-columns-is-layout-flex\">\n<div class=\"wp-block-column is-layout-flow wp-block-column-is-layout-flow\">\n<figure class=\"wp-block-image size-full\"><img decoding=\"async\" width=\"600\" height=\"400\" src=\"https:\/\/cliniccenter.co.uk\/wp-content\/uploads\/2024\/01\/Medical-Travel-Shield-Insurance.jpg\" alt=\"\" class=\"wp-image-49796\" srcset=\"https:\/\/cliniccenter.co.uk\/wp-content\/uploads\/2024\/01\/Medical-Travel-Shield-Insurance.jpg 600w, https:\/\/cliniccenter.co.uk\/wp-content\/uploads\/2024\/01\/Medical-Travel-Shield-Insurance-300x200.jpg 300w\" sizes=\"(max-width: 600px) 100vw, 600px\" \/><\/figure>\n\n\n\n<h2 class=\"wp-block-heading has-text-align-center\"><span class=\"ez-toc-section\" id=\"Medizinische_Reiseschutzversicherung\"><\/span>Medizinische Reiseschutzversicherung<span class=\"ez-toc-section-end\"><\/span><\/h2>\n\n\n\n<p class=\"has-text-align-center\">Clinic Center arbeitet mit Medical Travel Shield zusammen, um unseren Patienten die besten Versicherungsleistungen zu bieten, die ihr Eigentum und ihr Wohlbefinden w\u00e4hrend ihrer medizinischen Urlaubsreise in die T\u00fcrkei sch\u00fctzen. Medizinische Kosten, die anfallen, wenn w\u00e4hrend des geplanten Eingriffs eine lebensbedrohliche Komplikation auftritt, Reiseverz\u00f6gerung, Personenschaden, Krankenhausleistungen, Reise- und Unterkunftskosten, die \u00fcber die normale Genesungszeit hinausgehen, zus\u00e4tzliche R\u00fcckreise innerhalb von 12 Monaten nach der urspr\u00fcnglichen Behandlung, wenn eine versicherte Person zur\u00fcckkehrt, um sich einer medizinisch notwendigen Korrekturbehandlung zu unterziehen.<\/p>\n\n\n\n<div class=\"wp-block-button has-text-align-center\"><a class=\"wp-block-button__link\" href=\"https:\/\/cliniccenter.co.uk\/de\/medizinischer-reiseschutz\/\">Mehr Lesen<\/a><br><br><\/div>\n<\/div>\n\n\n\n<div class=\"wp-block-column is-layout-flow wp-block-column-is-layout-flow\"><\/div>\n<\/div>\n<\/div><\/div>\n<\/div><\/div>\n<\/p>","protected":false},"excerpt":{"rendered":"<p>Londoner B\u00fcro und Beratung Clinic Center bietet Patienten die besten und kostenlosen Beratungsdienste in unserem B\u00fcro im Zentrum von London. W\u00e4hrend Ihrer Beratung bewerten unsere erfahrenen medizinischen Berater Ihren Zustand und erstellen einen individuellen Behandlungsplan. So erhalten die Patienten Antworten auf alle Fragen zu ihrer Behandlung und k\u00f6nnen sich von Anfang an auf ihre medizinische [&hellip;]<\/p>\n","protected":false},"author":16,"featured_media":0,"parent":0,"menu_order":0,"comment_status":"closed","ping_status":"closed","template":"","meta":{"_uag_custom_page_level_css":"","_lmt_disableupdate":"","_lmt_disable":"","site-sidebar-layout":"default","site-content-layout":"","ast-site-content-layout":"default","site-content-style":"default","site-sidebar-style":"default","ast-global-header-display":"","ast-banner-title-visibility":"","ast-main-header-display":"","ast-hfb-above-header-display":"","ast-hfb-below-header-display":"","ast-hfb-mobile-header-display":"","site-post-title":"","ast-breadcrumbs-content":"","ast-featured-img":"","footer-sml-layout":"","theme-transparent-header-meta":"","adv-header-id-meta":"","stick-header-meta":"","header-above-stick-meta":"","header-main-stick-meta":"","header-below-stick-meta":"","astra-migrate-meta-layouts":"set","ast-page-background-enabled":"default","ast-page-background-meta":{"desktop":{"background-color":"","background-image":"","background-repeat":"repeat","background-position":"center center","background-size":"auto","background-attachment":"scroll","background-type":"","background-media":"","overlay-type":"","overlay-color":"","overlay-opacity":"","overlay-gradient":""},"tablet":{"background-color":"","background-image":"","background-repeat":"repeat","background-position":"center center","background-size":"auto","background-attachment":"scroll","background-type":"","background-media":"","overlay-type":"","overlay-color":"","overlay-opacity":"","overlay-gradient":""},"mobile":{"background-color":"","background-image":"","background-repeat":"repeat","background-position":"center center","background-size":"auto","background-attachment":"scroll","background-type":"","background-media":"","overlay-type":"","overlay-color":"","overlay-opacity":"","overlay-gradient":""}},"ast-content-background-meta":{"desktop":{"background-color":"var(--ast-global-color-5)","background-image":"","background-repeat":"repeat","background-position":"center center","background-size":"auto","background-attachment":"scroll","background-type":"","background-media":"","overlay-type":"","overlay-color":"","overlay-opacity":"","overlay-gradient":""},"tablet":{"background-color":"var(--ast-global-color-5)","background-image":"","background-repeat":"repeat","background-position":"center center","background-size":"auto","background-attachment":"scroll","background-type":"","background-media":"","overlay-type":"","overlay-color":"","overlay-opacity":"","overlay-gradient":""},"mobile":{"background-color":"var(--ast-global-color-5)","background-image":"","background-repeat":"repeat","background-position":"center center","background-size":"auto","background-attachment":"scroll","background-type":"","background-media":"","overlay-type":"","overlay-color":"","overlay-opacity":"","overlay-gradient":""}},"footnotes":""},"class_list":["post-55469","page","type-page","status-publish","hentry"],"yoast_head":"<!-- This site is optimized with the Yoast SEO plugin v25.3.1 - https:\/\/yoast.com\/wordpress\/plugins\/seo\/ -->\n<title>Dienstleistungen von Clinic Center<\/title>\n<meta name=\"description\" content=\"Clinic Center bietet Patienten die besten und kostenlosen Beratungsdienste in unserem B\u00fcro im Zentrum von London.\" \/>\n<meta name=\"robots\" content=\"index, follow, max-snippet:-1, max-image-preview:large, max-video-preview:-1\" \/>\n<link rel=\"canonical\" href=\"https:\/\/cliniccenter.co.uk\/de\/dienstleistungen\/\" \/>\n<meta property=\"og:locale\" content=\"de_DE\" \/>\n<meta property=\"og:type\" content=\"article\" \/>\n<meta property=\"og:title\" content=\"Dienstleistungen von Clinic Center\" \/>\n<meta property=\"og:description\" content=\"Clinic Center bietet Patienten die besten und kostenlosen Beratungsdienste in unserem B\u00fcro im Zentrum von London.\" \/>\n<meta property=\"og:url\" content=\"https:\/\/cliniccenter.co.uk\/de\/dienstleistungen\/\" \/>\n<meta property=\"article:publisher\" content=\"https:\/\/www.facebook.com\/cliniccenter.co.uk\/\" \/>\n<meta property=\"article:modified_time\" content=\"2025-09-10T06:35:19+00:00\" \/>\n<meta property=\"og:image\" content=\"https:\/\/cliniccenter.co.uk\/wp-content\/uploads\/2024\/01\/London-Office-and-Consultation.jpg\" \/>\n<meta name=\"twitter:card\" content=\"summary_large_image\" \/>\n<meta name=\"twitter:site\" content=\"@cliniccenteruk\" \/>\n<meta name=\"twitter:label1\" content=\"Gesch\u00e4tzte Lesezeit\" \/>\n\t<meta name=\"twitter:data1\" content=\"3\u00a0Minuten\" \/>\n<!-- \/ Yoast SEO plugin. -->","yoast_head_json":{"title":"Dienstleistungen von Clinic Center","description":"Clinic Center bietet Patienten die besten und kostenlosen Beratungsdienste in unserem B\u00fcro im Zentrum von London.","robots":{"index":"index","follow":"follow","max-snippet":"max-snippet:-1","max-image-preview":"max-image-preview:large","max-video-preview":"max-video-preview:-1"},"canonical":"https:\/\/cliniccenter.co.uk\/de\/dienstleistungen\/","og_locale":"de_DE","og_type":"article","og_title":"Dienstleistungen von Clinic Center","og_description":"Clinic Center bietet Patienten die besten und kostenlosen Beratungsdienste in unserem B\u00fcro im Zentrum von London.","og_url":"https:\/\/cliniccenter.co.uk\/de\/dienstleistungen\/","article_publisher":"https:\/\/www.facebook.com\/cliniccenter.co.uk\/","article_modified_time":"2025-09-10T06:35:19+00:00","og_image":[{"url":"https:\/\/cliniccenter.co.uk\/wp-content\/uploads\/2024\/01\/London-Office-and-Consultation.jpg","type":"","width":"","height":""}],"twitter_card":"summary_large_image","twitter_site":"@cliniccenteruk","twitter_misc":{"Gesch\u00e4tzte Lesezeit":"3\u00a0Minuten"},"schema":{"@context":"https:\/\/schema.org","@graph":[{"@type":"WebPage","@id":"https:\/\/cliniccenter.co.uk\/de\/dienstleistungen\/","url":"https:\/\/cliniccenter.co.uk\/de\/dienstleistungen\/","name":"Dienstleistungen von Clinic Center","isPartOf":{"@id":"https:\/\/cliniccenter.co.uk\/ro\/#website"},"primaryImageOfPage":{"@id":"https:\/\/cliniccenter.co.uk\/de\/dienstleistungen\/#primaryimage"},"image":{"@id":"https:\/\/cliniccenter.co.uk\/de\/dienstleistungen\/#primaryimage"},"thumbnailUrl":"https:\/\/cliniccenter.co.uk\/wp-content\/uploads\/2024\/01\/London-Office-and-Consultation.jpg","datePublished":"2024-05-29T07:37:12+00:00","dateModified":"2025-09-10T06:35:19+00:00","description":"Clinic Center bietet Patienten die besten und kostenlosen Beratungsdienste in unserem B\u00fcro im Zentrum von London.","breadcrumb":{"@id":"https:\/\/cliniccenter.co.uk\/de\/dienstleistungen\/#breadcrumb"},"inLanguage":"de","potentialAction":[{"@type":"ReadAction","target":["https:\/\/cliniccenter.co.uk\/de\/dienstleistungen\/"]}]},{"@type":"ImageObject","inLanguage":"de","@id":"https:\/\/cliniccenter.co.uk\/de\/dienstleistungen\/#primaryimage","url":"https:\/\/cliniccenter.co.uk\/wp-content\/uploads\/2024\/01\/London-Office-and-Consultation.jpg","contentUrl":"https:\/\/cliniccenter.co.uk\/wp-content\/uploads\/2024\/01\/London-Office-and-Consultation.jpg"},{"@type":"BreadcrumbList","@id":"https:\/\/cliniccenter.co.uk\/de\/dienstleistungen\/#breadcrumb","itemListElement":[{"@type":"ListItem","position":1,"name":"Home","item":"https:\/\/cliniccenter.co.uk\/de\/"},{"@type":"ListItem","position":2,"name":"Dienstleistungen in Gro\u00dfbritannien"}]},{"@type":"WebSite","@id":"https:\/\/cliniccenter.co.uk\/ro\/#website","url":"https:\/\/cliniccenter.co.uk\/ro\/","name":"","description":"","potentialAction":[{"@type":"SearchAction","target":{"@type":"EntryPoint","urlTemplate":"https:\/\/cliniccenter.co.uk\/ro\/?s={search_term_string}"},"query-input":{"@type":"PropertyValueSpecification","valueRequired":true,"valueName":"search_term_string"}}],"inLanguage":"de"}]}},"uagb_featured_image_src":{"full":false,"thumbnail":false,"medium":false,"medium_large":false,"large":false,"1536x1536":false,"2048x2048":false},"uagb_author_info":{"display_name":"Ezgi Y\u0131ld\u0131z","author_link":"https:\/\/cliniccenter.co.uk\/de\/blog\/author\/ezgiyildiz\/"},"uagb_comment_info":0,"uagb_excerpt":"Londoner B\u00fcro und Beratung Clinic Center bietet Patienten die besten und kostenlosen Beratungsdienste in unserem B\u00fcro im Zentrum von London. W\u00e4hrend Ihrer Beratung bewerten unsere erfahrenen medizinischen Berater Ihren Zustand und erstellen einen individuellen Behandlungsplan. So erhalten die Patienten Antworten auf alle Fragen zu ihrer Behandlung und k\u00f6nnen sich von Anfang an auf ihre medizinische&hellip;","_links":{"self":[{"href":"https:\/\/cliniccenter.co.uk\/de\/wp-json\/wp\/v2\/pages\/55469"}],"collection":[{"href":"https:\/\/cliniccenter.co.uk\/de\/wp-json\/wp\/v2\/pages"}],"about":[{"href":"https:\/\/cliniccenter.co.uk\/de\/wp-json\/wp\/v2\/types\/page"}],"author":[{"embeddable":true,"href":"https:\/\/cliniccenter.co.uk\/de\/wp-json\/wp\/v2\/users\/16"}],"replies":[{"embeddable":true,"href":"https:\/\/cliniccenter.co.uk\/de\/wp-json\/wp\/v2\/comments?post=55469"}],"version-history":[{"count":14,"href":"https:\/\/cliniccenter.co.uk\/de\/wp-json\/wp\/v2\/pages\/55469\/revisions"}],"predecessor-version":[{"id":61096,"href":"https:\/\/cliniccenter.co.uk\/de\/wp-json\/wp\/v2\/pages\/55469\/revisions\/61096"}],"wp:attachment":[{"href":"https:\/\/cliniccenter.co.uk\/de\/wp-json\/wp\/v2\/media?parent=55469"}],"curies":[{"name":"wp","href":"https:\/\/api.w.org\/{rel}","templated":true}]}}