{"id":16972,"date":"2015-07-20T12:03:31","date_gmt":"2015-07-20T12:03:31","guid":{"rendered":"https:\/\/cliniccenter.co.uk\/about-us\/"},"modified":"2024-02-08T07:35:11","modified_gmt":"2024-02-08T07:35:11","slug":"acerca-de","status":"publish","type":"page","link":"https:\/\/cliniccenter.co.uk\/es\/acerca-de\/","title":{"rendered":"Acerca de nosotros"},"content":{"rendered":"\n<div class=\"wp-block-columns is-layout-flex wp-container-core-columns-is-layout-1 wp-block-columns-is-layout-flex\">\n<div class=\"wp-block-column is-layout-flow wp-block-column-is-layout-flow\" style=\"flex-basis:66.66%\">\n<p>Trasplante capilar, cirug\u00eda pl\u00e1stica y odontolog\u00eda cosm\u00e9tica son realizados de manera moderna, certera y eficiente por talentosos doctores acreditados internacionalmente combinando la m\u00e1s alta tecnolog\u00eda y m\u00e9todos quir\u00farjicos avanzados a precios accesibes en Turqu\u00eda. Miles de pacientes de Reino Unido, Irlada, Alemania, Italia, Estados Unidos de Am\u00e9rica, Canad\u00e1, Australia, Nueva Zelanda, Medio Oriente, \u00c1frica y muchos otros pa\u00edses han sido tratados por profesinales con la asistencia de Clinic Center.<\/p>\n\n\n\n<p>El equipo de Clinic Center esta incorporado por los cirujanos especialistas m\u00e1s reconocidos y mejor capacitados. Nuestro proposito es brindar asistencia proveyendo servicios de alta calidad con precios competitivamente accesibles, realizados por un equipo medico calificado, en hospitales modernos y con tecnolog\u00eda de punta que garantizar\u00e1 los mejores resultados para todos los pacientes. Todos los tratamientos estan realizados en hospitales acreditados internacionamente. Todo el equipo usado: doctores, enfermeras, personal, y en general las condiciones del hospital y procesos son inspeccionados y autorizados por cuerpos medicos internacionales y el Ministerio de Salud de Turqu\u00eda.<\/p>\n\n\n\n<p>Siendo galardonados como \u201cBest Customer Service\u201d (El Mejor Servicio al Cliente) por WhatClinic.com, el Servicio a Pacientes de Clinic Center trabaja 24\/7, proveyendo asi la mas alta calidad en los tratamientos. Empezando por la consulta, todos los pasos son monitoreados y asistidos por nuestro equipo profesional. Cada miembro de nuestro equipo invierte tiempo en guiar a nuestros pacientes en cada paso del proceso. Una vez realizados los tratamientos en Turqu\u00eda, nos mantenemos en contacto con los pacientes y los asistemos para brindarles seguimiento. El equipo de Clinic Center esta orientado a servir al paciente para asegurar la m\u00e1s alta calidad en el servicio y hacerlos sentirse como en casa mientras se les ayuda a lograr la imagen que desean.<\/p>\n\n\n\n<p>Clinic Center es un establecimiento de Saglik Seyahat Saglik Turizmi y Danismanligi Ltd. Sti.<\/p>\n<\/div>\n\n\n\n<div class=\"wp-block-column is-layout-flow wp-block-column-is-layout-flow\" style=\"flex-basis:33.33%\">\n<figure class=\"wp-block-image alignright size-full is-resized is-style-default  skip-lazy\"><img decoding=\"async\" width=\"350\" height=\"411\" src=\"https:\/\/cliniccenter.co.uk\/wp-content\/uploads\/2023\/11\/clinic-center-image-1-1.webp\" alt=\"\" class=\"wp-image-48041   skip-lazy\" srcset=\"https:\/\/cliniccenter.co.uk\/wp-content\/uploads\/2023\/11\/clinic-center-image-1-1.webp 350w, https:\/\/cliniccenter.co.uk\/wp-content\/uploads\/2023\/11\/clinic-center-image-1-1-255x300.webp 255w\" sizes=\"(max-width: 350px) 100vw, 350px\" \/><\/figure>\n<\/div>\n<\/div>\n\n\n\n<div class=\"wp-block-columns is-layout-flex wp-container-core-columns-is-layout-2 wp-block-columns-is-layout-flex\">\n<div class=\"wp-block-column is-layout-flow wp-block-column-is-layout-flow\" style=\"flex-basis:25%\"><\/div>\n\n\n\n<div class=\"wp-block-column is-layout-flow wp-block-column-is-layout-flow\" style=\"flex-basis:50%\"><figure class=\"wp-block-embed is-type-video is-provider-youtube wp-block-embed-youtube wp-embed-aspect-16-9 wp-has-aspect-ratio\">\n<div class=\"wp-block-embed__wrapper\">\n<div class=\"ast-oembed-container \" style=\"height: 100%;\"><iframe title=\"Interview with CEO of Clinic Center I Dr. Alex George Visits Clinic Center I  Clinic Center Turkey\" width=\"500\" height=\"281\" src=\"https:\/\/www.youtube.com\/embed\/JX0EVNd37QM?feature=oembed\" frameborder=\"0\" allow=\"accelerometer; autoplay; clipboard-write; encrypted-media; gyroscope; picture-in-picture; web-share\" referrerpolicy=\"strict-origin-when-cross-origin\" allowfullscreen><\/iframe><\/div>\n<\/div>\n<\/figure>\n<\/div>\n\n\n\n<div class=\"wp-block-column is-layout-flow wp-block-column-is-layout-flow\" style=\"flex-basis:25%\"><\/div>\n<\/div>\n\n\n\n<p><\/p>\n","protected":false},"excerpt":{"rendered":"<p>Trasplante capilar, cirug\u00eda pl\u00e1stica y odontolog\u00eda cosm\u00e9tica son realizados de manera moderna, certera y eficiente por talentosos doctores acreditados internacionalmente combinando la m\u00e1s alta tecnolog\u00eda y m\u00e9todos quir\u00farjicos avanzados a precios accesibes en Turqu\u00eda. Miles de pacientes de Reino Unido, Irlada, Alemania, Italia, Estados Unidos de Am\u00e9rica, Canad\u00e1, Australia, Nueva Zelanda, Medio Oriente, \u00c1frica y [&hellip;]<\/p>\n","protected":false},"author":2,"featured_media":0,"parent":0,"menu_order":0,"comment_status":"closed","ping_status":"closed","template":"","meta":{"_uag_custom_page_level_css":"","_lmt_disableupdate":"no","_lmt_disable":"","site-sidebar-layout":"default","site-content-layout":"default","ast-site-content-layout":"default","site-content-style":"default","site-sidebar-style":"default","ast-global-header-display":"","ast-banner-title-visibility":"","ast-main-header-display":"","ast-hfb-above-header-display":"","ast-hfb-below-header-display":"","ast-hfb-mobile-header-display":"","site-post-title":"","ast-breadcrumbs-content":"","ast-featured-img":"","footer-sml-layout":"","theme-transparent-header-meta":"default","adv-header-id-meta":"","stick-header-meta":"","header-above-stick-meta":"","header-main-stick-meta":"","header-below-stick-meta":"","astra-migrate-meta-layouts":"set","ast-page-background-enabled":"default","ast-page-background-meta":{"desktop":{"background-color":"","background-image":"","background-repeat":"repeat","background-position":"center center","background-size":"auto","background-attachment":"scroll","background-type":"","background-media":"","overlay-type":"","overlay-color":"","overlay-opacity":"","overlay-gradient":""},"tablet":{"background-color":"","background-image":"","background-repeat":"repeat","background-position":"center center","background-size":"auto","background-attachment":"scroll","background-type":"","background-media":"","overlay-type":"","overlay-color":"","overlay-opacity":"","overlay-gradient":""},"mobile":{"background-color":"","background-image":"","background-repeat":"repeat","background-position":"center center","background-size":"auto","background-attachment":"scroll","background-type":"","background-media":"","overlay-type":"","overlay-color":"","overlay-opacity":"","overlay-gradient":""}},"ast-content-background-meta":{"desktop":{"background-color":"var(--ast-global-color-5)","background-image":"","background-repeat":"repeat","background-position":"center center","background-size":"auto","background-attachment":"scroll","background-type":"","background-media":"","overlay-type":"","overlay-color":"","overlay-opacity":"","overlay-gradient":""},"tablet":{"background-color":"var(--ast-global-color-5)","background-image":"","background-repeat":"repeat","background-position":"center center","background-size":"auto","background-attachment":"scroll","background-type":"","background-media":"","overlay-type":"","overlay-color":"","overlay-opacity":"","overlay-gradient":""},"mobile":{"background-color":"var(--ast-global-color-5)","background-image":"","background-repeat":"repeat","background-position":"center center","background-size":"auto","background-attachment":"scroll","background-type":"","background-media":"","overlay-type":"","overlay-color":"","overlay-opacity":"","overlay-gradient":""}},"footnotes":""},"class_list":["post-16972","page","type-page","status-publish","hentry"],"yoast_head":"<!-- This site is optimized with the Yoast SEO plugin v25.3.1 - https:\/\/yoast.com\/wordpress\/plugins\/seo\/ -->\n<title>Acerca de nosotros | Clinic Center<\/title>\n<meta name=\"robots\" content=\"index, follow, max-snippet:-1, max-image-preview:large, max-video-preview:-1\" \/>\n<link rel=\"canonical\" href=\"https:\/\/cliniccenter.co.uk\/es\/acerca-de\/\" \/>\n<meta property=\"og:locale\" content=\"es_ES\" \/>\n<meta property=\"og:type\" content=\"article\" \/>\n<meta property=\"og:title\" content=\"Acerca de nosotros | Clinic Center\" \/>\n<meta property=\"og:description\" content=\"Trasplante capilar, cirug\u00eda pl\u00e1stica y odontolog\u00eda cosm\u00e9tica son realizados de manera moderna, certera y eficiente por talentosos doctores acreditados internacionalmente combinando la m\u00e1s alta tecnolog\u00eda y m\u00e9todos quir\u00farjicos avanzados a precios accesibes en Turqu\u00eda. Miles de pacientes de Reino Unido, Irlada, Alemania, Italia, Estados Unidos de Am\u00e9rica, Canad\u00e1, Australia, Nueva Zelanda, Medio Oriente, \u00c1frica y [&hellip;]\" \/>\n<meta property=\"og:url\" content=\"https:\/\/cliniccenter.co.uk\/es\/acerca-de\/\" \/>\n<meta property=\"article:publisher\" content=\"https:\/\/www.facebook.com\/cliniccenter.co.uk\/\" \/>\n<meta property=\"article:modified_time\" content=\"2024-02-08T07:35:11+00:00\" \/>\n<meta property=\"og:image\" content=\"https:\/\/cliniccenter.co.uk\/wp-content\/uploads\/2023\/11\/clinic-center-image-1-1.webp\" \/>\n<meta name=\"twitter:card\" content=\"summary_large_image\" \/>\n<meta name=\"twitter:site\" content=\"@cliniccenteruk\" \/>\n<meta name=\"twitter:label1\" content=\"Tiempo de lectura\" \/>\n\t<meta name=\"twitter:data1\" content=\"2 minutos\" \/>\n<!-- \/ Yoast SEO plugin. -->","yoast_head_json":{"title":"Acerca de nosotros | Clinic Center","robots":{"index":"index","follow":"follow","max-snippet":"max-snippet:-1","max-image-preview":"max-image-preview:large","max-video-preview":"max-video-preview:-1"},"canonical":"https:\/\/cliniccenter.co.uk\/es\/acerca-de\/","og_locale":"es_ES","og_type":"article","og_title":"Acerca de nosotros | Clinic Center","og_description":"Trasplante capilar, cirug\u00eda pl\u00e1stica y odontolog\u00eda cosm\u00e9tica son realizados de manera moderna, certera y eficiente por talentosos doctores acreditados internacionalmente combinando la m\u00e1s alta tecnolog\u00eda y m\u00e9todos quir\u00farjicos avanzados a precios accesibes en Turqu\u00eda. Miles de pacientes de Reino Unido, Irlada, Alemania, Italia, Estados Unidos de Am\u00e9rica, Canad\u00e1, Australia, Nueva Zelanda, Medio Oriente, \u00c1frica y [&hellip;]","og_url":"https:\/\/cliniccenter.co.uk\/es\/acerca-de\/","article_publisher":"https:\/\/www.facebook.com\/cliniccenter.co.uk\/","article_modified_time":"2024-02-08T07:35:11+00:00","og_image":[{"url":"https:\/\/cliniccenter.co.uk\/wp-content\/uploads\/2023\/11\/clinic-center-image-1-1.webp","type":"","width":"","height":""}],"twitter_card":"summary_large_image","twitter_site":"@cliniccenteruk","twitter_misc":{"Tiempo de lectura":"2 minutos"},"schema":{"@context":"https:\/\/schema.org","@graph":[{"@type":"WebPage","@id":"https:\/\/cliniccenter.co.uk\/es\/acerca-de\/","url":"https:\/\/cliniccenter.co.uk\/es\/acerca-de\/","name":"Acerca de nosotros | Clinic Center","isPartOf":{"@id":"https:\/\/cliniccenter.co.uk\/ro\/#website"},"primaryImageOfPage":{"@id":"https:\/\/cliniccenter.co.uk\/es\/acerca-de\/#primaryimage"},"image":{"@id":"https:\/\/cliniccenter.co.uk\/es\/acerca-de\/#primaryimage"},"thumbnailUrl":"https:\/\/cliniccenter.co.uk\/wp-content\/uploads\/2023\/11\/clinic-center-image-1-1.webp","datePublished":"2015-07-20T12:03:31+00:00","dateModified":"2024-02-08T07:35:11+00:00","breadcrumb":{"@id":"https:\/\/cliniccenter.co.uk\/es\/acerca-de\/#breadcrumb"},"inLanguage":"es","potentialAction":[{"@type":"ReadAction","target":["https:\/\/cliniccenter.co.uk\/es\/acerca-de\/"]}]},{"@type":"ImageObject","inLanguage":"es","@id":"https:\/\/cliniccenter.co.uk\/es\/acerca-de\/#primaryimage","url":"https:\/\/cliniccenter.co.uk\/wp-content\/uploads\/2023\/11\/clinic-center-image-1-1.webp","contentUrl":"https:\/\/cliniccenter.co.uk\/wp-content\/uploads\/2023\/11\/clinic-center-image-1-1.webp"},{"@type":"BreadcrumbList","@id":"https:\/\/cliniccenter.co.uk\/es\/acerca-de\/#breadcrumb","itemListElement":[{"@type":"ListItem","position":1,"name":"Home","item":"https:\/\/cliniccenter.co.uk\/es\/"},{"@type":"ListItem","position":2,"name":"Acerca de nosotros"}]},{"@type":"WebSite","@id":"https:\/\/cliniccenter.co.uk\/ro\/#website","url":"https:\/\/cliniccenter.co.uk\/ro\/","name":"","description":"","potentialAction":[{"@type":"SearchAction","target":{"@type":"EntryPoint","urlTemplate":"https:\/\/cliniccenter.co.uk\/ro\/?s={search_term_string}"},"query-input":{"@type":"PropertyValueSpecification","valueRequired":true,"valueName":"search_term_string"}}],"inLanguage":"es"}]}},"uagb_featured_image_src":{"full":false,"thumbnail":false,"medium":false,"medium_large":false,"large":false,"1536x1536":false,"2048x2048":false},"uagb_author_info":{"display_name":"Sertac Ceki","author_link":"https:\/\/cliniccenter.co.uk\/es\/blog\/author\/sertaccliniccenter-co-uk\/"},"uagb_comment_info":0,"uagb_excerpt":"Trasplante capilar, cirug\u00eda pl\u00e1stica y odontolog\u00eda cosm\u00e9tica son realizados de manera moderna, certera y eficiente por talentosos doctores acreditados internacionalmente combinando la m\u00e1s alta tecnolog\u00eda y m\u00e9todos quir\u00farjicos avanzados a precios accesibes en Turqu\u00eda. Miles de pacientes de Reino Unido, Irlada, Alemania, Italia, Estados Unidos de Am\u00e9rica, Canad\u00e1, Australia, Nueva Zelanda, Medio Oriente, \u00c1frica y&hellip;","_links":{"self":[{"href":"https:\/\/cliniccenter.co.uk\/es\/wp-json\/wp\/v2\/pages\/16972"}],"collection":[{"href":"https:\/\/cliniccenter.co.uk\/es\/wp-json\/wp\/v2\/pages"}],"about":[{"href":"https:\/\/cliniccenter.co.uk\/es\/wp-json\/wp\/v2\/types\/page"}],"author":[{"embeddable":true,"href":"https:\/\/cliniccenter.co.uk\/es\/wp-json\/wp\/v2\/users\/2"}],"replies":[{"embeddable":true,"href":"https:\/\/cliniccenter.co.uk\/es\/wp-json\/wp\/v2\/comments?post=16972"}],"version-history":[{"count":8,"href":"https:\/\/cliniccenter.co.uk\/es\/wp-json\/wp\/v2\/pages\/16972\/revisions"}],"predecessor-version":[{"id":50454,"href":"https:\/\/cliniccenter.co.uk\/es\/wp-json\/wp\/v2\/pages\/16972\/revisions\/50454"}],"wp:attachment":[{"href":"https:\/\/cliniccenter.co.uk\/es\/wp-json\/wp\/v2\/media?parent=16972"}],"curies":[{"name":"wp","href":"https:\/\/api.w.org\/{rel}","templated":true}]}}