{"id":16989,"date":"2018-01-12T12:58:03","date_gmt":"2018-01-12T12:58:03","guid":{"rendered":"https:\/\/cliniccenter.co.uk\/gallery\/"},"modified":"2025-05-23T09:09:30","modified_gmt":"2025-05-23T09:09:30","slug":"galeria","status":"publish","type":"page","link":"https:\/\/cliniccenter.co.uk\/es\/galeria\/","title":{"rendered":"Galeria"},"content":{"rendered":"\n<div class=\"wp-block-columns is-layout-flex wp-container-core-columns-is-layout-1 wp-block-columns-is-layout-flex\">\n<div class=\"wp-block-column is-layout-flow wp-block-column-is-layout-flow\">\n<h3 class=\"wp-block-heading\"><a href=\"https:\/\/cliniccenter.co.uk\/es\/trasplante-capilar-antes-y-despues\/\">Trasplante capilar Antes y Despu\u00e9s<\/a><\/h3>\n\n\n\n<figure class=\"wp-block-image size-full skip-lazy\"><img decoding=\"async\" width=\"800\" height=\"433\" src=\"https:\/\/cliniccenter.co.uk\/wp-content\/uploads\/2023\/11\/hair-transplant-picture-1-2.webp\" alt=\"\" class=\"wp-image-48195  skip-lazy\" srcset=\"https:\/\/cliniccenter.co.uk\/wp-content\/uploads\/2023\/11\/hair-transplant-picture-1-2.webp 800w, https:\/\/cliniccenter.co.uk\/wp-content\/uploads\/2023\/11\/hair-transplant-picture-1-2-300x162.webp 300w, https:\/\/cliniccenter.co.uk\/wp-content\/uploads\/2023\/11\/hair-transplant-picture-1-2-768x416.webp 768w\" sizes=\"(max-width: 800px) 100vw, 800px\" \/><\/figure>\n\n\n\n<p><a href=\"https:\/\/cliniccenter.co.uk\/es\/trasplante-capilar-en-turquia\/\">Trasplante Capilar en Turqu\u00eda<\/a><\/p>\n\n\n\n<p><a href=\"https:\/\/cliniccenter.co.uk\/es\/trasplante-de-barba-en-turquia\/\">Trasplante de Barba en Turqu\u00eda<\/a><\/p>\n<\/div>\n\n\n\n<div class=\"wp-block-column is-layout-flow wp-block-column-is-layout-flow\">\n<h3 class=\"wp-block-heading\"><a href=\"https:\/\/cliniccenter.co.uk\/es\/galeria-de-cirugias-de-senos-antes-y-despues\/\">Galer\u00eda de cirug\u00edas de senos antes y despu\u00e9s<\/a><\/h3>\n\n\n\n<figure class=\"wp-block-image size-large skip-lazy\"><img decoding=\"async\" width=\"1024\" height=\"577\" src=\"https:\/\/cliniccenter.co.uk\/wp-content\/uploads\/2023\/11\/breast-implants-1-1536x865-2-1024x577.webp\" alt=\"\" class=\"wp-image-48200\" srcset=\"https:\/\/cliniccenter.co.uk\/wp-content\/uploads\/2023\/11\/breast-implants-1-1536x865-2-1024x577.webp 1024w, https:\/\/cliniccenter.co.uk\/wp-content\/uploads\/2023\/11\/breast-implants-1-1536x865-2-300x169.webp 300w, https:\/\/cliniccenter.co.uk\/wp-content\/uploads\/2023\/11\/breast-implants-1-1536x865-2-768x433.webp 768w, https:\/\/cliniccenter.co.uk\/wp-content\/uploads\/2023\/11\/breast-implants-1-1536x865-2.webp 1536w\" sizes=\"(max-width: 1024px) 100vw, 1024px\" \/><\/figure>\n\n\n\n<p><a href=\"https:\/\/cliniccenter.co.uk\/es\/aumento-de-senos-en-turquia\/\">Aumento de Senos en Turqu\u00eda<\/a><\/p>\n\n\n\n<p><a href=\"https:\/\/cliniccenter.co.uk\/es\/levantamiento-de-senos-en-turquia-mastopexia\/\">Levantamiento De Senos En Turqu\u00eda<\/a><\/p>\n\n\n\n<p><a href=\"https:\/\/cliniccenter.co.uk\/es\/reduccion-de-senos-mammoplastia-en-turquia\/\">Reducci\u00f3n De Senos En Turqu\u00eda<\/a><\/p>\n<\/div>\n\n\n\n<div class=\"wp-block-column is-layout-flow wp-block-column-is-layout-flow\">\n<h3 class=\"wp-block-heading\"><a href=\"https:\/\/cliniccenter.co.uk\/es\/galeria-de-antes-y-despues-de-liposuccion-y-abdominoplastia\/\">Galer\u00eda de antes y despu\u00e9s de liposucci\u00f3n y abdominoplastia<\/a><\/h3>\n\n\n\n<figure class=\"wp-block-image size-full\"><img decoding=\"async\" width=\"1024\" height=\"640\" src=\"https:\/\/cliniccenter.co.uk\/wp-content\/uploads\/2023\/11\/liposuction-1-3.webp\" alt=\"\" class=\"wp-image-48206\" srcset=\"https:\/\/cliniccenter.co.uk\/wp-content\/uploads\/2023\/11\/liposuction-1-3.webp 1024w, https:\/\/cliniccenter.co.uk\/wp-content\/uploads\/2023\/11\/liposuction-1-3-300x188.webp 300w, https:\/\/cliniccenter.co.uk\/wp-content\/uploads\/2023\/11\/liposuction-1-3-768x480.webp 768w\" sizes=\"(max-width: 1024px) 100vw, 1024px\" \/><\/figure>\n\n\n\n<p><a href=\"https:\/\/cliniccenter.co.uk\/es\/liposuccion-en-turquia\/\">Eliminaci\u00f3n De Grasa Y Liposucci\u00f3n En Turqu\u00eda<\/a><\/p>\n\n\n\n<p><a href=\"https:\/\/cliniccenter.co.uk\/es\/abdominoplastia-en-turquia\/\">Abdominoplastia En Turqu\u00eda<\/a><\/p>\n\n\n\n<p><a href=\"https:\/\/cliniccenter.co.uk\/es\/ginecomastia-en-turquia\/\">Ginecomastia en Turqu\u00eda<\/a><\/p>\n<\/div>\n\n\n\n<div class=\"wp-block-column is-layout-flow wp-block-column-is-layout-flow\">\n<h3 class=\"wp-block-heading\"><a href=\"https:\/\/cliniccenter.co.uk\/es\/galeria-antes-y-despues-de-rinoplastia\/\">Galer\u00eda Antes Y Despues De Rinoplastia<\/a><\/h3>\n\n\n\n<figure class=\"wp-block-image size-large\"><a href=\"https:\/\/cliniccenter.co.uk\/es\/galeria-antes-y-despues-de-rinoplastia\/\"><img decoding=\"async\" width=\"900\" height=\"467\" src=\"https:\/\/cliniccenter.co.uk\/wp-content\/uploads\/2021\/08\/nose-surgery.jpeg\" alt=\"\" class=\"wp-image-10248\" srcset=\"https:\/\/cliniccenter.co.uk\/wp-content\/uploads\/2021\/08\/nose-surgery.jpeg 900w, https:\/\/cliniccenter.co.uk\/wp-content\/uploads\/2021\/08\/nose-surgery-300x156.jpeg 300w, https:\/\/cliniccenter.co.uk\/wp-content\/uploads\/2021\/08\/nose-surgery-768x399.jpeg 768w\" sizes=\"(max-width: 900px) 100vw, 900px\" \/><\/a><\/figure>\n\n\n\n<p><a href=\"https:\/\/cliniccenter.co.uk\/es\/rinoplastia-y-rino-septoplastia-en-turquia\/\">Rinoplastia Y Rino-Septoplastia En Turqu\u00eda<\/a><\/p>\n<\/div>\n<\/div>\n\n\n\n<div class=\"wp-block-columns is-layout-flex wp-container-core-columns-is-layout-2 wp-block-columns-is-layout-flex\">\n<div class=\"wp-block-column is-layout-flow wp-block-column-is-layout-flow\">\n<h3 class=\"wp-block-heading\"><a href=\"https:\/\/cliniccenter.co.uk\/es\/levantamiento-de-gluteos-antes-despues\/\">Levantamiento de Gl\u00fateos Antes Despu\u00e9s<\/a><\/h3>\n\n\n\n<figure class=\"wp-block-image size-large\"><a href=\"https:\/\/cliniccenter.co.uk\/es\/levantamiento-de-gluteos-antes-despues\/\"><img decoding=\"async\" width=\"1024\" height=\"640\" src=\"https:\/\/cliniccenter.co.uk\/wp-content\/uploads\/2018\/02\/bbl-1024x640.jpg\" alt=\"BBL Turkey, Buttocks Augmentation\" class=\"wp-image-2457\" srcset=\"https:\/\/cliniccenter.co.uk\/wp-content\/uploads\/2018\/02\/bbl.jpg 1024w, https:\/\/cliniccenter.co.uk\/wp-content\/uploads\/2018\/02\/bbl-300x188.jpg 300w, https:\/\/cliniccenter.co.uk\/wp-content\/uploads\/2018\/02\/bbl-768x480.jpg 768w, https:\/\/cliniccenter.co.uk\/wp-content\/uploads\/2018\/02\/bbl-700x438.jpg 700w\" sizes=\"(max-width: 1024px) 100vw, 1024px\" \/><\/a><\/figure>\n\n\n\n<p><a href=\"https:\/\/cliniccenter.co.uk\/es\/cirugia-bbl-en-turquia\/\">Cirug\u00eda BBL En Turqu\u00eda<\/a><\/p>\n<\/div>\n\n\n\n<div class=\"wp-block-column is-layout-flow wp-block-column-is-layout-flow\">\n<h3 class=\"wp-block-heading\"><a href=\"https:\/\/cliniccenter.co.uk\/es\/facelift-galeria-antes-y-despues\/\">Facelift Galer\u00eda Antes y Despu\u00e9s<\/a><\/h3>\n\n\n\n<figure class=\"wp-block-image size-large\"><a href=\"https:\/\/cliniccenter.co.uk\/es\/facelift-galeria-antes-y-despues\/\"><img decoding=\"async\" width=\"1024\" height=\"640\" src=\"https:\/\/cliniccenter.co.uk\/wp-content\/uploads\/2018\/02\/facelift-1024x640.jpg\" alt=\"Facelift Surgery Turkey\" class=\"wp-image-2458\" srcset=\"https:\/\/cliniccenter.co.uk\/wp-content\/uploads\/2018\/02\/facelift.jpg 1024w, https:\/\/cliniccenter.co.uk\/wp-content\/uploads\/2018\/02\/facelift-300x188.jpg 300w, https:\/\/cliniccenter.co.uk\/wp-content\/uploads\/2018\/02\/facelift-768x480.jpg 768w, https:\/\/cliniccenter.co.uk\/wp-content\/uploads\/2018\/02\/facelift-700x438.jpg 700w\" sizes=\"(max-width: 1024px) 100vw, 1024px\" \/><\/a><\/figure>\n\n\n\n<p><a href=\"https:\/\/cliniccenter.co.uk\/es\/estiramiento-facial-en-turquia\/\">Estiramiento Facial en Turqu\u00eda<\/a><\/p>\n\n\n\n<p><a href=\"https:\/\/cliniccenter.co.uk\/es\/eyelid-surgery-turkey\/\">Cirug\u00eda de P\u00e1rpados en Turqu\u00eda<\/a><\/p>\n<\/div>\n\n\n\n<div class=\"wp-block-column is-layout-flow wp-block-column-is-layout-flow\">\n<h3 class=\"wp-block-heading\"><a href=\"https:\/\/cliniccenter.co.uk\/es\/tratamientos-dentales-antes-y-despues\/\">Tratamientos Dentales Antes y Despues<\/a><\/h3>\n\n\n\n<figure class=\"wp-block-image size-large\"><a href=\"https:\/\/cliniccenter.co.uk\/es\/tratamientos-dentales-antes-y-despues\/\"><img decoding=\"async\" width=\"600\" height=\"369\" src=\"https:\/\/cliniccenter.co.uk\/wp-content\/uploads\/2018\/02\/dis_kucuk-1.jpg\" alt=\"Dental Treatments Abroad\" class=\"wp-image-2351\" srcset=\"https:\/\/cliniccenter.co.uk\/wp-content\/uploads\/2018\/02\/dis_kucuk-1.jpg 600w, https:\/\/cliniccenter.co.uk\/wp-content\/uploads\/2018\/02\/dis_kucuk-1-300x185.jpg 300w\" sizes=\"(max-width: 600px) 100vw, 600px\" \/><\/a><\/figure>\n\n\n\n<p><a href=\"https:\/\/cliniccenter.co.uk\/es\/coronas-dentales-en-turquia\/\">Coronas Dentales en Turqu\u00eda<\/a><\/p>\n\n\n\n<p><a href=\"https:\/\/cliniccenter.co.uk\/es\/dental-implants-in-turkey\/\">IMPLANTES DENTALES<\/a><\/p>\n\n\n\n<p><a href=\"https:\/\/cliniccenter.co.uk\/es\/carillas-de-porcelana-en-turquia\/\">Carillas de porcelana en Turqu\u00eda<\/a><\/p>\n<\/div>\n\n\n\n<div class=\"wp-block-column is-layout-flow wp-block-column-is-layout-flow\">\n<h3 class=\"wp-block-heading\"><a href=\"https:\/\/cliniccenter.co.uk\/es\/videos\/\">Videos de revisi\u00f3n de pacientes de Clinic Center<\/a><\/h3>\n\n\n\n<figure class=\"wp-block-image size-large\"><a href=\"https:\/\/cliniccenter.co.uk\/es\/videos\/\"><img decoding=\"async\" width=\"1024\" height=\"576\" src=\"https:\/\/cliniccenter.co.uk\/wp-content\/uploads\/2021\/08\/WhatsApp-Image-2021-08-10-at-15.44.57-1024x576.jpeg\" alt=\"\" class=\"wp-image-10255\" srcset=\"https:\/\/cliniccenter.co.uk\/wp-content\/uploads\/2021\/08\/WhatsApp-Image-2021-08-10-at-15.44.57-1024x576.jpeg 1024w, https:\/\/cliniccenter.co.uk\/wp-content\/uploads\/2021\/08\/WhatsApp-Image-2021-08-10-at-15.44.57-300x169.jpeg 300w, https:\/\/cliniccenter.co.uk\/wp-content\/uploads\/2021\/08\/WhatsApp-Image-2021-08-10-at-15.44.57-768x432.jpeg 768w, https:\/\/cliniccenter.co.uk\/wp-content\/uploads\/2021\/08\/WhatsApp-Image-2021-08-10-at-15.44.57.jpeg 1280w\" sizes=\"(max-width: 1024px) 100vw, 1024px\" \/><\/a><\/figure>\n\n\n\n<p><a href=\"https:\/\/cliniccenter.co.uk\/es\/videos\/\">>>Haga clic para ver videos<\/a><\/p>\n<\/div>\n<\/div>\n","protected":false},"excerpt":{"rendered":"<p>Trasplante capilar Antes y Despu\u00e9s Trasplante Capilar en Turqu\u00eda Trasplante de Barba en Turqu\u00eda Galer\u00eda de cirug\u00edas de senos antes y despu\u00e9s Aumento de Senos en Turqu\u00eda Levantamiento De Senos En Turqu\u00eda Reducci\u00f3n De Senos En Turqu\u00eda Galer\u00eda de antes y despu\u00e9s de liposucci\u00f3n y abdominoplastia Eliminaci\u00f3n De Grasa Y Liposucci\u00f3n En Turqu\u00eda Abdominoplastia En [&hellip;]<\/p>\n","protected":false},"author":2,"featured_media":0,"parent":0,"menu_order":0,"comment_status":"closed","ping_status":"closed","template":"","meta":{"_uag_custom_page_level_css":"","_lmt_disableupdate":"no","_lmt_disable":"","site-sidebar-layout":"default","site-content-layout":"default","ast-site-content-layout":"default","site-content-style":"default","site-sidebar-style":"default","ast-global-header-display":"","ast-banner-title-visibility":"","ast-main-header-display":"","ast-hfb-above-header-display":"","ast-hfb-below-header-display":"","ast-hfb-mobile-header-display":"","site-post-title":"","ast-breadcrumbs-content":"","ast-featured-img":"","footer-sml-layout":"","theme-transparent-header-meta":"default","adv-header-id-meta":"","stick-header-meta":"","header-above-stick-meta":"","header-main-stick-meta":"","header-below-stick-meta":"","astra-migrate-meta-layouts":"set","ast-page-background-enabled":"default","ast-page-background-meta":{"desktop":{"background-color":"","background-image":"","background-repeat":"repeat","background-position":"center center","background-size":"auto","background-attachment":"scroll","background-type":"","background-media":"","overlay-type":"","overlay-color":"","overlay-opacity":"","overlay-gradient":""},"tablet":{"background-color":"","background-image":"","background-repeat":"repeat","background-position":"center center","background-size":"auto","background-attachment":"scroll","background-type":"","background-media":"","overlay-type":"","overlay-color":"","overlay-opacity":"","overlay-gradient":""},"mobile":{"background-color":"","background-image":"","background-repeat":"repeat","background-position":"center center","background-size":"auto","background-attachment":"scroll","background-type":"","background-media":"","overlay-type":"","overlay-color":"","overlay-opacity":"","overlay-gradient":""}},"ast-content-background-meta":{"desktop":{"background-color":"var(--ast-global-color-5)","background-image":"","background-repeat":"repeat","background-position":"center center","background-size":"auto","background-attachment":"scroll","background-type":"","background-media":"","overlay-type":"","overlay-color":"","overlay-opacity":"","overlay-gradient":""},"tablet":{"background-color":"var(--ast-global-color-5)","background-image":"","background-repeat":"repeat","background-position":"center center","background-size":"auto","background-attachment":"scroll","background-type":"","background-media":"","overlay-type":"","overlay-color":"","overlay-opacity":"","overlay-gradient":""},"mobile":{"background-color":"var(--ast-global-color-5)","background-image":"","background-repeat":"repeat","background-position":"center center","background-size":"auto","background-attachment":"scroll","background-type":"","background-media":"","overlay-type":"","overlay-color":"","overlay-opacity":"","overlay-gradient":""}},"footnotes":""},"class_list":["post-16989","page","type-page","status-publish","hentry"],"yoast_head":"<!-- This site is optimized with the Yoast SEO plugin v25.3.1 - https:\/\/yoast.com\/wordpress\/plugins\/seo\/ -->\n<title>Galeria | Clinic Center<\/title>\n<meta name=\"robots\" content=\"index, follow, max-snippet:-1, max-image-preview:large, max-video-preview:-1\" \/>\n<link rel=\"canonical\" href=\"https:\/\/cliniccenter.co.uk\/es\/galeria\/\" \/>\n<meta property=\"og:locale\" content=\"es_ES\" \/>\n<meta property=\"og:type\" content=\"article\" \/>\n<meta property=\"og:title\" content=\"Galeria | Clinic Center\" \/>\n<meta property=\"og:description\" content=\"Trasplante capilar Antes y Despu\u00e9s Trasplante Capilar en Turqu\u00eda Trasplante de Barba en Turqu\u00eda Galer\u00eda de cirug\u00edas de senos antes y despu\u00e9s Aumento de Senos en Turqu\u00eda Levantamiento De Senos En Turqu\u00eda Reducci\u00f3n De Senos En Turqu\u00eda Galer\u00eda de antes y despu\u00e9s de liposucci\u00f3n y abdominoplastia Eliminaci\u00f3n De Grasa Y Liposucci\u00f3n En Turqu\u00eda Abdominoplastia En [&hellip;]\" \/>\n<meta property=\"og:url\" content=\"https:\/\/cliniccenter.co.uk\/es\/galeria\/\" \/>\n<meta property=\"article:publisher\" content=\"https:\/\/www.facebook.com\/cliniccenter.co.uk\/\" \/>\n<meta property=\"article:modified_time\" content=\"2025-05-23T09:09:30+00:00\" \/>\n<meta property=\"og:image\" content=\"https:\/\/cliniccenter.co.uk\/wp-content\/uploads\/2023\/11\/hair-transplant-picture-1-2.webp\" \/>\n<meta name=\"twitter:card\" content=\"summary_large_image\" \/>\n<meta name=\"twitter:site\" content=\"@cliniccenteruk\" \/>\n<meta name=\"twitter:label1\" content=\"Tiempo de lectura\" \/>\n\t<meta name=\"twitter:data1\" content=\"3 minutos\" \/>\n<!-- \/ Yoast SEO plugin. -->","yoast_head_json":{"title":"Galeria | Clinic Center","robots":{"index":"index","follow":"follow","max-snippet":"max-snippet:-1","max-image-preview":"max-image-preview:large","max-video-preview":"max-video-preview:-1"},"canonical":"https:\/\/cliniccenter.co.uk\/es\/galeria\/","og_locale":"es_ES","og_type":"article","og_title":"Galeria | Clinic Center","og_description":"Trasplante capilar Antes y Despu\u00e9s Trasplante Capilar en Turqu\u00eda Trasplante de Barba en Turqu\u00eda Galer\u00eda de cirug\u00edas de senos antes y despu\u00e9s Aumento de Senos en Turqu\u00eda Levantamiento De Senos En Turqu\u00eda Reducci\u00f3n De Senos En Turqu\u00eda Galer\u00eda de antes y despu\u00e9s de liposucci\u00f3n y abdominoplastia Eliminaci\u00f3n De Grasa Y Liposucci\u00f3n En Turqu\u00eda Abdominoplastia En [&hellip;]","og_url":"https:\/\/cliniccenter.co.uk\/es\/galeria\/","article_publisher":"https:\/\/www.facebook.com\/cliniccenter.co.uk\/","article_modified_time":"2025-05-23T09:09:30+00:00","og_image":[{"url":"https:\/\/cliniccenter.co.uk\/wp-content\/uploads\/2023\/11\/hair-transplant-picture-1-2.webp","type":"","width":"","height":""}],"twitter_card":"summary_large_image","twitter_site":"@cliniccenteruk","twitter_misc":{"Tiempo de lectura":"3 minutos"},"schema":{"@context":"https:\/\/schema.org","@graph":[{"@type":"WebPage","@id":"https:\/\/cliniccenter.co.uk\/es\/galeria\/","url":"https:\/\/cliniccenter.co.uk\/es\/galeria\/","name":"Galeria | Clinic Center","isPartOf":{"@id":"https:\/\/cliniccenter.co.uk\/ro\/#website"},"primaryImageOfPage":{"@id":"https:\/\/cliniccenter.co.uk\/es\/galeria\/#primaryimage"},"image":{"@id":"https:\/\/cliniccenter.co.uk\/es\/galeria\/#primaryimage"},"thumbnailUrl":"https:\/\/cliniccenter.co.uk\/wp-content\/uploads\/2023\/11\/hair-transplant-picture-1-2.webp","datePublished":"2018-01-12T12:58:03+00:00","dateModified":"2025-05-23T09:09:30+00:00","breadcrumb":{"@id":"https:\/\/cliniccenter.co.uk\/es\/galeria\/#breadcrumb"},"inLanguage":"es","potentialAction":[{"@type":"ReadAction","target":["https:\/\/cliniccenter.co.uk\/es\/galeria\/"]}]},{"@type":"ImageObject","inLanguage":"es","@id":"https:\/\/cliniccenter.co.uk\/es\/galeria\/#primaryimage","url":"https:\/\/cliniccenter.co.uk\/wp-content\/uploads\/2023\/11\/hair-transplant-picture-1-2.webp","contentUrl":"https:\/\/cliniccenter.co.uk\/wp-content\/uploads\/2023\/11\/hair-transplant-picture-1-2.webp"},{"@type":"BreadcrumbList","@id":"https:\/\/cliniccenter.co.uk\/es\/galeria\/#breadcrumb","itemListElement":[{"@type":"ListItem","position":1,"name":"Home","item":"https:\/\/cliniccenter.co.uk\/es\/"},{"@type":"ListItem","position":2,"name":"Galeria"}]},{"@type":"WebSite","@id":"https:\/\/cliniccenter.co.uk\/ro\/#website","url":"https:\/\/cliniccenter.co.uk\/ro\/","name":"","description":"","potentialAction":[{"@type":"SearchAction","target":{"@type":"EntryPoint","urlTemplate":"https:\/\/cliniccenter.co.uk\/ro\/?s={search_term_string}"},"query-input":{"@type":"PropertyValueSpecification","valueRequired":true,"valueName":"search_term_string"}}],"inLanguage":"es"}]}},"uagb_featured_image_src":{"full":false,"thumbnail":false,"medium":false,"medium_large":false,"large":false,"1536x1536":false,"2048x2048":false},"uagb_author_info":{"display_name":"Sertac Ceki","author_link":"https:\/\/cliniccenter.co.uk\/es\/blog\/author\/sertaccliniccenter-co-uk\/"},"uagb_comment_info":0,"uagb_excerpt":"Trasplante capilar Antes y Despu\u00e9s Trasplante Capilar en Turqu\u00eda Trasplante de Barba en Turqu\u00eda Galer\u00eda de cirug\u00edas de senos antes y despu\u00e9s Aumento de Senos en Turqu\u00eda Levantamiento De Senos En Turqu\u00eda Reducci\u00f3n De Senos En Turqu\u00eda Galer\u00eda de antes y despu\u00e9s de liposucci\u00f3n y abdominoplastia Eliminaci\u00f3n De Grasa Y Liposucci\u00f3n En Turqu\u00eda Abdominoplastia En&hellip;","_links":{"self":[{"href":"https:\/\/cliniccenter.co.uk\/es\/wp-json\/wp\/v2\/pages\/16989"}],"collection":[{"href":"https:\/\/cliniccenter.co.uk\/es\/wp-json\/wp\/v2\/pages"}],"about":[{"href":"https:\/\/cliniccenter.co.uk\/es\/wp-json\/wp\/v2\/types\/page"}],"author":[{"embeddable":true,"href":"https:\/\/cliniccenter.co.uk\/es\/wp-json\/wp\/v2\/users\/2"}],"replies":[{"embeddable":true,"href":"https:\/\/cliniccenter.co.uk\/es\/wp-json\/wp\/v2\/comments?post=16989"}],"version-history":[{"count":7,"href":"https:\/\/cliniccenter.co.uk\/es\/wp-json\/wp\/v2\/pages\/16989\/revisions"}],"predecessor-version":[{"id":60397,"href":"https:\/\/cliniccenter.co.uk\/es\/wp-json\/wp\/v2\/pages\/16989\/revisions\/60397"}],"wp:attachment":[{"href":"https:\/\/cliniccenter.co.uk\/es\/wp-json\/wp\/v2\/media?parent=16989"}],"curies":[{"name":"wp","href":"https:\/\/api.w.org\/{rel}","templated":true}]}}