{"id":17188,"date":"2018-01-26T11:34:06","date_gmt":"2018-01-26T11:34:06","guid":{"rendered":"https:\/\/cliniccenter.co.uk\/tratamientos\/hair-transplant\/"},"modified":"2023-12-12T12:18:10","modified_gmt":"2023-12-12T12:18:10","slug":"trasplante-capilar","status":"publish","type":"page","link":"https:\/\/cliniccenter.co.uk\/es\/trasplante-capilar\/","title":{"rendered":"Trasplante Capilar"},"content":{"rendered":"<div class=\"wpb_text_column wpb_content_element \">\n<div class=\"wpb_wrapper\">\n<h1>Tratamiento de Trasplante Capilar<\/h1>\n<\/div>\n<\/div>\n\n\n<div class=\"wp-block-columns is-layout-flex wp-container-core-columns-is-layout-1 wp-block-columns-is-layout-flex\">\n<div class=\"wp-block-column is-layout-flow wp-block-column-is-layout-flow\">\n<figure class=\"wp-block-image size-full is-style-default  skip-lazy\"><img decoding=\"async\" width=\"650\" height=\"406\" src=\"https:\/\/cliniccenter.co.uk\/wp-content\/uploads\/2023\/11\/hair-transplant-1-5.webp\" alt=\"\" class=\"wp-image-47918 skip-lazy\" srcset=\"https:\/\/cliniccenter.co.uk\/wp-content\/uploads\/2023\/11\/hair-transplant-1-5.webp 650w, https:\/\/cliniccenter.co.uk\/wp-content\/uploads\/2023\/11\/hair-transplant-1-5-300x187.webp 300w\" sizes=\"(max-width: 650px) 100vw, 650px\" \/><\/figure>\n\n\n\n<h2 class=\"wp-block-heading has-text-align-center\"><span class=\"ez-toc-section\" id=\"Trasplante_Capilar_en_Turquia\"><\/span>Trasplante Capilar en Turqu\u00eda<span class=\"ez-toc-section-end\"><\/span><\/h2>\n\n\n\n<p class=\"has-text-align-center\">Para mejorar la autoestima, para mejorar la apariencia o simplemente volver a crecer cabello\u2026 cualquiera que sea tu raz\u00f3n, Clinic Center est\u00e1 aqui para ofrecerte una solucion permanente\u2026<\/p>\n\n\n\n<div class=\"wp-block-button has-text-align-center\"><a class=\"wp-block-button__link\" href=\"https:\/\/cliniccenter.co.uk\/es\/trasplante-capilar-en-turquia\/\">MAS INFORMACI\u00d3N<\/a><br><br><\/div>\n<\/div>\n\n\n\n<div class=\"wp-block-column is-layout-flow wp-block-column-is-layout-flow\">\n<figure class=\"wp-block-image size-full\"><img decoding=\"async\" width=\"650\" height=\"406\" src=\"https:\/\/cliniccenter.co.uk\/wp-content\/uploads\/2023\/11\/beard-transplant-1-2.webp\" alt=\"\" class=\"wp-image-47924  skip-lazy\" srcset=\"https:\/\/cliniccenter.co.uk\/wp-content\/uploads\/2023\/11\/beard-transplant-1-2.webp 650w, https:\/\/cliniccenter.co.uk\/wp-content\/uploads\/2023\/11\/beard-transplant-1-2-300x187.webp 300w\" sizes=\"(max-width: 650px) 100vw, 650px\" \/><\/figure>\n\n\n\n<h2 class=\"wp-block-heading has-text-align-center\"><span class=\"ez-toc-section\" id=\"Trasplante_de_Barba\"><\/span>Trasplante de Barba<span class=\"ez-toc-section-end\"><\/span><\/h2>\n\n\n\n<p class=\"has-text-align-center\">La barba es un elemento substancial en la confianza de los hombres y esencial en la apariencia, sin embargo en algunos casos, no pueden crecer una barba tan densa como ellos desean. Clinic Center ofrece una soluci\u00f3n permanente\u2026<\/p><div id=\"ez-toc-container\" class=\"ez-toc-v2_0_80 counter-hierarchy ez-toc-counter ez-toc-grey ez-toc-container-direction\">\n<div class=\"ez-toc-title-container\">\n<p class=\"ez-toc-title\" style=\"cursor:inherit\">Table of Contents<\/p>\n<span class=\"ez-toc-title-toggle\"><a href=\"#\" class=\"ez-toc-pull-right ez-toc-btn ez-toc-btn-xs ez-toc-btn-default ez-toc-toggle\" aria-label=\"Alternar tabla de contenidos\"><span class=\"ez-toc-js-icon-con\"><span class=\"\"><span class=\"eztoc-hide\" style=\"display:none;\">Toggle<\/span><span class=\"ez-toc-icon-toggle-span\"><svg style=\"fill: #999;color:#999\" xmlns=\"http:\/\/www.w3.org\/2000\/svg\" class=\"list-377408\" width=\"20px\" height=\"20px\" viewBox=\"0 0 24 24\" fill=\"none\"><path d=\"M6 6H4v2h2V6zm14 0H8v2h12V6zM4 11h2v2H4v-2zm16 0H8v2h12v-2zM4 16h2v2H4v-2zm16 0H8v2h12v-2z\" fill=\"currentColor\"><\/path><\/svg><svg style=\"fill: #999;color:#999\" class=\"arrow-unsorted-368013\" xmlns=\"http:\/\/www.w3.org\/2000\/svg\" width=\"10px\" height=\"10px\" viewBox=\"0 0 24 24\" version=\"1.2\" baseProfile=\"tiny\"><path d=\"M18.2 9.3l-6.2-6.3-6.2 6.3c-.2.2-.3.4-.3.7s.1.5.3.7c.2.2.4.3.7.3h11c.3 0 .5-.1.7-.3.2-.2.3-.5.3-.7s-.1-.5-.3-.7zM5.8 14.7l6.2 6.3 6.2-6.3c.2-.2.3-.5.3-.7s-.1-.5-.3-.7c-.2-.2-.4-.3-.7-.3h-11c-.3 0-.5.1-.7.3-.2.2-.3.5-.3.7s.1.5.3.7z\"\/><\/svg><\/span><\/span><\/span><\/a><\/span><\/div>\n<nav><ul class='ez-toc-list ez-toc-list-level-1 ' ><li class='ez-toc-page-1 ez-toc-heading-level-2'><a class=\"ez-toc-link ez-toc-heading-1\" href=\"https:\/\/cliniccenter.co.uk\/es\/trasplante-capilar\/#Trasplante_Capilar_en_Turquia\" >Trasplante Capilar en Turqu\u00eda<\/a><\/li><li class='ez-toc-page-1 ez-toc-heading-level-2'><a class=\"ez-toc-link ez-toc-heading-2\" href=\"https:\/\/cliniccenter.co.uk\/es\/trasplante-capilar\/#Trasplante_de_Barba\" >Trasplante de Barba<\/a><\/li><li class='ez-toc-page-1 ez-toc-heading-level-2'><a class=\"ez-toc-link ez-toc-heading-3\" href=\"https:\/\/cliniccenter.co.uk\/es\/trasplante-capilar\/#Trasplante_Capilar_Femenino\" >Trasplante Capilar Femenino<\/a><\/li><li class='ez-toc-page-1 ez-toc-heading-level-2'><a class=\"ez-toc-link ez-toc-heading-4\" href=\"https:\/\/cliniccenter.co.uk\/es\/trasplante-capilar\/#Trasplante_Capilar_FUE\" >Trasplante Capilar FUE<\/a><\/li><li class='ez-toc-page-1 ez-toc-heading-level-2'><a class=\"ez-toc-link ez-toc-heading-5\" href=\"https:\/\/cliniccenter.co.uk\/es\/trasplante-capilar\/#%C2%BFQue_hacer_antes_y_despues_del_Trasplante_Capilar\" >\u00bfQu\u00e9 hacer antes y despues del Trasplante Capilar?<\/a><\/li><li class='ez-toc-page-1 ez-toc-heading-level-2'><a class=\"ez-toc-link ez-toc-heading-6\" href=\"https:\/\/cliniccenter.co.uk\/es\/trasplante-capilar\/#Costos_del_Trasplante_Capilar\" >Costos del Trasplante Capilar<\/a><\/li><li class='ez-toc-page-1 ez-toc-heading-level-2'><a class=\"ez-toc-link ez-toc-heading-7\" href=\"https:\/\/cliniccenter.co.uk\/es\/trasplante-capilar\/#Escala_Norwood\" >Escala Norwood<\/a><\/li><li class='ez-toc-page-1 ez-toc-heading-level-2'><a class=\"ez-toc-link ez-toc-heading-8\" href=\"https:\/\/cliniccenter.co.uk\/es\/trasplante-capilar\/#Preguntas_Frecuentes\" >Preguntas Frecuentes<\/a><\/li><\/ul><\/nav><\/div>\n\n\n\n\n<div class=\"wp-block-button has-text-align-center\"><a class=\"wp-block-button__link\" href=\"https:\/\/cliniccenter.co.uk\/es\/trasplante-de-barba-en-turquia\/\">MAS INFORMACI\u00d3N<\/a><br><br><\/div>\n<\/div>\n<\/div>\n\n\n\n<div class=\"wp-block-columns is-layout-flex wp-container-core-columns-is-layout-2 wp-block-columns-is-layout-flex\">\n<div class=\"wp-block-column is-layout-flow wp-block-column-is-layout-flow\">\n<figure class=\"wp-block-image size-large\"><img decoding=\"async\" width=\"650\" height=\"406\" src=\"https:\/\/cliniccenter.co.uk\/wp-content\/uploads\/2022\/01\/women-hair-transplant.jpg\" alt=\"\" class=\"wp-image-24345\" srcset=\"https:\/\/cliniccenter.co.uk\/wp-content\/uploads\/2022\/01\/women-hair-transplant.jpg 650w, https:\/\/cliniccenter.co.uk\/wp-content\/uploads\/2022\/01\/women-hair-transplant-300x187.jpg 300w\" sizes=\"(max-width: 650px) 100vw, 650px\" \/><\/figure>\n\n\n\n<h2 class=\"wp-block-heading has-text-align-center\"><span class=\"ez-toc-section\" id=\"Trasplante_Capilar_Femenino\"><\/span>Trasplante Capilar Femenino<span class=\"ez-toc-section-end\"><\/span><\/h2>\n\n\n\n<p class=\"has-text-align-center\">Para mejorar la autoestima, para mejorar la apariencia o simplemente volver a crecer cabello\u2026 cualquiera que sea tu raz\u00f3n, Clinic Center est\u00e1 aqui para ofrecerte una solucion permanente\u2026<\/p>\n\n\n\n<div class=\"wp-block-button has-text-align-center\"><a class=\"wp-block-button__link\" href=\"https:\/\/cliniccenter.co.uk\/es\/trasplante-de-cabello-femenino-en-turquia\/\">MAS INFORMACI\u00d3N<\/a><br><br><\/div>\n<\/div>\n\n\n\n<div class=\"wp-block-column is-layout-flow wp-block-column-is-layout-flow\">\n<figure class=\"wp-block-image size-large\"><img decoding=\"async\" width=\"650\" height=\"406\" src=\"https:\/\/cliniccenter.co.uk\/wp-content\/uploads\/2022\/01\/fue-hair-transplant.jpg\" alt=\"\" class=\"wp-image-24339\" srcset=\"https:\/\/cliniccenter.co.uk\/wp-content\/uploads\/2022\/01\/fue-hair-transplant.jpg 650w, https:\/\/cliniccenter.co.uk\/wp-content\/uploads\/2022\/01\/fue-hair-transplant-300x187.jpg 300w\" sizes=\"(max-width: 650px) 100vw, 650px\" \/><\/figure>\n\n\n\n<h2 class=\"wp-block-heading has-text-align-center\"><span class=\"ez-toc-section\" id=\"Trasplante_Capilar_FUE\"><\/span>Trasplante Capilar FUE<span class=\"ez-toc-section-end\"><\/span><\/h2>\n\n\n\n<p class=\"has-text-align-center\">El trasplante capilar con la t\u00e9cnica FUE es el t\u00e9cnica m\u00e1s avanzada comparada con la t\u00e9cnica FUT. Se extraen los fol\u00edculos uno a uno de la parte trasera de la cabeza con una herrammiento especial de 0.6 mm a 1.2 mm\u2026<\/p>\n\n\n\n<div class=\"wp-block-button has-text-align-center\"><a class=\"wp-block-button__link\" href=\"https:\/\/cliniccenter.co.uk\/es\/trasplante-capilar-fue\/\">MAS INFORMACI\u00d3N<\/a><br><br><\/div>\n<\/div>\n<\/div>\n\n\n\n<div class=\"wp-block-columns is-layout-flex wp-container-core-columns-is-layout-3 wp-block-columns-is-layout-flex\">\n<div class=\"wp-block-column is-layout-flow wp-block-column-is-layout-flow\">\n<figure class=\"wp-block-image size-large\"><img decoding=\"async\" width=\"650\" height=\"406\" src=\"https:\/\/cliniccenter.co.uk\/wp-content\/uploads\/2022\/01\/what-to-do-before-and-after-hair-transplant.jpg\" alt=\"\" class=\"wp-image-24357\" srcset=\"https:\/\/cliniccenter.co.uk\/wp-content\/uploads\/2022\/01\/what-to-do-before-and-after-hair-transplant.jpg 650w, https:\/\/cliniccenter.co.uk\/wp-content\/uploads\/2022\/01\/what-to-do-before-and-after-hair-transplant-300x187.jpg 300w\" sizes=\"(max-width: 650px) 100vw, 650px\" \/><\/figure>\n\n\n\n<h2 class=\"wp-block-heading has-text-align-center\"><span class=\"ez-toc-section\" id=\"%C2%BFQue_hacer_antes_y_despues_del_Trasplante_Capilar\"><\/span>\u00bfQu\u00e9 hacer antes y despues del Trasplante Capilar?<span class=\"ez-toc-section-end\"><\/span><\/h2>\n\n\n\n<p class=\"has-text-align-center\">Las siguientes instrucciones son informaci\u00f3n general que debe ser seguida antes y despues del trasplante capilar. Clinic Center no se hace responsable por la precisi\u00f3n de estas instrucciones\u2026<\/p>\n\n\n\n<div class=\"wp-block-button has-text-align-center\"><a class=\"wp-block-button__link\" href=\"https:\/\/cliniccenter.co.uk\/es\/trasplante-capilar-en-turquia\/\">MAS INFORMACI\u00d3N<\/a><br><br><\/div>\n<\/div>\n\n\n\n<div class=\"wp-block-column is-layout-flow wp-block-column-is-layout-flow\">\n<figure class=\"wp-block-image size-large is-style-default\"><img decoding=\"async\" width=\"650\" height=\"406\" src=\"https:\/\/cliniccenter.co.uk\/wp-content\/uploads\/2021\/08\/all-inclusive-sign-1.jpg\" alt=\"\" class=\"wp-image-10218\" srcset=\"https:\/\/cliniccenter.co.uk\/wp-content\/uploads\/2021\/08\/all-inclusive-sign-1.jpg 650w, https:\/\/cliniccenter.co.uk\/wp-content\/uploads\/2021\/08\/all-inclusive-sign-1-300x187.jpg 300w\" sizes=\"(max-width: 650px) 100vw, 650px\" \/><\/figure>\n\n\n\n<h2 class=\"wp-block-heading has-text-align-center\"><span class=\"ez-toc-section\" id=\"Costos_del_Trasplante_Capilar\"><\/span>Costos del Trasplante Capilar<span class=\"ez-toc-section-end\"><\/span><\/h2>\n\n\n\n<p class=\"has-text-align-center\">Turqu\u00eda es un pa\u00eds bien reconocido por sus asequibles costos en trasplante capilar, su experimentado equipo m\u00e9dico, y su gran n\u00famero de procedimientos realizados cada a\u00f1o, adem\u00e1s de los excelentes resultados\u2026<\/p>\n\n\n\n<div class=\"wp-block-button has-text-align-center\"><a class=\"wp-block-button__link\" href=\"https:\/\/cliniccenter.co.uk\/es\/trasplante-capilar-en-turquia\/\">MAS INFORMACI\u00d3N<\/a><br><br><\/div>\n<\/div>\n<\/div>\n\n\n\n<div class=\"wp-block-columns is-layout-flex wp-container-core-columns-is-layout-4 wp-block-columns-is-layout-flex\">\n<div class=\"wp-block-column is-layout-flow wp-block-column-is-layout-flow\">\n<figure class=\"wp-block-image size-large\"><img decoding=\"async\" width=\"650\" height=\"406\" src=\"https:\/\/cliniccenter.co.uk\/wp-content\/uploads\/2022\/01\/norwood-scale.jpg\" alt=\"\" class=\"wp-image-24363\" srcset=\"https:\/\/cliniccenter.co.uk\/wp-content\/uploads\/2022\/01\/norwood-scale.jpg 650w, https:\/\/cliniccenter.co.uk\/wp-content\/uploads\/2022\/01\/norwood-scale-300x187.jpg 300w\" sizes=\"(max-width: 650px) 100vw, 650px\" \/><\/figure>\n\n\n\n<h2 class=\"wp-block-heading has-text-align-center\"><span class=\"ez-toc-section\" id=\"Escala_Norwood\"><\/span>Escala Norwood<span class=\"ez-toc-section-end\"><\/span><\/h2>\n\n\n\n<p class=\"has-text-align-center\">En 1950 el Dr. James Hamilton introdjo la primera versi\u00f3n de la escala, m\u00e1s tarde en 1970 est\u00e1 fue actualizada por el Dr. O\u2019tar Norwood. Desde entonces la escala Norwood Hamilton\u2026<\/p>\n\n\n\n<div class=\"wp-block-button has-text-align-center\"><a class=\"wp-block-button__link\" href=\"https:\/\/cliniccenter.co.uk\/es\/escala-norwood\/\">MAS INFORMACI\u00d3N<\/a><br><br><\/div>\n<\/div>\n\n\n\n<div class=\"wp-block-column is-layout-flow wp-block-column-is-layout-flow\">\n<figure class=\"wp-block-image size-large is-style-default\"><img decoding=\"async\" width=\"650\" height=\"406\" src=\"https:\/\/cliniccenter.co.uk\/wp-content\/uploads\/2021\/08\/FAQ-cosmeticsurgery-hairtransplant-1.jpg\" alt=\"\" class=\"wp-image-10219\" srcset=\"https:\/\/cliniccenter.co.uk\/wp-content\/uploads\/2021\/08\/FAQ-cosmeticsurgery-hairtransplant-1.jpg 650w, https:\/\/cliniccenter.co.uk\/wp-content\/uploads\/2021\/08\/FAQ-cosmeticsurgery-hairtransplant-1-300x187.jpg 300w\" sizes=\"(max-width: 650px) 100vw, 650px\" \/><\/figure>\n\n\n\n<h2 class=\"wp-block-heading has-text-align-center\"><span class=\"ez-toc-section\" id=\"Preguntas_Frecuentes\"><\/span>Preguntas Frecuentes<span class=\"ez-toc-section-end\"><\/span><\/h2>\n\n\n\n<p class=\"has-text-align-center\">Todas las presonas sanas y maduras que no tengan serios problemas cr\u00f3nicos, enfermedades cardiobasculares, diabetes no controlada, problemas en los ri\u00f1ones, problemas de coagulaci\u00f3n como la hemofilia\u2026.<\/p>\n\n\n\n<div class=\"wp-block-button has-text-align-center\"><a class=\"wp-block-button__link\" href=\"https:\/\/cliniccenter.co.uk\/es\/faq\/\">MAS INFORMACI\u00d3N<\/a><br><br><\/div>\n<\/div>\n<\/div>\n<\/p>","protected":false},"excerpt":{"rendered":"<p>Tratamiento de Trasplante Capilar Trasplante Capilar en Turqu\u00eda Para mejorar la autoestima, para mejorar la apariencia o simplemente volver a crecer cabello\u2026 cualquiera que sea tu raz\u00f3n, Clinic Center est\u00e1 aqui para ofrecerte una solucion permanente\u2026 MAS INFORMACI\u00d3N Trasplante de Barba La barba es un elemento substancial en la confianza de los hombres y esencial [&hellip;]<\/p>\n","protected":false},"author":2,"featured_media":0,"parent":17183,"menu_order":0,"comment_status":"closed","ping_status":"closed","template":"","meta":{"_uag_custom_page_level_css":"","_lmt_disableupdate":"no","_lmt_disable":"","site-sidebar-layout":"default","site-content-layout":"default","ast-site-content-layout":"default","site-content-style":"default","site-sidebar-style":"default","ast-global-header-display":"","ast-banner-title-visibility":"","ast-main-header-display":"","ast-hfb-above-header-display":"","ast-hfb-below-header-display":"","ast-hfb-mobile-header-display":"","site-post-title":"disabled","ast-breadcrumbs-content":"","ast-featured-img":"disabled","footer-sml-layout":"","theme-transparent-header-meta":"default","adv-header-id-meta":"","stick-header-meta":"","header-above-stick-meta":"","header-main-stick-meta":"","header-below-stick-meta":"","astra-migrate-meta-layouts":"set","ast-page-background-enabled":"default","ast-page-background-meta":{"desktop":{"background-color":"","background-image":"","background-repeat":"repeat","background-position":"center center","background-size":"auto","background-attachment":"scroll","background-type":"","background-media":"","overlay-type":"","overlay-color":"","overlay-opacity":"","overlay-gradient":""},"tablet":{"background-color":"","background-image":"","background-repeat":"repeat","background-position":"center center","background-size":"auto","background-attachment":"scroll","background-type":"","background-media":"","overlay-type":"","overlay-color":"","overlay-opacity":"","overlay-gradient":""},"mobile":{"background-color":"","background-image":"","background-repeat":"repeat","background-position":"center center","background-size":"auto","background-attachment":"scroll","background-type":"","background-media":"","overlay-type":"","overlay-color":"","overlay-opacity":"","overlay-gradient":""}},"ast-content-background-meta":{"desktop":{"background-color":"var(--ast-global-color-5)","background-image":"","background-repeat":"repeat","background-position":"center center","background-size":"auto","background-attachment":"scroll","background-type":"","background-media":"","overlay-type":"","overlay-color":"","overlay-opacity":"","overlay-gradient":""},"tablet":{"background-color":"var(--ast-global-color-5)","background-image":"","background-repeat":"repeat","background-position":"center center","background-size":"auto","background-attachment":"scroll","background-type":"","background-media":"","overlay-type":"","overlay-color":"","overlay-opacity":"","overlay-gradient":""},"mobile":{"background-color":"var(--ast-global-color-5)","background-image":"","background-repeat":"repeat","background-position":"center center","background-size":"auto","background-attachment":"scroll","background-type":"","background-media":"","overlay-type":"","overlay-color":"","overlay-opacity":"","overlay-gradient":""}},"footnotes":""},"class_list":["post-17188","page","type-page","status-publish","hentry"],"yoast_head":"<!-- This site is optimized with the Yoast SEO plugin v25.3.1 - https:\/\/yoast.com\/wordpress\/plugins\/seo\/ -->\n<title>Trasplante Capilar | Clinic Center<\/title>\n<meta name=\"robots\" content=\"noindex, follow\" \/>\n<meta property=\"og:locale\" content=\"es_ES\" \/>\n<meta property=\"og:type\" content=\"article\" \/>\n<meta property=\"og:title\" content=\"Trasplante Capilar | Clinic Center\" \/>\n<meta property=\"og:description\" content=\"Tratamiento de Trasplante Capilar Trasplante Capilar en Turqu\u00eda Para mejorar la autoestima, para mejorar la apariencia o simplemente volver a crecer cabello\u2026 cualquiera que sea tu raz\u00f3n, Clinic Center est\u00e1 aqui para ofrecerte una solucion permanente\u2026 MAS INFORMACI\u00d3N Trasplante de Barba La barba es un elemento substancial en la confianza de los hombres y esencial [&hellip;]\" \/>\n<meta property=\"og:url\" content=\"https:\/\/cliniccenter.co.uk\/es\/trasplante-capilar\/\" \/>\n<meta property=\"article:publisher\" content=\"https:\/\/www.facebook.com\/cliniccenter.co.uk\/\" \/>\n<meta property=\"article:modified_time\" content=\"2023-12-12T12:18:10+00:00\" \/>\n<meta property=\"og:image\" content=\"https:\/\/cliniccenter.co.uk\/wp-content\/uploads\/2023\/11\/hair-transplant-1-5.webp\" \/>\n<meta name=\"twitter:card\" content=\"summary_large_image\" \/>\n<meta name=\"twitter:site\" content=\"@cliniccenteruk\" \/>\n<meta name=\"twitter:label1\" content=\"Tiempo de lectura\" \/>\n\t<meta name=\"twitter:data1\" content=\"3 minutos\" \/>\n<!-- \/ Yoast SEO plugin. -->","yoast_head_json":{"title":"Trasplante Capilar | Clinic Center","robots":{"index":"noindex","follow":"follow"},"og_locale":"es_ES","og_type":"article","og_title":"Trasplante Capilar | Clinic Center","og_description":"Tratamiento de Trasplante Capilar Trasplante Capilar en Turqu\u00eda Para mejorar la autoestima, para mejorar la apariencia o simplemente volver a crecer cabello\u2026 cualquiera que sea tu raz\u00f3n, Clinic Center est\u00e1 aqui para ofrecerte una solucion permanente\u2026 MAS INFORMACI\u00d3N Trasplante de Barba La barba es un elemento substancial en la confianza de los hombres y esencial [&hellip;]","og_url":"https:\/\/cliniccenter.co.uk\/es\/trasplante-capilar\/","article_publisher":"https:\/\/www.facebook.com\/cliniccenter.co.uk\/","article_modified_time":"2023-12-12T12:18:10+00:00","og_image":[{"url":"https:\/\/cliniccenter.co.uk\/wp-content\/uploads\/2023\/11\/hair-transplant-1-5.webp","type":"","width":"","height":""}],"twitter_card":"summary_large_image","twitter_site":"@cliniccenteruk","twitter_misc":{"Tiempo de lectura":"3 minutos"},"schema":{"@context":"https:\/\/schema.org","@graph":[{"@type":"WebPage","@id":"https:\/\/cliniccenter.co.uk\/es\/trasplante-capilar\/","url":"https:\/\/cliniccenter.co.uk\/es\/trasplante-capilar\/","name":"Trasplante Capilar | Clinic Center","isPartOf":{"@id":"https:\/\/cliniccenter.co.uk\/ro\/#website"},"primaryImageOfPage":{"@id":"https:\/\/cliniccenter.co.uk\/es\/trasplante-capilar\/#primaryimage"},"image":{"@id":"https:\/\/cliniccenter.co.uk\/es\/trasplante-capilar\/#primaryimage"},"thumbnailUrl":"https:\/\/cliniccenter.co.uk\/wp-content\/uploads\/2023\/11\/hair-transplant-1-5.webp","datePublished":"2018-01-26T11:34:06+00:00","dateModified":"2023-12-12T12:18:10+00:00","breadcrumb":{"@id":"https:\/\/cliniccenter.co.uk\/es\/trasplante-capilar\/#breadcrumb"},"inLanguage":"es","potentialAction":[{"@type":"ReadAction","target":["https:\/\/cliniccenter.co.uk\/es\/trasplante-capilar\/"]}]},{"@type":"ImageObject","inLanguage":"es","@id":"https:\/\/cliniccenter.co.uk\/es\/trasplante-capilar\/#primaryimage","url":"https:\/\/cliniccenter.co.uk\/wp-content\/uploads\/2023\/11\/hair-transplant-1-5.webp","contentUrl":"https:\/\/cliniccenter.co.uk\/wp-content\/uploads\/2023\/11\/hair-transplant-1-5.webp"},{"@type":"BreadcrumbList","@id":"https:\/\/cliniccenter.co.uk\/es\/trasplante-capilar\/#breadcrumb","itemListElement":[{"@type":"ListItem","position":1,"name":"Home","item":"https:\/\/cliniccenter.co.uk\/es\/"},{"@type":"ListItem","position":2,"name":"Tratamientos","item":"https:\/\/cliniccenter.co.uk\/es\/tratamientos\/"},{"@type":"ListItem","position":3,"name":"Trasplante Capilar"}]},{"@type":"WebSite","@id":"https:\/\/cliniccenter.co.uk\/ro\/#website","url":"https:\/\/cliniccenter.co.uk\/ro\/","name":"","description":"","potentialAction":[{"@type":"SearchAction","target":{"@type":"EntryPoint","urlTemplate":"https:\/\/cliniccenter.co.uk\/ro\/?s={search_term_string}"},"query-input":{"@type":"PropertyValueSpecification","valueRequired":true,"valueName":"search_term_string"}}],"inLanguage":"es"}]}},"uagb_featured_image_src":{"full":false,"thumbnail":false,"medium":false,"medium_large":false,"large":false,"1536x1536":false,"2048x2048":false},"uagb_author_info":{"display_name":"Sertac Ceki","author_link":"https:\/\/cliniccenter.co.uk\/es\/blog\/author\/sertaccliniccenter-co-uk\/"},"uagb_comment_info":0,"uagb_excerpt":"Tratamiento de Trasplante Capilar Trasplante Capilar en Turqu\u00eda Para mejorar la autoestima, para mejorar la apariencia o simplemente volver a crecer cabello\u2026 cualquiera que sea tu raz\u00f3n, Clinic Center est\u00e1 aqui para ofrecerte una solucion permanente\u2026 MAS INFORMACI\u00d3N Trasplante de Barba La barba es un elemento substancial en la confianza de los hombres y esencial&hellip;","_links":{"self":[{"href":"https:\/\/cliniccenter.co.uk\/es\/wp-json\/wp\/v2\/pages\/17188"}],"collection":[{"href":"https:\/\/cliniccenter.co.uk\/es\/wp-json\/wp\/v2\/pages"}],"about":[{"href":"https:\/\/cliniccenter.co.uk\/es\/wp-json\/wp\/v2\/types\/page"}],"author":[{"embeddable":true,"href":"https:\/\/cliniccenter.co.uk\/es\/wp-json\/wp\/v2\/users\/2"}],"replies":[{"embeddable":true,"href":"https:\/\/cliniccenter.co.uk\/es\/wp-json\/wp\/v2\/comments?post=17188"}],"version-history":[{"count":7,"href":"https:\/\/cliniccenter.co.uk\/es\/wp-json\/wp\/v2\/pages\/17188\/revisions"}],"predecessor-version":[{"id":49403,"href":"https:\/\/cliniccenter.co.uk\/es\/wp-json\/wp\/v2\/pages\/17188\/revisions\/49403"}],"up":[{"embeddable":true,"href":"https:\/\/cliniccenter.co.uk\/es\/wp-json\/wp\/v2\/pages\/17183"}],"wp:attachment":[{"href":"https:\/\/cliniccenter.co.uk\/es\/wp-json\/wp\/v2\/media?parent=17188"}],"curies":[{"name":"wp","href":"https:\/\/api.w.org\/{rel}","templated":true}]}}