{"id":17294,"date":"2018-01-25T08:31:53","date_gmt":"2018-01-25T08:31:53","guid":{"rendered":"https:\/\/cliniccenter.co.uk\/tratamientos\/trasplante-capilar\/fue-hair-transplant\/"},"modified":"2024-04-19T06:54:15","modified_gmt":"2024-04-19T06:54:15","slug":"trasplante-capilar-fue","status":"publish","type":"page","link":"https:\/\/cliniccenter.co.uk\/es\/trasplante-capilar-fue\/","title":{"rendered":"Trasplante Capilar FUE"},"content":{"rendered":"\n<div class=\"wp-block-columns is-layout-flex wp-container-core-columns-is-layout-1 wp-block-columns-is-layout-flex\">\n<div class=\"wp-block-column is-layout-flow wp-block-column-is-layout-flow\" style=\"flex-basis:66.66%\">\n<figure class=\"wp-block-image size-full\"><img decoding=\"async\" width=\"780\" height=\"345\" src=\"https:\/\/cliniccenter.co.uk\/wp-content\/uploads\/2024\/04\/Trasplante-Capilar-FUE-90-1.webp\" alt=\"\" class=\"wp-image-55006\" srcset=\"https:\/\/cliniccenter.co.uk\/wp-content\/uploads\/2024\/04\/Trasplante-Capilar-FUE-90-1.webp 780w, https:\/\/cliniccenter.co.uk\/wp-content\/uploads\/2024\/04\/Trasplante-Capilar-FUE-90-1-300x133.webp 300w, https:\/\/cliniccenter.co.uk\/wp-content\/uploads\/2024\/04\/Trasplante-Capilar-FUE-90-1-768x340.webp 768w\" sizes=\"(max-width: 780px) 100vw, 780px\" \/><\/figure>\n\n\n\n<p>Clinic Center, registrado y activo en el Reino Unido, tiene amplias relaciones con centros m\u00e9dicos en Turqu\u00eda. Quienes est\u00e9n interesados en aprovechar las soluciones de calidad premium a este respecto deben completar el formulario de consulta para alcanzar los resultados m\u00e1s deseados.<\/p>\n<\/div>\n\n\n\n<div class=\"wp-block-column is-layout-flow wp-block-column-is-layout-flow\" style=\"flex-basis:33.33%\">\n<div style=\"padding: 10px; background-color: #0578cf; border: solid 1px #0578cf; color: #fff; border-bottom: 0px;\">\u00a1Obtenga su plan de tratamiento GRATIS AHORA!<\/div>\n<div id=\"treatment_form\" style=\"padding: 10px; background-color: #fff; border: solid 1px #0578cf;\">\n<div class=\"wpcf7 no-js\" id=\"wpcf7-f17199-o1\" lang=\"en-GB\" dir=\"ltr\" data-wpcf7-id=\"17199\">\n<div class=\"screen-reader-response\"><p role=\"status\" aria-live=\"polite\" aria-atomic=\"true\"><\/p><div id=\"ez-toc-container\" class=\"ez-toc-v2_0_82_2 counter-hierarchy ez-toc-counter ez-toc-grey ez-toc-container-direction\">\n<div class=\"ez-toc-title-container\">\n<p class=\"ez-toc-title\" style=\"cursor:inherit\">Table of Contents<\/p>\n<span class=\"ez-toc-title-toggle\"><a href=\"#\" class=\"ez-toc-pull-right ez-toc-btn ez-toc-btn-xs ez-toc-btn-default ez-toc-toggle\" aria-label=\"Alternar tabla de contenidos\"><span class=\"ez-toc-js-icon-con\"><span class=\"\"><span class=\"eztoc-hide\" style=\"display:none;\">Toggle<\/span><span class=\"ez-toc-icon-toggle-span\"><svg style=\"fill: #999;color:#999\" xmlns=\"http:\/\/www.w3.org\/2000\/svg\" class=\"list-377408\" width=\"20px\" height=\"20px\" viewBox=\"0 0 24 24\" fill=\"none\"><path d=\"M6 6H4v2h2V6zm14 0H8v2h12V6zM4 11h2v2H4v-2zm16 0H8v2h12v-2zM4 16h2v2H4v-2zm16 0H8v2h12v-2z\" fill=\"currentColor\"><\/path><\/svg><svg style=\"fill: #999;color:#999\" class=\"arrow-unsorted-368013\" xmlns=\"http:\/\/www.w3.org\/2000\/svg\" width=\"10px\" height=\"10px\" viewBox=\"0 0 24 24\" version=\"1.2\" baseProfile=\"tiny\"><path d=\"M18.2 9.3l-6.2-6.3-6.2 6.3c-.2.2-.3.4-.3.7s.1.5.3.7c.2.2.4.3.7.3h11c.3 0 .5-.1.7-.3.2-.2.3-.5.3-.7s-.1-.5-.3-.7zM5.8 14.7l6.2 6.3 6.2-6.3c.2-.2.3-.5.3-.7s-.1-.5-.3-.7c-.2-.2-.4-.3-.7-.3h-11c-.3 0-.5.1-.7.3-.2.2-.3.5-.3.7s.1.5.3.7z\"\/><\/svg><\/span><\/span><\/span><\/a><\/span><\/div>\n<nav><ul class='ez-toc-list ez-toc-list-level-1 ' ><li class='ez-toc-page-1 ez-toc-heading-level-2'><a class=\"ez-toc-link ez-toc-heading-1\" href=\"https:\/\/cliniccenter.co.uk\/es\/trasplante-capilar-fue\/#Ventajas_del_trasplante_capilar_FUE\" >Ventajas del trasplante capilar FUE:<\/a><\/li><li class='ez-toc-page-1 ez-toc-heading-level-2'><a class=\"ez-toc-link ez-toc-heading-2\" href=\"https:\/\/cliniccenter.co.uk\/es\/trasplante-capilar-fue\/#Desventajas_del_trasplante_capilar_FUE\" >Desventajas del trasplante capilar FUE:<\/a><\/li><li class='ez-toc-page-1 ez-toc-heading-level-2'><a class=\"ez-toc-link ez-toc-heading-3\" href=\"https:\/\/cliniccenter.co.uk\/es\/trasplante-capilar-fue\/#Tecnica_FUT_transferencia_de_unidades_foliculares\" >T\u00e9cnica FUT (transferencia de unidades foliculares)<\/a><\/li><li class='ez-toc-page-1 ez-toc-heading-level-2'><a class=\"ez-toc-link ez-toc-heading-4\" href=\"https:\/\/cliniccenter.co.uk\/es\/trasplante-capilar-fue\/#Ventajas_del_trasplante_de_cabello_FUT\" >Ventajas del trasplante de cabello FUT:<\/a><\/li><li class='ez-toc-page-1 ez-toc-heading-level-2'><a class=\"ez-toc-link ez-toc-heading-5\" href=\"https:\/\/cliniccenter.co.uk\/es\/trasplante-capilar-fue\/#Desventajas_del_trasplante_de_cabello_FUT\" >Desventajas del trasplante de cabello FUT:<\/a><\/li><\/ul><\/nav><\/div>\n <ul><\/ul><\/div>\n<form action=\"\/es\/wp-json\/wp\/v2\/pages\/17294#wpcf7-f17199-o1\" method=\"post\" class=\"wpcf7-form init\" aria-label=\"Contact form\" novalidate=\"novalidate\" data-status=\"init\">\n<div style=\"display: none;\">\n<input type=\"hidden\" name=\"_wpcf7\" value=\"17199\" \/>\n<input type=\"hidden\" name=\"_wpcf7_version\" value=\"6.0.6\" \/>\n<input type=\"hidden\" name=\"_wpcf7_locale\" value=\"en_GB\" \/>\n<input type=\"hidden\" name=\"_wpcf7_unit_tag\" value=\"wpcf7-f17199-o1\" \/>\n<input type=\"hidden\" name=\"_wpcf7_container_post\" value=\"0\" \/>\n<input type=\"hidden\" name=\"_wpcf7_posted_data_hash\" value=\"\" \/>\n<\/div>\n<p><label> Nombre (required)<br \/>\n<span class=\"wpcf7-form-control-wrap\" data-name=\"your-name\"><input size=\"40\" maxlength=\"400\" class=\"wpcf7-form-control wpcf7-text wpcf7-validates-as-required\" aria-required=\"true\" aria-invalid=\"false\" value=\"\" type=\"text\" name=\"your-name\" \/><\/span> <\/label>\n<\/p>\n<p><label> Correo Electr\u00f3nico (required)<br \/>\n<span class=\"wpcf7-form-control-wrap\" data-name=\"your-email\"><input size=\"40\" maxlength=\"400\" class=\"wpcf7-form-control wpcf7-email wpcf7-validates-as-required wpcf7-text wpcf7-validates-as-email\" aria-required=\"true\" aria-invalid=\"false\" value=\"\" type=\"email\" name=\"your-email\" \/><\/span> <\/label>\n<\/p>\n<p><label> N\u00famero de Tel\u00e9fono (required)<br \/>\n<span class=\"wpcf7-form-control-wrap\" data-name=\"your-phone\"><input size=\"40\" maxlength=\"400\" minlength=\"7\" class=\"wpcf7-form-control wpcf7-text wpcf7-validates-as-required\" aria-required=\"true\" aria-invalid=\"false\" value=\"\" type=\"text\" name=\"your-phone\" \/><\/span> <\/label>\n<\/p>\n<p><label> Mensaje<br \/>\n<span class=\"wpcf7-form-control-wrap\" data-name=\"your-message\"><textarea cols=\"40\" rows=\"10\" maxlength=\"2000\" class=\"wpcf7-form-control wpcf7-textarea\" aria-invalid=\"false\" name=\"your-message\"><\/textarea><\/span> <\/label>\n<\/p>\n<p><div class=\"cf7-cf-turnstile\" style=\"margin-top: 0px; margin-bottom: -15px;\"> <div id=\"cf-turnstile-cf7-223649440\" class=\"cf-turnstile\" data-sitekey=\"0x4AAAAAAAMc9haAStrzwgEc\" data-theme=\"light\" data-language=\"auto\" data-size=\"normal\" data-retry=\"auto\" data-retry-interval=\"1000\" data-refresh-expired=\"auto\" data-refresh-timeout=\"auto\" data-action=\"contact-form-7\" data-callback=\"turnstileCF7Callback\" data-appearance=\"always\"><\/div> <script>document.addEventListener(\"DOMContentLoaded\", function() { setTimeout(function(){ var e=document.getElementById(\"cf-turnstile-cf7-223649440\"); if(e&&!e.innerHTML.trim()){turnstile.render(e, {sitekey:\"0x4AAAAAAAMc9haAStrzwgEc\"});} }, 200); });<\/script> <br class=\"cf-turnstile-br cf-turnstile-br-cf7-223649440\"> <style>#cf-turnstile-cf7-223649440 { margin-left: -15px; }<\/style> <script>document.addEventListener(\"DOMContentLoaded\",function(){document.querySelectorAll('.wpcf7-form').forEach(function(e){e.addEventListener('submit',function(){if(document.getElementById('cf-turnstile-cf7-223649440')){setTimeout(function(){turnstile.reset('#cf-turnstile-cf7-223649440');},1000)}})})});<\/script> <\/div><br\/><input class=\"wpcf7-form-control wpcf7-submit has-spinner\" type=\"submit\" value=\"Enviar\" \/>\n<\/p><p style=\"display: none !important;\" class=\"akismet-fields-container\" data-prefix=\"_wpcf7_ak_\"><label>&#916;<textarea name=\"_wpcf7_ak_hp_textarea\" cols=\"45\" rows=\"8\" maxlength=\"100\"><\/textarea><\/label><input type=\"hidden\" id=\"ak_js_1\" name=\"_wpcf7_ak_js\" value=\"119\"\/><script>document.getElementById( \"ak_js_1\" ).setAttribute( \"value\", ( new Date() ).getTime() );<\/script><\/p><div class=\"wpcf7-response-output\" aria-hidden=\"true\"><\/div>\n<\/form>\n<\/div>\n<\/div>\n<\/div>\n<\/div>\n\n\n\n<p>El trasplante de cabello FUE en Turqu\u00eda es la opci\u00f3n de tecnolog\u00eda m\u00e1s avanzada en comparaci\u00f3n con FUT. Los injertos individuales (que contienen mechones de cabello) se extraen de la parte posterior y lateral de la cabeza con ayuda de un microbisturi cil\u00edndrico &nbsp;de 0.6 mm a 1.2 mm, utilizando micro motores especiales con punta, bajo anestesia local y se trasplantan al \u00e1rea receptora. Hoy la t\u00e9cnica FUE se prefiere en la mayor\u00eda de los procedimientos de trasplante de cabello porque no implica una operaci\u00f3n quir\u00fargica, es una t\u00e9cnica f\u00e1cil de decidir. No hay cortes y puntadas en la extracci\u00f3n o cicatrices y se minimiza el dolor quir\u00fargico. Mediante este m\u00e9todo, los injertos extra\u00eddos se pueden usar en implantes capilares y en trasplantes de barba. Despu\u00e9s de que nuestros especialistas asociados realicen el procedimiento de trasplante de cabello FUE, los resultados ser\u00e1n naturales y densos, ya que no se requiere la extracci\u00f3n de suturas, el tiempo de recuperaci\u00f3n es de aproximadamente 7 d\u00edas. El cabello en crecimiento de por vida cambiar\u00e1 su apariencia de la manera m\u00e1s positiva.<\/p>\n\n\n\n<h2 class=\"wp-block-heading\"><span class=\"ez-toc-section\" id=\"Ventajas_del_trasplante_capilar_FUE\"><\/span>Ventajas del trasplante capilar FUE:<span class=\"ez-toc-section-end\"><\/span><\/h2>\n\n\n\n<ul class=\"wp-block-list\">\n<li>Sobre el m\u00e9todo convencional de la tira, este m\u00e9todo no deja cicatrices y produce poco o nada de dolor e incomodidad.<\/li>\n\n\n\n<li>El tiempo de curaci\u00f3n es mucho m\u00e1s r\u00e1pido; dentro de una semana, el paciente se siente considerablemente m\u00e1s c\u00f3modo despu\u00e9s del trasplante de cabello FUE.<\/li>\n\n\n\n<li>Sin cicatrices, sin necesidad de quitar los puntos y sin necesidad de cuidados especiales.<\/li>\n<\/ul>\n\n\n\n<h2 class=\"wp-block-heading\"><span class=\"ez-toc-section\" id=\"Desventajas_del_trasplante_capilar_FUE\"><\/span>Desventajas del trasplante capilar FUE:<span class=\"ez-toc-section-end\"><\/span><\/h2>\n\n\n\n<ul class=\"wp-block-list\">\n<li>Requiere una experiencia significativa y capacitaci\u00f3n de los especialistas en cabello.<\/li>\n\n\n\n<li>Se debe usar equipo especial durante la operaci\u00f3n.<\/li>\n\n\n\n<li>FUE puede no ser apropiado para el cabello rizado, pero puede decidirse despu\u00e9s de su consulta gratuita con los especialistas.<\/li>\n<\/ul>\n\n\n\n<h2 class=\"wp-block-heading\"><span class=\"ez-toc-section\" id=\"Tecnica_FUT_transferencia_de_unidades_foliculares\"><\/span>T\u00e9cnica FUT (transferencia de unidades foliculares)<span class=\"ez-toc-section-end\"><\/span><\/h2>\n\n\n\n<p>En la t\u00e9cnica FUT, se extrae una tira de cuero cabelludo bajo anestesia local, los injertos tomados de la tira se preparan elaboradamente y se preparan para plantar. M\u00e1s de un especialista necesitaba trabajar simult\u00e1neamente. Al paciente se le deben quitar los puntos despu\u00e9s de una semana. Se deja una peque\u00f1a marca entre los hilos en el trasplante de cabello FUT. Este m\u00e9todo dejar\u00e1 una cicatriz lineal en el \u00e1rea donante. El per\u00edodo de recuperaci\u00f3n es de aproximadamente 2 semanas y requerir\u00e1 que el personal m\u00e9dico retire los puntos de sutura.<\/p>\n\n\n\n<h2 class=\"wp-block-heading\"><span class=\"ez-toc-section\" id=\"Ventajas_del_trasplante_de_cabello_FUT\"><\/span>Ventajas del trasplante de cabello FUT:<span class=\"ez-toc-section-end\"><\/span><\/h2>\n\n\n\n<ul class=\"wp-block-list\">\n<li>La calidad de las unidades foliculares est\u00e1 bien conservada.<\/li>\n\n\n\n<li>La t\u00e9cnica no requiere equipo especial.<\/li>\n<\/ul>\n\n\n\n<h2 class=\"wp-block-heading\"><span class=\"ez-toc-section\" id=\"Desventajas_del_trasplante_de_cabello_FUT\"><\/span>Desventajas del trasplante de cabello FUT:<span class=\"ez-toc-section-end\"><\/span><\/h2>\n\n\n\n<ul class=\"wp-block-list\">\n<li>El n\u00famero de injertos que se pueden extraer de la tira es limitado y se pueden experimentar p\u00e9rdidas en el injerto capilar.<\/li>\n\n\n\n<li>Los di\u00e1metros para los injertos capilares ser\u00e1n mayores en comparaci\u00f3n con la t\u00e9cnica FUE.<\/li>\n\n\n\n<li>Debido al estiramiento de la piel, se puede sentir dolor e incomodidad en la cabeza.<\/li>\n\n\n\n<li>El proceso de curaci\u00f3n dura aproximadamente 2 semanas.<\/li>\n\n\n\n<li>De la cosecha quedar\u00e1n cicatrices detr\u00e1s de la cabeza.<\/li>\n<\/ul>\n<\/p>","protected":false},"excerpt":{"rendered":"<p>Clinic Center, registrado y activo en el Reino Unido, tiene amplias relaciones con centros m\u00e9dicos en Turqu\u00eda. Quienes est\u00e9n interesados en aprovechar las soluciones de calidad premium a este respecto deben completar el formulario de consulta para alcanzar los resultados m\u00e1s deseados. \u00a1Obtenga su plan de tratamiento GRATIS AHORA! El trasplante de cabello FUE en [&hellip;]<\/p>\n","protected":false},"author":2,"featured_media":17296,"parent":17188,"menu_order":0,"comment_status":"closed","ping_status":"closed","template":"","meta":{"_uag_custom_page_level_css":"","_lmt_disableupdate":"no","_lmt_disable":"","site-sidebar-layout":"default","site-content-layout":"default","ast-site-content-layout":"default","site-content-style":"default","site-sidebar-style":"default","ast-global-header-display":"","ast-banner-title-visibility":"","ast-main-header-display":"","ast-hfb-above-header-display":"","ast-hfb-below-header-display":"","ast-hfb-mobile-header-display":"","site-post-title":"","ast-breadcrumbs-content":"","ast-featured-img":"disabled","footer-sml-layout":"","theme-transparent-header-meta":"default","adv-header-id-meta":"","stick-header-meta":"","header-above-stick-meta":"","header-main-stick-meta":"","header-below-stick-meta":"","astra-migrate-meta-layouts":"set","ast-page-background-enabled":"default","ast-page-background-meta":{"desktop":{"background-color":"","background-image":"","background-repeat":"repeat","background-position":"center center","background-size":"auto","background-attachment":"scroll","background-type":"","background-media":"","overlay-type":"","overlay-color":"","overlay-opacity":"","overlay-gradient":""},"tablet":{"background-color":"","background-image":"","background-repeat":"repeat","background-position":"center center","background-size":"auto","background-attachment":"scroll","background-type":"","background-media":"","overlay-type":"","overlay-color":"","overlay-opacity":"","overlay-gradient":""},"mobile":{"background-color":"","background-image":"","background-repeat":"repeat","background-position":"center center","background-size":"auto","background-attachment":"scroll","background-type":"","background-media":"","overlay-type":"","overlay-color":"","overlay-opacity":"","overlay-gradient":""}},"ast-content-background-meta":{"desktop":{"background-color":"var(--ast-global-color-5)","background-image":"","background-repeat":"repeat","background-position":"center center","background-size":"auto","background-attachment":"scroll","background-type":"","background-media":"","overlay-type":"","overlay-color":"","overlay-opacity":"","overlay-gradient":""},"tablet":{"background-color":"var(--ast-global-color-5)","background-image":"","background-repeat":"repeat","background-position":"center center","background-size":"auto","background-attachment":"scroll","background-type":"","background-media":"","overlay-type":"","overlay-color":"","overlay-opacity":"","overlay-gradient":""},"mobile":{"background-color":"var(--ast-global-color-5)","background-image":"","background-repeat":"repeat","background-position":"center center","background-size":"auto","background-attachment":"scroll","background-type":"","background-media":"","overlay-type":"","overlay-color":"","overlay-opacity":"","overlay-gradient":""}},"footnotes":""},"class_list":["post-17294","page","type-page","status-publish","has-post-thumbnail","hentry"],"yoast_head":"<!-- This site is optimized with the Yoast SEO plugin v25.3.1 - https:\/\/yoast.com\/wordpress\/plugins\/seo\/ -->\n<title>Trasplante Capilar FUE<\/title>\n<meta name=\"robots\" content=\"noindex, follow\" \/>\n<meta property=\"og:locale\" content=\"es_ES\" \/>\n<meta property=\"og:type\" content=\"article\" \/>\n<meta property=\"og:title\" content=\"Trasplante Capilar FUE\" \/>\n<meta property=\"og:description\" content=\"Clinic Center, registrado y activo en el Reino Unido, tiene amplias relaciones con centros m\u00e9dicos en Turqu\u00eda. Quienes est\u00e9n interesados en aprovechar las soluciones de calidad premium a este respecto deben completar el formulario de consulta para alcanzar los resultados m\u00e1s deseados. \u00a1Obtenga su plan de tratamiento GRATIS AHORA! El trasplante de cabello FUE en [&hellip;]\" \/>\n<meta property=\"og:url\" content=\"https:\/\/cliniccenter.co.uk\/es\/trasplante-capilar-fue\/\" \/>\n<meta property=\"article:publisher\" content=\"https:\/\/www.facebook.com\/cliniccenter.co.uk\/\" \/>\n<meta property=\"article:modified_time\" content=\"2024-04-19T06:54:15+00:00\" \/>\n<meta property=\"og:image\" content=\"https:\/\/cliniccenter.co.uk\/wp-content\/uploads\/2021\/08\/FUE-Hair-Transplant-in-Turkey.jpg\" \/>\n\t<meta property=\"og:image:width\" content=\"780\" \/>\n\t<meta property=\"og:image:height\" content=\"345\" \/>\n\t<meta property=\"og:image:type\" content=\"image\/jpeg\" \/>\n<meta name=\"twitter:card\" content=\"summary_large_image\" \/>\n<meta name=\"twitter:site\" content=\"@cliniccenteruk\" \/>\n<meta name=\"twitter:label1\" content=\"Tiempo de lectura\" \/>\n\t<meta name=\"twitter:data1\" content=\"3 minutos\" \/>\n<!-- \/ Yoast SEO plugin. -->","yoast_head_json":{"title":"Trasplante Capilar FUE","robots":{"index":"noindex","follow":"follow"},"og_locale":"es_ES","og_type":"article","og_title":"Trasplante Capilar FUE","og_description":"Clinic Center, registrado y activo en el Reino Unido, tiene amplias relaciones con centros m\u00e9dicos en Turqu\u00eda. Quienes est\u00e9n interesados en aprovechar las soluciones de calidad premium a este respecto deben completar el formulario de consulta para alcanzar los resultados m\u00e1s deseados. \u00a1Obtenga su plan de tratamiento GRATIS AHORA! El trasplante de cabello FUE en [&hellip;]","og_url":"https:\/\/cliniccenter.co.uk\/es\/trasplante-capilar-fue\/","article_publisher":"https:\/\/www.facebook.com\/cliniccenter.co.uk\/","article_modified_time":"2024-04-19T06:54:15+00:00","og_image":[{"width":780,"height":345,"url":"https:\/\/cliniccenter.co.uk\/wp-content\/uploads\/2021\/08\/FUE-Hair-Transplant-in-Turkey.jpg","type":"image\/jpeg"}],"twitter_card":"summary_large_image","twitter_site":"@cliniccenteruk","twitter_misc":{"Tiempo de lectura":"3 minutos"},"schema":{"@context":"https:\/\/schema.org","@graph":[{"@type":"WebPage","@id":"https:\/\/cliniccenter.co.uk\/es\/trasplante-capilar-fue\/","url":"https:\/\/cliniccenter.co.uk\/es\/trasplante-capilar-fue\/","name":"Trasplante Capilar FUE","isPartOf":{"@id":"https:\/\/cliniccenter.co.uk\/ro\/#website"},"primaryImageOfPage":{"@id":"https:\/\/cliniccenter.co.uk\/es\/trasplante-capilar-fue\/#primaryimage"},"image":{"@id":"https:\/\/cliniccenter.co.uk\/es\/trasplante-capilar-fue\/#primaryimage"},"thumbnailUrl":"https:\/\/cliniccenter.co.uk\/wp-content\/uploads\/2021\/08\/FUE-Hair-Transplant-in-Turkey.jpg","datePublished":"2018-01-25T08:31:53+00:00","dateModified":"2024-04-19T06:54:15+00:00","breadcrumb":{"@id":"https:\/\/cliniccenter.co.uk\/es\/trasplante-capilar-fue\/#breadcrumb"},"inLanguage":"es","potentialAction":[{"@type":"ReadAction","target":["https:\/\/cliniccenter.co.uk\/es\/trasplante-capilar-fue\/"]}]},{"@type":"ImageObject","inLanguage":"es","@id":"https:\/\/cliniccenter.co.uk\/es\/trasplante-capilar-fue\/#primaryimage","url":"https:\/\/cliniccenter.co.uk\/wp-content\/uploads\/2021\/08\/FUE-Hair-Transplant-in-Turkey.jpg","contentUrl":"https:\/\/cliniccenter.co.uk\/wp-content\/uploads\/2021\/08\/FUE-Hair-Transplant-in-Turkey.jpg","width":780,"height":345},{"@type":"BreadcrumbList","@id":"https:\/\/cliniccenter.co.uk\/es\/trasplante-capilar-fue\/#breadcrumb","itemListElement":[{"@type":"ListItem","position":1,"name":"Home","item":"https:\/\/cliniccenter.co.uk\/es\/"},{"@type":"ListItem","position":2,"name":"Tratamientos","item":"https:\/\/cliniccenter.co.uk\/es\/tratamientos\/"},{"@type":"ListItem","position":3,"name":"Trasplante Capilar","item":"https:\/\/cliniccenter.co.uk\/es\/trasplante-capilar\/"},{"@type":"ListItem","position":4,"name":"Trasplante Capilar FUE"}]},{"@type":"WebSite","@id":"https:\/\/cliniccenter.co.uk\/ro\/#website","url":"https:\/\/cliniccenter.co.uk\/ro\/","name":"","description":"","potentialAction":[{"@type":"SearchAction","target":{"@type":"EntryPoint","urlTemplate":"https:\/\/cliniccenter.co.uk\/ro\/?s={search_term_string}"},"query-input":{"@type":"PropertyValueSpecification","valueRequired":true,"valueName":"search_term_string"}}],"inLanguage":"es"}]}},"uagb_featured_image_src":{"full":["https:\/\/cliniccenter.co.uk\/wp-content\/uploads\/2021\/08\/FUE-Hair-Transplant-in-Turkey.jpg",780,345,false],"thumbnail":["https:\/\/cliniccenter.co.uk\/wp-content\/uploads\/2021\/08\/FUE-Hair-Transplant-in-Turkey-150x150.jpg",150,150,true],"medium":["https:\/\/cliniccenter.co.uk\/wp-content\/uploads\/2021\/08\/FUE-Hair-Transplant-in-Turkey-300x133.jpg",300,133,true],"medium_large":["https:\/\/cliniccenter.co.uk\/wp-content\/uploads\/2021\/08\/FUE-Hair-Transplant-in-Turkey-768x340.jpg",768,340,true],"large":["https:\/\/cliniccenter.co.uk\/wp-content\/uploads\/2021\/08\/FUE-Hair-Transplant-in-Turkey.jpg",780,345,false],"1536x1536":["https:\/\/cliniccenter.co.uk\/wp-content\/uploads\/2021\/08\/FUE-Hair-Transplant-in-Turkey.jpg",780,345,false],"2048x2048":["https:\/\/cliniccenter.co.uk\/wp-content\/uploads\/2021\/08\/FUE-Hair-Transplant-in-Turkey.jpg",780,345,false]},"uagb_author_info":{"display_name":"Sertac Ceki","author_link":"https:\/\/cliniccenter.co.uk\/es\/blog\/author\/sertaccliniccenter-co-uk\/"},"uagb_comment_info":0,"uagb_excerpt":"Clinic Center, registrado y activo en el Reino Unido, tiene amplias relaciones con centros m\u00e9dicos en Turqu\u00eda. Quienes est\u00e9n interesados en aprovechar las soluciones de calidad premium a este respecto deben completar el formulario de consulta para alcanzar los resultados m\u00e1s deseados. \u00a1Obtenga su plan de tratamiento GRATIS AHORA! El trasplante de cabello FUE en&hellip;","_links":{"self":[{"href":"https:\/\/cliniccenter.co.uk\/es\/wp-json\/wp\/v2\/pages\/17294"}],"collection":[{"href":"https:\/\/cliniccenter.co.uk\/es\/wp-json\/wp\/v2\/pages"}],"about":[{"href":"https:\/\/cliniccenter.co.uk\/es\/wp-json\/wp\/v2\/types\/page"}],"author":[{"embeddable":true,"href":"https:\/\/cliniccenter.co.uk\/es\/wp-json\/wp\/v2\/users\/2"}],"replies":[{"embeddable":true,"href":"https:\/\/cliniccenter.co.uk\/es\/wp-json\/wp\/v2\/comments?post=17294"}],"version-history":[{"count":6,"href":"https:\/\/cliniccenter.co.uk\/es\/wp-json\/wp\/v2\/pages\/17294\/revisions"}],"predecessor-version":[{"id":55011,"href":"https:\/\/cliniccenter.co.uk\/es\/wp-json\/wp\/v2\/pages\/17294\/revisions\/55011"}],"up":[{"embeddable":true,"href":"https:\/\/cliniccenter.co.uk\/es\/wp-json\/wp\/v2\/pages\/17188"}],"wp:featuredmedia":[{"embeddable":true,"href":"https:\/\/cliniccenter.co.uk\/es\/wp-json\/wp\/v2\/media\/17296"}],"wp:attachment":[{"href":"https:\/\/cliniccenter.co.uk\/es\/wp-json\/wp\/v2\/media?parent=17294"}],"curies":[{"name":"wp","href":"https:\/\/api.w.org\/{rel}","templated":true}]}}