{"id":17299,"date":"2018-01-25T10:58:21","date_gmt":"2018-01-25T10:58:21","guid":{"rendered":"https:\/\/cliniccenter.co.uk\/tratamientos\/trasplante-capilar\/prp-treatment-in-turkey\/"},"modified":"2022-12-26T10:52:15","modified_gmt":"2022-12-26T10:52:15","slug":"tratamiento-capilar-para-el-cabello","status":"publish","type":"page","link":"https:\/\/cliniccenter.co.uk\/es\/tratamiento-capilar-para-el-cabello\/","title":{"rendered":"Tratamiento capilar"},"content":{"rendered":"\n<div class=\"wp-block-columns is-layout-flex wp-container-core-columns-is-layout-1 wp-block-columns-is-layout-flex\">\n<div class=\"wp-block-column is-layout-flow wp-block-column-is-layout-flow\" style=\"flex-basis:66.66%\">\n<div class=\"wp-block-image\"><figure class=\"aligncenter size-large\"><img decoding=\"async\" width=\"780\" height=\"346\" src=\"https:\/\/cliniccenter.co.uk\/wp-content\/uploads\/2021\/10\/Tratamiento-PRP.jpg\" alt=\"\" class=\"wp-image-20742\" srcset=\"https:\/\/cliniccenter.co.uk\/wp-content\/uploads\/2021\/10\/Tratamiento-PRP.jpg 780w, https:\/\/cliniccenter.co.uk\/wp-content\/uploads\/2021\/10\/Tratamiento-PRP-300x133.jpg 300w, https:\/\/cliniccenter.co.uk\/wp-content\/uploads\/2021\/10\/Tratamiento-PRP-768x341.jpg 768w\" sizes=\"(max-width: 780px) 100vw, 780px\" \/><\/figure><\/div>\n\n\n\n<p>La terapia Tratamiento capilar es un tipo de tratamiento de p\u00e9rdida de cabello que acelera el proceso de curaci\u00f3n de las cicatrices en el cuero cabelludo y desencadena el crecimiento del cabello despu\u00e9s del trasplante de cabello. Complete el formulario de consulta en l\u00ednea para obtener m\u00e1s informaci\u00f3n sobre el tratamiento de p\u00e9rdida de cabello Tratamiento capilar.<\/p>\n<\/div>\n\n\n\n<div class=\"wp-block-column is-layout-flow wp-block-column-is-layout-flow\" style=\"flex-basis:33.33%\">\n<div style=\"padding: 10px; background-color: #0578cf; border: solid 1px #0578cf; color: #fff; border-bottom: 0px;\">\u00a1Obtenga su plan de tratamiento GRATIS AHORA!<\/div>\n<div id=\"treatment_form\" style=\"padding: 10px; background-color: #fff; border: solid 1px #0578cf;\">\n<div class=\"wpcf7 no-js\" id=\"wpcf7-f17199-o1\" lang=\"en-GB\" dir=\"ltr\" data-wpcf7-id=\"17199\">\n<div class=\"screen-reader-response\"><p role=\"status\" aria-live=\"polite\" aria-atomic=\"true\"><\/p><div id=\"ez-toc-container\" class=\"ez-toc-v2_0_82_2 counter-hierarchy ez-toc-counter ez-toc-grey ez-toc-container-direction\">\n<div class=\"ez-toc-title-container\">\n<p class=\"ez-toc-title\" style=\"cursor:inherit\">Table of Contents<\/p>\n<span class=\"ez-toc-title-toggle\"><a href=\"#\" class=\"ez-toc-pull-right ez-toc-btn ez-toc-btn-xs ez-toc-btn-default ez-toc-toggle\" aria-label=\"Alternar tabla de contenidos\"><span class=\"ez-toc-js-icon-con\"><span class=\"\"><span class=\"eztoc-hide\" style=\"display:none;\">Toggle<\/span><span class=\"ez-toc-icon-toggle-span\"><svg style=\"fill: #999;color:#999\" xmlns=\"http:\/\/www.w3.org\/2000\/svg\" class=\"list-377408\" width=\"20px\" height=\"20px\" viewBox=\"0 0 24 24\" fill=\"none\"><path d=\"M6 6H4v2h2V6zm14 0H8v2h12V6zM4 11h2v2H4v-2zm16 0H8v2h12v-2zM4 16h2v2H4v-2zm16 0H8v2h12v-2z\" fill=\"currentColor\"><\/path><\/svg><svg style=\"fill: #999;color:#999\" class=\"arrow-unsorted-368013\" xmlns=\"http:\/\/www.w3.org\/2000\/svg\" width=\"10px\" height=\"10px\" viewBox=\"0 0 24 24\" version=\"1.2\" baseProfile=\"tiny\"><path d=\"M18.2 9.3l-6.2-6.3-6.2 6.3c-.2.2-.3.4-.3.7s.1.5.3.7c.2.2.4.3.7.3h11c.3 0 .5-.1.7-.3.2-.2.3-.5.3-.7s-.1-.5-.3-.7zM5.8 14.7l6.2 6.3 6.2-6.3c.2-.2.3-.5.3-.7s-.1-.5-.3-.7c-.2-.2-.4-.3-.7-.3h-11c-.3 0-.5.1-.7.3-.2.2-.3.5-.3.7s.1.5.3.7z\"\/><\/svg><\/span><\/span><\/span><\/a><\/span><\/div>\n<nav><ul class='ez-toc-list ez-toc-list-level-1 ' ><li class='ez-toc-page-1 ez-toc-heading-level-2'><a class=\"ez-toc-link ez-toc-heading-1\" href=\"https:\/\/cliniccenter.co.uk\/es\/tratamiento-capilar-para-el-cabello\/#Tratamiento_capilar_para_el_cabello\" >Tratamiento capilar para el cabello<\/a><\/li><li class='ez-toc-page-1 ez-toc-heading-level-2'><a class=\"ez-toc-link ez-toc-heading-2\" href=\"https:\/\/cliniccenter.co.uk\/es\/tratamiento-capilar-para-el-cabello\/#Tratamiento_capilar_en_Turquia\" >Tratamiento capilar en Turqu\u00eda<\/a><\/li><li class='ez-toc-page-1 ez-toc-heading-level-2'><a class=\"ez-toc-link ez-toc-heading-3\" href=\"https:\/\/cliniccenter.co.uk\/es\/tratamiento-capilar-para-el-cabello\/#Ventajas_del_Tratamiento_capilar_en_Turquia\" >Ventajas del Tratamiento capilar en Turqu\u00eda<\/a><\/li><\/ul><\/nav><\/div>\n <ul><\/ul><\/div>\n<form action=\"\/es\/wp-json\/wp\/v2\/pages\/17299#wpcf7-f17199-o1\" method=\"post\" class=\"wpcf7-form init\" aria-label=\"Contact form\" novalidate=\"novalidate\" data-status=\"init\">\n<div style=\"display: none;\">\n<input type=\"hidden\" name=\"_wpcf7\" value=\"17199\" \/>\n<input type=\"hidden\" name=\"_wpcf7_version\" value=\"6.0.6\" \/>\n<input type=\"hidden\" name=\"_wpcf7_locale\" value=\"en_GB\" \/>\n<input type=\"hidden\" name=\"_wpcf7_unit_tag\" value=\"wpcf7-f17199-o1\" \/>\n<input type=\"hidden\" name=\"_wpcf7_container_post\" value=\"0\" \/>\n<input type=\"hidden\" name=\"_wpcf7_posted_data_hash\" value=\"\" \/>\n<\/div>\n<p><label> Nombre (required)<br \/>\n<span class=\"wpcf7-form-control-wrap\" data-name=\"your-name\"><input size=\"40\" maxlength=\"400\" class=\"wpcf7-form-control wpcf7-text wpcf7-validates-as-required\" aria-required=\"true\" aria-invalid=\"false\" value=\"\" type=\"text\" name=\"your-name\" \/><\/span> <\/label>\n<\/p>\n<p><label> Correo Electr\u00f3nico (required)<br \/>\n<span class=\"wpcf7-form-control-wrap\" data-name=\"your-email\"><input size=\"40\" maxlength=\"400\" class=\"wpcf7-form-control wpcf7-email wpcf7-validates-as-required wpcf7-text wpcf7-validates-as-email\" aria-required=\"true\" aria-invalid=\"false\" value=\"\" type=\"email\" name=\"your-email\" \/><\/span> <\/label>\n<\/p>\n<p><label> N\u00famero de Tel\u00e9fono (required)<br \/>\n<span class=\"wpcf7-form-control-wrap\" data-name=\"your-phone\"><input size=\"40\" maxlength=\"400\" minlength=\"7\" class=\"wpcf7-form-control wpcf7-text wpcf7-validates-as-required\" aria-required=\"true\" aria-invalid=\"false\" value=\"\" type=\"text\" name=\"your-phone\" \/><\/span> <\/label>\n<\/p>\n<p><label> Mensaje<br \/>\n<span class=\"wpcf7-form-control-wrap\" data-name=\"your-message\"><textarea cols=\"40\" rows=\"10\" maxlength=\"2000\" class=\"wpcf7-form-control wpcf7-textarea\" aria-invalid=\"false\" name=\"your-message\"><\/textarea><\/span> <\/label>\n<\/p>\n<p><div class=\"cf7-cf-turnstile\" style=\"margin-top: 0px; margin-bottom: -15px;\"> <div id=\"cf-turnstile-cf7-887557489\" class=\"cf-turnstile\" data-sitekey=\"0x4AAAAAAAMc9haAStrzwgEc\" data-theme=\"light\" data-language=\"auto\" data-size=\"normal\" data-retry=\"auto\" data-retry-interval=\"1000\" data-refresh-expired=\"auto\" data-refresh-timeout=\"auto\" data-action=\"contact-form-7\" data-callback=\"turnstileCF7Callback\" data-appearance=\"always\"><\/div> <script>document.addEventListener(\"DOMContentLoaded\", function() { setTimeout(function(){ var e=document.getElementById(\"cf-turnstile-cf7-887557489\"); if(e&&!e.innerHTML.trim()){turnstile.render(e, {sitekey:\"0x4AAAAAAAMc9haAStrzwgEc\"});} }, 200); });<\/script> <br class=\"cf-turnstile-br cf-turnstile-br-cf7-887557489\"> <style>#cf-turnstile-cf7-887557489 { margin-left: -15px; }<\/style> <script>document.addEventListener(\"DOMContentLoaded\",function(){document.querySelectorAll('.wpcf7-form').forEach(function(e){e.addEventListener('submit',function(){if(document.getElementById('cf-turnstile-cf7-887557489')){setTimeout(function(){turnstile.reset('#cf-turnstile-cf7-887557489');},1000)}})})});<\/script> <\/div><br\/><input class=\"wpcf7-form-control wpcf7-submit has-spinner\" type=\"submit\" value=\"Enviar\" \/>\n<\/p><p style=\"display: none !important;\" class=\"akismet-fields-container\" data-prefix=\"_wpcf7_ak_\"><label>&#916;<textarea name=\"_wpcf7_ak_hp_textarea\" cols=\"45\" rows=\"8\" maxlength=\"100\"><\/textarea><\/label><input type=\"hidden\" id=\"ak_js_1\" name=\"_wpcf7_ak_js\" value=\"94\"\/><script>document.getElementById( \"ak_js_1\" ).setAttribute( \"value\", ( new Date() ).getTime() );<\/script><\/p><div class=\"wpcf7-response-output\" aria-hidden=\"true\"><\/div>\n<\/form>\n<\/div>\n<\/div>\n<\/div>\n<\/div>\n\n\n\n<h2 class=\"wp-block-heading\"><span class=\"ez-toc-section\" id=\"Tratamiento_capilar_para_el_cabello\"><\/span>Tratamiento capilar para el cabello<span class=\"ez-toc-section-end\"><\/span><\/h2>\n\n\n\n<p>La terapia Tratamiento capilar (plasma rico en plaquetas) es un tipo de tratamiento que acelera el proceso de curaci\u00f3n de las cicatrices y apoya el crecimiento r\u00e1pido del cabello en el trasplante capilar. El tratamiento se utiliz\u00f3 por primera vez para curar lesiones \u00f3seas, musculares y articulares de atletas como los tenistas. Para el tratamiento con Tratamiento capilar, se usa la propia sangre del paciente y se extraen las plaquetas y se inyectan en la piel. Las plaquetas sangu\u00edneas contienen enzimas y factores de crecimiento nutritivos, por lo tanto, juegan un papel importante en la reparaci\u00f3n de tejidos. Cuando se aplica al cuero cabelludo despu\u00e9s del trasplante capilar, el Tratamiento capilar mejora la supervivencia de los fol\u00edculos capilares trasplantados, reduce la posibilidad de cicatrices del procedimiento y estimula el nuevo crecimiento del cabello. \u00a0 Los pacientes de Clinic Center han observado que la p\u00e9rdida de cabello es relativamente menor en el \u00e1rea de tratamiento despu\u00e9s de la operaci\u00f3n y que el cabello trasplantado crece m\u00e1s fuertemente y tambi\u00e9n las cicatrices de los pacientes que recibieron apoyo de Tratamiento capilar antes de que se curen m\u00e1s r\u00e1pidamente. Se necesita una hora para la aplicaci\u00f3n del Tratamiento capilar y el tratamiento se realiza inmediatamente despu\u00e9s del procedimiento de trasplante de cabello para que no pierda el tiempo. La Sociedad Internacional de Cirug\u00eda de Restauraci\u00f3n del Cabello (ISHRS) informa que el tratamiento con Tratamiento capilar en el trasplante de cabello no es experimental, por lo tanto, es confiable y tiene efectos positivos para sus resultados.<\/p>\n\n\n\n<h2 class=\"wp-block-heading\"><span class=\"ez-toc-section\" id=\"Tratamiento_capilar_en_Turquia\"><\/span>Tratamiento capilar en Turqu\u00eda<span class=\"ez-toc-section-end\"><\/span><\/h2>\n\n\n\n<ul class=\"wp-block-list\"><li>Se toma sangre del paciente antes del procedimiento de trasplante de cabello.<\/li><li>Luego la sangre se coloca en una centr\u00edfuga y se mantiene durante 5 minutos.<\/li><li>Las plaquetas se separan de otras c\u00e9lulas sangu\u00edneas.<\/li><li>El plasma que es rico en plaquetas se inyecta en la piel del cuero cabelludo.<\/li><li>Todo el procedimiento dura entre 30 y 45 minutos.<\/li><\/ul>\n\n\n\n<h2 class=\"wp-block-heading\"><span class=\"ez-toc-section\" id=\"Ventajas_del_Tratamiento_capilar_en_Turquia\"><\/span>Ventajas del Tratamiento capilar en Turqu\u00eda<span class=\"ez-toc-section-end\"><\/span><\/h2>\n\n\n\n<ul class=\"wp-block-list\"><li>Como se usa la misma sangre del paciente a tratar en el tratamiento, no hay riesgo de reacci\u00f3n al\u00e9rgica o infecci\u00f3n.<\/li><li>Es una forma r\u00e1pida de estimular la curaci\u00f3n y minimizar las cicatrices.<\/li><li>La terapia Tratamiento capilar es un tratamiento no quir\u00fargico.<\/li><li>El tratamiento Tratamiento capilar se puede realizar el mismo d\u00eda en que se realiza el trasplante de cabello, evitando cualquier p\u00e9rdida de tiempo.<\/li><\/ul>\n<\/p>","protected":false},"excerpt":{"rendered":"<p>La terapia Tratamiento capilar es un tipo de tratamiento de p\u00e9rdida de cabello que acelera el proceso de curaci\u00f3n de las cicatrices en el cuero cabelludo y desencadena el crecimiento del cabello despu\u00e9s del trasplante de cabello. Complete el formulario de consulta en l\u00ednea para obtener m\u00e1s informaci\u00f3n sobre el tratamiento de p\u00e9rdida de cabello [&hellip;]<\/p>\n","protected":false},"author":2,"featured_media":17300,"parent":17188,"menu_order":0,"comment_status":"closed","ping_status":"closed","template":"","meta":{"_uag_custom_page_level_css":"","_lmt_disableupdate":"no","_lmt_disable":"","site-sidebar-layout":"default","site-content-layout":"default","ast-site-content-layout":"default","site-content-style":"default","site-sidebar-style":"default","ast-global-header-display":"","ast-banner-title-visibility":"","ast-main-header-display":"","ast-hfb-above-header-display":"","ast-hfb-below-header-display":"","ast-hfb-mobile-header-display":"","site-post-title":"","ast-breadcrumbs-content":"","ast-featured-img":"disabled","footer-sml-layout":"","theme-transparent-header-meta":"default","adv-header-id-meta":"","stick-header-meta":"","header-above-stick-meta":"","header-main-stick-meta":"","header-below-stick-meta":"","astra-migrate-meta-layouts":"default","ast-page-background-enabled":"default","ast-page-background-meta":{"desktop":{"background-color":"","background-image":"","background-repeat":"repeat","background-position":"center center","background-size":"auto","background-attachment":"scroll","background-type":"","background-media":"","overlay-type":"","overlay-color":"","overlay-opacity":"","overlay-gradient":""},"tablet":{"background-color":"","background-image":"","background-repeat":"repeat","background-position":"center center","background-size":"auto","background-attachment":"scroll","background-type":"","background-media":"","overlay-type":"","overlay-color":"","overlay-opacity":"","overlay-gradient":""},"mobile":{"background-color":"","background-image":"","background-repeat":"repeat","background-position":"center center","background-size":"auto","background-attachment":"scroll","background-type":"","background-media":"","overlay-type":"","overlay-color":"","overlay-opacity":"","overlay-gradient":""}},"ast-content-background-meta":{"desktop":{"background-color":"var(--ast-global-color-5)","background-image":"","background-repeat":"repeat","background-position":"center center","background-size":"auto","background-attachment":"scroll","background-type":"","background-media":"","overlay-type":"","overlay-color":"","overlay-opacity":"","overlay-gradient":""},"tablet":{"background-color":"var(--ast-global-color-5)","background-image":"","background-repeat":"repeat","background-position":"center center","background-size":"auto","background-attachment":"scroll","background-type":"","background-media":"","overlay-type":"","overlay-color":"","overlay-opacity":"","overlay-gradient":""},"mobile":{"background-color":"var(--ast-global-color-5)","background-image":"","background-repeat":"repeat","background-position":"center center","background-size":"auto","background-attachment":"scroll","background-type":"","background-media":"","overlay-type":"","overlay-color":"","overlay-opacity":"","overlay-gradient":""}},"footnotes":""},"class_list":["post-17299","page","type-page","status-publish","has-post-thumbnail","hentry"],"yoast_head":"<!-- This site is optimized with the Yoast SEO plugin v25.3.1 - https:\/\/yoast.com\/wordpress\/plugins\/seo\/ -->\n<title>Tratamiento Capilar<\/title>\n<meta name=\"robots\" content=\"index, follow, max-snippet:-1, max-image-preview:large, max-video-preview:-1\" \/>\n<link rel=\"canonical\" href=\"https:\/\/cliniccenter.co.uk\/es\/tratamiento-capilar-para-el-cabello\/\" \/>\n<meta property=\"og:locale\" content=\"es_ES\" \/>\n<meta property=\"og:type\" content=\"article\" \/>\n<meta property=\"og:title\" content=\"Tratamiento Capilar\" \/>\n<meta property=\"og:description\" content=\"La terapia Tratamiento capilar es un tipo de tratamiento de p\u00e9rdida de cabello que acelera el proceso de curaci\u00f3n de las cicatrices en el cuero cabelludo y desencadena el crecimiento del cabello despu\u00e9s del trasplante de cabello. Complete el formulario de consulta en l\u00ednea para obtener m\u00e1s informaci\u00f3n sobre el tratamiento de p\u00e9rdida de cabello [&hellip;]\" \/>\n<meta property=\"og:url\" content=\"https:\/\/cliniccenter.co.uk\/es\/tratamiento-capilar-para-el-cabello\/\" \/>\n<meta property=\"article:publisher\" content=\"https:\/\/www.facebook.com\/cliniccenter.co.uk\/\" \/>\n<meta property=\"article:modified_time\" content=\"2022-12-26T10:52:15+00:00\" \/>\n<meta property=\"og:image\" content=\"https:\/\/cliniccenter.co.uk\/wp-content\/uploads\/2021\/08\/PRPTreatment.jpg\" \/>\n\t<meta property=\"og:image:width\" content=\"780\" \/>\n\t<meta property=\"og:image:height\" content=\"345\" \/>\n\t<meta property=\"og:image:type\" content=\"image\/jpeg\" \/>\n<meta name=\"twitter:card\" content=\"summary_large_image\" \/>\n<meta name=\"twitter:site\" content=\"@cliniccenteruk\" \/>\n<meta name=\"twitter:label1\" content=\"Tiempo de lectura\" \/>\n\t<meta name=\"twitter:data1\" content=\"3 minutos\" \/>\n<!-- \/ Yoast SEO plugin. -->","yoast_head_json":{"title":"Tratamiento Capilar","robots":{"index":"index","follow":"follow","max-snippet":"max-snippet:-1","max-image-preview":"max-image-preview:large","max-video-preview":"max-video-preview:-1"},"canonical":"https:\/\/cliniccenter.co.uk\/es\/tratamiento-capilar-para-el-cabello\/","og_locale":"es_ES","og_type":"article","og_title":"Tratamiento Capilar","og_description":"La terapia Tratamiento capilar es un tipo de tratamiento de p\u00e9rdida de cabello que acelera el proceso de curaci\u00f3n de las cicatrices en el cuero cabelludo y desencadena el crecimiento del cabello despu\u00e9s del trasplante de cabello. Complete el formulario de consulta en l\u00ednea para obtener m\u00e1s informaci\u00f3n sobre el tratamiento de p\u00e9rdida de cabello [&hellip;]","og_url":"https:\/\/cliniccenter.co.uk\/es\/tratamiento-capilar-para-el-cabello\/","article_publisher":"https:\/\/www.facebook.com\/cliniccenter.co.uk\/","article_modified_time":"2022-12-26T10:52:15+00:00","og_image":[{"width":780,"height":345,"url":"https:\/\/cliniccenter.co.uk\/wp-content\/uploads\/2021\/08\/PRPTreatment.jpg","type":"image\/jpeg"}],"twitter_card":"summary_large_image","twitter_site":"@cliniccenteruk","twitter_misc":{"Tiempo de lectura":"3 minutos"},"schema":{"@context":"https:\/\/schema.org","@graph":[{"@type":"WebPage","@id":"https:\/\/cliniccenter.co.uk\/es\/tratamiento-capilar-para-el-cabello\/","url":"https:\/\/cliniccenter.co.uk\/es\/tratamiento-capilar-para-el-cabello\/","name":"Tratamiento Capilar","isPartOf":{"@id":"https:\/\/cliniccenter.co.uk\/ro\/#website"},"primaryImageOfPage":{"@id":"https:\/\/cliniccenter.co.uk\/es\/tratamiento-capilar-para-el-cabello\/#primaryimage"},"image":{"@id":"https:\/\/cliniccenter.co.uk\/es\/tratamiento-capilar-para-el-cabello\/#primaryimage"},"thumbnailUrl":"https:\/\/cliniccenter.co.uk\/wp-content\/uploads\/2021\/08\/PRPTreatment.jpg","datePublished":"2018-01-25T10:58:21+00:00","dateModified":"2022-12-26T10:52:15+00:00","breadcrumb":{"@id":"https:\/\/cliniccenter.co.uk\/es\/tratamiento-capilar-para-el-cabello\/#breadcrumb"},"inLanguage":"es","potentialAction":[{"@type":"ReadAction","target":["https:\/\/cliniccenter.co.uk\/es\/tratamiento-capilar-para-el-cabello\/"]}]},{"@type":"ImageObject","inLanguage":"es","@id":"https:\/\/cliniccenter.co.uk\/es\/tratamiento-capilar-para-el-cabello\/#primaryimage","url":"https:\/\/cliniccenter.co.uk\/wp-content\/uploads\/2021\/08\/PRPTreatment.jpg","contentUrl":"https:\/\/cliniccenter.co.uk\/wp-content\/uploads\/2021\/08\/PRPTreatment.jpg","width":780,"height":345},{"@type":"BreadcrumbList","@id":"https:\/\/cliniccenter.co.uk\/es\/tratamiento-capilar-para-el-cabello\/#breadcrumb","itemListElement":[{"@type":"ListItem","position":1,"name":"Home","item":"https:\/\/cliniccenter.co.uk\/es\/"},{"@type":"ListItem","position":2,"name":"Tratamientos","item":"https:\/\/cliniccenter.co.uk\/es\/tratamientos\/"},{"@type":"ListItem","position":3,"name":"Trasplante Capilar","item":"https:\/\/cliniccenter.co.uk\/es\/trasplante-capilar\/"},{"@type":"ListItem","position":4,"name":"Tratamiento capilar"}]},{"@type":"WebSite","@id":"https:\/\/cliniccenter.co.uk\/ro\/#website","url":"https:\/\/cliniccenter.co.uk\/ro\/","name":"","description":"","potentialAction":[{"@type":"SearchAction","target":{"@type":"EntryPoint","urlTemplate":"https:\/\/cliniccenter.co.uk\/ro\/?s={search_term_string}"},"query-input":{"@type":"PropertyValueSpecification","valueRequired":true,"valueName":"search_term_string"}}],"inLanguage":"es"}]}},"uagb_featured_image_src":{"full":["https:\/\/cliniccenter.co.uk\/wp-content\/uploads\/2021\/08\/PRPTreatment.jpg",780,345,false],"thumbnail":["https:\/\/cliniccenter.co.uk\/wp-content\/uploads\/2021\/08\/PRPTreatment-150x150.jpg",150,150,true],"medium":["https:\/\/cliniccenter.co.uk\/wp-content\/uploads\/2021\/08\/PRPTreatment-300x133.jpg",300,133,true],"medium_large":["https:\/\/cliniccenter.co.uk\/wp-content\/uploads\/2021\/08\/PRPTreatment-768x340.jpg",768,340,true],"large":["https:\/\/cliniccenter.co.uk\/wp-content\/uploads\/2021\/08\/PRPTreatment.jpg",780,345,false],"1536x1536":["https:\/\/cliniccenter.co.uk\/wp-content\/uploads\/2021\/08\/PRPTreatment.jpg",780,345,false],"2048x2048":["https:\/\/cliniccenter.co.uk\/wp-content\/uploads\/2021\/08\/PRPTreatment.jpg",780,345,false]},"uagb_author_info":{"display_name":"Sertac Ceki","author_link":"https:\/\/cliniccenter.co.uk\/es\/blog\/author\/sertaccliniccenter-co-uk\/"},"uagb_comment_info":0,"uagb_excerpt":"La terapia Tratamiento capilar es un tipo de tratamiento de p\u00e9rdida de cabello que acelera el proceso de curaci\u00f3n de las cicatrices en el cuero cabelludo y desencadena el crecimiento del cabello despu\u00e9s del trasplante de cabello. Complete el formulario de consulta en l\u00ednea para obtener m\u00e1s informaci\u00f3n sobre el tratamiento de p\u00e9rdida de cabello&hellip;","_links":{"self":[{"href":"https:\/\/cliniccenter.co.uk\/es\/wp-json\/wp\/v2\/pages\/17299"}],"collection":[{"href":"https:\/\/cliniccenter.co.uk\/es\/wp-json\/wp\/v2\/pages"}],"about":[{"href":"https:\/\/cliniccenter.co.uk\/es\/wp-json\/wp\/v2\/types\/page"}],"author":[{"embeddable":true,"href":"https:\/\/cliniccenter.co.uk\/es\/wp-json\/wp\/v2\/users\/2"}],"replies":[{"embeddable":true,"href":"https:\/\/cliniccenter.co.uk\/es\/wp-json\/wp\/v2\/comments?post=17299"}],"version-history":[{"count":3,"href":"https:\/\/cliniccenter.co.uk\/es\/wp-json\/wp\/v2\/pages\/17299\/revisions"}],"predecessor-version":[{"id":41804,"href":"https:\/\/cliniccenter.co.uk\/es\/wp-json\/wp\/v2\/pages\/17299\/revisions\/41804"}],"up":[{"embeddable":true,"href":"https:\/\/cliniccenter.co.uk\/es\/wp-json\/wp\/v2\/pages\/17188"}],"wp:featuredmedia":[{"embeddable":true,"href":"https:\/\/cliniccenter.co.uk\/es\/wp-json\/wp\/v2\/media\/17300"}],"wp:attachment":[{"href":"https:\/\/cliniccenter.co.uk\/es\/wp-json\/wp\/v2\/media?parent=17299"}],"curies":[{"name":"wp","href":"https:\/\/api.w.org\/{rel}","templated":true}]}}