{"id":17356,"date":"2018-01-25T11:11:08","date_gmt":"2018-01-25T11:11:08","guid":{"rendered":"https:\/\/cliniccenter.co.uk\/tratamientos\/trasplante-capilar\/norwood-scale\/"},"modified":"2024-04-19T06:55:23","modified_gmt":"2024-04-19T06:55:23","slug":"escala-norwood","status":"publish","type":"page","link":"https:\/\/cliniccenter.co.uk\/es\/escala-norwood\/","title":{"rendered":"Escala Norwood"},"content":{"rendered":"\n<div class=\"wp-block-columns is-layout-flex wp-container-core-columns-is-layout-1 wp-block-columns-is-layout-flex\">\n<div class=\"wp-block-column is-layout-flow wp-block-column-is-layout-flow\" style=\"flex-basis:66.66%\">\n<figure class=\"wp-block-image size-full skip-lazy\"><img decoding=\"async\" width=\"780\" height=\"346\" src=\"https:\/\/cliniccenter.co.uk\/wp-content\/uploads\/2024\/04\/\u0428\u043a\u0430\u043b\u0430-\u041d\u043e\u0440\u0432\u0443\u0434-1-90-1.webp\" alt=\"\" class=\"wp-image-55012\" srcset=\"https:\/\/cliniccenter.co.uk\/wp-content\/uploads\/2024\/04\/\u0428\u043a\u0430\u043b\u0430-\u041d\u043e\u0440\u0432\u0443\u0434-1-90-1.webp 780w, https:\/\/cliniccenter.co.uk\/wp-content\/uploads\/2024\/04\/\u0428\u043a\u0430\u043b\u0430-\u041d\u043e\u0440\u0432\u0443\u0434-1-90-1-300x133.webp 300w, https:\/\/cliniccenter.co.uk\/wp-content\/uploads\/2024\/04\/\u0428\u043a\u0430\u043b\u0430-\u041d\u043e\u0440\u0432\u0443\u0434-1-90-1-768x341.webp 768w\" sizes=\"(max-width: 780px) 100vw, 780px\" \/><\/figure>\n\n\n\n<p>Clinic Center, registrado en el Reino Unido, ofrece un trasplante capilar asequible en Turqu\u00eda con m\u00e9todos FUE y DHI. Complete el formulario de consulta para obtener un plan de tratamiento personalizado y lograr resultados de trasplante capilar de calidad.<\/p>\n<\/div>\n\n\n\n<div class=\"wp-block-column is-layout-flow wp-block-column-is-layout-flow\" style=\"flex-basis:33.33%\">\n<div style=\"padding: 10px; background-color: #0578cf; border: solid 1px #0578cf; color: #fff; border-bottom: 0px;\">\u00a1Obtenga su plan de tratamiento GRATIS AHORA!<\/div>\n<div id=\"treatment_form\" style=\"padding: 10px; background-color: #fff; border: solid 1px #0578cf;\">\n<div class=\"wpcf7 no-js\" id=\"wpcf7-f17199-o1\" lang=\"en-GB\" dir=\"ltr\" data-wpcf7-id=\"17199\">\n<div class=\"screen-reader-response\"><p role=\"status\" aria-live=\"polite\" aria-atomic=\"true\"><\/p><div id=\"ez-toc-container\" class=\"ez-toc-v2_0_80 counter-hierarchy ez-toc-counter ez-toc-grey ez-toc-container-direction\">\n<div class=\"ez-toc-title-container\">\n<p class=\"ez-toc-title\" style=\"cursor:inherit\">Table of Contents<\/p>\n<span class=\"ez-toc-title-toggle\"><a href=\"#\" class=\"ez-toc-pull-right ez-toc-btn ez-toc-btn-xs ez-toc-btn-default ez-toc-toggle\" aria-label=\"Alternar tabla de contenidos\"><span class=\"ez-toc-js-icon-con\"><span class=\"\"><span class=\"eztoc-hide\" style=\"display:none;\">Toggle<\/span><span class=\"ez-toc-icon-toggle-span\"><svg style=\"fill: #999;color:#999\" xmlns=\"http:\/\/www.w3.org\/2000\/svg\" class=\"list-377408\" width=\"20px\" height=\"20px\" viewBox=\"0 0 24 24\" fill=\"none\"><path d=\"M6 6H4v2h2V6zm14 0H8v2h12V6zM4 11h2v2H4v-2zm16 0H8v2h12v-2zM4 16h2v2H4v-2zm16 0H8v2h12v-2z\" fill=\"currentColor\"><\/path><\/svg><svg style=\"fill: #999;color:#999\" class=\"arrow-unsorted-368013\" xmlns=\"http:\/\/www.w3.org\/2000\/svg\" width=\"10px\" height=\"10px\" viewBox=\"0 0 24 24\" version=\"1.2\" baseProfile=\"tiny\"><path d=\"M18.2 9.3l-6.2-6.3-6.2 6.3c-.2.2-.3.4-.3.7s.1.5.3.7c.2.2.4.3.7.3h11c.3 0 .5-.1.7-.3.2-.2.3-.5.3-.7s-.1-.5-.3-.7zM5.8 14.7l6.2 6.3 6.2-6.3c.2-.2.3-.5.3-.7s-.1-.5-.3-.7c-.2-.2-.4-.3-.7-.3h-11c-.3 0-.5.1-.7.3-.2.2-.3.5-.3.7s.1.5.3.7z\"\/><\/svg><\/span><\/span><\/span><\/a><\/span><\/div>\n<nav><ul class='ez-toc-list ez-toc-list-level-1 ' ><li class='ez-toc-page-1 ez-toc-heading-level-2'><a class=\"ez-toc-link ez-toc-heading-1\" href=\"https:\/\/cliniccenter.co.uk\/es\/escala-norwood\/#Escala_Norwood_1\" >Escala Norwood 1<\/a><\/li><li class='ez-toc-page-1 ez-toc-heading-level-2'><a class=\"ez-toc-link ez-toc-heading-2\" href=\"https:\/\/cliniccenter.co.uk\/es\/escala-norwood\/#Escala_Norwood_2\" >Escala Norwood 2<\/a><\/li><li class='ez-toc-page-1 ez-toc-heading-level-2'><a class=\"ez-toc-link ez-toc-heading-3\" href=\"https:\/\/cliniccenter.co.uk\/es\/escala-norwood\/#Escala_Norwood_3_Vertex\" >Escala Norwood 3 Vertex<\/a><\/li><li class='ez-toc-page-1 ez-toc-heading-level-2'><a class=\"ez-toc-link ez-toc-heading-4\" href=\"https:\/\/cliniccenter.co.uk\/es\/escala-norwood\/#Escala_Norwood_4\" >Escala Norwood 4<\/a><\/li><li class='ez-toc-page-1 ez-toc-heading-level-2'><a class=\"ez-toc-link ez-toc-heading-5\" href=\"https:\/\/cliniccenter.co.uk\/es\/escala-norwood\/#Escala_Norwood_5\" >Escala Norwood 5<\/a><\/li><li class='ez-toc-page-1 ez-toc-heading-level-2'><a class=\"ez-toc-link ez-toc-heading-6\" href=\"https:\/\/cliniccenter.co.uk\/es\/escala-norwood\/#Escala_Norwood_6\" >Escala Norwood 6<\/a><\/li><li class='ez-toc-page-1 ez-toc-heading-level-2'><a class=\"ez-toc-link ez-toc-heading-7\" href=\"https:\/\/cliniccenter.co.uk\/es\/escala-norwood\/#Escala_Norwood_7\" >Escala Norwood 7<\/a><\/li><\/ul><\/nav><\/div>\n <ul><\/ul><\/div>\n<form action=\"\/es\/wp-json\/wp\/v2\/pages\/17356#wpcf7-f17199-o1\" method=\"post\" class=\"wpcf7-form init\" aria-label=\"Contact form\" novalidate=\"novalidate\" data-status=\"init\">\n<div style=\"display: none;\">\n<input type=\"hidden\" name=\"_wpcf7\" value=\"17199\" \/>\n<input type=\"hidden\" name=\"_wpcf7_version\" value=\"6.0.6\" \/>\n<input type=\"hidden\" name=\"_wpcf7_locale\" value=\"en_GB\" \/>\n<input type=\"hidden\" name=\"_wpcf7_unit_tag\" value=\"wpcf7-f17199-o1\" \/>\n<input type=\"hidden\" name=\"_wpcf7_container_post\" value=\"0\" \/>\n<input type=\"hidden\" name=\"_wpcf7_posted_data_hash\" value=\"\" \/>\n<\/div>\n<p><label> Nombre (required)<br \/>\n<span class=\"wpcf7-form-control-wrap\" data-name=\"your-name\"><input size=\"40\" maxlength=\"400\" class=\"wpcf7-form-control wpcf7-text wpcf7-validates-as-required\" aria-required=\"true\" aria-invalid=\"false\" value=\"\" type=\"text\" name=\"your-name\" \/><\/span> <\/label>\n<\/p>\n<p><label> Correo Electr\u00f3nico (required)<br \/>\n<span class=\"wpcf7-form-control-wrap\" data-name=\"your-email\"><input size=\"40\" maxlength=\"400\" class=\"wpcf7-form-control wpcf7-email wpcf7-validates-as-required wpcf7-text wpcf7-validates-as-email\" aria-required=\"true\" aria-invalid=\"false\" value=\"\" type=\"email\" name=\"your-email\" \/><\/span> <\/label>\n<\/p>\n<p><label> N\u00famero de Tel\u00e9fono (required)<br \/>\n<span class=\"wpcf7-form-control-wrap\" data-name=\"your-phone\"><input size=\"40\" maxlength=\"400\" minlength=\"7\" class=\"wpcf7-form-control wpcf7-text wpcf7-validates-as-required\" aria-required=\"true\" aria-invalid=\"false\" value=\"\" type=\"text\" name=\"your-phone\" \/><\/span> <\/label>\n<\/p>\n<p><label> Mensaje<br \/>\n<span class=\"wpcf7-form-control-wrap\" data-name=\"your-message\"><textarea cols=\"40\" rows=\"10\" maxlength=\"2000\" class=\"wpcf7-form-control wpcf7-textarea\" aria-invalid=\"false\" name=\"your-message\"><\/textarea><\/span> <\/label>\n<\/p>\n<p><div class=\"cf7-cf-turnstile\" style=\"margin-top: 0px; margin-bottom: -15px;\"> <div id=\"cf-turnstile-cf7-94639706\" class=\"cf-turnstile\" data-sitekey=\"0x4AAAAAAAMc9haAStrzwgEc\" data-theme=\"light\" data-language=\"auto\" data-size=\"normal\" data-retry=\"auto\" data-retry-interval=\"1000\" data-refresh-expired=\"auto\" data-action=\"contact-form-7\" data-appearance=\"always\"><\/div> <script>document.addEventListener(\"DOMContentLoaded\", function() { setTimeout(function(){ var e=document.getElementById(\"cf-turnstile-cf7-94639706\"); e&&!e.innerHTML.trim()&&(turnstile.remove(\"#cf-turnstile-cf7-94639706\"), turnstile.render(\"#cf-turnstile-cf7-94639706\", {sitekey:\"0x4AAAAAAAMc9haAStrzwgEc\"})); }, 100); });<\/script> <br class=\"cf-turnstile-br cf-turnstile-br-cf7-94639706\"> <style>#cf-turnstile-cf7-94639706 { margin-left: -15px; }<\/style> <script>document.addEventListener(\"DOMContentLoaded\",function(){document.querySelectorAll('.wpcf7-form').forEach(function(e){e.addEventListener('submit',function(){if(document.getElementById('cf-turnstile-cf7-94639706')){setTimeout(function(){turnstile.reset('#cf-turnstile-cf7-94639706');},1000)}})})});<\/script> <\/div><br\/><input class=\"wpcf7-form-control wpcf7-submit has-spinner\" type=\"submit\" value=\"Enviar\" \/>\n<\/p><p style=\"display: none !important;\" class=\"akismet-fields-container\" data-prefix=\"_wpcf7_ak_\"><label>&#916;<textarea name=\"_wpcf7_ak_hp_textarea\" cols=\"45\" rows=\"8\" maxlength=\"100\"><\/textarea><\/label><input type=\"hidden\" id=\"ak_js_1\" name=\"_wpcf7_ak_js\" value=\"124\"\/><script>document.getElementById( \"ak_js_1\" ).setAttribute( \"value\", ( new Date() ).getTime() );<\/script><\/p><div class=\"wpcf7-response-output\" aria-hidden=\"true\"><\/div>\n<\/form>\n<\/div>\n<\/div>\n<\/div>\n<\/div>\n\n\n<p>En la d\u00e9cada de 1950, el Dr. James Hamilton introdujo la primera versi\u00f3n de la escala y m\u00e1s tarde en la d\u00e9cada de 1970 fue actualizada por el Dr. O\u2019Tar Norwood. Desde entonces, la escala Norwood Hamilton se ha convertido en una herramienta \u00fatil para los m\u00e9dicos, tric\u00f3logos y equipo m\u00e9dico para clasificar la calvicie de patr\u00f3n masculino en el tratamiento de la p\u00e9rdida de cabello.<\/p>\n\n<p>El equipo m\u00e9dico de Clinic Center en Turqu\u00eda utiliza esta escala espec\u00edfica mientras prepara su plan de tratamiento personalizado antes del procedimiento de trasplante de cabello. Puede encontrar la gravedad de la p\u00e9rdida de cabello en la escala al ver las im\u00e1genes a continuaci\u00f3n.<\/p>\n<div>&nbsp;<\/div>\n<h2><span class=\"ez-toc-section\" id=\"Escala_Norwood_1\"><\/span>Escala Norwood 1<span class=\"ez-toc-section-end\"><\/span><\/h2>\n<p><img decoding=\"async\" class=\"lazy alignleft wp-image-2422 size-full lazy-loaded\" src=\"https:\/\/cliniccenter.co.uk\/wp-content\/uploads\/2018\/02\/norwood1.jpg\" alt=\"Norwood Stage 1\" width=\"135\" height=\"75\" data-lazy-type=\"image\" data-lazy-src=\"https:\/\/cliniccenter.co.uk\/wp-content\/uploads\/2018\/02\/norwood1.jpg\"><\/p>\n<p>La m\u00e1s leve&nbsp; p\u00e9rdida de cabello en la l\u00ednea del frontal, pero si tienes alopecia gen\u00e9tica, sigue de cerca tu caso y decide el momento adecuado para el tratamiento.<\/p>\n\n<div>&nbsp;<\/div>\n<h2><span class=\"ez-toc-section\" id=\"Escala_Norwood_2\"><\/span>Escala Norwood 2<span class=\"ez-toc-section-end\"><\/span><\/h2>\n<p><img decoding=\"async\" class=\"lazy alignleft wp-image-2423 size-full lazy-loaded\" src=\"https:\/\/cliniccenter.co.uk\/wp-content\/uploads\/2018\/02\/norwood2.jpg\" alt=\"Norwood Stage 2\" width=\"131\" height=\"73\" data-lazy-type=\"image\" data-lazy-src=\"https:\/\/cliniccenter.co.uk\/wp-content\/uploads\/2018\/02\/norwood2.jpg\"><\/p>\n<p>P\u00e9rdida de cabello en los lados temporales frontales, de forma triangular en ambas partes. Tambi\u00e9n peque\u00f1a cantidad de alopecia en el medio de la cabeza frontal. En esta etapa, determine las razones de la p\u00e9rdida de cabello, la calvicie de patr\u00f3n masculino, etc.<\/p>\n\n<p>Para las etapas 1 y 2, un procedimiento de trasplante capilar de peque\u00f1o a moderado ser\u00eda beneficioso para restaurar la l\u00ednea del cabello y puede mejorar en gran medida la apariencia general y aumentar la confianza en s\u00ed mismo.<\/p>\n<div>&nbsp;<\/div>\n<h2><span class=\"ez-toc-section\" id=\"Escala_Norwood_3_Vertex\"><\/span>Escala Norwood 3 Vertex<span class=\"ez-toc-section-end\"><\/span><\/h2>\n<p><img decoding=\"async\" class=\"lazy alignleft wp-image-2424 size-full lazy-loaded\" src=\"https:\/\/cliniccenter.co.uk\/wp-content\/uploads\/2018\/02\/norwood3.jpg\" alt=\"Norwood Stage 3\" width=\"137\" height=\"81\" data-lazy-type=\"image\" data-lazy-src=\"https:\/\/cliniccenter.co.uk\/wp-content\/uploads\/2018\/02\/norwood3.jpg\"><\/p>\n<p>Cantidad peque\u00f1a o moderada de p\u00e9rdida de cabello, a partir de esta etapa hay una condici\u00f3n continua de calvicie. P\u00e9rdida de cabello clara en las sienes con recesi\u00f3n sim\u00e9trica y una peque\u00f1a cantidad de p\u00e9rdida de cabello en el \u00e1rea de la corona. Se espera el tratamiento del trasplante de cabello.<\/p>\n\n<p>Para la Etapa 3, un trasplante de cabello moderado en la l\u00ednea frontal del cabello y el \u00e1rea del v\u00e9rtice, as\u00ed como la corona, ser\u00eda beneficioso para restaurar la densidad, el volumen y ayuda a enmarcar la cara.<\/p>\n<div>&nbsp;<\/div>\n<h2><span class=\"ez-toc-section\" id=\"Escala_Norwood_4\"><\/span>Escala Norwood 4<span class=\"ez-toc-section-end\"><\/span><\/h2>\n<p><img decoding=\"async\" class=\"lazy alignleft wp-image-2425 size-full lazy-loaded\" src=\"https:\/\/cliniccenter.co.uk\/wp-content\/uploads\/2018\/02\/norwood4.jpg\" alt=\"Norwood Stage 4\" width=\"131\" height=\"69\" data-lazy-type=\"image\" data-lazy-src=\"https:\/\/cliniccenter.co.uk\/wp-content\/uploads\/2018\/02\/norwood4.jpg\"><\/p>\n<p>El nivel de p\u00e9rdida de cabello en los lados temporales frontales es moderado junto con el retroceso del cabello y el \u00e1rea abierta ocurre en el \u00e1rea de la corona. En el medio del cuero cabelludo, desde la l\u00ednea del cabello hasta la corona, se observan \u00fanicamente cabellos naturales con densidad moderada.<\/p>\n<div>&nbsp;<\/div>\n<h2><span class=\"ez-toc-section\" id=\"Escala_Norwood_5\"><\/span>Escala Norwood 5<span class=\"ez-toc-section-end\"><\/span><\/h2>\n<p><img decoding=\"async\" class=\"lazy alignleft wp-image-2426 size-full lazy-loaded\" src=\"https:\/\/cliniccenter.co.uk\/wp-content\/uploads\/2018\/02\/norwood5.jpg\" alt=\"Norwood Stage 5\" width=\"133\" height=\"73\" data-lazy-type=\"image\" data-lazy-src=\"https:\/\/cliniccenter.co.uk\/wp-content\/uploads\/2018\/02\/norwood5.jpg\"><\/p>\n<p>La p\u00e9rdida de cabello es moderada a grande, principalmente en la parte posterior y las partes temporales delanteras se separan con cabellos naturales de densidad media.<\/p>\n\n<p>Para las etapas 4 y 5, la p\u00e9rdida avanzada de cabello en la l\u00ednea frontal del cabello, el v\u00e9rtice y la corona, un trasplante de cabello agresivo ser\u00eda beneficioso para restaurar y remarcar la cara, y al construir detr\u00e1s de la l\u00ednea frontal del cabello en el v\u00e9rtice y la corona ayuda a mejorar el apariencia general y crea un aspecto m\u00e1s juvenil.<\/p>\n\n<h2><span class=\"ez-toc-section\" id=\"Escala_Norwood_6\"><\/span>Escala Norwood 6<span class=\"ez-toc-section-end\"><\/span><\/h2>\n<p><img decoding=\"async\" class=\"lazy alignleft wp-image-2427 size-full lazy-loaded\" src=\"https:\/\/cliniccenter.co.uk\/wp-content\/uploads\/2018\/02\/norwood6.jpg\" alt=\"Norwood Stage 6\" width=\"137\" height=\"73\" data-lazy-type=\"image\" data-lazy-src=\"https:\/\/cliniccenter.co.uk\/wp-content\/uploads\/2018\/02\/norwood6.jpg\"><\/p>\n<p>Se observa una gran cantidad de p\u00e9rdida de cabello, desde la l\u00ednea del cabello hasta el \u00e1rea de la corona con solo cabello natural muy delgado y la p\u00e9rdida de cabello en los lados con mayor claridad.<\/p>\n<div>&nbsp;<\/div>\n<h2><span class=\"ez-toc-section\" id=\"Escala_Norwood_7\"><\/span>Escala Norwood 7<span class=\"ez-toc-section-end\"><\/span><\/h2>\n<p><img decoding=\"async\" class=\"lazy alignleft wp-image-2428 size-full lazy-loaded\" src=\"https:\/\/cliniccenter.co.uk\/wp-content\/uploads\/2018\/02\/norwood7.jpg\" alt=\"Norwood Stage 7\" width=\"141\" height=\"81\" data-lazy-type=\"image\" data-lazy-src=\"https:\/\/cliniccenter.co.uk\/wp-content\/uploads\/2018\/02\/norwood7.jpg\"><\/p>\n<p>La forma m\u00e1s severa de p\u00e9rdida de cabello. Solo hay cabello natural en la parte posterior de la cabeza de un lado al otro. Debido a que el \u00e1rea de calvicie es muy grande, el trasplante de cabello solo cubrir\u00e1 una cierta parte. Puede requerir m\u00e1s de una sesi\u00f3n.<\/p>\n<p>Para las etapas 6 y 7, aunque muchos pacientes con p\u00e9rdida avanzada de cabello tienen un \u00e1rea donante adecuada y est\u00e1n satisfechos con el resultado de un trasplante capilar, es aconsejable determinar si su \u00e1rea donante es suficiente. El trasplante de cabello en la l\u00ednea frontal del cabello ser\u00eda ideal y se reconstruir\u00eda a trav\u00e9s del v\u00e9rtice y la corona con tanta densidad como se pueda trasplantar en un procedimiento.<\/p>\n<p>Este procedimiento cambiar\u00e1 la forma en que te ves a ti mismo y c\u00f3mo te ven los dem\u00e1s.<\/p>","protected":false},"excerpt":{"rendered":"<p>Clinic Center, registrado en el Reino Unido, ofrece un trasplante capilar asequible en Turqu\u00eda con m\u00e9todos FUE y DHI. Complete el formulario de consulta para obtener un plan de tratamiento personalizado y lograr resultados de trasplante capilar de calidad. \u00a1Obtenga su plan de tratamiento GRATIS AHORA! En la d\u00e9cada de 1950, el Dr. James Hamilton [&hellip;]<\/p>\n","protected":false},"author":2,"featured_media":17358,"parent":17188,"menu_order":0,"comment_status":"closed","ping_status":"closed","template":"","meta":{"_uag_custom_page_level_css":"","_lmt_disableupdate":"no","_lmt_disable":"","site-sidebar-layout":"default","site-content-layout":"default","ast-site-content-layout":"default","site-content-style":"default","site-sidebar-style":"default","ast-global-header-display":"","ast-banner-title-visibility":"","ast-main-header-display":"","ast-hfb-above-header-display":"","ast-hfb-below-header-display":"","ast-hfb-mobile-header-display":"","site-post-title":"","ast-breadcrumbs-content":"","ast-featured-img":"disabled","footer-sml-layout":"","theme-transparent-header-meta":"default","adv-header-id-meta":"","stick-header-meta":"","header-above-stick-meta":"","header-main-stick-meta":"","header-below-stick-meta":"","astra-migrate-meta-layouts":"set","ast-page-background-enabled":"default","ast-page-background-meta":{"desktop":{"background-color":"","background-image":"","background-repeat":"repeat","background-position":"center center","background-size":"auto","background-attachment":"scroll","background-type":"","background-media":"","overlay-type":"","overlay-color":"","overlay-opacity":"","overlay-gradient":""},"tablet":{"background-color":"","background-image":"","background-repeat":"repeat","background-position":"center center","background-size":"auto","background-attachment":"scroll","background-type":"","background-media":"","overlay-type":"","overlay-color":"","overlay-opacity":"","overlay-gradient":""},"mobile":{"background-color":"","background-image":"","background-repeat":"repeat","background-position":"center center","background-size":"auto","background-attachment":"scroll","background-type":"","background-media":"","overlay-type":"","overlay-color":"","overlay-opacity":"","overlay-gradient":""}},"ast-content-background-meta":{"desktop":{"background-color":"var(--ast-global-color-5)","background-image":"","background-repeat":"repeat","background-position":"center center","background-size":"auto","background-attachment":"scroll","background-type":"","background-media":"","overlay-type":"","overlay-color":"","overlay-opacity":"","overlay-gradient":""},"tablet":{"background-color":"var(--ast-global-color-5)","background-image":"","background-repeat":"repeat","background-position":"center center","background-size":"auto","background-attachment":"scroll","background-type":"","background-media":"","overlay-type":"","overlay-color":"","overlay-opacity":"","overlay-gradient":""},"mobile":{"background-color":"var(--ast-global-color-5)","background-image":"","background-repeat":"repeat","background-position":"center center","background-size":"auto","background-attachment":"scroll","background-type":"","background-media":"","overlay-type":"","overlay-color":"","overlay-opacity":"","overlay-gradient":""}},"footnotes":""},"class_list":["post-17356","page","type-page","status-publish","has-post-thumbnail","hentry"],"yoast_head":"<!-- This site is optimized with the Yoast SEO plugin v25.3.1 - https:\/\/yoast.com\/wordpress\/plugins\/seo\/ -->\n<title>Escala Norwood<\/title>\n<meta name=\"robots\" content=\"index, follow, max-snippet:-1, max-image-preview:large, max-video-preview:-1\" \/>\n<link rel=\"canonical\" href=\"https:\/\/cliniccenter.co.uk\/es\/escala-norwood\/\" \/>\n<meta property=\"og:locale\" content=\"es_ES\" \/>\n<meta property=\"og:type\" content=\"article\" \/>\n<meta property=\"og:title\" content=\"Escala Norwood\" \/>\n<meta property=\"og:description\" content=\"Clinic Center, registrado en el Reino Unido, ofrece un trasplante capilar asequible en Turqu\u00eda con m\u00e9todos FUE y DHI. Complete el formulario de consulta para obtener un plan de tratamiento personalizado y lograr resultados de trasplante capilar de calidad. \u00a1Obtenga su plan de tratamiento GRATIS AHORA! En la d\u00e9cada de 1950, el Dr. James Hamilton [&hellip;]\" \/>\n<meta property=\"og:url\" content=\"https:\/\/cliniccenter.co.uk\/es\/escala-norwood\/\" \/>\n<meta property=\"article:publisher\" content=\"https:\/\/www.facebook.com\/cliniccenter.co.uk\/\" \/>\n<meta property=\"article:modified_time\" content=\"2024-04-19T06:55:23+00:00\" \/>\n<meta property=\"og:image\" content=\"https:\/\/cliniccenter.co.uk\/wp-content\/uploads\/2021\/08\/Norwood-Scale.jpg\" \/>\n\t<meta property=\"og:image:width\" content=\"780\" \/>\n\t<meta property=\"og:image:height\" content=\"345\" \/>\n\t<meta property=\"og:image:type\" content=\"image\/jpeg\" \/>\n<meta name=\"twitter:card\" content=\"summary_large_image\" \/>\n<meta name=\"twitter:site\" content=\"@cliniccenteruk\" \/>\n<meta name=\"twitter:label1\" content=\"Tiempo de lectura\" \/>\n\t<meta name=\"twitter:data1\" content=\"5 minutos\" \/>\n<!-- \/ Yoast SEO plugin. -->","yoast_head_json":{"title":"Escala Norwood","robots":{"index":"index","follow":"follow","max-snippet":"max-snippet:-1","max-image-preview":"max-image-preview:large","max-video-preview":"max-video-preview:-1"},"canonical":"https:\/\/cliniccenter.co.uk\/es\/escala-norwood\/","og_locale":"es_ES","og_type":"article","og_title":"Escala Norwood","og_description":"Clinic Center, registrado en el Reino Unido, ofrece un trasplante capilar asequible en Turqu\u00eda con m\u00e9todos FUE y DHI. Complete el formulario de consulta para obtener un plan de tratamiento personalizado y lograr resultados de trasplante capilar de calidad. \u00a1Obtenga su plan de tratamiento GRATIS AHORA! En la d\u00e9cada de 1950, el Dr. James Hamilton [&hellip;]","og_url":"https:\/\/cliniccenter.co.uk\/es\/escala-norwood\/","article_publisher":"https:\/\/www.facebook.com\/cliniccenter.co.uk\/","article_modified_time":"2024-04-19T06:55:23+00:00","og_image":[{"width":780,"height":345,"url":"https:\/\/cliniccenter.co.uk\/wp-content\/uploads\/2021\/08\/Norwood-Scale.jpg","type":"image\/jpeg"}],"twitter_card":"summary_large_image","twitter_site":"@cliniccenteruk","twitter_misc":{"Tiempo de lectura":"5 minutos"},"schema":{"@context":"https:\/\/schema.org","@graph":[{"@type":"WebPage","@id":"https:\/\/cliniccenter.co.uk\/es\/escala-norwood\/","url":"https:\/\/cliniccenter.co.uk\/es\/escala-norwood\/","name":"Escala Norwood","isPartOf":{"@id":"https:\/\/cliniccenter.co.uk\/ro\/#website"},"primaryImageOfPage":{"@id":"https:\/\/cliniccenter.co.uk\/es\/escala-norwood\/#primaryimage"},"image":{"@id":"https:\/\/cliniccenter.co.uk\/es\/escala-norwood\/#primaryimage"},"thumbnailUrl":"https:\/\/cliniccenter.co.uk\/wp-content\/uploads\/2021\/08\/Norwood-Scale.jpg","datePublished":"2018-01-25T11:11:08+00:00","dateModified":"2024-04-19T06:55:23+00:00","breadcrumb":{"@id":"https:\/\/cliniccenter.co.uk\/es\/escala-norwood\/#breadcrumb"},"inLanguage":"es","potentialAction":[{"@type":"ReadAction","target":["https:\/\/cliniccenter.co.uk\/es\/escala-norwood\/"]}]},{"@type":"ImageObject","inLanguage":"es","@id":"https:\/\/cliniccenter.co.uk\/es\/escala-norwood\/#primaryimage","url":"https:\/\/cliniccenter.co.uk\/wp-content\/uploads\/2021\/08\/Norwood-Scale.jpg","contentUrl":"https:\/\/cliniccenter.co.uk\/wp-content\/uploads\/2021\/08\/Norwood-Scale.jpg","width":780,"height":345},{"@type":"BreadcrumbList","@id":"https:\/\/cliniccenter.co.uk\/es\/escala-norwood\/#breadcrumb","itemListElement":[{"@type":"ListItem","position":1,"name":"Home","item":"https:\/\/cliniccenter.co.uk\/es\/"},{"@type":"ListItem","position":2,"name":"Tratamientos","item":"https:\/\/cliniccenter.co.uk\/es\/tratamientos\/"},{"@type":"ListItem","position":3,"name":"Trasplante Capilar","item":"https:\/\/cliniccenter.co.uk\/es\/trasplante-capilar\/"},{"@type":"ListItem","position":4,"name":"Escala Norwood"}]},{"@type":"WebSite","@id":"https:\/\/cliniccenter.co.uk\/ro\/#website","url":"https:\/\/cliniccenter.co.uk\/ro\/","name":"","description":"","potentialAction":[{"@type":"SearchAction","target":{"@type":"EntryPoint","urlTemplate":"https:\/\/cliniccenter.co.uk\/ro\/?s={search_term_string}"},"query-input":{"@type":"PropertyValueSpecification","valueRequired":true,"valueName":"search_term_string"}}],"inLanguage":"es"}]}},"uagb_featured_image_src":{"full":["https:\/\/cliniccenter.co.uk\/wp-content\/uploads\/2021\/08\/Norwood-Scale.jpg",780,345,false],"thumbnail":["https:\/\/cliniccenter.co.uk\/wp-content\/uploads\/2021\/08\/Norwood-Scale-150x150.jpg",150,150,true],"medium":["https:\/\/cliniccenter.co.uk\/wp-content\/uploads\/2021\/08\/Norwood-Scale-300x133.jpg",300,133,true],"medium_large":["https:\/\/cliniccenter.co.uk\/wp-content\/uploads\/2021\/08\/Norwood-Scale-768x340.jpg",768,340,true],"large":["https:\/\/cliniccenter.co.uk\/wp-content\/uploads\/2021\/08\/Norwood-Scale.jpg",780,345,false],"1536x1536":["https:\/\/cliniccenter.co.uk\/wp-content\/uploads\/2021\/08\/Norwood-Scale.jpg",780,345,false],"2048x2048":["https:\/\/cliniccenter.co.uk\/wp-content\/uploads\/2021\/08\/Norwood-Scale.jpg",780,345,false]},"uagb_author_info":{"display_name":"Sertac Ceki","author_link":"https:\/\/cliniccenter.co.uk\/es\/blog\/author\/sertaccliniccenter-co-uk\/"},"uagb_comment_info":0,"uagb_excerpt":"Clinic Center, registrado en el Reino Unido, ofrece un trasplante capilar asequible en Turqu\u00eda con m\u00e9todos FUE y DHI. Complete el formulario de consulta para obtener un plan de tratamiento personalizado y lograr resultados de trasplante capilar de calidad. \u00a1Obtenga su plan de tratamiento GRATIS AHORA! En la d\u00e9cada de 1950, el Dr. James Hamilton&hellip;","_links":{"self":[{"href":"https:\/\/cliniccenter.co.uk\/es\/wp-json\/wp\/v2\/pages\/17356"}],"collection":[{"href":"https:\/\/cliniccenter.co.uk\/es\/wp-json\/wp\/v2\/pages"}],"about":[{"href":"https:\/\/cliniccenter.co.uk\/es\/wp-json\/wp\/v2\/types\/page"}],"author":[{"embeddable":true,"href":"https:\/\/cliniccenter.co.uk\/es\/wp-json\/wp\/v2\/users\/2"}],"replies":[{"embeddable":true,"href":"https:\/\/cliniccenter.co.uk\/es\/wp-json\/wp\/v2\/comments?post=17356"}],"version-history":[{"count":5,"href":"https:\/\/cliniccenter.co.uk\/es\/wp-json\/wp\/v2\/pages\/17356\/revisions"}],"predecessor-version":[{"id":55017,"href":"https:\/\/cliniccenter.co.uk\/es\/wp-json\/wp\/v2\/pages\/17356\/revisions\/55017"}],"up":[{"embeddable":true,"href":"https:\/\/cliniccenter.co.uk\/es\/wp-json\/wp\/v2\/pages\/17188"}],"wp:featuredmedia":[{"embeddable":true,"href":"https:\/\/cliniccenter.co.uk\/es\/wp-json\/wp\/v2\/media\/17358"}],"wp:attachment":[{"href":"https:\/\/cliniccenter.co.uk\/es\/wp-json\/wp\/v2\/media?parent=17356"}],"curies":[{"name":"wp","href":"https:\/\/api.w.org\/{rel}","templated":true}]}}