{"id":17371,"date":"2018-12-30T05:53:35","date_gmt":"2018-12-30T05:53:35","guid":{"rendered":"https:\/\/cliniccenter.co.uk\/prof-dr-aydin-gozu\/"},"modified":"2024-03-27T12:02:54","modified_gmt":"2024-03-27T12:02:54","slug":"doctor-profesor-aydin","status":"publish","type":"page","link":"https:\/\/cliniccenter.co.uk\/es\/doctor-profesor-aydin\/","title":{"rendered":"Doctor Profesor Aydin"},"content":{"rendered":"\n<div class=\"wp-block-columns is-layout-flex wp-container-core-columns-is-layout-4 wp-block-columns-is-layout-flex\">\n<div class=\"wp-block-column is-layout-flow wp-block-column-is-layout-flow\" style=\"flex-basis:33.33%\">\n<figure class=\"wp-block-image size-large\"><img decoding=\"async\" width=\"517\" height=\"1024\" src=\"https:\/\/cliniccenter.co.uk\/wp-content\/uploads\/2021\/08\/Aydin-Gozu-517x1024.jpg\" alt=\"\" class=\"wp-image-12653 skip-lazy\" srcset=\"https:\/\/cliniccenter.co.uk\/wp-content\/uploads\/2021\/08\/Aydin-Gozu-517x1024.jpg 517w, https:\/\/cliniccenter.co.uk\/wp-content\/uploads\/2021\/08\/Aydin-Gozu-152x300.jpg 152w, https:\/\/cliniccenter.co.uk\/wp-content\/uploads\/2021\/08\/Aydin-Gozu.jpg 548w\" sizes=\"(max-width: 517px) 100vw, 517px\" \/><\/figure>\n<\/div>\n\n\n\n<div class=\"wp-block-column is-layout-flow wp-block-column-is-layout-flow\" style=\"flex-basis:66.66%\">\n<div class=\"wp-block-columns is-layout-flex wp-container-core-columns-is-layout-1 wp-block-columns-is-layout-flex\">\n<div class=\"wp-block-column leftpadbox is-layout-flow wp-block-column-is-layout-flow\">\n<p>El doctor y profesor Aydin es uno de los cirujanos plasticos m\u00e1s talentosos y reconocidos en Turqu\u00eda. Complet\u00f3 su educaci\u00f3n en medicina en la Facultad de Medicina de la Universidad de Hacettepe en 1990 y comenz\u00f3 a trabajar como investigador asistente en el Departamento de Cirug\u00eda Plastica, Reconstructiva y Aest\u00e9tica donde gan\u00f3 gran experiencia en microcirug\u00eda. Se convirtio en Cirujano Plastico en 1998, Profesor Asistente en 2011 y Profesor en 2016. Durante su exitosa carrera, trabaj\u00f3 en la Facultad de Medicina de la University of Fancois Rabelais (Tours, France), y tuvo mayor entrenamiento en cirug\u00eda aest\u00e9tica y pl\u00e1stica en Paris. Increment\u00f3 su experiencia en cirug\u00eda est\u00e9tica facial en el Hospital de Virginia Arlington (Washington DC). Por lo general el se realiza principalmente cirug\u00edas de senos y cirug\u00edas aest\u00e9ticas faciales, procedimientos de escultura corporal, rhinoplastias y cirug\u00edas de p\u00e1rpados.<\/p>\n\n\n\n<p>El Doctor Profesor Aydin es un miembro del ISAPS y participa activamente en las reuniones del ISAPS siguiendo los m\u00e1s nuevos avances y t\u00e9cnicas en su campo. El Doctor Profesor Aydin ha tenido el honor de innagurar el departamento de Cirug\u00eda Plastica, Reconstructiva y Aest\u00e9tica en la Universidad Okan en Estambul. Con a\u00f1os de experiencia tanto en Turqu\u00eda como fuera de ella, sus pacientes estan muy complacidos con su grandes habilidades de comunicaci\u00f3n y sus remarcables resultados en las cirug\u00edas.<\/p>\n<\/div>\n<\/div>\n\n\n\n<div class=\"wp-block-columns leftpadbox is-layout-flex wp-container-core-columns-is-layout-2 wp-block-columns-is-layout-flex\">\n<div class=\"wp-block-column is-layout-flow wp-block-column-is-layout-flow\">\n<h4 class=\"wp-block-heading\">Certificados<\/h4>\n\n\n\n<figure class=\"wp-block-gallery has-nested-images columns-default is-cropped wp-block-gallery-1 is-layout-flex wp-block-gallery-is-layout-flex\">\n<figure class=\"wp-block-image size-large\"><img decoding=\"async\" width=\"300\" height=\"229\" src=\"https:\/\/cliniccenter.co.uk\/wp-content\/uploads\/2021\/08\/dr_aydin_gozu_isaps_certificate.jpeg\" alt=\"\" class=\"wp-image-15789\"\/><\/figure>\n\n\n\n<figure class=\"wp-block-image size-large\"><img decoding=\"async\" width=\"300\" height=\"229\" src=\"https:\/\/cliniccenter.co.uk\/wp-content\/uploads\/2021\/08\/dr_aydin_gozu_hospital_certificate.jpeg.jpeg\" alt=\"\" class=\"wp-image-15795\"\/><\/figure>\n<\/figure>\n<\/div>\n<\/div>\n\n\n\n<div class=\"wp-block-columns is-layout-flex wp-container-core-columns-is-layout-3 wp-block-columns-is-layout-flex\">\n<div class=\"wp-block-column leftpadbox is-layout-flow wp-block-column-is-layout-flow\">\n<p>&nbsp;<strong>Experiencia<\/strong>: 28 a\u00f1os<br><strong>&nbsp;Pacientes Internacionales Tratados<\/strong>: Reino Unido, Irlanda, Australia, Estados Unidos de Am\u00e9rica, Emiratos Arabes Unidos, Arabia Saudita, Kuwait.<br>&nbsp;<strong>Afiliaciones<\/strong>: International Society of Aesthetic Plastic Surgery, Turkish Association of Plastic Reconstructive and Aesthetic Surgery, Turkish Association of Hand Surgery, Association of Reconstructive Microsurgery<br>&nbsp;<strong>Ciudad<\/strong>:&nbsp;Estambul, Turqu\u00eda.<br>&nbsp;<strong>Dias que labora<\/strong>: Lunes a Sabado<br>&nbsp;<strong>Idiomas<\/strong>: Ingl\u00e9s<br><strong>&nbsp;Contacto<\/strong>:&nbsp;+44 20 3575 1039 &amp; info@cliniccenter.co.uk<\/p>\n<\/div>\n<\/div>\n<\/div>\n<\/div>\n","protected":false},"excerpt":{"rendered":"<p>El doctor y profesor Aydin es uno de los cirujanos plasticos m\u00e1s talentosos y reconocidos en Turqu\u00eda. Complet\u00f3 su educaci\u00f3n en medicina en la Facultad de Medicina de la Universidad de Hacettepe en 1990 y comenz\u00f3 a trabajar como investigador asistente en el Departamento de Cirug\u00eda Plastica, Reconstructiva y Aest\u00e9tica donde gan\u00f3 gran experiencia en [&hellip;]<\/p>\n","protected":false},"author":1,"featured_media":0,"parent":18075,"menu_order":0,"comment_status":"closed","ping_status":"closed","template":"","meta":{"_uag_custom_page_level_css":"","_lmt_disableupdate":"no","_lmt_disable":"","site-sidebar-layout":"default","site-content-layout":"default","ast-site-content-layout":"default","site-content-style":"default","site-sidebar-style":"default","ast-global-header-display":"","ast-banner-title-visibility":"","ast-main-header-display":"","ast-hfb-above-header-display":"","ast-hfb-below-header-display":"","ast-hfb-mobile-header-display":"","site-post-title":"","ast-breadcrumbs-content":"","ast-featured-img":"","footer-sml-layout":"","theme-transparent-header-meta":"default","adv-header-id-meta":"","stick-header-meta":"","header-above-stick-meta":"","header-main-stick-meta":"","header-below-stick-meta":"","astra-migrate-meta-layouts":"set","ast-page-background-enabled":"default","ast-page-background-meta":{"desktop":{"background-color":"","background-image":"","background-repeat":"repeat","background-position":"center center","background-size":"auto","background-attachment":"scroll","background-type":"","background-media":"","overlay-type":"","overlay-color":"","overlay-opacity":"","overlay-gradient":""},"tablet":{"background-color":"","background-image":"","background-repeat":"repeat","background-position":"center center","background-size":"auto","background-attachment":"scroll","background-type":"","background-media":"","overlay-type":"","overlay-color":"","overlay-opacity":"","overlay-gradient":""},"mobile":{"background-color":"","background-image":"","background-repeat":"repeat","background-position":"center center","background-size":"auto","background-attachment":"scroll","background-type":"","background-media":"","overlay-type":"","overlay-color":"","overlay-opacity":"","overlay-gradient":""}},"ast-content-background-meta":{"desktop":{"background-color":"var(--ast-global-color-5)","background-image":"","background-repeat":"repeat","background-position":"center center","background-size":"auto","background-attachment":"scroll","background-type":"","background-media":"","overlay-type":"","overlay-color":"","overlay-opacity":"","overlay-gradient":""},"tablet":{"background-color":"var(--ast-global-color-5)","background-image":"","background-repeat":"repeat","background-position":"center center","background-size":"auto","background-attachment":"scroll","background-type":"","background-media":"","overlay-type":"","overlay-color":"","overlay-opacity":"","overlay-gradient":""},"mobile":{"background-color":"var(--ast-global-color-5)","background-image":"","background-repeat":"repeat","background-position":"center center","background-size":"auto","background-attachment":"scroll","background-type":"","background-media":"","overlay-type":"","overlay-color":"","overlay-opacity":"","overlay-gradient":""}},"footnotes":""},"class_list":["post-17371","page","type-page","status-publish","hentry"],"yoast_head":"<!-- This site is optimized with the Yoast SEO plugin v25.3.1 - https:\/\/yoast.com\/wordpress\/plugins\/seo\/ -->\n<title>Doctor Profesor Aydin | Clinic Center<\/title>\n<meta name=\"robots\" content=\"index, follow, max-snippet:-1, max-image-preview:large, max-video-preview:-1\" \/>\n<link rel=\"canonical\" href=\"https:\/\/cliniccenter.co.uk\/es\/doctor-profesor-aydin\/\" \/>\n<meta property=\"og:locale\" content=\"es_ES\" \/>\n<meta property=\"og:type\" content=\"article\" \/>\n<meta property=\"og:title\" content=\"Doctor Profesor Aydin | Clinic Center\" \/>\n<meta property=\"og:description\" content=\"El doctor y profesor Aydin es uno de los cirujanos plasticos m\u00e1s talentosos y reconocidos en Turqu\u00eda. Complet\u00f3 su educaci\u00f3n en medicina en la Facultad de Medicina de la Universidad de Hacettepe en 1990 y comenz\u00f3 a trabajar como investigador asistente en el Departamento de Cirug\u00eda Plastica, Reconstructiva y Aest\u00e9tica donde gan\u00f3 gran experiencia en [&hellip;]\" \/>\n<meta property=\"og:url\" content=\"https:\/\/cliniccenter.co.uk\/es\/doctor-profesor-aydin\/\" \/>\n<meta property=\"article:publisher\" content=\"https:\/\/www.facebook.com\/cliniccenter.co.uk\/\" \/>\n<meta property=\"article:modified_time\" content=\"2024-03-27T12:02:54+00:00\" \/>\n<meta property=\"og:image\" content=\"https:\/\/cliniccenter.co.uk\/wp-content\/uploads\/2021\/08\/Aydin-Gozu-517x1024.jpg\" \/>\n<meta name=\"twitter:card\" content=\"summary_large_image\" \/>\n<meta name=\"twitter:site\" content=\"@cliniccenteruk\" \/>\n<meta name=\"twitter:label1\" content=\"Tiempo de lectura\" \/>\n\t<meta name=\"twitter:data1\" content=\"2 minutos\" \/>\n<!-- \/ Yoast SEO plugin. -->","yoast_head_json":{"title":"Doctor Profesor Aydin | Clinic Center","robots":{"index":"index","follow":"follow","max-snippet":"max-snippet:-1","max-image-preview":"max-image-preview:large","max-video-preview":"max-video-preview:-1"},"canonical":"https:\/\/cliniccenter.co.uk\/es\/doctor-profesor-aydin\/","og_locale":"es_ES","og_type":"article","og_title":"Doctor Profesor Aydin | Clinic Center","og_description":"El doctor y profesor Aydin es uno de los cirujanos plasticos m\u00e1s talentosos y reconocidos en Turqu\u00eda. Complet\u00f3 su educaci\u00f3n en medicina en la Facultad de Medicina de la Universidad de Hacettepe en 1990 y comenz\u00f3 a trabajar como investigador asistente en el Departamento de Cirug\u00eda Plastica, Reconstructiva y Aest\u00e9tica donde gan\u00f3 gran experiencia en [&hellip;]","og_url":"https:\/\/cliniccenter.co.uk\/es\/doctor-profesor-aydin\/","article_publisher":"https:\/\/www.facebook.com\/cliniccenter.co.uk\/","article_modified_time":"2024-03-27T12:02:54+00:00","og_image":[{"url":"https:\/\/cliniccenter.co.uk\/wp-content\/uploads\/2021\/08\/Aydin-Gozu-517x1024.jpg","type":"","width":"","height":""}],"twitter_card":"summary_large_image","twitter_site":"@cliniccenteruk","twitter_misc":{"Tiempo de lectura":"2 minutos"},"schema":{"@context":"https:\/\/schema.org","@graph":[{"@type":"WebPage","@id":"https:\/\/cliniccenter.co.uk\/es\/doctor-profesor-aydin\/","url":"https:\/\/cliniccenter.co.uk\/es\/doctor-profesor-aydin\/","name":"Doctor Profesor Aydin | Clinic Center","isPartOf":{"@id":"https:\/\/cliniccenter.co.uk\/ro\/#website"},"primaryImageOfPage":{"@id":"https:\/\/cliniccenter.co.uk\/es\/doctor-profesor-aydin\/#primaryimage"},"image":{"@id":"https:\/\/cliniccenter.co.uk\/es\/doctor-profesor-aydin\/#primaryimage"},"thumbnailUrl":"https:\/\/cliniccenter.co.uk\/wp-content\/uploads\/2021\/08\/Aydin-Gozu-517x1024.jpg","datePublished":"2018-12-30T05:53:35+00:00","dateModified":"2024-03-27T12:02:54+00:00","breadcrumb":{"@id":"https:\/\/cliniccenter.co.uk\/es\/doctor-profesor-aydin\/#breadcrumb"},"inLanguage":"es","potentialAction":[{"@type":"ReadAction","target":["https:\/\/cliniccenter.co.uk\/es\/doctor-profesor-aydin\/"]}]},{"@type":"ImageObject","inLanguage":"es","@id":"https:\/\/cliniccenter.co.uk\/es\/doctor-profesor-aydin\/#primaryimage","url":"https:\/\/cliniccenter.co.uk\/wp-content\/uploads\/2021\/08\/Aydin-Gozu-517x1024.jpg","contentUrl":"https:\/\/cliniccenter.co.uk\/wp-content\/uploads\/2021\/08\/Aydin-Gozu-517x1024.jpg"},{"@type":"BreadcrumbList","@id":"https:\/\/cliniccenter.co.uk\/es\/doctor-profesor-aydin\/#breadcrumb","itemListElement":[{"@type":"ListItem","position":1,"name":"Home","item":"https:\/\/cliniccenter.co.uk\/es\/"},{"@type":"ListItem","position":2,"name":"Los mejores cirujanos y m\u00e9dicos en Turqu\u00eda","item":"https:\/\/cliniccenter.co.uk\/es\/doctors\/"},{"@type":"ListItem","position":3,"name":"Doctor Profesor Aydin"}]},{"@type":"WebSite","@id":"https:\/\/cliniccenter.co.uk\/ro\/#website","url":"https:\/\/cliniccenter.co.uk\/ro\/","name":"","description":"","potentialAction":[{"@type":"SearchAction","target":{"@type":"EntryPoint","urlTemplate":"https:\/\/cliniccenter.co.uk\/ro\/?s={search_term_string}"},"query-input":{"@type":"PropertyValueSpecification","valueRequired":true,"valueName":"search_term_string"}}],"inLanguage":"es"}]}},"uagb_featured_image_src":{"full":false,"thumbnail":false,"medium":false,"medium_large":false,"large":false,"1536x1536":false,"2048x2048":false},"uagb_author_info":{"display_name":"cliniccenter","author_link":"https:\/\/cliniccenter.co.uk\/es\/blog\/author\/cliniccenter\/"},"uagb_comment_info":0,"uagb_excerpt":"El doctor y profesor Aydin es uno de los cirujanos plasticos m\u00e1s talentosos y reconocidos en Turqu\u00eda. Complet\u00f3 su educaci\u00f3n en medicina en la Facultad de Medicina de la Universidad de Hacettepe en 1990 y comenz\u00f3 a trabajar como investigador asistente en el Departamento de Cirug\u00eda Plastica, Reconstructiva y Aest\u00e9tica donde gan\u00f3 gran experiencia en&hellip;","_links":{"self":[{"href":"https:\/\/cliniccenter.co.uk\/es\/wp-json\/wp\/v2\/pages\/17371"}],"collection":[{"href":"https:\/\/cliniccenter.co.uk\/es\/wp-json\/wp\/v2\/pages"}],"about":[{"href":"https:\/\/cliniccenter.co.uk\/es\/wp-json\/wp\/v2\/types\/page"}],"author":[{"embeddable":true,"href":"https:\/\/cliniccenter.co.uk\/es\/wp-json\/wp\/v2\/users\/1"}],"replies":[{"embeddable":true,"href":"https:\/\/cliniccenter.co.uk\/es\/wp-json\/wp\/v2\/comments?post=17371"}],"version-history":[{"count":4,"href":"https:\/\/cliniccenter.co.uk\/es\/wp-json\/wp\/v2\/pages\/17371\/revisions"}],"predecessor-version":[{"id":51060,"href":"https:\/\/cliniccenter.co.uk\/es\/wp-json\/wp\/v2\/pages\/17371\/revisions\/51060"}],"up":[{"embeddable":true,"href":"https:\/\/cliniccenter.co.uk\/es\/wp-json\/wp\/v2\/pages\/18075"}],"wp:attachment":[{"href":"https:\/\/cliniccenter.co.uk\/es\/wp-json\/wp\/v2\/media?parent=17371"}],"curies":[{"name":"wp","href":"https:\/\/api.w.org\/{rel}","templated":true}]}}