{"id":17376,"date":"2019-01-02T13:09:42","date_gmt":"2019-01-02T13:09:42","guid":{"rendered":"https:\/\/cliniccenter.co.uk\/dr-cagri-sade\/"},"modified":"2024-03-29T14:26:45","modified_gmt":"2024-03-29T14:26:45","slug":"doctor-cagri","status":"publish","type":"page","link":"https:\/\/cliniccenter.co.uk\/es\/dr-cagri\/","title":{"rendered":"Doctor Cagri"},"content":{"rendered":"\n<div class=\"wp-block-columns is-layout-flex wp-container-core-columns-is-layout-3 wp-block-columns-is-layout-flex\">\n<div class=\"wp-block-column is-layout-flow wp-block-column-is-layout-flow\" style=\"flex-basis:33.33%\">\n<figure class=\"wp-block-image alignleft size-full\"><img decoding=\"async\" width=\"517\" height=\"1024\" src=\"https:\/\/cliniccenter.co.uk\/wp-content\/uploads\/2023\/11\/cagri-sade-1-517x1024-1.webp\" alt=\"\" class=\"wp-image-46851\" srcset=\"https:\/\/cliniccenter.co.uk\/wp-content\/uploads\/2023\/11\/cagri-sade-1-517x1024-1.webp 517w, https:\/\/cliniccenter.co.uk\/wp-content\/uploads\/2023\/11\/cagri-sade-1-517x1024-1-151x300.webp 151w\" sizes=\"(max-width: 517px) 100vw, 517px\" \/><\/figure>\n<\/div>\n\n\n\n<div class=\"wp-block-column is-layout-flow wp-block-column-is-layout-flow\" style=\"flex-basis:66.66%\">\n<div class=\"wp-block-columns is-layout-flex wp-container-core-columns-is-layout-1 wp-block-columns-is-layout-flex\">\n<div class=\"wp-block-column leftpadbox is-layout-flow wp-block-column-is-layout-flow\">\n<p>El Doctor Cagri se graduo de la Facultad de Medicina de la Universidad de Ankara en 1994 y ha completado su residencia en uno de los hospitales de mayor ense\u00f1anza e investigaci\u00f3n de Estambul, Turqu\u00eda en 2001.<\/p>\n\n\n\n<p>Habiendo realizado miles de cirug\u00edas exitosas, el Dr. Cagri gan\u00f3 una gran experiencia practicando bajo la supervisi\u00f3n de varios de los grandes nombres en el campo de la cirugia pl\u00e1stica y reconstructiva. Habiendo terminado su residencia en 2001, tuvo el privilegio de trabajar con uno de los mas populares y pioneros en el campo de la cirug\u00eda pl\u00e1stica en Turqu\u00eda.<\/p>\n\n\n\n<p>Dr. Cagri se uni\u00f3 al programa de observaci\u00f3n de cirujano Estadounidense Dr Sherrel J. Aston en el a\u00f1o 2002 y ese mismo a\u00f1o se unio al equipo de cirujanos del American Hospital en Estambul. Dr. Cagri se dedica a los procedimientos quir\u00fargicos, no quir\u00fargicos, est\u00e9ticos y reconstructivos tanto para hombres como para mujeres. Con m\u00e1s de 10 a\u00f1os de experiencia en su campo, sus pacientes estan muy complacidos con su car\u00e1cter amigable, sus habilidades para la comunicaci\u00f3n y los resultados de sus cirug\u00edas.<\/p>\n<\/div>\n<\/div>\n\n\n\n<h3 class=\"wp-block-heading\">Certificados<\/h3>\n\n\n\n<figure class=\"wp-block-gallery has-nested-images columns-default is-cropped wp-block-gallery-1 is-layout-flex wp-block-gallery-is-layout-flex\">\n<figure class=\"wp-block-image size-large\"><img decoding=\"async\" width=\"300\" height=\"221\" src=\"https:\/\/cliniccenter.co.uk\/wp-content\/uploads\/2021\/09\/cagri-sade-2-1.jpeg\" alt=\"\" class=\"wp-image-16625\"\/><\/figure>\n\n\n\n<figure class=\"wp-block-image size-large\"><img decoding=\"async\" width=\"300\" height=\"230\" src=\"https:\/\/cliniccenter.co.uk\/wp-content\/uploads\/2021\/09\/Cagri-Sade-Certificate-1.jpeg\" alt=\"\" class=\"wp-image-16631\"\/><\/figure>\n<\/figure>\n\n\n\n<div class=\"wp-block-columns is-layout-flex wp-container-core-columns-is-layout-2 wp-block-columns-is-layout-flex\">\n<div class=\"wp-block-column leftpadbox is-layout-flow wp-block-column-is-layout-flow\">\n<p>&nbsp;<strong>Experiencia<\/strong>: 18 a\u00f1os<br><strong>&nbsp;Pacientes Internacionales Tratados<\/strong>: Reino Unido, Irlanda, Australia, Estados Unidos de America, Emiratos \u00c1rabes Unidos, Arabia Saudita, Kuwait.<br>&nbsp;<strong>Ciudad<\/strong>:&nbsp;Estambul, Turqu\u00eda.<br>&nbsp;<strong>Dias que labora<\/strong>: Lunes a Sabado<br><strong>&nbsp;Contacto<\/strong>:&nbsp;+44 20 3575 1039 &amp; info@cliniccenter.co.uk<\/p>\n<\/div>\n<\/div>\n<\/div>\n<\/div>\n","protected":false},"excerpt":{"rendered":"<p>El Doctor Cagri se graduo de la Facultad de Medicina de la Universidad de Ankara en 1994 y ha completado su residencia en uno de los hospitales de mayor ense\u00f1anza e investigaci\u00f3n de Estambul, Turqu\u00eda en 2001. Habiendo realizado miles de cirug\u00edas exitosas, el Dr. Cagri gan\u00f3 una gran experiencia practicando bajo la supervisi\u00f3n de [&hellip;]<\/p>\n","protected":false},"author":2,"featured_media":0,"parent":18075,"menu_order":0,"comment_status":"closed","ping_status":"closed","template":"","meta":{"_uag_custom_page_level_css":"","_lmt_disableupdate":"no","_lmt_disable":"","site-sidebar-layout":"default","site-content-layout":"default","ast-site-content-layout":"default","site-content-style":"default","site-sidebar-style":"default","ast-global-header-display":"","ast-banner-title-visibility":"","ast-main-header-display":"","ast-hfb-above-header-display":"","ast-hfb-below-header-display":"","ast-hfb-mobile-header-display":"","site-post-title":"","ast-breadcrumbs-content":"","ast-featured-img":"","footer-sml-layout":"","theme-transparent-header-meta":"default","adv-header-id-meta":"","stick-header-meta":"","header-above-stick-meta":"","header-main-stick-meta":"","header-below-stick-meta":"","astra-migrate-meta-layouts":"set","ast-page-background-enabled":"default","ast-page-background-meta":{"desktop":{"background-color":"","background-image":"","background-repeat":"repeat","background-position":"center center","background-size":"auto","background-attachment":"scroll","background-type":"","background-media":"","overlay-type":"","overlay-color":"","overlay-opacity":"","overlay-gradient":""},"tablet":{"background-color":"","background-image":"","background-repeat":"repeat","background-position":"center center","background-size":"auto","background-attachment":"scroll","background-type":"","background-media":"","overlay-type":"","overlay-color":"","overlay-opacity":"","overlay-gradient":""},"mobile":{"background-color":"","background-image":"","background-repeat":"repeat","background-position":"center center","background-size":"auto","background-attachment":"scroll","background-type":"","background-media":"","overlay-type":"","overlay-color":"","overlay-opacity":"","overlay-gradient":""}},"ast-content-background-meta":{"desktop":{"background-color":"var(--ast-global-color-5)","background-image":"","background-repeat":"repeat","background-position":"center center","background-size":"auto","background-attachment":"scroll","background-type":"","background-media":"","overlay-type":"","overlay-color":"","overlay-opacity":"","overlay-gradient":""},"tablet":{"background-color":"var(--ast-global-color-5)","background-image":"","background-repeat":"repeat","background-position":"center center","background-size":"auto","background-attachment":"scroll","background-type":"","background-media":"","overlay-type":"","overlay-color":"","overlay-opacity":"","overlay-gradient":""},"mobile":{"background-color":"var(--ast-global-color-5)","background-image":"","background-repeat":"repeat","background-position":"center center","background-size":"auto","background-attachment":"scroll","background-type":"","background-media":"","overlay-type":"","overlay-color":"","overlay-opacity":"","overlay-gradient":""}},"footnotes":""},"class_list":["post-17376","page","type-page","status-publish","hentry"],"yoast_head":"<!-- This site is optimized with the Yoast SEO plugin v25.3.1 - https:\/\/yoast.com\/wordpress\/plugins\/seo\/ -->\n<title>Doctor Cagri | Clinic Center<\/title>\n<meta name=\"description\" content=\"Read more about Dr. Cagri at Clinic Center, with 18 years of experience in plastic surgery.\" \/>\n<meta name=\"robots\" content=\"index, follow, max-snippet:-1, max-image-preview:large, max-video-preview:-1\" \/>\n<link rel=\"canonical\" href=\"https:\/\/cliniccenter.co.uk\/es\/dr-cagri\/\" \/>\n<meta property=\"og:locale\" content=\"es_ES\" \/>\n<meta property=\"og:type\" content=\"article\" \/>\n<meta property=\"og:title\" content=\"Doctor Cagri | Clinic Center\" \/>\n<meta property=\"og:description\" content=\"Read more about Dr. Cagri at Clinic Center, with 18 years of experience in plastic surgery.\" \/>\n<meta property=\"og:url\" content=\"https:\/\/cliniccenter.co.uk\/es\/dr-cagri\/\" \/>\n<meta property=\"article:publisher\" content=\"https:\/\/www.facebook.com\/cliniccenter.co.uk\/\" \/>\n<meta property=\"article:modified_time\" content=\"2024-03-29T14:26:45+00:00\" \/>\n<meta property=\"og:image\" content=\"https:\/\/cliniccenter.co.uk\/wp-content\/uploads\/2023\/11\/cagri-sade-1-517x1024-1.webp\" \/>\n<meta name=\"twitter:card\" content=\"summary_large_image\" \/>\n<meta name=\"twitter:site\" content=\"@cliniccenteruk\" \/>\n<meta name=\"twitter:label1\" content=\"Tiempo de lectura\" \/>\n\t<meta name=\"twitter:data1\" content=\"2 minutos\" \/>\n<!-- \/ Yoast SEO plugin. -->","yoast_head_json":{"title":"Doctor Cagri | Clinic Center","description":"Read more about Dr. Cagri at Clinic Center, with 18 years of experience in plastic surgery.","robots":{"index":"index","follow":"follow","max-snippet":"max-snippet:-1","max-image-preview":"max-image-preview:large","max-video-preview":"max-video-preview:-1"},"canonical":"https:\/\/cliniccenter.co.uk\/es\/dr-cagri\/","og_locale":"es_ES","og_type":"article","og_title":"Doctor Cagri | Clinic Center","og_description":"Read more about Dr. Cagri at Clinic Center, with 18 years of experience in plastic surgery.","og_url":"https:\/\/cliniccenter.co.uk\/es\/dr-cagri\/","article_publisher":"https:\/\/www.facebook.com\/cliniccenter.co.uk\/","article_modified_time":"2024-03-29T14:26:45+00:00","og_image":[{"url":"https:\/\/cliniccenter.co.uk\/wp-content\/uploads\/2023\/11\/cagri-sade-1-517x1024-1.webp","type":"","width":"","height":""}],"twitter_card":"summary_large_image","twitter_site":"@cliniccenteruk","twitter_misc":{"Tiempo de lectura":"2 minutos"},"schema":{"@context":"https:\/\/schema.org","@graph":[{"@type":"WebPage","@id":"https:\/\/cliniccenter.co.uk\/es\/dr-cagri\/","url":"https:\/\/cliniccenter.co.uk\/es\/dr-cagri\/","name":"Doctor Cagri | Clinic Center","isPartOf":{"@id":"https:\/\/cliniccenter.co.uk\/ro\/#website"},"primaryImageOfPage":{"@id":"https:\/\/cliniccenter.co.uk\/es\/dr-cagri\/#primaryimage"},"image":{"@id":"https:\/\/cliniccenter.co.uk\/es\/dr-cagri\/#primaryimage"},"thumbnailUrl":"https:\/\/cliniccenter.co.uk\/wp-content\/uploads\/2023\/11\/cagri-sade-1-517x1024-1.webp","datePublished":"2019-01-02T13:09:42+00:00","dateModified":"2024-03-29T14:26:45+00:00","description":"Read more about Dr. Cagri at Clinic Center, with 18 years of experience in plastic surgery.","breadcrumb":{"@id":"https:\/\/cliniccenter.co.uk\/es\/dr-cagri\/#breadcrumb"},"inLanguage":"es","potentialAction":[{"@type":"ReadAction","target":["https:\/\/cliniccenter.co.uk\/es\/dr-cagri\/"]}]},{"@type":"ImageObject","inLanguage":"es","@id":"https:\/\/cliniccenter.co.uk\/es\/dr-cagri\/#primaryimage","url":"https:\/\/cliniccenter.co.uk\/wp-content\/uploads\/2023\/11\/cagri-sade-1-517x1024-1.webp","contentUrl":"https:\/\/cliniccenter.co.uk\/wp-content\/uploads\/2023\/11\/cagri-sade-1-517x1024-1.webp"},{"@type":"BreadcrumbList","@id":"https:\/\/cliniccenter.co.uk\/es\/dr-cagri\/#breadcrumb","itemListElement":[{"@type":"ListItem","position":1,"name":"Home","item":"https:\/\/cliniccenter.co.uk\/es\/"},{"@type":"ListItem","position":2,"name":"Los mejores cirujanos y m\u00e9dicos en Turqu\u00eda","item":"https:\/\/cliniccenter.co.uk\/es\/doctors\/"},{"@type":"ListItem","position":3,"name":"Doctor Cagri"}]},{"@type":"WebSite","@id":"https:\/\/cliniccenter.co.uk\/ro\/#website","url":"https:\/\/cliniccenter.co.uk\/ro\/","name":"","description":"","potentialAction":[{"@type":"SearchAction","target":{"@type":"EntryPoint","urlTemplate":"https:\/\/cliniccenter.co.uk\/ro\/?s={search_term_string}"},"query-input":{"@type":"PropertyValueSpecification","valueRequired":true,"valueName":"search_term_string"}}],"inLanguage":"es"}]}},"uagb_featured_image_src":{"full":false,"thumbnail":false,"medium":false,"medium_large":false,"large":false,"1536x1536":false,"2048x2048":false},"uagb_author_info":{"display_name":"Sertac Ceki","author_link":"https:\/\/cliniccenter.co.uk\/es\/blog\/author\/sertaccliniccenter-co-uk\/"},"uagb_comment_info":0,"uagb_excerpt":"El Doctor Cagri se graduo de la Facultad de Medicina de la Universidad de Ankara en 1994 y ha completado su residencia en uno de los hospitales de mayor ense\u00f1anza e investigaci\u00f3n de Estambul, Turqu\u00eda en 2001. Habiendo realizado miles de cirug\u00edas exitosas, el Dr. Cagri gan\u00f3 una gran experiencia practicando bajo la supervisi\u00f3n de&hellip;","_links":{"self":[{"href":"https:\/\/cliniccenter.co.uk\/es\/wp-json\/wp\/v2\/pages\/17376"}],"collection":[{"href":"https:\/\/cliniccenter.co.uk\/es\/wp-json\/wp\/v2\/pages"}],"about":[{"href":"https:\/\/cliniccenter.co.uk\/es\/wp-json\/wp\/v2\/types\/page"}],"author":[{"embeddable":true,"href":"https:\/\/cliniccenter.co.uk\/es\/wp-json\/wp\/v2\/users\/2"}],"replies":[{"embeddable":true,"href":"https:\/\/cliniccenter.co.uk\/es\/wp-json\/wp\/v2\/comments?post=17376"}],"version-history":[{"count":7,"href":"https:\/\/cliniccenter.co.uk\/es\/wp-json\/wp\/v2\/pages\/17376\/revisions"}],"predecessor-version":[{"id":51174,"href":"https:\/\/cliniccenter.co.uk\/es\/wp-json\/wp\/v2\/pages\/17376\/revisions\/51174"}],"up":[{"embeddable":true,"href":"https:\/\/cliniccenter.co.uk\/es\/wp-json\/wp\/v2\/pages\/18075"}],"wp:attachment":[{"href":"https:\/\/cliniccenter.co.uk\/es\/wp-json\/wp\/v2\/media?parent=17376"}],"curies":[{"name":"wp","href":"https:\/\/api.w.org\/{rel}","templated":true}]}}