{"id":17382,"date":"2019-09-12T15:32:49","date_gmt":"2019-09-12T15:32:49","guid":{"rendered":"https:\/\/cliniccenter.co.uk\/dr-hakan-gundogan\/"},"modified":"2024-11-12T09:47:57","modified_gmt":"2024-11-12T09:47:57","slug":"dr-hakan","status":"publish","type":"page","link":"https:\/\/cliniccenter.co.uk\/es\/dr-hakan\/","title":{"rendered":"Doctor Cirujano Hakan"},"content":{"rendered":"\n<div class=\"wp-block-columns is-layout-flex wp-container-core-columns-is-layout-3 wp-block-columns-is-layout-flex\">\n<div class=\"wp-block-column is-layout-flow wp-block-column-is-layout-flow\" style=\"flex-basis:33.33%\">\n<figure class=\"wp-block-image alignleft size-large\"><img decoding=\"async\" width=\"517\" height=\"1024\" src=\"https:\/\/cliniccenter.co.uk\/wp-content\/uploads\/2021\/08\/Hakan-Gundogan-517x1024.jpg\" alt=\"\" class=\"wp-image-12689 skip-lazy\" srcset=\"https:\/\/cliniccenter.co.uk\/wp-content\/uploads\/2021\/08\/Hakan-Gundogan-517x1024.jpg 517w, https:\/\/cliniccenter.co.uk\/wp-content\/uploads\/2021\/08\/Hakan-Gundogan-152x300.jpg 152w, https:\/\/cliniccenter.co.uk\/wp-content\/uploads\/2021\/08\/Hakan-Gundogan.jpg 548w\" sizes=\"(max-width: 517px) 100vw, 517px\" \/><\/figure>\n<\/div>\n\n\n\n<div class=\"wp-block-column is-layout-flow wp-block-column-is-layout-flow\" style=\"flex-basis:66.66%\">\n<div class=\"wp-block-columns is-layout-flex wp-container-core-columns-is-layout-1 wp-block-columns-is-layout-flex\">\n<div class=\"wp-block-column leftpadbox is-layout-flow wp-block-column-is-layout-flow\">\n<p>El Doctor Cirujano Hakan se graduo con honores de la Facultad de Medicinia de la Ege University en 1994. Fue uno de los primero 10 lugares en el Medical Specialist Exam (TUS), e inici\u00f3 su carrera como un asistente de investigaci\u00f3n de la Clinica de Cirug\u00edas Aestheticas, Pl\u00e1sticas y Reconstructivas de la Facultad de Medicina de la Ege University, la cual es una de las m\u00e1s prestigiosas clinicas en Turqu\u00eda.<\/p>\n\n\n\n<p>En el a\u00f1o 2000, el Dr. Hakan obtuvo una beca post doctorado otorgada unicamente a unos cuantos doctores especialistas aceptados. Fue aceptado en el Baylor College of Medicine en Houston, Texas, Estados Unidos de Am\u00e9rica, una de las m\u00e1s prestigiosas facultades de medicina en el mundo y complet\u00f3 su \u00faltimo a\u00f1o como asistente en el Departamento de Cirug\u00eda Aest\u00e9tica, Pl\u00e1stica y Reconstructiva.<\/p>\n\n\n\n<p>Mientras aumentaba su experiencia en Cirug\u00eda Aest\u00e9tica en los Estados Unidos, continu\u00f3 sus estudios cient\u00edficos en el campo de la Microcirug\u00eda Experimental. El estudio experimental \u201cGene Therapy in Microvascular Vein Grafts\u201d del Dr. Hakan, desarrollado dentro del alcance del Human Genome Project (Baylor College of Medicine, houston, Texas, Estados Unidos de Am\u00e9rica), fue aceptado como t\u00e9sis en el 2001 y es considerado el primer estudio publicado en este campo es nuestro pa\u00eds.<\/p>\n\n\n\n<p>En el 2002, el Dr. Hakan fue invitado al Caniomaxillofacial Surgery Fellowship en la Universidad Chang Gung en Taiwan, sede de la Clinica de Cirug\u00edas Pl\u00e1sticas m\u00e1s grande del mundo, donde solo un cirujano extranjero es admitido cada a\u00f1o, y ha realizado cirug\u00edas con tecnicas avanzadas en el campo de las cirug\u00edas de rostro y quijada por un a\u00f1o, y tambien realizando especialmente aumento de senos endoscopicamente y rejuvenecimiento facial.<\/p>\n\n\n\n<p>Despues de completar su entrenammiento en Cirug\u00eda Caniomaxilofacial en el Hospital de la Universidad Chang Gung en Taiwan al final del a\u00f1o 2003, el Dr. Hakan regreso a Turqu\u00eda y fue Becario de Cirug\u00eda Aest\u00e9tica con Onur Erol.<\/p>\n\n\n\n<p>El Dr. Hakan se convirti\u00f3 en el primer cirujano pl\u00e1stico en completar de manera exitosa los ex\u00e1menes de la Turkish Society of Aesthetic Plastic and Reconstructive Surgery, tanto de manera oral como escrita.<\/p>\n\n\n\n<p>Durante su carrera, ha participado en m\u00e1s de 100 congresos cient\u00edficos nacionales e internacionales y ha sido invitado a compartir sus experiencias en muchos de estos congresos, \u00e9l es a\u00fan invitado como conferecista y orador en varios congresos nacionales e internacionales.<\/p>\n\n\n\n<p>Con a\u00f1os de experiencia y varios logros acad\u00e9micos tanto en Turqu\u00eda como fuera de ella, sus pacientes estan muy complacidos con sus grandes habilidades de comunicaci\u00f3n y sus remarcablemente exitosos resultados en sus cirug\u00edas.<\/p>\n<\/div>\n<\/div>\n\n\n\n<h3 class=\"wp-block-heading\">Certificates<\/h3>\n\n\n\n<figure class=\"wp-block-gallery has-nested-images columns-default is-cropped wp-block-gallery-1 is-layout-flex wp-block-gallery-is-layout-flex\">\n<figure class=\"wp-block-image size-large\"><img decoding=\"async\" width=\"300\" height=\"216\" src=\"https:\/\/cliniccenter.co.uk\/wp-content\/uploads\/2021\/09\/hakan-gundogan-certificate-1-2.jpeg\" alt=\"\" class=\"wp-image-16572\"\/><\/figure>\n\n\n\n<figure class=\"wp-block-image size-large\"><img decoding=\"async\" width=\"300\" height=\"216\" src=\"https:\/\/cliniccenter.co.uk\/wp-content\/uploads\/2021\/09\/hakan-gundogan-certificate-2-1.jpeg\" alt=\"\" class=\"wp-image-16578\"\/><\/figure>\n<\/figure>\n\n\n\n<div class=\"wp-block-columns is-layout-flex wp-container-core-columns-is-layout-2 wp-block-columns-is-layout-flex\">\n<div class=\"wp-block-column leftpadbox is-layout-flow wp-block-column-is-layout-flow\">\n<p>&nbsp;<strong>Experiencia<\/strong>: 25 a\u00f1os<br><strong>&nbsp;Pacientes Internacionales Tratados<\/strong>: Reino Unido, Irlanda, Australia, Estados Unidos de Am\u00e9rica, Emiratos Arabes Unidos, Arabia Saudita, Kuwait.<br>&nbsp;<strong>Afiliaciones<\/strong>: Turkish Medical Association, Turkish Association of Plastic Reconstructive and Aesthetic Surgery, Chang Gung Craniofacial Surgery Club, Aesthetic Plastic Surgery Association<br>&nbsp;<strong>Ciudad<\/strong>:&nbsp;Estambul, Turqu\u00eda.<br>&nbsp;<strong>Dias que labora<\/strong>: Lunes a Sabado<br>&nbsp;<strong>Idiomas<\/strong>: Ingl\u00e9s y Espa\u00f1ol<br><strong>&nbsp;Contacto<\/strong>:&nbsp;+44 20 3575 1039 &amp; info@cliniccenter.co.uk<\/p>\n<\/div>\n<\/div>\n<\/div>\n<\/div>\n\n\n\n<p><\/p>\n","protected":false},"excerpt":{"rendered":"<p>El Doctor Cirujano Hakan se graduo con honores de la Facultad de Medicinia de la Ege University en 1994. Fue uno de los primero 10 lugares en el Medical Specialist Exam (TUS), e inici\u00f3 su carrera como un asistente de investigaci\u00f3n de la Clinica de Cirug\u00edas Aestheticas, Pl\u00e1sticas y Reconstructivas de la Facultad de Medicina [&hellip;]<\/p>\n","protected":false},"author":2,"featured_media":0,"parent":18075,"menu_order":0,"comment_status":"closed","ping_status":"closed","template":"","meta":{"_uag_custom_page_level_css":"","_lmt_disableupdate":"no","_lmt_disable":"","site-sidebar-layout":"default","site-content-layout":"default","ast-site-content-layout":"default","site-content-style":"default","site-sidebar-style":"default","ast-global-header-display":"","ast-banner-title-visibility":"","ast-main-header-display":"","ast-hfb-above-header-display":"","ast-hfb-below-header-display":"","ast-hfb-mobile-header-display":"","site-post-title":"","ast-breadcrumbs-content":"","ast-featured-img":"","footer-sml-layout":"","theme-transparent-header-meta":"default","adv-header-id-meta":"","stick-header-meta":"","header-above-stick-meta":"","header-main-stick-meta":"","header-below-stick-meta":"","astra-migrate-meta-layouts":"set","ast-page-background-enabled":"default","ast-page-background-meta":{"desktop":{"background-color":"","background-image":"","background-repeat":"repeat","background-position":"center center","background-size":"auto","background-attachment":"scroll","background-type":"","background-media":"","overlay-type":"","overlay-color":"","overlay-opacity":"","overlay-gradient":""},"tablet":{"background-color":"","background-image":"","background-repeat":"repeat","background-position":"center center","background-size":"auto","background-attachment":"scroll","background-type":"","background-media":"","overlay-type":"","overlay-color":"","overlay-opacity":"","overlay-gradient":""},"mobile":{"background-color":"","background-image":"","background-repeat":"repeat","background-position":"center center","background-size":"auto","background-attachment":"scroll","background-type":"","background-media":"","overlay-type":"","overlay-color":"","overlay-opacity":"","overlay-gradient":""}},"ast-content-background-meta":{"desktop":{"background-color":"var(--ast-global-color-5)","background-image":"","background-repeat":"repeat","background-position":"center center","background-size":"auto","background-attachment":"scroll","background-type":"","background-media":"","overlay-type":"","overlay-color":"","overlay-opacity":"","overlay-gradient":""},"tablet":{"background-color":"var(--ast-global-color-5)","background-image":"","background-repeat":"repeat","background-position":"center center","background-size":"auto","background-attachment":"scroll","background-type":"","background-media":"","overlay-type":"","overlay-color":"","overlay-opacity":"","overlay-gradient":""},"mobile":{"background-color":"var(--ast-global-color-5)","background-image":"","background-repeat":"repeat","background-position":"center center","background-size":"auto","background-attachment":"scroll","background-type":"","background-media":"","overlay-type":"","overlay-color":"","overlay-opacity":"","overlay-gradient":""}},"footnotes":""},"class_list":["post-17382","page","type-page","status-publish","hentry"],"yoast_head":"<!-- This site is optimized with the Yoast SEO plugin v25.3.1 - https:\/\/yoast.com\/wordpress\/plugins\/seo\/ -->\n<title>Doctor Cirujano Hakan | Clinic Center<\/title>\n<meta name=\"description\" content=\"Read more about Dr. Hakan at Clinic Center, with 25 years of experience in aesthetic and plastic surgeons.\" \/>\n<meta name=\"robots\" content=\"index, follow, max-snippet:-1, max-image-preview:large, max-video-preview:-1\" \/>\n<link rel=\"canonical\" href=\"https:\/\/cliniccenter.co.uk\/es\/dr-hakan\/\" \/>\n<meta property=\"og:locale\" content=\"es_ES\" \/>\n<meta property=\"og:type\" content=\"article\" \/>\n<meta property=\"og:title\" content=\"Doctor Cirujano Hakan | Clinic Center\" \/>\n<meta property=\"og:description\" content=\"Read more about Dr. Hakan at Clinic Center, with 25 years of experience in aesthetic and plastic surgeons.\" \/>\n<meta property=\"og:url\" content=\"https:\/\/cliniccenter.co.uk\/es\/dr-hakan\/\" \/>\n<meta property=\"article:publisher\" content=\"https:\/\/www.facebook.com\/cliniccenter.co.uk\/\" \/>\n<meta property=\"article:modified_time\" content=\"2024-11-12T09:47:57+00:00\" \/>\n<meta property=\"og:image\" content=\"https:\/\/cliniccenter.co.uk\/wp-content\/uploads\/2021\/08\/Hakan-Gundogan-517x1024.jpg\" \/>\n<meta name=\"twitter:card\" content=\"summary_large_image\" \/>\n<meta name=\"twitter:site\" content=\"@cliniccenteruk\" \/>\n<meta name=\"twitter:label1\" content=\"Tiempo de lectura\" \/>\n\t<meta name=\"twitter:data1\" content=\"3 minutos\" \/>\n<!-- \/ Yoast SEO plugin. -->","yoast_head_json":{"title":"Doctor Cirujano Hakan | Clinic Center","description":"Read more about Dr. Hakan at Clinic Center, with 25 years of experience in aesthetic and plastic surgeons.","robots":{"index":"index","follow":"follow","max-snippet":"max-snippet:-1","max-image-preview":"max-image-preview:large","max-video-preview":"max-video-preview:-1"},"canonical":"https:\/\/cliniccenter.co.uk\/es\/dr-hakan\/","og_locale":"es_ES","og_type":"article","og_title":"Doctor Cirujano Hakan | Clinic Center","og_description":"Read more about Dr. Hakan at Clinic Center, with 25 years of experience in aesthetic and plastic surgeons.","og_url":"https:\/\/cliniccenter.co.uk\/es\/dr-hakan\/","article_publisher":"https:\/\/www.facebook.com\/cliniccenter.co.uk\/","article_modified_time":"2024-11-12T09:47:57+00:00","og_image":[{"url":"https:\/\/cliniccenter.co.uk\/wp-content\/uploads\/2021\/08\/Hakan-Gundogan-517x1024.jpg","type":"","width":"","height":""}],"twitter_card":"summary_large_image","twitter_site":"@cliniccenteruk","twitter_misc":{"Tiempo de lectura":"3 minutos"},"schema":{"@context":"https:\/\/schema.org","@graph":[{"@type":"WebPage","@id":"https:\/\/cliniccenter.co.uk\/es\/dr-hakan\/","url":"https:\/\/cliniccenter.co.uk\/es\/dr-hakan\/","name":"Doctor Cirujano Hakan | Clinic Center","isPartOf":{"@id":"https:\/\/cliniccenter.co.uk\/ro\/#website"},"primaryImageOfPage":{"@id":"https:\/\/cliniccenter.co.uk\/es\/dr-hakan\/#primaryimage"},"image":{"@id":"https:\/\/cliniccenter.co.uk\/es\/dr-hakan\/#primaryimage"},"thumbnailUrl":"https:\/\/cliniccenter.co.uk\/wp-content\/uploads\/2021\/08\/Hakan-Gundogan-517x1024.jpg","datePublished":"2019-09-12T15:32:49+00:00","dateModified":"2024-11-12T09:47:57+00:00","description":"Read more about Dr. Hakan at Clinic Center, with 25 years of experience in aesthetic and plastic surgeons.","breadcrumb":{"@id":"https:\/\/cliniccenter.co.uk\/es\/dr-hakan\/#breadcrumb"},"inLanguage":"es","potentialAction":[{"@type":"ReadAction","target":["https:\/\/cliniccenter.co.uk\/es\/dr-hakan\/"]}]},{"@type":"ImageObject","inLanguage":"es","@id":"https:\/\/cliniccenter.co.uk\/es\/dr-hakan\/#primaryimage","url":"https:\/\/cliniccenter.co.uk\/wp-content\/uploads\/2021\/08\/Hakan-Gundogan-517x1024.jpg","contentUrl":"https:\/\/cliniccenter.co.uk\/wp-content\/uploads\/2021\/08\/Hakan-Gundogan-517x1024.jpg"},{"@type":"BreadcrumbList","@id":"https:\/\/cliniccenter.co.uk\/es\/dr-hakan\/#breadcrumb","itemListElement":[{"@type":"ListItem","position":1,"name":"Home","item":"https:\/\/cliniccenter.co.uk\/es\/"},{"@type":"ListItem","position":2,"name":"Los mejores cirujanos y m\u00e9dicos en Turqu\u00eda","item":"https:\/\/cliniccenter.co.uk\/es\/doctors\/"},{"@type":"ListItem","position":3,"name":"Doctor Cirujano Hakan"}]},{"@type":"WebSite","@id":"https:\/\/cliniccenter.co.uk\/ro\/#website","url":"https:\/\/cliniccenter.co.uk\/ro\/","name":"","description":"","potentialAction":[{"@type":"SearchAction","target":{"@type":"EntryPoint","urlTemplate":"https:\/\/cliniccenter.co.uk\/ro\/?s={search_term_string}"},"query-input":{"@type":"PropertyValueSpecification","valueRequired":true,"valueName":"search_term_string"}}],"inLanguage":"es"}]}},"uagb_featured_image_src":{"full":false,"thumbnail":false,"medium":false,"medium_large":false,"large":false,"1536x1536":false,"2048x2048":false},"uagb_author_info":{"display_name":"Sertac Ceki","author_link":"https:\/\/cliniccenter.co.uk\/es\/blog\/author\/sertaccliniccenter-co-uk\/"},"uagb_comment_info":0,"uagb_excerpt":"El Doctor Cirujano Hakan se graduo con honores de la Facultad de Medicinia de la Ege University en 1994. Fue uno de los primero 10 lugares en el Medical Specialist Exam (TUS), e inici\u00f3 su carrera como un asistente de investigaci\u00f3n de la Clinica de Cirug\u00edas Aestheticas, Pl\u00e1sticas y Reconstructivas de la Facultad de Medicina&hellip;","_links":{"self":[{"href":"https:\/\/cliniccenter.co.uk\/es\/wp-json\/wp\/v2\/pages\/17382"}],"collection":[{"href":"https:\/\/cliniccenter.co.uk\/es\/wp-json\/wp\/v2\/pages"}],"about":[{"href":"https:\/\/cliniccenter.co.uk\/es\/wp-json\/wp\/v2\/types\/page"}],"author":[{"embeddable":true,"href":"https:\/\/cliniccenter.co.uk\/es\/wp-json\/wp\/v2\/users\/2"}],"replies":[{"embeddable":true,"href":"https:\/\/cliniccenter.co.uk\/es\/wp-json\/wp\/v2\/comments?post=17382"}],"version-history":[{"count":4,"href":"https:\/\/cliniccenter.co.uk\/es\/wp-json\/wp\/v2\/pages\/17382\/revisions"}],"predecessor-version":[{"id":51107,"href":"https:\/\/cliniccenter.co.uk\/es\/wp-json\/wp\/v2\/pages\/17382\/revisions\/51107"}],"up":[{"embeddable":true,"href":"https:\/\/cliniccenter.co.uk\/es\/wp-json\/wp\/v2\/pages\/18075"}],"wp:attachment":[{"href":"https:\/\/cliniccenter.co.uk\/es\/wp-json\/wp\/v2\/media?parent=17382"}],"curies":[{"name":"wp","href":"https:\/\/api.w.org\/{rel}","templated":true}]}}